{"id":61375,"date":"2022-04-02T11:34:35","date_gmt":"2022-04-02T09:34:35","guid":{"rendered":"http:\/\/www.tabakversand.ch\/produkt\/bonbons-dannemann\/"},"modified":"2026-03-23T12:03:16","modified_gmt":"2026-03-23T11:03:16","slug":"dannemann-bonbons","status":"publish","type":"product","link":"https:\/\/www.tabakversand.ch\/fr\/produit\/dannemann-bonbons\/","title":{"rendered":"Bonbons Dannemann"},"content":{"rendered":"<h1>Filtre \u00e0 bonbons Dannemann<\/h1>\n<p>Un d\u00e9lice l\u00e9g\u00e8rement aromatique avec une douce saveur sucr\u00e9e.<\/p>\n<ul>\n<li>1 x 10 pi\u00e8ces<\/li>\n<\/ul>\n<p>&nbsp;<\/p>\n<p>Les filtres Dannemann Sweets offrent une exp\u00e9rience de fumage particuli\u00e8rement douce et agr\u00e9ablement sucr\u00e9e. Un tabac finement m\u00e9lang\u00e9 s&rsquo;allie \u00e0 des ar\u00f4mes subtils, pour un go\u00fbt parfaitement harmonieux et \u00e9quilibr\u00e9 \u2013 id\u00e9al pour les connaisseurs qui privil\u00e9gient une exp\u00e9rience de fumage douce et sans artifices. <\/p>\n<p>\u2728 Voici ce qui les rend sp\u00e9ciaux :<\/p>\n<p>Tabac l\u00e9g\u00e8rement aromatis\u00e9 avec une agr\u00e9able douceur<\/p>\n<p>Filtre int\u00e9gr\u00e9 pour une aspiration douce et \u00e9quilibr\u00e9e.<\/p>\n<p>Parfait pour les d\u00e9butants et les amateurs de cigarillos doux.<\/p>\n<p>Un format pratique pour en profiter rapidement en d\u00e9placement<\/p>\n<p>Les filtres Dannemann Sweets impressionnent par leur qualit\u00e9 constante et leur ar\u00f4me harmonieux, ni intrusif ni trop intense \u2013 parfait pour des moments de d\u00e9tente et de plaisir au quotidien.<\/p>\n<p>\ud83d\udca8 Conseil pour en profiter :<br \/>\n \u00c0 d\u00e9guster de pr\u00e9f\u00e9rence avec un caf\u00e9 ou une boisson l\u00e9g\u00e8re \u2013 pour une petite pause sucr\u00e9e.<\/p>\n<p>\ud83d\udcab Conclusion :<br \/>\n Un compagnon id\u00e9al pour tous ceux qui recherchent un cigarillo filtr\u00e9 doux et sucr\u00e9 \u2013 simple, agr\u00e9able et fiable en go\u00fbt.<\/p>\n<p>Chez tabakversand.ch, vos cigarillos Dannemann Sweets Filter sont conserv\u00e9s dans leur emballage d&rsquo;origine. Un stockage soign\u00e9 garantit une pr\u00e9servation optimale de leur ar\u00f4me, de leur humidit\u00e9 et de leur qualit\u00e9 jusqu&rsquo;\u00e0 l&rsquo;exp\u00e9dition. Gr\u00e2ce \u00e0 une livraison rapide en Suisse, vos cigarillos arrivent g\u00e9n\u00e9ralement tr\u00e8s vite.  <\/p>\n<p>Pour plus d&rsquo;informations sur le fabricant Dannemann, veuillez consulter la page Wikip\u00e9dia correspondante&nbsp;: <a href=\"https:\/\/de.wikipedia.org\/wiki\/Dannemann_Cigarrenfabrik\">cliquez ici<\/a> . Si vous avez des questions concernant le produit, n&rsquo;h\u00e9sitez pas \u00e0 nous contacter&nbsp;: <a href=\"https:\/\/www.tabakversand.ch\/kontakt\/\">cliquez ici<\/a> . <\/p>\n<p>Tous les prix s&rsquo;appliquent uniquement aux commandes en ligne et incluent la TVA. Sous r\u00e9serve de modifications sans pr\u00e9avis, frais de livraison en sus. Sous r\u00e9serve d&rsquo;erreurs, de modifications de contenu de livraison et de conception, de fautes d&rsquo;impression et de modifications de prix. Les prix barr\u00e9s sont des prix de remplacement. Les illustrations peuvent diff\u00e9rer de l&rsquo;original\/du contenu de livraison.<br \/>\n*Livraison gratuite pour les commandes sup\u00e9rieures \u00e0 CHF 250.-.<\/p>\n","protected":false},"excerpt":{"rendered":"<p>Filtre \u00e0 bonbons Dannemann Un d\u00e9lice l\u00e9g\u00e8rement aromatique avec une douce saveur sucr\u00e9e. 1 x 10 pi\u00e8ces &nbsp; Les filtres Dannemann Sweets offrent une exp\u00e9rience de fumage particuli\u00e8rement douce et agr\u00e9ablement sucr\u00e9e. Un tabac finement m\u00e9lang\u00e9 s&rsquo;allie \u00e0 des ar\u00f4mes subtils, pour un go\u00fbt parfaitement harmonieux et \u00e9quilibr\u00e9 \u2013 id\u00e9al pour les connaisseurs qui privil\u00e9gient [&hellip;]<\/p>\n","protected":false},"featured_media":61379,"template":"","meta":[],"product_brand":[],"product_cat":[2059,1994],"product_tag":[],"class_list":{"0":"post-61375","1":"product","2":"type-product","3":"status-publish","4":"has-post-thumbnail","6":"product_cat-cigarillos-fr","7":"product_cat-monde-du-cigare","9":"first","10":"instock","11":"purchasable","12":"product-type-simple"},"yoast_head":"<!-- This site is optimized with the Yoast SEO plugin v27.0 - https:\/\/yoast.com\/product\/yoast-seo-wordpress\/ -->\n<title>Achetez les cigarillos Dannemann Sweets Filter | Cigarillos sucr\u00e9s avec filtre<\/title>\n<meta name=\"description\" content=\"Achetez les cigarillos Dannemann Sweets Filter en ligne \u2713 Cigarillos l\u00e9g\u00e8rement aromatiques \u00e0 la douce saveur \u2713 Filtre pour une exp\u00e9rience de fumage agr\u00e9able \u2713 Parfaits pour les d\u00e9butants \u27a4 Commandez maintenant !\" \/>\n<meta name=\"robots\" content=\"index, follow, max-snippet:-1, max-image-preview:large, max-video-preview:-1\" \/>\n<link rel=\"canonical\" href=\"https:\/\/www.tabakversand.ch\/fr\/produit\/dannemann-bonbons\/\" \/>\n<meta property=\"og:locale\" content=\"fr_FR\" \/>\n<meta property=\"og:type\" content=\"article\" \/>\n<meta property=\"og:title\" content=\"Achetez les cigarillos Dannemann Sweets Filter | Cigarillos sucr\u00e9s avec filtre\" \/>\n<meta property=\"og:description\" content=\"Achetez les cigarillos Dannemann Sweets Filter en ligne \u2713 Cigarillos l\u00e9g\u00e8rement aromatiques \u00e0 la douce saveur \u2713 Filtre pour une exp\u00e9rience de fumage agr\u00e9able \u2713 Parfaits pour les d\u00e9butants \u27a4 Commandez maintenant !\" \/>\n<meta property=\"og:url\" content=\"https:\/\/www.tabakversand.ch\/fr\/produit\/dannemann-bonbons\/\" \/>\n<meta property=\"og:site_name\" content=\"Tabakversand.ch | Alles aus der Welt des Tabaks\" \/>\n<meta property=\"article:modified_time\" content=\"2026-03-23T11:03:16+00:00\" \/>\n<meta property=\"og:image\" content=\"https:\/\/www.tabakversand.ch\/wp-content\/uploads\/2022\/03\/dannemann-sweets.jpg\" \/>\n\t<meta property=\"og:image:width\" content=\"450\" \/>\n\t<meta property=\"og:image:height\" content=\"450\" \/>\n\t<meta property=\"og:image:type\" content=\"image\/jpeg\" \/>\n<meta name=\"twitter:card\" content=\"summary_large_image\" \/>\n<meta name=\"twitter:label1\" content=\"Dur\u00e9e de lecture estim\u00e9e\" \/>\n\t<meta name=\"twitter:data1\" content=\"2 minutes\" \/>\n<script type=\"application\/ld+json\" class=\"yoast-schema-graph\">{\"@context\":\"https:\/\/schema.org\",\"@graph\":[{\"@type\":\"WebPage\",\"@id\":\"https:\/\/www.tabakversand.ch\/fr\/produit\/dannemann-bonbons\/\",\"url\":\"https:\/\/www.tabakversand.ch\/fr\/produit\/dannemann-bonbons\/\",\"name\":\"Achetez les cigarillos Dannemann Sweets Filter | Cigarillos sucr\u00e9s avec filtre\",\"isPartOf\":{\"@id\":\"https:\/\/www.tabakversand.ch\/#website\"},\"primaryImageOfPage\":{\"@id\":\"https:\/\/www.tabakversand.ch\/fr\/produit\/dannemann-bonbons\/#primaryimage\"},\"image\":{\"@id\":\"https:\/\/www.tabakversand.ch\/fr\/produit\/dannemann-bonbons\/#primaryimage\"},\"thumbnailUrl\":\"https:\/\/www.tabakversand.ch\/wp-content\/uploads\/2022\/03\/dannemann-sweets.jpg\",\"datePublished\":\"2022-04-02T09:34:35+00:00\",\"dateModified\":\"2026-03-23T11:03:16+00:00\",\"description\":\"Achetez les cigarillos Dannemann Sweets Filter en ligne \u2713 Cigarillos l\u00e9g\u00e8rement aromatiques \u00e0 la douce saveur \u2713 Filtre pour une exp\u00e9rience de fumage agr\u00e9able \u2713 Parfaits pour les d\u00e9butants \u27a4 Commandez maintenant !\",\"breadcrumb\":{\"@id\":\"https:\/\/www.tabakversand.ch\/fr\/produit\/dannemann-bonbons\/#breadcrumb\"},\"inLanguage\":\"fr-FR\",\"potentialAction\":[{\"@type\":\"ReadAction\",\"target\":[\"https:\/\/www.tabakversand.ch\/fr\/produit\/dannemann-bonbons\/\"]}]},{\"@type\":\"ImageObject\",\"inLanguage\":\"fr-FR\",\"@id\":\"https:\/\/www.tabakversand.ch\/fr\/produit\/dannemann-bonbons\/#primaryimage\",\"url\":\"https:\/\/www.tabakversand.ch\/wp-content\/uploads\/2022\/03\/dannemann-sweets.jpg\",\"contentUrl\":\"https:\/\/www.tabakversand.ch\/wp-content\/uploads\/2022\/03\/dannemann-sweets.jpg\",\"width\":450,\"height\":450,\"caption\":\"Bonbons Dannemann\"},{\"@type\":\"BreadcrumbList\",\"@id\":\"https:\/\/www.tabakversand.ch\/fr\/produit\/dannemann-bonbons\/#breadcrumb\",\"itemListElement\":[{\"@type\":\"ListItem\",\"position\":1,\"name\":\"Startseite\",\"item\":\"https:\/\/www.tabakversand.ch\/\"},{\"@type\":\"ListItem\",\"position\":2,\"name\":\"Boutique\",\"item\":\"https:\/\/www.tabakversand.ch\/fr\/boutique\/\"},{\"@type\":\"ListItem\",\"position\":3,\"name\":\"Bonbons Dannemann\"}]},{\"@type\":\"WebSite\",\"@id\":\"https:\/\/www.tabakversand.ch\/#website\",\"url\":\"https:\/\/www.tabakversand.ch\/\",\"name\":\"Tabakversand.ch | Alles aus der Welt des Tabaks\",\"description\":\"Smoke and carpe diem\",\"potentialAction\":[{\"@type\":\"SearchAction\",\"target\":{\"@type\":\"EntryPoint\",\"urlTemplate\":\"https:\/\/www.tabakversand.ch\/?s={search_term_string}\"},\"query-input\":{\"@type\":\"PropertyValueSpecification\",\"valueRequired\":true,\"valueName\":\"search_term_string\"}}],\"inLanguage\":\"fr-FR\"}]}<\/script>\n<!-- \/ Yoast SEO plugin. -->","yoast_head_json":{"title":"Achetez les cigarillos Dannemann Sweets Filter | Cigarillos sucr\u00e9s avec filtre","description":"Achetez les cigarillos Dannemann Sweets Filter en ligne \u2713 Cigarillos l\u00e9g\u00e8rement aromatiques \u00e0 la douce saveur \u2713 Filtre pour une exp\u00e9rience de fumage agr\u00e9able \u2713 Parfaits pour les d\u00e9butants \u27a4 Commandez maintenant !","robots":{"index":"index","follow":"follow","max-snippet":"max-snippet:-1","max-image-preview":"max-image-preview:large","max-video-preview":"max-video-preview:-1"},"canonical":"https:\/\/www.tabakversand.ch\/fr\/produit\/dannemann-bonbons\/","og_locale":"fr_FR","og_type":"article","og_title":"Achetez les cigarillos Dannemann Sweets Filter | Cigarillos sucr\u00e9s avec filtre","og_description":"Achetez les cigarillos Dannemann Sweets Filter en ligne \u2713 Cigarillos l\u00e9g\u00e8rement aromatiques \u00e0 la douce saveur \u2713 Filtre pour une exp\u00e9rience de fumage agr\u00e9able \u2713 Parfaits pour les d\u00e9butants \u27a4 Commandez maintenant !","og_url":"https:\/\/www.tabakversand.ch\/fr\/produit\/dannemann-bonbons\/","og_site_name":"Tabakversand.ch | Alles aus der Welt des Tabaks","article_modified_time":"2026-03-23T11:03:16+00:00","og_image":[{"width":450,"height":450,"url":"https:\/\/www.tabakversand.ch\/wp-content\/uploads\/2022\/03\/dannemann-sweets.jpg","type":"image\/jpeg"}],"twitter_card":"summary_large_image","twitter_misc":{"Dur\u00e9e de lecture estim\u00e9e":"2 minutes"},"schema":{"@context":"https:\/\/schema.org","@graph":[{"@type":"WebPage","@id":"https:\/\/www.tabakversand.ch\/fr\/produit\/dannemann-bonbons\/","url":"https:\/\/www.tabakversand.ch\/fr\/produit\/dannemann-bonbons\/","name":"Achetez les cigarillos Dannemann Sweets Filter | Cigarillos sucr\u00e9s avec filtre","isPartOf":{"@id":"https:\/\/www.tabakversand.ch\/#website"},"primaryImageOfPage":{"@id":"https:\/\/www.tabakversand.ch\/fr\/produit\/dannemann-bonbons\/#primaryimage"},"image":{"@id":"https:\/\/www.tabakversand.ch\/fr\/produit\/dannemann-bonbons\/#primaryimage"},"thumbnailUrl":"https:\/\/www.tabakversand.ch\/wp-content\/uploads\/2022\/03\/dannemann-sweets.jpg","datePublished":"2022-04-02T09:34:35+00:00","dateModified":"2026-03-23T11:03:16+00:00","description":"Achetez les cigarillos Dannemann Sweets Filter en ligne \u2713 Cigarillos l\u00e9g\u00e8rement aromatiques \u00e0 la douce saveur \u2713 Filtre pour une exp\u00e9rience de fumage agr\u00e9able \u2713 Parfaits pour les d\u00e9butants \u27a4 Commandez maintenant !","breadcrumb":{"@id":"https:\/\/www.tabakversand.ch\/fr\/produit\/dannemann-bonbons\/#breadcrumb"},"inLanguage":"fr-FR","potentialAction":[{"@type":"ReadAction","target":["https:\/\/www.tabakversand.ch\/fr\/produit\/dannemann-bonbons\/"]}]},{"@type":"ImageObject","inLanguage":"fr-FR","@id":"https:\/\/www.tabakversand.ch\/fr\/produit\/dannemann-bonbons\/#primaryimage","url":"https:\/\/www.tabakversand.ch\/wp-content\/uploads\/2022\/03\/dannemann-sweets.jpg","contentUrl":"https:\/\/www.tabakversand.ch\/wp-content\/uploads\/2022\/03\/dannemann-sweets.jpg","width":450,"height":450,"caption":"Bonbons Dannemann"},{"@type":"BreadcrumbList","@id":"https:\/\/www.tabakversand.ch\/fr\/produit\/dannemann-bonbons\/#breadcrumb","itemListElement":[{"@type":"ListItem","position":1,"name":"Startseite","item":"https:\/\/www.tabakversand.ch\/"},{"@type":"ListItem","position":2,"name":"Boutique","item":"https:\/\/www.tabakversand.ch\/fr\/boutique\/"},{"@type":"ListItem","position":3,"name":"Bonbons Dannemann"}]},{"@type":"WebSite","@id":"https:\/\/www.tabakversand.ch\/#website","url":"https:\/\/www.tabakversand.ch\/","name":"Tabakversand.ch | Alles aus der Welt des Tabaks","description":"Smoke and carpe diem","potentialAction":[{"@type":"SearchAction","target":{"@type":"EntryPoint","urlTemplate":"https:\/\/www.tabakversand.ch\/?s={search_term_string}"},"query-input":{"@type":"PropertyValueSpecification","valueRequired":true,"valueName":"search_term_string"}}],"inLanguage":"fr-FR"}]}},"_links":{"self":[{"href":"https:\/\/www.tabakversand.ch\/fr\/wp-json\/wp\/v2\/product\/61375","targetHints":{"allow":["GET"]}}],"collection":[{"href":"https:\/\/www.tabakversand.ch\/fr\/wp-json\/wp\/v2\/product"}],"about":[{"href":"https:\/\/www.tabakversand.ch\/fr\/wp-json\/wp\/v2\/types\/product"}],"version-history":[{"count":2,"href":"https:\/\/www.tabakversand.ch\/fr\/wp-json\/wp\/v2\/product\/61375\/revisions"}],"predecessor-version":[{"id":215850,"href":"https:\/\/www.tabakversand.ch\/fr\/wp-json\/wp\/v2\/product\/61375\/revisions\/215850"}],"wp:featuredmedia":[{"embeddable":true,"href":"https:\/\/www.tabakversand.ch\/fr\/wp-json\/wp\/v2\/media\/61379"}],"wp:attachment":[{"href":"https:\/\/www.tabakversand.ch\/fr\/wp-json\/wp\/v2\/media?parent=61375"}],"wp:term":[{"taxonomy":"product_brand","embeddable":true,"href":"https:\/\/www.tabakversand.ch\/fr\/wp-json\/wp\/v2\/product_brand?post=61375"},{"taxonomy":"product_cat","embeddable":true,"href":"https:\/\/www.tabakversand.ch\/fr\/wp-json\/wp\/v2\/product_cat?post=61375"},{"taxonomy":"product_tag","embeddable":true,"href":"https:\/\/www.tabakversand.ch\/fr\/wp-json\/wp\/v2\/product_tag?post=61375"}],"curies":[{"name":"wp","href":"https:\/\/api.w.org\/{rel}","templated":true}]}}