{"id":61431,"date":"2022-04-02T11:34:26","date_gmt":"2022-04-02T09:34:26","guid":{"rendered":"http:\/\/www.tabakversand.ch\/produkt\/villiger-premium-no-6-miel\/"},"modified":"2026-03-04T16:55:23","modified_gmt":"2026-03-04T15:55:23","slug":"villiger-premium-no-6-miel","status":"publish","type":"product","link":"https:\/\/www.tabakversand.ch\/fr\/produit\/villiger-premium-no-6-miel\/","title":{"rendered":"Miel Villiger Premium n\u00b0 6"},"content":{"rendered":"<p>Miel Villiger Premium n\u00b0 6<\/p>\n<p data-start=\"181\" data-end=\"457\">Les cigarillos Villiger Premium No. 6 Honey allient des tabacs s\u00e9lectionn\u00e9s \u00e0 une douceur miell\u00e9e subtilement \u00e9quilibr\u00e9e pour une exp\u00e9rience de d\u00e9gustation particuli\u00e8rement harmonieuse. Doux au toucher, avec un tirage onctueux et une saveur agr\u00e9ablement ronde, ils sont parfaits pour les connaisseurs qui appr\u00e9cient une douceur d\u00e9licate. <\/p>\n<p data-start=\"459\" data-end=\"736\">D\u00e8s la premi\u00e8re bouff\u00e9e, une douce note de miel se d\u00e9ploie, soulignant avec \u00e9l\u00e9gance la saveur naturelle du tabac sans la masquer. Cet ar\u00f4me \u00e9quilibr\u00e9 garantit une exp\u00e9rience de fumage d\u00e9tendue et sans artifice, id\u00e9ale pour un moment de plaisir raffin\u00e9. <\/p>\n<ul>\n<li>1 x 10 pi\u00e8ces<\/li>\n<li>avec filtre<\/li>\n<\/ul>\n<p>Chez tabakversand.ch, vous recevez vos cigarillos Villiger Premium No. 6 au miel, fra\u00eechement conserv\u00e9s dans leur emballage d&rsquo;origine. Un stockage soign\u00e9 garantit la pr\u00e9servation optimale de leur ar\u00f4me, de leur humidit\u00e9 et de leur qualit\u00e9 jusqu&rsquo;\u00e0 l&rsquo;exp\u00e9dition. Gr\u00e2ce \u00e0 une livraison rapide en Suisse, vos cigarillos vous parviendront g\u00e9n\u00e9ralement sous peu.  <\/p>\n<p>Pour plus d&rsquo;informations sur le fabricant, Villiger S\u00f6hne Holding, veuillez consulter la page Wikip\u00e9dia correspondante&nbsp;: <a href=\"https:\/\/de.wikipedia.org\/wiki\/Villiger_S%C3%B6hne_Holding\">cliquez ici<\/a> . Si vous avez des questions concernant le produit, n&rsquo;h\u00e9sitez pas \u00e0 nous contacter&nbsp;: <a href=\"https:\/\/www.tabakversand.ch\/kontakt\/\">cliquez ici<\/a> . <\/p>\n<p>Tous les prix s&rsquo;appliquent uniquement aux commandes en ligne et incluent la TVA. Sous r\u00e9serve de modifications sans pr\u00e9avis, frais de livraison en sus. Sous r\u00e9serve d&rsquo;erreurs, de modifications de contenu de livraison et de conception, de fautes d&rsquo;impression et de modifications de prix. Les prix barr\u00e9s sont des prix de remplacement. Les illustrations peuvent diff\u00e9rer de l&rsquo;original\/du contenu de livraison.<br \/>\n*Livraison gratuite pour les commandes sup\u00e9rieures \u00e0 CHF 250.-.<\/p>\n","protected":false},"excerpt":{"rendered":"<p>Miel Villiger Premium n\u00b0 6 Les cigarillos Villiger Premium No. 6 Honey allient des tabacs s\u00e9lectionn\u00e9s \u00e0 une douceur miell\u00e9e subtilement \u00e9quilibr\u00e9e pour une exp\u00e9rience de d\u00e9gustation particuli\u00e8rement harmonieuse. Doux au toucher, avec un tirage onctueux et une saveur agr\u00e9ablement ronde, ils sont parfaits pour les connaisseurs qui appr\u00e9cient une douceur d\u00e9licate. D\u00e8s la premi\u00e8re [&hellip;]<\/p>\n","protected":false},"featured_media":61436,"template":"","meta":[],"product_brand":[1538],"product_cat":[1994,2059],"product_tag":[],"class_list":{"0":"post-61431","1":"product","2":"type-product","3":"status-publish","4":"has-post-thumbnail","6":"product_brand-villiger","7":"product_cat-monde-du-cigare","8":"product_cat-cigarillos-fr","10":"first","11":"instock","12":"purchasable","13":"product-type-simple"},"yoast_head":"<!-- This site is optimized with the Yoast SEO plugin v27.0 - https:\/\/yoast.com\/product\/yoast-seo-wordpress\/ -->\n<title>Miel Villiger Premium n\u00b0 6 - Tabakachermann.ch<\/title>\n<meta name=\"description\" content=\"Les cigarillos Villiger Premium No. Honey s\u00e9duisent par leur douceur harmonieuse et leur fum\u00e9e agr\u00e9ablement douce \u2013 id\u00e9aux pour de courts moments de plaisir.\" \/>\n<meta name=\"robots\" content=\"index, follow, max-snippet:-1, max-image-preview:large, max-video-preview:-1\" \/>\n<link rel=\"canonical\" href=\"https:\/\/www.tabakversand.ch\/fr\/produit\/villiger-premium-no-6-miel\/\" \/>\n<meta property=\"og:locale\" content=\"fr_FR\" \/>\n<meta property=\"og:type\" content=\"article\" \/>\n<meta property=\"og:title\" content=\"Miel Villiger Premium n\u00b0 6 - Tabakachermann.ch\" \/>\n<meta property=\"og:description\" content=\"Les cigarillos Villiger Premium No. Honey s\u00e9duisent par leur douceur harmonieuse et leur fum\u00e9e agr\u00e9ablement douce \u2013 id\u00e9aux pour de courts moments de plaisir.\" \/>\n<meta property=\"og:url\" content=\"https:\/\/www.tabakversand.ch\/fr\/produit\/villiger-premium-no-6-miel\/\" \/>\n<meta property=\"og:site_name\" content=\"Tabakversand.ch | Alles aus der Welt des Tabaks\" \/>\n<meta property=\"article:modified_time\" content=\"2026-03-04T15:55:23+00:00\" \/>\n<meta property=\"og:image\" content=\"https:\/\/www.tabakversand.ch\/wp-content\/uploads\/2022\/03\/villiger-premium-no6-honey.jpg\" \/>\n\t<meta property=\"og:image:width\" content=\"450\" \/>\n\t<meta property=\"og:image:height\" content=\"450\" \/>\n\t<meta property=\"og:image:type\" content=\"image\/jpeg\" \/>\n<meta name=\"twitter:card\" content=\"summary_large_image\" \/>\n<meta name=\"twitter:label1\" content=\"Dur\u00e9e de lecture estim\u00e9e\" \/>\n\t<meta name=\"twitter:data1\" content=\"1 minute\" \/>\n<script type=\"application\/ld+json\" class=\"yoast-schema-graph\">{\"@context\":\"https:\/\/schema.org\",\"@graph\":[{\"@type\":\"WebPage\",\"@id\":\"https:\/\/www.tabakversand.ch\/fr\/produit\/villiger-premium-no-6-miel\/\",\"url\":\"https:\/\/www.tabakversand.ch\/fr\/produit\/villiger-premium-no-6-miel\/\",\"name\":\"Miel Villiger Premium n\u00b0 6 - Tabakachermann.ch\",\"isPartOf\":{\"@id\":\"https:\/\/www.tabakversand.ch\/#website\"},\"primaryImageOfPage\":{\"@id\":\"https:\/\/www.tabakversand.ch\/fr\/produit\/villiger-premium-no-6-miel\/#primaryimage\"},\"image\":{\"@id\":\"https:\/\/www.tabakversand.ch\/fr\/produit\/villiger-premium-no-6-miel\/#primaryimage\"},\"thumbnailUrl\":\"https:\/\/www.tabakversand.ch\/wp-content\/uploads\/2022\/03\/villiger-premium-no6-honey.jpg\",\"datePublished\":\"2022-04-02T09:34:26+00:00\",\"dateModified\":\"2026-03-04T15:55:23+00:00\",\"description\":\"Les cigarillos Villiger Premium No. Honey s\u00e9duisent par leur douceur harmonieuse et leur fum\u00e9e agr\u00e9ablement douce \u2013 id\u00e9aux pour de courts moments de plaisir.\",\"breadcrumb\":{\"@id\":\"https:\/\/www.tabakversand.ch\/fr\/produit\/villiger-premium-no-6-miel\/#breadcrumb\"},\"inLanguage\":\"fr-FR\",\"potentialAction\":[{\"@type\":\"ReadAction\",\"target\":[\"https:\/\/www.tabakversand.ch\/fr\/produit\/villiger-premium-no-6-miel\/\"]}]},{\"@type\":\"ImageObject\",\"inLanguage\":\"fr-FR\",\"@id\":\"https:\/\/www.tabakversand.ch\/fr\/produit\/villiger-premium-no-6-miel\/#primaryimage\",\"url\":\"https:\/\/www.tabakversand.ch\/wp-content\/uploads\/2022\/03\/villiger-premium-no6-honey.jpg\",\"contentUrl\":\"https:\/\/www.tabakversand.ch\/wp-content\/uploads\/2022\/03\/villiger-premium-no6-honey.jpg\",\"width\":450,\"height\":450,\"caption\":\"Miel Villiger Premium n\u00b0 6\"},{\"@type\":\"BreadcrumbList\",\"@id\":\"https:\/\/www.tabakversand.ch\/fr\/produit\/villiger-premium-no-6-miel\/#breadcrumb\",\"itemListElement\":[{\"@type\":\"ListItem\",\"position\":1,\"name\":\"Startseite\",\"item\":\"https:\/\/www.tabakversand.ch\/\"},{\"@type\":\"ListItem\",\"position\":2,\"name\":\"Boutique\",\"item\":\"https:\/\/www.tabakversand.ch\/fr\/boutique\/\"},{\"@type\":\"ListItem\",\"position\":3,\"name\":\"Miel Villiger Premium n\u00b0 6\"}]},{\"@type\":\"WebSite\",\"@id\":\"https:\/\/www.tabakversand.ch\/#website\",\"url\":\"https:\/\/www.tabakversand.ch\/\",\"name\":\"Tabakversand.ch | Alles aus der Welt des Tabaks\",\"description\":\"Smoke and carpe diem\",\"potentialAction\":[{\"@type\":\"SearchAction\",\"target\":{\"@type\":\"EntryPoint\",\"urlTemplate\":\"https:\/\/www.tabakversand.ch\/?s={search_term_string}\"},\"query-input\":{\"@type\":\"PropertyValueSpecification\",\"valueRequired\":true,\"valueName\":\"search_term_string\"}}],\"inLanguage\":\"fr-FR\"}]}<\/script>\n<!-- \/ Yoast SEO plugin. -->","yoast_head_json":{"title":"Miel Villiger Premium n\u00b0 6 - Tabakachermann.ch","description":"Les cigarillos Villiger Premium No. Honey s\u00e9duisent par leur douceur harmonieuse et leur fum\u00e9e agr\u00e9ablement douce \u2013 id\u00e9aux pour de courts moments de plaisir.","robots":{"index":"index","follow":"follow","max-snippet":"max-snippet:-1","max-image-preview":"max-image-preview:large","max-video-preview":"max-video-preview:-1"},"canonical":"https:\/\/www.tabakversand.ch\/fr\/produit\/villiger-premium-no-6-miel\/","og_locale":"fr_FR","og_type":"article","og_title":"Miel Villiger Premium n\u00b0 6 - Tabakachermann.ch","og_description":"Les cigarillos Villiger Premium No. Honey s\u00e9duisent par leur douceur harmonieuse et leur fum\u00e9e agr\u00e9ablement douce \u2013 id\u00e9aux pour de courts moments de plaisir.","og_url":"https:\/\/www.tabakversand.ch\/fr\/produit\/villiger-premium-no-6-miel\/","og_site_name":"Tabakversand.ch | Alles aus der Welt des Tabaks","article_modified_time":"2026-03-04T15:55:23+00:00","og_image":[{"width":450,"height":450,"url":"https:\/\/www.tabakversand.ch\/wp-content\/uploads\/2022\/03\/villiger-premium-no6-honey.jpg","type":"image\/jpeg"}],"twitter_card":"summary_large_image","twitter_misc":{"Dur\u00e9e de lecture estim\u00e9e":"1 minute"},"schema":{"@context":"https:\/\/schema.org","@graph":[{"@type":"WebPage","@id":"https:\/\/www.tabakversand.ch\/fr\/produit\/villiger-premium-no-6-miel\/","url":"https:\/\/www.tabakversand.ch\/fr\/produit\/villiger-premium-no-6-miel\/","name":"Miel Villiger Premium n\u00b0 6 - Tabakachermann.ch","isPartOf":{"@id":"https:\/\/www.tabakversand.ch\/#website"},"primaryImageOfPage":{"@id":"https:\/\/www.tabakversand.ch\/fr\/produit\/villiger-premium-no-6-miel\/#primaryimage"},"image":{"@id":"https:\/\/www.tabakversand.ch\/fr\/produit\/villiger-premium-no-6-miel\/#primaryimage"},"thumbnailUrl":"https:\/\/www.tabakversand.ch\/wp-content\/uploads\/2022\/03\/villiger-premium-no6-honey.jpg","datePublished":"2022-04-02T09:34:26+00:00","dateModified":"2026-03-04T15:55:23+00:00","description":"Les cigarillos Villiger Premium No. Honey s\u00e9duisent par leur douceur harmonieuse et leur fum\u00e9e agr\u00e9ablement douce \u2013 id\u00e9aux pour de courts moments de plaisir.","breadcrumb":{"@id":"https:\/\/www.tabakversand.ch\/fr\/produit\/villiger-premium-no-6-miel\/#breadcrumb"},"inLanguage":"fr-FR","potentialAction":[{"@type":"ReadAction","target":["https:\/\/www.tabakversand.ch\/fr\/produit\/villiger-premium-no-6-miel\/"]}]},{"@type":"ImageObject","inLanguage":"fr-FR","@id":"https:\/\/www.tabakversand.ch\/fr\/produit\/villiger-premium-no-6-miel\/#primaryimage","url":"https:\/\/www.tabakversand.ch\/wp-content\/uploads\/2022\/03\/villiger-premium-no6-honey.jpg","contentUrl":"https:\/\/www.tabakversand.ch\/wp-content\/uploads\/2022\/03\/villiger-premium-no6-honey.jpg","width":450,"height":450,"caption":"Miel Villiger Premium n\u00b0 6"},{"@type":"BreadcrumbList","@id":"https:\/\/www.tabakversand.ch\/fr\/produit\/villiger-premium-no-6-miel\/#breadcrumb","itemListElement":[{"@type":"ListItem","position":1,"name":"Startseite","item":"https:\/\/www.tabakversand.ch\/"},{"@type":"ListItem","position":2,"name":"Boutique","item":"https:\/\/www.tabakversand.ch\/fr\/boutique\/"},{"@type":"ListItem","position":3,"name":"Miel Villiger Premium n\u00b0 6"}]},{"@type":"WebSite","@id":"https:\/\/www.tabakversand.ch\/#website","url":"https:\/\/www.tabakversand.ch\/","name":"Tabakversand.ch | Alles aus der Welt des Tabaks","description":"Smoke and carpe diem","potentialAction":[{"@type":"SearchAction","target":{"@type":"EntryPoint","urlTemplate":"https:\/\/www.tabakversand.ch\/?s={search_term_string}"},"query-input":{"@type":"PropertyValueSpecification","valueRequired":true,"valueName":"search_term_string"}}],"inLanguage":"fr-FR"}]}},"_links":{"self":[{"href":"https:\/\/www.tabakversand.ch\/fr\/wp-json\/wp\/v2\/product\/61431","targetHints":{"allow":["GET"]}}],"collection":[{"href":"https:\/\/www.tabakversand.ch\/fr\/wp-json\/wp\/v2\/product"}],"about":[{"href":"https:\/\/www.tabakversand.ch\/fr\/wp-json\/wp\/v2\/types\/product"}],"version-history":[{"count":2,"href":"https:\/\/www.tabakversand.ch\/fr\/wp-json\/wp\/v2\/product\/61431\/revisions"}],"predecessor-version":[{"id":214094,"href":"https:\/\/www.tabakversand.ch\/fr\/wp-json\/wp\/v2\/product\/61431\/revisions\/214094"}],"wp:featuredmedia":[{"embeddable":true,"href":"https:\/\/www.tabakversand.ch\/fr\/wp-json\/wp\/v2\/media\/61436"}],"wp:attachment":[{"href":"https:\/\/www.tabakversand.ch\/fr\/wp-json\/wp\/v2\/media?parent=61431"}],"wp:term":[{"taxonomy":"product_brand","embeddable":true,"href":"https:\/\/www.tabakversand.ch\/fr\/wp-json\/wp\/v2\/product_brand?post=61431"},{"taxonomy":"product_cat","embeddable":true,"href":"https:\/\/www.tabakversand.ch\/fr\/wp-json\/wp\/v2\/product_cat?post=61431"},{"taxonomy":"product_tag","embeddable":true,"href":"https:\/\/www.tabakversand.ch\/fr\/wp-json\/wp\/v2\/product_tag?post=61431"}],"curies":[{"name":"wp","href":"https:\/\/api.w.org\/{rel}","templated":true}]}}