{"id":61442,"date":"2022-04-02T11:34:26","date_gmt":"2022-04-02T09:34:26","guid":{"rendered":"http:\/\/www.tabakversand.ch\/produkt\/villiger-original-krumme-6-pcs\/"},"modified":"2026-03-24T11:32:09","modified_gmt":"2026-03-24T10:32:09","slug":"villiger-original-crooked-6-pcs","status":"publish","type":"product","link":"https:\/\/www.tabakversand.ch\/fr\/produit\/villiger-original-crooked-6-pcs\/","title":{"rendered":"Villiger Original Krumme"},"content":{"rendered":"<h1>Villiger Original Krumme<\/h1>\n<p>T\u00eates de cigares fabriqu\u00e9es \u00e0 la machine \u2013 Un savoir-faire unique en mati\u00e8re de fabrication de cigares, offrant un ar\u00f4me intense.<\/p>\n<ul>\n<li>1 x 6 pi\u00e8ces.<\/li>\n<\/ul>\n<p>&nbsp;<\/p>\n<p>Les cigares Villiger Original Krumme Stumpen incarnent \u00e0 merveille l&rsquo;art traditionnel de la fabrication des cigares. Tress\u00e9s \u00e0 la main \u00e0 partir de trois cigares encore humides, ils arborent une forme \u00ab&nbsp;tordue&nbsp;\u00bb caract\u00e9ristique, qui impressionne non seulement par son esth\u00e9tique, mais aussi par l&rsquo;exp\u00e9rience de d\u00e9gustation qu&rsquo;elle offre. <\/p>\n<p>Sa forme incurv\u00e9e rafra\u00eechit l&rsquo;air \u00e0 l&rsquo;inhalation, permettant ainsi \u00e0 l&rsquo;ar\u00f4me du tabac de se d\u00e9velopper avec une intensit\u00e9 particuli\u00e8re et un \u00e9quilibre parfait. Il en r\u00e9sulte une saveur riche et distinctive, d&rsquo;une harmonie agr\u00e9able. <\/p>\n<p>Tress\u00e9s selon les m\u00e9thodes cubaines traditionnelles, ces m\u00e9gots de cigares t\u00e9moignent d&rsquo;un v\u00e9ritable savoir-faire et d&rsquo;ann\u00e9es d&rsquo;exp\u00e9rience \u2013 un classique pour les connaisseurs avertis.<\/p>\n<p>\u2728 Voici ce qui les rend sp\u00e9ciaux :<\/p>\n<p>Tress\u00e9e \u00e0 la main \u00e0 partir de trois cigares \u2013 forme et tradition uniques<\/p>\n<p>La fum\u00e9e est refroidie par la courbure, ce qui intensifie les ar\u00f4mes.<\/p>\n<p>Saveur riche et \u00e9quilibr\u00e9e<\/p>\n<p>Fabrication de haute qualit\u00e9 pour une combustion uniforme.<\/p>\n<p>Compar\u00e9 \u00e0 la version Junior, le Krumme Original offre une exp\u00e9rience de fumage plus longue et plus intense \u2013 id\u00e9ale pour ceux qui prennent consciemment le temps d&rsquo;appr\u00e9cier.<\/p>\n<p>\ud83d\udccf Sp\u00e9cifications :<\/p>\n<p>Longueur : 188 mm<\/p>\n<p>Diam\u00e8tre : 9,6 mm<\/p>\n<p>Dur\u00e9e de fumage : environ 25 minutes<\/p>\n<p>Origine : Suisse<\/p>\n<p>\ud83d\udca8 Conseil pour en profiter :<br \/>\n Parfait pour de longs moments de d\u00e9tente et de plaisir \u2013 savourez-le pur pour appr\u00e9cier pleinement l&rsquo;ar\u00f4me de ce cigare exceptionnel.<\/p>\n<p>\ud83d\udcab Conclusion :<br \/>\n Les Villiger Original Krumme Stumpen sont bien plus que de simples cigares : ils incarnent un savoir-faire traditionnel, avec un go\u00fbt et un caract\u00e8re uniques.<\/p>\n<p>Chez tabakversand.ch, vos cigares Villiger Original Krumme vous sont livr\u00e9s dans leur emballage d&rsquo;origine, soigneusement conserv\u00e9s. Un stockage rigoureux garantit une pr\u00e9servation optimale de leur ar\u00f4me, de leur humidit\u00e9 et de leur qualit\u00e9 jusqu&rsquo;\u00e0 l&rsquo;exp\u00e9dition. Gr\u00e2ce \u00e0 une livraison rapide en Suisse, vos cigares vous parviennent g\u00e9n\u00e9ralement tr\u00e8s rapidement.  <\/p>\n<p>Pour plus d&rsquo;informations sur le fabricant, Villiger S\u00f6hne Holding, veuillez consulter la page Wikip\u00e9dia correspondante&nbsp;: <a href=\"https:\/\/de.wikipedia.org\/wiki\/Villiger_S%C3%B6hne_Holding\">cliquez ici<\/a> . Si vous avez des questions concernant le produit, n&rsquo;h\u00e9sitez pas \u00e0 nous contacter&nbsp;: <a href=\"https:\/\/www.tabakversand.ch\/kontakt\/\">cliquez ici<\/a> . <\/p>\n<p>Tous les prix s&rsquo;appliquent uniquement aux commandes en ligne et incluent la TVA. Sous r\u00e9serve de modifications sans pr\u00e9avis, frais de livraison en sus. Sous r\u00e9serve d&rsquo;erreurs, de modifications de contenu de livraison et de conception, de fautes d&rsquo;impression et de modifications de prix. Les prix barr\u00e9s sont des prix de remplacement. Les illustrations peuvent diff\u00e9rer de l&rsquo;original\/du contenu de livraison.<br \/>\n*Livraison gratuite pour les commandes sup\u00e9rieures \u00e0 CHF 250.-.<\/p>\n","protected":false},"excerpt":{"rendered":"<p>Villiger Original Krumme T\u00eates de cigares fabriqu\u00e9es \u00e0 la machine \u2013 Un savoir-faire unique en mati\u00e8re de fabrication de cigares, offrant un ar\u00f4me intense. 1 x 6 pi\u00e8ces. &nbsp; Les cigares Villiger Original Krumme Stumpen incarnent \u00e0 merveille l&rsquo;art traditionnel de la fabrication des cigares. Tress\u00e9s \u00e0 la main \u00e0 partir de trois cigares encore [&hellip;]<\/p>\n","protected":false},"featured_media":61448,"template":"","meta":[],"product_brand":[1538],"product_cat":[1994,2190],"product_tag":[],"class_list":{"0":"post-61442","1":"product","2":"type-product","3":"status-publish","4":"has-post-thumbnail","6":"product_brand-villiger","7":"product_cat-monde-du-cigare","8":"product_cat-souches-de-cigares-de-tete","10":"first","11":"instock","12":"purchasable","13":"product-type-simple"},"yoast_head":"<!-- This site is optimized with the Yoast SEO plugin v27.0 - https:\/\/yoast.com\/product\/yoast-seo-wordpress\/ -->\n<title>Achetez Villiger Original Krummen \u2013 un classique du cigare suisse<\/title>\n<meta name=\"description\" content=\"D\u00e9couvrez Villiger Original Krummen, les c\u00e9l\u00e8bres cigares suisses au parfum doux et \u00e9pic\u00e9. Commandez en ligne d\u00e8s maintenant et savourez-les !\" \/>\n<meta name=\"robots\" content=\"index, follow, max-snippet:-1, max-image-preview:large, max-video-preview:-1\" \/>\n<link rel=\"canonical\" href=\"https:\/\/www.tabakversand.ch\/fr\/produit\/villiger-original-crooked-6-pcs\/\" \/>\n<meta property=\"og:locale\" content=\"fr_FR\" \/>\n<meta property=\"og:type\" content=\"article\" \/>\n<meta property=\"og:title\" content=\"Achetez Villiger Original Krummen \u2013 un classique du cigare suisse\" \/>\n<meta property=\"og:description\" content=\"D\u00e9couvrez Villiger Original Krummen, les c\u00e9l\u00e8bres cigares suisses au parfum doux et \u00e9pic\u00e9. Commandez en ligne d\u00e8s maintenant et savourez-les !\" \/>\n<meta property=\"og:url\" content=\"https:\/\/www.tabakversand.ch\/fr\/produit\/villiger-original-crooked-6-pcs\/\" \/>\n<meta property=\"og:site_name\" content=\"Tabakversand.ch | Alles aus der Welt des Tabaks\" \/>\n<meta property=\"article:modified_time\" content=\"2026-03-24T10:32:09+00:00\" \/>\n<meta property=\"og:image\" content=\"https:\/\/www.tabakversand.ch\/wp-content\/uploads\/2022\/03\/villiger-original-krumme-6.jpg\" \/>\n\t<meta property=\"og:image:width\" content=\"450\" \/>\n\t<meta property=\"og:image:height\" content=\"450\" \/>\n\t<meta property=\"og:image:type\" content=\"image\/jpeg\" \/>\n<meta name=\"twitter:card\" content=\"summary_large_image\" \/>\n<meta name=\"twitter:label1\" content=\"Dur\u00e9e de lecture estim\u00e9e\" \/>\n\t<meta name=\"twitter:data1\" content=\"2 minutes\" \/>\n<script type=\"application\/ld+json\" class=\"yoast-schema-graph\">{\"@context\":\"https:\/\/schema.org\",\"@graph\":[{\"@type\":\"WebPage\",\"@id\":\"https:\/\/www.tabakversand.ch\/fr\/produit\/villiger-original-crooked-6-pcs\/\",\"url\":\"https:\/\/www.tabakversand.ch\/fr\/produit\/villiger-original-crooked-6-pcs\/\",\"name\":\"Achetez Villiger Original Krummen \u2013 un classique du cigare suisse\",\"isPartOf\":{\"@id\":\"https:\/\/www.tabakversand.ch\/#website\"},\"primaryImageOfPage\":{\"@id\":\"https:\/\/www.tabakversand.ch\/fr\/produit\/villiger-original-crooked-6-pcs\/#primaryimage\"},\"image\":{\"@id\":\"https:\/\/www.tabakversand.ch\/fr\/produit\/villiger-original-crooked-6-pcs\/#primaryimage\"},\"thumbnailUrl\":\"https:\/\/www.tabakversand.ch\/wp-content\/uploads\/2022\/03\/villiger-original-krumme-6.jpg\",\"datePublished\":\"2022-04-02T09:34:26+00:00\",\"dateModified\":\"2026-03-24T10:32:09+00:00\",\"description\":\"D\u00e9couvrez Villiger Original Krummen, les c\u00e9l\u00e8bres cigares suisses au parfum doux et \u00e9pic\u00e9. Commandez en ligne d\u00e8s maintenant et savourez-les !\",\"breadcrumb\":{\"@id\":\"https:\/\/www.tabakversand.ch\/fr\/produit\/villiger-original-crooked-6-pcs\/#breadcrumb\"},\"inLanguage\":\"fr-FR\",\"potentialAction\":[{\"@type\":\"ReadAction\",\"target\":[\"https:\/\/www.tabakversand.ch\/fr\/produit\/villiger-original-crooked-6-pcs\/\"]}]},{\"@type\":\"ImageObject\",\"inLanguage\":\"fr-FR\",\"@id\":\"https:\/\/www.tabakversand.ch\/fr\/produit\/villiger-original-crooked-6-pcs\/#primaryimage\",\"url\":\"https:\/\/www.tabakversand.ch\/wp-content\/uploads\/2022\/03\/villiger-original-krumme-6.jpg\",\"contentUrl\":\"https:\/\/www.tabakversand.ch\/wp-content\/uploads\/2022\/03\/villiger-original-krumme-6.jpg\",\"width\":450,\"height\":450,\"caption\":\"Villiger Original Krumme 6 pcs.\"},{\"@type\":\"BreadcrumbList\",\"@id\":\"https:\/\/www.tabakversand.ch\/fr\/produit\/villiger-original-crooked-6-pcs\/#breadcrumb\",\"itemListElement\":[{\"@type\":\"ListItem\",\"position\":1,\"name\":\"Startseite\",\"item\":\"https:\/\/www.tabakversand.ch\/\"},{\"@type\":\"ListItem\",\"position\":2,\"name\":\"Boutique\",\"item\":\"https:\/\/www.tabakversand.ch\/fr\/boutique\/\"},{\"@type\":\"ListItem\",\"position\":3,\"name\":\"Villiger Original Krumme\"}]},{\"@type\":\"WebSite\",\"@id\":\"https:\/\/www.tabakversand.ch\/#website\",\"url\":\"https:\/\/www.tabakversand.ch\/\",\"name\":\"Tabakversand.ch | Alles aus der Welt des Tabaks\",\"description\":\"Smoke and carpe diem\",\"potentialAction\":[{\"@type\":\"SearchAction\",\"target\":{\"@type\":\"EntryPoint\",\"urlTemplate\":\"https:\/\/www.tabakversand.ch\/?s={search_term_string}\"},\"query-input\":{\"@type\":\"PropertyValueSpecification\",\"valueRequired\":true,\"valueName\":\"search_term_string\"}}],\"inLanguage\":\"fr-FR\"}]}<\/script>\n<!-- \/ Yoast SEO plugin. -->","yoast_head_json":{"title":"Achetez Villiger Original Krummen \u2013 un classique du cigare suisse","description":"D\u00e9couvrez Villiger Original Krummen, les c\u00e9l\u00e8bres cigares suisses au parfum doux et \u00e9pic\u00e9. Commandez en ligne d\u00e8s maintenant et savourez-les !","robots":{"index":"index","follow":"follow","max-snippet":"max-snippet:-1","max-image-preview":"max-image-preview:large","max-video-preview":"max-video-preview:-1"},"canonical":"https:\/\/www.tabakversand.ch\/fr\/produit\/villiger-original-crooked-6-pcs\/","og_locale":"fr_FR","og_type":"article","og_title":"Achetez Villiger Original Krummen \u2013 un classique du cigare suisse","og_description":"D\u00e9couvrez Villiger Original Krummen, les c\u00e9l\u00e8bres cigares suisses au parfum doux et \u00e9pic\u00e9. Commandez en ligne d\u00e8s maintenant et savourez-les !","og_url":"https:\/\/www.tabakversand.ch\/fr\/produit\/villiger-original-crooked-6-pcs\/","og_site_name":"Tabakversand.ch | Alles aus der Welt des Tabaks","article_modified_time":"2026-03-24T10:32:09+00:00","og_image":[{"width":450,"height":450,"url":"https:\/\/www.tabakversand.ch\/wp-content\/uploads\/2022\/03\/villiger-original-krumme-6.jpg","type":"image\/jpeg"}],"twitter_card":"summary_large_image","twitter_misc":{"Dur\u00e9e de lecture estim\u00e9e":"2 minutes"},"schema":{"@context":"https:\/\/schema.org","@graph":[{"@type":"WebPage","@id":"https:\/\/www.tabakversand.ch\/fr\/produit\/villiger-original-crooked-6-pcs\/","url":"https:\/\/www.tabakversand.ch\/fr\/produit\/villiger-original-crooked-6-pcs\/","name":"Achetez Villiger Original Krummen \u2013 un classique du cigare suisse","isPartOf":{"@id":"https:\/\/www.tabakversand.ch\/#website"},"primaryImageOfPage":{"@id":"https:\/\/www.tabakversand.ch\/fr\/produit\/villiger-original-crooked-6-pcs\/#primaryimage"},"image":{"@id":"https:\/\/www.tabakversand.ch\/fr\/produit\/villiger-original-crooked-6-pcs\/#primaryimage"},"thumbnailUrl":"https:\/\/www.tabakversand.ch\/wp-content\/uploads\/2022\/03\/villiger-original-krumme-6.jpg","datePublished":"2022-04-02T09:34:26+00:00","dateModified":"2026-03-24T10:32:09+00:00","description":"D\u00e9couvrez Villiger Original Krummen, les c\u00e9l\u00e8bres cigares suisses au parfum doux et \u00e9pic\u00e9. Commandez en ligne d\u00e8s maintenant et savourez-les !","breadcrumb":{"@id":"https:\/\/www.tabakversand.ch\/fr\/produit\/villiger-original-crooked-6-pcs\/#breadcrumb"},"inLanguage":"fr-FR","potentialAction":[{"@type":"ReadAction","target":["https:\/\/www.tabakversand.ch\/fr\/produit\/villiger-original-crooked-6-pcs\/"]}]},{"@type":"ImageObject","inLanguage":"fr-FR","@id":"https:\/\/www.tabakversand.ch\/fr\/produit\/villiger-original-crooked-6-pcs\/#primaryimage","url":"https:\/\/www.tabakversand.ch\/wp-content\/uploads\/2022\/03\/villiger-original-krumme-6.jpg","contentUrl":"https:\/\/www.tabakversand.ch\/wp-content\/uploads\/2022\/03\/villiger-original-krumme-6.jpg","width":450,"height":450,"caption":"Villiger Original Krumme 6 pcs."},{"@type":"BreadcrumbList","@id":"https:\/\/www.tabakversand.ch\/fr\/produit\/villiger-original-crooked-6-pcs\/#breadcrumb","itemListElement":[{"@type":"ListItem","position":1,"name":"Startseite","item":"https:\/\/www.tabakversand.ch\/"},{"@type":"ListItem","position":2,"name":"Boutique","item":"https:\/\/www.tabakversand.ch\/fr\/boutique\/"},{"@type":"ListItem","position":3,"name":"Villiger Original Krumme"}]},{"@type":"WebSite","@id":"https:\/\/www.tabakversand.ch\/#website","url":"https:\/\/www.tabakversand.ch\/","name":"Tabakversand.ch | Alles aus der Welt des Tabaks","description":"Smoke and carpe diem","potentialAction":[{"@type":"SearchAction","target":{"@type":"EntryPoint","urlTemplate":"https:\/\/www.tabakversand.ch\/?s={search_term_string}"},"query-input":{"@type":"PropertyValueSpecification","valueRequired":true,"valueName":"search_term_string"}}],"inLanguage":"fr-FR"}]}},"_links":{"self":[{"href":"https:\/\/www.tabakversand.ch\/fr\/wp-json\/wp\/v2\/product\/61442","targetHints":{"allow":["GET"]}}],"collection":[{"href":"https:\/\/www.tabakversand.ch\/fr\/wp-json\/wp\/v2\/product"}],"about":[{"href":"https:\/\/www.tabakversand.ch\/fr\/wp-json\/wp\/v2\/types\/product"}],"version-history":[{"count":3,"href":"https:\/\/www.tabakversand.ch\/fr\/wp-json\/wp\/v2\/product\/61442\/revisions"}],"predecessor-version":[{"id":215906,"href":"https:\/\/www.tabakversand.ch\/fr\/wp-json\/wp\/v2\/product\/61442\/revisions\/215906"}],"wp:featuredmedia":[{"embeddable":true,"href":"https:\/\/www.tabakversand.ch\/fr\/wp-json\/wp\/v2\/media\/61448"}],"wp:attachment":[{"href":"https:\/\/www.tabakversand.ch\/fr\/wp-json\/wp\/v2\/media?parent=61442"}],"wp:term":[{"taxonomy":"product_brand","embeddable":true,"href":"https:\/\/www.tabakversand.ch\/fr\/wp-json\/wp\/v2\/product_brand?post=61442"},{"taxonomy":"product_cat","embeddable":true,"href":"https:\/\/www.tabakversand.ch\/fr\/wp-json\/wp\/v2\/product_cat?post=61442"},{"taxonomy":"product_tag","embeddable":true,"href":"https:\/\/www.tabakversand.ch\/fr\/wp-json\/wp\/v2\/product_tag?post=61442"}],"curies":[{"name":"wp","href":"https:\/\/api.w.org\/{rel}","templated":true}]}}