{"id":61452,"date":"2022-04-02T11:34:26","date_gmt":"2022-04-02T09:34:26","guid":{"rendered":"http:\/\/www.tabakversand.ch\/produkt\/villiger-original-krumme-junior\/"},"modified":"2026-03-23T15:58:46","modified_gmt":"2026-03-23T14:58:46","slug":"villiger-original-crooked-junior","status":"publish","type":"product","link":"https:\/\/www.tabakversand.ch\/fr\/produit\/villiger-original-crooked-junior\/","title":{"rendered":"Villiger Original Krumme Junior"},"content":{"rendered":"<h1>Villiger Original Krumme Junior<\/h1>\n<p>Cigares\/souches fabriqu\u00e9s \u00e0 la machine \u2013 tress\u00e9s traditionnellement, au go\u00fbt doux<\/p>\n<p>1 x 6 pi\u00e8ces.<\/p>\n<p>Les Villiger Original Krumme Junior Stumpen sont un v\u00e9ritable chef-d&rsquo;\u0153uvre de l&rsquo;art du cigare : tress\u00e9s \u00e0 la main \u00e0 partir de trois cigares encore humides, ils cr\u00e9ent une forme \u00ab tordue \u00bb caract\u00e9ristique, qui est non seulement unique visuellement, mais assure \u00e9galement une exp\u00e9rience de fumage sp\u00e9ciale.<\/p>\n<p>Les lignes incurv\u00e9es refroidissent l&rsquo;air qui traverse le tabac pendant la combustion, permettant ainsi \u00e0 son ar\u00f4me de se d\u00e9velopper de mani\u00e8re particuli\u00e8rement douce et \u00e9quilibr\u00e9e. Le r\u00e9sultat&nbsp;: une saveur agr\u00e9ablement douce et harmonieuse, pleine de caract\u00e8re. <\/p>\n<p>Dans sa version junior, ce cigare traditionnel s\u00e9duit par sa forme l\u00e9g\u00e8rement plus fine et plus courte. Il est ainsi id\u00e9al pour tous ceux qui souhaitent savourer le plaisir typique de Krumme dans un format plus compact et plus l\u00e9ger. <\/p>\n<p>\u2728 Voici ce qui les rend sp\u00e9ciaux :<\/p>\n<p>Tress\u00e9e \u00e0 la main \u00e0 partir de trois cigares \u2013 un v\u00e9ritable savoir-faire artisanal<\/p>\n<p>Forme unique pour une fum\u00e9e plus fra\u00eeche et des saveurs plus intenses.<\/p>\n<p>Profil aromatique doux et harmonieux<\/p>\n<p>Un format junior plus compact pour des moments de plaisir plus courts.<\/p>\n<p>\ud83d\udccf Sp\u00e9cifications :<\/p>\n<p>Longueur : 142 mm<\/p>\n<p>Diam\u00e8tre : 9 mm<\/p>\n<p>Temps de fumage: env. 20 minutes<\/p>\n<p>Origine : Suisse<\/p>\n<p>\ud83d\udca8 Conseil pour en profiter :<br \/>\n Id\u00e9al pour une pause d\u00e9tente \u2013 \u00e0 d\u00e9guster pur pour appr\u00e9cier pleinement son ar\u00f4me d\u00e9licat.<\/p>\n<p>\ud83d\udcab Conclusion :<br \/>\n Les cigares Villiger Original Krumme Junior Stumpen allient un savoir-faire traditionnel \u00e0 un go\u00fbt doux et \u00e9quilibr\u00e9 \u2013 parfaits pour les connaisseurs \u00e0 la recherche de quelque chose de sp\u00e9cial.<\/p>\n<p>Chez tabakversand.ch, vos cigares Villiger Original Krumme Junior vous sont livr\u00e9s dans des conditions optimales de conservation et dans leur emballage d&rsquo;origine. Ce stockage soign\u00e9 garantit une pr\u00e9servation parfaite de leur ar\u00f4me, de leur humidit\u00e9 et de leur qualit\u00e9 jusqu&rsquo;\u00e0 l&rsquo;exp\u00e9dition. Gr\u00e2ce \u00e0 une livraison rapide en Suisse, vos cigares vous parviennent g\u00e9n\u00e9ralement tr\u00e8s rapidement.  <\/p>\n<p>Pour plus d&rsquo;informations sur le fabricant, Villiger S\u00f6hne Holding, veuillez consulter la page Wikip\u00e9dia correspondante&nbsp;: <a href=\"https:\/\/de.wikipedia.org\/wiki\/Villiger_S%C3%B6hne_Holding\">cliquez ici<\/a> . Si vous avez des questions concernant le produit, n&rsquo;h\u00e9sitez pas \u00e0 nous contacter&nbsp;: <a href=\"https:\/\/www.tabakversand.ch\/kontakt\/\">cliquez ici<\/a> . <\/p>\n<p>Tous les prix s&rsquo;appliquent uniquement aux commandes en ligne et incluent la TVA. Sous r\u00e9serve de modifications sans pr\u00e9avis, frais de livraison en sus. Sous r\u00e9serve d&rsquo;erreurs, de modifications de contenu de livraison et de conception, de fautes d&rsquo;impression et de modifications de prix. Les prix barr\u00e9s sont des prix de remplacement. Les illustrations peuvent diff\u00e9rer de l&rsquo;original\/du contenu de livraison.<br \/>\n*Livraison gratuite pour les commandes sup\u00e9rieures \u00e0 CHF 250.-.<\/p>\n","protected":false},"excerpt":{"rendered":"<p>Villiger Original Krumme Junior Cigares\/souches fabriqu\u00e9s \u00e0 la machine \u2013 tress\u00e9s traditionnellement, au go\u00fbt doux 1 x 6 pi\u00e8ces. Les Villiger Original Krumme Junior Stumpen sont un v\u00e9ritable chef-d&rsquo;\u0153uvre de l&rsquo;art du cigare : tress\u00e9s \u00e0 la main \u00e0 partir de trois cigares encore humides, ils cr\u00e9ent une forme \u00ab tordue \u00bb caract\u00e9ristique, qui est [&hellip;]<\/p>\n","protected":false},"featured_media":61457,"template":"","meta":[],"product_brand":[1538],"product_cat":[1994,2190],"product_tag":[],"class_list":{"0":"post-61452","1":"product","2":"type-product","3":"status-publish","4":"has-post-thumbnail","6":"product_brand-villiger","7":"product_cat-monde-du-cigare","8":"product_cat-souches-de-cigares-de-tete","10":"first","11":"instock","12":"purchasable","13":"product-type-simple"},"yoast_head":"<!-- This site is optimized with the Yoast SEO plugin v27.0 - https:\/\/yoast.com\/product\/yoast-seo-wordpress\/ -->\n<title>Achetez Villiger Original Krumme Junior | Talons tress\u00e9s<\/title>\n<meta name=\"description\" content=\"Achetez Villiger Original Krumme Junior en ligne \u2713 Cigares tress\u00e9s \u00e0 la main de Suisse \u2713 Doux et aromatiques \u2713 Environ 20 minutes de plaisir \u27a4 Commandez maintenant !\" \/>\n<meta name=\"robots\" content=\"index, follow, max-snippet:-1, max-image-preview:large, max-video-preview:-1\" \/>\n<link rel=\"canonical\" href=\"https:\/\/www.tabakversand.ch\/fr\/produit\/villiger-original-crooked-junior\/\" \/>\n<meta property=\"og:locale\" content=\"fr_FR\" \/>\n<meta property=\"og:type\" content=\"article\" \/>\n<meta property=\"og:title\" content=\"Achetez Villiger Original Krumme Junior | Talons tress\u00e9s\" \/>\n<meta property=\"og:description\" content=\"Achetez Villiger Original Krumme Junior en ligne \u2713 Cigares tress\u00e9s \u00e0 la main de Suisse \u2713 Doux et aromatiques \u2713 Environ 20 minutes de plaisir \u27a4 Commandez maintenant !\" \/>\n<meta property=\"og:url\" content=\"https:\/\/www.tabakversand.ch\/fr\/produit\/villiger-original-crooked-junior\/\" \/>\n<meta property=\"og:site_name\" content=\"Tabakversand.ch | Alles aus der Welt des Tabaks\" \/>\n<meta property=\"article:modified_time\" content=\"2026-03-23T14:58:46+00:00\" \/>\n<meta property=\"og:image\" content=\"https:\/\/www.tabakversand.ch\/wp-content\/uploads\/2022\/03\/villiger-original-krumme-junior-6.jpg\" \/>\n\t<meta property=\"og:image:width\" content=\"450\" \/>\n\t<meta property=\"og:image:height\" content=\"450\" \/>\n\t<meta property=\"og:image:type\" content=\"image\/jpeg\" \/>\n<meta name=\"twitter:card\" content=\"summary_large_image\" \/>\n<meta name=\"twitter:label1\" content=\"Dur\u00e9e de lecture estim\u00e9e\" \/>\n\t<meta name=\"twitter:data1\" content=\"2 minutes\" \/>\n<script type=\"application\/ld+json\" class=\"yoast-schema-graph\">{\"@context\":\"https:\/\/schema.org\",\"@graph\":[{\"@type\":\"WebPage\",\"@id\":\"https:\/\/www.tabakversand.ch\/fr\/produit\/villiger-original-crooked-junior\/\",\"url\":\"https:\/\/www.tabakversand.ch\/fr\/produit\/villiger-original-crooked-junior\/\",\"name\":\"Achetez Villiger Original Krumme Junior | Talons tress\u00e9s\",\"isPartOf\":{\"@id\":\"https:\/\/www.tabakversand.ch\/#website\"},\"primaryImageOfPage\":{\"@id\":\"https:\/\/www.tabakversand.ch\/fr\/produit\/villiger-original-crooked-junior\/#primaryimage\"},\"image\":{\"@id\":\"https:\/\/www.tabakversand.ch\/fr\/produit\/villiger-original-crooked-junior\/#primaryimage\"},\"thumbnailUrl\":\"https:\/\/www.tabakversand.ch\/wp-content\/uploads\/2022\/03\/villiger-original-krumme-junior-6.jpg\",\"datePublished\":\"2022-04-02T09:34:26+00:00\",\"dateModified\":\"2026-03-23T14:58:46+00:00\",\"description\":\"Achetez Villiger Original Krumme Junior en ligne \u2713 Cigares tress\u00e9s \u00e0 la main de Suisse \u2713 Doux et aromatiques \u2713 Environ 20 minutes de plaisir \u27a4 Commandez maintenant !\",\"breadcrumb\":{\"@id\":\"https:\/\/www.tabakversand.ch\/fr\/produit\/villiger-original-crooked-junior\/#breadcrumb\"},\"inLanguage\":\"fr-FR\",\"potentialAction\":[{\"@type\":\"ReadAction\",\"target\":[\"https:\/\/www.tabakversand.ch\/fr\/produit\/villiger-original-crooked-junior\/\"]}]},{\"@type\":\"ImageObject\",\"inLanguage\":\"fr-FR\",\"@id\":\"https:\/\/www.tabakversand.ch\/fr\/produit\/villiger-original-crooked-junior\/#primaryimage\",\"url\":\"https:\/\/www.tabakversand.ch\/wp-content\/uploads\/2022\/03\/villiger-original-krumme-junior-6.jpg\",\"contentUrl\":\"https:\/\/www.tabakversand.ch\/wp-content\/uploads\/2022\/03\/villiger-original-krumme-junior-6.jpg\",\"width\":450,\"height\":450,\"caption\":\"Villiger Original Krumme Junior\"},{\"@type\":\"BreadcrumbList\",\"@id\":\"https:\/\/www.tabakversand.ch\/fr\/produit\/villiger-original-crooked-junior\/#breadcrumb\",\"itemListElement\":[{\"@type\":\"ListItem\",\"position\":1,\"name\":\"Startseite\",\"item\":\"https:\/\/www.tabakversand.ch\/\"},{\"@type\":\"ListItem\",\"position\":2,\"name\":\"Boutique\",\"item\":\"https:\/\/www.tabakversand.ch\/fr\/boutique\/\"},{\"@type\":\"ListItem\",\"position\":3,\"name\":\"Villiger Original Krumme Junior\"}]},{\"@type\":\"WebSite\",\"@id\":\"https:\/\/www.tabakversand.ch\/#website\",\"url\":\"https:\/\/www.tabakversand.ch\/\",\"name\":\"Tabakversand.ch | Alles aus der Welt des Tabaks\",\"description\":\"Smoke and carpe diem\",\"potentialAction\":[{\"@type\":\"SearchAction\",\"target\":{\"@type\":\"EntryPoint\",\"urlTemplate\":\"https:\/\/www.tabakversand.ch\/?s={search_term_string}\"},\"query-input\":{\"@type\":\"PropertyValueSpecification\",\"valueRequired\":true,\"valueName\":\"search_term_string\"}}],\"inLanguage\":\"fr-FR\"}]}<\/script>\n<!-- \/ Yoast SEO plugin. -->","yoast_head_json":{"title":"Achetez Villiger Original Krumme Junior | Talons tress\u00e9s","description":"Achetez Villiger Original Krumme Junior en ligne \u2713 Cigares tress\u00e9s \u00e0 la main de Suisse \u2713 Doux et aromatiques \u2713 Environ 20 minutes de plaisir \u27a4 Commandez maintenant !","robots":{"index":"index","follow":"follow","max-snippet":"max-snippet:-1","max-image-preview":"max-image-preview:large","max-video-preview":"max-video-preview:-1"},"canonical":"https:\/\/www.tabakversand.ch\/fr\/produit\/villiger-original-crooked-junior\/","og_locale":"fr_FR","og_type":"article","og_title":"Achetez Villiger Original Krumme Junior | Talons tress\u00e9s","og_description":"Achetez Villiger Original Krumme Junior en ligne \u2713 Cigares tress\u00e9s \u00e0 la main de Suisse \u2713 Doux et aromatiques \u2713 Environ 20 minutes de plaisir \u27a4 Commandez maintenant !","og_url":"https:\/\/www.tabakversand.ch\/fr\/produit\/villiger-original-crooked-junior\/","og_site_name":"Tabakversand.ch | Alles aus der Welt des Tabaks","article_modified_time":"2026-03-23T14:58:46+00:00","og_image":[{"width":450,"height":450,"url":"https:\/\/www.tabakversand.ch\/wp-content\/uploads\/2022\/03\/villiger-original-krumme-junior-6.jpg","type":"image\/jpeg"}],"twitter_card":"summary_large_image","twitter_misc":{"Dur\u00e9e de lecture estim\u00e9e":"2 minutes"},"schema":{"@context":"https:\/\/schema.org","@graph":[{"@type":"WebPage","@id":"https:\/\/www.tabakversand.ch\/fr\/produit\/villiger-original-crooked-junior\/","url":"https:\/\/www.tabakversand.ch\/fr\/produit\/villiger-original-crooked-junior\/","name":"Achetez Villiger Original Krumme Junior | Talons tress\u00e9s","isPartOf":{"@id":"https:\/\/www.tabakversand.ch\/#website"},"primaryImageOfPage":{"@id":"https:\/\/www.tabakversand.ch\/fr\/produit\/villiger-original-crooked-junior\/#primaryimage"},"image":{"@id":"https:\/\/www.tabakversand.ch\/fr\/produit\/villiger-original-crooked-junior\/#primaryimage"},"thumbnailUrl":"https:\/\/www.tabakversand.ch\/wp-content\/uploads\/2022\/03\/villiger-original-krumme-junior-6.jpg","datePublished":"2022-04-02T09:34:26+00:00","dateModified":"2026-03-23T14:58:46+00:00","description":"Achetez Villiger Original Krumme Junior en ligne \u2713 Cigares tress\u00e9s \u00e0 la main de Suisse \u2713 Doux et aromatiques \u2713 Environ 20 minutes de plaisir \u27a4 Commandez maintenant !","breadcrumb":{"@id":"https:\/\/www.tabakversand.ch\/fr\/produit\/villiger-original-crooked-junior\/#breadcrumb"},"inLanguage":"fr-FR","potentialAction":[{"@type":"ReadAction","target":["https:\/\/www.tabakversand.ch\/fr\/produit\/villiger-original-crooked-junior\/"]}]},{"@type":"ImageObject","inLanguage":"fr-FR","@id":"https:\/\/www.tabakversand.ch\/fr\/produit\/villiger-original-crooked-junior\/#primaryimage","url":"https:\/\/www.tabakversand.ch\/wp-content\/uploads\/2022\/03\/villiger-original-krumme-junior-6.jpg","contentUrl":"https:\/\/www.tabakversand.ch\/wp-content\/uploads\/2022\/03\/villiger-original-krumme-junior-6.jpg","width":450,"height":450,"caption":"Villiger Original Krumme Junior"},{"@type":"BreadcrumbList","@id":"https:\/\/www.tabakversand.ch\/fr\/produit\/villiger-original-crooked-junior\/#breadcrumb","itemListElement":[{"@type":"ListItem","position":1,"name":"Startseite","item":"https:\/\/www.tabakversand.ch\/"},{"@type":"ListItem","position":2,"name":"Boutique","item":"https:\/\/www.tabakversand.ch\/fr\/boutique\/"},{"@type":"ListItem","position":3,"name":"Villiger Original Krumme Junior"}]},{"@type":"WebSite","@id":"https:\/\/www.tabakversand.ch\/#website","url":"https:\/\/www.tabakversand.ch\/","name":"Tabakversand.ch | Alles aus der Welt des Tabaks","description":"Smoke and carpe diem","potentialAction":[{"@type":"SearchAction","target":{"@type":"EntryPoint","urlTemplate":"https:\/\/www.tabakversand.ch\/?s={search_term_string}"},"query-input":{"@type":"PropertyValueSpecification","valueRequired":true,"valueName":"search_term_string"}}],"inLanguage":"fr-FR"}]}},"_links":{"self":[{"href":"https:\/\/www.tabakversand.ch\/fr\/wp-json\/wp\/v2\/product\/61452","targetHints":{"allow":["GET"]}}],"collection":[{"href":"https:\/\/www.tabakversand.ch\/fr\/wp-json\/wp\/v2\/product"}],"about":[{"href":"https:\/\/www.tabakversand.ch\/fr\/wp-json\/wp\/v2\/types\/product"}],"version-history":[{"count":2,"href":"https:\/\/www.tabakversand.ch\/fr\/wp-json\/wp\/v2\/product\/61452\/revisions"}],"predecessor-version":[{"id":215891,"href":"https:\/\/www.tabakversand.ch\/fr\/wp-json\/wp\/v2\/product\/61452\/revisions\/215891"}],"wp:featuredmedia":[{"embeddable":true,"href":"https:\/\/www.tabakversand.ch\/fr\/wp-json\/wp\/v2\/media\/61457"}],"wp:attachment":[{"href":"https:\/\/www.tabakversand.ch\/fr\/wp-json\/wp\/v2\/media?parent=61452"}],"wp:term":[{"taxonomy":"product_brand","embeddable":true,"href":"https:\/\/www.tabakversand.ch\/fr\/wp-json\/wp\/v2\/product_brand?post=61452"},{"taxonomy":"product_cat","embeddable":true,"href":"https:\/\/www.tabakversand.ch\/fr\/wp-json\/wp\/v2\/product_cat?post=61452"},{"taxonomy":"product_tag","embeddable":true,"href":"https:\/\/www.tabakversand.ch\/fr\/wp-json\/wp\/v2\/product_tag?post=61452"}],"curies":[{"name":"wp","href":"https:\/\/api.w.org\/{rel}","templated":true}]}}