{"id":61479,"date":"2022-04-02T11:34:26","date_gmt":"2022-04-02T09:34:26","guid":{"rendered":"http:\/\/www.tabakversand.ch\/produkt\/villiger-premium-no-3-sumatra\/"},"modified":"2025-12-28T21:34:11","modified_gmt":"2025-12-28T20:34:11","slug":"villiger-premium-no-3-sumatra","status":"publish","type":"product","link":"https:\/\/www.tabakversand.ch\/fr\/produit\/villiger-premium-no-3-sumatra\/","title":{"rendered":"Villiger Premium No 3 Sumatra"},"content":{"rendered":"<p>Villiger Premium No 3 Sumatra sont des cigares \/ souches de t\u00eate fabriqu\u00e9s \u00e0 la machine<\/p>\n<p>Bo\u00eete 5 x 5<\/p>\n<p>Tous les prix s&rsquo;appliquent uniquement aux commandes en ligne et incluent la TVA. Sous r\u00e9serve de modifications sans pr\u00e9avis, frais de livraison en sus. Sous r\u00e9serve d&rsquo;erreurs, de modifications de contenu de livraison et de conception, de fautes d&rsquo;impression et de modifications de prix. Les prix barr\u00e9s sont des prix de remplacement. Les illustrations peuvent diff\u00e9rer de l&rsquo;original\/du contenu de livraison.<br \/>\n*Livraison gratuite pour les commandes sup\u00e9rieures \u00e0 CHF 250.-.<\/p>\n","protected":false},"excerpt":{"rendered":"<p>Villiger Premium No 3 Sumatra sont des cigares \/ souches de t\u00eate fabriqu\u00e9s \u00e0 la machine Bo\u00eete 5 x 5 Tous les prix s&rsquo;appliquent uniquement aux commandes en ligne et incluent la TVA. Sous r\u00e9serve de modifications sans pr\u00e9avis, frais de livraison en sus. Sous r\u00e9serve d&rsquo;erreurs, de modifications de contenu de livraison et de [&hellip;]<\/p>\n","protected":false},"featured_media":61482,"template":"","meta":[],"product_brand":[1538],"product_cat":[1994,2190],"product_tag":[],"class_list":{"0":"post-61479","1":"product","2":"type-product","3":"status-publish","4":"has-post-thumbnail","6":"product_brand-villiger","7":"product_cat-monde-du-cigare","8":"product_cat-souches-de-cigares-de-tete","10":"first","11":"onbackorder","12":"purchasable","13":"product-type-simple"},"yoast_head":"<!-- This site is optimized with the Yoast SEO plugin v27.0 - https:\/\/yoast.com\/product\/yoast-seo-wordpress\/ -->\n<title>Villiger Premium No 3 Sumatra Tabakversand.ch | Alles aus der Welt des Tabaks -<\/title>\n<meta name=\"description\" content=\"Villiger Premium No 3 Sumatra Head Cigares Stumps | Une large gamme de produits du tabac et d\u2019accessoires pour fumeurs dans toute la Suisse | Cartes accept\u00e9es!\" \/>\n<meta name=\"robots\" content=\"index, follow, max-snippet:-1, max-image-preview:large, max-video-preview:-1\" \/>\n<link rel=\"canonical\" href=\"https:\/\/www.tabakversand.ch\/fr\/produit\/villiger-premium-no-3-sumatra\/\" \/>\n<meta property=\"og:locale\" content=\"fr_FR\" \/>\n<meta property=\"og:type\" content=\"article\" \/>\n<meta property=\"og:title\" content=\"Villiger Premium No 3 Sumatra Tabakversand.ch | Alles aus der Welt des Tabaks -\" \/>\n<meta property=\"og:description\" content=\"Villiger Premium No 3 Sumatra Head Cigares Stumps | Une large gamme de produits du tabac et d\u2019accessoires pour fumeurs dans toute la Suisse | Cartes accept\u00e9es!\" \/>\n<meta property=\"og:url\" content=\"https:\/\/www.tabakversand.ch\/fr\/produit\/villiger-premium-no-3-sumatra\/\" \/>\n<meta property=\"og:site_name\" content=\"Tabakversand.ch | Alles aus der Welt des Tabaks\" \/>\n<meta property=\"article:modified_time\" content=\"2025-12-28T20:34:11+00:00\" \/>\n<meta property=\"og:image\" content=\"https:\/\/www.tabakversand.ch\/wp-content\/uploads\/2022\/03\/villiger-premium-no3-sumatra.jpg\" \/>\n\t<meta property=\"og:image:width\" content=\"450\" \/>\n\t<meta property=\"og:image:height\" content=\"450\" \/>\n\t<meta property=\"og:image:type\" content=\"image\/jpeg\" \/>\n<meta name=\"twitter:card\" content=\"summary_large_image\" \/>\n<script type=\"application\/ld+json\" class=\"yoast-schema-graph\">{\"@context\":\"https:\/\/schema.org\",\"@graph\":[{\"@type\":\"WebPage\",\"@id\":\"https:\/\/www.tabakversand.ch\/fr\/produit\/villiger-premium-no-3-sumatra\/\",\"url\":\"https:\/\/www.tabakversand.ch\/fr\/produit\/villiger-premium-no-3-sumatra\/\",\"name\":\"Villiger Premium No 3 Sumatra Tabakversand.ch | Alles aus der Welt des Tabaks -\",\"isPartOf\":{\"@id\":\"https:\/\/www.tabakversand.ch\/#website\"},\"primaryImageOfPage\":{\"@id\":\"https:\/\/www.tabakversand.ch\/fr\/produit\/villiger-premium-no-3-sumatra\/#primaryimage\"},\"image\":{\"@id\":\"https:\/\/www.tabakversand.ch\/fr\/produit\/villiger-premium-no-3-sumatra\/#primaryimage\"},\"thumbnailUrl\":\"https:\/\/www.tabakversand.ch\/wp-content\/uploads\/2022\/03\/villiger-premium-no3-sumatra.jpg\",\"datePublished\":\"2022-04-02T09:34:26+00:00\",\"dateModified\":\"2025-12-28T20:34:11+00:00\",\"description\":\"Villiger Premium No 3 Sumatra Head Cigares Stumps | Une large gamme de produits du tabac et d\u2019accessoires pour fumeurs dans toute la Suisse | Cartes accept\u00e9es!\",\"breadcrumb\":{\"@id\":\"https:\/\/www.tabakversand.ch\/fr\/produit\/villiger-premium-no-3-sumatra\/#breadcrumb\"},\"inLanguage\":\"fr-FR\",\"potentialAction\":[{\"@type\":\"ReadAction\",\"target\":[\"https:\/\/www.tabakversand.ch\/fr\/produit\/villiger-premium-no-3-sumatra\/\"]}]},{\"@type\":\"ImageObject\",\"inLanguage\":\"fr-FR\",\"@id\":\"https:\/\/www.tabakversand.ch\/fr\/produit\/villiger-premium-no-3-sumatra\/#primaryimage\",\"url\":\"https:\/\/www.tabakversand.ch\/wp-content\/uploads\/2022\/03\/villiger-premium-no3-sumatra.jpg\",\"contentUrl\":\"https:\/\/www.tabakversand.ch\/wp-content\/uploads\/2022\/03\/villiger-premium-no3-sumatra.jpg\",\"width\":450,\"height\":450,\"caption\":\"Villiger Premium No 3 Sumatra\"},{\"@type\":\"BreadcrumbList\",\"@id\":\"https:\/\/www.tabakversand.ch\/fr\/produit\/villiger-premium-no-3-sumatra\/#breadcrumb\",\"itemListElement\":[{\"@type\":\"ListItem\",\"position\":1,\"name\":\"Startseite\",\"item\":\"https:\/\/www.tabakversand.ch\/\"},{\"@type\":\"ListItem\",\"position\":2,\"name\":\"Boutique\",\"item\":\"https:\/\/www.tabakversand.ch\/fr\/boutique\/\"},{\"@type\":\"ListItem\",\"position\":3,\"name\":\"Villiger Premium No 3 Sumatra\"}]},{\"@type\":\"WebSite\",\"@id\":\"https:\/\/www.tabakversand.ch\/#website\",\"url\":\"https:\/\/www.tabakversand.ch\/\",\"name\":\"Tabakversand.ch | Alles aus der Welt des Tabaks\",\"description\":\"Smoke and carpe diem\",\"potentialAction\":[{\"@type\":\"SearchAction\",\"target\":{\"@type\":\"EntryPoint\",\"urlTemplate\":\"https:\/\/www.tabakversand.ch\/?s={search_term_string}\"},\"query-input\":{\"@type\":\"PropertyValueSpecification\",\"valueRequired\":true,\"valueName\":\"search_term_string\"}}],\"inLanguage\":\"fr-FR\"}]}<\/script>\n<!-- \/ Yoast SEO plugin. -->","yoast_head_json":{"title":"Villiger Premium No 3 Sumatra Tabakversand.ch | Alles aus der Welt des Tabaks -","description":"Villiger Premium No 3 Sumatra Head Cigares Stumps | Une large gamme de produits du tabac et d\u2019accessoires pour fumeurs dans toute la Suisse | Cartes accept\u00e9es!","robots":{"index":"index","follow":"follow","max-snippet":"max-snippet:-1","max-image-preview":"max-image-preview:large","max-video-preview":"max-video-preview:-1"},"canonical":"https:\/\/www.tabakversand.ch\/fr\/produit\/villiger-premium-no-3-sumatra\/","og_locale":"fr_FR","og_type":"article","og_title":"Villiger Premium No 3 Sumatra Tabakversand.ch | Alles aus der Welt des Tabaks -","og_description":"Villiger Premium No 3 Sumatra Head Cigares Stumps | Une large gamme de produits du tabac et d\u2019accessoires pour fumeurs dans toute la Suisse | Cartes accept\u00e9es!","og_url":"https:\/\/www.tabakversand.ch\/fr\/produit\/villiger-premium-no-3-sumatra\/","og_site_name":"Tabakversand.ch | Alles aus der Welt des Tabaks","article_modified_time":"2025-12-28T20:34:11+00:00","og_image":[{"width":450,"height":450,"url":"https:\/\/www.tabakversand.ch\/wp-content\/uploads\/2022\/03\/villiger-premium-no3-sumatra.jpg","type":"image\/jpeg"}],"twitter_card":"summary_large_image","schema":{"@context":"https:\/\/schema.org","@graph":[{"@type":"WebPage","@id":"https:\/\/www.tabakversand.ch\/fr\/produit\/villiger-premium-no-3-sumatra\/","url":"https:\/\/www.tabakversand.ch\/fr\/produit\/villiger-premium-no-3-sumatra\/","name":"Villiger Premium No 3 Sumatra Tabakversand.ch | Alles aus der Welt des Tabaks -","isPartOf":{"@id":"https:\/\/www.tabakversand.ch\/#website"},"primaryImageOfPage":{"@id":"https:\/\/www.tabakversand.ch\/fr\/produit\/villiger-premium-no-3-sumatra\/#primaryimage"},"image":{"@id":"https:\/\/www.tabakversand.ch\/fr\/produit\/villiger-premium-no-3-sumatra\/#primaryimage"},"thumbnailUrl":"https:\/\/www.tabakversand.ch\/wp-content\/uploads\/2022\/03\/villiger-premium-no3-sumatra.jpg","datePublished":"2022-04-02T09:34:26+00:00","dateModified":"2025-12-28T20:34:11+00:00","description":"Villiger Premium No 3 Sumatra Head Cigares Stumps | Une large gamme de produits du tabac et d\u2019accessoires pour fumeurs dans toute la Suisse | Cartes accept\u00e9es!","breadcrumb":{"@id":"https:\/\/www.tabakversand.ch\/fr\/produit\/villiger-premium-no-3-sumatra\/#breadcrumb"},"inLanguage":"fr-FR","potentialAction":[{"@type":"ReadAction","target":["https:\/\/www.tabakversand.ch\/fr\/produit\/villiger-premium-no-3-sumatra\/"]}]},{"@type":"ImageObject","inLanguage":"fr-FR","@id":"https:\/\/www.tabakversand.ch\/fr\/produit\/villiger-premium-no-3-sumatra\/#primaryimage","url":"https:\/\/www.tabakversand.ch\/wp-content\/uploads\/2022\/03\/villiger-premium-no3-sumatra.jpg","contentUrl":"https:\/\/www.tabakversand.ch\/wp-content\/uploads\/2022\/03\/villiger-premium-no3-sumatra.jpg","width":450,"height":450,"caption":"Villiger Premium No 3 Sumatra"},{"@type":"BreadcrumbList","@id":"https:\/\/www.tabakversand.ch\/fr\/produit\/villiger-premium-no-3-sumatra\/#breadcrumb","itemListElement":[{"@type":"ListItem","position":1,"name":"Startseite","item":"https:\/\/www.tabakversand.ch\/"},{"@type":"ListItem","position":2,"name":"Boutique","item":"https:\/\/www.tabakversand.ch\/fr\/boutique\/"},{"@type":"ListItem","position":3,"name":"Villiger Premium No 3 Sumatra"}]},{"@type":"WebSite","@id":"https:\/\/www.tabakversand.ch\/#website","url":"https:\/\/www.tabakversand.ch\/","name":"Tabakversand.ch | Alles aus der Welt des Tabaks","description":"Smoke and carpe diem","potentialAction":[{"@type":"SearchAction","target":{"@type":"EntryPoint","urlTemplate":"https:\/\/www.tabakversand.ch\/?s={search_term_string}"},"query-input":{"@type":"PropertyValueSpecification","valueRequired":true,"valueName":"search_term_string"}}],"inLanguage":"fr-FR"}]}},"_links":{"self":[{"href":"https:\/\/www.tabakversand.ch\/fr\/wp-json\/wp\/v2\/product\/61479","targetHints":{"allow":["GET"]}}],"collection":[{"href":"https:\/\/www.tabakversand.ch\/fr\/wp-json\/wp\/v2\/product"}],"about":[{"href":"https:\/\/www.tabakversand.ch\/fr\/wp-json\/wp\/v2\/types\/product"}],"version-history":[{"count":3,"href":"https:\/\/www.tabakversand.ch\/fr\/wp-json\/wp\/v2\/product\/61479\/revisions"}],"predecessor-version":[{"id":207975,"href":"https:\/\/www.tabakversand.ch\/fr\/wp-json\/wp\/v2\/product\/61479\/revisions\/207975"}],"wp:featuredmedia":[{"embeddable":true,"href":"https:\/\/www.tabakversand.ch\/fr\/wp-json\/wp\/v2\/media\/61482"}],"wp:attachment":[{"href":"https:\/\/www.tabakversand.ch\/fr\/wp-json\/wp\/v2\/media?parent=61479"}],"wp:term":[{"taxonomy":"product_brand","embeddable":true,"href":"https:\/\/www.tabakversand.ch\/fr\/wp-json\/wp\/v2\/product_brand?post=61479"},{"taxonomy":"product_cat","embeddable":true,"href":"https:\/\/www.tabakversand.ch\/fr\/wp-json\/wp\/v2\/product_cat?post=61479"},{"taxonomy":"product_tag","embeddable":true,"href":"https:\/\/www.tabakversand.ch\/fr\/wp-json\/wp\/v2\/product_tag?post=61479"}],"curies":[{"name":"wp","href":"https:\/\/api.w.org\/{rel}","templated":true}]}}