{"id":61489,"date":"2022-04-02T11:34:26","date_gmt":"2022-04-02T09:34:26","guid":{"rendered":"http:\/\/www.tabakversand.ch\/produkt\/villiger-st-louis-blues-filtre\/"},"modified":"2026-03-23T12:09:42","modified_gmt":"2026-03-23T11:09:42","slug":"villiger-st-louis-blues-filter","status":"publish","type":"product","link":"https:\/\/www.tabakversand.ch\/fr\/produit\/villiger-st-louis-blues-filter\/","title":{"rendered":"Villiger St. Louis Blues Filtre"},"content":{"rendered":"<h1>Filtre des Blues de Saint-Louis<\/h1>\n<p>Le plaisir classique du cigarillo, avec un caract\u00e8re doux.<\/p>\n<ul>\n<li>1 x 10 pi\u00e8ces<\/li>\n<\/ul>\n<p>&nbsp;<\/p>\n<p>Les cigarillos St. Louis Blues Filter offrent un plaisir de fumage simple et agr\u00e9ablement doux, d&rsquo;une qualit\u00e9 \u00e9prouv\u00e9e. Ces cigarillos s\u00e9duisent par leur m\u00e9lange de tabacs \u00e9quilibr\u00e9 et leur filtre int\u00e9gr\u00e9, qui assure un tirage r\u00e9gulier \u2013 id\u00e9al pour des moments de d\u00e9tente au quotidien. <\/p>\n<p>\u2728 Voici ce \u00e0 quoi vous pouvez vous attendre :<\/p>\n<p>Un m\u00e9lange de tabacs l\u00e9g\u00e8rement travaill\u00e9s pour un ar\u00f4me agr\u00e9able.<\/p>\n<p>Avec un filtre pour une exp\u00e9rience de fumage douce et \u00e9quilibr\u00e9e<\/p>\n<p>Combustion uniforme et qualit\u00e9 constante<\/p>\n<p>Format pratique pour les courtes pauses entre les repas<\/p>\n<p>Que ce soit au quotidien ou pour un plaisir occasionnel, les caf\u00e9s filtre St. Louis Blues offrent une combinaison fiable de qualit\u00e9, de praticit\u00e9 et de douceur.<\/p>\n<p>\ud83d\udca8 Conseil pour en profiter :<br \/>\n Parfait en accompagnement d&rsquo;un caf\u00e9 ou d&rsquo;un th\u00e9 \u2013 pour une pause relaxante au go\u00fbt \u00e9quilibr\u00e9.<\/p>\n<p>\ud83d\udcab Conclusion :<br \/>\n Un cigarillo classique pour ceux qui appr\u00e9cient la douceur du tabac, avec un filtre et une qualit\u00e9 constante \u2013 simple, agr\u00e9able et sans complications.<\/p>\n<p>Chez tabakversand.ch, vos cigarillos St. Louis Blues Filter vous sont livr\u00e9s dans leur emballage d&rsquo;origine, soigneusement conserv\u00e9s. Un stockage rigoureux garantit une pr\u00e9servation optimale de leur ar\u00f4me, de leur humidit\u00e9 et de leur qualit\u00e9 jusqu&rsquo;\u00e0 l&rsquo;exp\u00e9dition. Gr\u00e2ce \u00e0 une livraison rapide en Suisse, vos cigarillos arrivent g\u00e9n\u00e9ralement tr\u00e8s vite.  <\/p>\n<p>Pour plus d&rsquo;informations sur le fabricant, Villiger S\u00f6hne Holding, veuillez consulter la page Wikip\u00e9dia correspondante&nbsp;: <a href=\"https:\/\/de.wikipedia.org\/wiki\/Villiger_S%C3%B6hne_Holding\">cliquez ici<\/a> . Si vous avez des questions concernant le produit, n&rsquo;h\u00e9sitez pas \u00e0 nous contacter&nbsp;: <a href=\"https:\/\/www.tabakversand.ch\/kontakt\/\">cliquez ici<\/a> . <\/p>\n<p>Tous les prix s&rsquo;appliquent uniquement aux commandes en ligne et incluent la TVA. Sous r\u00e9serve de modifications sans pr\u00e9avis, frais de livraison en sus. Sous r\u00e9serve d&rsquo;erreurs, de modifications de contenu de livraison et de conception, de fautes d&rsquo;impression et de modifications de prix. Les prix barr\u00e9s sont des prix de remplacement. Les illustrations peuvent diff\u00e9rer de l&rsquo;original\/du contenu de livraison.<br \/>\n*Livraison gratuite pour les commandes sup\u00e9rieures \u00e0 CHF 250.-.<\/p>\n","protected":false},"excerpt":{"rendered":"<p>Filtre des Blues de Saint-Louis Le plaisir classique du cigarillo, avec un caract\u00e8re doux. 1 x 10 pi\u00e8ces &nbsp; Les cigarillos St. Louis Blues Filter offrent un plaisir de fumage simple et agr\u00e9ablement doux, d&rsquo;une qualit\u00e9 \u00e9prouv\u00e9e. Ces cigarillos s\u00e9duisent par leur m\u00e9lange de tabacs \u00e9quilibr\u00e9 et leur filtre int\u00e9gr\u00e9, qui assure un tirage r\u00e9gulier [&hellip;]<\/p>\n","protected":false},"featured_media":61493,"template":"","meta":[],"product_brand":[1538],"product_cat":[1994,2059],"product_tag":[],"class_list":{"0":"post-61489","1":"product","2":"type-product","3":"status-publish","4":"has-post-thumbnail","6":"product_brand-villiger","7":"product_cat-monde-du-cigare","8":"product_cat-cigarillos-fr","10":"first","11":"instock","12":"purchasable","13":"product-type-simple"},"yoast_head":"<!-- This site is optimized with the Yoast SEO plugin v27.0 - https:\/\/yoast.com\/product\/yoast-seo-wordpress\/ -->\n<title>Achetez des filtres St. Louis Lues | Cigarillos avec filtres<\/title>\n<meta name=\"description\" content=\"Achetez les St. Louis Lues Filter en ligne \u2713 Cigarillos doux avec filtre \u2713 Ar\u00f4me agr\u00e9able et fum\u00e9e onctueuse \u2713 Id\u00e9al pour un usage quotidien \u27a4 Commandez maintenant !\" \/>\n<meta name=\"robots\" content=\"index, follow, max-snippet:-1, max-image-preview:large, max-video-preview:-1\" \/>\n<link rel=\"canonical\" href=\"https:\/\/www.tabakversand.ch\/fr\/produit\/villiger-st-louis-blues-filter\/\" \/>\n<meta property=\"og:locale\" content=\"fr_FR\" \/>\n<meta property=\"og:type\" content=\"article\" \/>\n<meta property=\"og:title\" content=\"Achetez des filtres St. Louis Lues | Cigarillos avec filtres\" \/>\n<meta property=\"og:description\" content=\"Achetez les St. Louis Lues Filter en ligne \u2713 Cigarillos doux avec filtre \u2713 Ar\u00f4me agr\u00e9able et fum\u00e9e onctueuse \u2713 Id\u00e9al pour un usage quotidien \u27a4 Commandez maintenant !\" \/>\n<meta property=\"og:url\" content=\"https:\/\/www.tabakversand.ch\/fr\/produit\/villiger-st-louis-blues-filter\/\" \/>\n<meta property=\"og:site_name\" content=\"Tabakversand.ch | Alles aus der Welt des Tabaks\" \/>\n<meta property=\"article:modified_time\" content=\"2026-03-23T11:09:42+00:00\" \/>\n<meta property=\"og:image\" content=\"https:\/\/www.tabakversand.ch\/wp-content\/uploads\/2022\/03\/villiger-st.louis-blues-filter.jpg\" \/>\n\t<meta property=\"og:image:width\" content=\"450\" \/>\n\t<meta property=\"og:image:height\" content=\"450\" \/>\n\t<meta property=\"og:image:type\" content=\"image\/jpeg\" \/>\n<meta name=\"twitter:card\" content=\"summary_large_image\" \/>\n<meta name=\"twitter:label1\" content=\"Dur\u00e9e de lecture estim\u00e9e\" \/>\n\t<meta name=\"twitter:data1\" content=\"2 minutes\" \/>\n<script type=\"application\/ld+json\" class=\"yoast-schema-graph\">{\"@context\":\"https:\/\/schema.org\",\"@graph\":[{\"@type\":\"WebPage\",\"@id\":\"https:\/\/www.tabakversand.ch\/fr\/produit\/villiger-st-louis-blues-filter\/\",\"url\":\"https:\/\/www.tabakversand.ch\/fr\/produit\/villiger-st-louis-blues-filter\/\",\"name\":\"Achetez des filtres St. Louis Lues | Cigarillos avec filtres\",\"isPartOf\":{\"@id\":\"https:\/\/www.tabakversand.ch\/#website\"},\"primaryImageOfPage\":{\"@id\":\"https:\/\/www.tabakversand.ch\/fr\/produit\/villiger-st-louis-blues-filter\/#primaryimage\"},\"image\":{\"@id\":\"https:\/\/www.tabakversand.ch\/fr\/produit\/villiger-st-louis-blues-filter\/#primaryimage\"},\"thumbnailUrl\":\"https:\/\/www.tabakversand.ch\/wp-content\/uploads\/2022\/03\/villiger-st.louis-blues-filter.jpg\",\"datePublished\":\"2022-04-02T09:34:26+00:00\",\"dateModified\":\"2026-03-23T11:09:42+00:00\",\"description\":\"Achetez les St. Louis Lues Filter en ligne \u2713 Cigarillos doux avec filtre \u2713 Ar\u00f4me agr\u00e9able et fum\u00e9e onctueuse \u2713 Id\u00e9al pour un usage quotidien \u27a4 Commandez maintenant !\",\"breadcrumb\":{\"@id\":\"https:\/\/www.tabakversand.ch\/fr\/produit\/villiger-st-louis-blues-filter\/#breadcrumb\"},\"inLanguage\":\"fr-FR\",\"potentialAction\":[{\"@type\":\"ReadAction\",\"target\":[\"https:\/\/www.tabakversand.ch\/fr\/produit\/villiger-st-louis-blues-filter\/\"]}]},{\"@type\":\"ImageObject\",\"inLanguage\":\"fr-FR\",\"@id\":\"https:\/\/www.tabakversand.ch\/fr\/produit\/villiger-st-louis-blues-filter\/#primaryimage\",\"url\":\"https:\/\/www.tabakversand.ch\/wp-content\/uploads\/2022\/03\/villiger-st.louis-blues-filter.jpg\",\"contentUrl\":\"https:\/\/www.tabakversand.ch\/wp-content\/uploads\/2022\/03\/villiger-st.louis-blues-filter.jpg\",\"width\":450,\"height\":450,\"caption\":\"Villiger St. Louis Blues Filtre\"},{\"@type\":\"BreadcrumbList\",\"@id\":\"https:\/\/www.tabakversand.ch\/fr\/produit\/villiger-st-louis-blues-filter\/#breadcrumb\",\"itemListElement\":[{\"@type\":\"ListItem\",\"position\":1,\"name\":\"Startseite\",\"item\":\"https:\/\/www.tabakversand.ch\/\"},{\"@type\":\"ListItem\",\"position\":2,\"name\":\"Boutique\",\"item\":\"https:\/\/www.tabakversand.ch\/fr\/boutique\/\"},{\"@type\":\"ListItem\",\"position\":3,\"name\":\"Villiger St. Louis Blues Filtre\"}]},{\"@type\":\"WebSite\",\"@id\":\"https:\/\/www.tabakversand.ch\/#website\",\"url\":\"https:\/\/www.tabakversand.ch\/\",\"name\":\"Tabakversand.ch | Alles aus der Welt des Tabaks\",\"description\":\"Smoke and carpe diem\",\"potentialAction\":[{\"@type\":\"SearchAction\",\"target\":{\"@type\":\"EntryPoint\",\"urlTemplate\":\"https:\/\/www.tabakversand.ch\/?s={search_term_string}\"},\"query-input\":{\"@type\":\"PropertyValueSpecification\",\"valueRequired\":true,\"valueName\":\"search_term_string\"}}],\"inLanguage\":\"fr-FR\"}]}<\/script>\n<!-- \/ Yoast SEO plugin. -->","yoast_head_json":{"title":"Achetez des filtres St. Louis Lues | Cigarillos avec filtres","description":"Achetez les St. Louis Lues Filter en ligne \u2713 Cigarillos doux avec filtre \u2713 Ar\u00f4me agr\u00e9able et fum\u00e9e onctueuse \u2713 Id\u00e9al pour un usage quotidien \u27a4 Commandez maintenant !","robots":{"index":"index","follow":"follow","max-snippet":"max-snippet:-1","max-image-preview":"max-image-preview:large","max-video-preview":"max-video-preview:-1"},"canonical":"https:\/\/www.tabakversand.ch\/fr\/produit\/villiger-st-louis-blues-filter\/","og_locale":"fr_FR","og_type":"article","og_title":"Achetez des filtres St. Louis Lues | Cigarillos avec filtres","og_description":"Achetez les St. Louis Lues Filter en ligne \u2713 Cigarillos doux avec filtre \u2713 Ar\u00f4me agr\u00e9able et fum\u00e9e onctueuse \u2713 Id\u00e9al pour un usage quotidien \u27a4 Commandez maintenant !","og_url":"https:\/\/www.tabakversand.ch\/fr\/produit\/villiger-st-louis-blues-filter\/","og_site_name":"Tabakversand.ch | Alles aus der Welt des Tabaks","article_modified_time":"2026-03-23T11:09:42+00:00","og_image":[{"width":450,"height":450,"url":"https:\/\/www.tabakversand.ch\/wp-content\/uploads\/2022\/03\/villiger-st.louis-blues-filter.jpg","type":"image\/jpeg"}],"twitter_card":"summary_large_image","twitter_misc":{"Dur\u00e9e de lecture estim\u00e9e":"2 minutes"},"schema":{"@context":"https:\/\/schema.org","@graph":[{"@type":"WebPage","@id":"https:\/\/www.tabakversand.ch\/fr\/produit\/villiger-st-louis-blues-filter\/","url":"https:\/\/www.tabakversand.ch\/fr\/produit\/villiger-st-louis-blues-filter\/","name":"Achetez des filtres St. Louis Lues | Cigarillos avec filtres","isPartOf":{"@id":"https:\/\/www.tabakversand.ch\/#website"},"primaryImageOfPage":{"@id":"https:\/\/www.tabakversand.ch\/fr\/produit\/villiger-st-louis-blues-filter\/#primaryimage"},"image":{"@id":"https:\/\/www.tabakversand.ch\/fr\/produit\/villiger-st-louis-blues-filter\/#primaryimage"},"thumbnailUrl":"https:\/\/www.tabakversand.ch\/wp-content\/uploads\/2022\/03\/villiger-st.louis-blues-filter.jpg","datePublished":"2022-04-02T09:34:26+00:00","dateModified":"2026-03-23T11:09:42+00:00","description":"Achetez les St. Louis Lues Filter en ligne \u2713 Cigarillos doux avec filtre \u2713 Ar\u00f4me agr\u00e9able et fum\u00e9e onctueuse \u2713 Id\u00e9al pour un usage quotidien \u27a4 Commandez maintenant !","breadcrumb":{"@id":"https:\/\/www.tabakversand.ch\/fr\/produit\/villiger-st-louis-blues-filter\/#breadcrumb"},"inLanguage":"fr-FR","potentialAction":[{"@type":"ReadAction","target":["https:\/\/www.tabakversand.ch\/fr\/produit\/villiger-st-louis-blues-filter\/"]}]},{"@type":"ImageObject","inLanguage":"fr-FR","@id":"https:\/\/www.tabakversand.ch\/fr\/produit\/villiger-st-louis-blues-filter\/#primaryimage","url":"https:\/\/www.tabakversand.ch\/wp-content\/uploads\/2022\/03\/villiger-st.louis-blues-filter.jpg","contentUrl":"https:\/\/www.tabakversand.ch\/wp-content\/uploads\/2022\/03\/villiger-st.louis-blues-filter.jpg","width":450,"height":450,"caption":"Villiger St. Louis Blues Filtre"},{"@type":"BreadcrumbList","@id":"https:\/\/www.tabakversand.ch\/fr\/produit\/villiger-st-louis-blues-filter\/#breadcrumb","itemListElement":[{"@type":"ListItem","position":1,"name":"Startseite","item":"https:\/\/www.tabakversand.ch\/"},{"@type":"ListItem","position":2,"name":"Boutique","item":"https:\/\/www.tabakversand.ch\/fr\/boutique\/"},{"@type":"ListItem","position":3,"name":"Villiger St. Louis Blues Filtre"}]},{"@type":"WebSite","@id":"https:\/\/www.tabakversand.ch\/#website","url":"https:\/\/www.tabakversand.ch\/","name":"Tabakversand.ch | Alles aus der Welt des Tabaks","description":"Smoke and carpe diem","potentialAction":[{"@type":"SearchAction","target":{"@type":"EntryPoint","urlTemplate":"https:\/\/www.tabakversand.ch\/?s={search_term_string}"},"query-input":{"@type":"PropertyValueSpecification","valueRequired":true,"valueName":"search_term_string"}}],"inLanguage":"fr-FR"}]}},"_links":{"self":[{"href":"https:\/\/www.tabakversand.ch\/fr\/wp-json\/wp\/v2\/product\/61489","targetHints":{"allow":["GET"]}}],"collection":[{"href":"https:\/\/www.tabakversand.ch\/fr\/wp-json\/wp\/v2\/product"}],"about":[{"href":"https:\/\/www.tabakversand.ch\/fr\/wp-json\/wp\/v2\/types\/product"}],"version-history":[{"count":2,"href":"https:\/\/www.tabakversand.ch\/fr\/wp-json\/wp\/v2\/product\/61489\/revisions"}],"predecessor-version":[{"id":215854,"href":"https:\/\/www.tabakversand.ch\/fr\/wp-json\/wp\/v2\/product\/61489\/revisions\/215854"}],"wp:featuredmedia":[{"embeddable":true,"href":"https:\/\/www.tabakversand.ch\/fr\/wp-json\/wp\/v2\/media\/61493"}],"wp:attachment":[{"href":"https:\/\/www.tabakversand.ch\/fr\/wp-json\/wp\/v2\/media?parent=61489"}],"wp:term":[{"taxonomy":"product_brand","embeddable":true,"href":"https:\/\/www.tabakversand.ch\/fr\/wp-json\/wp\/v2\/product_brand?post=61489"},{"taxonomy":"product_cat","embeddable":true,"href":"https:\/\/www.tabakversand.ch\/fr\/wp-json\/wp\/v2\/product_cat?post=61489"},{"taxonomy":"product_tag","embeddable":true,"href":"https:\/\/www.tabakversand.ch\/fr\/wp-json\/wp\/v2\/product_tag?post=61489"}],"curies":[{"name":"wp","href":"https:\/\/api.w.org\/{rel}","templated":true}]}}