{"id":61508,"date":"2022-04-02T11:34:26","date_gmt":"2022-04-02T09:34:26","guid":{"rendered":"http:\/\/www.tabakversand.ch\/produkt\/villiger-mocca\/"},"modified":"2026-03-24T11:29:55","modified_gmt":"2026-03-24T10:29:55","slug":"villiger-mocca","status":"publish","type":"product","link":"https:\/\/www.tabakversand.ch\/fr\/produit\/villiger-mocca\/","title":{"rendered":"Villiger Mocca"},"content":{"rendered":"<p>Villiger Mocca<\/p>\n<p>Cigares \/ stums fabriqu\u00e9s \u00e0 la machine \u2013 Doux, aromatiques et classiques intemporels<\/p>\n<p>&nbsp;<\/p>\n<p>1 x 10 pi\u00e8ces<\/p>\n<p>Depuis des d\u00e9cennies, les cigares Villiger Mocca sont synonymes de plaisir de fumer fiable et sans artifice, d&rsquo;une qualit\u00e9 exceptionnelle. Comptant parmi les marques de cigares suisses les plus traditionnelles, ils allient des tabacs de grande qualit\u00e9, un savoir-faire m\u00e9ticuleux et un profil aromatique agr\u00e9ablement doux. <\/p>\n<p>Ce m\u00e9lange \u00e9quilibr\u00e9 de tabacs d&rsquo;Am\u00e9rique du Sud et d&rsquo;Indon\u00e9sie est envelopp\u00e9 dans une fine cape br\u00e9silienne. Il en r\u00e9sulte une fum\u00e9e harmonieuse et douce, aux subtiles notes de moka sucr\u00e9es et \u00e9pic\u00e9es \u2013 id\u00e9ale pour ceux qui appr\u00e9cient une fum\u00e9e \u00e0 la fois douce et distinctive. <\/p>\n<p>Gr\u00e2ce \u00e0 leur format pratique, les Villiger Mocca Stumpen offrent environ 15 \u00e0 20 minutes de plaisir \u2013 parfaits pour une courte pause, avec un caf\u00e9 ou comme compagnon d\u00e9contract\u00e9 au quotidien.<\/p>\n<p>Points forts du produit<\/p>\n<ul>\n<li>Ar\u00f4me doux et \u00e9quilibr\u00e9 avec une subtile note de moka<\/li>\n<li>M\u00e9lange de tabacs de haute qualit\u00e9 provenant d&amp;#39;Am\u00e9rique du Sud et d&amp;#39;Indon\u00e9sie<\/li>\n<li>Emballage br\u00e9silien exquis<\/li>\n<li>Dur\u00e9e de fumage : environ 15 \u00e0 20 minutes<\/li>\n<li>Format : longueur env. 100 mm \/ \u00d8 17 mm<\/li>\n<li>Lot de 10, pratique et id\u00e9al pour les d\u00e9placements ou comme cadeau.<\/li>\n<\/ul>\n<p>&nbsp;<\/p>\n<p>Pourquoi Villiger Mocca ?<\/p>\n<p>Avec les cigares Villiger Mocca Stumpen, vous optez pour l&rsquo;authentique tradition suisse et une qualit\u00e9 constante. Leur force mod\u00e9r\u00e9e, leur profondeur aromatique et leur format pratique en font le choix id\u00e9al pour les n\u00e9ophytes comme pour les connaisseurs avertis. <\/p>\n<p>D\u00e9couvrez et profitez d\u00e8s maintenant<\/p>\n<p>Offrez-vous une pause d\u00e9tente avec Villiger Mocca Stumpen et d\u00e9couvrez pourquoi ce classique ravit des g\u00e9n\u00e9rations.<\/p>\n<p>Chez tabakversand.ch, vos cigares Villiger Mocca vous sont livr\u00e9s dans des conditions de conservation optimales, dans leur emballage d&rsquo;origine. Un stockage soign\u00e9 garantit la pr\u00e9servation parfaite de leur ar\u00f4me, de leur humidit\u00e9 et de leur qualit\u00e9 jusqu&rsquo;\u00e0 l&rsquo;exp\u00e9dition. Gr\u00e2ce \u00e0 une livraison rapide en Suisse, vos cigares vous parviennent g\u00e9n\u00e9ralement tr\u00e8s rapidement.  <\/p>\n<p>Pour plus d&rsquo;informations sur le fabricant, Villiger S\u00f6hne Holding, veuillez consulter la page Wikip\u00e9dia correspondante&nbsp;: <a href=\"https:\/\/de.wikipedia.org\/wiki\/Villiger_S%C3%B6hne_Holding\">cliquez ici<\/a> . Si vous avez des questions concernant le produit, n&rsquo;h\u00e9sitez pas \u00e0 nous contacter&nbsp;: <a href=\"https:\/\/www.tabakversand.ch\/kontakt\/\">cliquez ici<\/a> . <\/p>\n<p>Tous les prix s&rsquo;appliquent uniquement aux commandes en ligne et incluent la TVA. Sous r\u00e9serve de modifications sans pr\u00e9avis, frais de livraison en sus. Sous r\u00e9serve d&rsquo;erreurs, de modifications de contenu de livraison et de conception, de fautes d&rsquo;impression et de modifications de prix. Les prix barr\u00e9s sont des prix de remplacement. Les illustrations peuvent diff\u00e9rer de l&rsquo;original\/du contenu de livraison.<br \/>\n*Livraison gratuite pour les commandes sup\u00e9rieures \u00e0 CHF 250.-.<\/p>\n","protected":false},"excerpt":{"rendered":"<p>Villiger Mocca Cigares \/ stums fabriqu\u00e9s \u00e0 la machine \u2013 Doux, aromatiques et classiques intemporels &nbsp; 1 x 10 pi\u00e8ces Depuis des d\u00e9cennies, les cigares Villiger Mocca sont synonymes de plaisir de fumer fiable et sans artifice, d&rsquo;une qualit\u00e9 exceptionnelle. Comptant parmi les marques de cigares suisses les plus traditionnelles, ils allient des tabacs de [&hellip;]<\/p>\n","protected":false},"featured_media":61513,"template":"","meta":[],"product_brand":[1538],"product_cat":[1994,2190],"product_tag":[],"class_list":{"0":"post-61508","1":"product","2":"type-product","3":"status-publish","4":"has-post-thumbnail","6":"product_brand-villiger","7":"product_cat-monde-du-cigare","8":"product_cat-souches-de-cigares-de-tete","10":"first","11":"instock","12":"purchasable","13":"product-type-simple"},"yoast_head":"<!-- This site is optimized with the Yoast SEO plugin v27.0 - https:\/\/yoast.com\/product\/yoast-seo-wordpress\/ -->\n<title>Mocassins Villiger Stumpen \u2013 Achetez le classique suisse en ligne<\/title>\n<meta name=\"description\" content=\"Un cigare traditionnel \u00e0 l&#039;ar\u00f4me subtil\u00a0: le Villiger Mocca s\u00e9duit par son m\u00e9lange de tabacs \u00e9quilibr\u00e9 et sa fum\u00e9e onctueuse. \u00c0 d\u00e9couvrir sans plus attendre\u00a0!\" \/>\n<meta name=\"robots\" content=\"index, follow, max-snippet:-1, max-image-preview:large, max-video-preview:-1\" \/>\n<link rel=\"canonical\" href=\"https:\/\/www.tabakversand.ch\/fr\/produit\/villiger-mocca\/\" \/>\n<meta property=\"og:locale\" content=\"fr_FR\" \/>\n<meta property=\"og:type\" content=\"article\" \/>\n<meta property=\"og:title\" content=\"Mocassins Villiger Stumpen \u2013 Achetez le classique suisse en ligne\" \/>\n<meta property=\"og:description\" content=\"Un cigare traditionnel \u00e0 l&#039;ar\u00f4me subtil\u00a0: le Villiger Mocca s\u00e9duit par son m\u00e9lange de tabacs \u00e9quilibr\u00e9 et sa fum\u00e9e onctueuse. \u00c0 d\u00e9couvrir sans plus attendre\u00a0!\" \/>\n<meta property=\"og:url\" content=\"https:\/\/www.tabakversand.ch\/fr\/produit\/villiger-mocca\/\" \/>\n<meta property=\"og:site_name\" content=\"Tabakversand.ch | Alles aus der Welt des Tabaks\" \/>\n<meta property=\"article:modified_time\" content=\"2026-03-24T10:29:55+00:00\" \/>\n<meta property=\"og:image\" content=\"https:\/\/www.tabakversand.ch\/wp-content\/uploads\/2022\/03\/villiger-mocca.jpg\" \/>\n\t<meta property=\"og:image:width\" content=\"450\" \/>\n\t<meta property=\"og:image:height\" content=\"450\" \/>\n\t<meta property=\"og:image:type\" content=\"image\/jpeg\" \/>\n<meta name=\"twitter:card\" content=\"summary_large_image\" \/>\n<meta name=\"twitter:label1\" content=\"Dur\u00e9e de lecture estim\u00e9e\" \/>\n\t<meta name=\"twitter:data1\" content=\"2 minutes\" \/>\n<script type=\"application\/ld+json\" class=\"yoast-schema-graph\">{\"@context\":\"https:\/\/schema.org\",\"@graph\":[{\"@type\":\"WebPage\",\"@id\":\"https:\/\/www.tabakversand.ch\/fr\/produit\/villiger-mocca\/\",\"url\":\"https:\/\/www.tabakversand.ch\/fr\/produit\/villiger-mocca\/\",\"name\":\"Mocassins Villiger Stumpen \u2013 Achetez le classique suisse en ligne\",\"isPartOf\":{\"@id\":\"https:\/\/www.tabakversand.ch\/#website\"},\"primaryImageOfPage\":{\"@id\":\"https:\/\/www.tabakversand.ch\/fr\/produit\/villiger-mocca\/#primaryimage\"},\"image\":{\"@id\":\"https:\/\/www.tabakversand.ch\/fr\/produit\/villiger-mocca\/#primaryimage\"},\"thumbnailUrl\":\"https:\/\/www.tabakversand.ch\/wp-content\/uploads\/2022\/03\/villiger-mocca.jpg\",\"datePublished\":\"2022-04-02T09:34:26+00:00\",\"dateModified\":\"2026-03-24T10:29:55+00:00\",\"description\":\"Un cigare traditionnel \u00e0 l'ar\u00f4me subtil\u00a0: le Villiger Mocca s\u00e9duit par son m\u00e9lange de tabacs \u00e9quilibr\u00e9 et sa fum\u00e9e onctueuse. \u00c0 d\u00e9couvrir sans plus attendre\u00a0!\",\"breadcrumb\":{\"@id\":\"https:\/\/www.tabakversand.ch\/fr\/produit\/villiger-mocca\/#breadcrumb\"},\"inLanguage\":\"fr-FR\",\"potentialAction\":[{\"@type\":\"ReadAction\",\"target\":[\"https:\/\/www.tabakversand.ch\/fr\/produit\/villiger-mocca\/\"]}]},{\"@type\":\"ImageObject\",\"inLanguage\":\"fr-FR\",\"@id\":\"https:\/\/www.tabakversand.ch\/fr\/produit\/villiger-mocca\/#primaryimage\",\"url\":\"https:\/\/www.tabakversand.ch\/wp-content\/uploads\/2022\/03\/villiger-mocca.jpg\",\"contentUrl\":\"https:\/\/www.tabakversand.ch\/wp-content\/uploads\/2022\/03\/villiger-mocca.jpg\",\"width\":450,\"height\":450,\"caption\":\"Villiger Mocca\"},{\"@type\":\"BreadcrumbList\",\"@id\":\"https:\/\/www.tabakversand.ch\/fr\/produit\/villiger-mocca\/#breadcrumb\",\"itemListElement\":[{\"@type\":\"ListItem\",\"position\":1,\"name\":\"Startseite\",\"item\":\"https:\/\/www.tabakversand.ch\/\"},{\"@type\":\"ListItem\",\"position\":2,\"name\":\"Boutique\",\"item\":\"https:\/\/www.tabakversand.ch\/fr\/boutique\/\"},{\"@type\":\"ListItem\",\"position\":3,\"name\":\"Villiger Mocca\"}]},{\"@type\":\"WebSite\",\"@id\":\"https:\/\/www.tabakversand.ch\/#website\",\"url\":\"https:\/\/www.tabakversand.ch\/\",\"name\":\"Tabakversand.ch | Alles aus der Welt des Tabaks\",\"description\":\"Smoke and carpe diem\",\"potentialAction\":[{\"@type\":\"SearchAction\",\"target\":{\"@type\":\"EntryPoint\",\"urlTemplate\":\"https:\/\/www.tabakversand.ch\/?s={search_term_string}\"},\"query-input\":{\"@type\":\"PropertyValueSpecification\",\"valueRequired\":true,\"valueName\":\"search_term_string\"}}],\"inLanguage\":\"fr-FR\"}]}<\/script>\n<!-- \/ Yoast SEO plugin. -->","yoast_head_json":{"title":"Mocassins Villiger Stumpen \u2013 Achetez le classique suisse en ligne","description":"Un cigare traditionnel \u00e0 l'ar\u00f4me subtil\u00a0: le Villiger Mocca s\u00e9duit par son m\u00e9lange de tabacs \u00e9quilibr\u00e9 et sa fum\u00e9e onctueuse. \u00c0 d\u00e9couvrir sans plus attendre\u00a0!","robots":{"index":"index","follow":"follow","max-snippet":"max-snippet:-1","max-image-preview":"max-image-preview:large","max-video-preview":"max-video-preview:-1"},"canonical":"https:\/\/www.tabakversand.ch\/fr\/produit\/villiger-mocca\/","og_locale":"fr_FR","og_type":"article","og_title":"Mocassins Villiger Stumpen \u2013 Achetez le classique suisse en ligne","og_description":"Un cigare traditionnel \u00e0 l'ar\u00f4me subtil\u00a0: le Villiger Mocca s\u00e9duit par son m\u00e9lange de tabacs \u00e9quilibr\u00e9 et sa fum\u00e9e onctueuse. \u00c0 d\u00e9couvrir sans plus attendre\u00a0!","og_url":"https:\/\/www.tabakversand.ch\/fr\/produit\/villiger-mocca\/","og_site_name":"Tabakversand.ch | Alles aus der Welt des Tabaks","article_modified_time":"2026-03-24T10:29:55+00:00","og_image":[{"width":450,"height":450,"url":"https:\/\/www.tabakversand.ch\/wp-content\/uploads\/2022\/03\/villiger-mocca.jpg","type":"image\/jpeg"}],"twitter_card":"summary_large_image","twitter_misc":{"Dur\u00e9e de lecture estim\u00e9e":"2 minutes"},"schema":{"@context":"https:\/\/schema.org","@graph":[{"@type":"WebPage","@id":"https:\/\/www.tabakversand.ch\/fr\/produit\/villiger-mocca\/","url":"https:\/\/www.tabakversand.ch\/fr\/produit\/villiger-mocca\/","name":"Mocassins Villiger Stumpen \u2013 Achetez le classique suisse en ligne","isPartOf":{"@id":"https:\/\/www.tabakversand.ch\/#website"},"primaryImageOfPage":{"@id":"https:\/\/www.tabakversand.ch\/fr\/produit\/villiger-mocca\/#primaryimage"},"image":{"@id":"https:\/\/www.tabakversand.ch\/fr\/produit\/villiger-mocca\/#primaryimage"},"thumbnailUrl":"https:\/\/www.tabakversand.ch\/wp-content\/uploads\/2022\/03\/villiger-mocca.jpg","datePublished":"2022-04-02T09:34:26+00:00","dateModified":"2026-03-24T10:29:55+00:00","description":"Un cigare traditionnel \u00e0 l'ar\u00f4me subtil\u00a0: le Villiger Mocca s\u00e9duit par son m\u00e9lange de tabacs \u00e9quilibr\u00e9 et sa fum\u00e9e onctueuse. \u00c0 d\u00e9couvrir sans plus attendre\u00a0!","breadcrumb":{"@id":"https:\/\/www.tabakversand.ch\/fr\/produit\/villiger-mocca\/#breadcrumb"},"inLanguage":"fr-FR","potentialAction":[{"@type":"ReadAction","target":["https:\/\/www.tabakversand.ch\/fr\/produit\/villiger-mocca\/"]}]},{"@type":"ImageObject","inLanguage":"fr-FR","@id":"https:\/\/www.tabakversand.ch\/fr\/produit\/villiger-mocca\/#primaryimage","url":"https:\/\/www.tabakversand.ch\/wp-content\/uploads\/2022\/03\/villiger-mocca.jpg","contentUrl":"https:\/\/www.tabakversand.ch\/wp-content\/uploads\/2022\/03\/villiger-mocca.jpg","width":450,"height":450,"caption":"Villiger Mocca"},{"@type":"BreadcrumbList","@id":"https:\/\/www.tabakversand.ch\/fr\/produit\/villiger-mocca\/#breadcrumb","itemListElement":[{"@type":"ListItem","position":1,"name":"Startseite","item":"https:\/\/www.tabakversand.ch\/"},{"@type":"ListItem","position":2,"name":"Boutique","item":"https:\/\/www.tabakversand.ch\/fr\/boutique\/"},{"@type":"ListItem","position":3,"name":"Villiger Mocca"}]},{"@type":"WebSite","@id":"https:\/\/www.tabakversand.ch\/#website","url":"https:\/\/www.tabakversand.ch\/","name":"Tabakversand.ch | Alles aus der Welt des Tabaks","description":"Smoke and carpe diem","potentialAction":[{"@type":"SearchAction","target":{"@type":"EntryPoint","urlTemplate":"https:\/\/www.tabakversand.ch\/?s={search_term_string}"},"query-input":{"@type":"PropertyValueSpecification","valueRequired":true,"valueName":"search_term_string"}}],"inLanguage":"fr-FR"}]}},"_links":{"self":[{"href":"https:\/\/www.tabakversand.ch\/fr\/wp-json\/wp\/v2\/product\/61508","targetHints":{"allow":["GET"]}}],"collection":[{"href":"https:\/\/www.tabakversand.ch\/fr\/wp-json\/wp\/v2\/product"}],"about":[{"href":"https:\/\/www.tabakversand.ch\/fr\/wp-json\/wp\/v2\/types\/product"}],"version-history":[{"count":2,"href":"https:\/\/www.tabakversand.ch\/fr\/wp-json\/wp\/v2\/product\/61508\/revisions"}],"predecessor-version":[{"id":215900,"href":"https:\/\/www.tabakversand.ch\/fr\/wp-json\/wp\/v2\/product\/61508\/revisions\/215900"}],"wp:featuredmedia":[{"embeddable":true,"href":"https:\/\/www.tabakversand.ch\/fr\/wp-json\/wp\/v2\/media\/61513"}],"wp:attachment":[{"href":"https:\/\/www.tabakversand.ch\/fr\/wp-json\/wp\/v2\/media?parent=61508"}],"wp:term":[{"taxonomy":"product_brand","embeddable":true,"href":"https:\/\/www.tabakversand.ch\/fr\/wp-json\/wp\/v2\/product_brand?post=61508"},{"taxonomy":"product_cat","embeddable":true,"href":"https:\/\/www.tabakversand.ch\/fr\/wp-json\/wp\/v2\/product_cat?post=61508"},{"taxonomy":"product_tag","embeddable":true,"href":"https:\/\/www.tabakversand.ch\/fr\/wp-json\/wp\/v2\/product_tag?post=61508"}],"curies":[{"name":"wp","href":"https:\/\/api.w.org\/{rel}","templated":true}]}}