{"id":61527,"date":"2022-04-02T11:34:26","date_gmt":"2022-04-02T09:34:26","guid":{"rendered":"http:\/\/www.tabakversand.ch\/produkt\/villiger-premium-no-7-bresil\/"},"modified":"2026-03-23T15:19:59","modified_gmt":"2026-03-23T14:19:59","slug":"villiger-premium-no-7-brasil","status":"publish","type":"product","link":"https:\/\/www.tabakversand.ch\/fr\/produit\/villiger-premium-no-7-brasil\/","title":{"rendered":"Villiger Premium No 7 Br\u00e9sil"},"content":{"rendered":"<h1>Villiger Premium No 7 Br\u00e9sil<\/h1>\n<p>Cigares\/souches fabriqu\u00e9s \u00e0 la machine \u2013 Un plaisir cors\u00e9 avec une vari\u00e9t\u00e9 d&rsquo;ar\u00f4mes br\u00e9siliens<\/p>\n<ul>\n<li>1 x 5 pi\u00e8ces.<\/li>\n<\/ul>\n<p>&nbsp;<\/p>\n<p>Le Villiger Premium No. 7 Brasil impressionne par son ar\u00f4me exceptionnellement riche et cors\u00e9. Ceci est d\u00fb \u00e0 son m\u00e9lange soigneusement \u00e9labor\u00e9 de tabacs br\u00e9siliens vari\u00e9s, qui lui conf\u00e8re un profil aromatique particuli\u00e8rement riche et harmonieux. La cape br\u00e9silienne de qualit\u00e9 sup\u00e9rieure sublime ces ar\u00f4mes et garantit le plaisir doux, \u00e9pic\u00e9 et l\u00e9g\u00e8rement sucr\u00e9 caract\u00e9ristique de ce cigare.  <\/p>\n<p>\u2728 Points forts en un coup d&rsquo;\u0153il&nbsp;:<\/p>\n<p>M\u00e9lange complexe de tabacs avec des tabacs de remplissage br\u00e9siliens<\/p>\n<p>Cape br\u00e9silienne pour un ar\u00f4me intense.<\/p>\n<p>Saveur riche et aromatique avec une douce saveur.<\/p>\n<p>caract\u00e9ristiques de combustion uniforme et de fum\u00e9e agr\u00e9able<\/p>\n<p>Que ce soit pour un court moment de plaisir entre deux activit\u00e9s ou pour terminer la journ\u00e9e en beaut\u00e9, ce cigare offre une exp\u00e9rience de fumage authentique et \u00e9quilibr\u00e9e, avec un caract\u00e8re particulier.<\/p>\n<p>\ud83d\udccf Sp\u00e9cifications :<\/p>\n<p>Longueur : 101 mm<\/p>\n<p>Dur\u00e9e de fumage : environ 15 minutes<\/p>\n<p>\ud83d\udca8 Conseil pour en profiter :<br \/>\n \u00c0 d\u00e9guster de pr\u00e9f\u00e9rence pur pour appr\u00e9cier pleinement la diversit\u00e9 des ar\u00f4mes des tabacs br\u00e9siliens.<\/p>\n<p>\ud83d\udcab Conclusion :<br \/>\n Le Villiger Premium No. 7 Brasil est le choix id\u00e9al pour les connaisseurs \u00e0 la recherche d&rsquo;une exp\u00e9rience de fumage intense, aromatique et \u00e9quilibr\u00e9e dans un format compact.<\/p>\n<p>Chez tabakversand.ch, vos cigares Villiger Premium No. 7 Brasil vous sont livr\u00e9s dans leur emballage d&rsquo;origine, soigneusement conserv\u00e9s. Un stockage rigoureux garantit la pr\u00e9servation optimale de leur ar\u00f4me, de leur humidit\u00e9 et de leur qualit\u00e9 jusqu&rsquo;\u00e0 l&rsquo;exp\u00e9dition. Gr\u00e2ce \u00e0 une livraison rapide en Suisse, vos cigares vous parviennent g\u00e9n\u00e9ralement tr\u00e8s rapidement.  <\/p>\n<p>Pour plus d&rsquo;informations sur le fabricant, Villiger S\u00f6hne Holding, veuillez consulter la page Wikip\u00e9dia correspondante&nbsp;: <a href=\"https:\/\/de.wikipedia.org\/wiki\/Villiger_S%C3%B6hne_Holding\">cliquez ici<\/a> . Si vous avez des questions concernant le produit, n&rsquo;h\u00e9sitez pas \u00e0 nous contacter&nbsp;: <a href=\"https:\/\/www.tabakversand.ch\/kontakt\/\">cliquez ici<\/a> . <\/p>\n<p>Tous les prix s&rsquo;appliquent uniquement aux commandes en ligne et incluent la TVA. Sous r\u00e9serve de modifications sans pr\u00e9avis, frais de livraison en sus. Sous r\u00e9serve d&rsquo;erreurs, de modifications de contenu de livraison et de conception, de fautes d&rsquo;impression et de modifications de prix. Les prix barr\u00e9s sont des prix de remplacement. Les illustrations peuvent diff\u00e9rer de l&rsquo;original\/du contenu de livraison.<br \/>\n*Livraison gratuite pour les commandes sup\u00e9rieures \u00e0 CHF 250.-.<\/p>\n","protected":false},"excerpt":{"rendered":"<p>Villiger Premium No 7 Br\u00e9sil Cigares\/souches fabriqu\u00e9s \u00e0 la machine \u2013 Un plaisir cors\u00e9 avec une vari\u00e9t\u00e9 d&rsquo;ar\u00f4mes br\u00e9siliens 1 x 5 pi\u00e8ces. &nbsp; Le Villiger Premium No. 7 Brasil impressionne par son ar\u00f4me exceptionnellement riche et cors\u00e9. Ceci est d\u00fb \u00e0 son m\u00e9lange soigneusement \u00e9labor\u00e9 de tabacs br\u00e9siliens vari\u00e9s, qui lui conf\u00e8re un profil [&hellip;]<\/p>\n","protected":false},"featured_media":61532,"template":"","meta":[],"product_brand":[1538],"product_cat":[1994,2190],"product_tag":[],"class_list":{"0":"post-61527","1":"product","2":"type-product","3":"status-publish","4":"has-post-thumbnail","6":"product_brand-villiger","7":"product_cat-monde-du-cigare","8":"product_cat-souches-de-cigares-de-tete","10":"first","11":"instock","12":"purchasable","13":"product-type-simple"},"yoast_head":"<!-- This site is optimized with the Yoast SEO plugin v27.0 - https:\/\/yoast.com\/product\/yoast-seo-wordpress\/ -->\n<title>Acheter Villiger Premium N\u00b07 Br\u00e9sil<\/title>\n<meta name=\"description\" content=\"Achetez Villiger Premium No. 7 Br\u00e9sil en ligne \u2713 Saveur riche gr\u00e2ce \u00e0 un m\u00e9lange de tabacs br\u00e9siliens \u2713 Aromatique et \u00e9quilibr\u00e9\" \/>\n<meta name=\"robots\" content=\"index, follow, max-snippet:-1, max-image-preview:large, max-video-preview:-1\" \/>\n<link rel=\"canonical\" href=\"https:\/\/www.tabakversand.ch\/fr\/produit\/villiger-premium-no-7-brasil\/\" \/>\n<meta property=\"og:locale\" content=\"fr_FR\" \/>\n<meta property=\"og:type\" content=\"article\" \/>\n<meta property=\"og:title\" content=\"Acheter Villiger Premium N\u00b07 Br\u00e9sil\" \/>\n<meta property=\"og:description\" content=\"Achetez Villiger Premium No. 7 Br\u00e9sil en ligne \u2713 Saveur riche gr\u00e2ce \u00e0 un m\u00e9lange de tabacs br\u00e9siliens \u2713 Aromatique et \u00e9quilibr\u00e9\" \/>\n<meta property=\"og:url\" content=\"https:\/\/www.tabakversand.ch\/fr\/produit\/villiger-premium-no-7-brasil\/\" \/>\n<meta property=\"og:site_name\" content=\"Tabakversand.ch | Alles aus der Welt des Tabaks\" \/>\n<meta property=\"article:modified_time\" content=\"2026-03-23T14:19:59+00:00\" \/>\n<meta property=\"og:image\" content=\"https:\/\/www.tabakversand.ch\/wp-content\/uploads\/2022\/03\/villiger-premium-no7-brasil.jpg\" \/>\n\t<meta property=\"og:image:width\" content=\"450\" \/>\n\t<meta property=\"og:image:height\" content=\"450\" \/>\n\t<meta property=\"og:image:type\" content=\"image\/jpeg\" \/>\n<meta name=\"twitter:card\" content=\"summary_large_image\" \/>\n<meta name=\"twitter:label1\" content=\"Dur\u00e9e de lecture estim\u00e9e\" \/>\n\t<meta name=\"twitter:data1\" content=\"2 minutes\" \/>\n<script type=\"application\/ld+json\" class=\"yoast-schema-graph\">{\"@context\":\"https:\/\/schema.org\",\"@graph\":[{\"@type\":\"WebPage\",\"@id\":\"https:\/\/www.tabakversand.ch\/fr\/produit\/villiger-premium-no-7-brasil\/\",\"url\":\"https:\/\/www.tabakversand.ch\/fr\/produit\/villiger-premium-no-7-brasil\/\",\"name\":\"Acheter Villiger Premium N\u00b07 Br\u00e9sil\",\"isPartOf\":{\"@id\":\"https:\/\/www.tabakversand.ch\/#website\"},\"primaryImageOfPage\":{\"@id\":\"https:\/\/www.tabakversand.ch\/fr\/produit\/villiger-premium-no-7-brasil\/#primaryimage\"},\"image\":{\"@id\":\"https:\/\/www.tabakversand.ch\/fr\/produit\/villiger-premium-no-7-brasil\/#primaryimage\"},\"thumbnailUrl\":\"https:\/\/www.tabakversand.ch\/wp-content\/uploads\/2022\/03\/villiger-premium-no7-brasil.jpg\",\"datePublished\":\"2022-04-02T09:34:26+00:00\",\"dateModified\":\"2026-03-23T14:19:59+00:00\",\"description\":\"Achetez Villiger Premium No. 7 Br\u00e9sil en ligne \u2713 Saveur riche gr\u00e2ce \u00e0 un m\u00e9lange de tabacs br\u00e9siliens \u2713 Aromatique et \u00e9quilibr\u00e9\",\"breadcrumb\":{\"@id\":\"https:\/\/www.tabakversand.ch\/fr\/produit\/villiger-premium-no-7-brasil\/#breadcrumb\"},\"inLanguage\":\"fr-FR\",\"potentialAction\":[{\"@type\":\"ReadAction\",\"target\":[\"https:\/\/www.tabakversand.ch\/fr\/produit\/villiger-premium-no-7-brasil\/\"]}]},{\"@type\":\"ImageObject\",\"inLanguage\":\"fr-FR\",\"@id\":\"https:\/\/www.tabakversand.ch\/fr\/produit\/villiger-premium-no-7-brasil\/#primaryimage\",\"url\":\"https:\/\/www.tabakversand.ch\/wp-content\/uploads\/2022\/03\/villiger-premium-no7-brasil.jpg\",\"contentUrl\":\"https:\/\/www.tabakversand.ch\/wp-content\/uploads\/2022\/03\/villiger-premium-no7-brasil.jpg\",\"width\":450,\"height\":450,\"caption\":\"Villiger Premium No 7 Br\u00e9sil\"},{\"@type\":\"BreadcrumbList\",\"@id\":\"https:\/\/www.tabakversand.ch\/fr\/produit\/villiger-premium-no-7-brasil\/#breadcrumb\",\"itemListElement\":[{\"@type\":\"ListItem\",\"position\":1,\"name\":\"Startseite\",\"item\":\"https:\/\/www.tabakversand.ch\/\"},{\"@type\":\"ListItem\",\"position\":2,\"name\":\"Boutique\",\"item\":\"https:\/\/www.tabakversand.ch\/fr\/boutique\/\"},{\"@type\":\"ListItem\",\"position\":3,\"name\":\"Villiger Premium No 7 Br\u00e9sil\"}]},{\"@type\":\"WebSite\",\"@id\":\"https:\/\/www.tabakversand.ch\/#website\",\"url\":\"https:\/\/www.tabakversand.ch\/\",\"name\":\"Tabakversand.ch | Alles aus der Welt des Tabaks\",\"description\":\"Smoke and carpe diem\",\"potentialAction\":[{\"@type\":\"SearchAction\",\"target\":{\"@type\":\"EntryPoint\",\"urlTemplate\":\"https:\/\/www.tabakversand.ch\/?s={search_term_string}\"},\"query-input\":{\"@type\":\"PropertyValueSpecification\",\"valueRequired\":true,\"valueName\":\"search_term_string\"}}],\"inLanguage\":\"fr-FR\"}]}<\/script>\n<!-- \/ Yoast SEO plugin. -->","yoast_head_json":{"title":"Acheter Villiger Premium N\u00b07 Br\u00e9sil","description":"Achetez Villiger Premium No. 7 Br\u00e9sil en ligne \u2713 Saveur riche gr\u00e2ce \u00e0 un m\u00e9lange de tabacs br\u00e9siliens \u2713 Aromatique et \u00e9quilibr\u00e9","robots":{"index":"index","follow":"follow","max-snippet":"max-snippet:-1","max-image-preview":"max-image-preview:large","max-video-preview":"max-video-preview:-1"},"canonical":"https:\/\/www.tabakversand.ch\/fr\/produit\/villiger-premium-no-7-brasil\/","og_locale":"fr_FR","og_type":"article","og_title":"Acheter Villiger Premium N\u00b07 Br\u00e9sil","og_description":"Achetez Villiger Premium No. 7 Br\u00e9sil en ligne \u2713 Saveur riche gr\u00e2ce \u00e0 un m\u00e9lange de tabacs br\u00e9siliens \u2713 Aromatique et \u00e9quilibr\u00e9","og_url":"https:\/\/www.tabakversand.ch\/fr\/produit\/villiger-premium-no-7-brasil\/","og_site_name":"Tabakversand.ch | Alles aus der Welt des Tabaks","article_modified_time":"2026-03-23T14:19:59+00:00","og_image":[{"width":450,"height":450,"url":"https:\/\/www.tabakversand.ch\/wp-content\/uploads\/2022\/03\/villiger-premium-no7-brasil.jpg","type":"image\/jpeg"}],"twitter_card":"summary_large_image","twitter_misc":{"Dur\u00e9e de lecture estim\u00e9e":"2 minutes"},"schema":{"@context":"https:\/\/schema.org","@graph":[{"@type":"WebPage","@id":"https:\/\/www.tabakversand.ch\/fr\/produit\/villiger-premium-no-7-brasil\/","url":"https:\/\/www.tabakversand.ch\/fr\/produit\/villiger-premium-no-7-brasil\/","name":"Acheter Villiger Premium N\u00b07 Br\u00e9sil","isPartOf":{"@id":"https:\/\/www.tabakversand.ch\/#website"},"primaryImageOfPage":{"@id":"https:\/\/www.tabakversand.ch\/fr\/produit\/villiger-premium-no-7-brasil\/#primaryimage"},"image":{"@id":"https:\/\/www.tabakversand.ch\/fr\/produit\/villiger-premium-no-7-brasil\/#primaryimage"},"thumbnailUrl":"https:\/\/www.tabakversand.ch\/wp-content\/uploads\/2022\/03\/villiger-premium-no7-brasil.jpg","datePublished":"2022-04-02T09:34:26+00:00","dateModified":"2026-03-23T14:19:59+00:00","description":"Achetez Villiger Premium No. 7 Br\u00e9sil en ligne \u2713 Saveur riche gr\u00e2ce \u00e0 un m\u00e9lange de tabacs br\u00e9siliens \u2713 Aromatique et \u00e9quilibr\u00e9","breadcrumb":{"@id":"https:\/\/www.tabakversand.ch\/fr\/produit\/villiger-premium-no-7-brasil\/#breadcrumb"},"inLanguage":"fr-FR","potentialAction":[{"@type":"ReadAction","target":["https:\/\/www.tabakversand.ch\/fr\/produit\/villiger-premium-no-7-brasil\/"]}]},{"@type":"ImageObject","inLanguage":"fr-FR","@id":"https:\/\/www.tabakversand.ch\/fr\/produit\/villiger-premium-no-7-brasil\/#primaryimage","url":"https:\/\/www.tabakversand.ch\/wp-content\/uploads\/2022\/03\/villiger-premium-no7-brasil.jpg","contentUrl":"https:\/\/www.tabakversand.ch\/wp-content\/uploads\/2022\/03\/villiger-premium-no7-brasil.jpg","width":450,"height":450,"caption":"Villiger Premium No 7 Br\u00e9sil"},{"@type":"BreadcrumbList","@id":"https:\/\/www.tabakversand.ch\/fr\/produit\/villiger-premium-no-7-brasil\/#breadcrumb","itemListElement":[{"@type":"ListItem","position":1,"name":"Startseite","item":"https:\/\/www.tabakversand.ch\/"},{"@type":"ListItem","position":2,"name":"Boutique","item":"https:\/\/www.tabakversand.ch\/fr\/boutique\/"},{"@type":"ListItem","position":3,"name":"Villiger Premium No 7 Br\u00e9sil"}]},{"@type":"WebSite","@id":"https:\/\/www.tabakversand.ch\/#website","url":"https:\/\/www.tabakversand.ch\/","name":"Tabakversand.ch | Alles aus der Welt des Tabaks","description":"Smoke and carpe diem","potentialAction":[{"@type":"SearchAction","target":{"@type":"EntryPoint","urlTemplate":"https:\/\/www.tabakversand.ch\/?s={search_term_string}"},"query-input":{"@type":"PropertyValueSpecification","valueRequired":true,"valueName":"search_term_string"}}],"inLanguage":"fr-FR"}]}},"_links":{"self":[{"href":"https:\/\/www.tabakversand.ch\/fr\/wp-json\/wp\/v2\/product\/61527","targetHints":{"allow":["GET"]}}],"collection":[{"href":"https:\/\/www.tabakversand.ch\/fr\/wp-json\/wp\/v2\/product"}],"about":[{"href":"https:\/\/www.tabakversand.ch\/fr\/wp-json\/wp\/v2\/types\/product"}],"version-history":[{"count":2,"href":"https:\/\/www.tabakversand.ch\/fr\/wp-json\/wp\/v2\/product\/61527\/revisions"}],"predecessor-version":[{"id":215881,"href":"https:\/\/www.tabakversand.ch\/fr\/wp-json\/wp\/v2\/product\/61527\/revisions\/215881"}],"wp:featuredmedia":[{"embeddable":true,"href":"https:\/\/www.tabakversand.ch\/fr\/wp-json\/wp\/v2\/media\/61532"}],"wp:attachment":[{"href":"https:\/\/www.tabakversand.ch\/fr\/wp-json\/wp\/v2\/media?parent=61527"}],"wp:term":[{"taxonomy":"product_brand","embeddable":true,"href":"https:\/\/www.tabakversand.ch\/fr\/wp-json\/wp\/v2\/product_brand?post=61527"},{"taxonomy":"product_cat","embeddable":true,"href":"https:\/\/www.tabakversand.ch\/fr\/wp-json\/wp\/v2\/product_cat?post=61527"},{"taxonomy":"product_tag","embeddable":true,"href":"https:\/\/www.tabakversand.ch\/fr\/wp-json\/wp\/v2\/product_tag?post=61527"}],"curies":[{"name":"wp","href":"https:\/\/api.w.org\/{rel}","templated":true}]}}