{"id":61537,"date":"2022-04-02T11:34:16","date_gmt":"2022-04-02T09:34:16","guid":{"rendered":"http:\/\/www.tabakversand.ch\/produkt\/melange-de-tabac-a-pipe-city\/"},"modified":"2026-04-14T15:07:56","modified_gmt":"2026-04-14T13:07:56","slug":"melange-de-tabac-a-pipe-de-ville","status":"publish","type":"product","link":"https:\/\/www.tabakversand.ch\/fr\/produit\/melange-de-tabac-a-pipe-de-ville\/","title":{"rendered":"m\u00e9lange urbain"},"content":{"rendered":"<h1>m\u00e9lange urbain<\/h1>\n<p>Tabac \u00e0 pipe en vrac de qualit\u00e9 sup\u00e9rieure, doux, avec une l\u00e9g\u00e8re note de vanille.<\/p>\n<ul>\n<li>1 x 100 g<\/li>\n<\/ul>\n<p>&nbsp;<\/p>\n<p>D\u00e9couvrez l&rsquo;exquis tabac \u00e0 pipe City Blend, disponible en vrac pour une fra\u00eecheur optimale et en portions individuelles. Ce m\u00e9lange de haute qualit\u00e9 associe un tabac Virginie aromatique \u00e0 des tabacs \u00e0 fumer riches et est rehauss\u00e9 de d\u00e9licates notes de vanille pour une exp\u00e9rience de fumage incomparablement douce et aromatique. <\/p>\n<p>D\u00e8s l&rsquo;ouverture, un bouquet envo\u00fbtant se d\u00e9ploie, \u00e9veillant les sens. \u00c0 la d\u00e9gustation, vous d\u00e9couvrirez une saveur harmonieuse et l\u00e9g\u00e8rement sucr\u00e9e, ainsi qu&rsquo;une combustion r\u00e9guli\u00e8re qui ravira aussi bien les fumeurs de pipe d\u00e9butants que les plus exp\u00e9riment\u00e9s. Id\u00e9al pour des moments de d\u00e9tente ou des soir\u00e9es entre amis.  <\/p>\n<p>Vos avantages en un coup d&rsquo;\u0153il&nbsp;:<\/p>\n<p>\ud83c\udf42 M\u00e9lange de haute qualit\u00e9 de Virginie aromatique et de tabacs \u00e0 fumer riches<\/p>\n<p>\ud83c\udf66 Un doux ar\u00f4me de vanille pour une exp\u00e9rience gustative \u00e9quilibr\u00e9e et aromatique<\/p>\n<p>\ud83d\udd25 Combustion uniforme et fum\u00e9e douce<\/p>\n<p>\u2696\ufe0f Disponible en vrac \u2013 frais et en portions individuelles<\/p>\n<p>\ud83d\udc4c Id\u00e9al pour les fumeurs de pipe d\u00e9butants et exp\u00e9riment\u00e9s<\/p>\n<p>Offrez-vous une exp\u00e9rience de fumage de pipe luxueuse avec le tabac \u00e0 pipe ouvert Stadtmischung \u2013 frais, aromatique et parfaitement \u00e9quilibr\u00e9.<\/p>\n<p>Chez tabakversand.ch, vous recevez du tabac \u00e0 pipe City Blend en vrac, conserv\u00e9 dans des conditions optimales. Un stockage soign\u00e9 garantit la pr\u00e9servation parfaite de son ar\u00f4me, de son humidit\u00e9 et de sa qualit\u00e9 jusqu&rsquo;\u00e0 l&rsquo;exp\u00e9dition. Gr\u00e2ce \u00e0 une livraison rapide en Suisse, votre tabac \u00e0 pipe vous parvient g\u00e9n\u00e9ralement tr\u00e8s rapidement.  <\/p>\n<p>Pour plus d&rsquo;informations sur le tabac \u00e0 pipe, veuillez consulter l&rsquo;article Wikip\u00e9dia correspondant&nbsp;: <a href=\"https:\/\/de.wikipedia.org\/wiki\/Tabakpfeife#Pfeifentabak\">cliquez ici<\/a> . Si vous avez des questions concernant le produit, n&rsquo;h\u00e9sitez pas \u00e0 nous contacter&nbsp;: <a href=\"https:\/\/www.tabakversand.ch\/kontakt\/\">cliquez ici<\/a> . <\/p>\n<p>Tous les prix indiqu\u00e9s sont valables uniquement pour les commandes en ligne, TVA incluse, et peuvent \u00eatre modifi\u00e9s sans pr\u00e9avis. Les frais de port sont en sus.   Sous r\u00e9serve d&rsquo;erreurs, de modifications de l&rsquo;\u00e9tendue de la livraison et de la conception, d&rsquo;erreurs d&rsquo;impression et de modifications de prix. Les prix barr\u00e9s sont plut\u00f4t des prix. L&rsquo;illustration peut diff\u00e9rer de l&rsquo;original\/de l&rsquo;\u00e9tendue de la livraison.<br \/>\n*Livraison gratuite pour les commandes sup\u00e9rieures \u00e0 CHF 250.-.<\/p>\n","protected":false},"excerpt":{"rendered":"<p>m\u00e9lange urbain Tabac \u00e0 pipe en vrac de qualit\u00e9 sup\u00e9rieure, doux, avec une l\u00e9g\u00e8re note de vanille. 1 x 100 g &nbsp; D\u00e9couvrez l&rsquo;exquis tabac \u00e0 pipe City Blend, disponible en vrac pour une fra\u00eecheur optimale et en portions individuelles. Ce m\u00e9lange de haute qualit\u00e9 associe un tabac Virginie aromatique \u00e0 des tabacs \u00e0 fumer [&hellip;]<\/p>\n","protected":false},"featured_media":60304,"template":"","meta":[],"product_brand":[5512,5854],"product_cat":[5834,1949,2040,1888],"product_tag":[],"class_list":{"0":"post-61537","1":"product","2":"type-product","3":"status-publish","4":"has-post-thumbnail","6":"product_brand-offen-pfeifentabak","7":"product_brand-stadtmischung-pfeifentabak-offen","8":"product_cat-ouvrir","9":"product_cat-pipe-world-fr","10":"product_cat-tabac-a-pipe-fr","11":"product_cat-tabac","13":"first","14":"onbackorder","15":"purchasable","16":"product-type-simple"},"yoast_head":"<!-- This site is optimized with the Yoast SEO plugin v27.0 - https:\/\/yoast.com\/product\/yoast-seo-wordpress\/ -->\n<title>Achetez du tabac \u00e0 pipe City Blend en vrac | Aromatique et vanill\u00e9<\/title>\n<meta name=\"description\" content=\"Tabac \u00e0 pipe City Blend \u2713 M\u00e9lange de haute qualit\u00e9 de Virginie et de tabac \u00e0 fumer \u2713 Ar\u00f4me d\u00e9licat de vanille \u2713 Pr\u00eat \u00e0 portionner\" \/>\n<meta name=\"robots\" content=\"index, follow, max-snippet:-1, max-image-preview:large, max-video-preview:-1\" \/>\n<link rel=\"canonical\" href=\"https:\/\/www.tabakversand.ch\/fr\/produit\/melange-de-tabac-a-pipe-de-ville\/\" \/>\n<meta property=\"og:locale\" content=\"fr_FR\" \/>\n<meta property=\"og:type\" content=\"article\" \/>\n<meta property=\"og:title\" content=\"Achetez du tabac \u00e0 pipe City Blend en vrac | Aromatique et vanill\u00e9\" \/>\n<meta property=\"og:description\" content=\"Tabac \u00e0 pipe City Blend \u2713 M\u00e9lange de haute qualit\u00e9 de Virginie et de tabac \u00e0 fumer \u2713 Ar\u00f4me d\u00e9licat de vanille \u2713 Pr\u00eat \u00e0 portionner\" \/>\n<meta property=\"og:url\" content=\"https:\/\/www.tabakversand.ch\/fr\/produit\/melange-de-tabac-a-pipe-de-ville\/\" \/>\n<meta property=\"og:site_name\" content=\"Tabakversand.ch | Alles aus der Welt des Tabaks\" \/>\n<meta property=\"article:modified_time\" content=\"2026-04-14T13:07:56+00:00\" \/>\n<meta property=\"og:image\" content=\"https:\/\/www.tabakversand.ch\/wp-content\/uploads\/2022\/03\/tabakachermann-tabakbar.jpg\" \/>\n\t<meta property=\"og:image:width\" content=\"375\" \/>\n\t<meta property=\"og:image:height\" content=\"500\" \/>\n\t<meta property=\"og:image:type\" content=\"image\/jpeg\" \/>\n<meta name=\"twitter:card\" content=\"summary_large_image\" \/>\n<meta name=\"twitter:label1\" content=\"Dur\u00e9e de lecture estim\u00e9e\" \/>\n\t<meta name=\"twitter:data1\" content=\"2 minutes\" \/>\n<script type=\"application\/ld+json\" class=\"yoast-schema-graph\">{\"@context\":\"https:\/\/schema.org\",\"@graph\":[{\"@type\":\"WebPage\",\"@id\":\"https:\/\/www.tabakversand.ch\/fr\/produit\/melange-de-tabac-a-pipe-de-ville\/\",\"url\":\"https:\/\/www.tabakversand.ch\/fr\/produit\/melange-de-tabac-a-pipe-de-ville\/\",\"name\":\"Achetez du tabac \u00e0 pipe City Blend en vrac | Aromatique et vanill\u00e9\",\"isPartOf\":{\"@id\":\"https:\/\/www.tabakversand.ch\/#website\"},\"primaryImageOfPage\":{\"@id\":\"https:\/\/www.tabakversand.ch\/fr\/produit\/melange-de-tabac-a-pipe-de-ville\/#primaryimage\"},\"image\":{\"@id\":\"https:\/\/www.tabakversand.ch\/fr\/produit\/melange-de-tabac-a-pipe-de-ville\/#primaryimage\"},\"thumbnailUrl\":\"https:\/\/www.tabakversand.ch\/wp-content\/uploads\/2022\/03\/tabakachermann-tabakbar.jpg\",\"datePublished\":\"2022-04-02T09:34:16+00:00\",\"dateModified\":\"2026-04-14T13:07:56+00:00\",\"description\":\"Tabac \u00e0 pipe City Blend \u2713 M\u00e9lange de haute qualit\u00e9 de Virginie et de tabac \u00e0 fumer \u2713 Ar\u00f4me d\u00e9licat de vanille \u2713 Pr\u00eat \u00e0 portionner\",\"breadcrumb\":{\"@id\":\"https:\/\/www.tabakversand.ch\/fr\/produit\/melange-de-tabac-a-pipe-de-ville\/#breadcrumb\"},\"inLanguage\":\"fr-FR\",\"potentialAction\":[{\"@type\":\"ReadAction\",\"target\":[\"https:\/\/www.tabakversand.ch\/fr\/produit\/melange-de-tabac-a-pipe-de-ville\/\"]}]},{\"@type\":\"ImageObject\",\"inLanguage\":\"fr-FR\",\"@id\":\"https:\/\/www.tabakversand.ch\/fr\/produit\/melange-de-tabac-a-pipe-de-ville\/#primaryimage\",\"url\":\"https:\/\/www.tabakversand.ch\/wp-content\/uploads\/2022\/03\/tabakachermann-tabakbar.jpg\",\"contentUrl\":\"https:\/\/www.tabakversand.ch\/wp-content\/uploads\/2022\/03\/tabakachermann-tabakbar.jpg\",\"width\":375,\"height\":500,\"caption\":\"Tabac \u00e0 pipe \u00e0 la vanille 100 gr.\"},{\"@type\":\"BreadcrumbList\",\"@id\":\"https:\/\/www.tabakversand.ch\/fr\/produit\/melange-de-tabac-a-pipe-de-ville\/#breadcrumb\",\"itemListElement\":[{\"@type\":\"ListItem\",\"position\":1,\"name\":\"Startseite\",\"item\":\"https:\/\/www.tabakversand.ch\/\"},{\"@type\":\"ListItem\",\"position\":2,\"name\":\"Boutique\",\"item\":\"https:\/\/www.tabakversand.ch\/fr\/boutique\/\"},{\"@type\":\"ListItem\",\"position\":3,\"name\":\"m\u00e9lange urbain\"}]},{\"@type\":\"WebSite\",\"@id\":\"https:\/\/www.tabakversand.ch\/#website\",\"url\":\"https:\/\/www.tabakversand.ch\/\",\"name\":\"Tabakversand.ch | Alles aus der Welt des Tabaks\",\"description\":\"Smoke and carpe diem\",\"potentialAction\":[{\"@type\":\"SearchAction\",\"target\":{\"@type\":\"EntryPoint\",\"urlTemplate\":\"https:\/\/www.tabakversand.ch\/?s={search_term_string}\"},\"query-input\":{\"@type\":\"PropertyValueSpecification\",\"valueRequired\":true,\"valueName\":\"search_term_string\"}}],\"inLanguage\":\"fr-FR\"}]}<\/script>\n<!-- \/ Yoast SEO plugin. -->","yoast_head_json":{"title":"Achetez du tabac \u00e0 pipe City Blend en vrac | Aromatique et vanill\u00e9","description":"Tabac \u00e0 pipe City Blend \u2713 M\u00e9lange de haute qualit\u00e9 de Virginie et de tabac \u00e0 fumer \u2713 Ar\u00f4me d\u00e9licat de vanille \u2713 Pr\u00eat \u00e0 portionner","robots":{"index":"index","follow":"follow","max-snippet":"max-snippet:-1","max-image-preview":"max-image-preview:large","max-video-preview":"max-video-preview:-1"},"canonical":"https:\/\/www.tabakversand.ch\/fr\/produit\/melange-de-tabac-a-pipe-de-ville\/","og_locale":"fr_FR","og_type":"article","og_title":"Achetez du tabac \u00e0 pipe City Blend en vrac | Aromatique et vanill\u00e9","og_description":"Tabac \u00e0 pipe City Blend \u2713 M\u00e9lange de haute qualit\u00e9 de Virginie et de tabac \u00e0 fumer \u2713 Ar\u00f4me d\u00e9licat de vanille \u2713 Pr\u00eat \u00e0 portionner","og_url":"https:\/\/www.tabakversand.ch\/fr\/produit\/melange-de-tabac-a-pipe-de-ville\/","og_site_name":"Tabakversand.ch | Alles aus der Welt des Tabaks","article_modified_time":"2026-04-14T13:07:56+00:00","og_image":[{"width":375,"height":500,"url":"https:\/\/www.tabakversand.ch\/wp-content\/uploads\/2022\/03\/tabakachermann-tabakbar.jpg","type":"image\/jpeg"}],"twitter_card":"summary_large_image","twitter_misc":{"Dur\u00e9e de lecture estim\u00e9e":"2 minutes"},"schema":{"@context":"https:\/\/schema.org","@graph":[{"@type":"WebPage","@id":"https:\/\/www.tabakversand.ch\/fr\/produit\/melange-de-tabac-a-pipe-de-ville\/","url":"https:\/\/www.tabakversand.ch\/fr\/produit\/melange-de-tabac-a-pipe-de-ville\/","name":"Achetez du tabac \u00e0 pipe City Blend en vrac | Aromatique et vanill\u00e9","isPartOf":{"@id":"https:\/\/www.tabakversand.ch\/#website"},"primaryImageOfPage":{"@id":"https:\/\/www.tabakversand.ch\/fr\/produit\/melange-de-tabac-a-pipe-de-ville\/#primaryimage"},"image":{"@id":"https:\/\/www.tabakversand.ch\/fr\/produit\/melange-de-tabac-a-pipe-de-ville\/#primaryimage"},"thumbnailUrl":"https:\/\/www.tabakversand.ch\/wp-content\/uploads\/2022\/03\/tabakachermann-tabakbar.jpg","datePublished":"2022-04-02T09:34:16+00:00","dateModified":"2026-04-14T13:07:56+00:00","description":"Tabac \u00e0 pipe City Blend \u2713 M\u00e9lange de haute qualit\u00e9 de Virginie et de tabac \u00e0 fumer \u2713 Ar\u00f4me d\u00e9licat de vanille \u2713 Pr\u00eat \u00e0 portionner","breadcrumb":{"@id":"https:\/\/www.tabakversand.ch\/fr\/produit\/melange-de-tabac-a-pipe-de-ville\/#breadcrumb"},"inLanguage":"fr-FR","potentialAction":[{"@type":"ReadAction","target":["https:\/\/www.tabakversand.ch\/fr\/produit\/melange-de-tabac-a-pipe-de-ville\/"]}]},{"@type":"ImageObject","inLanguage":"fr-FR","@id":"https:\/\/www.tabakversand.ch\/fr\/produit\/melange-de-tabac-a-pipe-de-ville\/#primaryimage","url":"https:\/\/www.tabakversand.ch\/wp-content\/uploads\/2022\/03\/tabakachermann-tabakbar.jpg","contentUrl":"https:\/\/www.tabakversand.ch\/wp-content\/uploads\/2022\/03\/tabakachermann-tabakbar.jpg","width":375,"height":500,"caption":"Tabac \u00e0 pipe \u00e0 la vanille 100 gr."},{"@type":"BreadcrumbList","@id":"https:\/\/www.tabakversand.ch\/fr\/produit\/melange-de-tabac-a-pipe-de-ville\/#breadcrumb","itemListElement":[{"@type":"ListItem","position":1,"name":"Startseite","item":"https:\/\/www.tabakversand.ch\/"},{"@type":"ListItem","position":2,"name":"Boutique","item":"https:\/\/www.tabakversand.ch\/fr\/boutique\/"},{"@type":"ListItem","position":3,"name":"m\u00e9lange urbain"}]},{"@type":"WebSite","@id":"https:\/\/www.tabakversand.ch\/#website","url":"https:\/\/www.tabakversand.ch\/","name":"Tabakversand.ch | Alles aus der Welt des Tabaks","description":"Smoke and carpe diem","potentialAction":[{"@type":"SearchAction","target":{"@type":"EntryPoint","urlTemplate":"https:\/\/www.tabakversand.ch\/?s={search_term_string}"},"query-input":{"@type":"PropertyValueSpecification","valueRequired":true,"valueName":"search_term_string"}}],"inLanguage":"fr-FR"}]}},"_links":{"self":[{"href":"https:\/\/www.tabakversand.ch\/fr\/wp-json\/wp\/v2\/product\/61537","targetHints":{"allow":["GET"]}}],"collection":[{"href":"https:\/\/www.tabakversand.ch\/fr\/wp-json\/wp\/v2\/product"}],"about":[{"href":"https:\/\/www.tabakversand.ch\/fr\/wp-json\/wp\/v2\/types\/product"}],"version-history":[{"count":2,"href":"https:\/\/www.tabakversand.ch\/fr\/wp-json\/wp\/v2\/product\/61537\/revisions"}],"predecessor-version":[{"id":218045,"href":"https:\/\/www.tabakversand.ch\/fr\/wp-json\/wp\/v2\/product\/61537\/revisions\/218045"}],"wp:featuredmedia":[{"embeddable":true,"href":"https:\/\/www.tabakversand.ch\/fr\/wp-json\/wp\/v2\/media\/60304"}],"wp:attachment":[{"href":"https:\/\/www.tabakversand.ch\/fr\/wp-json\/wp\/v2\/media?parent=61537"}],"wp:term":[{"taxonomy":"product_brand","embeddable":true,"href":"https:\/\/www.tabakversand.ch\/fr\/wp-json\/wp\/v2\/product_brand?post=61537"},{"taxonomy":"product_cat","embeddable":true,"href":"https:\/\/www.tabakversand.ch\/fr\/wp-json\/wp\/v2\/product_cat?post=61537"},{"taxonomy":"product_tag","embeddable":true,"href":"https:\/\/www.tabakversand.ch\/fr\/wp-json\/wp\/v2\/product_tag?post=61537"}],"curies":[{"name":"wp","href":"https:\/\/api.w.org\/{rel}","templated":true}]}}