{"id":61551,"date":"2022-04-02T11:34:26","date_gmt":"2022-04-02T09:34:26","guid":{"rendered":"http:\/\/www.tabakversand.ch\/produkt\/wuhrmann-habana-feu-bc\/"},"modified":"2026-03-23T15:27:03","modified_gmt":"2026-03-23T14:27:03","slug":"wuhrmann-habana-feu-bc","status":"publish","type":"product","link":"https:\/\/www.tabakversand.ch\/fr\/produit\/wuhrmann-habana-feu-bc\/","title":{"rendered":"Incendie de Wuhrmann Habana en Colombie-Britannique"},"content":{"rendered":"<h1>Incendie de Wuhrmann Habana BC<\/h1>\n<p>Cigares\/cigarettes fabriqu\u00e9s \u00e0 la machine \u00e0 partir de tabac 100 % pur \u2013 l\u2019\u00e9l\u00e9gance au doux parfum sucr\u00e9<\/p>\n<ul>\n<li>1 x 5 pi\u00e8ces.<\/li>\n<\/ul>\n<p>&nbsp;<\/p>\n<p>Depuis plus de 100 ans, Habano Feu est synonyme de qualit\u00e9 et de plaisir classique. Les cigares Habano Feu BC s\u00e9duisent par leur harmonie et leur ar\u00f4me doux et agr\u00e9able, qui pla\u00eet autant aux novices qu&rsquo;aux connaisseurs. <\/p>\n<p>L&rsquo;assemblage soign\u00e9 de tabacs d&rsquo;Am\u00e9rique latine et d&rsquo;Indon\u00e9sie offre une exp\u00e9rience gustative \u00e9quilibr\u00e9e. Envelopp\u00e9s d&rsquo;une cape \u00e9quatorienne de haute qualit\u00e9, ces cigares d\u00e9ploient tout leur ar\u00f4me et garantissent une d\u00e9gustation douce et agr\u00e9able. <\/p>\n<p>\u2728 Voici ce qui les rend sp\u00e9ciaux :<\/p>\n<p>M\u00e9lange harmonieux de tabacs d&amp;#39;Am\u00e9rique latine et d&amp;#39;Indon\u00e9sie<\/p>\n<p>Une cape \u00e9quatorienne exquise pour des ar\u00f4mes d\u00e9licats<\/p>\n<p>Profil aromatique doux<\/p>\n<p>Br\u00fblure uniforme et tirage agr\u00e9able<\/p>\n<p>Id\u00e9al pour des moments de d\u00e9tente et de plaisir o\u00f9 la qualit\u00e9 et la douceur sont primordiales.<\/p>\n<p>\ud83d\udccf Sp\u00e9cifications :<\/p>\n<p>Longueur : 100 mm<\/p>\n<p>Dur\u00e9e de fumage : environ 15 minutes<\/p>\n<p>\ud83d\udca8 Conseil pour en profiter :<br \/>\n Parfait pour les courtes pauses \u2013 \u00e0 d\u00e9guster de pr\u00e9f\u00e9rence pur pour appr\u00e9cier pleinement son ar\u00f4me doux et \u00e9quilibr\u00e9.<\/p>\n<p>\ud83d\udcab Conclusion :<br \/>\n Les cigares Habano Feu BC sont le choix id\u00e9al pour quiconque recherche un cigare doux et aromatique, d&rsquo;origine traditionnelle et au caract\u00e8re onctueux.<\/p>\n<p>Chez tabakversand.ch, vos cigares Wuhrmann Habano Feu BC vous sont livr\u00e9s dans leur emballage d&rsquo;origine, soigneusement conserv\u00e9s. Un stockage rigoureux garantit une pr\u00e9servation optimale de leur ar\u00f4me, de leur humidit\u00e9 et de leur qualit\u00e9 jusqu&rsquo;\u00e0 l&rsquo;exp\u00e9dition. Gr\u00e2ce \u00e0 une livraison rapide en Suisse, vos cigares arrivent g\u00e9n\u00e9ralement tr\u00e8s vite.  <\/p>\n<p>Pour plus d&rsquo;informations sur le fabricant, Villiger S\u00f6hne Holding, veuillez consulter la page Wikip\u00e9dia correspondante&nbsp;: <a href=\"https:\/\/de.wikipedia.org\/wiki\/Villiger_S%C3%B6hne_Holding\">cliquez ici<\/a> . Si vous avez des questions concernant le produit, n&rsquo;h\u00e9sitez pas \u00e0 nous contacter&nbsp;: <a href=\"https:\/\/www.tabakversand.ch\/kontakt\/\">cliquez ici<\/a> . <\/p>\n<p>Tous les prix s&rsquo;appliquent uniquement aux commandes en ligne et incluent la TVA. Sous r\u00e9serve de modifications sans pr\u00e9avis, frais de livraison en sus. Sous r\u00e9serve d&rsquo;erreurs, de modifications de contenu de livraison et de conception, de fautes d&rsquo;impression et de modifications de prix. Les prix barr\u00e9s sont des prix de remplacement. Les illustrations peuvent diff\u00e9rer de l&rsquo;original\/du contenu de livraison.<br \/>\n*Livraison gratuite pour les commandes sup\u00e9rieures \u00e0 CHF 250.-.<\/p>\n","protected":false},"excerpt":{"rendered":"<p>Incendie de Wuhrmann Habana BC Cigares\/cigarettes fabriqu\u00e9s \u00e0 la machine \u00e0 partir de tabac 100 % pur \u2013 l\u2019\u00e9l\u00e9gance au doux parfum sucr\u00e9 1 x 5 pi\u00e8ces. &nbsp; Depuis plus de 100 ans, Habano Feu est synonyme de qualit\u00e9 et de plaisir classique. Les cigares Habano Feu BC s\u00e9duisent par leur harmonie et leur ar\u00f4me [&hellip;]<\/p>\n","protected":false},"featured_media":61557,"template":"","meta":[],"product_brand":[1538],"product_cat":[1994,2190],"product_tag":[],"class_list":{"0":"post-61551","1":"product","2":"type-product","3":"status-publish","4":"has-post-thumbnail","6":"product_brand-villiger","7":"product_cat-monde-du-cigare","8":"product_cat-souches-de-cigares-de-tete","10":"first","11":"instock","12":"purchasable","13":"product-type-simple"},"yoast_head":"<!-- This site is optimized with the Yoast SEO plugin v27.0 - https:\/\/yoast.com\/product\/yoast-seo-wordpress\/ -->\n<title>Incendie de Wuhrmann Habana en Colombie-Britannique Tabakversand.ch | Alles aus der Welt des Tabaks -<\/title>\n<meta name=\"description\" content=\"Cigares Wuhrmann Habana Feu BC Head Stumps | Grand choix de produits du tabac et d&#039;accessoires pour fumeurs de qualit\u00e9 sup\u00e9rieure dans toute la Suisse | Cartes accept\u00e9es !\" \/>\n<meta name=\"robots\" content=\"index, follow, max-snippet:-1, max-image-preview:large, max-video-preview:-1\" \/>\n<link rel=\"canonical\" href=\"https:\/\/www.tabakversand.ch\/fr\/produit\/wuhrmann-habana-feu-bc\/\" \/>\n<meta property=\"og:locale\" content=\"fr_FR\" \/>\n<meta property=\"og:type\" content=\"article\" \/>\n<meta property=\"og:title\" content=\"Incendie de Wuhrmann Habana en Colombie-Britannique Tabakversand.ch | Alles aus der Welt des Tabaks -\" \/>\n<meta property=\"og:description\" content=\"Cigares Wuhrmann Habana Feu BC Head Stumps | Grand choix de produits du tabac et d&#039;accessoires pour fumeurs de qualit\u00e9 sup\u00e9rieure dans toute la Suisse | Cartes accept\u00e9es !\" \/>\n<meta property=\"og:url\" content=\"https:\/\/www.tabakversand.ch\/fr\/produit\/wuhrmann-habana-feu-bc\/\" \/>\n<meta property=\"og:site_name\" content=\"Tabakversand.ch | Alles aus der Welt des Tabaks\" \/>\n<meta property=\"article:modified_time\" content=\"2026-03-23T14:27:03+00:00\" \/>\n<meta property=\"og:image\" content=\"https:\/\/www.tabakversand.ch\/wp-content\/uploads\/2022\/03\/wuhrmann-habana-feu-bc.jpg\" \/>\n\t<meta property=\"og:image:width\" content=\"450\" \/>\n\t<meta property=\"og:image:height\" content=\"450\" \/>\n\t<meta property=\"og:image:type\" content=\"image\/jpeg\" \/>\n<meta name=\"twitter:card\" content=\"summary_large_image\" \/>\n<meta name=\"twitter:label1\" content=\"Dur\u00e9e de lecture estim\u00e9e\" \/>\n\t<meta name=\"twitter:data1\" content=\"2 minutes\" \/>\n<script type=\"application\/ld+json\" class=\"yoast-schema-graph\">{\"@context\":\"https:\/\/schema.org\",\"@graph\":[{\"@type\":\"WebPage\",\"@id\":\"https:\/\/www.tabakversand.ch\/fr\/produit\/wuhrmann-habana-feu-bc\/\",\"url\":\"https:\/\/www.tabakversand.ch\/fr\/produit\/wuhrmann-habana-feu-bc\/\",\"name\":\"Incendie de Wuhrmann Habana en Colombie-Britannique Tabakversand.ch | Alles aus der Welt des Tabaks -\",\"isPartOf\":{\"@id\":\"https:\/\/www.tabakversand.ch\/#website\"},\"primaryImageOfPage\":{\"@id\":\"https:\/\/www.tabakversand.ch\/fr\/produit\/wuhrmann-habana-feu-bc\/#primaryimage\"},\"image\":{\"@id\":\"https:\/\/www.tabakversand.ch\/fr\/produit\/wuhrmann-habana-feu-bc\/#primaryimage\"},\"thumbnailUrl\":\"https:\/\/www.tabakversand.ch\/wp-content\/uploads\/2022\/03\/wuhrmann-habana-feu-bc.jpg\",\"datePublished\":\"2022-04-02T09:34:26+00:00\",\"dateModified\":\"2026-03-23T14:27:03+00:00\",\"description\":\"Cigares Wuhrmann Habana Feu BC Head Stumps | Grand choix de produits du tabac et d'accessoires pour fumeurs de qualit\u00e9 sup\u00e9rieure dans toute la Suisse | Cartes accept\u00e9es !\",\"breadcrumb\":{\"@id\":\"https:\/\/www.tabakversand.ch\/fr\/produit\/wuhrmann-habana-feu-bc\/#breadcrumb\"},\"inLanguage\":\"fr-FR\",\"potentialAction\":[{\"@type\":\"ReadAction\",\"target\":[\"https:\/\/www.tabakversand.ch\/fr\/produit\/wuhrmann-habana-feu-bc\/\"]}]},{\"@type\":\"ImageObject\",\"inLanguage\":\"fr-FR\",\"@id\":\"https:\/\/www.tabakversand.ch\/fr\/produit\/wuhrmann-habana-feu-bc\/#primaryimage\",\"url\":\"https:\/\/www.tabakversand.ch\/wp-content\/uploads\/2022\/03\/wuhrmann-habana-feu-bc.jpg\",\"contentUrl\":\"https:\/\/www.tabakversand.ch\/wp-content\/uploads\/2022\/03\/wuhrmann-habana-feu-bc.jpg\",\"width\":450,\"height\":450,\"caption\":\"Incendie de Wuhrmann Habana en Colombie-Britannique\"},{\"@type\":\"BreadcrumbList\",\"@id\":\"https:\/\/www.tabakversand.ch\/fr\/produit\/wuhrmann-habana-feu-bc\/#breadcrumb\",\"itemListElement\":[{\"@type\":\"ListItem\",\"position\":1,\"name\":\"Startseite\",\"item\":\"https:\/\/www.tabakversand.ch\/\"},{\"@type\":\"ListItem\",\"position\":2,\"name\":\"Boutique\",\"item\":\"https:\/\/www.tabakversand.ch\/fr\/boutique\/\"},{\"@type\":\"ListItem\",\"position\":3,\"name\":\"Incendie de Wuhrmann Habana en Colombie-Britannique\"}]},{\"@type\":\"WebSite\",\"@id\":\"https:\/\/www.tabakversand.ch\/#website\",\"url\":\"https:\/\/www.tabakversand.ch\/\",\"name\":\"Tabakversand.ch | Alles aus der Welt des Tabaks\",\"description\":\"Smoke and carpe diem\",\"potentialAction\":[{\"@type\":\"SearchAction\",\"target\":{\"@type\":\"EntryPoint\",\"urlTemplate\":\"https:\/\/www.tabakversand.ch\/?s={search_term_string}\"},\"query-input\":{\"@type\":\"PropertyValueSpecification\",\"valueRequired\":true,\"valueName\":\"search_term_string\"}}],\"inLanguage\":\"fr-FR\"}]}<\/script>\n<!-- \/ Yoast SEO plugin. -->","yoast_head_json":{"title":"Incendie de Wuhrmann Habana en Colombie-Britannique Tabakversand.ch | Alles aus der Welt des Tabaks -","description":"Cigares Wuhrmann Habana Feu BC Head Stumps | Grand choix de produits du tabac et d'accessoires pour fumeurs de qualit\u00e9 sup\u00e9rieure dans toute la Suisse | Cartes accept\u00e9es !","robots":{"index":"index","follow":"follow","max-snippet":"max-snippet:-1","max-image-preview":"max-image-preview:large","max-video-preview":"max-video-preview:-1"},"canonical":"https:\/\/www.tabakversand.ch\/fr\/produit\/wuhrmann-habana-feu-bc\/","og_locale":"fr_FR","og_type":"article","og_title":"Incendie de Wuhrmann Habana en Colombie-Britannique Tabakversand.ch | Alles aus der Welt des Tabaks -","og_description":"Cigares Wuhrmann Habana Feu BC Head Stumps | Grand choix de produits du tabac et d'accessoires pour fumeurs de qualit\u00e9 sup\u00e9rieure dans toute la Suisse | Cartes accept\u00e9es !","og_url":"https:\/\/www.tabakversand.ch\/fr\/produit\/wuhrmann-habana-feu-bc\/","og_site_name":"Tabakversand.ch | Alles aus der Welt des Tabaks","article_modified_time":"2026-03-23T14:27:03+00:00","og_image":[{"width":450,"height":450,"url":"https:\/\/www.tabakversand.ch\/wp-content\/uploads\/2022\/03\/wuhrmann-habana-feu-bc.jpg","type":"image\/jpeg"}],"twitter_card":"summary_large_image","twitter_misc":{"Dur\u00e9e de lecture estim\u00e9e":"2 minutes"},"schema":{"@context":"https:\/\/schema.org","@graph":[{"@type":"WebPage","@id":"https:\/\/www.tabakversand.ch\/fr\/produit\/wuhrmann-habana-feu-bc\/","url":"https:\/\/www.tabakversand.ch\/fr\/produit\/wuhrmann-habana-feu-bc\/","name":"Incendie de Wuhrmann Habana en Colombie-Britannique Tabakversand.ch | Alles aus der Welt des Tabaks -","isPartOf":{"@id":"https:\/\/www.tabakversand.ch\/#website"},"primaryImageOfPage":{"@id":"https:\/\/www.tabakversand.ch\/fr\/produit\/wuhrmann-habana-feu-bc\/#primaryimage"},"image":{"@id":"https:\/\/www.tabakversand.ch\/fr\/produit\/wuhrmann-habana-feu-bc\/#primaryimage"},"thumbnailUrl":"https:\/\/www.tabakversand.ch\/wp-content\/uploads\/2022\/03\/wuhrmann-habana-feu-bc.jpg","datePublished":"2022-04-02T09:34:26+00:00","dateModified":"2026-03-23T14:27:03+00:00","description":"Cigares Wuhrmann Habana Feu BC Head Stumps | Grand choix de produits du tabac et d'accessoires pour fumeurs de qualit\u00e9 sup\u00e9rieure dans toute la Suisse | Cartes accept\u00e9es !","breadcrumb":{"@id":"https:\/\/www.tabakversand.ch\/fr\/produit\/wuhrmann-habana-feu-bc\/#breadcrumb"},"inLanguage":"fr-FR","potentialAction":[{"@type":"ReadAction","target":["https:\/\/www.tabakversand.ch\/fr\/produit\/wuhrmann-habana-feu-bc\/"]}]},{"@type":"ImageObject","inLanguage":"fr-FR","@id":"https:\/\/www.tabakversand.ch\/fr\/produit\/wuhrmann-habana-feu-bc\/#primaryimage","url":"https:\/\/www.tabakversand.ch\/wp-content\/uploads\/2022\/03\/wuhrmann-habana-feu-bc.jpg","contentUrl":"https:\/\/www.tabakversand.ch\/wp-content\/uploads\/2022\/03\/wuhrmann-habana-feu-bc.jpg","width":450,"height":450,"caption":"Incendie de Wuhrmann Habana en Colombie-Britannique"},{"@type":"BreadcrumbList","@id":"https:\/\/www.tabakversand.ch\/fr\/produit\/wuhrmann-habana-feu-bc\/#breadcrumb","itemListElement":[{"@type":"ListItem","position":1,"name":"Startseite","item":"https:\/\/www.tabakversand.ch\/"},{"@type":"ListItem","position":2,"name":"Boutique","item":"https:\/\/www.tabakversand.ch\/fr\/boutique\/"},{"@type":"ListItem","position":3,"name":"Incendie de Wuhrmann Habana en Colombie-Britannique"}]},{"@type":"WebSite","@id":"https:\/\/www.tabakversand.ch\/#website","url":"https:\/\/www.tabakversand.ch\/","name":"Tabakversand.ch | Alles aus der Welt des Tabaks","description":"Smoke and carpe diem","potentialAction":[{"@type":"SearchAction","target":{"@type":"EntryPoint","urlTemplate":"https:\/\/www.tabakversand.ch\/?s={search_term_string}"},"query-input":{"@type":"PropertyValueSpecification","valueRequired":true,"valueName":"search_term_string"}}],"inLanguage":"fr-FR"}]}},"_links":{"self":[{"href":"https:\/\/www.tabakversand.ch\/fr\/wp-json\/wp\/v2\/product\/61551","targetHints":{"allow":["GET"]}}],"collection":[{"href":"https:\/\/www.tabakversand.ch\/fr\/wp-json\/wp\/v2\/product"}],"about":[{"href":"https:\/\/www.tabakversand.ch\/fr\/wp-json\/wp\/v2\/types\/product"}],"version-history":[{"count":2,"href":"https:\/\/www.tabakversand.ch\/fr\/wp-json\/wp\/v2\/product\/61551\/revisions"}],"predecessor-version":[{"id":215886,"href":"https:\/\/www.tabakversand.ch\/fr\/wp-json\/wp\/v2\/product\/61551\/revisions\/215886"}],"wp:featuredmedia":[{"embeddable":true,"href":"https:\/\/www.tabakversand.ch\/fr\/wp-json\/wp\/v2\/media\/61557"}],"wp:attachment":[{"href":"https:\/\/www.tabakversand.ch\/fr\/wp-json\/wp\/v2\/media?parent=61551"}],"wp:term":[{"taxonomy":"product_brand","embeddable":true,"href":"https:\/\/www.tabakversand.ch\/fr\/wp-json\/wp\/v2\/product_brand?post=61551"},{"taxonomy":"product_cat","embeddable":true,"href":"https:\/\/www.tabakversand.ch\/fr\/wp-json\/wp\/v2\/product_cat?post=61551"},{"taxonomy":"product_tag","embeddable":true,"href":"https:\/\/www.tabakversand.ch\/fr\/wp-json\/wp\/v2\/product_tag?post=61551"}],"curies":[{"name":"wp","href":"https:\/\/api.w.org\/{rel}","templated":true}]}}