{"id":61554,"date":"2022-04-02T11:34:16","date_gmt":"2022-04-02T09:34:16","guid":{"rendered":"http:\/\/www.tabakversand.ch\/produkt\/tabac-a-pipe-willy-king\/"},"modified":"2026-04-14T16:10:07","modified_gmt":"2026-04-14T14:10:07","slug":"tabac-a-pipe-willy-king","status":"publish","type":"product","link":"https:\/\/www.tabakversand.ch\/fr\/produit\/tabac-a-pipe-willy-king\/","title":{"rendered":"Willy King"},"content":{"rendered":"<h1>Willy King<\/h1>\n<p>Tabac \u00e0 pipe en vrac \u2013 maturit\u00e9, profondeur et \u00e9l\u00e9gance aromatique<\/p>\n<ul>\n<li>1 x 100 g<\/li>\n<\/ul>\n<p>&nbsp;<\/p>\n<p>Willy King offre une exp\u00e9rience de fumage de pipe exceptionnellement \u00e9quilibr\u00e9e et aromatique. Disponible en vrac, ce m\u00e9lange haut de gamme s\u00e9duit par son harmonieux assemblage de tabacs Virginia et Burley soigneusement s\u00e9lectionn\u00e9s et vieillis pendant plus de trois ans, pour un ar\u00f4me particuli\u00e8rement intense et raffin\u00e9. <\/p>\n<p>Une g\u00e9n\u00e9reuse proportion de tabacs Kentucky et orientaux s\u00e9ch\u00e9s au feu conf\u00e8re \u00e0 ce m\u00e9lange une profondeur suppl\u00e9mentaire et une agr\u00e9able note \u00e9pic\u00e9e. Une quantit\u00e9 substantielle de Black Cavendish lui apporte une base onctueuse et cors\u00e9e, tandis que les pointes de Virginie, plus l\u00e9g\u00e8res, ajoutent une d\u00e9licate fra\u00eecheur. Le tout est sublim\u00e9 par un subtil ar\u00f4me de fruits m\u00fbrs et de vanille, qui ravit le palais et embaume l&rsquo;atmosph\u00e8re.  <\/p>\n<p>Vos avantages en un coup d&rsquo;\u0153il&nbsp;:<\/p>\n<p>\ud83c\udf42 M\u00e9lange de haute qualit\u00e9 de Virginie, de Burley et de Black Cavendish<\/p>\n<p>\u23f3 Vieilli pendant plus de 3 ans \u2013 go\u00fbt intense et harmonieux<\/p>\n<p>\ud83d\udd25 Avec du tabac du Kentucky et oriental pour plus de profondeur et de saveurs \u00e9pic\u00e9es<\/p>\n<p>\ud83c\udf53\ud83c\udf66 Notes fruit\u00e9es et d\u00e9licat ar\u00f4me de vanille<\/p>\n<p>\ud83d\udd25 Combustion uniforme et fum\u00e9e douce<\/p>\n<p>\u2696\ufe0f Disponible en vrac \u2013 frais et en portions individuelles<\/p>\n<p>\ud83d\udc4c Id\u00e9al pour les connaisseurs et les gourmets exigeants<\/p>\n<p>Le tabac \u00e0 pipe ouvert Willy King Mixture offre une exp\u00e9rience de fumage \u00e9l\u00e9gante et aux multiples facettes \u2013 cors\u00e9e, \u00e9quilibr\u00e9e et d&rsquo;un caract\u00e8re distinctif.<\/p>\n<p>D\u00e9couvrez-le maintenant et vivez une exp\u00e9rience de pipe haut de gamme authentique.<\/p>\n<p>Chez tabakversand.ch, vous recevez du tabac \u00e0 pipe Willy King en vrac, conserv\u00e9 dans des conditions optimales. Un stockage soign\u00e9 garantit la pr\u00e9servation parfaite de son ar\u00f4me, de son humidit\u00e9 et de sa qualit\u00e9 jusqu&rsquo;\u00e0 l&rsquo;exp\u00e9dition. Gr\u00e2ce \u00e0 une livraison rapide en Suisse, votre tabac \u00e0 pipe vous parvient g\u00e9n\u00e9ralement sous peu.  <\/p>\n<p>Pour plus d&rsquo;informations sur le tabac \u00e0 pipe, veuillez consulter l&rsquo;article Wikip\u00e9dia correspondant&nbsp;: <a href=\"https:\/\/de.wikipedia.org\/wiki\/Tabakpfeife#Pfeifentabak\">cliquez ici<\/a> . Si vous avez des questions concernant le produit, n&rsquo;h\u00e9sitez pas \u00e0 nous contacter&nbsp;: <a href=\"https:\/\/www.tabakversand.ch\/kontakt\/\">cliquez ici<\/a> . <\/p>\n<p>Tous les prix indiqu\u00e9s sont valables uniquement pour les commandes en ligne, TVA incluse, et peuvent \u00eatre modifi\u00e9s sans pr\u00e9avis. Les frais de port sont en sus.   Sous r\u00e9serve d&rsquo;erreurs, de modifications de l&rsquo;\u00e9tendue de la livraison et de la conception, d&rsquo;erreurs d&rsquo;impression et de modifications de prix. Les prix barr\u00e9s sont plut\u00f4t des prix. L&rsquo;illustration peut diff\u00e9rer de l&rsquo;original\/de l&rsquo;\u00e9tendue de la livraison.<br \/>\n*Livraison gratuite pour les commandes sup\u00e9rieures \u00e0 CHF 250.-.<\/p>\n","protected":false},"excerpt":{"rendered":"<p>Willy King Tabac \u00e0 pipe en vrac \u2013 maturit\u00e9, profondeur et \u00e9l\u00e9gance aromatique 1 x 100 g &nbsp; Willy King offre une exp\u00e9rience de fumage de pipe exceptionnellement \u00e9quilibr\u00e9e et aromatique. Disponible en vrac, ce m\u00e9lange haut de gamme s\u00e9duit par son harmonieux assemblage de tabacs Virginia et Burley soigneusement s\u00e9lectionn\u00e9s et vieillis pendant plus [&hellip;]<\/p>\n","protected":false},"featured_media":60304,"template":"","meta":[],"product_brand":[5512,5858],"product_cat":[5834,1949,1888,2040],"product_tag":[],"class_list":{"0":"post-61554","1":"product","2":"type-product","3":"status-publish","4":"has-post-thumbnail","6":"product_brand-offen-pfeifentabak","7":"product_brand-willy-king-pfeifentabak-offen","8":"product_cat-ouvrir","9":"product_cat-pipe-world-fr","10":"product_cat-tabac","11":"product_cat-tabac-a-pipe-fr","13":"first","14":"onbackorder","15":"purchasable","16":"product-type-simple"},"yoast_head":"<!-- This site is optimized with the Yoast SEO plugin v27.5 - https:\/\/yoast.com\/product\/yoast-seo-wordpress\/ -->\n<title>Achetez du tabac \u00e0 pipe en vrac Willy King Mixture | Aromatique et affin\u00e9<\/title>\n<meta name=\"description\" content=\"M\u00e9lange de tabac \u00e0 pipe Willy King \u2713 Vieilli 3 ans \u2713 Virginie, Burley et Black Cavendish \u2713 Fruit\u00e9, vanill\u00e9 et cors\u00e9 \u27a4 Commandez en ligne d\u00e8s maintenant !\" \/>\n<meta name=\"robots\" content=\"index, follow, max-snippet:-1, max-image-preview:large, max-video-preview:-1\" \/>\n<link rel=\"canonical\" href=\"https:\/\/www.tabakversand.ch\/fr\/produit\/tabac-a-pipe-willy-king\/\" \/>\n<meta property=\"og:locale\" content=\"fr_FR\" \/>\n<meta property=\"og:type\" content=\"article\" \/>\n<meta property=\"og:title\" content=\"Achetez du tabac \u00e0 pipe en vrac Willy King Mixture | Aromatique et affin\u00e9\" \/>\n<meta property=\"og:description\" content=\"M\u00e9lange de tabac \u00e0 pipe Willy King \u2713 Vieilli 3 ans \u2713 Virginie, Burley et Black Cavendish \u2713 Fruit\u00e9, vanill\u00e9 et cors\u00e9 \u27a4 Commandez en ligne d\u00e8s maintenant !\" \/>\n<meta property=\"og:url\" content=\"https:\/\/www.tabakversand.ch\/fr\/produit\/tabac-a-pipe-willy-king\/\" \/>\n<meta property=\"og:site_name\" content=\"Tabakversand.ch | Alles aus der Welt des Tabaks\" \/>\n<meta property=\"article:modified_time\" content=\"2026-04-14T14:10:07+00:00\" \/>\n<meta property=\"og:image\" content=\"https:\/\/www.tabakversand.ch\/wp-content\/uploads\/2022\/03\/tabakachermann-tabakbar.jpg\" \/>\n\t<meta property=\"og:image:width\" content=\"375\" \/>\n\t<meta property=\"og:image:height\" content=\"500\" \/>\n\t<meta property=\"og:image:type\" content=\"image\/jpeg\" \/>\n<meta name=\"twitter:card\" content=\"summary_large_image\" \/>\n<meta name=\"twitter:label1\" content=\"Dur\u00e9e de lecture estim\u00e9e\" \/>\n\t<meta name=\"twitter:data1\" content=\"2 minutes\" \/>\n<script type=\"application\/ld+json\" class=\"yoast-schema-graph\">{\"@context\":\"https:\\\/\\\/schema.org\",\"@graph\":[{\"@type\":\"WebPage\",\"@id\":\"https:\\\/\\\/www.tabakversand.ch\\\/fr\\\/produit\\\/tabac-a-pipe-willy-king\\\/\",\"url\":\"https:\\\/\\\/www.tabakversand.ch\\\/fr\\\/produit\\\/tabac-a-pipe-willy-king\\\/\",\"name\":\"Achetez du tabac \u00e0 pipe en vrac Willy King Mixture | Aromatique et affin\u00e9\",\"isPartOf\":{\"@id\":\"https:\\\/\\\/www.tabakversand.ch\\\/#website\"},\"primaryImageOfPage\":{\"@id\":\"https:\\\/\\\/www.tabakversand.ch\\\/fr\\\/produit\\\/tabac-a-pipe-willy-king\\\/#primaryimage\"},\"image\":{\"@id\":\"https:\\\/\\\/www.tabakversand.ch\\\/fr\\\/produit\\\/tabac-a-pipe-willy-king\\\/#primaryimage\"},\"thumbnailUrl\":\"https:\\\/\\\/www.tabakversand.ch\\\/wp-content\\\/uploads\\\/2022\\\/03\\\/tabakachermann-tabakbar.jpg\",\"datePublished\":\"2022-04-02T09:34:16+00:00\",\"dateModified\":\"2026-04-14T14:10:07+00:00\",\"description\":\"M\u00e9lange de tabac \u00e0 pipe Willy King \u2713 Vieilli 3 ans \u2713 Virginie, Burley et Black Cavendish \u2713 Fruit\u00e9, vanill\u00e9 et cors\u00e9 \u27a4 Commandez en ligne d\u00e8s maintenant !\",\"breadcrumb\":{\"@id\":\"https:\\\/\\\/www.tabakversand.ch\\\/fr\\\/produit\\\/tabac-a-pipe-willy-king\\\/#breadcrumb\"},\"inLanguage\":\"fr-FR\",\"potentialAction\":[{\"@type\":\"ReadAction\",\"target\":[\"https:\\\/\\\/www.tabakversand.ch\\\/fr\\\/produit\\\/tabac-a-pipe-willy-king\\\/\"]}]},{\"@type\":\"ImageObject\",\"inLanguage\":\"fr-FR\",\"@id\":\"https:\\\/\\\/www.tabakversand.ch\\\/fr\\\/produit\\\/tabac-a-pipe-willy-king\\\/#primaryimage\",\"url\":\"https:\\\/\\\/www.tabakversand.ch\\\/wp-content\\\/uploads\\\/2022\\\/03\\\/tabakachermann-tabakbar.jpg\",\"contentUrl\":\"https:\\\/\\\/www.tabakversand.ch\\\/wp-content\\\/uploads\\\/2022\\\/03\\\/tabakachermann-tabakbar.jpg\",\"width\":375,\"height\":500,\"caption\":\"Tabac \u00e0 pipe \u00e0 la vanille 100 gr.\"},{\"@type\":\"BreadcrumbList\",\"@id\":\"https:\\\/\\\/www.tabakversand.ch\\\/fr\\\/produit\\\/tabac-a-pipe-willy-king\\\/#breadcrumb\",\"itemListElement\":[{\"@type\":\"ListItem\",\"position\":1,\"name\":\"Startseite\",\"item\":\"https:\\\/\\\/www.tabakversand.ch\\\/\"},{\"@type\":\"ListItem\",\"position\":2,\"name\":\"Boutique\",\"item\":\"https:\\\/\\\/www.tabakversand.ch\\\/fr\\\/boutique\\\/\"},{\"@type\":\"ListItem\",\"position\":3,\"name\":\"Willy King\"}]},{\"@type\":\"WebSite\",\"@id\":\"https:\\\/\\\/www.tabakversand.ch\\\/#website\",\"url\":\"https:\\\/\\\/www.tabakversand.ch\\\/\",\"name\":\"Tabakversand.ch | Alles aus der Welt des Tabaks\",\"description\":\"Smoke and carpe diem\",\"potentialAction\":[{\"@type\":\"SearchAction\",\"target\":{\"@type\":\"EntryPoint\",\"urlTemplate\":\"https:\\\/\\\/www.tabakversand.ch\\\/?s={search_term_string}\"},\"query-input\":{\"@type\":\"PropertyValueSpecification\",\"valueRequired\":true,\"valueName\":\"search_term_string\"}}],\"inLanguage\":\"fr-FR\"}]}<\/script>\n<!-- \/ Yoast SEO plugin. -->","yoast_head_json":{"title":"Achetez du tabac \u00e0 pipe en vrac Willy King Mixture | Aromatique et affin\u00e9","description":"M\u00e9lange de tabac \u00e0 pipe Willy King \u2713 Vieilli 3 ans \u2713 Virginie, Burley et Black Cavendish \u2713 Fruit\u00e9, vanill\u00e9 et cors\u00e9 \u27a4 Commandez en ligne d\u00e8s maintenant !","robots":{"index":"index","follow":"follow","max-snippet":"max-snippet:-1","max-image-preview":"max-image-preview:large","max-video-preview":"max-video-preview:-1"},"canonical":"https:\/\/www.tabakversand.ch\/fr\/produit\/tabac-a-pipe-willy-king\/","og_locale":"fr_FR","og_type":"article","og_title":"Achetez du tabac \u00e0 pipe en vrac Willy King Mixture | Aromatique et affin\u00e9","og_description":"M\u00e9lange de tabac \u00e0 pipe Willy King \u2713 Vieilli 3 ans \u2713 Virginie, Burley et Black Cavendish \u2713 Fruit\u00e9, vanill\u00e9 et cors\u00e9 \u27a4 Commandez en ligne d\u00e8s maintenant !","og_url":"https:\/\/www.tabakversand.ch\/fr\/produit\/tabac-a-pipe-willy-king\/","og_site_name":"Tabakversand.ch | Alles aus der Welt des Tabaks","article_modified_time":"2026-04-14T14:10:07+00:00","og_image":[{"width":375,"height":500,"url":"https:\/\/www.tabakversand.ch\/wp-content\/uploads\/2022\/03\/tabakachermann-tabakbar.jpg","type":"image\/jpeg"}],"twitter_card":"summary_large_image","twitter_misc":{"Dur\u00e9e de lecture estim\u00e9e":"2 minutes"},"schema":{"@context":"https:\/\/schema.org","@graph":[{"@type":"WebPage","@id":"https:\/\/www.tabakversand.ch\/fr\/produit\/tabac-a-pipe-willy-king\/","url":"https:\/\/www.tabakversand.ch\/fr\/produit\/tabac-a-pipe-willy-king\/","name":"Achetez du tabac \u00e0 pipe en vrac Willy King Mixture | Aromatique et affin\u00e9","isPartOf":{"@id":"https:\/\/www.tabakversand.ch\/#website"},"primaryImageOfPage":{"@id":"https:\/\/www.tabakversand.ch\/fr\/produit\/tabac-a-pipe-willy-king\/#primaryimage"},"image":{"@id":"https:\/\/www.tabakversand.ch\/fr\/produit\/tabac-a-pipe-willy-king\/#primaryimage"},"thumbnailUrl":"https:\/\/www.tabakversand.ch\/wp-content\/uploads\/2022\/03\/tabakachermann-tabakbar.jpg","datePublished":"2022-04-02T09:34:16+00:00","dateModified":"2026-04-14T14:10:07+00:00","description":"M\u00e9lange de tabac \u00e0 pipe Willy King \u2713 Vieilli 3 ans \u2713 Virginie, Burley et Black Cavendish \u2713 Fruit\u00e9, vanill\u00e9 et cors\u00e9 \u27a4 Commandez en ligne d\u00e8s maintenant !","breadcrumb":{"@id":"https:\/\/www.tabakversand.ch\/fr\/produit\/tabac-a-pipe-willy-king\/#breadcrumb"},"inLanguage":"fr-FR","potentialAction":[{"@type":"ReadAction","target":["https:\/\/www.tabakversand.ch\/fr\/produit\/tabac-a-pipe-willy-king\/"]}]},{"@type":"ImageObject","inLanguage":"fr-FR","@id":"https:\/\/www.tabakversand.ch\/fr\/produit\/tabac-a-pipe-willy-king\/#primaryimage","url":"https:\/\/www.tabakversand.ch\/wp-content\/uploads\/2022\/03\/tabakachermann-tabakbar.jpg","contentUrl":"https:\/\/www.tabakversand.ch\/wp-content\/uploads\/2022\/03\/tabakachermann-tabakbar.jpg","width":375,"height":500,"caption":"Tabac \u00e0 pipe \u00e0 la vanille 100 gr."},{"@type":"BreadcrumbList","@id":"https:\/\/www.tabakversand.ch\/fr\/produit\/tabac-a-pipe-willy-king\/#breadcrumb","itemListElement":[{"@type":"ListItem","position":1,"name":"Startseite","item":"https:\/\/www.tabakversand.ch\/"},{"@type":"ListItem","position":2,"name":"Boutique","item":"https:\/\/www.tabakversand.ch\/fr\/boutique\/"},{"@type":"ListItem","position":3,"name":"Willy King"}]},{"@type":"WebSite","@id":"https:\/\/www.tabakversand.ch\/#website","url":"https:\/\/www.tabakversand.ch\/","name":"Tabakversand.ch | Alles aus der Welt des Tabaks","description":"Smoke and carpe diem","potentialAction":[{"@type":"SearchAction","target":{"@type":"EntryPoint","urlTemplate":"https:\/\/www.tabakversand.ch\/?s={search_term_string}"},"query-input":{"@type":"PropertyValueSpecification","valueRequired":true,"valueName":"search_term_string"}}],"inLanguage":"fr-FR"}]}},"_links":{"self":[{"href":"https:\/\/www.tabakversand.ch\/fr\/wp-json\/wp\/v2\/product\/61554","targetHints":{"allow":["GET"]}}],"collection":[{"href":"https:\/\/www.tabakversand.ch\/fr\/wp-json\/wp\/v2\/product"}],"about":[{"href":"https:\/\/www.tabakversand.ch\/fr\/wp-json\/wp\/v2\/types\/product"}],"version-history":[{"count":3,"href":"https:\/\/www.tabakversand.ch\/fr\/wp-json\/wp\/v2\/product\/61554\/revisions"}],"predecessor-version":[{"id":218054,"href":"https:\/\/www.tabakversand.ch\/fr\/wp-json\/wp\/v2\/product\/61554\/revisions\/218054"}],"wp:featuredmedia":[{"embeddable":true,"href":"https:\/\/www.tabakversand.ch\/fr\/wp-json\/wp\/v2\/media\/60304"}],"wp:attachment":[{"href":"https:\/\/www.tabakversand.ch\/fr\/wp-json\/wp\/v2\/media?parent=61554"}],"wp:term":[{"taxonomy":"product_brand","embeddable":true,"href":"https:\/\/www.tabakversand.ch\/fr\/wp-json\/wp\/v2\/product_brand?post=61554"},{"taxonomy":"product_cat","embeddable":true,"href":"https:\/\/www.tabakversand.ch\/fr\/wp-json\/wp\/v2\/product_cat?post=61554"},{"taxonomy":"product_tag","embeddable":true,"href":"https:\/\/www.tabakversand.ch\/fr\/wp-json\/wp\/v2\/product_tag?post=61554"}],"curies":[{"name":"wp","href":"https:\/\/api.w.org\/{rel}","templated":true}]}}