{"id":61628,"date":"2022-04-02T11:34:16","date_gmt":"2022-04-02T09:34:16","guid":{"rendered":"http:\/\/www.tabakversand.ch\/produkt\/agio-meharis-brasil-cigarillos\/"},"modified":"2026-04-11T16:47:54","modified_gmt":"2026-04-11T14:47:54","slug":"agio-meharis-brasil-cigarillos-2","status":"publish","type":"product","link":"https:\/\/www.tabakversand.ch\/fr\/produit\/agio-meharis-brasil-cigarillos-2\/","title":{"rendered":"Agio Meharis Brasil Cigarillos"},"content":{"rendered":"<p>Les cigarillos Agio Meharis Brasil ont un go\u00fbt de noisette en raison de la douceur naturelle de la coquille br\u00e9silienne d\u2019Arapiraca. Le tabac de remplissage se compose d\u2019un m\u00e9lange m\u00e9lang\u00e9 selon une recette d\u2019Olde World pour une fum\u00e9e courte parfum\u00e9e. Sans filtre<\/p>\n<p>bo\u00eete 10 x 20<\/p>\n<p>Tous les prix indiqu\u00e9s sont valables uniquement pour les commandes en ligne, TVA incluse, et peuvent \u00eatre modifi\u00e9s sans pr\u00e9avis. Les frais de port sont en sus.   Sous r\u00e9serve d&rsquo;erreurs, de modifications de l&rsquo;\u00e9tendue de la livraison et de la conception, d&rsquo;erreurs d&rsquo;impression et de modifications de prix. Les prix barr\u00e9s sont plut\u00f4t des prix. L&rsquo;illustration peut diff\u00e9rer de l&rsquo;original\/de l&rsquo;\u00e9tendue de la livraison.<br \/>\n*Livraison gratuite pour les commandes sup\u00e9rieures \u00e0 CHF 250.-.<\/p>\n","protected":false},"excerpt":{"rendered":"<p>Les cigarillos Agio Meharis Brasil ont un go\u00fbt de noisette en raison de la douceur naturelle de la coquille br\u00e9silienne d\u2019Arapiraca. Le tabac de remplissage se compose d\u2019un m\u00e9lange m\u00e9lang\u00e9 selon une recette d\u2019Olde World pour une fum\u00e9e courte parfum\u00e9e. Sans filtre bo\u00eete 10 x 20 Tous les prix indiqu\u00e9s sont valables uniquement pour les [&hellip;]<\/p>\n","protected":false},"featured_media":61630,"template":"","meta":[],"product_brand":[5776],"product_cat":[2059,1994],"product_tag":[],"class_list":{"0":"post-61628","1":"product","2":"type-product","3":"status-publish","4":"has-post-thumbnail","6":"product_brand-agio-meharis-zigarillos","7":"product_cat-cigarillos-fr","8":"product_cat-monde-du-cigare","10":"first","11":"onbackorder","12":"purchasable","13":"product-type-simple"},"yoast_head":"<!-- This site is optimized with the Yoast SEO plugin v27.0 - https:\/\/yoast.com\/product\/yoast-seo-wordpress\/ -->\n<title>Agio Meharis Brasil Cigarillos -<\/title>\n<meta name=\"description\" content=\"Cigarillos Agio Meharis Br\u00e9sil | Le plus grand choix de produits du tabac en Suisse | Toutes cartes accept\u00e9es !\" \/>\n<meta name=\"robots\" content=\"index, follow, max-snippet:-1, max-image-preview:large, max-video-preview:-1\" \/>\n<link rel=\"canonical\" href=\"https:\/\/www.tabakversand.ch\/fr\/produit\/agio-meharis-brasil-cigarillos-2\/\" \/>\n<meta property=\"og:locale\" content=\"fr_FR\" \/>\n<meta property=\"og:type\" content=\"article\" \/>\n<meta property=\"og:title\" content=\"Agio Meharis Brasil Cigarillos -\" \/>\n<meta property=\"og:description\" content=\"Cigarillos Agio Meharis Br\u00e9sil | Le plus grand choix de produits du tabac en Suisse | Toutes cartes accept\u00e9es !\" \/>\n<meta property=\"og:url\" content=\"https:\/\/www.tabakversand.ch\/fr\/produit\/agio-meharis-brasil-cigarillos-2\/\" \/>\n<meta property=\"og:site_name\" content=\"Tabakversand.ch | Alles aus der Welt des Tabaks\" \/>\n<meta property=\"article:modified_time\" content=\"2026-04-11T14:47:54+00:00\" \/>\n<meta property=\"og:image\" content=\"https:\/\/www.tabakversand.ch\/wp-content\/uploads\/2022\/03\/agio-meharis-brasil.jpg\" \/>\n\t<meta property=\"og:image:width\" content=\"500\" \/>\n\t<meta property=\"og:image:height\" content=\"500\" \/>\n\t<meta property=\"og:image:type\" content=\"image\/jpeg\" \/>\n<meta name=\"twitter:card\" content=\"summary_large_image\" \/>\n<meta name=\"twitter:label1\" content=\"Dur\u00e9e de lecture estim\u00e9e\" \/>\n\t<meta name=\"twitter:data1\" content=\"1 minute\" \/>\n<script type=\"application\/ld+json\" class=\"yoast-schema-graph\">{\"@context\":\"https:\/\/schema.org\",\"@graph\":[{\"@type\":\"WebPage\",\"@id\":\"https:\/\/www.tabakversand.ch\/fr\/produit\/agio-meharis-brasil-cigarillos-2\/\",\"url\":\"https:\/\/www.tabakversand.ch\/fr\/produit\/agio-meharis-brasil-cigarillos-2\/\",\"name\":\"Agio Meharis Brasil Cigarillos -\",\"isPartOf\":{\"@id\":\"https:\/\/www.tabakversand.ch\/#website\"},\"primaryImageOfPage\":{\"@id\":\"https:\/\/www.tabakversand.ch\/fr\/produit\/agio-meharis-brasil-cigarillos-2\/#primaryimage\"},\"image\":{\"@id\":\"https:\/\/www.tabakversand.ch\/fr\/produit\/agio-meharis-brasil-cigarillos-2\/#primaryimage\"},\"thumbnailUrl\":\"https:\/\/www.tabakversand.ch\/wp-content\/uploads\/2022\/03\/agio-meharis-brasil.jpg\",\"datePublished\":\"2022-04-02T09:34:16+00:00\",\"dateModified\":\"2026-04-11T14:47:54+00:00\",\"description\":\"Cigarillos Agio Meharis Br\u00e9sil | Le plus grand choix de produits du tabac en Suisse | Toutes cartes accept\u00e9es !\",\"breadcrumb\":{\"@id\":\"https:\/\/www.tabakversand.ch\/fr\/produit\/agio-meharis-brasil-cigarillos-2\/#breadcrumb\"},\"inLanguage\":\"fr-FR\",\"potentialAction\":[{\"@type\":\"ReadAction\",\"target\":[\"https:\/\/www.tabakversand.ch\/fr\/produit\/agio-meharis-brasil-cigarillos-2\/\"]}]},{\"@type\":\"ImageObject\",\"inLanguage\":\"fr-FR\",\"@id\":\"https:\/\/www.tabakversand.ch\/fr\/produit\/agio-meharis-brasil-cigarillos-2\/#primaryimage\",\"url\":\"https:\/\/www.tabakversand.ch\/wp-content\/uploads\/2022\/03\/agio-meharis-brasil.jpg\",\"contentUrl\":\"https:\/\/www.tabakversand.ch\/wp-content\/uploads\/2022\/03\/agio-meharis-brasil.jpg\",\"width\":500,\"height\":500,\"caption\":\"Agio Meharis Brasil Cigarillos\"},{\"@type\":\"BreadcrumbList\",\"@id\":\"https:\/\/www.tabakversand.ch\/fr\/produit\/agio-meharis-brasil-cigarillos-2\/#breadcrumb\",\"itemListElement\":[{\"@type\":\"ListItem\",\"position\":1,\"name\":\"Startseite\",\"item\":\"https:\/\/www.tabakversand.ch\/\"},{\"@type\":\"ListItem\",\"position\":2,\"name\":\"Boutique\",\"item\":\"https:\/\/www.tabakversand.ch\/fr\/boutique\/\"},{\"@type\":\"ListItem\",\"position\":3,\"name\":\"Agio Meharis Brasil Cigarillos\"}]},{\"@type\":\"WebSite\",\"@id\":\"https:\/\/www.tabakversand.ch\/#website\",\"url\":\"https:\/\/www.tabakversand.ch\/\",\"name\":\"Tabakversand.ch | Alles aus der Welt des Tabaks\",\"description\":\"Smoke and carpe diem\",\"potentialAction\":[{\"@type\":\"SearchAction\",\"target\":{\"@type\":\"EntryPoint\",\"urlTemplate\":\"https:\/\/www.tabakversand.ch\/?s={search_term_string}\"},\"query-input\":{\"@type\":\"PropertyValueSpecification\",\"valueRequired\":true,\"valueName\":\"search_term_string\"}}],\"inLanguage\":\"fr-FR\"}]}<\/script>\n<!-- \/ Yoast SEO plugin. -->","yoast_head_json":{"title":"Agio Meharis Brasil Cigarillos -","description":"Cigarillos Agio Meharis Br\u00e9sil | Le plus grand choix de produits du tabac en Suisse | Toutes cartes accept\u00e9es !","robots":{"index":"index","follow":"follow","max-snippet":"max-snippet:-1","max-image-preview":"max-image-preview:large","max-video-preview":"max-video-preview:-1"},"canonical":"https:\/\/www.tabakversand.ch\/fr\/produit\/agio-meharis-brasil-cigarillos-2\/","og_locale":"fr_FR","og_type":"article","og_title":"Agio Meharis Brasil Cigarillos -","og_description":"Cigarillos Agio Meharis Br\u00e9sil | Le plus grand choix de produits du tabac en Suisse | Toutes cartes accept\u00e9es !","og_url":"https:\/\/www.tabakversand.ch\/fr\/produit\/agio-meharis-brasil-cigarillos-2\/","og_site_name":"Tabakversand.ch | Alles aus der Welt des Tabaks","article_modified_time":"2026-04-11T14:47:54+00:00","og_image":[{"width":500,"height":500,"url":"https:\/\/www.tabakversand.ch\/wp-content\/uploads\/2022\/03\/agio-meharis-brasil.jpg","type":"image\/jpeg"}],"twitter_card":"summary_large_image","twitter_misc":{"Dur\u00e9e de lecture estim\u00e9e":"1 minute"},"schema":{"@context":"https:\/\/schema.org","@graph":[{"@type":"WebPage","@id":"https:\/\/www.tabakversand.ch\/fr\/produit\/agio-meharis-brasil-cigarillos-2\/","url":"https:\/\/www.tabakversand.ch\/fr\/produit\/agio-meharis-brasil-cigarillos-2\/","name":"Agio Meharis Brasil Cigarillos -","isPartOf":{"@id":"https:\/\/www.tabakversand.ch\/#website"},"primaryImageOfPage":{"@id":"https:\/\/www.tabakversand.ch\/fr\/produit\/agio-meharis-brasil-cigarillos-2\/#primaryimage"},"image":{"@id":"https:\/\/www.tabakversand.ch\/fr\/produit\/agio-meharis-brasil-cigarillos-2\/#primaryimage"},"thumbnailUrl":"https:\/\/www.tabakversand.ch\/wp-content\/uploads\/2022\/03\/agio-meharis-brasil.jpg","datePublished":"2022-04-02T09:34:16+00:00","dateModified":"2026-04-11T14:47:54+00:00","description":"Cigarillos Agio Meharis Br\u00e9sil | Le plus grand choix de produits du tabac en Suisse | Toutes cartes accept\u00e9es !","breadcrumb":{"@id":"https:\/\/www.tabakversand.ch\/fr\/produit\/agio-meharis-brasil-cigarillos-2\/#breadcrumb"},"inLanguage":"fr-FR","potentialAction":[{"@type":"ReadAction","target":["https:\/\/www.tabakversand.ch\/fr\/produit\/agio-meharis-brasil-cigarillos-2\/"]}]},{"@type":"ImageObject","inLanguage":"fr-FR","@id":"https:\/\/www.tabakversand.ch\/fr\/produit\/agio-meharis-brasil-cigarillos-2\/#primaryimage","url":"https:\/\/www.tabakversand.ch\/wp-content\/uploads\/2022\/03\/agio-meharis-brasil.jpg","contentUrl":"https:\/\/www.tabakversand.ch\/wp-content\/uploads\/2022\/03\/agio-meharis-brasil.jpg","width":500,"height":500,"caption":"Agio Meharis Brasil Cigarillos"},{"@type":"BreadcrumbList","@id":"https:\/\/www.tabakversand.ch\/fr\/produit\/agio-meharis-brasil-cigarillos-2\/#breadcrumb","itemListElement":[{"@type":"ListItem","position":1,"name":"Startseite","item":"https:\/\/www.tabakversand.ch\/"},{"@type":"ListItem","position":2,"name":"Boutique","item":"https:\/\/www.tabakversand.ch\/fr\/boutique\/"},{"@type":"ListItem","position":3,"name":"Agio Meharis Brasil Cigarillos"}]},{"@type":"WebSite","@id":"https:\/\/www.tabakversand.ch\/#website","url":"https:\/\/www.tabakversand.ch\/","name":"Tabakversand.ch | Alles aus der Welt des Tabaks","description":"Smoke and carpe diem","potentialAction":[{"@type":"SearchAction","target":{"@type":"EntryPoint","urlTemplate":"https:\/\/www.tabakversand.ch\/?s={search_term_string}"},"query-input":{"@type":"PropertyValueSpecification","valueRequired":true,"valueName":"search_term_string"}}],"inLanguage":"fr-FR"}]}},"_links":{"self":[{"href":"https:\/\/www.tabakversand.ch\/fr\/wp-json\/wp\/v2\/product\/61628","targetHints":{"allow":["GET"]}}],"collection":[{"href":"https:\/\/www.tabakversand.ch\/fr\/wp-json\/wp\/v2\/product"}],"about":[{"href":"https:\/\/www.tabakversand.ch\/fr\/wp-json\/wp\/v2\/types\/product"}],"version-history":[{"count":2,"href":"https:\/\/www.tabakversand.ch\/fr\/wp-json\/wp\/v2\/product\/61628\/revisions"}],"predecessor-version":[{"id":217621,"href":"https:\/\/www.tabakversand.ch\/fr\/wp-json\/wp\/v2\/product\/61628\/revisions\/217621"}],"wp:featuredmedia":[{"embeddable":true,"href":"https:\/\/www.tabakversand.ch\/fr\/wp-json\/wp\/v2\/media\/61630"}],"wp:attachment":[{"href":"https:\/\/www.tabakversand.ch\/fr\/wp-json\/wp\/v2\/media?parent=61628"}],"wp:term":[{"taxonomy":"product_brand","embeddable":true,"href":"https:\/\/www.tabakversand.ch\/fr\/wp-json\/wp\/v2\/product_brand?post=61628"},{"taxonomy":"product_cat","embeddable":true,"href":"https:\/\/www.tabakversand.ch\/fr\/wp-json\/wp\/v2\/product_cat?post=61628"},{"taxonomy":"product_tag","embeddable":true,"href":"https:\/\/www.tabakversand.ch\/fr\/wp-json\/wp\/v2\/product_tag?post=61628"}],"curies":[{"name":"wp","href":"https:\/\/api.w.org\/{rel}","templated":true}]}}