{"id":61633,"date":"2022-04-02T11:34:16","date_gmt":"2022-04-02T09:34:16","guid":{"rendered":"http:\/\/www.tabakversand.ch\/produkt\/tabac-a-pipe-willy-four-seasons\/"},"modified":"2026-04-14T16:46:38","modified_gmt":"2026-04-14T14:46:38","slug":"willy-four-season-pipe-tabac","status":"publish","type":"product","link":"https:\/\/www.tabakversand.ch\/fr\/produit\/willy-four-season-pipe-tabac\/","title":{"rendered":"Willy Quatre Saisons"},"content":{"rendered":"<h1>Willy 4 Saisons<\/h1>\n<p>Tabac \u00e0 pipe ouvert \u2013 doux, aromatique et s\u00e9duisant par sa douceur<\/p>\n<ul>\n<li>1 x 100 g<\/li>\n<\/ul>\n<p>&nbsp;<\/p>\n<p>Willy 4 Seasons est un m\u00e9lange de tabac \u00e0 pipe raffin\u00e9 qui s\u00e9duit par son ar\u00f4me doux et son \u00e9quilibre harmonieux. Disponible en vrac, il offre une fra\u00eecheur optimale et vous permet de choisir la quantit\u00e9 d\u00e9sir\u00e9e. <\/p>\n<p>Ce m\u00e9lange de tabacs de qualit\u00e9 sup\u00e9rieure, compos\u00e9 de Black Cavendish et de Golden Virginia, d\u00e9gage un ar\u00f4me doux et agr\u00e9able \u00e0 la d\u00e9gustation. De subtiles notes de vanille, de noix et de chocolat lui conf\u00e8rent une profondeur particuli\u00e8re et font de chaque bouff\u00e9e un v\u00e9ritable plaisir. <\/p>\n<p>La fum\u00e9e est douce et \u00e9quilibr\u00e9e sans \u00eatre envahissante \u2013 parfaite pour les moments de d\u00e9tente et pour ceux qui pr\u00e9f\u00e8rent les tabacs aromatiques et l\u00e9g\u00e8rement sucr\u00e9s.<\/p>\n<p>Vos avantages en un coup d&rsquo;\u0153il&nbsp;:<\/p>\n<p>\ud83c\udf42 Un assemblage harmonieux de Cavendish et de Golden Virginia<\/p>\n<p>\ud83c\udf66\ud83c\udf30\ud83c\udf6b Ar\u00f4mes subtils de vanille, de noix et de chocolat<\/p>\n<p>\ud83d\udd25 Doux, onctueux et agr\u00e9able \u00e0 fumer<\/p>\n<p>\u2696\ufe0f Disponible en vrac \u2013 frais et en portions individuelles<\/p>\n<p>\ud83c\udf2c\ufe0f Parfum d&rsquo;ambiance agr\u00e9able et l\u00e9g\u00e8rement sucr\u00e9<\/p>\n<p>\ud83d\udc4c Id\u00e9al pour les d\u00e9butants et les amateurs de tabacs aromatiques<\/p>\n<p>Le tabac \u00e0 pipe ouvert Willy 4 Seasons offre un plaisir doux et aromatique, d&rsquo;une d\u00e9licate douceur et d&rsquo;une profondeur \u00e9l\u00e9gante.<\/p>\n<p>D\u00e9couvrez-le maintenant et laissez-vous s\u00e9duire par ce m\u00e9lange unique !<\/p>\n<p>Pour plus d&rsquo;informations sur le tabac \u00e0 pipe, veuillez consulter l&rsquo;article Wikip\u00e9dia correspondant&nbsp;: <a href=\"https:\/\/de.wikipedia.org\/wiki\/Tabakpfeife#Pfeifentabak\">cliquez ici<\/a> . Si vous avez des questions concernant le produit, n&rsquo;h\u00e9sitez pas \u00e0 nous contacter&nbsp;: <a href=\"https:\/\/www.tabakversand.ch\/kontakt\/\">cliquez ici<\/a> . <\/p>\n<p>Pour plus d&rsquo;informations sur le fabricant, veuillez consulter l&rsquo;article Wikip\u00e9dia correspondant&nbsp;: <a href=\"https:\/\/en.wikipedia.org\/wiki\/Zig-Zag_(company)\">cliquez ici<\/a> . <a href=\"https:\/\/www.tabakversand.ch\/fr\/categorie-de-produits\/cigarettes-self-made-fr-2\/papier-a-rouler\/\">Cliquez ici pour les feuilles \u00e0 cigarettes.<\/a><\/p>\n<p>Tous les prix indiqu\u00e9s sont valables uniquement pour les commandes en ligne, TVA incluse, et peuvent \u00eatre modifi\u00e9s sans pr\u00e9avis. Les frais de port sont en sus.   Sous r\u00e9serve d&rsquo;erreurs, de modifications de l&rsquo;\u00e9tendue de la livraison et de la conception, d&rsquo;erreurs d&rsquo;impression et de modifications de prix. Les prix barr\u00e9s sont plut\u00f4t des prix. L&rsquo;illustration peut diff\u00e9rer de l&rsquo;original\/de l&rsquo;\u00e9tendue de la livraison.<br \/>\n*Livraison gratuite pour les commandes sup\u00e9rieures \u00e0 CHF 250.-.<\/p>\n","protected":false},"excerpt":{"rendered":"<p>Willy 4 Saisons Tabac \u00e0 pipe ouvert \u2013 doux, aromatique et s\u00e9duisant par sa douceur 1 x 100 g &nbsp; Willy 4 Seasons est un m\u00e9lange de tabac \u00e0 pipe raffin\u00e9 qui s\u00e9duit par son ar\u00f4me doux et son \u00e9quilibre harmonieux. Disponible en vrac, il offre une fra\u00eecheur optimale et vous permet de choisir la [&hellip;]<\/p>\n","protected":false},"featured_media":60304,"template":"","meta":[],"product_brand":[5512,5862],"product_cat":[5834,1949,1888,2040],"product_tag":[],"class_list":{"0":"post-61633","1":"product","2":"type-product","3":"status-publish","4":"has-post-thumbnail","6":"product_brand-offen-pfeifentabak","7":"product_brand-willy-4-jahreszeiten-pfeifentabak-offen","8":"product_cat-ouvrir","9":"product_cat-pipe-world-fr","10":"product_cat-tabac","11":"product_cat-tabac-a-pipe-fr","13":"first","14":"onbackorder","15":"purchasable","16":"product-type-simple"},"yoast_head":"<!-- This site is optimized with the Yoast SEO plugin v27.5 - https:\/\/yoast.com\/product\/yoast-seo-wordpress\/ -->\n<title>Achetez du tabac \u00e0 pipe en vrac Willy 4 Seasons<\/title>\n<meta name=\"description\" content=\"Tabac \u00e0 pipe Willy 4 Seasons \u2713 Cavendish et Golden Virginia \u2713 Doux et aromatique, aux notes de vanille, de noix et de chocolat \u2713 Fra\u00eechement portionn\u00e9\" \/>\n<meta name=\"robots\" content=\"index, follow, max-snippet:-1, max-image-preview:large, max-video-preview:-1\" \/>\n<link rel=\"canonical\" href=\"https:\/\/www.tabakversand.ch\/fr\/produit\/willy-four-season-pipe-tabac\/\" \/>\n<meta property=\"og:locale\" content=\"fr_FR\" \/>\n<meta property=\"og:type\" content=\"article\" \/>\n<meta property=\"og:title\" content=\"Achetez du tabac \u00e0 pipe en vrac Willy 4 Seasons\" \/>\n<meta property=\"og:description\" content=\"Tabac \u00e0 pipe Willy 4 Seasons \u2713 Cavendish et Golden Virginia \u2713 Doux et aromatique, aux notes de vanille, de noix et de chocolat \u2713 Fra\u00eechement portionn\u00e9\" \/>\n<meta property=\"og:url\" content=\"https:\/\/www.tabakversand.ch\/fr\/produit\/willy-four-season-pipe-tabac\/\" \/>\n<meta property=\"og:site_name\" content=\"Tabakversand.ch | Alles aus der Welt des Tabaks\" \/>\n<meta property=\"article:modified_time\" content=\"2026-04-14T14:46:38+00:00\" \/>\n<meta property=\"og:image\" content=\"https:\/\/www.tabakversand.ch\/wp-content\/uploads\/2022\/03\/tabakachermann-tabakbar.jpg\" \/>\n\t<meta property=\"og:image:width\" content=\"375\" \/>\n\t<meta property=\"og:image:height\" content=\"500\" \/>\n\t<meta property=\"og:image:type\" content=\"image\/jpeg\" \/>\n<meta name=\"twitter:card\" content=\"summary_large_image\" \/>\n<meta name=\"twitter:label1\" content=\"Dur\u00e9e de lecture estim\u00e9e\" \/>\n\t<meta name=\"twitter:data1\" content=\"2 minutes\" \/>\n<script type=\"application\/ld+json\" class=\"yoast-schema-graph\">{\"@context\":\"https:\\\/\\\/schema.org\",\"@graph\":[{\"@type\":\"WebPage\",\"@id\":\"https:\\\/\\\/www.tabakversand.ch\\\/fr\\\/produit\\\/willy-four-season-pipe-tabac\\\/\",\"url\":\"https:\\\/\\\/www.tabakversand.ch\\\/fr\\\/produit\\\/willy-four-season-pipe-tabac\\\/\",\"name\":\"Achetez du tabac \u00e0 pipe en vrac Willy 4 Seasons\",\"isPartOf\":{\"@id\":\"https:\\\/\\\/www.tabakversand.ch\\\/#website\"},\"primaryImageOfPage\":{\"@id\":\"https:\\\/\\\/www.tabakversand.ch\\\/fr\\\/produit\\\/willy-four-season-pipe-tabac\\\/#primaryimage\"},\"image\":{\"@id\":\"https:\\\/\\\/www.tabakversand.ch\\\/fr\\\/produit\\\/willy-four-season-pipe-tabac\\\/#primaryimage\"},\"thumbnailUrl\":\"https:\\\/\\\/www.tabakversand.ch\\\/wp-content\\\/uploads\\\/2022\\\/03\\\/tabakachermann-tabakbar.jpg\",\"datePublished\":\"2022-04-02T09:34:16+00:00\",\"dateModified\":\"2026-04-14T14:46:38+00:00\",\"description\":\"Tabac \u00e0 pipe Willy 4 Seasons \u2713 Cavendish et Golden Virginia \u2713 Doux et aromatique, aux notes de vanille, de noix et de chocolat \u2713 Fra\u00eechement portionn\u00e9\",\"breadcrumb\":{\"@id\":\"https:\\\/\\\/www.tabakversand.ch\\\/fr\\\/produit\\\/willy-four-season-pipe-tabac\\\/#breadcrumb\"},\"inLanguage\":\"fr-FR\",\"potentialAction\":[{\"@type\":\"ReadAction\",\"target\":[\"https:\\\/\\\/www.tabakversand.ch\\\/fr\\\/produit\\\/willy-four-season-pipe-tabac\\\/\"]}]},{\"@type\":\"ImageObject\",\"inLanguage\":\"fr-FR\",\"@id\":\"https:\\\/\\\/www.tabakversand.ch\\\/fr\\\/produit\\\/willy-four-season-pipe-tabac\\\/#primaryimage\",\"url\":\"https:\\\/\\\/www.tabakversand.ch\\\/wp-content\\\/uploads\\\/2022\\\/03\\\/tabakachermann-tabakbar.jpg\",\"contentUrl\":\"https:\\\/\\\/www.tabakversand.ch\\\/wp-content\\\/uploads\\\/2022\\\/03\\\/tabakachermann-tabakbar.jpg\",\"width\":375,\"height\":500,\"caption\":\"Tabac \u00e0 pipe \u00e0 la vanille 100 gr.\"},{\"@type\":\"BreadcrumbList\",\"@id\":\"https:\\\/\\\/www.tabakversand.ch\\\/fr\\\/produit\\\/willy-four-season-pipe-tabac\\\/#breadcrumb\",\"itemListElement\":[{\"@type\":\"ListItem\",\"position\":1,\"name\":\"Startseite\",\"item\":\"https:\\\/\\\/www.tabakversand.ch\\\/\"},{\"@type\":\"ListItem\",\"position\":2,\"name\":\"Boutique\",\"item\":\"https:\\\/\\\/www.tabakversand.ch\\\/fr\\\/boutique\\\/\"},{\"@type\":\"ListItem\",\"position\":3,\"name\":\"Willy Quatre Saisons\"}]},{\"@type\":\"WebSite\",\"@id\":\"https:\\\/\\\/www.tabakversand.ch\\\/#website\",\"url\":\"https:\\\/\\\/www.tabakversand.ch\\\/\",\"name\":\"Tabakversand.ch | Alles aus der Welt des Tabaks\",\"description\":\"Smoke and carpe diem\",\"potentialAction\":[{\"@type\":\"SearchAction\",\"target\":{\"@type\":\"EntryPoint\",\"urlTemplate\":\"https:\\\/\\\/www.tabakversand.ch\\\/?s={search_term_string}\"},\"query-input\":{\"@type\":\"PropertyValueSpecification\",\"valueRequired\":true,\"valueName\":\"search_term_string\"}}],\"inLanguage\":\"fr-FR\"}]}<\/script>\n<!-- \/ Yoast SEO plugin. -->","yoast_head_json":{"title":"Achetez du tabac \u00e0 pipe en vrac Willy 4 Seasons","description":"Tabac \u00e0 pipe Willy 4 Seasons \u2713 Cavendish et Golden Virginia \u2713 Doux et aromatique, aux notes de vanille, de noix et de chocolat \u2713 Fra\u00eechement portionn\u00e9","robots":{"index":"index","follow":"follow","max-snippet":"max-snippet:-1","max-image-preview":"max-image-preview:large","max-video-preview":"max-video-preview:-1"},"canonical":"https:\/\/www.tabakversand.ch\/fr\/produit\/willy-four-season-pipe-tabac\/","og_locale":"fr_FR","og_type":"article","og_title":"Achetez du tabac \u00e0 pipe en vrac Willy 4 Seasons","og_description":"Tabac \u00e0 pipe Willy 4 Seasons \u2713 Cavendish et Golden Virginia \u2713 Doux et aromatique, aux notes de vanille, de noix et de chocolat \u2713 Fra\u00eechement portionn\u00e9","og_url":"https:\/\/www.tabakversand.ch\/fr\/produit\/willy-four-season-pipe-tabac\/","og_site_name":"Tabakversand.ch | Alles aus der Welt des Tabaks","article_modified_time":"2026-04-14T14:46:38+00:00","og_image":[{"width":375,"height":500,"url":"https:\/\/www.tabakversand.ch\/wp-content\/uploads\/2022\/03\/tabakachermann-tabakbar.jpg","type":"image\/jpeg"}],"twitter_card":"summary_large_image","twitter_misc":{"Dur\u00e9e de lecture estim\u00e9e":"2 minutes"},"schema":{"@context":"https:\/\/schema.org","@graph":[{"@type":"WebPage","@id":"https:\/\/www.tabakversand.ch\/fr\/produit\/willy-four-season-pipe-tabac\/","url":"https:\/\/www.tabakversand.ch\/fr\/produit\/willy-four-season-pipe-tabac\/","name":"Achetez du tabac \u00e0 pipe en vrac Willy 4 Seasons","isPartOf":{"@id":"https:\/\/www.tabakversand.ch\/#website"},"primaryImageOfPage":{"@id":"https:\/\/www.tabakversand.ch\/fr\/produit\/willy-four-season-pipe-tabac\/#primaryimage"},"image":{"@id":"https:\/\/www.tabakversand.ch\/fr\/produit\/willy-four-season-pipe-tabac\/#primaryimage"},"thumbnailUrl":"https:\/\/www.tabakversand.ch\/wp-content\/uploads\/2022\/03\/tabakachermann-tabakbar.jpg","datePublished":"2022-04-02T09:34:16+00:00","dateModified":"2026-04-14T14:46:38+00:00","description":"Tabac \u00e0 pipe Willy 4 Seasons \u2713 Cavendish et Golden Virginia \u2713 Doux et aromatique, aux notes de vanille, de noix et de chocolat \u2713 Fra\u00eechement portionn\u00e9","breadcrumb":{"@id":"https:\/\/www.tabakversand.ch\/fr\/produit\/willy-four-season-pipe-tabac\/#breadcrumb"},"inLanguage":"fr-FR","potentialAction":[{"@type":"ReadAction","target":["https:\/\/www.tabakversand.ch\/fr\/produit\/willy-four-season-pipe-tabac\/"]}]},{"@type":"ImageObject","inLanguage":"fr-FR","@id":"https:\/\/www.tabakversand.ch\/fr\/produit\/willy-four-season-pipe-tabac\/#primaryimage","url":"https:\/\/www.tabakversand.ch\/wp-content\/uploads\/2022\/03\/tabakachermann-tabakbar.jpg","contentUrl":"https:\/\/www.tabakversand.ch\/wp-content\/uploads\/2022\/03\/tabakachermann-tabakbar.jpg","width":375,"height":500,"caption":"Tabac \u00e0 pipe \u00e0 la vanille 100 gr."},{"@type":"BreadcrumbList","@id":"https:\/\/www.tabakversand.ch\/fr\/produit\/willy-four-season-pipe-tabac\/#breadcrumb","itemListElement":[{"@type":"ListItem","position":1,"name":"Startseite","item":"https:\/\/www.tabakversand.ch\/"},{"@type":"ListItem","position":2,"name":"Boutique","item":"https:\/\/www.tabakversand.ch\/fr\/boutique\/"},{"@type":"ListItem","position":3,"name":"Willy Quatre Saisons"}]},{"@type":"WebSite","@id":"https:\/\/www.tabakversand.ch\/#website","url":"https:\/\/www.tabakversand.ch\/","name":"Tabakversand.ch | Alles aus der Welt des Tabaks","description":"Smoke and carpe diem","potentialAction":[{"@type":"SearchAction","target":{"@type":"EntryPoint","urlTemplate":"https:\/\/www.tabakversand.ch\/?s={search_term_string}"},"query-input":{"@type":"PropertyValueSpecification","valueRequired":true,"valueName":"search_term_string"}}],"inLanguage":"fr-FR"}]}},"_links":{"self":[{"href":"https:\/\/www.tabakversand.ch\/fr\/wp-json\/wp\/v2\/product\/61633","targetHints":{"allow":["GET"]}}],"collection":[{"href":"https:\/\/www.tabakversand.ch\/fr\/wp-json\/wp\/v2\/product"}],"about":[{"href":"https:\/\/www.tabakversand.ch\/fr\/wp-json\/wp\/v2\/types\/product"}],"version-history":[{"count":4,"href":"https:\/\/www.tabakversand.ch\/fr\/wp-json\/wp\/v2\/product\/61633\/revisions"}],"predecessor-version":[{"id":218062,"href":"https:\/\/www.tabakversand.ch\/fr\/wp-json\/wp\/v2\/product\/61633\/revisions\/218062"}],"wp:featuredmedia":[{"embeddable":true,"href":"https:\/\/www.tabakversand.ch\/fr\/wp-json\/wp\/v2\/media\/60304"}],"wp:attachment":[{"href":"https:\/\/www.tabakversand.ch\/fr\/wp-json\/wp\/v2\/media?parent=61633"}],"wp:term":[{"taxonomy":"product_brand","embeddable":true,"href":"https:\/\/www.tabakversand.ch\/fr\/wp-json\/wp\/v2\/product_brand?post=61633"},{"taxonomy":"product_cat","embeddable":true,"href":"https:\/\/www.tabakversand.ch\/fr\/wp-json\/wp\/v2\/product_cat?post=61633"},{"taxonomy":"product_tag","embeddable":true,"href":"https:\/\/www.tabakversand.ch\/fr\/wp-json\/wp\/v2\/product_tag?post=61633"}],"curies":[{"name":"wp","href":"https:\/\/api.w.org\/{rel}","templated":true}]}}