{"id":61642,"date":"2022-04-02T11:34:16","date_gmt":"2022-04-02T09:34:16","guid":{"rendered":"http:\/\/www.tabakversand.ch\/produkt\/dannemann-fresh-bresil\/"},"modified":"2026-03-24T14:05:13","modified_gmt":"2026-03-24T13:05:13","slug":"dannemann-fresh-brasil","status":"publish","type":"product","link":"https:\/\/www.tabakversand.ch\/fr\/produit\/dannemann-fresh-brasil\/","title":{"rendered":"Dannemann Fresh Br\u00e9sil"},"content":{"rendered":"<h1>Dannemann Fresh Br\u00e9sil<\/h1>\n<p>Cigares\/souches fabriqu\u00e9s \u00e0 la machine \u2013 une gourmandise \u00e9pic\u00e9e du Br\u00e9sil<\/p>\n<ul>\n<li>1 x 5 pi\u00e8ces.<\/li>\n<\/ul>\n<p>&nbsp;<\/p>\n<p>Les cigares Dannemann Fresh Brasil allient le savoir-faire traditionnel br\u00e9silien en mati\u00e8re de tabac \u00e0 un profil de fum\u00e9e doux qui ravit les connaisseurs les plus exigeants. Leur format Corona \u00e9l\u00e9gant les rend parfaits pour un moment de pur plaisir, sans \u00eatre trop lourds. <\/p>\n<p>Avec une longueur de 140 mm et un calibre de 42, ces cigares offrent une exp\u00e9rience de fumage aromatique et facilement accessible qui fait revivre la tradition typique du tabac br\u00e9silien.<\/p>\n<p>La cape br\u00e9silienne finement ferment\u00e9e garantit :<\/p>\n<ul>\n<li>Chaleur caract\u00e9ristique<\/li>\n<li>Douceur subtile<\/li>\n<li>Profondeur \u00e9pic\u00e9e<\/li>\n<\/ul>\n<p>&nbsp;<\/p>\n<p>Cet \u00e9quilibre subtil fait des cigares Dannemann Fresh Brasil une introduction id\u00e9ale au monde des tabacs br\u00e9siliens \u2013 aromatiques et au go\u00fbt distinctif.<\/p>\n<p>Points forts du produit<\/p>\n<ul>\n<li>Format Corona \u00e9l\u00e9gant&nbsp;: longueur 140&nbsp;mm, calibre 42<\/li>\n<li>Cape br\u00e9silienne finement ferment\u00e9e pour une douceur et des \u00e9pices subtiles.<\/li>\n<li>combustion uniforme et fum\u00e9e douce<\/li>\n<li>Parfait pour des moments de d\u00e9tente et de plaisir ou des occasions sociales<\/li>\n<li>Fabriqu\u00e9 par Dannemann \u2013 une marque suisse traditionnelle de qualit\u00e9<\/li>\n<\/ul>\n<p>&nbsp;<\/p>\n<p>Chez tabakversand.ch, vos cigares Dannemann Fresh Brasil vous sont livr\u00e9s dans leur emballage d&rsquo;origine, soigneusement conserv\u00e9s. Un stockage rigoureux garantit une pr\u00e9servation optimale de leur ar\u00f4me, de leur humidit\u00e9 et de leur qualit\u00e9 jusqu&rsquo;\u00e0 l&rsquo;exp\u00e9dition. Gr\u00e2ce \u00e0 une livraison rapide en Suisse, vos cigares vous parviennent g\u00e9n\u00e9ralement tr\u00e8s rapidement.  <\/p>\n<p>Pour plus d&rsquo;informations sur le fabricant, veuillez consulter la page Wikip\u00e9dia correspondante&nbsp;: <a href=\"https:\/\/de.wikipedia.org\/wiki\/Dannemann_Cigarrenfabrik\">cliquez ici<\/a> . Si vous avez des questions concernant le produit, n&rsquo;h\u00e9sitez pas \u00e0 nous contacter&nbsp;: <a href=\"https:\/\/www.tabakversand.ch\/kontakt\/\">cliquez ici<\/a> . <\/p>\n<p>Tous les prix s&rsquo;appliquent uniquement aux commandes en ligne et incluent la TVA. Sous r\u00e9serve de modifications sans pr\u00e9avis, frais de livraison en sus. Sous r\u00e9serve d&rsquo;erreurs, de modifications de contenu de livraison et de conception, de fautes d&rsquo;impression et de modifications de prix. Les prix barr\u00e9s sont des prix de remplacement. Les illustrations peuvent diff\u00e9rer de l&rsquo;original\/du contenu de livraison.<br \/>\n*Livraison gratuite pour les commandes sup\u00e9rieures \u00e0 CHF 250.-.<\/p>\n","protected":false},"excerpt":{"rendered":"<p>Dannemann Fresh Br\u00e9sil Cigares\/souches fabriqu\u00e9s \u00e0 la machine \u2013 une gourmandise \u00e9pic\u00e9e du Br\u00e9sil 1 x 5 pi\u00e8ces. &nbsp; Les cigares Dannemann Fresh Brasil allient le savoir-faire traditionnel br\u00e9silien en mati\u00e8re de tabac \u00e0 un profil de fum\u00e9e doux qui ravit les connaisseurs les plus exigeants. Leur format Corona \u00e9l\u00e9gant les rend parfaits pour un [&hellip;]<\/p>\n","protected":false},"featured_media":61646,"template":"","meta":[],"product_brand":[],"product_cat":[1994,2190],"product_tag":[],"class_list":{"0":"post-61642","1":"product","2":"type-product","3":"status-publish","4":"has-post-thumbnail","6":"product_cat-monde-du-cigare","7":"product_cat-souches-de-cigares-de-tete","9":"first","10":"instock","11":"purchasable","12":"product-type-simple"},"yoast_head":"<!-- This site is optimized with the Yoast SEO plugin v27.0 - https:\/\/yoast.com\/product\/yoast-seo-wordpress\/ -->\n<title>Acheter les cigares Dannemann Fresh Brasil \u2013 le plaisir du tabac \u00e9pic\u00e9<\/title>\n<meta name=\"description\" content=\"Cigares \u00e9pic\u00e9s Dannemann Fresh Brasil au format Corona \u00e9l\u00e9gant. Fum\u00e9e onctueuse, cape br\u00e9silienne de qualit\u00e9 sup\u00e9rieure \u2013 d\u00e9couvrez-les sans plus attendre !\" \/>\n<meta name=\"robots\" content=\"index, follow, max-snippet:-1, max-image-preview:large, max-video-preview:-1\" \/>\n<link rel=\"canonical\" href=\"https:\/\/www.tabakversand.ch\/fr\/produit\/dannemann-fresh-brasil\/\" \/>\n<meta property=\"og:locale\" content=\"fr_FR\" \/>\n<meta property=\"og:type\" content=\"article\" \/>\n<meta property=\"og:title\" content=\"Acheter les cigares Dannemann Fresh Brasil \u2013 le plaisir du tabac \u00e9pic\u00e9\" \/>\n<meta property=\"og:description\" content=\"Cigares \u00e9pic\u00e9s Dannemann Fresh Brasil au format Corona \u00e9l\u00e9gant. Fum\u00e9e onctueuse, cape br\u00e9silienne de qualit\u00e9 sup\u00e9rieure \u2013 d\u00e9couvrez-les sans plus attendre !\" \/>\n<meta property=\"og:url\" content=\"https:\/\/www.tabakversand.ch\/fr\/produit\/dannemann-fresh-brasil\/\" \/>\n<meta property=\"og:site_name\" content=\"Tabakversand.ch | Alles aus der Welt des Tabaks\" \/>\n<meta property=\"article:modified_time\" content=\"2026-03-24T13:05:13+00:00\" \/>\n<meta property=\"og:image\" content=\"https:\/\/www.tabakversand.ch\/wp-content\/uploads\/2022\/03\/dannemann-fresh-brasil.jpg\" \/>\n\t<meta property=\"og:image:width\" content=\"450\" \/>\n\t<meta property=\"og:image:height\" content=\"450\" \/>\n\t<meta property=\"og:image:type\" content=\"image\/jpeg\" \/>\n<meta name=\"twitter:card\" content=\"summary_large_image\" \/>\n<meta name=\"twitter:label1\" content=\"Dur\u00e9e de lecture estim\u00e9e\" \/>\n\t<meta name=\"twitter:data1\" content=\"2 minutes\" \/>\n<script type=\"application\/ld+json\" class=\"yoast-schema-graph\">{\"@context\":\"https:\/\/schema.org\",\"@graph\":[{\"@type\":\"WebPage\",\"@id\":\"https:\/\/www.tabakversand.ch\/fr\/produit\/dannemann-fresh-brasil\/\",\"url\":\"https:\/\/www.tabakversand.ch\/fr\/produit\/dannemann-fresh-brasil\/\",\"name\":\"Acheter les cigares Dannemann Fresh Brasil \u2013 le plaisir du tabac \u00e9pic\u00e9\",\"isPartOf\":{\"@id\":\"https:\/\/www.tabakversand.ch\/#website\"},\"primaryImageOfPage\":{\"@id\":\"https:\/\/www.tabakversand.ch\/fr\/produit\/dannemann-fresh-brasil\/#primaryimage\"},\"image\":{\"@id\":\"https:\/\/www.tabakversand.ch\/fr\/produit\/dannemann-fresh-brasil\/#primaryimage\"},\"thumbnailUrl\":\"https:\/\/www.tabakversand.ch\/wp-content\/uploads\/2022\/03\/dannemann-fresh-brasil.jpg\",\"datePublished\":\"2022-04-02T09:34:16+00:00\",\"dateModified\":\"2026-03-24T13:05:13+00:00\",\"description\":\"Cigares \u00e9pic\u00e9s Dannemann Fresh Brasil au format Corona \u00e9l\u00e9gant. Fum\u00e9e onctueuse, cape br\u00e9silienne de qualit\u00e9 sup\u00e9rieure \u2013 d\u00e9couvrez-les sans plus attendre !\",\"breadcrumb\":{\"@id\":\"https:\/\/www.tabakversand.ch\/fr\/produit\/dannemann-fresh-brasil\/#breadcrumb\"},\"inLanguage\":\"fr-FR\",\"potentialAction\":[{\"@type\":\"ReadAction\",\"target\":[\"https:\/\/www.tabakversand.ch\/fr\/produit\/dannemann-fresh-brasil\/\"]}]},{\"@type\":\"ImageObject\",\"inLanguage\":\"fr-FR\",\"@id\":\"https:\/\/www.tabakversand.ch\/fr\/produit\/dannemann-fresh-brasil\/#primaryimage\",\"url\":\"https:\/\/www.tabakversand.ch\/wp-content\/uploads\/2022\/03\/dannemann-fresh-brasil.jpg\",\"contentUrl\":\"https:\/\/www.tabakversand.ch\/wp-content\/uploads\/2022\/03\/dannemann-fresh-brasil.jpg\",\"width\":450,\"height\":450,\"caption\":\"Dannemann Fresh Br\u00e9sil\"},{\"@type\":\"BreadcrumbList\",\"@id\":\"https:\/\/www.tabakversand.ch\/fr\/produit\/dannemann-fresh-brasil\/#breadcrumb\",\"itemListElement\":[{\"@type\":\"ListItem\",\"position\":1,\"name\":\"Startseite\",\"item\":\"https:\/\/www.tabakversand.ch\/\"},{\"@type\":\"ListItem\",\"position\":2,\"name\":\"Boutique\",\"item\":\"https:\/\/www.tabakversand.ch\/fr\/boutique\/\"},{\"@type\":\"ListItem\",\"position\":3,\"name\":\"Dannemann Fresh Br\u00e9sil\"}]},{\"@type\":\"WebSite\",\"@id\":\"https:\/\/www.tabakversand.ch\/#website\",\"url\":\"https:\/\/www.tabakversand.ch\/\",\"name\":\"Tabakversand.ch | Alles aus der Welt des Tabaks\",\"description\":\"Smoke and carpe diem\",\"potentialAction\":[{\"@type\":\"SearchAction\",\"target\":{\"@type\":\"EntryPoint\",\"urlTemplate\":\"https:\/\/www.tabakversand.ch\/?s={search_term_string}\"},\"query-input\":{\"@type\":\"PropertyValueSpecification\",\"valueRequired\":true,\"valueName\":\"search_term_string\"}}],\"inLanguage\":\"fr-FR\"}]}<\/script>\n<!-- \/ Yoast SEO plugin. -->","yoast_head_json":{"title":"Acheter les cigares Dannemann Fresh Brasil \u2013 le plaisir du tabac \u00e9pic\u00e9","description":"Cigares \u00e9pic\u00e9s Dannemann Fresh Brasil au format Corona \u00e9l\u00e9gant. Fum\u00e9e onctueuse, cape br\u00e9silienne de qualit\u00e9 sup\u00e9rieure \u2013 d\u00e9couvrez-les sans plus attendre !","robots":{"index":"index","follow":"follow","max-snippet":"max-snippet:-1","max-image-preview":"max-image-preview:large","max-video-preview":"max-video-preview:-1"},"canonical":"https:\/\/www.tabakversand.ch\/fr\/produit\/dannemann-fresh-brasil\/","og_locale":"fr_FR","og_type":"article","og_title":"Acheter les cigares Dannemann Fresh Brasil \u2013 le plaisir du tabac \u00e9pic\u00e9","og_description":"Cigares \u00e9pic\u00e9s Dannemann Fresh Brasil au format Corona \u00e9l\u00e9gant. Fum\u00e9e onctueuse, cape br\u00e9silienne de qualit\u00e9 sup\u00e9rieure \u2013 d\u00e9couvrez-les sans plus attendre !","og_url":"https:\/\/www.tabakversand.ch\/fr\/produit\/dannemann-fresh-brasil\/","og_site_name":"Tabakversand.ch | Alles aus der Welt des Tabaks","article_modified_time":"2026-03-24T13:05:13+00:00","og_image":[{"width":450,"height":450,"url":"https:\/\/www.tabakversand.ch\/wp-content\/uploads\/2022\/03\/dannemann-fresh-brasil.jpg","type":"image\/jpeg"}],"twitter_card":"summary_large_image","twitter_misc":{"Dur\u00e9e de lecture estim\u00e9e":"2 minutes"},"schema":{"@context":"https:\/\/schema.org","@graph":[{"@type":"WebPage","@id":"https:\/\/www.tabakversand.ch\/fr\/produit\/dannemann-fresh-brasil\/","url":"https:\/\/www.tabakversand.ch\/fr\/produit\/dannemann-fresh-brasil\/","name":"Acheter les cigares Dannemann Fresh Brasil \u2013 le plaisir du tabac \u00e9pic\u00e9","isPartOf":{"@id":"https:\/\/www.tabakversand.ch\/#website"},"primaryImageOfPage":{"@id":"https:\/\/www.tabakversand.ch\/fr\/produit\/dannemann-fresh-brasil\/#primaryimage"},"image":{"@id":"https:\/\/www.tabakversand.ch\/fr\/produit\/dannemann-fresh-brasil\/#primaryimage"},"thumbnailUrl":"https:\/\/www.tabakversand.ch\/wp-content\/uploads\/2022\/03\/dannemann-fresh-brasil.jpg","datePublished":"2022-04-02T09:34:16+00:00","dateModified":"2026-03-24T13:05:13+00:00","description":"Cigares \u00e9pic\u00e9s Dannemann Fresh Brasil au format Corona \u00e9l\u00e9gant. Fum\u00e9e onctueuse, cape br\u00e9silienne de qualit\u00e9 sup\u00e9rieure \u2013 d\u00e9couvrez-les sans plus attendre !","breadcrumb":{"@id":"https:\/\/www.tabakversand.ch\/fr\/produit\/dannemann-fresh-brasil\/#breadcrumb"},"inLanguage":"fr-FR","potentialAction":[{"@type":"ReadAction","target":["https:\/\/www.tabakversand.ch\/fr\/produit\/dannemann-fresh-brasil\/"]}]},{"@type":"ImageObject","inLanguage":"fr-FR","@id":"https:\/\/www.tabakversand.ch\/fr\/produit\/dannemann-fresh-brasil\/#primaryimage","url":"https:\/\/www.tabakversand.ch\/wp-content\/uploads\/2022\/03\/dannemann-fresh-brasil.jpg","contentUrl":"https:\/\/www.tabakversand.ch\/wp-content\/uploads\/2022\/03\/dannemann-fresh-brasil.jpg","width":450,"height":450,"caption":"Dannemann Fresh Br\u00e9sil"},{"@type":"BreadcrumbList","@id":"https:\/\/www.tabakversand.ch\/fr\/produit\/dannemann-fresh-brasil\/#breadcrumb","itemListElement":[{"@type":"ListItem","position":1,"name":"Startseite","item":"https:\/\/www.tabakversand.ch\/"},{"@type":"ListItem","position":2,"name":"Boutique","item":"https:\/\/www.tabakversand.ch\/fr\/boutique\/"},{"@type":"ListItem","position":3,"name":"Dannemann Fresh Br\u00e9sil"}]},{"@type":"WebSite","@id":"https:\/\/www.tabakversand.ch\/#website","url":"https:\/\/www.tabakversand.ch\/","name":"Tabakversand.ch | Alles aus der Welt des Tabaks","description":"Smoke and carpe diem","potentialAction":[{"@type":"SearchAction","target":{"@type":"EntryPoint","urlTemplate":"https:\/\/www.tabakversand.ch\/?s={search_term_string}"},"query-input":{"@type":"PropertyValueSpecification","valueRequired":true,"valueName":"search_term_string"}}],"inLanguage":"fr-FR"}]}},"_links":{"self":[{"href":"https:\/\/www.tabakversand.ch\/fr\/wp-json\/wp\/v2\/product\/61642","targetHints":{"allow":["GET"]}}],"collection":[{"href":"https:\/\/www.tabakversand.ch\/fr\/wp-json\/wp\/v2\/product"}],"about":[{"href":"https:\/\/www.tabakversand.ch\/fr\/wp-json\/wp\/v2\/types\/product"}],"version-history":[{"count":4,"href":"https:\/\/www.tabakversand.ch\/fr\/wp-json\/wp\/v2\/product\/61642\/revisions"}],"predecessor-version":[{"id":215937,"href":"https:\/\/www.tabakversand.ch\/fr\/wp-json\/wp\/v2\/product\/61642\/revisions\/215937"}],"wp:featuredmedia":[{"embeddable":true,"href":"https:\/\/www.tabakversand.ch\/fr\/wp-json\/wp\/v2\/media\/61646"}],"wp:attachment":[{"href":"https:\/\/www.tabakversand.ch\/fr\/wp-json\/wp\/v2\/media?parent=61642"}],"wp:term":[{"taxonomy":"product_brand","embeddable":true,"href":"https:\/\/www.tabakversand.ch\/fr\/wp-json\/wp\/v2\/product_brand?post=61642"},{"taxonomy":"product_cat","embeddable":true,"href":"https:\/\/www.tabakversand.ch\/fr\/wp-json\/wp\/v2\/product_cat?post=61642"},{"taxonomy":"product_tag","embeddable":true,"href":"https:\/\/www.tabakversand.ch\/fr\/wp-json\/wp\/v2\/product_tag?post=61642"}],"curies":[{"name":"wp","href":"https:\/\/api.w.org\/{rel}","templated":true}]}}