{"id":61656,"date":"2022-04-02T11:34:16","date_gmt":"2022-04-02T09:34:16","guid":{"rendered":"http:\/\/www.tabakversand.ch\/produkt\/westminster-mixture-tabac-a-pipe-40-gr\/"},"modified":"2026-04-16T07:33:15","modified_gmt":"2026-04-16T05:33:15","slug":"westminster-melange-pipe-tabac-40-gr","status":"publish","type":"product","link":"https:\/\/www.tabakversand.ch\/fr\/produit\/westminster-melange-pipe-tabac-40-gr\/","title":{"rendered":"Westminster Mixture tabac \u00e0 pipe 40 gr."},"content":{"rendered":"<h1>Westminster<\/h1>\n<p>Le Westminster Mixture impressionne par son bouquet de Virginia, Burley, Virginia Flake frott\u00e9 \u00e0 la main et un peu de Black Cavendish. Une exp\u00e9rience gustative cr\u00e9meuse \u00e0 caramel.<\/p>\n<ul>\n<li>1 x 40 g<\/li>\n<\/ul>\n<p>Chez tabakversand.ch, vous recevez du tabac \u00e0 pipe Westminster fra\u00eechement conserv\u00e9 dans son emballage d&rsquo;origine. Un stockage soign\u00e9 garantit une pr\u00e9servation optimale de l&rsquo;ar\u00f4me, de l&rsquo;humidit\u00e9 et de la qualit\u00e9 jusqu&rsquo;\u00e0 l&rsquo;exp\u00e9dition. Gr\u00e2ce \u00e0 une livraison rapide en Suisse, votre tabac \u00e0 pipe vous parvient g\u00e9n\u00e9ralement sous peu.  <\/p>\n<p>Pour plus d&rsquo;informations sur le fabricant Scandinavian Tobacco Group, veuillez consulter la page Wikip\u00e9dia correspondante&nbsp;: <a href=\"https:\/\/de.wikipedia.org\/wiki\/Scandinavian_Tobacco_Group\">cliquez ici<\/a> . Si vous avez des questions concernant le produit, n&rsquo;h\u00e9sitez pas \u00e0 nous contacter&nbsp;: <a href=\"https:\/\/www.tabakversand.ch\/kontakt\/\">cliquez ici<\/a> . <\/p>\n<p>Tous les prix indiqu\u00e9s sont valables uniquement pour les commandes en ligne, TVA incluse, et peuvent \u00eatre modifi\u00e9s sans pr\u00e9avis. Les frais de port sont en sus.   Sous r\u00e9serve d&rsquo;erreurs, de modifications de l&rsquo;\u00e9tendue de la livraison et de la conception, d&rsquo;erreurs d&rsquo;impression et de modifications de prix. Les prix barr\u00e9s sont plut\u00f4t des prix. L&rsquo;illustration peut diff\u00e9rer de l&rsquo;original\/de l&rsquo;\u00e9tendue de la livraison.<br \/>\n*Livraison gratuite pour les commandes sup\u00e9rieures \u00e0 CHF 250.-.<\/p>\n","protected":false},"excerpt":{"rendered":"<p>Westminster Le Westminster Mixture impressionne par son bouquet de Virginia, Burley, Virginia Flake frott\u00e9 \u00e0 la main et un peu de Black Cavendish. Une exp\u00e9rience gustative cr\u00e9meuse \u00e0 caramel. 1 x 40 g Chez tabakversand.ch, vous recevez du tabac \u00e0 pipe Westminster fra\u00eechement conserv\u00e9 dans son emballage d&rsquo;origine. Un stockage soign\u00e9 garantit une pr\u00e9servation optimale [&hellip;]<\/p>\n","protected":false},"featured_media":61657,"template":"","meta":[],"product_brand":[1518,5872],"product_cat":[5820,1949,2040,1888],"product_tag":[],"class_list":{"0":"post-61656","1":"product","2":"type-product","3":"status-publish","4":"has-post-thumbnail","6":"product_brand-scandinavian-tobacco-group","7":"product_brand-westminster-pfeifentabak","8":"product_cat-sac","9":"product_cat-pipe-world-fr","10":"product_cat-tabac-a-pipe-fr","11":"product_cat-tabac","13":"first","14":"instock","15":"purchasable","16":"product-type-simple"},"yoast_head":"<!-- This site is optimized with the Yoast SEO plugin v27.0 - https:\/\/yoast.com\/product\/yoast-seo-wordpress\/ -->\n<title>-<\/title>\n<meta name=\"description\" content=\"Tabac \u00e0 pipe Westminster \u2013 un m\u00e9lange distinctif et harmonieux de qualit\u00e9. Commandez le v\u00f4tre d\u00e8s maintenant et savourez une pipe relaxante\u00a0!\" \/>\n<meta name=\"robots\" content=\"index, follow, max-snippet:-1, max-image-preview:large, max-video-preview:-1\" \/>\n<link rel=\"canonical\" href=\"https:\/\/www.tabakversand.ch\/fr\/produit\/westminster-melange-pipe-tabac-40-gr\/\" \/>\n<meta property=\"og:locale\" content=\"fr_FR\" \/>\n<meta property=\"og:type\" content=\"article\" \/>\n<meta property=\"og:title\" content=\"-\" \/>\n<meta property=\"og:description\" content=\"Tabac \u00e0 pipe Westminster \u2013 un m\u00e9lange distinctif et harmonieux de qualit\u00e9. Commandez le v\u00f4tre d\u00e8s maintenant et savourez une pipe relaxante\u00a0!\" \/>\n<meta property=\"og:url\" content=\"https:\/\/www.tabakversand.ch\/fr\/produit\/westminster-melange-pipe-tabac-40-gr\/\" \/>\n<meta property=\"og:site_name\" content=\"Tabakversand.ch | Alles aus der Welt des Tabaks\" \/>\n<meta property=\"article:modified_time\" content=\"2026-04-16T05:33:15+00:00\" \/>\n<meta property=\"og:image\" content=\"https:\/\/www.tabakversand.ch\/wp-content\/uploads\/2022\/03\/westminster-40.jpg\" \/>\n\t<meta property=\"og:image:width\" content=\"500\" \/>\n\t<meta property=\"og:image:height\" content=\"500\" \/>\n\t<meta property=\"og:image:type\" content=\"image\/jpeg\" \/>\n<meta name=\"twitter:card\" content=\"summary_large_image\" \/>\n<meta name=\"twitter:label1\" content=\"Dur\u00e9e de lecture estim\u00e9e\" \/>\n\t<meta name=\"twitter:data1\" content=\"1 minute\" \/>\n<script type=\"application\/ld+json\" class=\"yoast-schema-graph\">{\"@context\":\"https:\/\/schema.org\",\"@graph\":[{\"@type\":\"WebPage\",\"@id\":\"https:\/\/www.tabakversand.ch\/fr\/produit\/westminster-melange-pipe-tabac-40-gr\/\",\"url\":\"https:\/\/www.tabakversand.ch\/fr\/produit\/westminster-melange-pipe-tabac-40-gr\/\",\"name\":\"-\",\"isPartOf\":{\"@id\":\"https:\/\/www.tabakversand.ch\/#website\"},\"primaryImageOfPage\":{\"@id\":\"https:\/\/www.tabakversand.ch\/fr\/produit\/westminster-melange-pipe-tabac-40-gr\/#primaryimage\"},\"image\":{\"@id\":\"https:\/\/www.tabakversand.ch\/fr\/produit\/westminster-melange-pipe-tabac-40-gr\/#primaryimage\"},\"thumbnailUrl\":\"https:\/\/www.tabakversand.ch\/wp-content\/uploads\/2022\/03\/westminster-40.jpg\",\"datePublished\":\"2022-04-02T09:34:16+00:00\",\"dateModified\":\"2026-04-16T05:33:15+00:00\",\"description\":\"Tabac \u00e0 pipe Westminster \u2013 un m\u00e9lange distinctif et harmonieux de qualit\u00e9. Commandez le v\u00f4tre d\u00e8s maintenant et savourez une pipe relaxante\u00a0!\",\"breadcrumb\":{\"@id\":\"https:\/\/www.tabakversand.ch\/fr\/produit\/westminster-melange-pipe-tabac-40-gr\/#breadcrumb\"},\"inLanguage\":\"fr-FR\",\"potentialAction\":[{\"@type\":\"ReadAction\",\"target\":[\"https:\/\/www.tabakversand.ch\/fr\/produit\/westminster-melange-pipe-tabac-40-gr\/\"]}]},{\"@type\":\"ImageObject\",\"inLanguage\":\"fr-FR\",\"@id\":\"https:\/\/www.tabakversand.ch\/fr\/produit\/westminster-melange-pipe-tabac-40-gr\/#primaryimage\",\"url\":\"https:\/\/www.tabakversand.ch\/wp-content\/uploads\/2022\/03\/westminster-40.jpg\",\"contentUrl\":\"https:\/\/www.tabakversand.ch\/wp-content\/uploads\/2022\/03\/westminster-40.jpg\",\"width\":500,\"height\":500,\"caption\":\"Westminster Mixture tabac \u00e0 pipe 40 gr.\"},{\"@type\":\"BreadcrumbList\",\"@id\":\"https:\/\/www.tabakversand.ch\/fr\/produit\/westminster-melange-pipe-tabac-40-gr\/#breadcrumb\",\"itemListElement\":[{\"@type\":\"ListItem\",\"position\":1,\"name\":\"Startseite\",\"item\":\"https:\/\/www.tabakversand.ch\/\"},{\"@type\":\"ListItem\",\"position\":2,\"name\":\"Boutique\",\"item\":\"https:\/\/www.tabakversand.ch\/fr\/boutique\/\"},{\"@type\":\"ListItem\",\"position\":3,\"name\":\"Westminster Mixture tabac \u00e0 pipe 40 gr.\"}]},{\"@type\":\"WebSite\",\"@id\":\"https:\/\/www.tabakversand.ch\/#website\",\"url\":\"https:\/\/www.tabakversand.ch\/\",\"name\":\"Tabakversand.ch | Alles aus der Welt des Tabaks\",\"description\":\"Smoke and carpe diem\",\"potentialAction\":[{\"@type\":\"SearchAction\",\"target\":{\"@type\":\"EntryPoint\",\"urlTemplate\":\"https:\/\/www.tabakversand.ch\/?s={search_term_string}\"},\"query-input\":{\"@type\":\"PropertyValueSpecification\",\"valueRequired\":true,\"valueName\":\"search_term_string\"}}],\"inLanguage\":\"fr-FR\"}]}<\/script>\n<!-- \/ Yoast SEO plugin. -->","yoast_head_json":{"title":"-","description":"Tabac \u00e0 pipe Westminster \u2013 un m\u00e9lange distinctif et harmonieux de qualit\u00e9. Commandez le v\u00f4tre d\u00e8s maintenant et savourez une pipe relaxante\u00a0!","robots":{"index":"index","follow":"follow","max-snippet":"max-snippet:-1","max-image-preview":"max-image-preview:large","max-video-preview":"max-video-preview:-1"},"canonical":"https:\/\/www.tabakversand.ch\/fr\/produit\/westminster-melange-pipe-tabac-40-gr\/","og_locale":"fr_FR","og_type":"article","og_title":"-","og_description":"Tabac \u00e0 pipe Westminster \u2013 un m\u00e9lange distinctif et harmonieux de qualit\u00e9. Commandez le v\u00f4tre d\u00e8s maintenant et savourez une pipe relaxante\u00a0!","og_url":"https:\/\/www.tabakversand.ch\/fr\/produit\/westminster-melange-pipe-tabac-40-gr\/","og_site_name":"Tabakversand.ch | Alles aus der Welt des Tabaks","article_modified_time":"2026-04-16T05:33:15+00:00","og_image":[{"width":500,"height":500,"url":"https:\/\/www.tabakversand.ch\/wp-content\/uploads\/2022\/03\/westminster-40.jpg","type":"image\/jpeg"}],"twitter_card":"summary_large_image","twitter_misc":{"Dur\u00e9e de lecture estim\u00e9e":"1 minute"},"schema":{"@context":"https:\/\/schema.org","@graph":[{"@type":"WebPage","@id":"https:\/\/www.tabakversand.ch\/fr\/produit\/westminster-melange-pipe-tabac-40-gr\/","url":"https:\/\/www.tabakversand.ch\/fr\/produit\/westminster-melange-pipe-tabac-40-gr\/","name":"-","isPartOf":{"@id":"https:\/\/www.tabakversand.ch\/#website"},"primaryImageOfPage":{"@id":"https:\/\/www.tabakversand.ch\/fr\/produit\/westminster-melange-pipe-tabac-40-gr\/#primaryimage"},"image":{"@id":"https:\/\/www.tabakversand.ch\/fr\/produit\/westminster-melange-pipe-tabac-40-gr\/#primaryimage"},"thumbnailUrl":"https:\/\/www.tabakversand.ch\/wp-content\/uploads\/2022\/03\/westminster-40.jpg","datePublished":"2022-04-02T09:34:16+00:00","dateModified":"2026-04-16T05:33:15+00:00","description":"Tabac \u00e0 pipe Westminster \u2013 un m\u00e9lange distinctif et harmonieux de qualit\u00e9. Commandez le v\u00f4tre d\u00e8s maintenant et savourez une pipe relaxante\u00a0!","breadcrumb":{"@id":"https:\/\/www.tabakversand.ch\/fr\/produit\/westminster-melange-pipe-tabac-40-gr\/#breadcrumb"},"inLanguage":"fr-FR","potentialAction":[{"@type":"ReadAction","target":["https:\/\/www.tabakversand.ch\/fr\/produit\/westminster-melange-pipe-tabac-40-gr\/"]}]},{"@type":"ImageObject","inLanguage":"fr-FR","@id":"https:\/\/www.tabakversand.ch\/fr\/produit\/westminster-melange-pipe-tabac-40-gr\/#primaryimage","url":"https:\/\/www.tabakversand.ch\/wp-content\/uploads\/2022\/03\/westminster-40.jpg","contentUrl":"https:\/\/www.tabakversand.ch\/wp-content\/uploads\/2022\/03\/westminster-40.jpg","width":500,"height":500,"caption":"Westminster Mixture tabac \u00e0 pipe 40 gr."},{"@type":"BreadcrumbList","@id":"https:\/\/www.tabakversand.ch\/fr\/produit\/westminster-melange-pipe-tabac-40-gr\/#breadcrumb","itemListElement":[{"@type":"ListItem","position":1,"name":"Startseite","item":"https:\/\/www.tabakversand.ch\/"},{"@type":"ListItem","position":2,"name":"Boutique","item":"https:\/\/www.tabakversand.ch\/fr\/boutique\/"},{"@type":"ListItem","position":3,"name":"Westminster Mixture tabac \u00e0 pipe 40 gr."}]},{"@type":"WebSite","@id":"https:\/\/www.tabakversand.ch\/#website","url":"https:\/\/www.tabakversand.ch\/","name":"Tabakversand.ch | Alles aus der Welt des Tabaks","description":"Smoke and carpe diem","potentialAction":[{"@type":"SearchAction","target":{"@type":"EntryPoint","urlTemplate":"https:\/\/www.tabakversand.ch\/?s={search_term_string}"},"query-input":{"@type":"PropertyValueSpecification","valueRequired":true,"valueName":"search_term_string"}}],"inLanguage":"fr-FR"}]}},"_links":{"self":[{"href":"https:\/\/www.tabakversand.ch\/fr\/wp-json\/wp\/v2\/product\/61656","targetHints":{"allow":["GET"]}}],"collection":[{"href":"https:\/\/www.tabakversand.ch\/fr\/wp-json\/wp\/v2\/product"}],"about":[{"href":"https:\/\/www.tabakversand.ch\/fr\/wp-json\/wp\/v2\/types\/product"}],"version-history":[{"count":3,"href":"https:\/\/www.tabakversand.ch\/fr\/wp-json\/wp\/v2\/product\/61656\/revisions"}],"predecessor-version":[{"id":218099,"href":"https:\/\/www.tabakversand.ch\/fr\/wp-json\/wp\/v2\/product\/61656\/revisions\/218099"}],"wp:featuredmedia":[{"embeddable":true,"href":"https:\/\/www.tabakversand.ch\/fr\/wp-json\/wp\/v2\/media\/61657"}],"wp:attachment":[{"href":"https:\/\/www.tabakversand.ch\/fr\/wp-json\/wp\/v2\/media?parent=61656"}],"wp:term":[{"taxonomy":"product_brand","embeddable":true,"href":"https:\/\/www.tabakversand.ch\/fr\/wp-json\/wp\/v2\/product_brand?post=61656"},{"taxonomy":"product_cat","embeddable":true,"href":"https:\/\/www.tabakversand.ch\/fr\/wp-json\/wp\/v2\/product_cat?post=61656"},{"taxonomy":"product_tag","embeddable":true,"href":"https:\/\/www.tabakversand.ch\/fr\/wp-json\/wp\/v2\/product_tag?post=61656"}],"curies":[{"name":"wp","href":"https:\/\/api.w.org\/{rel}","templated":true}]}}