{"id":61744,"date":"2022-04-02T11:34:04","date_gmt":"2022-04-02T09:34:04","guid":{"rendered":"http:\/\/www.tabakversand.ch\/produkt\/willy-best-pipe-tabac\/"},"modified":"2026-04-14T16:06:13","modified_gmt":"2026-04-14T14:06:13","slug":"tabac-willy-best-pipe","status":"publish","type":"product","link":"https:\/\/www.tabakversand.ch\/fr\/produit\/tabac-willy-best-pipe\/","title":{"rendered":"Willy Best"},"content":{"rendered":"<h1>Willy Best<\/h1>\n<p>Tabac \u00e0 pipe en vrac \u2013 un plaisir traditionnel dans chaque pipe<\/p>\n<ul>\n<li>1 x 100 g<\/li>\n<\/ul>\n<p>&nbsp;<\/p>\n<p>Le tabac \u00e0 pipe ouvert Willy Best combine des tabacs Black Cavendish et Virginia soigneusement s\u00e9lectionn\u00e9s en un m\u00e9lange harmonieux qui impressionne par sa douceur \u00e9quilibr\u00e9e, sa profondeur et sa richesse aromatique.<\/p>\n<p>Ce m\u00e9lange offre une exp\u00e9rience de fumage riche et agr\u00e9able, avec une saveur douce et onctueuse qui ravira les fumeurs de pipe exp\u00e9riment\u00e9s comme les d\u00e9butants. Disponible en vrac, il vous permet de doser vous-m\u00eame la quantit\u00e9 et de toujours savourer un tabac frais. <\/p>\n<p>Vos avantages en un coup d&rsquo;\u0153il&nbsp;:<\/p>\n<p>\ud83c\udf42 M\u00e9lange de haute qualit\u00e9 de Black Cavendish et de Virginie<\/p>\n<p>\ud83d\udd25 Exp\u00e9rience de fumage \u00e9quilibr\u00e9e et aromatique<\/p>\n<p>\u2696\ufe0f Disponible en vrac \u2013 frais et portionnable \u00e0 volont\u00e9<\/p>\n<p>\ud83c\udf2c\ufe0f Parfum d&rsquo;ambiance agr\u00e9able et l\u00e9g\u00e8rement sucr\u00e9<\/p>\n<p>\ud83d\udc4c Parfait pour les experts et les d\u00e9butants<\/p>\n<p>C\u00e9l\u00e9brez la tradition du fumeur de pipe avec le tabac \u00e0 pipe ouvert Willy Best \u2013 qualit\u00e9, harmonie et plaisir \u00e0 chaque pipe.<\/p>\n<p>D\u00e9couvrez d\u00e8s maintenant et savourez le plaisir classique du tabac !<\/p>\n<p>Chez tabakversand.ch, vous recevez du tabac \u00e0 pipe Willy Best en vrac, conserv\u00e9 dans des conditions optimales. Un stockage soign\u00e9 garantit la pr\u00e9servation parfaite de son ar\u00f4me, de son humidit\u00e9 et de sa qualit\u00e9 jusqu&rsquo;\u00e0 l&rsquo;exp\u00e9dition. Gr\u00e2ce \u00e0 une livraison rapide en Suisse, votre tabac \u00e0 pipe vous parvient g\u00e9n\u00e9ralement tr\u00e8s rapidement.  <\/p>\n<p>Pour plus d&rsquo;informations sur le tabac \u00e0 pipe, veuillez consulter l&rsquo;article Wikip\u00e9dia correspondant&nbsp;: <a href=\"https:\/\/de.wikipedia.org\/wiki\/Tabakpfeife#Pfeifentabak\">cliquez ici<\/a> . Si vous avez des questions concernant le produit, n&rsquo;h\u00e9sitez pas \u00e0 nous contacter&nbsp;: <a href=\"https:\/\/www.tabakversand.ch\/kontakt\/\">cliquez ici<\/a> . <\/p>\n<p>Tous les prix indiqu\u00e9s sont valables uniquement pour les commandes en ligne, TVA incluse, et peuvent \u00eatre modifi\u00e9s sans pr\u00e9avis. Les frais de port sont en sus.   Sous r\u00e9serve d&rsquo;erreurs, de modifications de l&rsquo;\u00e9tendue de la livraison et de la conception, d&rsquo;erreurs d&rsquo;impression et de modifications de prix. Les prix barr\u00e9s sont plut\u00f4t des prix. L&rsquo;illustration peut diff\u00e9rer de l&rsquo;original\/de l&rsquo;\u00e9tendue de la livraison.<br \/>\n*Livraison gratuite pour les commandes sup\u00e9rieures \u00e0 CHF 250.-.<\/p>\n","protected":false},"excerpt":{"rendered":"<p>Willy Best Tabac \u00e0 pipe en vrac \u2013 un plaisir traditionnel dans chaque pipe 1 x 100 g &nbsp; Le tabac \u00e0 pipe ouvert Willy Best combine des tabacs Black Cavendish et Virginia soigneusement s\u00e9lectionn\u00e9s en un m\u00e9lange harmonieux qui impressionne par sa douceur \u00e9quilibr\u00e9e, sa profondeur et sa richesse aromatique. Ce m\u00e9lange offre une [&hellip;]<\/p>\n","protected":false},"featured_media":60304,"template":"","meta":[],"product_brand":[5512,5857],"product_cat":[5834,1949,1888,2040],"product_tag":[],"class_list":{"0":"post-61744","1":"product","2":"type-product","3":"status-publish","4":"has-post-thumbnail","6":"product_brand-offen-pfeifentabak","7":"product_brand-willy-best-pfeifentabak-offen","8":"product_cat-ouvrir","9":"product_cat-pipe-world-fr","10":"product_cat-tabac","11":"product_cat-tabac-a-pipe-fr","13":"first","14":"onbackorder","15":"purchasable","16":"product-type-simple"},"yoast_head":"<!-- This site is optimized with the Yoast SEO plugin v27.0 - https:\/\/yoast.com\/product\/yoast-seo-wordpress\/ -->\n<title>Achetez du tabac \u00e0 pipe en vrac Willy Best | Traditionnel et aromatique<\/title>\n<meta name=\"description\" content=\"Tabac \u00e0 pipe en vrac Willy Best \u2713 M\u00e9lange de haute qualit\u00e9 de Black Cavendish et de Virginie \u2713 \u00c9quilibr\u00e9, aromatique et facile \u00e0 doser \u2713\" \/>\n<meta name=\"robots\" content=\"index, follow, max-snippet:-1, max-image-preview:large, max-video-preview:-1\" \/>\n<link rel=\"canonical\" href=\"https:\/\/www.tabakversand.ch\/fr\/produit\/tabac-willy-best-pipe\/\" \/>\n<meta property=\"og:locale\" content=\"fr_FR\" \/>\n<meta property=\"og:type\" content=\"article\" \/>\n<meta property=\"og:title\" content=\"Achetez du tabac \u00e0 pipe en vrac Willy Best | Traditionnel et aromatique\" \/>\n<meta property=\"og:description\" content=\"Tabac \u00e0 pipe en vrac Willy Best \u2713 M\u00e9lange de haute qualit\u00e9 de Black Cavendish et de Virginie \u2713 \u00c9quilibr\u00e9, aromatique et facile \u00e0 doser \u2713\" \/>\n<meta property=\"og:url\" content=\"https:\/\/www.tabakversand.ch\/fr\/produit\/tabac-willy-best-pipe\/\" \/>\n<meta property=\"og:site_name\" content=\"Tabakversand.ch | Alles aus der Welt des Tabaks\" \/>\n<meta property=\"article:modified_time\" content=\"2026-04-14T14:06:13+00:00\" \/>\n<meta property=\"og:image\" content=\"https:\/\/www.tabakversand.ch\/wp-content\/uploads\/2022\/03\/tabakachermann-tabakbar.jpg\" \/>\n\t<meta property=\"og:image:width\" content=\"375\" \/>\n\t<meta property=\"og:image:height\" content=\"500\" \/>\n\t<meta property=\"og:image:type\" content=\"image\/jpeg\" \/>\n<meta name=\"twitter:card\" content=\"summary_large_image\" \/>\n<meta name=\"twitter:label1\" content=\"Dur\u00e9e de lecture estim\u00e9e\" \/>\n\t<meta name=\"twitter:data1\" content=\"2 minutes\" \/>\n<script type=\"application\/ld+json\" class=\"yoast-schema-graph\">{\"@context\":\"https:\/\/schema.org\",\"@graph\":[{\"@type\":\"WebPage\",\"@id\":\"https:\/\/www.tabakversand.ch\/fr\/produit\/tabac-willy-best-pipe\/\",\"url\":\"https:\/\/www.tabakversand.ch\/fr\/produit\/tabac-willy-best-pipe\/\",\"name\":\"Achetez du tabac \u00e0 pipe en vrac Willy Best | Traditionnel et aromatique\",\"isPartOf\":{\"@id\":\"https:\/\/www.tabakversand.ch\/#website\"},\"primaryImageOfPage\":{\"@id\":\"https:\/\/www.tabakversand.ch\/fr\/produit\/tabac-willy-best-pipe\/#primaryimage\"},\"image\":{\"@id\":\"https:\/\/www.tabakversand.ch\/fr\/produit\/tabac-willy-best-pipe\/#primaryimage\"},\"thumbnailUrl\":\"https:\/\/www.tabakversand.ch\/wp-content\/uploads\/2022\/03\/tabakachermann-tabakbar.jpg\",\"datePublished\":\"2022-04-02T09:34:04+00:00\",\"dateModified\":\"2026-04-14T14:06:13+00:00\",\"description\":\"Tabac \u00e0 pipe en vrac Willy Best \u2713 M\u00e9lange de haute qualit\u00e9 de Black Cavendish et de Virginie \u2713 \u00c9quilibr\u00e9, aromatique et facile \u00e0 doser \u2713\",\"breadcrumb\":{\"@id\":\"https:\/\/www.tabakversand.ch\/fr\/produit\/tabac-willy-best-pipe\/#breadcrumb\"},\"inLanguage\":\"fr-FR\",\"potentialAction\":[{\"@type\":\"ReadAction\",\"target\":[\"https:\/\/www.tabakversand.ch\/fr\/produit\/tabac-willy-best-pipe\/\"]}]},{\"@type\":\"ImageObject\",\"inLanguage\":\"fr-FR\",\"@id\":\"https:\/\/www.tabakversand.ch\/fr\/produit\/tabac-willy-best-pipe\/#primaryimage\",\"url\":\"https:\/\/www.tabakversand.ch\/wp-content\/uploads\/2022\/03\/tabakachermann-tabakbar.jpg\",\"contentUrl\":\"https:\/\/www.tabakversand.ch\/wp-content\/uploads\/2022\/03\/tabakachermann-tabakbar.jpg\",\"width\":375,\"height\":500,\"caption\":\"Tabac \u00e0 pipe \u00e0 la vanille 100 gr.\"},{\"@type\":\"BreadcrumbList\",\"@id\":\"https:\/\/www.tabakversand.ch\/fr\/produit\/tabac-willy-best-pipe\/#breadcrumb\",\"itemListElement\":[{\"@type\":\"ListItem\",\"position\":1,\"name\":\"Startseite\",\"item\":\"https:\/\/www.tabakversand.ch\/\"},{\"@type\":\"ListItem\",\"position\":2,\"name\":\"Boutique\",\"item\":\"https:\/\/www.tabakversand.ch\/fr\/boutique\/\"},{\"@type\":\"ListItem\",\"position\":3,\"name\":\"Willy Best\"}]},{\"@type\":\"WebSite\",\"@id\":\"https:\/\/www.tabakversand.ch\/#website\",\"url\":\"https:\/\/www.tabakversand.ch\/\",\"name\":\"Tabakversand.ch | Alles aus der Welt des Tabaks\",\"description\":\"Smoke and carpe diem\",\"potentialAction\":[{\"@type\":\"SearchAction\",\"target\":{\"@type\":\"EntryPoint\",\"urlTemplate\":\"https:\/\/www.tabakversand.ch\/?s={search_term_string}\"},\"query-input\":{\"@type\":\"PropertyValueSpecification\",\"valueRequired\":true,\"valueName\":\"search_term_string\"}}],\"inLanguage\":\"fr-FR\"}]}<\/script>\n<!-- \/ Yoast SEO plugin. -->","yoast_head_json":{"title":"Achetez du tabac \u00e0 pipe en vrac Willy Best | Traditionnel et aromatique","description":"Tabac \u00e0 pipe en vrac Willy Best \u2713 M\u00e9lange de haute qualit\u00e9 de Black Cavendish et de Virginie \u2713 \u00c9quilibr\u00e9, aromatique et facile \u00e0 doser \u2713","robots":{"index":"index","follow":"follow","max-snippet":"max-snippet:-1","max-image-preview":"max-image-preview:large","max-video-preview":"max-video-preview:-1"},"canonical":"https:\/\/www.tabakversand.ch\/fr\/produit\/tabac-willy-best-pipe\/","og_locale":"fr_FR","og_type":"article","og_title":"Achetez du tabac \u00e0 pipe en vrac Willy Best | Traditionnel et aromatique","og_description":"Tabac \u00e0 pipe en vrac Willy Best \u2713 M\u00e9lange de haute qualit\u00e9 de Black Cavendish et de Virginie \u2713 \u00c9quilibr\u00e9, aromatique et facile \u00e0 doser \u2713","og_url":"https:\/\/www.tabakversand.ch\/fr\/produit\/tabac-willy-best-pipe\/","og_site_name":"Tabakversand.ch | Alles aus der Welt des Tabaks","article_modified_time":"2026-04-14T14:06:13+00:00","og_image":[{"width":375,"height":500,"url":"https:\/\/www.tabakversand.ch\/wp-content\/uploads\/2022\/03\/tabakachermann-tabakbar.jpg","type":"image\/jpeg"}],"twitter_card":"summary_large_image","twitter_misc":{"Dur\u00e9e de lecture estim\u00e9e":"2 minutes"},"schema":{"@context":"https:\/\/schema.org","@graph":[{"@type":"WebPage","@id":"https:\/\/www.tabakversand.ch\/fr\/produit\/tabac-willy-best-pipe\/","url":"https:\/\/www.tabakversand.ch\/fr\/produit\/tabac-willy-best-pipe\/","name":"Achetez du tabac \u00e0 pipe en vrac Willy Best | Traditionnel et aromatique","isPartOf":{"@id":"https:\/\/www.tabakversand.ch\/#website"},"primaryImageOfPage":{"@id":"https:\/\/www.tabakversand.ch\/fr\/produit\/tabac-willy-best-pipe\/#primaryimage"},"image":{"@id":"https:\/\/www.tabakversand.ch\/fr\/produit\/tabac-willy-best-pipe\/#primaryimage"},"thumbnailUrl":"https:\/\/www.tabakversand.ch\/wp-content\/uploads\/2022\/03\/tabakachermann-tabakbar.jpg","datePublished":"2022-04-02T09:34:04+00:00","dateModified":"2026-04-14T14:06:13+00:00","description":"Tabac \u00e0 pipe en vrac Willy Best \u2713 M\u00e9lange de haute qualit\u00e9 de Black Cavendish et de Virginie \u2713 \u00c9quilibr\u00e9, aromatique et facile \u00e0 doser \u2713","breadcrumb":{"@id":"https:\/\/www.tabakversand.ch\/fr\/produit\/tabac-willy-best-pipe\/#breadcrumb"},"inLanguage":"fr-FR","potentialAction":[{"@type":"ReadAction","target":["https:\/\/www.tabakversand.ch\/fr\/produit\/tabac-willy-best-pipe\/"]}]},{"@type":"ImageObject","inLanguage":"fr-FR","@id":"https:\/\/www.tabakversand.ch\/fr\/produit\/tabac-willy-best-pipe\/#primaryimage","url":"https:\/\/www.tabakversand.ch\/wp-content\/uploads\/2022\/03\/tabakachermann-tabakbar.jpg","contentUrl":"https:\/\/www.tabakversand.ch\/wp-content\/uploads\/2022\/03\/tabakachermann-tabakbar.jpg","width":375,"height":500,"caption":"Tabac \u00e0 pipe \u00e0 la vanille 100 gr."},{"@type":"BreadcrumbList","@id":"https:\/\/www.tabakversand.ch\/fr\/produit\/tabac-willy-best-pipe\/#breadcrumb","itemListElement":[{"@type":"ListItem","position":1,"name":"Startseite","item":"https:\/\/www.tabakversand.ch\/"},{"@type":"ListItem","position":2,"name":"Boutique","item":"https:\/\/www.tabakversand.ch\/fr\/boutique\/"},{"@type":"ListItem","position":3,"name":"Willy Best"}]},{"@type":"WebSite","@id":"https:\/\/www.tabakversand.ch\/#website","url":"https:\/\/www.tabakversand.ch\/","name":"Tabakversand.ch | Alles aus der Welt des Tabaks","description":"Smoke and carpe diem","potentialAction":[{"@type":"SearchAction","target":{"@type":"EntryPoint","urlTemplate":"https:\/\/www.tabakversand.ch\/?s={search_term_string}"},"query-input":{"@type":"PropertyValueSpecification","valueRequired":true,"valueName":"search_term_string"}}],"inLanguage":"fr-FR"}]}},"_links":{"self":[{"href":"https:\/\/www.tabakversand.ch\/fr\/wp-json\/wp\/v2\/product\/61744","targetHints":{"allow":["GET"]}}],"collection":[{"href":"https:\/\/www.tabakversand.ch\/fr\/wp-json\/wp\/v2\/product"}],"about":[{"href":"https:\/\/www.tabakversand.ch\/fr\/wp-json\/wp\/v2\/types\/product"}],"version-history":[{"count":2,"href":"https:\/\/www.tabakversand.ch\/fr\/wp-json\/wp\/v2\/product\/61744\/revisions"}],"predecessor-version":[{"id":218052,"href":"https:\/\/www.tabakversand.ch\/fr\/wp-json\/wp\/v2\/product\/61744\/revisions\/218052"}],"wp:featuredmedia":[{"embeddable":true,"href":"https:\/\/www.tabakversand.ch\/fr\/wp-json\/wp\/v2\/media\/60304"}],"wp:attachment":[{"href":"https:\/\/www.tabakversand.ch\/fr\/wp-json\/wp\/v2\/media?parent=61744"}],"wp:term":[{"taxonomy":"product_brand","embeddable":true,"href":"https:\/\/www.tabakversand.ch\/fr\/wp-json\/wp\/v2\/product_brand?post=61744"},{"taxonomy":"product_cat","embeddable":true,"href":"https:\/\/www.tabakversand.ch\/fr\/wp-json\/wp\/v2\/product_cat?post=61744"},{"taxonomy":"product_tag","embeddable":true,"href":"https:\/\/www.tabakversand.ch\/fr\/wp-json\/wp\/v2\/product_tag?post=61744"}],"curies":[{"name":"wp","href":"https:\/\/api.w.org\/{rel}","templated":true}]}}