{"id":61792,"date":"2022-04-02T11:34:04","date_gmt":"2022-04-02T09:34:04","guid":{"rendered":"http:\/\/www.tabakversand.ch\/produkt\/virginia-mixture-tabac-a-pipe-100-gr\/"},"modified":"2026-04-14T15:30:15","modified_gmt":"2026-04-14T13:30:15","slug":"virginia-mixture-pipe-tabac-100-gr","status":"publish","type":"product","link":"https:\/\/www.tabakversand.ch\/fr\/produit\/virginia-mixture-pipe-tabac-100-gr\/","title":{"rendered":"M\u00e9lange de Virginie"},"content":{"rendered":"<h1><strong>M\u00e9lange de Virginie<\/strong><\/h1>\n<p>Tabac \u00e0 pipe en vrac \u2013 Un plaisir frais \u00e0 l&rsquo;\u00e9tat pur<\/p>\n<p>D\u00e9couvrez le tabac \u00e0 pipe Virginie classique, disponible en vrac pour une fra\u00eecheur optimale et en portions individuelles. Le tabac Virginie est r\u00e9put\u00e9 pour ses ar\u00f4mes doux, sucr\u00e9s et fruit\u00e9s, ainsi que pour sa fum\u00e9e onctueuse et r\u00e9guli\u00e8re \u2013 id\u00e9ale pour des moments de d\u00e9tente et de plaisir. <\/p>\n<p>D\u00e8s l&rsquo;ouverture, un ar\u00f4me agr\u00e9ablement naturel se d\u00e9gage, donnant envie d&rsquo;une premi\u00e8re bouff\u00e9e. \u00c0 la d\u00e9gustation, le tabac Virginie se r\u00e9v\u00e8le particuli\u00e8rement aromatique, doux et harmonieux, avec une subtile douceur qui souligne la saveur pure du tabac sans la masquer. <\/p>\n<p>Vos avantages en un coup d&rsquo;\u0153il&nbsp;:<\/p>\n<p>\ud83c\udf42 Tabac Virginie classique \u2013 doux, sucr\u00e9 et aromatique<\/p>\n<p>\ud83d\udd25 Combustion uniforme pour fumer en toute tranquillit\u00e9<\/p>\n<p>\ud83c\udf2c\ufe0f Parfum d&rsquo;ambiance agr\u00e9able, id\u00e9al pour les connaisseurs<\/p>\n<p>\u2696\ufe0f Disponible en vrac \u2013 portionnement individuel<\/p>\n<p>\ud83d\udc4c Parfait pour les fumeurs de pipe d\u00e9butants et exp\u00e9riment\u00e9s<\/p>\n<p>Offrez-vous une exp\u00e9rience authentique de fumage de pipe avec le tabac \u00e0 pipe Virginia ouvert \u2013 frais, aromatique et disponible en quantit\u00e9 flexible.<\/p>\n<p>D\u00e9couvrez-le d\u00e8s maintenant et go\u00fbtez \u00e0 la saveur classique de la Virginie !<\/p>\n<p>Chez tabakversand.ch, vous recevez du tabac \u00e0 pipe Virginia Mixture en vrac, conserv\u00e9 dans des conditions optimales. Un stockage soign\u00e9 garantit la pr\u00e9servation parfaite de son ar\u00f4me, de son humidit\u00e9 et de sa qualit\u00e9 jusqu&rsquo;\u00e0 l&rsquo;exp\u00e9dition. Gr\u00e2ce \u00e0 une livraison rapide en Suisse, votre tabac \u00e0 pipe vous parvient g\u00e9n\u00e9ralement sous peu.  <\/p>\n<p>Pour plus d&rsquo;informations sur le tabac \u00e0 pipe, veuillez consulter l&rsquo;article Wikip\u00e9dia correspondant&nbsp;: <a href=\"https:\/\/de.wikipedia.org\/wiki\/Tabakpfeife#Pfeifentabak\">cliquez ici<\/a> . Si vous avez des questions concernant le produit, n&rsquo;h\u00e9sitez pas \u00e0 nous contacter&nbsp;: <a href=\"https:\/\/www.tabakversand.ch\/kontakt\/\">cliquez ici<\/a> . <\/p>\n<p>Tous les prix indiqu\u00e9s sont valables uniquement pour les commandes en ligne, TVA incluse, et peuvent \u00eatre modifi\u00e9s sans pr\u00e9avis. Les frais de port sont en sus.   Sous r\u00e9serve d&rsquo;erreurs, de modifications de l&rsquo;\u00e9tendue de la livraison et de la conception, d&rsquo;erreurs d&rsquo;impression et de modifications de prix. Les prix barr\u00e9s sont plut\u00f4t des prix. L&rsquo;illustration peut diff\u00e9rer de l&rsquo;original\/de l&rsquo;\u00e9tendue de la livraison.<br \/>\n*Livraison gratuite pour les commandes sup\u00e9rieures \u00e0 CHF 250.-.<\/p>\n","protected":false},"excerpt":{"rendered":"<p>M\u00e9lange de Virginie Tabac \u00e0 pipe en vrac \u2013 Un plaisir frais \u00e0 l&rsquo;\u00e9tat pur D\u00e9couvrez le tabac \u00e0 pipe Virginie classique, disponible en vrac pour une fra\u00eecheur optimale et en portions individuelles. Le tabac Virginie est r\u00e9put\u00e9 pour ses ar\u00f4mes doux, sucr\u00e9s et fruit\u00e9s, ainsi que pour sa fum\u00e9e onctueuse et r\u00e9guli\u00e8re \u2013 id\u00e9ale [&hellip;]<\/p>\n","protected":false},"featured_media":60304,"template":"","meta":[],"product_brand":[5512,5856],"product_cat":[5834,1949,2040,1888],"product_tag":[],"class_list":{"0":"post-61792","1":"product","2":"type-product","3":"status-publish","4":"has-post-thumbnail","6":"product_brand-offen-pfeifentabak","7":"product_brand-virginia-mixture-pfeifentabak-offen","8":"product_cat-ouvrir","9":"product_cat-pipe-world-fr","10":"product_cat-tabac-a-pipe-fr","11":"product_cat-tabac","13":"first","14":"onbackorder","15":"purchasable","16":"product-type-simple"},"yoast_head":"<!-- This site is optimized with the Yoast SEO plugin v27.0 - https:\/\/yoast.com\/product\/yoast-seo-wordpress\/ -->\n<title>Achetez du tabac \u00e0 pipe Virginia en vrac | Doux et aromatique<\/title>\n<meta name=\"description\" content=\"Tabac \u00e0 pipe Virginie en vrac \u2713 Doux, sucr\u00e9 et aromatique \u2713 Facile \u00e0 doser \u2713 Parfait pour les d\u00e9butants et les connaisseurs \u27a4 Commandez en ligne d\u00e8s maintenant !\" \/>\n<meta name=\"robots\" content=\"index, follow, max-snippet:-1, max-image-preview:large, max-video-preview:-1\" \/>\n<link rel=\"canonical\" href=\"https:\/\/www.tabakversand.ch\/fr\/produit\/virginia-mixture-pipe-tabac-100-gr\/\" \/>\n<meta property=\"og:locale\" content=\"fr_FR\" \/>\n<meta property=\"og:type\" content=\"article\" \/>\n<meta property=\"og:title\" content=\"Achetez du tabac \u00e0 pipe Virginia en vrac | Doux et aromatique\" \/>\n<meta property=\"og:description\" content=\"Tabac \u00e0 pipe Virginie en vrac \u2713 Doux, sucr\u00e9 et aromatique \u2713 Facile \u00e0 doser \u2713 Parfait pour les d\u00e9butants et les connaisseurs \u27a4 Commandez en ligne d\u00e8s maintenant !\" \/>\n<meta property=\"og:url\" content=\"https:\/\/www.tabakversand.ch\/fr\/produit\/virginia-mixture-pipe-tabac-100-gr\/\" \/>\n<meta property=\"og:site_name\" content=\"Tabakversand.ch | Alles aus der Welt des Tabaks\" \/>\n<meta property=\"article:modified_time\" content=\"2026-04-14T13:30:15+00:00\" \/>\n<meta property=\"og:image\" content=\"https:\/\/www.tabakversand.ch\/wp-content\/uploads\/2022\/03\/tabakachermann-tabakbar.jpg\" \/>\n\t<meta property=\"og:image:width\" content=\"375\" \/>\n\t<meta property=\"og:image:height\" content=\"500\" \/>\n\t<meta property=\"og:image:type\" content=\"image\/jpeg\" \/>\n<meta name=\"twitter:card\" content=\"summary_large_image\" \/>\n<meta name=\"twitter:label1\" content=\"Dur\u00e9e de lecture estim\u00e9e\" \/>\n\t<meta name=\"twitter:data1\" content=\"2 minutes\" \/>\n<script type=\"application\/ld+json\" class=\"yoast-schema-graph\">{\"@context\":\"https:\/\/schema.org\",\"@graph\":[{\"@type\":\"WebPage\",\"@id\":\"https:\/\/www.tabakversand.ch\/fr\/produit\/virginia-mixture-pipe-tabac-100-gr\/\",\"url\":\"https:\/\/www.tabakversand.ch\/fr\/produit\/virginia-mixture-pipe-tabac-100-gr\/\",\"name\":\"Achetez du tabac \u00e0 pipe Virginia en vrac | Doux et aromatique\",\"isPartOf\":{\"@id\":\"https:\/\/www.tabakversand.ch\/#website\"},\"primaryImageOfPage\":{\"@id\":\"https:\/\/www.tabakversand.ch\/fr\/produit\/virginia-mixture-pipe-tabac-100-gr\/#primaryimage\"},\"image\":{\"@id\":\"https:\/\/www.tabakversand.ch\/fr\/produit\/virginia-mixture-pipe-tabac-100-gr\/#primaryimage\"},\"thumbnailUrl\":\"https:\/\/www.tabakversand.ch\/wp-content\/uploads\/2022\/03\/tabakachermann-tabakbar.jpg\",\"datePublished\":\"2022-04-02T09:34:04+00:00\",\"dateModified\":\"2026-04-14T13:30:15+00:00\",\"description\":\"Tabac \u00e0 pipe Virginie en vrac \u2713 Doux, sucr\u00e9 et aromatique \u2713 Facile \u00e0 doser \u2713 Parfait pour les d\u00e9butants et les connaisseurs \u27a4 Commandez en ligne d\u00e8s maintenant !\",\"breadcrumb\":{\"@id\":\"https:\/\/www.tabakversand.ch\/fr\/produit\/virginia-mixture-pipe-tabac-100-gr\/#breadcrumb\"},\"inLanguage\":\"fr-FR\",\"potentialAction\":[{\"@type\":\"ReadAction\",\"target\":[\"https:\/\/www.tabakversand.ch\/fr\/produit\/virginia-mixture-pipe-tabac-100-gr\/\"]}]},{\"@type\":\"ImageObject\",\"inLanguage\":\"fr-FR\",\"@id\":\"https:\/\/www.tabakversand.ch\/fr\/produit\/virginia-mixture-pipe-tabac-100-gr\/#primaryimage\",\"url\":\"https:\/\/www.tabakversand.ch\/wp-content\/uploads\/2022\/03\/tabakachermann-tabakbar.jpg\",\"contentUrl\":\"https:\/\/www.tabakversand.ch\/wp-content\/uploads\/2022\/03\/tabakachermann-tabakbar.jpg\",\"width\":375,\"height\":500,\"caption\":\"Tabac \u00e0 pipe \u00e0 la vanille 100 gr.\"},{\"@type\":\"BreadcrumbList\",\"@id\":\"https:\/\/www.tabakversand.ch\/fr\/produit\/virginia-mixture-pipe-tabac-100-gr\/#breadcrumb\",\"itemListElement\":[{\"@type\":\"ListItem\",\"position\":1,\"name\":\"Startseite\",\"item\":\"https:\/\/www.tabakversand.ch\/\"},{\"@type\":\"ListItem\",\"position\":2,\"name\":\"Boutique\",\"item\":\"https:\/\/www.tabakversand.ch\/fr\/boutique\/\"},{\"@type\":\"ListItem\",\"position\":3,\"name\":\"M\u00e9lange de Virginie\"}]},{\"@type\":\"WebSite\",\"@id\":\"https:\/\/www.tabakversand.ch\/#website\",\"url\":\"https:\/\/www.tabakversand.ch\/\",\"name\":\"Tabakversand.ch | Alles aus der Welt des Tabaks\",\"description\":\"Smoke and carpe diem\",\"potentialAction\":[{\"@type\":\"SearchAction\",\"target\":{\"@type\":\"EntryPoint\",\"urlTemplate\":\"https:\/\/www.tabakversand.ch\/?s={search_term_string}\"},\"query-input\":{\"@type\":\"PropertyValueSpecification\",\"valueRequired\":true,\"valueName\":\"search_term_string\"}}],\"inLanguage\":\"fr-FR\"}]}<\/script>\n<!-- \/ Yoast SEO plugin. -->","yoast_head_json":{"title":"Achetez du tabac \u00e0 pipe Virginia en vrac | Doux et aromatique","description":"Tabac \u00e0 pipe Virginie en vrac \u2713 Doux, sucr\u00e9 et aromatique \u2713 Facile \u00e0 doser \u2713 Parfait pour les d\u00e9butants et les connaisseurs \u27a4 Commandez en ligne d\u00e8s maintenant !","robots":{"index":"index","follow":"follow","max-snippet":"max-snippet:-1","max-image-preview":"max-image-preview:large","max-video-preview":"max-video-preview:-1"},"canonical":"https:\/\/www.tabakversand.ch\/fr\/produit\/virginia-mixture-pipe-tabac-100-gr\/","og_locale":"fr_FR","og_type":"article","og_title":"Achetez du tabac \u00e0 pipe Virginia en vrac | Doux et aromatique","og_description":"Tabac \u00e0 pipe Virginie en vrac \u2713 Doux, sucr\u00e9 et aromatique \u2713 Facile \u00e0 doser \u2713 Parfait pour les d\u00e9butants et les connaisseurs \u27a4 Commandez en ligne d\u00e8s maintenant !","og_url":"https:\/\/www.tabakversand.ch\/fr\/produit\/virginia-mixture-pipe-tabac-100-gr\/","og_site_name":"Tabakversand.ch | Alles aus der Welt des Tabaks","article_modified_time":"2026-04-14T13:30:15+00:00","og_image":[{"width":375,"height":500,"url":"https:\/\/www.tabakversand.ch\/wp-content\/uploads\/2022\/03\/tabakachermann-tabakbar.jpg","type":"image\/jpeg"}],"twitter_card":"summary_large_image","twitter_misc":{"Dur\u00e9e de lecture estim\u00e9e":"2 minutes"},"schema":{"@context":"https:\/\/schema.org","@graph":[{"@type":"WebPage","@id":"https:\/\/www.tabakversand.ch\/fr\/produit\/virginia-mixture-pipe-tabac-100-gr\/","url":"https:\/\/www.tabakversand.ch\/fr\/produit\/virginia-mixture-pipe-tabac-100-gr\/","name":"Achetez du tabac \u00e0 pipe Virginia en vrac | Doux et aromatique","isPartOf":{"@id":"https:\/\/www.tabakversand.ch\/#website"},"primaryImageOfPage":{"@id":"https:\/\/www.tabakversand.ch\/fr\/produit\/virginia-mixture-pipe-tabac-100-gr\/#primaryimage"},"image":{"@id":"https:\/\/www.tabakversand.ch\/fr\/produit\/virginia-mixture-pipe-tabac-100-gr\/#primaryimage"},"thumbnailUrl":"https:\/\/www.tabakversand.ch\/wp-content\/uploads\/2022\/03\/tabakachermann-tabakbar.jpg","datePublished":"2022-04-02T09:34:04+00:00","dateModified":"2026-04-14T13:30:15+00:00","description":"Tabac \u00e0 pipe Virginie en vrac \u2713 Doux, sucr\u00e9 et aromatique \u2713 Facile \u00e0 doser \u2713 Parfait pour les d\u00e9butants et les connaisseurs \u27a4 Commandez en ligne d\u00e8s maintenant !","breadcrumb":{"@id":"https:\/\/www.tabakversand.ch\/fr\/produit\/virginia-mixture-pipe-tabac-100-gr\/#breadcrumb"},"inLanguage":"fr-FR","potentialAction":[{"@type":"ReadAction","target":["https:\/\/www.tabakversand.ch\/fr\/produit\/virginia-mixture-pipe-tabac-100-gr\/"]}]},{"@type":"ImageObject","inLanguage":"fr-FR","@id":"https:\/\/www.tabakversand.ch\/fr\/produit\/virginia-mixture-pipe-tabac-100-gr\/#primaryimage","url":"https:\/\/www.tabakversand.ch\/wp-content\/uploads\/2022\/03\/tabakachermann-tabakbar.jpg","contentUrl":"https:\/\/www.tabakversand.ch\/wp-content\/uploads\/2022\/03\/tabakachermann-tabakbar.jpg","width":375,"height":500,"caption":"Tabac \u00e0 pipe \u00e0 la vanille 100 gr."},{"@type":"BreadcrumbList","@id":"https:\/\/www.tabakversand.ch\/fr\/produit\/virginia-mixture-pipe-tabac-100-gr\/#breadcrumb","itemListElement":[{"@type":"ListItem","position":1,"name":"Startseite","item":"https:\/\/www.tabakversand.ch\/"},{"@type":"ListItem","position":2,"name":"Boutique","item":"https:\/\/www.tabakversand.ch\/fr\/boutique\/"},{"@type":"ListItem","position":3,"name":"M\u00e9lange de Virginie"}]},{"@type":"WebSite","@id":"https:\/\/www.tabakversand.ch\/#website","url":"https:\/\/www.tabakversand.ch\/","name":"Tabakversand.ch | Alles aus der Welt des Tabaks","description":"Smoke and carpe diem","potentialAction":[{"@type":"SearchAction","target":{"@type":"EntryPoint","urlTemplate":"https:\/\/www.tabakversand.ch\/?s={search_term_string}"},"query-input":{"@type":"PropertyValueSpecification","valueRequired":true,"valueName":"search_term_string"}}],"inLanguage":"fr-FR"}]}},"_links":{"self":[{"href":"https:\/\/www.tabakversand.ch\/fr\/wp-json\/wp\/v2\/product\/61792","targetHints":{"allow":["GET"]}}],"collection":[{"href":"https:\/\/www.tabakversand.ch\/fr\/wp-json\/wp\/v2\/product"}],"about":[{"href":"https:\/\/www.tabakversand.ch\/fr\/wp-json\/wp\/v2\/types\/product"}],"version-history":[{"count":3,"href":"https:\/\/www.tabakversand.ch\/fr\/wp-json\/wp\/v2\/product\/61792\/revisions"}],"predecessor-version":[{"id":218049,"href":"https:\/\/www.tabakversand.ch\/fr\/wp-json\/wp\/v2\/product\/61792\/revisions\/218049"}],"wp:featuredmedia":[{"embeddable":true,"href":"https:\/\/www.tabakversand.ch\/fr\/wp-json\/wp\/v2\/media\/60304"}],"wp:attachment":[{"href":"https:\/\/www.tabakversand.ch\/fr\/wp-json\/wp\/v2\/media?parent=61792"}],"wp:term":[{"taxonomy":"product_brand","embeddable":true,"href":"https:\/\/www.tabakversand.ch\/fr\/wp-json\/wp\/v2\/product_brand?post=61792"},{"taxonomy":"product_cat","embeddable":true,"href":"https:\/\/www.tabakversand.ch\/fr\/wp-json\/wp\/v2\/product_cat?post=61792"},{"taxonomy":"product_tag","embeddable":true,"href":"https:\/\/www.tabakversand.ch\/fr\/wp-json\/wp\/v2\/product_tag?post=61792"}],"curies":[{"name":"wp","href":"https:\/\/api.w.org\/{rel}","templated":true}]}}