{"id":62032,"date":"2022-04-02T11:32:41","date_gmt":"2022-04-02T09:32:41","guid":{"rendered":"http:\/\/www.tabakversand.ch\/produkt\/peterson-standard-mixture-tabac-a-pipe-50-gr\/"},"modified":"2026-04-13T19:38:22","modified_gmt":"2026-04-13T17:38:22","slug":"peterson-standard-melange-pipe-tabac-50-gr","status":"publish","type":"product","link":"https:\/\/www.tabakversand.ch\/fr\/produit\/peterson-standard-melange-pipe-tabac-50-gr\/","title":{"rendered":"M\u00e9lange standard de Peterson"},"content":{"rendered":"<h1>M\u00e9lange standard de Peterson<\/h1>\n<ul>\n<li>1 x 50 gr.<\/li>\n<\/ul>\n<p>Le m\u00e9lange standard Peterson est un tabac \u00e0 pipe anglais classique, ancr\u00e9 dans la tradition. Issu \u00e0 l&rsquo;origine de la l\u00e9gendaire gamme Dunhill, ce m\u00e9lange jouit d&rsquo;une grande popularit\u00e9 depuis des d\u00e9cennies aupr\u00e8s des fumeurs de pipe qui appr\u00e9cient la saveur naturelle du tabac, sans ar\u00f4mes artificiels. Depuis 2019, il est commercialis\u00e9 sous le nom de Peterson&nbsp;: m\u00eame tabac, m\u00eame qualit\u00e9, seul le nom sur la bo\u00eete a chang\u00e9.  <\/p>\n<p>Ce m\u00e9lange associe du Latakia chypriote, des tabacs orientaux fins et des tabacs Virginie doux. Une l\u00e9g\u00e8re torr\u00e9faction lui conf\u00e8re un ar\u00f4me \u00e9pic\u00e9 et fum\u00e9 caract\u00e9ristique, typiquement anglais. Sa coupe mixte assure un remplissage facile et une combustion uniforme, ce qui en fait un tabac id\u00e9al aussi bien pour les fumeurs de pipe exp\u00e9riment\u00e9s que pour les d\u00e9butants souhaitant d\u00e9couvrir les saveurs de l&rsquo;anglaise.  <\/p>\n<p>D\u00e9tails:<\/p>\n<ul>\n<li>Coupe : Coupe mixte<\/li>\n<li>Ar\u00f4me : \u00c9pic\u00e9, l\u00e9g\u00e8rement grill\u00e9<\/li>\n<li>Force : 3 sur 5<\/li>\n<li>Note de la chambre : 3 sur 5<\/li>\n<\/ul>\n<p>&nbsp;<\/p>\n<p>Un tabac parfait pour tous ceux qui appr\u00e9cient le m\u00e9lange anglais classique et recherchent un go\u00fbt authentique et naturel.<\/p>\n<p>Chez tabakversand.ch, vous recevez votre tabac \u00e0 pipe Peterson Standard Mixture soigneusement conserv\u00e9 dans son emballage d&rsquo;origine. Un stockage rigoureux garantit une pr\u00e9servation optimale de son ar\u00f4me, de son humidit\u00e9 et de sa qualit\u00e9 jusqu&rsquo;\u00e0 l&rsquo;exp\u00e9dition. Gr\u00e2ce \u00e0 une livraison rapide en Suisse, votre tabac \u00e0 pipe vous parvient g\u00e9n\u00e9ralement tr\u00e8s rapidement.  <\/p>\n<p>Pour plus d&rsquo;informations sur le tabac \u00e0 pipe, veuillez consulter l&rsquo;article Wikip\u00e9dia correspondant&nbsp;: <a href=\"https:\/\/de.wikipedia.org\/wiki\/Tabakpfeife#Pfeifentabak\">cliquez ici<\/a> . Si vous avez des questions concernant le produit, n&rsquo;h\u00e9sitez pas \u00e0 nous contacter&nbsp;: <a href=\"https:\/\/www.tabakversand.ch\/kontakt\/\">cliquez ici<\/a> . <\/p>\n<p>Tous les prix indiqu\u00e9s sont valables uniquement pour les commandes en ligne, TVA incluse, et peuvent \u00eatre modifi\u00e9s sans pr\u00e9avis. Les frais de port sont en sus.   Sous r\u00e9serve d&rsquo;erreurs, de modifications de l&rsquo;\u00e9tendue de la livraison et de la conception, d&rsquo;erreurs d&rsquo;impression et de modifications de prix. Les prix barr\u00e9s sont plut\u00f4t des prix. L&rsquo;illustration peut diff\u00e9rer de l&rsquo;original\/de l&rsquo;\u00e9tendue de la livraison.<br \/>\n*Livraison gratuite pour les commandes sup\u00e9rieures \u00e0 CHF 250.-.<\/p>\n","protected":false},"excerpt":{"rendered":"<p>M\u00e9lange standard de Peterson 1 x 50 gr. Le m\u00e9lange standard Peterson est un tabac \u00e0 pipe anglais classique, ancr\u00e9 dans la tradition. Issu \u00e0 l&rsquo;origine de la l\u00e9gendaire gamme Dunhill, ce m\u00e9lange jouit d&rsquo;une grande popularit\u00e9 depuis des d\u00e9cennies aupr\u00e8s des fumeurs de pipe qui appr\u00e9cient la saveur naturelle du tabac, sans ar\u00f4mes artificiels. [&hellip;]<\/p>\n","protected":false},"featured_media":62035,"template":"","meta":[],"product_brand":[1807],"product_cat":[5814,1949,2040,1888],"product_tag":[],"class_list":{"0":"post-62032","1":"product","2":"type-product","3":"status-publish","4":"has-post-thumbnail","6":"product_brand-peterson-pfeifen-und-pfeifentabak","7":"product_cat-boites","8":"product_cat-pipe-world-fr","9":"product_cat-tabac-a-pipe-fr","10":"product_cat-tabac","12":"first","13":"instock","14":"purchasable","15":"product-type-simple"},"yoast_head":"<!-- This site is optimized with the Yoast SEO plugin v27.0 - https:\/\/yoast.com\/product\/yoast-seo-wordpress\/ -->\n<title>Tabac \u00e0 pipe Peterson Standard Mixte<\/title>\n<meta name=\"description\" content=\"M\u00e9lange standard Peterson\u00a0: tabac \u00e0 pipe anglais compos\u00e9 de Latakia, d\u2019Orient et de Virginie. L\u00e9g\u00e8rement torr\u00e9fi\u00e9, aromatique et traditionnel \u2013 pour un v\u00e9ritable plaisir du tabac.\" \/>\n<meta name=\"robots\" content=\"index, follow, max-snippet:-1, max-image-preview:large, max-video-preview:-1\" \/>\n<link rel=\"canonical\" href=\"https:\/\/www.tabakversand.ch\/fr\/produit\/peterson-standard-melange-pipe-tabac-50-gr\/\" \/>\n<meta property=\"og:locale\" content=\"fr_FR\" \/>\n<meta property=\"og:type\" content=\"article\" \/>\n<meta property=\"og:title\" content=\"Tabac \u00e0 pipe Peterson Standard Mixte\" \/>\n<meta property=\"og:description\" content=\"M\u00e9lange standard Peterson\u00a0: tabac \u00e0 pipe anglais compos\u00e9 de Latakia, d\u2019Orient et de Virginie. L\u00e9g\u00e8rement torr\u00e9fi\u00e9, aromatique et traditionnel \u2013 pour un v\u00e9ritable plaisir du tabac.\" \/>\n<meta property=\"og:url\" content=\"https:\/\/www.tabakversand.ch\/fr\/produit\/peterson-standard-melange-pipe-tabac-50-gr\/\" \/>\n<meta property=\"og:site_name\" content=\"Tabakversand.ch | Alles aus der Welt des Tabaks\" \/>\n<meta property=\"article:modified_time\" content=\"2026-04-13T17:38:22+00:00\" \/>\n<meta property=\"og:image\" content=\"https:\/\/www.tabakversand.ch\/wp-content\/uploads\/2022\/03\/peterson-standard-mixture.jpg\" \/>\n\t<meta property=\"og:image:width\" content=\"450\" \/>\n\t<meta property=\"og:image:height\" content=\"450\" \/>\n\t<meta property=\"og:image:type\" content=\"image\/jpeg\" \/>\n<meta name=\"twitter:card\" content=\"summary_large_image\" \/>\n<meta name=\"twitter:label1\" content=\"Dur\u00e9e de lecture estim\u00e9e\" \/>\n\t<meta name=\"twitter:data1\" content=\"2 minutes\" \/>\n<script type=\"application\/ld+json\" class=\"yoast-schema-graph\">{\"@context\":\"https:\/\/schema.org\",\"@graph\":[{\"@type\":\"WebPage\",\"@id\":\"https:\/\/www.tabakversand.ch\/fr\/produit\/peterson-standard-melange-pipe-tabac-50-gr\/\",\"url\":\"https:\/\/www.tabakversand.ch\/fr\/produit\/peterson-standard-melange-pipe-tabac-50-gr\/\",\"name\":\"Tabac \u00e0 pipe Peterson Standard Mixte\",\"isPartOf\":{\"@id\":\"https:\/\/www.tabakversand.ch\/#website\"},\"primaryImageOfPage\":{\"@id\":\"https:\/\/www.tabakversand.ch\/fr\/produit\/peterson-standard-melange-pipe-tabac-50-gr\/#primaryimage\"},\"image\":{\"@id\":\"https:\/\/www.tabakversand.ch\/fr\/produit\/peterson-standard-melange-pipe-tabac-50-gr\/#primaryimage\"},\"thumbnailUrl\":\"https:\/\/www.tabakversand.ch\/wp-content\/uploads\/2022\/03\/peterson-standard-mixture.jpg\",\"datePublished\":\"2022-04-02T09:32:41+00:00\",\"dateModified\":\"2026-04-13T17:38:22+00:00\",\"description\":\"M\u00e9lange standard Peterson\u00a0: tabac \u00e0 pipe anglais compos\u00e9 de Latakia, d\u2019Orient et de Virginie. L\u00e9g\u00e8rement torr\u00e9fi\u00e9, aromatique et traditionnel \u2013 pour un v\u00e9ritable plaisir du tabac.\",\"breadcrumb\":{\"@id\":\"https:\/\/www.tabakversand.ch\/fr\/produit\/peterson-standard-melange-pipe-tabac-50-gr\/#breadcrumb\"},\"inLanguage\":\"fr-FR\",\"potentialAction\":[{\"@type\":\"ReadAction\",\"target\":[\"https:\/\/www.tabakversand.ch\/fr\/produit\/peterson-standard-melange-pipe-tabac-50-gr\/\"]}]},{\"@type\":\"ImageObject\",\"inLanguage\":\"fr-FR\",\"@id\":\"https:\/\/www.tabakversand.ch\/fr\/produit\/peterson-standard-melange-pipe-tabac-50-gr\/#primaryimage\",\"url\":\"https:\/\/www.tabakversand.ch\/wp-content\/uploads\/2022\/03\/peterson-standard-mixture.jpg\",\"contentUrl\":\"https:\/\/www.tabakversand.ch\/wp-content\/uploads\/2022\/03\/peterson-standard-mixture.jpg\",\"width\":450,\"height\":450,\"caption\":\"Peterson Standard Mixture Tabac \u00e0 pipe 50 gr.\"},{\"@type\":\"BreadcrumbList\",\"@id\":\"https:\/\/www.tabakversand.ch\/fr\/produit\/peterson-standard-melange-pipe-tabac-50-gr\/#breadcrumb\",\"itemListElement\":[{\"@type\":\"ListItem\",\"position\":1,\"name\":\"Startseite\",\"item\":\"https:\/\/www.tabakversand.ch\/\"},{\"@type\":\"ListItem\",\"position\":2,\"name\":\"Boutique\",\"item\":\"https:\/\/www.tabakversand.ch\/fr\/boutique\/\"},{\"@type\":\"ListItem\",\"position\":3,\"name\":\"M\u00e9lange standard de Peterson\"}]},{\"@type\":\"WebSite\",\"@id\":\"https:\/\/www.tabakversand.ch\/#website\",\"url\":\"https:\/\/www.tabakversand.ch\/\",\"name\":\"Tabakversand.ch | Alles aus der Welt des Tabaks\",\"description\":\"Smoke and carpe diem\",\"potentialAction\":[{\"@type\":\"SearchAction\",\"target\":{\"@type\":\"EntryPoint\",\"urlTemplate\":\"https:\/\/www.tabakversand.ch\/?s={search_term_string}\"},\"query-input\":{\"@type\":\"PropertyValueSpecification\",\"valueRequired\":true,\"valueName\":\"search_term_string\"}}],\"inLanguage\":\"fr-FR\"}]}<\/script>\n<!-- \/ Yoast SEO plugin. -->","yoast_head_json":{"title":"Tabac \u00e0 pipe Peterson Standard Mixte","description":"M\u00e9lange standard Peterson\u00a0: tabac \u00e0 pipe anglais compos\u00e9 de Latakia, d\u2019Orient et de Virginie. L\u00e9g\u00e8rement torr\u00e9fi\u00e9, aromatique et traditionnel \u2013 pour un v\u00e9ritable plaisir du tabac.","robots":{"index":"index","follow":"follow","max-snippet":"max-snippet:-1","max-image-preview":"max-image-preview:large","max-video-preview":"max-video-preview:-1"},"canonical":"https:\/\/www.tabakversand.ch\/fr\/produit\/peterson-standard-melange-pipe-tabac-50-gr\/","og_locale":"fr_FR","og_type":"article","og_title":"Tabac \u00e0 pipe Peterson Standard Mixte","og_description":"M\u00e9lange standard Peterson\u00a0: tabac \u00e0 pipe anglais compos\u00e9 de Latakia, d\u2019Orient et de Virginie. L\u00e9g\u00e8rement torr\u00e9fi\u00e9, aromatique et traditionnel \u2013 pour un v\u00e9ritable plaisir du tabac.","og_url":"https:\/\/www.tabakversand.ch\/fr\/produit\/peterson-standard-melange-pipe-tabac-50-gr\/","og_site_name":"Tabakversand.ch | Alles aus der Welt des Tabaks","article_modified_time":"2026-04-13T17:38:22+00:00","og_image":[{"width":450,"height":450,"url":"https:\/\/www.tabakversand.ch\/wp-content\/uploads\/2022\/03\/peterson-standard-mixture.jpg","type":"image\/jpeg"}],"twitter_card":"summary_large_image","twitter_misc":{"Dur\u00e9e de lecture estim\u00e9e":"2 minutes"},"schema":{"@context":"https:\/\/schema.org","@graph":[{"@type":"WebPage","@id":"https:\/\/www.tabakversand.ch\/fr\/produit\/peterson-standard-melange-pipe-tabac-50-gr\/","url":"https:\/\/www.tabakversand.ch\/fr\/produit\/peterson-standard-melange-pipe-tabac-50-gr\/","name":"Tabac \u00e0 pipe Peterson Standard Mixte","isPartOf":{"@id":"https:\/\/www.tabakversand.ch\/#website"},"primaryImageOfPage":{"@id":"https:\/\/www.tabakversand.ch\/fr\/produit\/peterson-standard-melange-pipe-tabac-50-gr\/#primaryimage"},"image":{"@id":"https:\/\/www.tabakversand.ch\/fr\/produit\/peterson-standard-melange-pipe-tabac-50-gr\/#primaryimage"},"thumbnailUrl":"https:\/\/www.tabakversand.ch\/wp-content\/uploads\/2022\/03\/peterson-standard-mixture.jpg","datePublished":"2022-04-02T09:32:41+00:00","dateModified":"2026-04-13T17:38:22+00:00","description":"M\u00e9lange standard Peterson\u00a0: tabac \u00e0 pipe anglais compos\u00e9 de Latakia, d\u2019Orient et de Virginie. L\u00e9g\u00e8rement torr\u00e9fi\u00e9, aromatique et traditionnel \u2013 pour un v\u00e9ritable plaisir du tabac.","breadcrumb":{"@id":"https:\/\/www.tabakversand.ch\/fr\/produit\/peterson-standard-melange-pipe-tabac-50-gr\/#breadcrumb"},"inLanguage":"fr-FR","potentialAction":[{"@type":"ReadAction","target":["https:\/\/www.tabakversand.ch\/fr\/produit\/peterson-standard-melange-pipe-tabac-50-gr\/"]}]},{"@type":"ImageObject","inLanguage":"fr-FR","@id":"https:\/\/www.tabakversand.ch\/fr\/produit\/peterson-standard-melange-pipe-tabac-50-gr\/#primaryimage","url":"https:\/\/www.tabakversand.ch\/wp-content\/uploads\/2022\/03\/peterson-standard-mixture.jpg","contentUrl":"https:\/\/www.tabakversand.ch\/wp-content\/uploads\/2022\/03\/peterson-standard-mixture.jpg","width":450,"height":450,"caption":"Peterson Standard Mixture Tabac \u00e0 pipe 50 gr."},{"@type":"BreadcrumbList","@id":"https:\/\/www.tabakversand.ch\/fr\/produit\/peterson-standard-melange-pipe-tabac-50-gr\/#breadcrumb","itemListElement":[{"@type":"ListItem","position":1,"name":"Startseite","item":"https:\/\/www.tabakversand.ch\/"},{"@type":"ListItem","position":2,"name":"Boutique","item":"https:\/\/www.tabakversand.ch\/fr\/boutique\/"},{"@type":"ListItem","position":3,"name":"M\u00e9lange standard de Peterson"}]},{"@type":"WebSite","@id":"https:\/\/www.tabakversand.ch\/#website","url":"https:\/\/www.tabakversand.ch\/","name":"Tabakversand.ch | Alles aus der Welt des Tabaks","description":"Smoke and carpe diem","potentialAction":[{"@type":"SearchAction","target":{"@type":"EntryPoint","urlTemplate":"https:\/\/www.tabakversand.ch\/?s={search_term_string}"},"query-input":{"@type":"PropertyValueSpecification","valueRequired":true,"valueName":"search_term_string"}}],"inLanguage":"fr-FR"}]}},"_links":{"self":[{"href":"https:\/\/www.tabakversand.ch\/fr\/wp-json\/wp\/v2\/product\/62032","targetHints":{"allow":["GET"]}}],"collection":[{"href":"https:\/\/www.tabakversand.ch\/fr\/wp-json\/wp\/v2\/product"}],"about":[{"href":"https:\/\/www.tabakversand.ch\/fr\/wp-json\/wp\/v2\/types\/product"}],"version-history":[{"count":4,"href":"https:\/\/www.tabakversand.ch\/fr\/wp-json\/wp\/v2\/product\/62032\/revisions"}],"predecessor-version":[{"id":217919,"href":"https:\/\/www.tabakversand.ch\/fr\/wp-json\/wp\/v2\/product\/62032\/revisions\/217919"}],"wp:featuredmedia":[{"embeddable":true,"href":"https:\/\/www.tabakversand.ch\/fr\/wp-json\/wp\/v2\/media\/62035"}],"wp:attachment":[{"href":"https:\/\/www.tabakversand.ch\/fr\/wp-json\/wp\/v2\/media?parent=62032"}],"wp:term":[{"taxonomy":"product_brand","embeddable":true,"href":"https:\/\/www.tabakversand.ch\/fr\/wp-json\/wp\/v2\/product_brand?post=62032"},{"taxonomy":"product_cat","embeddable":true,"href":"https:\/\/www.tabakversand.ch\/fr\/wp-json\/wp\/v2\/product_cat?post=62032"},{"taxonomy":"product_tag","embeddable":true,"href":"https:\/\/www.tabakversand.ch\/fr\/wp-json\/wp\/v2\/product_tag?post=62032"}],"curies":[{"name":"wp","href":"https:\/\/api.w.org\/{rel}","templated":true}]}}