{"id":62033,"date":"2022-04-02T11:32:41","date_gmt":"2022-04-02T09:32:41","guid":{"rendered":"http:\/\/www.tabakversand.ch\/produkt\/peterson-early-morning-pipe-pipe-tabac-50-gr\/"},"modified":"2026-04-13T19:37:40","modified_gmt":"2026-04-13T17:37:40","slug":"peterson-early-morning","status":"publish","type":"product","link":"https:\/\/www.tabakversand.ch\/fr\/produit\/peterson-early-morning\/","title":{"rendered":"Peterson T\u00f4t le matin"},"content":{"rendered":"<h1>Peterson T\u00f4t le matin<\/h1>\n<p data-start=\"135\" data-end=\"548\">Peterson Early Morning est un m\u00e9lange anglais traditionnel qui a connu une grande popularit\u00e9 pendant des d\u00e9cennies sous la marque Dunhill. En 2019, Peterson a officiellement acquis certains m\u00e9langes Dunhill, auparavant abandonn\u00e9s, et les a relanc\u00e9s sous son propre nom. Les recettes sont rest\u00e9es inchang\u00e9es&nbsp;: m\u00eame tabac, m\u00eame emballage, seule la marque a chang\u00e9.  <\/p>\n<p data-start=\"550\" data-end=\"876\">Ce m\u00e9lange anglais classique associe du tabac Virginie, divers tabacs orientaux et du Latakia fonc\u00e9. Son ar\u00f4me est \u00e9quilibr\u00e9 et complexe&nbsp;: foin, terreux, fum\u00e9 et l\u00e9g\u00e8rement floral. Le Latakia n\u2019est pas la saveur dominante, mais compl\u00e8te subtilement la composition par une note fum\u00e9e distinctive et harmonieuse.  <\/p>\n<p data-start=\"878\" data-end=\"1203\">Il s&rsquo;agit d&rsquo;une coupe anglaise classique, \u00e0 fibres longues et libres. Le tabac est relativement tass\u00e9 dans la bo\u00eete et pr\u00e9sente une teneur en humidit\u00e9 plus \u00e9lev\u00e9e. Il est donc recommand\u00e9 de bien l&rsquo;a\u00e9rer avant de le tasser et, si n\u00e9cessaire, de le laisser s\u00e9cher l\u00e9g\u00e8rement pour obtenir des caract\u00e9ristiques de fumage optimales.  <\/p>\n<h3 data-start=\"1205\" data-end=\"1225\">Caract\u00e9ristiques du produit&nbsp;:<\/h3>\n<ul data-start=\"1226\" data-end=\"1438\">\n<li data-start=\"1226\" data-end=\"1259\">\n<p data-start=\"1228\" data-end=\"1259\">M\u00e9lange anglais classique<\/p>\n<\/li>\n<li data-start=\"1260\" data-end=\"1296\">\n<p data-start=\"1262\" data-end=\"1296\">Virginie, tabac oriental et Latakia<\/p>\n<\/li>\n<li data-start=\"1297\" data-end=\"1354\">\n<p data-start=\"1299\" data-end=\"1354\">Ar\u00f4me naturel de tabac sans ar\u00f4mes artificiels<\/p>\n<\/li>\n<li data-start=\"1355\" data-end=\"1403\">\n<p data-start=\"1357\" data-end=\"1403\">Complexe, \u00e9quilibr\u00e9 et subtilement fum\u00e9<\/p>\n<\/li>\n<li data-start=\"1404\" data-end=\"1438\">\n<p data-start=\"1406\" data-end=\"1438\">Coupe anglaise typique<\/p>\n<\/li>\n<\/ul>\n<p data-start=\"1440\" data-end=\"1631\" data-is-last-node=\"\" data-is-only-node=\"\">Peterson Early Morning est un choix id\u00e9al pour les amateurs de m\u00e9langes anglais naturels et est \u2013 comme son nom l&rsquo;indique \u2013 parfait pour bien commencer la journ\u00e9e.<\/p>\n<ul>\n<li>Force: 3, Ar\u00f4me: 1, Note de la chambre: 3<\/li>\n<li>1 x 50 gr.<\/li>\n<\/ul>\n<p>Chez tabakversand.ch, vous recevez le tabac \u00e0 pipe Peterson Early Morning fra\u00eechement conserv\u00e9 dans son emballage d&rsquo;origine. Un stockage soign\u00e9 garantit une pr\u00e9servation optimale de son ar\u00f4me, de son humidit\u00e9 et de sa qualit\u00e9 jusqu&rsquo;\u00e0 l&rsquo;exp\u00e9dition. Gr\u00e2ce \u00e0 une livraison rapide en Suisse, votre tabac \u00e0 priser arrive g\u00e9n\u00e9ralement sous peu.  <\/p>\n<p>Pour plus d&rsquo;informations sur le fabricant Peterson of Dublin, veuillez consulter la page Wikip\u00e9dia correspondante&nbsp;: <a href=\"https:\/\/en.wikipedia.org\/wiki\/Peterson_Pipes#Tobacco\">cliquez ici<\/a> . Pour toute question concernant le produit, n&rsquo;h\u00e9sitez pas \u00e0 nous contacter&nbsp;: <a href=\"https:\/\/www.tabakversand.ch\/kontakt\/\">cliquez ici<\/a> . <\/p>\n<p>Tous les prix indiqu\u00e9s sont valables uniquement pour les commandes en ligne, TVA incluse, et peuvent \u00eatre modifi\u00e9s sans pr\u00e9avis. Les frais de port sont en sus.   Sous r\u00e9serve d&rsquo;erreurs, de modifications de l&rsquo;\u00e9tendue de la livraison et de la conception, d&rsquo;erreurs d&rsquo;impression et de modifications de prix. Les prix barr\u00e9s sont plut\u00f4t des prix. L&rsquo;illustration peut diff\u00e9rer de l&rsquo;original\/de l&rsquo;\u00e9tendue de la livraison.<br \/>\n*Livraison gratuite pour les commandes sup\u00e9rieures \u00e0 CHF 250.-.<\/p>\n","protected":false},"excerpt":{"rendered":"<p>Peterson T\u00f4t le matin Peterson Early Morning est un m\u00e9lange anglais traditionnel qui a connu une grande popularit\u00e9 pendant des d\u00e9cennies sous la marque Dunhill. En 2019, Peterson a officiellement acquis certains m\u00e9langes Dunhill, auparavant abandonn\u00e9s, et les a relanc\u00e9s sous son propre nom. Les recettes sont rest\u00e9es inchang\u00e9es&nbsp;: m\u00eame tabac, m\u00eame emballage, seule la [&hellip;]<\/p>\n","protected":false},"featured_media":62037,"template":"","meta":[],"product_brand":[1807],"product_cat":[5814,1949,1888,2040],"product_tag":[],"class_list":{"0":"post-62033","1":"product","2":"type-product","3":"status-publish","4":"has-post-thumbnail","6":"product_brand-peterson-pfeifen-und-pfeifentabak","7":"product_cat-boites","8":"product_cat-pipe-world-fr","9":"product_cat-tabac","10":"product_cat-tabac-a-pipe-fr","12":"first","13":"onbackorder","14":"purchasable","15":"product-type-simple"},"yoast_head":"<!-- This site is optimized with the Yoast SEO plugin v27.5 - https:\/\/yoast.com\/product\/yoast-seo-wordpress\/ -->\n<title>Achetez du tabac \u00e0 pipe Peterson Early Morning<\/title>\n<meta name=\"description\" content=\"Tabac \u00e0 pipe Peterson Early Morning \u2013 un m\u00e9lange anglais \u00e9quilibr\u00e9 avec une subtile touche de Latakia. Doux, \u00e9pic\u00e9 et id\u00e9al pour bien commencer la journ\u00e9e.\" \/>\n<meta name=\"robots\" content=\"index, follow, max-snippet:-1, max-image-preview:large, max-video-preview:-1\" \/>\n<link rel=\"canonical\" href=\"https:\/\/www.tabakversand.ch\/fr\/produit\/peterson-early-morning\/\" \/>\n<meta property=\"og:locale\" content=\"fr_FR\" \/>\n<meta property=\"og:type\" content=\"article\" \/>\n<meta property=\"og:title\" content=\"Achetez du tabac \u00e0 pipe Peterson Early Morning\" \/>\n<meta property=\"og:description\" content=\"Tabac \u00e0 pipe Peterson Early Morning \u2013 un m\u00e9lange anglais \u00e9quilibr\u00e9 avec une subtile touche de Latakia. Doux, \u00e9pic\u00e9 et id\u00e9al pour bien commencer la journ\u00e9e.\" \/>\n<meta property=\"og:url\" content=\"https:\/\/www.tabakversand.ch\/fr\/produit\/peterson-early-morning\/\" \/>\n<meta property=\"og:site_name\" content=\"Tabakversand.ch | Alles aus der Welt des Tabaks\" \/>\n<meta property=\"article:modified_time\" content=\"2026-04-13T17:37:40+00:00\" \/>\n<meta property=\"og:image\" content=\"https:\/\/www.tabakversand.ch\/wp-content\/uploads\/2022\/03\/peterson-early-morning-pipe.jpg\" \/>\n\t<meta property=\"og:image:width\" content=\"450\" \/>\n\t<meta property=\"og:image:height\" content=\"450\" \/>\n\t<meta property=\"og:image:type\" content=\"image\/jpeg\" \/>\n<meta name=\"twitter:card\" content=\"summary_large_image\" \/>\n<meta name=\"twitter:label1\" content=\"Dur\u00e9e de lecture estim\u00e9e\" \/>\n\t<meta name=\"twitter:data1\" content=\"3 minutes\" \/>\n<script type=\"application\/ld+json\" class=\"yoast-schema-graph\">{\"@context\":\"https:\\\/\\\/schema.org\",\"@graph\":[{\"@type\":\"WebPage\",\"@id\":\"https:\\\/\\\/www.tabakversand.ch\\\/fr\\\/produit\\\/peterson-early-morning\\\/\",\"url\":\"https:\\\/\\\/www.tabakversand.ch\\\/fr\\\/produit\\\/peterson-early-morning\\\/\",\"name\":\"Achetez du tabac \u00e0 pipe Peterson Early Morning\",\"isPartOf\":{\"@id\":\"https:\\\/\\\/www.tabakversand.ch\\\/#website\"},\"primaryImageOfPage\":{\"@id\":\"https:\\\/\\\/www.tabakversand.ch\\\/fr\\\/produit\\\/peterson-early-morning\\\/#primaryimage\"},\"image\":{\"@id\":\"https:\\\/\\\/www.tabakversand.ch\\\/fr\\\/produit\\\/peterson-early-morning\\\/#primaryimage\"},\"thumbnailUrl\":\"https:\\\/\\\/www.tabakversand.ch\\\/wp-content\\\/uploads\\\/2022\\\/03\\\/peterson-early-morning-pipe.jpg\",\"datePublished\":\"2022-04-02T09:32:41+00:00\",\"dateModified\":\"2026-04-13T17:37:40+00:00\",\"description\":\"Tabac \u00e0 pipe Peterson Early Morning \u2013 un m\u00e9lange anglais \u00e9quilibr\u00e9 avec une subtile touche de Latakia. Doux, \u00e9pic\u00e9 et id\u00e9al pour bien commencer la journ\u00e9e.\",\"breadcrumb\":{\"@id\":\"https:\\\/\\\/www.tabakversand.ch\\\/fr\\\/produit\\\/peterson-early-morning\\\/#breadcrumb\"},\"inLanguage\":\"fr-FR\",\"potentialAction\":[{\"@type\":\"ReadAction\",\"target\":[\"https:\\\/\\\/www.tabakversand.ch\\\/fr\\\/produit\\\/peterson-early-morning\\\/\"]}]},{\"@type\":\"ImageObject\",\"inLanguage\":\"fr-FR\",\"@id\":\"https:\\\/\\\/www.tabakversand.ch\\\/fr\\\/produit\\\/peterson-early-morning\\\/#primaryimage\",\"url\":\"https:\\\/\\\/www.tabakversand.ch\\\/wp-content\\\/uploads\\\/2022\\\/03\\\/peterson-early-morning-pipe.jpg\",\"contentUrl\":\"https:\\\/\\\/www.tabakversand.ch\\\/wp-content\\\/uploads\\\/2022\\\/03\\\/peterson-early-morning-pipe.jpg\",\"width\":450,\"height\":450,\"caption\":\"Peterson Early Morning Pipe Pipe Tabac 50 gr.\"},{\"@type\":\"BreadcrumbList\",\"@id\":\"https:\\\/\\\/www.tabakversand.ch\\\/fr\\\/produit\\\/peterson-early-morning\\\/#breadcrumb\",\"itemListElement\":[{\"@type\":\"ListItem\",\"position\":1,\"name\":\"Startseite\",\"item\":\"https:\\\/\\\/www.tabakversand.ch\\\/\"},{\"@type\":\"ListItem\",\"position\":2,\"name\":\"Boutique\",\"item\":\"https:\\\/\\\/www.tabakversand.ch\\\/fr\\\/boutique\\\/\"},{\"@type\":\"ListItem\",\"position\":3,\"name\":\"Peterson T\u00f4t le matin\"}]},{\"@type\":\"WebSite\",\"@id\":\"https:\\\/\\\/www.tabakversand.ch\\\/#website\",\"url\":\"https:\\\/\\\/www.tabakversand.ch\\\/\",\"name\":\"Tabakversand.ch | Alles aus der Welt des Tabaks\",\"description\":\"Smoke and carpe diem\",\"potentialAction\":[{\"@type\":\"SearchAction\",\"target\":{\"@type\":\"EntryPoint\",\"urlTemplate\":\"https:\\\/\\\/www.tabakversand.ch\\\/?s={search_term_string}\"},\"query-input\":{\"@type\":\"PropertyValueSpecification\",\"valueRequired\":true,\"valueName\":\"search_term_string\"}}],\"inLanguage\":\"fr-FR\"}]}<\/script>\n<!-- \/ Yoast SEO plugin. -->","yoast_head_json":{"title":"Achetez du tabac \u00e0 pipe Peterson Early Morning","description":"Tabac \u00e0 pipe Peterson Early Morning \u2013 un m\u00e9lange anglais \u00e9quilibr\u00e9 avec une subtile touche de Latakia. Doux, \u00e9pic\u00e9 et id\u00e9al pour bien commencer la journ\u00e9e.","robots":{"index":"index","follow":"follow","max-snippet":"max-snippet:-1","max-image-preview":"max-image-preview:large","max-video-preview":"max-video-preview:-1"},"canonical":"https:\/\/www.tabakversand.ch\/fr\/produit\/peterson-early-morning\/","og_locale":"fr_FR","og_type":"article","og_title":"Achetez du tabac \u00e0 pipe Peterson Early Morning","og_description":"Tabac \u00e0 pipe Peterson Early Morning \u2013 un m\u00e9lange anglais \u00e9quilibr\u00e9 avec une subtile touche de Latakia. Doux, \u00e9pic\u00e9 et id\u00e9al pour bien commencer la journ\u00e9e.","og_url":"https:\/\/www.tabakversand.ch\/fr\/produit\/peterson-early-morning\/","og_site_name":"Tabakversand.ch | Alles aus der Welt des Tabaks","article_modified_time":"2026-04-13T17:37:40+00:00","og_image":[{"width":450,"height":450,"url":"https:\/\/www.tabakversand.ch\/wp-content\/uploads\/2022\/03\/peterson-early-morning-pipe.jpg","type":"image\/jpeg"}],"twitter_card":"summary_large_image","twitter_misc":{"Dur\u00e9e de lecture estim\u00e9e":"3 minutes"},"schema":{"@context":"https:\/\/schema.org","@graph":[{"@type":"WebPage","@id":"https:\/\/www.tabakversand.ch\/fr\/produit\/peterson-early-morning\/","url":"https:\/\/www.tabakversand.ch\/fr\/produit\/peterson-early-morning\/","name":"Achetez du tabac \u00e0 pipe Peterson Early Morning","isPartOf":{"@id":"https:\/\/www.tabakversand.ch\/#website"},"primaryImageOfPage":{"@id":"https:\/\/www.tabakversand.ch\/fr\/produit\/peterson-early-morning\/#primaryimage"},"image":{"@id":"https:\/\/www.tabakversand.ch\/fr\/produit\/peterson-early-morning\/#primaryimage"},"thumbnailUrl":"https:\/\/www.tabakversand.ch\/wp-content\/uploads\/2022\/03\/peterson-early-morning-pipe.jpg","datePublished":"2022-04-02T09:32:41+00:00","dateModified":"2026-04-13T17:37:40+00:00","description":"Tabac \u00e0 pipe Peterson Early Morning \u2013 un m\u00e9lange anglais \u00e9quilibr\u00e9 avec une subtile touche de Latakia. Doux, \u00e9pic\u00e9 et id\u00e9al pour bien commencer la journ\u00e9e.","breadcrumb":{"@id":"https:\/\/www.tabakversand.ch\/fr\/produit\/peterson-early-morning\/#breadcrumb"},"inLanguage":"fr-FR","potentialAction":[{"@type":"ReadAction","target":["https:\/\/www.tabakversand.ch\/fr\/produit\/peterson-early-morning\/"]}]},{"@type":"ImageObject","inLanguage":"fr-FR","@id":"https:\/\/www.tabakversand.ch\/fr\/produit\/peterson-early-morning\/#primaryimage","url":"https:\/\/www.tabakversand.ch\/wp-content\/uploads\/2022\/03\/peterson-early-morning-pipe.jpg","contentUrl":"https:\/\/www.tabakversand.ch\/wp-content\/uploads\/2022\/03\/peterson-early-morning-pipe.jpg","width":450,"height":450,"caption":"Peterson Early Morning Pipe Pipe Tabac 50 gr."},{"@type":"BreadcrumbList","@id":"https:\/\/www.tabakversand.ch\/fr\/produit\/peterson-early-morning\/#breadcrumb","itemListElement":[{"@type":"ListItem","position":1,"name":"Startseite","item":"https:\/\/www.tabakversand.ch\/"},{"@type":"ListItem","position":2,"name":"Boutique","item":"https:\/\/www.tabakversand.ch\/fr\/boutique\/"},{"@type":"ListItem","position":3,"name":"Peterson T\u00f4t le matin"}]},{"@type":"WebSite","@id":"https:\/\/www.tabakversand.ch\/#website","url":"https:\/\/www.tabakversand.ch\/","name":"Tabakversand.ch | Alles aus der Welt des Tabaks","description":"Smoke and carpe diem","potentialAction":[{"@type":"SearchAction","target":{"@type":"EntryPoint","urlTemplate":"https:\/\/www.tabakversand.ch\/?s={search_term_string}"},"query-input":{"@type":"PropertyValueSpecification","valueRequired":true,"valueName":"search_term_string"}}],"inLanguage":"fr-FR"}]}},"_links":{"self":[{"href":"https:\/\/www.tabakversand.ch\/fr\/wp-json\/wp\/v2\/product\/62033","targetHints":{"allow":["GET"]}}],"collection":[{"href":"https:\/\/www.tabakversand.ch\/fr\/wp-json\/wp\/v2\/product"}],"about":[{"href":"https:\/\/www.tabakversand.ch\/fr\/wp-json\/wp\/v2\/types\/product"}],"version-history":[{"count":6,"href":"https:\/\/www.tabakversand.ch\/fr\/wp-json\/wp\/v2\/product\/62033\/revisions"}],"predecessor-version":[{"id":217913,"href":"https:\/\/www.tabakversand.ch\/fr\/wp-json\/wp\/v2\/product\/62033\/revisions\/217913"}],"wp:featuredmedia":[{"embeddable":true,"href":"https:\/\/www.tabakversand.ch\/fr\/wp-json\/wp\/v2\/media\/62037"}],"wp:attachment":[{"href":"https:\/\/www.tabakversand.ch\/fr\/wp-json\/wp\/v2\/media?parent=62033"}],"wp:term":[{"taxonomy":"product_brand","embeddable":true,"href":"https:\/\/www.tabakversand.ch\/fr\/wp-json\/wp\/v2\/product_brand?post=62033"},{"taxonomy":"product_cat","embeddable":true,"href":"https:\/\/www.tabakversand.ch\/fr\/wp-json\/wp\/v2\/product_cat?post=62033"},{"taxonomy":"product_tag","embeddable":true,"href":"https:\/\/www.tabakversand.ch\/fr\/wp-json\/wp\/v2\/product_tag?post=62033"}],"curies":[{"name":"wp","href":"https:\/\/api.w.org\/{rel}","templated":true}]}}