{"id":62131,"date":"2022-04-02T11:32:41","date_gmt":"2022-04-02T09:32:41","guid":{"rendered":"http:\/\/www.tabakversand.ch\/produkt\/fenomed-cbd-hemp-seeds-3-pieces\/"},"modified":"2026-02-04T13:42:38","modified_gmt":"2026-02-04T12:42:38","slug":"fenomed-cbd-hemp-seeds-3-pieces","status":"publish","type":"product","link":"https:\/\/www.tabakversand.ch\/fr\/produit\/fenomed-cbd-hemp-seeds-3-pieces\/","title":{"rendered":"Fenomed CBD Hemp Seeds 3 pi\u00e8ces"},"content":{"rendered":"<p>Fenomed est actuellement la g\u00e9n\u00e9tique sur le march\u00e9 qui a la teneur en CBD la plus \u00e9lev\u00e9e. Le rapport CBD: THC est d\u2019environ 30: 1. G\u00e9n\u00e9tique: Fenomed Type de culture: Int\u00e9rieur \/ Serre \/ Ext\u00e9rieur Temps de r\u00e9colte Ext\u00e9rieur: D\u00e9but \/ mi-septembre Temps de floraison Int\u00e9rieur: env. 60 jours Rendement Ext\u00e9rieur: jusqu\u2019\u00e0 800gr. \/ Rendement de la plante Int\u00e9rieur: env. 500gr. \/ m2 Teneur en THC: &lt;0,9% Teneur en CBD: -24%<\/p>\n<p>3 pi\u00e8ces.<\/p>\n<p>Tous les prix s&rsquo;appliquent uniquement aux commandes en ligne et incluent la TVA. Sous r\u00e9serve de modifications sans pr\u00e9avis, frais de livraison en sus. Sous r\u00e9serve d&rsquo;erreurs, de modifications de contenu de livraison et de conception, de fautes d&rsquo;impression et de modifications de prix. Les prix barr\u00e9s sont des prix de remplacement. Les illustrations peuvent diff\u00e9rer de l&rsquo;original\/du contenu de livraison.<br \/>\n*Livraison gratuite pour les commandes sup\u00e9rieures \u00e0 CHF 250.-.<\/p>\n","protected":false},"excerpt":{"rendered":"<p>Fenomed est actuellement la g\u00e9n\u00e9tique sur le march\u00e9 qui a la teneur en CBD la plus \u00e9lev\u00e9e. Le rapport CBD: THC est d\u2019environ 30: 1. G\u00e9n\u00e9tique: Fenomed Type de culture: Int\u00e9rieur \/ Serre \/ Ext\u00e9rieur Temps de r\u00e9colte Ext\u00e9rieur: D\u00e9but \/ mi-septembre Temps de floraison Int\u00e9rieur: env. 60 jours Rendement Ext\u00e9rieur: jusqu\u2019\u00e0 800gr. \/ Rendement [&hellip;]<\/p>\n","protected":false},"featured_media":62110,"template":"","meta":[],"product_brand":[1805],"product_cat":[1995,2296],"product_tag":[],"class_list":{"0":"post-62131","1":"product","2":"type-product","3":"status-publish","4":"has-post-thumbnail","6":"product_brand-fenocan","7":"product_cat-divers-headshop","8":"product_cat-graines-de-chanvre-cbd","10":"first","11":"onbackorder","12":"purchasable","13":"product-type-simple"},"yoast_head":"<!-- This site is optimized with the Yoast SEO plugin v27.0 - https:\/\/yoast.com\/product\/yoast-seo-wordpress\/ -->\n<title>Fenomed CBD Hemp Seeds 3 pi\u00e8ces - Tabakversand.ch | Alles aus der Welt des Tabaks<\/title>\n<meta name=\"description\" content=\"Graines de chanvre CBD Fenomed | La plus grande s\u00e9lection de produits du tabac de Suisse | Cartes accept\u00e9es!\" \/>\n<meta name=\"robots\" content=\"index, follow, max-snippet:-1, max-image-preview:large, max-video-preview:-1\" \/>\n<link rel=\"canonical\" href=\"https:\/\/www.tabakversand.ch\/fr\/produit\/fenomed-cbd-hemp-seeds-3-pieces\/\" \/>\n<meta property=\"og:locale\" content=\"fr_FR\" \/>\n<meta property=\"og:type\" content=\"article\" \/>\n<meta property=\"og:title\" content=\"Fenomed CBD Hemp Seeds 3 pi\u00e8ces - Tabakversand.ch | Alles aus der Welt des Tabaks\" \/>\n<meta property=\"og:description\" content=\"Graines de chanvre CBD Fenomed | La plus grande s\u00e9lection de produits du tabac de Suisse | Cartes accept\u00e9es!\" \/>\n<meta property=\"og:url\" content=\"https:\/\/www.tabakversand.ch\/fr\/produit\/fenomed-cbd-hemp-seeds-3-pieces\/\" \/>\n<meta property=\"og:site_name\" content=\"Tabakversand.ch | Alles aus der Welt des Tabaks\" \/>\n<meta property=\"article:modified_time\" content=\"2026-02-04T12:42:38+00:00\" \/>\n<meta property=\"og:image\" content=\"https:\/\/www.tabakversand.ch\/wp-content\/uploads\/2022\/03\/fenomed-cbd-hanfsamen.jpg\" \/>\n\t<meta property=\"og:image:width\" content=\"500\" \/>\n\t<meta property=\"og:image:height\" content=\"500\" \/>\n\t<meta property=\"og:image:type\" content=\"image\/jpeg\" \/>\n<meta name=\"twitter:card\" content=\"summary_large_image\" \/>\n<meta name=\"twitter:label1\" content=\"Dur\u00e9e de lecture estim\u00e9e\" \/>\n\t<meta name=\"twitter:data1\" content=\"1 minute\" \/>\n<script type=\"application\/ld+json\" class=\"yoast-schema-graph\">{\"@context\":\"https:\/\/schema.org\",\"@graph\":[{\"@type\":\"WebPage\",\"@id\":\"https:\/\/www.tabakversand.ch\/fr\/produit\/fenomed-cbd-hemp-seeds-3-pieces\/\",\"url\":\"https:\/\/www.tabakversand.ch\/fr\/produit\/fenomed-cbd-hemp-seeds-3-pieces\/\",\"name\":\"Fenomed CBD Hemp Seeds 3 pi\u00e8ces - Tabakversand.ch | Alles aus der Welt des Tabaks\",\"isPartOf\":{\"@id\":\"https:\/\/www.tabakversand.ch\/#website\"},\"primaryImageOfPage\":{\"@id\":\"https:\/\/www.tabakversand.ch\/fr\/produit\/fenomed-cbd-hemp-seeds-3-pieces\/#primaryimage\"},\"image\":{\"@id\":\"https:\/\/www.tabakversand.ch\/fr\/produit\/fenomed-cbd-hemp-seeds-3-pieces\/#primaryimage\"},\"thumbnailUrl\":\"https:\/\/www.tabakversand.ch\/wp-content\/uploads\/2022\/03\/fenomed-cbd-hanfsamen.jpg\",\"datePublished\":\"2022-04-02T09:32:41+00:00\",\"dateModified\":\"2026-02-04T12:42:38+00:00\",\"description\":\"Graines de chanvre CBD Fenomed | La plus grande s\u00e9lection de produits du tabac de Suisse | Cartes accept\u00e9es!\",\"breadcrumb\":{\"@id\":\"https:\/\/www.tabakversand.ch\/fr\/produit\/fenomed-cbd-hemp-seeds-3-pieces\/#breadcrumb\"},\"inLanguage\":\"fr-FR\",\"potentialAction\":[{\"@type\":\"ReadAction\",\"target\":[\"https:\/\/www.tabakversand.ch\/fr\/produit\/fenomed-cbd-hemp-seeds-3-pieces\/\"]}]},{\"@type\":\"ImageObject\",\"inLanguage\":\"fr-FR\",\"@id\":\"https:\/\/www.tabakversand.ch\/fr\/produit\/fenomed-cbd-hemp-seeds-3-pieces\/#primaryimage\",\"url\":\"https:\/\/www.tabakversand.ch\/wp-content\/uploads\/2022\/03\/fenomed-cbd-hanfsamen.jpg\",\"contentUrl\":\"https:\/\/www.tabakversand.ch\/wp-content\/uploads\/2022\/03\/fenomed-cbd-hanfsamen.jpg\",\"width\":500,\"height\":500,\"caption\":\"Fenomed CBD Hemp Seeds 1 pi\u00e8ce\"},{\"@type\":\"BreadcrumbList\",\"@id\":\"https:\/\/www.tabakversand.ch\/fr\/produit\/fenomed-cbd-hemp-seeds-3-pieces\/#breadcrumb\",\"itemListElement\":[{\"@type\":\"ListItem\",\"position\":1,\"name\":\"Startseite\",\"item\":\"https:\/\/www.tabakversand.ch\/\"},{\"@type\":\"ListItem\",\"position\":2,\"name\":\"Boutique\",\"item\":\"https:\/\/www.tabakversand.ch\/fr\/boutique\/\"},{\"@type\":\"ListItem\",\"position\":3,\"name\":\"Fenomed CBD Hemp Seeds 3 pi\u00e8ces\"}]},{\"@type\":\"WebSite\",\"@id\":\"https:\/\/www.tabakversand.ch\/#website\",\"url\":\"https:\/\/www.tabakversand.ch\/\",\"name\":\"Tabakversand.ch | Alles aus der Welt des Tabaks\",\"description\":\"Smoke and carpe diem\",\"potentialAction\":[{\"@type\":\"SearchAction\",\"target\":{\"@type\":\"EntryPoint\",\"urlTemplate\":\"https:\/\/www.tabakversand.ch\/?s={search_term_string}\"},\"query-input\":{\"@type\":\"PropertyValueSpecification\",\"valueRequired\":true,\"valueName\":\"search_term_string\"}}],\"inLanguage\":\"fr-FR\"}]}<\/script>\n<!-- \/ Yoast SEO plugin. -->","yoast_head_json":{"title":"Fenomed CBD Hemp Seeds 3 pi\u00e8ces - Tabakversand.ch | Alles aus der Welt des Tabaks","description":"Graines de chanvre CBD Fenomed | La plus grande s\u00e9lection de produits du tabac de Suisse | Cartes accept\u00e9es!","robots":{"index":"index","follow":"follow","max-snippet":"max-snippet:-1","max-image-preview":"max-image-preview:large","max-video-preview":"max-video-preview:-1"},"canonical":"https:\/\/www.tabakversand.ch\/fr\/produit\/fenomed-cbd-hemp-seeds-3-pieces\/","og_locale":"fr_FR","og_type":"article","og_title":"Fenomed CBD Hemp Seeds 3 pi\u00e8ces - Tabakversand.ch | Alles aus der Welt des Tabaks","og_description":"Graines de chanvre CBD Fenomed | La plus grande s\u00e9lection de produits du tabac de Suisse | Cartes accept\u00e9es!","og_url":"https:\/\/www.tabakversand.ch\/fr\/produit\/fenomed-cbd-hemp-seeds-3-pieces\/","og_site_name":"Tabakversand.ch | Alles aus der Welt des Tabaks","article_modified_time":"2026-02-04T12:42:38+00:00","og_image":[{"width":500,"height":500,"url":"https:\/\/www.tabakversand.ch\/wp-content\/uploads\/2022\/03\/fenomed-cbd-hanfsamen.jpg","type":"image\/jpeg"}],"twitter_card":"summary_large_image","twitter_misc":{"Dur\u00e9e de lecture estim\u00e9e":"1 minute"},"schema":{"@context":"https:\/\/schema.org","@graph":[{"@type":"WebPage","@id":"https:\/\/www.tabakversand.ch\/fr\/produit\/fenomed-cbd-hemp-seeds-3-pieces\/","url":"https:\/\/www.tabakversand.ch\/fr\/produit\/fenomed-cbd-hemp-seeds-3-pieces\/","name":"Fenomed CBD Hemp Seeds 3 pi\u00e8ces - Tabakversand.ch | Alles aus der Welt des Tabaks","isPartOf":{"@id":"https:\/\/www.tabakversand.ch\/#website"},"primaryImageOfPage":{"@id":"https:\/\/www.tabakversand.ch\/fr\/produit\/fenomed-cbd-hemp-seeds-3-pieces\/#primaryimage"},"image":{"@id":"https:\/\/www.tabakversand.ch\/fr\/produit\/fenomed-cbd-hemp-seeds-3-pieces\/#primaryimage"},"thumbnailUrl":"https:\/\/www.tabakversand.ch\/wp-content\/uploads\/2022\/03\/fenomed-cbd-hanfsamen.jpg","datePublished":"2022-04-02T09:32:41+00:00","dateModified":"2026-02-04T12:42:38+00:00","description":"Graines de chanvre CBD Fenomed | La plus grande s\u00e9lection de produits du tabac de Suisse | Cartes accept\u00e9es!","breadcrumb":{"@id":"https:\/\/www.tabakversand.ch\/fr\/produit\/fenomed-cbd-hemp-seeds-3-pieces\/#breadcrumb"},"inLanguage":"fr-FR","potentialAction":[{"@type":"ReadAction","target":["https:\/\/www.tabakversand.ch\/fr\/produit\/fenomed-cbd-hemp-seeds-3-pieces\/"]}]},{"@type":"ImageObject","inLanguage":"fr-FR","@id":"https:\/\/www.tabakversand.ch\/fr\/produit\/fenomed-cbd-hemp-seeds-3-pieces\/#primaryimage","url":"https:\/\/www.tabakversand.ch\/wp-content\/uploads\/2022\/03\/fenomed-cbd-hanfsamen.jpg","contentUrl":"https:\/\/www.tabakversand.ch\/wp-content\/uploads\/2022\/03\/fenomed-cbd-hanfsamen.jpg","width":500,"height":500,"caption":"Fenomed CBD Hemp Seeds 1 pi\u00e8ce"},{"@type":"BreadcrumbList","@id":"https:\/\/www.tabakversand.ch\/fr\/produit\/fenomed-cbd-hemp-seeds-3-pieces\/#breadcrumb","itemListElement":[{"@type":"ListItem","position":1,"name":"Startseite","item":"https:\/\/www.tabakversand.ch\/"},{"@type":"ListItem","position":2,"name":"Boutique","item":"https:\/\/www.tabakversand.ch\/fr\/boutique\/"},{"@type":"ListItem","position":3,"name":"Fenomed CBD Hemp Seeds 3 pi\u00e8ces"}]},{"@type":"WebSite","@id":"https:\/\/www.tabakversand.ch\/#website","url":"https:\/\/www.tabakversand.ch\/","name":"Tabakversand.ch | Alles aus der Welt des Tabaks","description":"Smoke and carpe diem","potentialAction":[{"@type":"SearchAction","target":{"@type":"EntryPoint","urlTemplate":"https:\/\/www.tabakversand.ch\/?s={search_term_string}"},"query-input":{"@type":"PropertyValueSpecification","valueRequired":true,"valueName":"search_term_string"}}],"inLanguage":"fr-FR"}]}},"_links":{"self":[{"href":"https:\/\/www.tabakversand.ch\/fr\/wp-json\/wp\/v2\/product\/62131","targetHints":{"allow":["GET"]}}],"collection":[{"href":"https:\/\/www.tabakversand.ch\/fr\/wp-json\/wp\/v2\/product"}],"about":[{"href":"https:\/\/www.tabakversand.ch\/fr\/wp-json\/wp\/v2\/types\/product"}],"version-history":[{"count":1,"href":"https:\/\/www.tabakversand.ch\/fr\/wp-json\/wp\/v2\/product\/62131\/revisions"}],"predecessor-version":[{"id":212125,"href":"https:\/\/www.tabakversand.ch\/fr\/wp-json\/wp\/v2\/product\/62131\/revisions\/212125"}],"wp:featuredmedia":[{"embeddable":true,"href":"https:\/\/www.tabakversand.ch\/fr\/wp-json\/wp\/v2\/media\/62110"}],"wp:attachment":[{"href":"https:\/\/www.tabakversand.ch\/fr\/wp-json\/wp\/v2\/media?parent=62131"}],"wp:term":[{"taxonomy":"product_brand","embeddable":true,"href":"https:\/\/www.tabakversand.ch\/fr\/wp-json\/wp\/v2\/product_brand?post=62131"},{"taxonomy":"product_cat","embeddable":true,"href":"https:\/\/www.tabakversand.ch\/fr\/wp-json\/wp\/v2\/product_cat?post=62131"},{"taxonomy":"product_tag","embeddable":true,"href":"https:\/\/www.tabakversand.ch\/fr\/wp-json\/wp\/v2\/product_tag?post=62131"}],"curies":[{"name":"wp","href":"https:\/\/api.w.org\/{rel}","templated":true}]}}