{"id":62479,"date":"2022-04-02T11:32:04","date_gmt":"2022-04-02T09:32:04","guid":{"rendered":"http:\/\/www.tabakversand.ch\/produkt\/acti-tube-filtre-a-cigarette-a-charbon-actif\/"},"modified":"2026-01-22T08:07:46","modified_gmt":"2026-01-22T07:07:46","slug":"filtre-a-cigarette-a-charbon-actif-acti-tube","status":"publish","type":"product","link":"https:\/\/www.tabakversand.ch\/fr\/produit\/filtre-a-cigarette-a-charbon-actif-acti-tube\/","title":{"rendered":"Acti Tube Filtre \u00e0 cigarette \u00e0 charbon actif"},"content":{"rendered":"<p>Depuis 2001, Tip Tube, Tune Filter ou Acti Tube est d\u00e9di\u00e9 aux fumeurs soucieux du plaisir et de la sant\u00e9, mais de plus en plus aussi aux utilisateurs m\u00e9dicaux, afin d\u2019am\u00e9liorer le rapport ingr\u00e9dient actif\/polluant lors de l\u2019inhalation. Ce filtre \u00e0 charbon actif original est connu sous de nombreux noms, mais en m\u00eame temps, il a su am\u00e9liorer la qualit\u00e9 du produit \u00e0 chaque fois.<br \/>\n Achetez l&rsquo;original. Achetez Actitube de Tune Filter.<\/p>\n<p>Les filtres \u00e0 charbon actif Tune r\u00e9duisent la pollution des voies respiratoires. Chaque coup est agr\u00e9ablement frais, doux et sec. Il n\u2019y a pas de colmatage et pas d\u2019\u00e9coulement de liquide de condensation. D\u00e9couvrez les avantages de la filtration au charbon actif dans les produits fum\u00e9s contenant du THC et du CBD gr\u00e2ce \u00e0 un r\u00e9glage intelligent des joints.<\/p>\n<p>8 mm r\u00e9gulier<\/p>\n<p>Contenu: 100 pcs.<\/p>\n<p>Tous les prix s&rsquo;appliquent uniquement aux commandes en ligne et incluent la TVA. Sous r\u00e9serve de modifications sans pr\u00e9avis, frais de livraison en sus. Sous r\u00e9serve d&rsquo;erreurs, de modifications de contenu de livraison et de conception, de fautes d&rsquo;impression et de modifications de prix. Les prix barr\u00e9s sont des prix de remplacement. Les illustrations peuvent diff\u00e9rer de l&rsquo;original\/du contenu de livraison.<br \/>\n*Livraison gratuite pour les commandes sup\u00e9rieures \u00e0 CHF 250.-.<\/p>\n","protected":false},"excerpt":{"rendered":"<p>Depuis 2001, Tip Tube, Tune Filter ou Acti Tube est d\u00e9di\u00e9 aux fumeurs soucieux du plaisir et de la sant\u00e9, mais de plus en plus aussi aux utilisateurs m\u00e9dicaux, afin d\u2019am\u00e9liorer le rapport ingr\u00e9dient actif\/polluant lors de l\u2019inhalation. Ce filtre \u00e0 charbon actif original est connu sous de nombreux noms, mais en m\u00eame temps, il [&hellip;]<\/p>\n","protected":false},"featured_media":174366,"template":"","meta":[],"product_brand":[],"product_cat":[3219,1961,1995,3231,5177,2014],"product_tag":[],"class_list":{"0":"post-62479","1":"product","2":"type-product","3":"status-publish","4":"has-post-thumbnail","6":"product_cat-boutique-de-tete","7":"product_cat-cigarettes-self-made-fr-2","8":"product_cat-divers-headshop","9":"product_cat-filtre","10":"product_cat-filtre-a-charbon-actif","11":"product_cat-filtres-a-cigarettes","13":"first","14":"onbackorder","15":"purchasable","16":"product-type-simple"},"yoast_head":"<!-- This site is optimized with the Yoast SEO plugin v27.0 - https:\/\/yoast.com\/product\/yoast-seo-wordpress\/ -->\n<title>Acti Tube Filtre \u00e0 cigarette \u00e0 charbon actif - Tabakversand.ch | Alles aus der Welt des Tabaks<\/title>\n<meta name=\"description\" content=\"Filtres \u00e0 cigarettes au charbon actif Acti Tube | Le plus grand choix de produits du tabac en Suisse | Toutes les cartes accept\u00e9es !\" \/>\n<meta name=\"robots\" content=\"index, follow, max-snippet:-1, max-image-preview:large, max-video-preview:-1\" \/>\n<link rel=\"canonical\" href=\"https:\/\/www.tabakversand.ch\/fr\/produit\/filtre-a-cigarette-a-charbon-actif-acti-tube\/\" \/>\n<meta property=\"og:locale\" content=\"fr_FR\" \/>\n<meta property=\"og:type\" content=\"article\" \/>\n<meta property=\"og:title\" content=\"Acti Tube Filtre \u00e0 cigarette \u00e0 charbon actif - Tabakversand.ch | Alles aus der Welt des Tabaks\" \/>\n<meta property=\"og:description\" content=\"Filtres \u00e0 cigarettes au charbon actif Acti Tube | Le plus grand choix de produits du tabac en Suisse | Toutes les cartes accept\u00e9es !\" \/>\n<meta property=\"og:url\" content=\"https:\/\/www.tabakversand.ch\/fr\/produit\/filtre-a-cigarette-a-charbon-actif-acti-tube\/\" \/>\n<meta property=\"og:site_name\" content=\"Tabakversand.ch | Alles aus der Welt des Tabaks\" \/>\n<meta property=\"article:modified_time\" content=\"2026-01-22T07:07:46+00:00\" \/>\n<meta property=\"og:image\" content=\"https:\/\/www.tabakversand.ch\/wp-content\/uploads\/2022\/04\/acti-tube-100-8mm.jpg\" \/>\n\t<meta property=\"og:image:width\" content=\"500\" \/>\n\t<meta property=\"og:image:height\" content=\"500\" \/>\n\t<meta property=\"og:image:type\" content=\"image\/jpeg\" \/>\n<meta name=\"twitter:card\" content=\"summary_large_image\" \/>\n<meta name=\"twitter:label1\" content=\"Dur\u00e9e de lecture estim\u00e9e\" \/>\n\t<meta name=\"twitter:data1\" content=\"1 minute\" \/>\n<script type=\"application\/ld+json\" class=\"yoast-schema-graph\">{\"@context\":\"https:\/\/schema.org\",\"@graph\":[{\"@type\":\"WebPage\",\"@id\":\"https:\/\/www.tabakversand.ch\/fr\/produit\/filtre-a-cigarette-a-charbon-actif-acti-tube\/\",\"url\":\"https:\/\/www.tabakversand.ch\/fr\/produit\/filtre-a-cigarette-a-charbon-actif-acti-tube\/\",\"name\":\"Acti Tube Filtre \u00e0 cigarette \u00e0 charbon actif - Tabakversand.ch | Alles aus der Welt des Tabaks\",\"isPartOf\":{\"@id\":\"https:\/\/www.tabakversand.ch\/#website\"},\"primaryImageOfPage\":{\"@id\":\"https:\/\/www.tabakversand.ch\/fr\/produit\/filtre-a-cigarette-a-charbon-actif-acti-tube\/#primaryimage\"},\"image\":{\"@id\":\"https:\/\/www.tabakversand.ch\/fr\/produit\/filtre-a-cigarette-a-charbon-actif-acti-tube\/#primaryimage\"},\"thumbnailUrl\":\"https:\/\/www.tabakversand.ch\/wp-content\/uploads\/2022\/04\/acti-tube-100-8mm.jpg\",\"datePublished\":\"2022-04-02T09:32:04+00:00\",\"dateModified\":\"2026-01-22T07:07:46+00:00\",\"description\":\"Filtres \u00e0 cigarettes au charbon actif Acti Tube | Le plus grand choix de produits du tabac en Suisse | Toutes les cartes accept\u00e9es !\",\"breadcrumb\":{\"@id\":\"https:\/\/www.tabakversand.ch\/fr\/produit\/filtre-a-cigarette-a-charbon-actif-acti-tube\/#breadcrumb\"},\"inLanguage\":\"fr-FR\",\"potentialAction\":[{\"@type\":\"ReadAction\",\"target\":[\"https:\/\/www.tabakversand.ch\/fr\/produit\/filtre-a-cigarette-a-charbon-actif-acti-tube\/\"]}]},{\"@type\":\"ImageObject\",\"inLanguage\":\"fr-FR\",\"@id\":\"https:\/\/www.tabakversand.ch\/fr\/produit\/filtre-a-cigarette-a-charbon-actif-acti-tube\/#primaryimage\",\"url\":\"https:\/\/www.tabakversand.ch\/wp-content\/uploads\/2022\/04\/acti-tube-100-8mm.jpg\",\"contentUrl\":\"https:\/\/www.tabakversand.ch\/wp-content\/uploads\/2022\/04\/acti-tube-100-8mm.jpg\",\"width\":500,\"height\":500,\"caption\":\"Filtres \u00e0 cigarettes \u00e0 charbon actif Acti Tube | Tabakversand.ch\"},{\"@type\":\"BreadcrumbList\",\"@id\":\"https:\/\/www.tabakversand.ch\/fr\/produit\/filtre-a-cigarette-a-charbon-actif-acti-tube\/#breadcrumb\",\"itemListElement\":[{\"@type\":\"ListItem\",\"position\":1,\"name\":\"Startseite\",\"item\":\"https:\/\/www.tabakversand.ch\/\"},{\"@type\":\"ListItem\",\"position\":2,\"name\":\"Boutique\",\"item\":\"https:\/\/www.tabakversand.ch\/fr\/boutique\/\"},{\"@type\":\"ListItem\",\"position\":3,\"name\":\"Acti Tube Filtre \u00e0 cigarette \u00e0 charbon actif\"}]},{\"@type\":\"WebSite\",\"@id\":\"https:\/\/www.tabakversand.ch\/#website\",\"url\":\"https:\/\/www.tabakversand.ch\/\",\"name\":\"Tabakversand.ch | Alles aus der Welt des Tabaks\",\"description\":\"Smoke and carpe diem\",\"potentialAction\":[{\"@type\":\"SearchAction\",\"target\":{\"@type\":\"EntryPoint\",\"urlTemplate\":\"https:\/\/www.tabakversand.ch\/?s={search_term_string}\"},\"query-input\":{\"@type\":\"PropertyValueSpecification\",\"valueRequired\":true,\"valueName\":\"search_term_string\"}}],\"inLanguage\":\"fr-FR\"}]}<\/script>\n<!-- \/ Yoast SEO plugin. -->","yoast_head_json":{"title":"Acti Tube Filtre \u00e0 cigarette \u00e0 charbon actif - Tabakversand.ch | Alles aus der Welt des Tabaks","description":"Filtres \u00e0 cigarettes au charbon actif Acti Tube | Le plus grand choix de produits du tabac en Suisse | Toutes les cartes accept\u00e9es !","robots":{"index":"index","follow":"follow","max-snippet":"max-snippet:-1","max-image-preview":"max-image-preview:large","max-video-preview":"max-video-preview:-1"},"canonical":"https:\/\/www.tabakversand.ch\/fr\/produit\/filtre-a-cigarette-a-charbon-actif-acti-tube\/","og_locale":"fr_FR","og_type":"article","og_title":"Acti Tube Filtre \u00e0 cigarette \u00e0 charbon actif - Tabakversand.ch | Alles aus der Welt des Tabaks","og_description":"Filtres \u00e0 cigarettes au charbon actif Acti Tube | Le plus grand choix de produits du tabac en Suisse | Toutes les cartes accept\u00e9es !","og_url":"https:\/\/www.tabakversand.ch\/fr\/produit\/filtre-a-cigarette-a-charbon-actif-acti-tube\/","og_site_name":"Tabakversand.ch | Alles aus der Welt des Tabaks","article_modified_time":"2026-01-22T07:07:46+00:00","og_image":[{"width":500,"height":500,"url":"https:\/\/www.tabakversand.ch\/wp-content\/uploads\/2022\/04\/acti-tube-100-8mm.jpg","type":"image\/jpeg"}],"twitter_card":"summary_large_image","twitter_misc":{"Dur\u00e9e de lecture estim\u00e9e":"1 minute"},"schema":{"@context":"https:\/\/schema.org","@graph":[{"@type":"WebPage","@id":"https:\/\/www.tabakversand.ch\/fr\/produit\/filtre-a-cigarette-a-charbon-actif-acti-tube\/","url":"https:\/\/www.tabakversand.ch\/fr\/produit\/filtre-a-cigarette-a-charbon-actif-acti-tube\/","name":"Acti Tube Filtre \u00e0 cigarette \u00e0 charbon actif - Tabakversand.ch | Alles aus der Welt des Tabaks","isPartOf":{"@id":"https:\/\/www.tabakversand.ch\/#website"},"primaryImageOfPage":{"@id":"https:\/\/www.tabakversand.ch\/fr\/produit\/filtre-a-cigarette-a-charbon-actif-acti-tube\/#primaryimage"},"image":{"@id":"https:\/\/www.tabakversand.ch\/fr\/produit\/filtre-a-cigarette-a-charbon-actif-acti-tube\/#primaryimage"},"thumbnailUrl":"https:\/\/www.tabakversand.ch\/wp-content\/uploads\/2022\/04\/acti-tube-100-8mm.jpg","datePublished":"2022-04-02T09:32:04+00:00","dateModified":"2026-01-22T07:07:46+00:00","description":"Filtres \u00e0 cigarettes au charbon actif Acti Tube | Le plus grand choix de produits du tabac en Suisse | Toutes les cartes accept\u00e9es !","breadcrumb":{"@id":"https:\/\/www.tabakversand.ch\/fr\/produit\/filtre-a-cigarette-a-charbon-actif-acti-tube\/#breadcrumb"},"inLanguage":"fr-FR","potentialAction":[{"@type":"ReadAction","target":["https:\/\/www.tabakversand.ch\/fr\/produit\/filtre-a-cigarette-a-charbon-actif-acti-tube\/"]}]},{"@type":"ImageObject","inLanguage":"fr-FR","@id":"https:\/\/www.tabakversand.ch\/fr\/produit\/filtre-a-cigarette-a-charbon-actif-acti-tube\/#primaryimage","url":"https:\/\/www.tabakversand.ch\/wp-content\/uploads\/2022\/04\/acti-tube-100-8mm.jpg","contentUrl":"https:\/\/www.tabakversand.ch\/wp-content\/uploads\/2022\/04\/acti-tube-100-8mm.jpg","width":500,"height":500,"caption":"Filtres \u00e0 cigarettes \u00e0 charbon actif Acti Tube | Tabakversand.ch"},{"@type":"BreadcrumbList","@id":"https:\/\/www.tabakversand.ch\/fr\/produit\/filtre-a-cigarette-a-charbon-actif-acti-tube\/#breadcrumb","itemListElement":[{"@type":"ListItem","position":1,"name":"Startseite","item":"https:\/\/www.tabakversand.ch\/"},{"@type":"ListItem","position":2,"name":"Boutique","item":"https:\/\/www.tabakversand.ch\/fr\/boutique\/"},{"@type":"ListItem","position":3,"name":"Acti Tube Filtre \u00e0 cigarette \u00e0 charbon actif"}]},{"@type":"WebSite","@id":"https:\/\/www.tabakversand.ch\/#website","url":"https:\/\/www.tabakversand.ch\/","name":"Tabakversand.ch | Alles aus der Welt des Tabaks","description":"Smoke and carpe diem","potentialAction":[{"@type":"SearchAction","target":{"@type":"EntryPoint","urlTemplate":"https:\/\/www.tabakversand.ch\/?s={search_term_string}"},"query-input":{"@type":"PropertyValueSpecification","valueRequired":true,"valueName":"search_term_string"}}],"inLanguage":"fr-FR"}]}},"_links":{"self":[{"href":"https:\/\/www.tabakversand.ch\/fr\/wp-json\/wp\/v2\/product\/62479","targetHints":{"allow":["GET"]}}],"collection":[{"href":"https:\/\/www.tabakversand.ch\/fr\/wp-json\/wp\/v2\/product"}],"about":[{"href":"https:\/\/www.tabakversand.ch\/fr\/wp-json\/wp\/v2\/types\/product"}],"version-history":[{"count":3,"href":"https:\/\/www.tabakversand.ch\/fr\/wp-json\/wp\/v2\/product\/62479\/revisions"}],"predecessor-version":[{"id":209598,"href":"https:\/\/www.tabakversand.ch\/fr\/wp-json\/wp\/v2\/product\/62479\/revisions\/209598"}],"wp:featuredmedia":[{"embeddable":true,"href":"https:\/\/www.tabakversand.ch\/fr\/wp-json\/wp\/v2\/media\/174366"}],"wp:attachment":[{"href":"https:\/\/www.tabakversand.ch\/fr\/wp-json\/wp\/v2\/media?parent=62479"}],"wp:term":[{"taxonomy":"product_brand","embeddable":true,"href":"https:\/\/www.tabakversand.ch\/fr\/wp-json\/wp\/v2\/product_brand?post=62479"},{"taxonomy":"product_cat","embeddable":true,"href":"https:\/\/www.tabakversand.ch\/fr\/wp-json\/wp\/v2\/product_cat?post=62479"},{"taxonomy":"product_tag","embeddable":true,"href":"https:\/\/www.tabakversand.ch\/fr\/wp-json\/wp\/v2\/product_tag?post=62479"}],"curies":[{"name":"wp","href":"https:\/\/api.w.org\/{rel}","templated":true}]}}