{"id":62813,"date":"2022-04-02T11:28:50","date_gmt":"2022-04-02T09:28:50","guid":{"rendered":"http:\/\/www.tabakversand.ch\/produkt\/velo-polar-mint-easy-mini-portions\/"},"modified":"2025-09-17T10:01:51","modified_gmt":"2025-09-17T08:01:51","slug":"velo-spiffy-spearmint-mini-force-douce-1-portion","status":"publish","type":"product","link":"https:\/\/www.tabakversand.ch\/fr\/produit\/velo-spiffy-spearmint-mini-force-douce-1-portion\/","title":{"rendered":"Velo Spiffy Spearmint mini force douce 1 portion"},"content":{"rendered":"<p>Velo Spiffy Spearmint mini force douce 1 portion<\/p>\n<p>5 canettes<\/p>\n<p>Snus blanc, tout blanc<br \/>\n Ar\u00f4me : Menthe fra\u00eeche<\/p>\n<p>Tous les prix s&rsquo;appliquent uniquement aux commandes en ligne et incluent la TVA. Sous r\u00e9serve de modifications sans pr\u00e9avis, frais de livraison en sus. Sous r\u00e9serve d&rsquo;erreurs, de modifications de contenu de livraison et de conception, de fautes d&rsquo;impression et de modifications de prix. Les prix barr\u00e9s sont des prix de remplacement. Les illustrations peuvent diff\u00e9rer de l&rsquo;original\/du contenu de livraison.<br \/>\n*Livraison gratuite pour les commandes sup\u00e9rieures \u00e0 CHF 250.-.<\/p>\n","protected":false},"excerpt":{"rendered":"<p>Velo Spiffy Spearmint mini force douce 1 portion 5 canettes Snus blanc, tout blanc Ar\u00f4me : Menthe fra\u00eeche Tous les prix s&rsquo;appliquent uniquement aux commandes en ligne et incluent la TVA. Sous r\u00e9serve de modifications sans pr\u00e9avis, frais de livraison en sus. Sous r\u00e9serve d&rsquo;erreurs, de modifications de contenu de livraison et de conception, de [&hellip;]<\/p>\n","protected":false},"featured_media":152715,"template":"","meta":[],"product_brand":[],"product_cat":[4564,1888,1903,1900],"product_tag":[],"class_list":{"0":"post-62813","1":"product","2":"type-product","3":"status-publish","4":"has-post-thumbnail","6":"product_cat-snus-en-sachet","7":"product_cat-tabac","8":"product_cat-tabac-a-macher-snus","9":"product_cat-tabac-a-macher-snus-dans-un-sac","11":"first","12":"onbackorder","13":"purchasable","14":"product-type-simple"},"yoast_head":"<!-- This site is optimized with the Yoast SEO plugin v27.0 - https:\/\/yoast.com\/product\/yoast-seo-wordpress\/ -->\n<title>Velo Spiffy Spearmint mini force douce 1 portion - Tabakversand.ch | Alles aus der Welt des Tabaks<\/title>\n<meta name=\"description\" content=\"Velo Spiffy Spearmint mini force douce 1 portion | Un tr\u00e8s grand choix de produits du tabac dans toute la Suisse | Cartes accept\u00e9es !\" \/>\n<meta name=\"robots\" content=\"index, follow, max-snippet:-1, max-image-preview:large, max-video-preview:-1\" \/>\n<link rel=\"canonical\" href=\"https:\/\/www.tabakversand.ch\/produit\/velo-spiffy-spearmint-mini-1\/\" \/>\n<meta property=\"og:locale\" content=\"fr_FR\" \/>\n<meta property=\"og:type\" content=\"article\" \/>\n<meta property=\"og:title\" content=\"Velo Spiffy Spearmint mini force douce 1 portion - Tabakversand.ch | Alles aus der Welt des Tabaks\" \/>\n<meta property=\"og:description\" content=\"Velo Spiffy Spearmint mini force douce 1 portion | Un tr\u00e8s grand choix de produits du tabac dans toute la Suisse | Cartes accept\u00e9es !\" \/>\n<meta property=\"og:url\" content=\"https:\/\/www.tabakversand.ch\/produit\/velo-spiffy-spearmint-mini-1\/\" \/>\n<meta property=\"og:site_name\" content=\"Tabakversand.ch | Alles aus der Welt des Tabaks\" \/>\n<meta property=\"article:modified_time\" content=\"2025-09-17T08:01:51+00:00\" \/>\n<meta property=\"og:image\" content=\"https:\/\/www.tabakversand.ch\/wp-content\/uploads\/2022\/04\/velo-spiffy-spearmint-3.jpg\" \/>\n\t<meta property=\"og:image:width\" content=\"500\" \/>\n\t<meta property=\"og:image:height\" content=\"500\" \/>\n\t<meta property=\"og:image:type\" content=\"image\/jpeg\" \/>\n<meta name=\"twitter:card\" content=\"summary_large_image\" \/>\n<meta name=\"twitter:label1\" content=\"Dur\u00e9e de lecture estim\u00e9e\" \/>\n\t<meta name=\"twitter:data1\" content=\"1 minute\" \/>\n<script type=\"application\/ld+json\" class=\"yoast-schema-graph\">{\"@context\":\"https:\/\/schema.org\",\"@graph\":[{\"@type\":\"WebPage\",\"@id\":\"https:\/\/www.tabakversand.ch\/produit\/velo-spiffy-spearmint-mini-1\/\",\"url\":\"https:\/\/www.tabakversand.ch\/produit\/velo-spiffy-spearmint-mini-1\/\",\"name\":\"Velo Spiffy Spearmint mini force douce 1 portion - Tabakversand.ch | Alles aus der Welt des Tabaks\",\"isPartOf\":{\"@id\":\"https:\/\/www.tabakversand.ch\/#website\"},\"primaryImageOfPage\":{\"@id\":\"https:\/\/www.tabakversand.ch\/produit\/velo-spiffy-spearmint-mini-1\/#primaryimage\"},\"image\":{\"@id\":\"https:\/\/www.tabakversand.ch\/produit\/velo-spiffy-spearmint-mini-1\/#primaryimage\"},\"thumbnailUrl\":\"https:\/\/www.tabakversand.ch\/wp-content\/uploads\/2022\/04\/velo-spiffy-spearmint-3.jpg\",\"datePublished\":\"2022-04-02T09:28:50+00:00\",\"dateModified\":\"2025-09-17T08:01:51+00:00\",\"description\":\"Velo Spiffy Spearmint mini force douce 1 portion | Un tr\u00e8s grand choix de produits du tabac dans toute la Suisse | Cartes accept\u00e9es !\",\"breadcrumb\":{\"@id\":\"https:\/\/www.tabakversand.ch\/produit\/velo-spiffy-spearmint-mini-1\/#breadcrumb\"},\"inLanguage\":\"fr-FR\",\"potentialAction\":[{\"@type\":\"ReadAction\",\"target\":[\"https:\/\/www.tabakversand.ch\/produit\/velo-spiffy-spearmint-mini-1\/\"]}]},{\"@type\":\"ImageObject\",\"inLanguage\":\"fr-FR\",\"@id\":\"https:\/\/www.tabakversand.ch\/produit\/velo-spiffy-spearmint-mini-1\/#primaryimage\",\"url\":\"https:\/\/www.tabakversand.ch\/wp-content\/uploads\/2022\/04\/velo-spiffy-spearmint-3.jpg\",\"contentUrl\":\"https:\/\/www.tabakversand.ch\/wp-content\/uploads\/2022\/04\/velo-spiffy-spearmint-3.jpg\",\"width\":500,\"height\":500,\"caption\":\"Velo Spiffy Menthe Verte 3 mg Portions | Tabakversand.ch\"},{\"@type\":\"BreadcrumbList\",\"@id\":\"https:\/\/www.tabakversand.ch\/produit\/velo-spiffy-spearmint-mini-1\/#breadcrumb\",\"itemListElement\":[{\"@type\":\"ListItem\",\"position\":1,\"name\":\"Startseite\",\"item\":\"https:\/\/www.tabakversand.ch\/\"},{\"@type\":\"ListItem\",\"position\":2,\"name\":\"Boutique\",\"item\":\"https:\/\/www.tabakversand.ch\/fr\/boutique\/\"},{\"@type\":\"ListItem\",\"position\":3,\"name\":\"Velo Spiffy Spearmint mini force douce 1 portion\"}]},{\"@type\":\"WebSite\",\"@id\":\"https:\/\/www.tabakversand.ch\/#website\",\"url\":\"https:\/\/www.tabakversand.ch\/\",\"name\":\"Tabakversand.ch | Alles aus der Welt des Tabaks\",\"description\":\"Smoke and carpe diem\",\"potentialAction\":[{\"@type\":\"SearchAction\",\"target\":{\"@type\":\"EntryPoint\",\"urlTemplate\":\"https:\/\/www.tabakversand.ch\/?s={search_term_string}\"},\"query-input\":{\"@type\":\"PropertyValueSpecification\",\"valueRequired\":true,\"valueName\":\"search_term_string\"}}],\"inLanguage\":\"fr-FR\"}]}<\/script>\n<!-- \/ Yoast SEO plugin. -->","yoast_head_json":{"title":"Velo Spiffy Spearmint mini force douce 1 portion - Tabakversand.ch | Alles aus der Welt des Tabaks","description":"Velo Spiffy Spearmint mini force douce 1 portion | Un tr\u00e8s grand choix de produits du tabac dans toute la Suisse | Cartes accept\u00e9es !","robots":{"index":"index","follow":"follow","max-snippet":"max-snippet:-1","max-image-preview":"max-image-preview:large","max-video-preview":"max-video-preview:-1"},"canonical":"https:\/\/www.tabakversand.ch\/produit\/velo-spiffy-spearmint-mini-1\/","og_locale":"fr_FR","og_type":"article","og_title":"Velo Spiffy Spearmint mini force douce 1 portion - Tabakversand.ch | Alles aus der Welt des Tabaks","og_description":"Velo Spiffy Spearmint mini force douce 1 portion | Un tr\u00e8s grand choix de produits du tabac dans toute la Suisse | Cartes accept\u00e9es !","og_url":"https:\/\/www.tabakversand.ch\/produit\/velo-spiffy-spearmint-mini-1\/","og_site_name":"Tabakversand.ch | Alles aus der Welt des Tabaks","article_modified_time":"2025-09-17T08:01:51+00:00","og_image":[{"width":500,"height":500,"url":"https:\/\/www.tabakversand.ch\/wp-content\/uploads\/2022\/04\/velo-spiffy-spearmint-3.jpg","type":"image\/jpeg"}],"twitter_card":"summary_large_image","twitter_misc":{"Dur\u00e9e de lecture estim\u00e9e":"1 minute"},"schema":{"@context":"https:\/\/schema.org","@graph":[{"@type":"WebPage","@id":"https:\/\/www.tabakversand.ch\/produit\/velo-spiffy-spearmint-mini-1\/","url":"https:\/\/www.tabakversand.ch\/produit\/velo-spiffy-spearmint-mini-1\/","name":"Velo Spiffy Spearmint mini force douce 1 portion - Tabakversand.ch | Alles aus der Welt des Tabaks","isPartOf":{"@id":"https:\/\/www.tabakversand.ch\/#website"},"primaryImageOfPage":{"@id":"https:\/\/www.tabakversand.ch\/produit\/velo-spiffy-spearmint-mini-1\/#primaryimage"},"image":{"@id":"https:\/\/www.tabakversand.ch\/produit\/velo-spiffy-spearmint-mini-1\/#primaryimage"},"thumbnailUrl":"https:\/\/www.tabakversand.ch\/wp-content\/uploads\/2022\/04\/velo-spiffy-spearmint-3.jpg","datePublished":"2022-04-02T09:28:50+00:00","dateModified":"2025-09-17T08:01:51+00:00","description":"Velo Spiffy Spearmint mini force douce 1 portion | Un tr\u00e8s grand choix de produits du tabac dans toute la Suisse | Cartes accept\u00e9es !","breadcrumb":{"@id":"https:\/\/www.tabakversand.ch\/produit\/velo-spiffy-spearmint-mini-1\/#breadcrumb"},"inLanguage":"fr-FR","potentialAction":[{"@type":"ReadAction","target":["https:\/\/www.tabakversand.ch\/produit\/velo-spiffy-spearmint-mini-1\/"]}]},{"@type":"ImageObject","inLanguage":"fr-FR","@id":"https:\/\/www.tabakversand.ch\/produit\/velo-spiffy-spearmint-mini-1\/#primaryimage","url":"https:\/\/www.tabakversand.ch\/wp-content\/uploads\/2022\/04\/velo-spiffy-spearmint-3.jpg","contentUrl":"https:\/\/www.tabakversand.ch\/wp-content\/uploads\/2022\/04\/velo-spiffy-spearmint-3.jpg","width":500,"height":500,"caption":"Velo Spiffy Menthe Verte 3 mg Portions | Tabakversand.ch"},{"@type":"BreadcrumbList","@id":"https:\/\/www.tabakversand.ch\/produit\/velo-spiffy-spearmint-mini-1\/#breadcrumb","itemListElement":[{"@type":"ListItem","position":1,"name":"Startseite","item":"https:\/\/www.tabakversand.ch\/"},{"@type":"ListItem","position":2,"name":"Boutique","item":"https:\/\/www.tabakversand.ch\/fr\/boutique\/"},{"@type":"ListItem","position":3,"name":"Velo Spiffy Spearmint mini force douce 1 portion"}]},{"@type":"WebSite","@id":"https:\/\/www.tabakversand.ch\/#website","url":"https:\/\/www.tabakversand.ch\/","name":"Tabakversand.ch | Alles aus der Welt des Tabaks","description":"Smoke and carpe diem","potentialAction":[{"@type":"SearchAction","target":{"@type":"EntryPoint","urlTemplate":"https:\/\/www.tabakversand.ch\/?s={search_term_string}"},"query-input":{"@type":"PropertyValueSpecification","valueRequired":true,"valueName":"search_term_string"}}],"inLanguage":"fr-FR"}]}},"_links":{"self":[{"href":"https:\/\/www.tabakversand.ch\/fr\/wp-json\/wp\/v2\/product\/62813","targetHints":{"allow":["GET"]}}],"collection":[{"href":"https:\/\/www.tabakversand.ch\/fr\/wp-json\/wp\/v2\/product"}],"about":[{"href":"https:\/\/www.tabakversand.ch\/fr\/wp-json\/wp\/v2\/types\/product"}],"version-history":[{"count":4,"href":"https:\/\/www.tabakversand.ch\/fr\/wp-json\/wp\/v2\/product\/62813\/revisions"}],"predecessor-version":[{"id":200032,"href":"https:\/\/www.tabakversand.ch\/fr\/wp-json\/wp\/v2\/product\/62813\/revisions\/200032"}],"wp:featuredmedia":[{"embeddable":true,"href":"https:\/\/www.tabakversand.ch\/fr\/wp-json\/wp\/v2\/media\/152715"}],"wp:attachment":[{"href":"https:\/\/www.tabakversand.ch\/fr\/wp-json\/wp\/v2\/media?parent=62813"}],"wp:term":[{"taxonomy":"product_brand","embeddable":true,"href":"https:\/\/www.tabakversand.ch\/fr\/wp-json\/wp\/v2\/product_brand?post=62813"},{"taxonomy":"product_cat","embeddable":true,"href":"https:\/\/www.tabakversand.ch\/fr\/wp-json\/wp\/v2\/product_cat?post=62813"},{"taxonomy":"product_tag","embeddable":true,"href":"https:\/\/www.tabakversand.ch\/fr\/wp-json\/wp\/v2\/product_tag?post=62813"}],"curies":[{"name":"wp","href":"https:\/\/api.w.org\/{rel}","templated":true}]}}