{"id":63185,"date":"2022-04-02T11:28:19","date_gmt":"2022-04-02T09:28:19","guid":{"rendered":"http:\/\/www.tabakversand.ch\/produkt\/camacho-ecuador-robusto-tubos-20-kistli-cigares\/"},"modified":"2025-01-23T13:34:23","modified_gmt":"2025-01-23T12:34:23","slug":"camacho-ecuador-robusto-tubos-20er-kistli-cigares","status":"publish","type":"product","link":"https:\/\/www.tabakversand.ch\/fr\/produit\/camacho-ecuador-robusto-tubos-20er-kistli-cigares\/","title":{"rendered":"Camacho Ecuador Robusto Tubos 20 Kistli Cigares"},"content":{"rendered":"<h1>Camacho Equateur Robusto Tubos<\/h1>\n<h2>Cigares 20er Kistli<\/h2>\n<p>L\u2019emballage Habano de l\u2019\u00c9quateur est l\u2019une des vari\u00e9t\u00e9s de tabac les plus c\u00e9l\u00e8bres de notre gamme, unique en termes de couleur, de texture et d\u2019ar\u00f4me. Le tabac est extrait du sol rugueux et riche en azote au pied des vastes Andes, une r\u00e9gion majestueuse o\u00f9 le tabac \u00e9tait cultiv\u00e9 il y a des milliers d\u2019ann\u00e9es. Le Habano \u00e9quatorien est l\u2019un des emballages les plus polyvalents et offre \u00e0 nos Ma\u00eetres M\u00e9langeurs la possibilit\u00e9 d\u2019exp\u00e9rimenter et d\u2019\u00e9largir les limites de l\u2019ar\u00f4me de mani\u00e8re inattendue. Ce m\u00e9lange dynamique comprend une enveloppe de Mata Fina br\u00e9silienne terreuse, 2 vari\u00e9t\u00e9s de tabac honduriennes fortes de niveaux de feuilles plus \u00e9lev\u00e9s et du Pelo de Oro Ligero dominicain pour l\u2019incrustation. Avec l&rsquo;explosion de piquant et la pointe continue d&rsquo;un ar\u00f4me floral et d&rsquo;une note d&rsquo;agrumes.<br \/>\n Plein de saveur &#8211; \u00e0 plein r\u00e9gime le Camacho Equateur Format : Robusto<br \/>\n Diam\u00e8tre : 2 cm<br \/>\n Longueur : 12,17 cm<br \/>\n Couverture : Habano (\u00c9quateur)<br \/>\n Reliure : Mata Fina (Br\u00e9sil)<br \/>\n Ins\u00e9rer&nbsp;: Corojo, Criollo Ligero, Pelo de Oro (Hn &amp; Dr)<br \/>\n Intensit\u00e9 : Moyenne \u00e0 Forte, 4 sur 5 Tous les prix s&rsquo;appliquent uniquement aux commandes en ligne et incluent la TVA et sont sujets \u00e0 changement plus les frais d&rsquo;exp\u00e9dition. Sous r\u00e9serve d&rsquo;erreurs, de modifications de l&rsquo;\u00e9tendue de la livraison et de la conception, d&rsquo;erreurs d&rsquo;impression et de modifications de prix. Les prix barr\u00e9s sont plut\u00f4t des prix. L&rsquo;illustration peut diff\u00e9rer de l&rsquo;original\/de l&rsquo;\u00e9tendue de la livraison. *Livraison gratuite pour les commandes sup\u00e9rieures \u00e0 CHF 250.<\/p>\n<p>Tous les prix s&rsquo;appliquent uniquement aux commandes en ligne et incluent la TVA et sont sujets \u00e0 changement plus les frais d&rsquo;exp\u00e9dition. Sous r\u00e9serve d&rsquo;erreurs, de modifications de l&rsquo;\u00e9tendue de la livraison et de la conception, d&rsquo;erreurs d&rsquo;impression et de modifications de prix. Les prix barr\u00e9s sont plut\u00f4t des prix. L&rsquo;illustration peut diff\u00e9rer de l&rsquo;original\/de l&rsquo;\u00e9tendue de la livraison. *Livraison gratuite pour les commandes sup\u00e9rieures \u00e0 CHF 250.     <\/p>\n","protected":false},"excerpt":{"rendered":"<p>Camacho Equateur Robusto Tubos Cigares 20er Kistli L\u2019emballage Habano de l\u2019\u00c9quateur est l\u2019une des vari\u00e9t\u00e9s de tabac les plus c\u00e9l\u00e8bres de notre gamme, unique en termes de couleur, de texture et d\u2019ar\u00f4me. Le tabac est extrait du sol rugueux et riche en azote au pied des vastes Andes, une r\u00e9gion majestueuse o\u00f9 le tabac \u00e9tait [&hellip;]<\/p>\n","protected":false},"featured_media":63186,"template":"","meta":[],"product_brand":[1629],"product_cat":[2326,2357,1993,2329,1994],"product_tag":[],"class_list":{"0":"post-63185","1":"product","2":"type-product","3":"status-publish","4":"has-post-thumbnail","6":"product_brand-camacho","7":"product_cat-camacho-fr","8":"product_cat-camacho-equateur","9":"product_cat-cigares","10":"product_cat-honduras-fr","11":"product_cat-monde-du-cigare","13":"first","14":"onbackorder","15":"purchasable","16":"product-type-simple"},"yoast_head":"<!-- This site is optimized with the Yoast SEO plugin v27.0 - https:\/\/yoast.com\/product\/yoast-seo-wordpress\/ -->\n<title>Camacho Ecuador Robusto Tubos 20 Kistli Cigares - Tabakversand.ch | Alles aus der Welt des Tabaks<\/title>\n<meta name=\"description\" content=\"Camacho Ecuador Robusto Tubos 20 cigares en bo\u00eete | Le plus grand choix de produits du tabac en Suisse | Toutes les cartes accept\u00e9es !\" \/>\n<meta name=\"robots\" content=\"index, follow, max-snippet:-1, max-image-preview:large, max-video-preview:-1\" \/>\n<link rel=\"canonical\" href=\"https:\/\/www.tabakversand.ch\/fr\/produit\/camacho-ecuador-robusto-tubos-20er-kistli-cigares\/\" \/>\n<meta property=\"og:locale\" content=\"fr_FR\" \/>\n<meta property=\"og:type\" content=\"article\" \/>\n<meta property=\"og:title\" content=\"Camacho Ecuador Robusto Tubos 20 Kistli Cigares - Tabakversand.ch | Alles aus der Welt des Tabaks\" \/>\n<meta property=\"og:description\" content=\"Camacho Ecuador Robusto Tubos 20 cigares en bo\u00eete | Le plus grand choix de produits du tabac en Suisse | Toutes les cartes accept\u00e9es !\" \/>\n<meta property=\"og:url\" content=\"https:\/\/www.tabakversand.ch\/fr\/produit\/camacho-ecuador-robusto-tubos-20er-kistli-cigares\/\" \/>\n<meta property=\"og:site_name\" content=\"Tabakversand.ch | Alles aus der Welt des Tabaks\" \/>\n<meta property=\"article:modified_time\" content=\"2025-01-23T12:34:23+00:00\" \/>\n<meta property=\"og:image\" content=\"https:\/\/www.tabakversand.ch\/wp-content\/uploads\/2022\/03\/camacho-ecuador-robusto-tubos-20-box.jpg\" \/>\n\t<meta property=\"og:image:width\" content=\"500\" \/>\n\t<meta property=\"og:image:height\" content=\"269\" \/>\n\t<meta property=\"og:image:type\" content=\"image\/jpeg\" \/>\n<meta name=\"twitter:card\" content=\"summary_large_image\" \/>\n<meta name=\"twitter:label1\" content=\"Dur\u00e9e de lecture estim\u00e9e\" \/>\n\t<meta name=\"twitter:data1\" content=\"2 minutes\" \/>\n<script type=\"application\/ld+json\" class=\"yoast-schema-graph\">{\"@context\":\"https:\/\/schema.org\",\"@graph\":[{\"@type\":\"WebPage\",\"@id\":\"https:\/\/www.tabakversand.ch\/fr\/produit\/camacho-ecuador-robusto-tubos-20er-kistli-cigares\/\",\"url\":\"https:\/\/www.tabakversand.ch\/fr\/produit\/camacho-ecuador-robusto-tubos-20er-kistli-cigares\/\",\"name\":\"Camacho Ecuador Robusto Tubos 20 Kistli Cigares - Tabakversand.ch | Alles aus der Welt des Tabaks\",\"isPartOf\":{\"@id\":\"https:\/\/www.tabakversand.ch\/#website\"},\"primaryImageOfPage\":{\"@id\":\"https:\/\/www.tabakversand.ch\/fr\/produit\/camacho-ecuador-robusto-tubos-20er-kistli-cigares\/#primaryimage\"},\"image\":{\"@id\":\"https:\/\/www.tabakversand.ch\/fr\/produit\/camacho-ecuador-robusto-tubos-20er-kistli-cigares\/#primaryimage\"},\"thumbnailUrl\":\"https:\/\/www.tabakversand.ch\/wp-content\/uploads\/2022\/03\/camacho-ecuador-robusto-tubos-20-box.jpg\",\"datePublished\":\"2022-04-02T09:28:19+00:00\",\"dateModified\":\"2025-01-23T12:34:23+00:00\",\"description\":\"Camacho Ecuador Robusto Tubos 20 cigares en bo\u00eete | Le plus grand choix de produits du tabac en Suisse | Toutes les cartes accept\u00e9es !\",\"breadcrumb\":{\"@id\":\"https:\/\/www.tabakversand.ch\/fr\/produit\/camacho-ecuador-robusto-tubos-20er-kistli-cigares\/#breadcrumb\"},\"inLanguage\":\"fr-FR\",\"potentialAction\":[{\"@type\":\"ReadAction\",\"target\":[\"https:\/\/www.tabakversand.ch\/fr\/produit\/camacho-ecuador-robusto-tubos-20er-kistli-cigares\/\"]}]},{\"@type\":\"ImageObject\",\"inLanguage\":\"fr-FR\",\"@id\":\"https:\/\/www.tabakversand.ch\/fr\/produit\/camacho-ecuador-robusto-tubos-20er-kistli-cigares\/#primaryimage\",\"url\":\"https:\/\/www.tabakversand.ch\/wp-content\/uploads\/2022\/03\/camacho-ecuador-robusto-tubos-20-box.jpg\",\"contentUrl\":\"https:\/\/www.tabakversand.ch\/wp-content\/uploads\/2022\/03\/camacho-ecuador-robusto-tubos-20-box.jpg\",\"width\":500,\"height\":269,\"caption\":\"Camacho Ecuador Robusto Tubos 20 Kistli Cigares\"},{\"@type\":\"BreadcrumbList\",\"@id\":\"https:\/\/www.tabakversand.ch\/fr\/produit\/camacho-ecuador-robusto-tubos-20er-kistli-cigares\/#breadcrumb\",\"itemListElement\":[{\"@type\":\"ListItem\",\"position\":1,\"name\":\"Startseite\",\"item\":\"https:\/\/www.tabakversand.ch\/\"},{\"@type\":\"ListItem\",\"position\":2,\"name\":\"Boutique\",\"item\":\"https:\/\/www.tabakversand.ch\/fr\/boutique\/\"},{\"@type\":\"ListItem\",\"position\":3,\"name\":\"Camacho Ecuador Robusto Tubos 20 Kistli Cigares\"}]},{\"@type\":\"WebSite\",\"@id\":\"https:\/\/www.tabakversand.ch\/#website\",\"url\":\"https:\/\/www.tabakversand.ch\/\",\"name\":\"Tabakversand.ch | Alles aus der Welt des Tabaks\",\"description\":\"Smoke and carpe diem\",\"potentialAction\":[{\"@type\":\"SearchAction\",\"target\":{\"@type\":\"EntryPoint\",\"urlTemplate\":\"https:\/\/www.tabakversand.ch\/?s={search_term_string}\"},\"query-input\":{\"@type\":\"PropertyValueSpecification\",\"valueRequired\":true,\"valueName\":\"search_term_string\"}}],\"inLanguage\":\"fr-FR\"}]}<\/script>\n<!-- \/ Yoast SEO plugin. -->","yoast_head_json":{"title":"Camacho Ecuador Robusto Tubos 20 Kistli Cigares - Tabakversand.ch | Alles aus der Welt des Tabaks","description":"Camacho Ecuador Robusto Tubos 20 cigares en bo\u00eete | Le plus grand choix de produits du tabac en Suisse | Toutes les cartes accept\u00e9es !","robots":{"index":"index","follow":"follow","max-snippet":"max-snippet:-1","max-image-preview":"max-image-preview:large","max-video-preview":"max-video-preview:-1"},"canonical":"https:\/\/www.tabakversand.ch\/fr\/produit\/camacho-ecuador-robusto-tubos-20er-kistli-cigares\/","og_locale":"fr_FR","og_type":"article","og_title":"Camacho Ecuador Robusto Tubos 20 Kistli Cigares - Tabakversand.ch | Alles aus der Welt des Tabaks","og_description":"Camacho Ecuador Robusto Tubos 20 cigares en bo\u00eete | Le plus grand choix de produits du tabac en Suisse | Toutes les cartes accept\u00e9es !","og_url":"https:\/\/www.tabakversand.ch\/fr\/produit\/camacho-ecuador-robusto-tubos-20er-kistli-cigares\/","og_site_name":"Tabakversand.ch | Alles aus der Welt des Tabaks","article_modified_time":"2025-01-23T12:34:23+00:00","og_image":[{"width":500,"height":269,"url":"https:\/\/www.tabakversand.ch\/wp-content\/uploads\/2022\/03\/camacho-ecuador-robusto-tubos-20-box.jpg","type":"image\/jpeg"}],"twitter_card":"summary_large_image","twitter_misc":{"Dur\u00e9e de lecture estim\u00e9e":"2 minutes"},"schema":{"@context":"https:\/\/schema.org","@graph":[{"@type":"WebPage","@id":"https:\/\/www.tabakversand.ch\/fr\/produit\/camacho-ecuador-robusto-tubos-20er-kistli-cigares\/","url":"https:\/\/www.tabakversand.ch\/fr\/produit\/camacho-ecuador-robusto-tubos-20er-kistli-cigares\/","name":"Camacho Ecuador Robusto Tubos 20 Kistli Cigares - Tabakversand.ch | Alles aus der Welt des Tabaks","isPartOf":{"@id":"https:\/\/www.tabakversand.ch\/#website"},"primaryImageOfPage":{"@id":"https:\/\/www.tabakversand.ch\/fr\/produit\/camacho-ecuador-robusto-tubos-20er-kistli-cigares\/#primaryimage"},"image":{"@id":"https:\/\/www.tabakversand.ch\/fr\/produit\/camacho-ecuador-robusto-tubos-20er-kistli-cigares\/#primaryimage"},"thumbnailUrl":"https:\/\/www.tabakversand.ch\/wp-content\/uploads\/2022\/03\/camacho-ecuador-robusto-tubos-20-box.jpg","datePublished":"2022-04-02T09:28:19+00:00","dateModified":"2025-01-23T12:34:23+00:00","description":"Camacho Ecuador Robusto Tubos 20 cigares en bo\u00eete | Le plus grand choix de produits du tabac en Suisse | Toutes les cartes accept\u00e9es !","breadcrumb":{"@id":"https:\/\/www.tabakversand.ch\/fr\/produit\/camacho-ecuador-robusto-tubos-20er-kistli-cigares\/#breadcrumb"},"inLanguage":"fr-FR","potentialAction":[{"@type":"ReadAction","target":["https:\/\/www.tabakversand.ch\/fr\/produit\/camacho-ecuador-robusto-tubos-20er-kistli-cigares\/"]}]},{"@type":"ImageObject","inLanguage":"fr-FR","@id":"https:\/\/www.tabakversand.ch\/fr\/produit\/camacho-ecuador-robusto-tubos-20er-kistli-cigares\/#primaryimage","url":"https:\/\/www.tabakversand.ch\/wp-content\/uploads\/2022\/03\/camacho-ecuador-robusto-tubos-20-box.jpg","contentUrl":"https:\/\/www.tabakversand.ch\/wp-content\/uploads\/2022\/03\/camacho-ecuador-robusto-tubos-20-box.jpg","width":500,"height":269,"caption":"Camacho Ecuador Robusto Tubos 20 Kistli Cigares"},{"@type":"BreadcrumbList","@id":"https:\/\/www.tabakversand.ch\/fr\/produit\/camacho-ecuador-robusto-tubos-20er-kistli-cigares\/#breadcrumb","itemListElement":[{"@type":"ListItem","position":1,"name":"Startseite","item":"https:\/\/www.tabakversand.ch\/"},{"@type":"ListItem","position":2,"name":"Boutique","item":"https:\/\/www.tabakversand.ch\/fr\/boutique\/"},{"@type":"ListItem","position":3,"name":"Camacho Ecuador Robusto Tubos 20 Kistli Cigares"}]},{"@type":"WebSite","@id":"https:\/\/www.tabakversand.ch\/#website","url":"https:\/\/www.tabakversand.ch\/","name":"Tabakversand.ch | Alles aus der Welt des Tabaks","description":"Smoke and carpe diem","potentialAction":[{"@type":"SearchAction","target":{"@type":"EntryPoint","urlTemplate":"https:\/\/www.tabakversand.ch\/?s={search_term_string}"},"query-input":{"@type":"PropertyValueSpecification","valueRequired":true,"valueName":"search_term_string"}}],"inLanguage":"fr-FR"}]}},"_links":{"self":[{"href":"https:\/\/www.tabakversand.ch\/fr\/wp-json\/wp\/v2\/product\/63185","targetHints":{"allow":["GET"]}}],"collection":[{"href":"https:\/\/www.tabakversand.ch\/fr\/wp-json\/wp\/v2\/product"}],"about":[{"href":"https:\/\/www.tabakversand.ch\/fr\/wp-json\/wp\/v2\/types\/product"}],"version-history":[{"count":1,"href":"https:\/\/www.tabakversand.ch\/fr\/wp-json\/wp\/v2\/product\/63185\/revisions"}],"predecessor-version":[{"id":166727,"href":"https:\/\/www.tabakversand.ch\/fr\/wp-json\/wp\/v2\/product\/63185\/revisions\/166727"}],"wp:featuredmedia":[{"embeddable":true,"href":"https:\/\/www.tabakversand.ch\/fr\/wp-json\/wp\/v2\/media\/63186"}],"wp:attachment":[{"href":"https:\/\/www.tabakversand.ch\/fr\/wp-json\/wp\/v2\/media?parent=63185"}],"wp:term":[{"taxonomy":"product_brand","embeddable":true,"href":"https:\/\/www.tabakversand.ch\/fr\/wp-json\/wp\/v2\/product_brand?post=63185"},{"taxonomy":"product_cat","embeddable":true,"href":"https:\/\/www.tabakversand.ch\/fr\/wp-json\/wp\/v2\/product_cat?post=63185"},{"taxonomy":"product_tag","embeddable":true,"href":"https:\/\/www.tabakversand.ch\/fr\/wp-json\/wp\/v2\/product_tag?post=63185"}],"curies":[{"name":"wp","href":"https:\/\/api.w.org\/{rel}","templated":true}]}}