{"id":63303,"date":"2022-04-02T11:28:04","date_gmt":"2022-04-02T09:28:04","guid":{"rendered":"http:\/\/www.tabakversand.ch\/produkt\/adalya-pasteque-200-gr-shishatabak\/"},"modified":"2026-03-05T14:55:56","modified_gmt":"2026-03-05T13:55:56","slug":"adalya-pasteque-200-gr-shishatabak","status":"publish","type":"product","link":"https:\/\/www.tabakversand.ch\/fr\/produit\/adalya-pasteque-200-gr-shishatabak\/","title":{"rendered":"Past\u00e8que Adalya 1 x 200 g."},"content":{"rendered":"<h1>Adalya Past\u00e8que<\/h1>\n<p>Past\u00e8que pour un plaisir intense<\/p>\n<p>Avec le tabac \u00e0 chicha Adalya Past\u00e8que, savourez pleinement l&rsquo;ar\u00f4me juteux d&rsquo;une past\u00e8que lors de votre session de chicha. Ses notes fruit\u00e9es vous garantissent une exp\u00e9rience rafra\u00eechissante et harmonieuse qui ravira aussi bien les d\u00e9butants que les fumeurs de chicha confirm\u00e9s. <\/p>\n<p>Son ar\u00f4me de past\u00e8que subtilement \u00e9quilibr\u00e9 fait de ce tabac le choix id\u00e9al pour des soir\u00e9es chaleureuses entre amis ou des moments de d\u00e9tente en solitaire. Le traitement de haute qualit\u00e9 du tabac Virginie d&rsquo;Adalya Tobacco garantit une fum\u00e9e dense et un ar\u00f4me pr\u00e9serv\u00e9 durablement. <\/p>\n<p>1 x 200 g<\/p>\n<p>Chez tabakversand.ch, vous recevez votre tabac \u00e0 chicha Adalya Watermelon fra\u00eechement conserv\u00e9 dans son emballage d&rsquo;origine. Un stockage soign\u00e9 garantit une pr\u00e9servation optimale de son ar\u00f4me, de son humidit\u00e9 et de sa qualit\u00e9 jusqu&rsquo;\u00e0 l&rsquo;exp\u00e9dition. Gr\u00e2ce \u00e0 une livraison rapide en Suisse, votre tabac \u00e0 chicha arrive g\u00e9n\u00e9ralement tr\u00e8s vite.  <\/p>\n<p>Pour plus d&rsquo;informations sur les narguil\u00e9s\/pipes \u00e0 eau, veuillez consulter l&rsquo;article Wikip\u00e9dia correspondant&nbsp;: <a href=\"https:\/\/de.wikipedia.org\/wiki\/Shisha\">cliquez ici<\/a> . Si vous avez des questions concernant le produit, n&rsquo;h\u00e9sitez pas \u00e0 nous contacter&nbsp;: <a href=\"https:\/\/www.tabakversand.ch\/kontakt\/\">cliquez ici<\/a> . <\/p>\n<p>Tous les prix s&rsquo;appliquent uniquement aux commandes en ligne et incluent la TVA. Sous r\u00e9serve de modifications sans pr\u00e9avis, frais de livraison en sus. Sous r\u00e9serve d&rsquo;erreurs, de modifications de contenu de livraison et de conception, de fautes d&rsquo;impression et de modifications de prix. Les prix barr\u00e9s sont des prix de remplacement. Les illustrations peuvent diff\u00e9rer de l&rsquo;original\/du contenu de livraison.<br \/>\n*Livraison gratuite pour les commandes sup\u00e9rieures \u00e0 CHF 250.-.<\/p>\n","protected":false},"excerpt":{"rendered":"<p>Adalya Past\u00e8que Past\u00e8que pour un plaisir intense Avec le tabac \u00e0 chicha Adalya Past\u00e8que, savourez pleinement l&rsquo;ar\u00f4me juteux d&rsquo;une past\u00e8que lors de votre session de chicha. Ses notes fruit\u00e9es vous garantissent une exp\u00e9rience rafra\u00eechissante et harmonieuse qui ravira aussi bien les d\u00e9butants que les fumeurs de chicha confirm\u00e9s. Son ar\u00f4me de past\u00e8que subtilement \u00e9quilibr\u00e9 fait [&hellip;]<\/p>\n","protected":false},"featured_media":132545,"template":"","meta":[],"product_brand":[1793],"product_cat":[2080,2077,1995,1891,3208,1880,1888,1883],"product_tag":[],"class_list":{"0":"post-63303","1":"product","2":"type-product","3":"status-publish","4":"has-post-thumbnail","6":"product_brand-adalya-tobacco","7":"product_cat-adalya-fr","8":"product_cat-adalya-shishatabak-fr","9":"product_cat-divers-headshop","10":"product_cat-narguile","11":"product_cat-offres","12":"product_cat-shishatabak-fr","13":"product_cat-tabac","14":"product_cat-tabac-de-narguile-tabac-de-narguile","16":"first","17":"instock","18":"sale","19":"purchasable","20":"product-type-simple"},"yoast_head":"<!-- This site is optimized with the Yoast SEO plugin v27.5 - https:\/\/yoast.com\/product\/yoast-seo-wordpress\/ -->\n<title>Past\u00e8que Adalya 1 x 200 g. - tabakversan.ch<\/title>\n<meta name=\"description\" content=\"Past\u00e8que Adalya 1 x 200 g. Tabac \u00e0 chicha au go\u00fbt fruit\u00e9 de past\u00e8que pour des sessions de chicha rafra\u00eechissantes. Tabac Virginie de haute qualit\u00e9.\" \/>\n<meta name=\"robots\" content=\"index, follow, max-snippet:-1, max-image-preview:large, max-video-preview:-1\" \/>\n<link rel=\"canonical\" href=\"https:\/\/www.tabakversand.ch\/fr\/produit\/adalya-pasteque-200-gr-shishatabak\/\" \/>\n<meta property=\"og:locale\" content=\"fr_FR\" \/>\n<meta property=\"og:type\" content=\"article\" \/>\n<meta property=\"og:title\" content=\"Past\u00e8que Adalya 1 x 200 g. - tabakversan.ch\" \/>\n<meta property=\"og:description\" content=\"Past\u00e8que Adalya 1 x 200 g. Tabac \u00e0 chicha au go\u00fbt fruit\u00e9 de past\u00e8que pour des sessions de chicha rafra\u00eechissantes. Tabac Virginie de haute qualit\u00e9.\" \/>\n<meta property=\"og:url\" content=\"https:\/\/www.tabakversand.ch\/fr\/produit\/adalya-pasteque-200-gr-shishatabak\/\" \/>\n<meta property=\"og:site_name\" content=\"Tabakversand.ch | Alles aus der Welt des Tabaks\" \/>\n<meta property=\"article:modified_time\" content=\"2026-03-05T13:55:56+00:00\" \/>\n<meta property=\"og:image\" content=\"https:\/\/www.tabakversand.ch\/wp-content\/uploads\/2022\/04\/adalya-watermelon-200_.jpg\" \/>\n\t<meta property=\"og:image:width\" content=\"500\" \/>\n\t<meta property=\"og:image:height\" content=\"500\" \/>\n\t<meta property=\"og:image:type\" content=\"image\/jpeg\" \/>\n<meta name=\"twitter:card\" content=\"summary_large_image\" \/>\n<meta name=\"twitter:label1\" content=\"Dur\u00e9e de lecture estim\u00e9e\" \/>\n\t<meta name=\"twitter:data1\" content=\"1 minute\" \/>\n<script type=\"application\/ld+json\" class=\"yoast-schema-graph\">{\"@context\":\"https:\\\/\\\/schema.org\",\"@graph\":[{\"@type\":\"WebPage\",\"@id\":\"https:\\\/\\\/www.tabakversand.ch\\\/fr\\\/produit\\\/adalya-pasteque-200-gr-shishatabak\\\/\",\"url\":\"https:\\\/\\\/www.tabakversand.ch\\\/fr\\\/produit\\\/adalya-pasteque-200-gr-shishatabak\\\/\",\"name\":\"Past\u00e8que Adalya 1 x 200 g. - tabakversan.ch\",\"isPartOf\":{\"@id\":\"https:\\\/\\\/www.tabakversand.ch\\\/#website\"},\"primaryImageOfPage\":{\"@id\":\"https:\\\/\\\/www.tabakversand.ch\\\/fr\\\/produit\\\/adalya-pasteque-200-gr-shishatabak\\\/#primaryimage\"},\"image\":{\"@id\":\"https:\\\/\\\/www.tabakversand.ch\\\/fr\\\/produit\\\/adalya-pasteque-200-gr-shishatabak\\\/#primaryimage\"},\"thumbnailUrl\":\"https:\\\/\\\/www.tabakversand.ch\\\/wp-content\\\/uploads\\\/2022\\\/04\\\/adalya-watermelon-200_.jpg\",\"datePublished\":\"2022-04-02T09:28:04+00:00\",\"dateModified\":\"2026-03-05T13:55:56+00:00\",\"description\":\"Past\u00e8que Adalya 1 x 200 g. Tabac \u00e0 chicha au go\u00fbt fruit\u00e9 de past\u00e8que pour des sessions de chicha rafra\u00eechissantes. Tabac Virginie de haute qualit\u00e9.\",\"breadcrumb\":{\"@id\":\"https:\\\/\\\/www.tabakversand.ch\\\/fr\\\/produit\\\/adalya-pasteque-200-gr-shishatabak\\\/#breadcrumb\"},\"inLanguage\":\"fr-FR\",\"potentialAction\":[{\"@type\":\"ReadAction\",\"target\":[\"https:\\\/\\\/www.tabakversand.ch\\\/fr\\\/produit\\\/adalya-pasteque-200-gr-shishatabak\\\/\"]}]},{\"@type\":\"ImageObject\",\"inLanguage\":\"fr-FR\",\"@id\":\"https:\\\/\\\/www.tabakversand.ch\\\/fr\\\/produit\\\/adalya-pasteque-200-gr-shishatabak\\\/#primaryimage\",\"url\":\"https:\\\/\\\/www.tabakversand.ch\\\/wp-content\\\/uploads\\\/2022\\\/04\\\/adalya-watermelon-200_.jpg\",\"contentUrl\":\"https:\\\/\\\/www.tabakversand.ch\\\/wp-content\\\/uploads\\\/2022\\\/04\\\/adalya-watermelon-200_.jpg\",\"width\":500,\"height\":500,\"caption\":\"Adalya Past\u00e8que 200 gr. Tabac \u00e0 chicha | Tabakversand.ch\"},{\"@type\":\"BreadcrumbList\",\"@id\":\"https:\\\/\\\/www.tabakversand.ch\\\/fr\\\/produit\\\/adalya-pasteque-200-gr-shishatabak\\\/#breadcrumb\",\"itemListElement\":[{\"@type\":\"ListItem\",\"position\":1,\"name\":\"Startseite\",\"item\":\"https:\\\/\\\/www.tabakversand.ch\\\/\"},{\"@type\":\"ListItem\",\"position\":2,\"name\":\"Boutique\",\"item\":\"https:\\\/\\\/www.tabakversand.ch\\\/fr\\\/boutique\\\/\"},{\"@type\":\"ListItem\",\"position\":3,\"name\":\"Past\u00e8que Adalya 1 x 200 g.\"}]},{\"@type\":\"WebSite\",\"@id\":\"https:\\\/\\\/www.tabakversand.ch\\\/#website\",\"url\":\"https:\\\/\\\/www.tabakversand.ch\\\/\",\"name\":\"Tabakversand.ch | Alles aus der Welt des Tabaks\",\"description\":\"Smoke and carpe diem\",\"potentialAction\":[{\"@type\":\"SearchAction\",\"target\":{\"@type\":\"EntryPoint\",\"urlTemplate\":\"https:\\\/\\\/www.tabakversand.ch\\\/?s={search_term_string}\"},\"query-input\":{\"@type\":\"PropertyValueSpecification\",\"valueRequired\":true,\"valueName\":\"search_term_string\"}}],\"inLanguage\":\"fr-FR\"}]}<\/script>\n<!-- \/ Yoast SEO plugin. -->","yoast_head_json":{"title":"Past\u00e8que Adalya 1 x 200 g. - tabakversan.ch","description":"Past\u00e8que Adalya 1 x 200 g. Tabac \u00e0 chicha au go\u00fbt fruit\u00e9 de past\u00e8que pour des sessions de chicha rafra\u00eechissantes. Tabac Virginie de haute qualit\u00e9.","robots":{"index":"index","follow":"follow","max-snippet":"max-snippet:-1","max-image-preview":"max-image-preview:large","max-video-preview":"max-video-preview:-1"},"canonical":"https:\/\/www.tabakversand.ch\/fr\/produit\/adalya-pasteque-200-gr-shishatabak\/","og_locale":"fr_FR","og_type":"article","og_title":"Past\u00e8que Adalya 1 x 200 g. - tabakversan.ch","og_description":"Past\u00e8que Adalya 1 x 200 g. Tabac \u00e0 chicha au go\u00fbt fruit\u00e9 de past\u00e8que pour des sessions de chicha rafra\u00eechissantes. Tabac Virginie de haute qualit\u00e9.","og_url":"https:\/\/www.tabakversand.ch\/fr\/produit\/adalya-pasteque-200-gr-shishatabak\/","og_site_name":"Tabakversand.ch | Alles aus der Welt des Tabaks","article_modified_time":"2026-03-05T13:55:56+00:00","og_image":[{"width":500,"height":500,"url":"https:\/\/www.tabakversand.ch\/wp-content\/uploads\/2022\/04\/adalya-watermelon-200_.jpg","type":"image\/jpeg"}],"twitter_card":"summary_large_image","twitter_misc":{"Dur\u00e9e de lecture estim\u00e9e":"1 minute"},"schema":{"@context":"https:\/\/schema.org","@graph":[{"@type":"WebPage","@id":"https:\/\/www.tabakversand.ch\/fr\/produit\/adalya-pasteque-200-gr-shishatabak\/","url":"https:\/\/www.tabakversand.ch\/fr\/produit\/adalya-pasteque-200-gr-shishatabak\/","name":"Past\u00e8que Adalya 1 x 200 g. - tabakversan.ch","isPartOf":{"@id":"https:\/\/www.tabakversand.ch\/#website"},"primaryImageOfPage":{"@id":"https:\/\/www.tabakversand.ch\/fr\/produit\/adalya-pasteque-200-gr-shishatabak\/#primaryimage"},"image":{"@id":"https:\/\/www.tabakversand.ch\/fr\/produit\/adalya-pasteque-200-gr-shishatabak\/#primaryimage"},"thumbnailUrl":"https:\/\/www.tabakversand.ch\/wp-content\/uploads\/2022\/04\/adalya-watermelon-200_.jpg","datePublished":"2022-04-02T09:28:04+00:00","dateModified":"2026-03-05T13:55:56+00:00","description":"Past\u00e8que Adalya 1 x 200 g. Tabac \u00e0 chicha au go\u00fbt fruit\u00e9 de past\u00e8que pour des sessions de chicha rafra\u00eechissantes. Tabac Virginie de haute qualit\u00e9.","breadcrumb":{"@id":"https:\/\/www.tabakversand.ch\/fr\/produit\/adalya-pasteque-200-gr-shishatabak\/#breadcrumb"},"inLanguage":"fr-FR","potentialAction":[{"@type":"ReadAction","target":["https:\/\/www.tabakversand.ch\/fr\/produit\/adalya-pasteque-200-gr-shishatabak\/"]}]},{"@type":"ImageObject","inLanguage":"fr-FR","@id":"https:\/\/www.tabakversand.ch\/fr\/produit\/adalya-pasteque-200-gr-shishatabak\/#primaryimage","url":"https:\/\/www.tabakversand.ch\/wp-content\/uploads\/2022\/04\/adalya-watermelon-200_.jpg","contentUrl":"https:\/\/www.tabakversand.ch\/wp-content\/uploads\/2022\/04\/adalya-watermelon-200_.jpg","width":500,"height":500,"caption":"Adalya Past\u00e8que 200 gr. Tabac \u00e0 chicha | Tabakversand.ch"},{"@type":"BreadcrumbList","@id":"https:\/\/www.tabakversand.ch\/fr\/produit\/adalya-pasteque-200-gr-shishatabak\/#breadcrumb","itemListElement":[{"@type":"ListItem","position":1,"name":"Startseite","item":"https:\/\/www.tabakversand.ch\/"},{"@type":"ListItem","position":2,"name":"Boutique","item":"https:\/\/www.tabakversand.ch\/fr\/boutique\/"},{"@type":"ListItem","position":3,"name":"Past\u00e8que Adalya 1 x 200 g."}]},{"@type":"WebSite","@id":"https:\/\/www.tabakversand.ch\/#website","url":"https:\/\/www.tabakversand.ch\/","name":"Tabakversand.ch | Alles aus der Welt des Tabaks","description":"Smoke and carpe diem","potentialAction":[{"@type":"SearchAction","target":{"@type":"EntryPoint","urlTemplate":"https:\/\/www.tabakversand.ch\/?s={search_term_string}"},"query-input":{"@type":"PropertyValueSpecification","valueRequired":true,"valueName":"search_term_string"}}],"inLanguage":"fr-FR"}]}},"_links":{"self":[{"href":"https:\/\/www.tabakversand.ch\/fr\/wp-json\/wp\/v2\/product\/63303","targetHints":{"allow":["GET"]}}],"collection":[{"href":"https:\/\/www.tabakversand.ch\/fr\/wp-json\/wp\/v2\/product"}],"about":[{"href":"https:\/\/www.tabakversand.ch\/fr\/wp-json\/wp\/v2\/types\/product"}],"version-history":[{"count":4,"href":"https:\/\/www.tabakversand.ch\/fr\/wp-json\/wp\/v2\/product\/63303\/revisions"}],"predecessor-version":[{"id":214257,"href":"https:\/\/www.tabakversand.ch\/fr\/wp-json\/wp\/v2\/product\/63303\/revisions\/214257"}],"wp:featuredmedia":[{"embeddable":true,"href":"https:\/\/www.tabakversand.ch\/fr\/wp-json\/wp\/v2\/media\/132545"}],"wp:attachment":[{"href":"https:\/\/www.tabakversand.ch\/fr\/wp-json\/wp\/v2\/media?parent=63303"}],"wp:term":[{"taxonomy":"product_brand","embeddable":true,"href":"https:\/\/www.tabakversand.ch\/fr\/wp-json\/wp\/v2\/product_brand?post=63303"},{"taxonomy":"product_cat","embeddable":true,"href":"https:\/\/www.tabakversand.ch\/fr\/wp-json\/wp\/v2\/product_cat?post=63303"},{"taxonomy":"product_tag","embeddable":true,"href":"https:\/\/www.tabakversand.ch\/fr\/wp-json\/wp\/v2\/product_tag?post=63303"}],"curies":[{"name":"wp","href":"https:\/\/api.w.org\/{rel}","templated":true}]}}