{"id":63875,"date":"2022-04-02T11:25:02","date_gmt":"2022-04-02T09:25:02","guid":{"rendered":"http:\/\/www.tabakversand.ch\/produkt\/xikar-cutter-xi3-gauche-54-damas-argent\/"},"modified":"2026-04-08T16:24:27","modified_gmt":"2026-04-08T14:24:27","slug":"xikar-cutter-xi3-gauche-54-damascus-argent","status":"publish","type":"product","link":"https:\/\/www.tabakversand.ch\/fr\/produit\/xikar-cutter-xi3-gauche-54-damascus-argent\/","title":{"rendered":"Xikar Cutter Xi3 Gauche 54 Damas Argent"},"content":{"rendered":"<h1>Xikar Cutter Xi3 Damas<\/h1>\n<h2>Gauche 54 Silver\u00c9dition limit\u00e9e&nbsp;<\/h2>\n<p>  Cette \u00e9dition limit\u00e9e de fraises est destin\u00e9e au collectionneur ultime.  &nbsp;Sur le XI3 Damascus, le bo\u00eetier et les ailes en acier inoxydable sont combin\u00e9s avec des lames en acier inoxydable forg\u00e9es \u00e0 la main du c\u00e9l\u00e8bre Mike Norris avec le motif Damascus.<br \/>  Coupes cigares Jauge 54<br \/>  &nbsp;<br \/>Tous les prix s&rsquo;appliquent uniquement aux commandes en ligne et incluent la TVA. Sous r\u00e9serve de modifications sans pr\u00e9avis, frais de livraison en sus. Sous r\u00e9serve d&rsquo;erreurs, de modifications de contenu de livraison et de conception, de fautes d&rsquo;impression et de modifications de prix. Les prix barr\u00e9s sont des prix de remplacement. Les illustrations peuvent diff\u00e9rer de l&rsquo;original\/du contenu de livraison.<br \/>\n*Livraison gratuite pour les commandes sup\u00e9rieures \u00e0 CHF 250.-.<\/p>\n","protected":false},"excerpt":{"rendered":"<p>Xikar Cutter Xi3 Damas Gauche 54 Silver\u00c9dition limit\u00e9e&nbsp; Cette \u00e9dition limit\u00e9e de fraises est destin\u00e9e au collectionneur ultime. &nbsp;Sur le XI3 Damascus, le bo\u00eetier et les ailes en acier inoxydable sont combin\u00e9s avec des lames en acier inoxydable forg\u00e9es \u00e0 la main du c\u00e9l\u00e8bre Mike Norris avec le motif Damascus. Coupes cigares Jauge 54 &nbsp;Tous [&hellip;]<\/p>\n","protected":false},"featured_media":63879,"template":"","meta":[],"product_brand":[1703],"product_cat":[2119,2118,3329,1994],"product_tag":[],"class_list":{"0":"post-63875","1":"product","2":"type-product","3":"status-publish","4":"has-post-thumbnail","6":"product_brand-xikar-raucherbedarf","7":"product_cat-accessoires-pour-cigares","8":"product_cat-coupe-cigares","9":"product_cat-coupe-lame-a-double-lame","10":"product_cat-monde-du-cigare","12":"first","13":"onbackorder","14":"purchasable","15":"product-type-simple"},"yoast_head":"<!-- This site is optimized with the Yoast SEO plugin v27.5 - https:\/\/yoast.com\/product\/yoast-seo-wordpress\/ -->\n<title>Xikar Cutter Xi3 Gauche 54 Damas Argent - Tabakversand.ch | Alles aus der Welt des Tabaks<\/title>\n<meta name=\"description\" content=\"Xikar Cutter Xi3 Gauche 54 Damas Argent | La plus grande s\u00e9lection de produits du tabac de Suisse | Toutes les cartes sont accept\u00e9es!\" \/>\n<meta name=\"robots\" content=\"index, follow, max-snippet:-1, max-image-preview:large, max-video-preview:-1\" \/>\n<link rel=\"canonical\" href=\"https:\/\/www.tabakversand.ch\/fr\/produit\/xikar-cutter-xi3-gauche-54-damascus-argent\/\" \/>\n<meta property=\"og:locale\" content=\"fr_FR\" \/>\n<meta property=\"og:type\" content=\"article\" \/>\n<meta property=\"og:title\" content=\"Xikar Cutter Xi3 Gauche 54 Damas Argent - Tabakversand.ch | Alles aus der Welt des Tabaks\" \/>\n<meta property=\"og:description\" content=\"Xikar Cutter Xi3 Gauche 54 Damas Argent | La plus grande s\u00e9lection de produits du tabac de Suisse | Toutes les cartes sont accept\u00e9es!\" \/>\n<meta property=\"og:url\" content=\"https:\/\/www.tabakversand.ch\/fr\/produit\/xikar-cutter-xi3-gauche-54-damascus-argent\/\" \/>\n<meta property=\"og:site_name\" content=\"Tabakversand.ch | Alles aus der Welt des Tabaks\" \/>\n<meta property=\"article:modified_time\" content=\"2026-04-08T14:24:27+00:00\" \/>\n<meta property=\"og:image\" content=\"https:\/\/www.tabakversand.ch\/wp-content\/uploads\/2022\/03\/xikar-cutter-xi3-silver-damascus-302dm.jpg\" \/>\n\t<meta property=\"og:image:width\" content=\"500\" \/>\n\t<meta property=\"og:image:height\" content=\"500\" \/>\n\t<meta property=\"og:image:type\" content=\"image\/jpeg\" \/>\n<meta name=\"twitter:card\" content=\"summary_large_image\" \/>\n<meta name=\"twitter:label1\" content=\"Dur\u00e9e de lecture estim\u00e9e\" \/>\n\t<meta name=\"twitter:data1\" content=\"1 minute\" \/>\n<script type=\"application\/ld+json\" class=\"yoast-schema-graph\">{\"@context\":\"https:\\\/\\\/schema.org\",\"@graph\":[{\"@type\":\"WebPage\",\"@id\":\"https:\\\/\\\/www.tabakversand.ch\\\/fr\\\/produit\\\/xikar-cutter-xi3-gauche-54-damascus-argent\\\/\",\"url\":\"https:\\\/\\\/www.tabakversand.ch\\\/fr\\\/produit\\\/xikar-cutter-xi3-gauche-54-damascus-argent\\\/\",\"name\":\"Xikar Cutter Xi3 Gauche 54 Damas Argent - Tabakversand.ch | Alles aus der Welt des Tabaks\",\"isPartOf\":{\"@id\":\"https:\\\/\\\/www.tabakversand.ch\\\/#website\"},\"primaryImageOfPage\":{\"@id\":\"https:\\\/\\\/www.tabakversand.ch\\\/fr\\\/produit\\\/xikar-cutter-xi3-gauche-54-damascus-argent\\\/#primaryimage\"},\"image\":{\"@id\":\"https:\\\/\\\/www.tabakversand.ch\\\/fr\\\/produit\\\/xikar-cutter-xi3-gauche-54-damascus-argent\\\/#primaryimage\"},\"thumbnailUrl\":\"https:\\\/\\\/www.tabakversand.ch\\\/wp-content\\\/uploads\\\/2022\\\/03\\\/xikar-cutter-xi3-silver-damascus-302dm.jpg\",\"datePublished\":\"2022-04-02T09:25:02+00:00\",\"dateModified\":\"2026-04-08T14:24:27+00:00\",\"description\":\"Xikar Cutter Xi3 Gauche 54 Damas Argent | La plus grande s\u00e9lection de produits du tabac de Suisse | Toutes les cartes sont accept\u00e9es!\",\"breadcrumb\":{\"@id\":\"https:\\\/\\\/www.tabakversand.ch\\\/fr\\\/produit\\\/xikar-cutter-xi3-gauche-54-damascus-argent\\\/#breadcrumb\"},\"inLanguage\":\"fr-FR\",\"potentialAction\":[{\"@type\":\"ReadAction\",\"target\":[\"https:\\\/\\\/www.tabakversand.ch\\\/fr\\\/produit\\\/xikar-cutter-xi3-gauche-54-damascus-argent\\\/\"]}]},{\"@type\":\"ImageObject\",\"inLanguage\":\"fr-FR\",\"@id\":\"https:\\\/\\\/www.tabakversand.ch\\\/fr\\\/produit\\\/xikar-cutter-xi3-gauche-54-damascus-argent\\\/#primaryimage\",\"url\":\"https:\\\/\\\/www.tabakversand.ch\\\/wp-content\\\/uploads\\\/2022\\\/03\\\/xikar-cutter-xi3-silver-damascus-302dm.jpg\",\"contentUrl\":\"https:\\\/\\\/www.tabakversand.ch\\\/wp-content\\\/uploads\\\/2022\\\/03\\\/xikar-cutter-xi3-silver-damascus-302dm.jpg\",\"width\":500,\"height\":500,\"caption\":\"Xikar Cutter Xi3 Gauche 54 Damas Argent\"},{\"@type\":\"BreadcrumbList\",\"@id\":\"https:\\\/\\\/www.tabakversand.ch\\\/fr\\\/produit\\\/xikar-cutter-xi3-gauche-54-damascus-argent\\\/#breadcrumb\",\"itemListElement\":[{\"@type\":\"ListItem\",\"position\":1,\"name\":\"Startseite\",\"item\":\"https:\\\/\\\/www.tabakversand.ch\\\/\"},{\"@type\":\"ListItem\",\"position\":2,\"name\":\"Boutique\",\"item\":\"https:\\\/\\\/www.tabakversand.ch\\\/fr\\\/boutique\\\/\"},{\"@type\":\"ListItem\",\"position\":3,\"name\":\"Xikar Cutter Xi3 Gauche 54 Damas Argent\"}]},{\"@type\":\"WebSite\",\"@id\":\"https:\\\/\\\/www.tabakversand.ch\\\/#website\",\"url\":\"https:\\\/\\\/www.tabakversand.ch\\\/\",\"name\":\"Tabakversand.ch | Alles aus der Welt des Tabaks\",\"description\":\"Smoke and carpe diem\",\"potentialAction\":[{\"@type\":\"SearchAction\",\"target\":{\"@type\":\"EntryPoint\",\"urlTemplate\":\"https:\\\/\\\/www.tabakversand.ch\\\/?s={search_term_string}\"},\"query-input\":{\"@type\":\"PropertyValueSpecification\",\"valueRequired\":true,\"valueName\":\"search_term_string\"}}],\"inLanguage\":\"fr-FR\"}]}<\/script>\n<!-- \/ Yoast SEO plugin. -->","yoast_head_json":{"title":"Xikar Cutter Xi3 Gauche 54 Damas Argent - Tabakversand.ch | Alles aus der Welt des Tabaks","description":"Xikar Cutter Xi3 Gauche 54 Damas Argent | La plus grande s\u00e9lection de produits du tabac de Suisse | Toutes les cartes sont accept\u00e9es!","robots":{"index":"index","follow":"follow","max-snippet":"max-snippet:-1","max-image-preview":"max-image-preview:large","max-video-preview":"max-video-preview:-1"},"canonical":"https:\/\/www.tabakversand.ch\/fr\/produit\/xikar-cutter-xi3-gauche-54-damascus-argent\/","og_locale":"fr_FR","og_type":"article","og_title":"Xikar Cutter Xi3 Gauche 54 Damas Argent - Tabakversand.ch | Alles aus der Welt des Tabaks","og_description":"Xikar Cutter Xi3 Gauche 54 Damas Argent | La plus grande s\u00e9lection de produits du tabac de Suisse | Toutes les cartes sont accept\u00e9es!","og_url":"https:\/\/www.tabakversand.ch\/fr\/produit\/xikar-cutter-xi3-gauche-54-damascus-argent\/","og_site_name":"Tabakversand.ch | Alles aus der Welt des Tabaks","article_modified_time":"2026-04-08T14:24:27+00:00","og_image":[{"width":500,"height":500,"url":"https:\/\/www.tabakversand.ch\/wp-content\/uploads\/2022\/03\/xikar-cutter-xi3-silver-damascus-302dm.jpg","type":"image\/jpeg"}],"twitter_card":"summary_large_image","twitter_misc":{"Dur\u00e9e de lecture estim\u00e9e":"1 minute"},"schema":{"@context":"https:\/\/schema.org","@graph":[{"@type":"WebPage","@id":"https:\/\/www.tabakversand.ch\/fr\/produit\/xikar-cutter-xi3-gauche-54-damascus-argent\/","url":"https:\/\/www.tabakversand.ch\/fr\/produit\/xikar-cutter-xi3-gauche-54-damascus-argent\/","name":"Xikar Cutter Xi3 Gauche 54 Damas Argent - Tabakversand.ch | Alles aus der Welt des Tabaks","isPartOf":{"@id":"https:\/\/www.tabakversand.ch\/#website"},"primaryImageOfPage":{"@id":"https:\/\/www.tabakversand.ch\/fr\/produit\/xikar-cutter-xi3-gauche-54-damascus-argent\/#primaryimage"},"image":{"@id":"https:\/\/www.tabakversand.ch\/fr\/produit\/xikar-cutter-xi3-gauche-54-damascus-argent\/#primaryimage"},"thumbnailUrl":"https:\/\/www.tabakversand.ch\/wp-content\/uploads\/2022\/03\/xikar-cutter-xi3-silver-damascus-302dm.jpg","datePublished":"2022-04-02T09:25:02+00:00","dateModified":"2026-04-08T14:24:27+00:00","description":"Xikar Cutter Xi3 Gauche 54 Damas Argent | La plus grande s\u00e9lection de produits du tabac de Suisse | Toutes les cartes sont accept\u00e9es!","breadcrumb":{"@id":"https:\/\/www.tabakversand.ch\/fr\/produit\/xikar-cutter-xi3-gauche-54-damascus-argent\/#breadcrumb"},"inLanguage":"fr-FR","potentialAction":[{"@type":"ReadAction","target":["https:\/\/www.tabakversand.ch\/fr\/produit\/xikar-cutter-xi3-gauche-54-damascus-argent\/"]}]},{"@type":"ImageObject","inLanguage":"fr-FR","@id":"https:\/\/www.tabakversand.ch\/fr\/produit\/xikar-cutter-xi3-gauche-54-damascus-argent\/#primaryimage","url":"https:\/\/www.tabakversand.ch\/wp-content\/uploads\/2022\/03\/xikar-cutter-xi3-silver-damascus-302dm.jpg","contentUrl":"https:\/\/www.tabakversand.ch\/wp-content\/uploads\/2022\/03\/xikar-cutter-xi3-silver-damascus-302dm.jpg","width":500,"height":500,"caption":"Xikar Cutter Xi3 Gauche 54 Damas Argent"},{"@type":"BreadcrumbList","@id":"https:\/\/www.tabakversand.ch\/fr\/produit\/xikar-cutter-xi3-gauche-54-damascus-argent\/#breadcrumb","itemListElement":[{"@type":"ListItem","position":1,"name":"Startseite","item":"https:\/\/www.tabakversand.ch\/"},{"@type":"ListItem","position":2,"name":"Boutique","item":"https:\/\/www.tabakversand.ch\/fr\/boutique\/"},{"@type":"ListItem","position":3,"name":"Xikar Cutter Xi3 Gauche 54 Damas Argent"}]},{"@type":"WebSite","@id":"https:\/\/www.tabakversand.ch\/#website","url":"https:\/\/www.tabakversand.ch\/","name":"Tabakversand.ch | Alles aus der Welt des Tabaks","description":"Smoke and carpe diem","potentialAction":[{"@type":"SearchAction","target":{"@type":"EntryPoint","urlTemplate":"https:\/\/www.tabakversand.ch\/?s={search_term_string}"},"query-input":{"@type":"PropertyValueSpecification","valueRequired":true,"valueName":"search_term_string"}}],"inLanguage":"fr-FR"}]}},"_links":{"self":[{"href":"https:\/\/www.tabakversand.ch\/fr\/wp-json\/wp\/v2\/product\/63875","targetHints":{"allow":["GET"]}}],"collection":[{"href":"https:\/\/www.tabakversand.ch\/fr\/wp-json\/wp\/v2\/product"}],"about":[{"href":"https:\/\/www.tabakversand.ch\/fr\/wp-json\/wp\/v2\/types\/product"}],"version-history":[{"count":2,"href":"https:\/\/www.tabakversand.ch\/fr\/wp-json\/wp\/v2\/product\/63875\/revisions"}],"predecessor-version":[{"id":217475,"href":"https:\/\/www.tabakversand.ch\/fr\/wp-json\/wp\/v2\/product\/63875\/revisions\/217475"}],"wp:featuredmedia":[{"embeddable":true,"href":"https:\/\/www.tabakversand.ch\/fr\/wp-json\/wp\/v2\/media\/63879"}],"wp:attachment":[{"href":"https:\/\/www.tabakversand.ch\/fr\/wp-json\/wp\/v2\/media?parent=63875"}],"wp:term":[{"taxonomy":"product_brand","embeddable":true,"href":"https:\/\/www.tabakversand.ch\/fr\/wp-json\/wp\/v2\/product_brand?post=63875"},{"taxonomy":"product_cat","embeddable":true,"href":"https:\/\/www.tabakversand.ch\/fr\/wp-json\/wp\/v2\/product_cat?post=63875"},{"taxonomy":"product_tag","embeddable":true,"href":"https:\/\/www.tabakversand.ch\/fr\/wp-json\/wp\/v2\/product_tag?post=63875"}],"curies":[{"name":"wp","href":"https:\/\/api.w.org\/{rel}","templated":true}]}}