{"id":63989,"date":"2022-04-02T11:25:02","date_gmt":"2022-04-02T09:25:02","guid":{"rendered":"http:\/\/www.tabakversand.ch\/produkt\/wellauer-irish-oak-tabac-a-pipe-50-gr\/"},"modified":"2026-04-16T07:18:30","modified_gmt":"2026-04-16T05:18:30","slug":"wellauer-irish-oak-pipe-tobacco-50-gr","status":"publish","type":"product","link":"https:\/\/www.tabakversand.ch\/fr\/produit\/wellauer-irish-oak-pipe-tobacco-50-gr\/","title":{"rendered":"Wellauer Irish Oak tabac \u00e0 pipe 50 gr."},"content":{"rendered":"<p>Wellauer Irish Oak tabac \u00e0 pipe 50 gr.<\/p>\n<p>5 canettes<\/p>\n<p>Un m\u00e9lange de Cavendish riche, sombre, lourd et cors\u00e9. L\u2019ajout de Zimbabwe Orange Smoking Grades et d\u2019aromatique Thailand Burley rend ce tabac particuli\u00e8rement doux. La composition m\u00fbrit avec le tabac Black Perique Blend de Louisiana Bajou. Comme le veut la tradition, les feuilles de tabac sont stock\u00e9es et vieillies dans des f\u00fbts de ch\u00eane de X\u00e9r\u00e8s pendant de nombreuses ann\u00e9es pour donner un ar\u00f4me de ch\u00eane exquis.<br \/>\n Tous les prix s&rsquo;appliquent uniquement aux commandes en ligne et incluent la TVA. TVA, sous r\u00e9serve de modifications plus Exp\u00e9dition. Sous r\u00e9serve d&rsquo;erreurs, de modifications de l&rsquo;\u00e9tendue de la livraison et de la conception, d&rsquo;erreurs d&rsquo;impression et de modifications de prix. Les prix barr\u00e9s sont plut\u00f4t des prix. L&rsquo;illustration peut diff\u00e9rer de l&rsquo;original\/de l&rsquo;\u00e9tendue de la livraison.<br \/>\n*Livraison gratuite pour les commandes sup\u00e9rieures \u00e0 CHF 250.-.<\/p>\n","protected":false},"excerpt":{"rendered":"<p>Wellauer Irish Oak tabac \u00e0 pipe 50 gr. 5 canettes Un m\u00e9lange de Cavendish riche, sombre, lourd et cors\u00e9. L\u2019ajout de Zimbabwe Orange Smoking Grades et d\u2019aromatique Thailand Burley rend ce tabac particuli\u00e8rement doux. La composition m\u00fbrit avec le tabac Black Perique Blend de Louisiana Bajou. Comme le veut la tradition, les feuilles de tabac [&hellip;]<\/p>\n","protected":false},"featured_media":63996,"template":"","meta":[],"product_brand":[1483],"product_cat":[5814,1949,1888,2040],"product_tag":[],"class_list":{"0":"post-63989","1":"product","2":"type-product","3":"status-publish","4":"has-post-thumbnail","6":"product_brand-wellauer-feinschnitt","7":"product_cat-boites","8":"product_cat-pipe-world-fr","9":"product_cat-tabac","10":"product_cat-tabac-a-pipe-fr","12":"first","13":"onbackorder","14":"purchasable","15":"product-type-simple"},"yoast_head":"<!-- This site is optimized with the Yoast SEO plugin v27.5 - https:\/\/yoast.com\/product\/yoast-seo-wordpress\/ -->\n<title>Wellauer Irish Oak tabac \u00e0 pipe 50 gr. - Tabakversand.ch | Alles aus der Welt des Tabaks<\/title>\n<meta name=\"description\" content=\"Wellauer Irish Oak tabac \u00e0 pipe 50 gr. | Un tr\u00e8s grand choix de produits du tabac, e-smoke et ustensiles pour fumer dans toute la Suisse | Cartes accept\u00e9es !\" \/>\n<meta name=\"robots\" content=\"index, follow, max-snippet:-1, max-image-preview:large, max-video-preview:-1\" \/>\n<link rel=\"canonical\" href=\"https:\/\/www.tabakversand.ch\/fr\/produit\/wellauer-irish-oak-pipe-tobacco-50-gr\/\" \/>\n<meta property=\"og:locale\" content=\"fr_FR\" \/>\n<meta property=\"og:type\" content=\"article\" \/>\n<meta property=\"og:title\" content=\"Wellauer Irish Oak tabac \u00e0 pipe 50 gr. - Tabakversand.ch | Alles aus der Welt des Tabaks\" \/>\n<meta property=\"og:description\" content=\"Wellauer Irish Oak tabac \u00e0 pipe 50 gr. | Un tr\u00e8s grand choix de produits du tabac, e-smoke et ustensiles pour fumer dans toute la Suisse | Cartes accept\u00e9es !\" \/>\n<meta property=\"og:url\" content=\"https:\/\/www.tabakversand.ch\/fr\/produit\/wellauer-irish-oak-pipe-tobacco-50-gr\/\" \/>\n<meta property=\"og:site_name\" content=\"Tabakversand.ch | Alles aus der Welt des Tabaks\" \/>\n<meta property=\"article:modified_time\" content=\"2026-04-16T05:18:30+00:00\" \/>\n<meta property=\"og:image\" content=\"https:\/\/www.tabakversand.ch\/wp-content\/uploads\/2022\/03\/wellauer-irish-oak.jpg\" \/>\n\t<meta property=\"og:image:width\" content=\"500\" \/>\n\t<meta property=\"og:image:height\" content=\"500\" \/>\n\t<meta property=\"og:image:type\" content=\"image\/jpeg\" \/>\n<meta name=\"twitter:card\" content=\"summary_large_image\" \/>\n<meta name=\"twitter:label1\" content=\"Dur\u00e9e de lecture estim\u00e9e\" \/>\n\t<meta name=\"twitter:data1\" content=\"1 minute\" \/>\n<script type=\"application\/ld+json\" class=\"yoast-schema-graph\">{\"@context\":\"https:\\\/\\\/schema.org\",\"@graph\":[{\"@type\":\"WebPage\",\"@id\":\"https:\\\/\\\/www.tabakversand.ch\\\/fr\\\/produit\\\/wellauer-irish-oak-pipe-tobacco-50-gr\\\/\",\"url\":\"https:\\\/\\\/www.tabakversand.ch\\\/fr\\\/produit\\\/wellauer-irish-oak-pipe-tobacco-50-gr\\\/\",\"name\":\"Wellauer Irish Oak tabac \u00e0 pipe 50 gr. - Tabakversand.ch | Alles aus der Welt des Tabaks\",\"isPartOf\":{\"@id\":\"https:\\\/\\\/www.tabakversand.ch\\\/#website\"},\"primaryImageOfPage\":{\"@id\":\"https:\\\/\\\/www.tabakversand.ch\\\/fr\\\/produit\\\/wellauer-irish-oak-pipe-tobacco-50-gr\\\/#primaryimage\"},\"image\":{\"@id\":\"https:\\\/\\\/www.tabakversand.ch\\\/fr\\\/produit\\\/wellauer-irish-oak-pipe-tobacco-50-gr\\\/#primaryimage\"},\"thumbnailUrl\":\"https:\\\/\\\/www.tabakversand.ch\\\/wp-content\\\/uploads\\\/2022\\\/03\\\/wellauer-irish-oak.jpg\",\"datePublished\":\"2022-04-02T09:25:02+00:00\",\"dateModified\":\"2026-04-16T05:18:30+00:00\",\"description\":\"Wellauer Irish Oak tabac \u00e0 pipe 50 gr. | Un tr\u00e8s grand choix de produits du tabac, e-smoke et ustensiles pour fumer dans toute la Suisse | Cartes accept\u00e9es !\",\"breadcrumb\":{\"@id\":\"https:\\\/\\\/www.tabakversand.ch\\\/fr\\\/produit\\\/wellauer-irish-oak-pipe-tobacco-50-gr\\\/#breadcrumb\"},\"inLanguage\":\"fr-FR\",\"potentialAction\":[{\"@type\":\"ReadAction\",\"target\":[\"https:\\\/\\\/www.tabakversand.ch\\\/fr\\\/produit\\\/wellauer-irish-oak-pipe-tobacco-50-gr\\\/\"]}]},{\"@type\":\"ImageObject\",\"inLanguage\":\"fr-FR\",\"@id\":\"https:\\\/\\\/www.tabakversand.ch\\\/fr\\\/produit\\\/wellauer-irish-oak-pipe-tobacco-50-gr\\\/#primaryimage\",\"url\":\"https:\\\/\\\/www.tabakversand.ch\\\/wp-content\\\/uploads\\\/2022\\\/03\\\/wellauer-irish-oak.jpg\",\"contentUrl\":\"https:\\\/\\\/www.tabakversand.ch\\\/wp-content\\\/uploads\\\/2022\\\/03\\\/wellauer-irish-oak.jpg\",\"width\":500,\"height\":500,\"caption\":\"Wellauer Irish Oak tabac \u00e0 pipe 50 gr.\"},{\"@type\":\"BreadcrumbList\",\"@id\":\"https:\\\/\\\/www.tabakversand.ch\\\/fr\\\/produit\\\/wellauer-irish-oak-pipe-tobacco-50-gr\\\/#breadcrumb\",\"itemListElement\":[{\"@type\":\"ListItem\",\"position\":1,\"name\":\"Startseite\",\"item\":\"https:\\\/\\\/www.tabakversand.ch\\\/\"},{\"@type\":\"ListItem\",\"position\":2,\"name\":\"Boutique\",\"item\":\"https:\\\/\\\/www.tabakversand.ch\\\/fr\\\/boutique\\\/\"},{\"@type\":\"ListItem\",\"position\":3,\"name\":\"Wellauer Irish Oak tabac \u00e0 pipe 50 gr.\"}]},{\"@type\":\"WebSite\",\"@id\":\"https:\\\/\\\/www.tabakversand.ch\\\/#website\",\"url\":\"https:\\\/\\\/www.tabakversand.ch\\\/\",\"name\":\"Tabakversand.ch | Alles aus der Welt des Tabaks\",\"description\":\"Smoke and carpe diem\",\"potentialAction\":[{\"@type\":\"SearchAction\",\"target\":{\"@type\":\"EntryPoint\",\"urlTemplate\":\"https:\\\/\\\/www.tabakversand.ch\\\/?s={search_term_string}\"},\"query-input\":{\"@type\":\"PropertyValueSpecification\",\"valueRequired\":true,\"valueName\":\"search_term_string\"}}],\"inLanguage\":\"fr-FR\"}]}<\/script>\n<!-- \/ Yoast SEO plugin. -->","yoast_head_json":{"title":"Wellauer Irish Oak tabac \u00e0 pipe 50 gr. - Tabakversand.ch | Alles aus der Welt des Tabaks","description":"Wellauer Irish Oak tabac \u00e0 pipe 50 gr. | Un tr\u00e8s grand choix de produits du tabac, e-smoke et ustensiles pour fumer dans toute la Suisse | Cartes accept\u00e9es !","robots":{"index":"index","follow":"follow","max-snippet":"max-snippet:-1","max-image-preview":"max-image-preview:large","max-video-preview":"max-video-preview:-1"},"canonical":"https:\/\/www.tabakversand.ch\/fr\/produit\/wellauer-irish-oak-pipe-tobacco-50-gr\/","og_locale":"fr_FR","og_type":"article","og_title":"Wellauer Irish Oak tabac \u00e0 pipe 50 gr. - Tabakversand.ch | Alles aus der Welt des Tabaks","og_description":"Wellauer Irish Oak tabac \u00e0 pipe 50 gr. | Un tr\u00e8s grand choix de produits du tabac, e-smoke et ustensiles pour fumer dans toute la Suisse | Cartes accept\u00e9es !","og_url":"https:\/\/www.tabakversand.ch\/fr\/produit\/wellauer-irish-oak-pipe-tobacco-50-gr\/","og_site_name":"Tabakversand.ch | Alles aus der Welt des Tabaks","article_modified_time":"2026-04-16T05:18:30+00:00","og_image":[{"width":500,"height":500,"url":"https:\/\/www.tabakversand.ch\/wp-content\/uploads\/2022\/03\/wellauer-irish-oak.jpg","type":"image\/jpeg"}],"twitter_card":"summary_large_image","twitter_misc":{"Dur\u00e9e de lecture estim\u00e9e":"1 minute"},"schema":{"@context":"https:\/\/schema.org","@graph":[{"@type":"WebPage","@id":"https:\/\/www.tabakversand.ch\/fr\/produit\/wellauer-irish-oak-pipe-tobacco-50-gr\/","url":"https:\/\/www.tabakversand.ch\/fr\/produit\/wellauer-irish-oak-pipe-tobacco-50-gr\/","name":"Wellauer Irish Oak tabac \u00e0 pipe 50 gr. - Tabakversand.ch | Alles aus der Welt des Tabaks","isPartOf":{"@id":"https:\/\/www.tabakversand.ch\/#website"},"primaryImageOfPage":{"@id":"https:\/\/www.tabakversand.ch\/fr\/produit\/wellauer-irish-oak-pipe-tobacco-50-gr\/#primaryimage"},"image":{"@id":"https:\/\/www.tabakversand.ch\/fr\/produit\/wellauer-irish-oak-pipe-tobacco-50-gr\/#primaryimage"},"thumbnailUrl":"https:\/\/www.tabakversand.ch\/wp-content\/uploads\/2022\/03\/wellauer-irish-oak.jpg","datePublished":"2022-04-02T09:25:02+00:00","dateModified":"2026-04-16T05:18:30+00:00","description":"Wellauer Irish Oak tabac \u00e0 pipe 50 gr. | Un tr\u00e8s grand choix de produits du tabac, e-smoke et ustensiles pour fumer dans toute la Suisse | Cartes accept\u00e9es !","breadcrumb":{"@id":"https:\/\/www.tabakversand.ch\/fr\/produit\/wellauer-irish-oak-pipe-tobacco-50-gr\/#breadcrumb"},"inLanguage":"fr-FR","potentialAction":[{"@type":"ReadAction","target":["https:\/\/www.tabakversand.ch\/fr\/produit\/wellauer-irish-oak-pipe-tobacco-50-gr\/"]}]},{"@type":"ImageObject","inLanguage":"fr-FR","@id":"https:\/\/www.tabakversand.ch\/fr\/produit\/wellauer-irish-oak-pipe-tobacco-50-gr\/#primaryimage","url":"https:\/\/www.tabakversand.ch\/wp-content\/uploads\/2022\/03\/wellauer-irish-oak.jpg","contentUrl":"https:\/\/www.tabakversand.ch\/wp-content\/uploads\/2022\/03\/wellauer-irish-oak.jpg","width":500,"height":500,"caption":"Wellauer Irish Oak tabac \u00e0 pipe 50 gr."},{"@type":"BreadcrumbList","@id":"https:\/\/www.tabakversand.ch\/fr\/produit\/wellauer-irish-oak-pipe-tobacco-50-gr\/#breadcrumb","itemListElement":[{"@type":"ListItem","position":1,"name":"Startseite","item":"https:\/\/www.tabakversand.ch\/"},{"@type":"ListItem","position":2,"name":"Boutique","item":"https:\/\/www.tabakversand.ch\/fr\/boutique\/"},{"@type":"ListItem","position":3,"name":"Wellauer Irish Oak tabac \u00e0 pipe 50 gr."}]},{"@type":"WebSite","@id":"https:\/\/www.tabakversand.ch\/#website","url":"https:\/\/www.tabakversand.ch\/","name":"Tabakversand.ch | Alles aus der Welt des Tabaks","description":"Smoke and carpe diem","potentialAction":[{"@type":"SearchAction","target":{"@type":"EntryPoint","urlTemplate":"https:\/\/www.tabakversand.ch\/?s={search_term_string}"},"query-input":{"@type":"PropertyValueSpecification","valueRequired":true,"valueName":"search_term_string"}}],"inLanguage":"fr-FR"}]}},"_links":{"self":[{"href":"https:\/\/www.tabakversand.ch\/fr\/wp-json\/wp\/v2\/product\/63989","targetHints":{"allow":["GET"]}}],"collection":[{"href":"https:\/\/www.tabakversand.ch\/fr\/wp-json\/wp\/v2\/product"}],"about":[{"href":"https:\/\/www.tabakversand.ch\/fr\/wp-json\/wp\/v2\/types\/product"}],"version-history":[{"count":3,"href":"https:\/\/www.tabakversand.ch\/fr\/wp-json\/wp\/v2\/product\/63989\/revisions"}],"predecessor-version":[{"id":218092,"href":"https:\/\/www.tabakversand.ch\/fr\/wp-json\/wp\/v2\/product\/63989\/revisions\/218092"}],"wp:featuredmedia":[{"embeddable":true,"href":"https:\/\/www.tabakversand.ch\/fr\/wp-json\/wp\/v2\/media\/63996"}],"wp:attachment":[{"href":"https:\/\/www.tabakversand.ch\/fr\/wp-json\/wp\/v2\/media?parent=63989"}],"wp:term":[{"taxonomy":"product_brand","embeddable":true,"href":"https:\/\/www.tabakversand.ch\/fr\/wp-json\/wp\/v2\/product_brand?post=63989"},{"taxonomy":"product_cat","embeddable":true,"href":"https:\/\/www.tabakversand.ch\/fr\/wp-json\/wp\/v2\/product_cat?post=63989"},{"taxonomy":"product_tag","embeddable":true,"href":"https:\/\/www.tabakversand.ch\/fr\/wp-json\/wp\/v2\/product_tag?post=63989"}],"curies":[{"name":"wp","href":"https:\/\/api.w.org\/{rel}","templated":true}]}}