{"id":64447,"date":"2022-04-02T11:24:04","date_gmt":"2022-04-02T09:24:04","guid":{"rendered":"http:\/\/www.tabakversand.ch\/produkt\/acti-tube-slim-filtre-a-cigarette-a-charbon-actif\/"},"modified":"2026-01-22T08:07:40","modified_gmt":"2026-01-22T07:07:40","slug":"acti-tube-slim-filtre-a-cigarette-a-charbon-actif","status":"publish","type":"product","link":"https:\/\/www.tabakversand.ch\/fr\/produit\/acti-tube-slim-filtre-a-cigarette-a-charbon-actif\/","title":{"rendered":"Acti Tube slim Filtre \u00e0 cigarette \u00e0 charbon actif"},"content":{"rendered":"<h1>Acti Tube slim&nbsp;<\/h1>\n<h2>Filtre \u00e0 cigarettes charbon actif 1 x 50 pi\u00e8ces<\/h2>\n<p>  Plaisir de fumer peu polluant gr\u00e2ce au filtre \u00e0 charbon actif actiTube pour l\u2019auto-tournage !<br \/>  &nbsp;  Les avantages des filtres \u00e0 charbon actif actiTube Slim :<br \/>  &#8211; le go\u00fbt est am\u00e9lior\u00e9<br \/> &#8211; les poumons sont moins sollicit\u00e9s<br \/> &#8211; les m\u00e9langes de fum\u00e9e grattants ont un go\u00fbt doux<\/p>\n<p> Chaque filtre ne doit \u00eatre utilis\u00e9 qu&rsquo;une seule fois&nbsp;!<\/p>\n<p>  \u00c0 des temp\u00e9ratures ext\u00e9rieures inf\u00e9rieures \u00e0 environ +5 \u00b0C, la fum\u00e9e se condense sur le charbon actif &#8211; au lieu d\u2019\u00eatre filtr\u00e9e par celui-ci. Cela peut entra\u00eener le colmatage du filtre.<\/p>\n<p> Longueur:&nbsp; 2,2 cm<br \/> Diam\u00e8tre:&nbsp; 7 mm<br \/>  &nbsp;<br \/>Tous les prix s&rsquo;appliquent uniquement aux commandes en ligne et incluent la TVA. Sous r\u00e9serve de modifications sans pr\u00e9avis, frais de livraison en sus. Sous r\u00e9serve d&rsquo;erreurs, de modifications de contenu de livraison et de conception, de fautes d&rsquo;impression et de modifications de prix. Les prix barr\u00e9s sont des prix de remplacement. Les illustrations peuvent diff\u00e9rer de l&rsquo;original\/du contenu de livraison.<br \/>\n*Livraison gratuite pour les commandes sup\u00e9rieures \u00e0 CHF 250.-.<\/p>\n","protected":false},"excerpt":{"rendered":"<p>Acti Tube slim&nbsp; Filtre \u00e0 cigarettes charbon actif 1 x 50 pi\u00e8ces Plaisir de fumer peu polluant gr\u00e2ce au filtre \u00e0 charbon actif actiTube pour l\u2019auto-tournage ! &nbsp; Les avantages des filtres \u00e0 charbon actif actiTube Slim : &#8211; le go\u00fbt est am\u00e9lior\u00e9 &#8211; les poumons sont moins sollicit\u00e9s &#8211; les m\u00e9langes de fum\u00e9e grattants [&hellip;]<\/p>\n","protected":false},"featured_media":64452,"template":"","meta":[],"product_brand":[],"product_cat":[3219,1961,1995,3231,5177,2014],"product_tag":[],"class_list":{"0":"post-64447","1":"product","2":"type-product","3":"status-publish","4":"has-post-thumbnail","6":"product_cat-boutique-de-tete","7":"product_cat-cigarettes-self-made-fr-2","8":"product_cat-divers-headshop","9":"product_cat-filtre","10":"product_cat-filtre-a-charbon-actif","11":"product_cat-filtres-a-cigarettes","13":"first","14":"onbackorder","15":"purchasable","16":"product-type-simple"},"yoast_head":"<!-- This site is optimized with the Yoast SEO plugin v27.5 - https:\/\/yoast.com\/product\/yoast-seo-wordpress\/ -->\n<title>Acti Tube slim Filtre \u00e0 cigarette \u00e0 charbon actif - Tabakversand.ch | Alles aus der Welt des Tabaks<\/title>\n<meta name=\"description\" content=\"Filtres \u00e0 cigarettes au charbon actif Acti Tube slim | Le plus grand choix de produits du tabac en Suisse | Toutes les cartes accept\u00e9es !\" \/>\n<meta name=\"robots\" content=\"index, follow, max-snippet:-1, max-image-preview:large, max-video-preview:-1\" \/>\n<link rel=\"canonical\" href=\"https:\/\/www.tabakversand.ch\/fr\/produit\/acti-tube-slim-filtre-a-cigarette-a-charbon-actif\/\" \/>\n<meta property=\"og:locale\" content=\"fr_FR\" \/>\n<meta property=\"og:type\" content=\"article\" \/>\n<meta property=\"og:title\" content=\"Acti Tube slim Filtre \u00e0 cigarette \u00e0 charbon actif - Tabakversand.ch | Alles aus der Welt des Tabaks\" \/>\n<meta property=\"og:description\" content=\"Filtres \u00e0 cigarettes au charbon actif Acti Tube slim | Le plus grand choix de produits du tabac en Suisse | Toutes les cartes accept\u00e9es !\" \/>\n<meta property=\"og:url\" content=\"https:\/\/www.tabakversand.ch\/fr\/produit\/acti-tube-slim-filtre-a-cigarette-a-charbon-actif\/\" \/>\n<meta property=\"og:site_name\" content=\"Tabakversand.ch | Alles aus der Welt des Tabaks\" \/>\n<meta property=\"article:modified_time\" content=\"2026-01-22T07:07:40+00:00\" \/>\n<meta property=\"og:image\" content=\"https:\/\/www.tabakversand.ch\/wp-content\/uploads\/2022\/03\/acti-tube-slim.jpg\" \/>\n\t<meta property=\"og:image:width\" content=\"500\" \/>\n\t<meta property=\"og:image:height\" content=\"500\" \/>\n\t<meta property=\"og:image:type\" content=\"image\/jpeg\" \/>\n<meta name=\"twitter:card\" content=\"summary_large_image\" \/>\n<meta name=\"twitter:label1\" content=\"Dur\u00e9e de lecture estim\u00e9e\" \/>\n\t<meta name=\"twitter:data1\" content=\"1 minute\" \/>\n<script type=\"application\/ld+json\" class=\"yoast-schema-graph\">{\"@context\":\"https:\\\/\\\/schema.org\",\"@graph\":[{\"@type\":\"WebPage\",\"@id\":\"https:\\\/\\\/www.tabakversand.ch\\\/fr\\\/produit\\\/acti-tube-slim-filtre-a-cigarette-a-charbon-actif\\\/\",\"url\":\"https:\\\/\\\/www.tabakversand.ch\\\/fr\\\/produit\\\/acti-tube-slim-filtre-a-cigarette-a-charbon-actif\\\/\",\"name\":\"Acti Tube slim Filtre \u00e0 cigarette \u00e0 charbon actif - Tabakversand.ch | Alles aus der Welt des Tabaks\",\"isPartOf\":{\"@id\":\"https:\\\/\\\/www.tabakversand.ch\\\/#website\"},\"primaryImageOfPage\":{\"@id\":\"https:\\\/\\\/www.tabakversand.ch\\\/fr\\\/produit\\\/acti-tube-slim-filtre-a-cigarette-a-charbon-actif\\\/#primaryimage\"},\"image\":{\"@id\":\"https:\\\/\\\/www.tabakversand.ch\\\/fr\\\/produit\\\/acti-tube-slim-filtre-a-cigarette-a-charbon-actif\\\/#primaryimage\"},\"thumbnailUrl\":\"https:\\\/\\\/www.tabakversand.ch\\\/wp-content\\\/uploads\\\/2022\\\/03\\\/acti-tube-slim.jpg\",\"datePublished\":\"2022-04-02T09:24:04+00:00\",\"dateModified\":\"2026-01-22T07:07:40+00:00\",\"description\":\"Filtres \u00e0 cigarettes au charbon actif Acti Tube slim | Le plus grand choix de produits du tabac en Suisse | Toutes les cartes accept\u00e9es !\",\"breadcrumb\":{\"@id\":\"https:\\\/\\\/www.tabakversand.ch\\\/fr\\\/produit\\\/acti-tube-slim-filtre-a-cigarette-a-charbon-actif\\\/#breadcrumb\"},\"inLanguage\":\"fr-FR\",\"potentialAction\":[{\"@type\":\"ReadAction\",\"target\":[\"https:\\\/\\\/www.tabakversand.ch\\\/fr\\\/produit\\\/acti-tube-slim-filtre-a-cigarette-a-charbon-actif\\\/\"]}]},{\"@type\":\"ImageObject\",\"inLanguage\":\"fr-FR\",\"@id\":\"https:\\\/\\\/www.tabakversand.ch\\\/fr\\\/produit\\\/acti-tube-slim-filtre-a-cigarette-a-charbon-actif\\\/#primaryimage\",\"url\":\"https:\\\/\\\/www.tabakversand.ch\\\/wp-content\\\/uploads\\\/2022\\\/03\\\/acti-tube-slim.jpg\",\"contentUrl\":\"https:\\\/\\\/www.tabakversand.ch\\\/wp-content\\\/uploads\\\/2022\\\/03\\\/acti-tube-slim.jpg\",\"width\":500,\"height\":500,\"caption\":\"Acti Tube slim Filtre \u00e0 cigarette \u00e0 charbon actif\"},{\"@type\":\"BreadcrumbList\",\"@id\":\"https:\\\/\\\/www.tabakversand.ch\\\/fr\\\/produit\\\/acti-tube-slim-filtre-a-cigarette-a-charbon-actif\\\/#breadcrumb\",\"itemListElement\":[{\"@type\":\"ListItem\",\"position\":1,\"name\":\"Startseite\",\"item\":\"https:\\\/\\\/www.tabakversand.ch\\\/\"},{\"@type\":\"ListItem\",\"position\":2,\"name\":\"Boutique\",\"item\":\"https:\\\/\\\/www.tabakversand.ch\\\/fr\\\/boutique\\\/\"},{\"@type\":\"ListItem\",\"position\":3,\"name\":\"Acti Tube slim Filtre \u00e0 cigarette \u00e0 charbon actif\"}]},{\"@type\":\"WebSite\",\"@id\":\"https:\\\/\\\/www.tabakversand.ch\\\/#website\",\"url\":\"https:\\\/\\\/www.tabakversand.ch\\\/\",\"name\":\"Tabakversand.ch | Alles aus der Welt des Tabaks\",\"description\":\"Smoke and carpe diem\",\"potentialAction\":[{\"@type\":\"SearchAction\",\"target\":{\"@type\":\"EntryPoint\",\"urlTemplate\":\"https:\\\/\\\/www.tabakversand.ch\\\/?s={search_term_string}\"},\"query-input\":{\"@type\":\"PropertyValueSpecification\",\"valueRequired\":true,\"valueName\":\"search_term_string\"}}],\"inLanguage\":\"fr-FR\"}]}<\/script>\n<!-- \/ Yoast SEO plugin. -->","yoast_head_json":{"title":"Acti Tube slim Filtre \u00e0 cigarette \u00e0 charbon actif - Tabakversand.ch | Alles aus der Welt des Tabaks","description":"Filtres \u00e0 cigarettes au charbon actif Acti Tube slim | Le plus grand choix de produits du tabac en Suisse | Toutes les cartes accept\u00e9es !","robots":{"index":"index","follow":"follow","max-snippet":"max-snippet:-1","max-image-preview":"max-image-preview:large","max-video-preview":"max-video-preview:-1"},"canonical":"https:\/\/www.tabakversand.ch\/fr\/produit\/acti-tube-slim-filtre-a-cigarette-a-charbon-actif\/","og_locale":"fr_FR","og_type":"article","og_title":"Acti Tube slim Filtre \u00e0 cigarette \u00e0 charbon actif - Tabakversand.ch | Alles aus der Welt des Tabaks","og_description":"Filtres \u00e0 cigarettes au charbon actif Acti Tube slim | Le plus grand choix de produits du tabac en Suisse | Toutes les cartes accept\u00e9es !","og_url":"https:\/\/www.tabakversand.ch\/fr\/produit\/acti-tube-slim-filtre-a-cigarette-a-charbon-actif\/","og_site_name":"Tabakversand.ch | Alles aus der Welt des Tabaks","article_modified_time":"2026-01-22T07:07:40+00:00","og_image":[{"width":500,"height":500,"url":"https:\/\/www.tabakversand.ch\/wp-content\/uploads\/2022\/03\/acti-tube-slim.jpg","type":"image\/jpeg"}],"twitter_card":"summary_large_image","twitter_misc":{"Dur\u00e9e de lecture estim\u00e9e":"1 minute"},"schema":{"@context":"https:\/\/schema.org","@graph":[{"@type":"WebPage","@id":"https:\/\/www.tabakversand.ch\/fr\/produit\/acti-tube-slim-filtre-a-cigarette-a-charbon-actif\/","url":"https:\/\/www.tabakversand.ch\/fr\/produit\/acti-tube-slim-filtre-a-cigarette-a-charbon-actif\/","name":"Acti Tube slim Filtre \u00e0 cigarette \u00e0 charbon actif - Tabakversand.ch | Alles aus der Welt des Tabaks","isPartOf":{"@id":"https:\/\/www.tabakversand.ch\/#website"},"primaryImageOfPage":{"@id":"https:\/\/www.tabakversand.ch\/fr\/produit\/acti-tube-slim-filtre-a-cigarette-a-charbon-actif\/#primaryimage"},"image":{"@id":"https:\/\/www.tabakversand.ch\/fr\/produit\/acti-tube-slim-filtre-a-cigarette-a-charbon-actif\/#primaryimage"},"thumbnailUrl":"https:\/\/www.tabakversand.ch\/wp-content\/uploads\/2022\/03\/acti-tube-slim.jpg","datePublished":"2022-04-02T09:24:04+00:00","dateModified":"2026-01-22T07:07:40+00:00","description":"Filtres \u00e0 cigarettes au charbon actif Acti Tube slim | Le plus grand choix de produits du tabac en Suisse | Toutes les cartes accept\u00e9es !","breadcrumb":{"@id":"https:\/\/www.tabakversand.ch\/fr\/produit\/acti-tube-slim-filtre-a-cigarette-a-charbon-actif\/#breadcrumb"},"inLanguage":"fr-FR","potentialAction":[{"@type":"ReadAction","target":["https:\/\/www.tabakversand.ch\/fr\/produit\/acti-tube-slim-filtre-a-cigarette-a-charbon-actif\/"]}]},{"@type":"ImageObject","inLanguage":"fr-FR","@id":"https:\/\/www.tabakversand.ch\/fr\/produit\/acti-tube-slim-filtre-a-cigarette-a-charbon-actif\/#primaryimage","url":"https:\/\/www.tabakversand.ch\/wp-content\/uploads\/2022\/03\/acti-tube-slim.jpg","contentUrl":"https:\/\/www.tabakversand.ch\/wp-content\/uploads\/2022\/03\/acti-tube-slim.jpg","width":500,"height":500,"caption":"Acti Tube slim Filtre \u00e0 cigarette \u00e0 charbon actif"},{"@type":"BreadcrumbList","@id":"https:\/\/www.tabakversand.ch\/fr\/produit\/acti-tube-slim-filtre-a-cigarette-a-charbon-actif\/#breadcrumb","itemListElement":[{"@type":"ListItem","position":1,"name":"Startseite","item":"https:\/\/www.tabakversand.ch\/"},{"@type":"ListItem","position":2,"name":"Boutique","item":"https:\/\/www.tabakversand.ch\/fr\/boutique\/"},{"@type":"ListItem","position":3,"name":"Acti Tube slim Filtre \u00e0 cigarette \u00e0 charbon actif"}]},{"@type":"WebSite","@id":"https:\/\/www.tabakversand.ch\/#website","url":"https:\/\/www.tabakversand.ch\/","name":"Tabakversand.ch | Alles aus der Welt des Tabaks","description":"Smoke and carpe diem","potentialAction":[{"@type":"SearchAction","target":{"@type":"EntryPoint","urlTemplate":"https:\/\/www.tabakversand.ch\/?s={search_term_string}"},"query-input":{"@type":"PropertyValueSpecification","valueRequired":true,"valueName":"search_term_string"}}],"inLanguage":"fr-FR"}]}},"_links":{"self":[{"href":"https:\/\/www.tabakversand.ch\/fr\/wp-json\/wp\/v2\/product\/64447","targetHints":{"allow":["GET"]}}],"collection":[{"href":"https:\/\/www.tabakversand.ch\/fr\/wp-json\/wp\/v2\/product"}],"about":[{"href":"https:\/\/www.tabakversand.ch\/fr\/wp-json\/wp\/v2\/types\/product"}],"version-history":[{"count":2,"href":"https:\/\/www.tabakversand.ch\/fr\/wp-json\/wp\/v2\/product\/64447\/revisions"}],"predecessor-version":[{"id":209592,"href":"https:\/\/www.tabakversand.ch\/fr\/wp-json\/wp\/v2\/product\/64447\/revisions\/209592"}],"wp:featuredmedia":[{"embeddable":true,"href":"https:\/\/www.tabakversand.ch\/fr\/wp-json\/wp\/v2\/media\/64452"}],"wp:attachment":[{"href":"https:\/\/www.tabakversand.ch\/fr\/wp-json\/wp\/v2\/media?parent=64447"}],"wp:term":[{"taxonomy":"product_brand","embeddable":true,"href":"https:\/\/www.tabakversand.ch\/fr\/wp-json\/wp\/v2\/product_brand?post=64447"},{"taxonomy":"product_cat","embeddable":true,"href":"https:\/\/www.tabakversand.ch\/fr\/wp-json\/wp\/v2\/product_cat?post=64447"},{"taxonomy":"product_tag","embeddable":true,"href":"https:\/\/www.tabakversand.ch\/fr\/wp-json\/wp\/v2\/product_tag?post=64447"}],"curies":[{"name":"wp","href":"https:\/\/api.w.org\/{rel}","templated":true}]}}