{"id":64852,"date":"2022-04-02T11:22:28","date_gmt":"2022-04-02T09:22:28","guid":{"rendered":"http:\/\/www.tabakversand.ch\/produkt\/budz-chanvre-ak47-16-gr\/"},"modified":"2025-06-14T17:38:17","modified_gmt":"2025-06-14T15:38:17","slug":"budz-chanvre-ak47-1-6-gr","status":"publish","type":"product","link":"https:\/\/www.tabakversand.ch\/fr\/produit\/budz-chanvre-ak47-1-6-gr\/","title":{"rendered":"Budz Chanvre AK47 1,6 gr."},"content":{"rendered":"<h1>Budz Chanvre AK47 1.6gr&nbsp;.<\/h1>\n<p>Budz AK 47 Indoor Hemp Flowers Tobacco Substitute est fabriqu\u00e9 \u00e0 partir de chanvre 100% suisse. AK 47 est cultiv\u00e9 \u00e0 l\u2019int\u00e9rieur sous culture contr\u00f4l\u00e9e et aucun pesticide, herbicide ou fongicide artificiel n\u2019est utilis\u00e9. Les engrais utilis\u00e9s sont d\u2019origine naturelle.<\/p>\n<p>  Le produit contient moins de 1% de THC et est donc l\u00e9gal, ainsi que non psychotrope ou psychoactif. Lorsque vous d\u00e9gustez les l\u00e9gendaires fleurs de chanvre d\u2019int\u00e9rieur, le meilleur plaisir est au premier plan.<br \/>  Comme tous les produits Budz, Budz AK 47 Indoor Hemp Flower Tobacco Substitute est trait\u00e9 \u00e0 la main, afin que le go\u00fbt, la qualit\u00e9 et la quantit\u00e9 puissent convaincre!<br \/>  &nbsp;<br \/>Tous les prix s&rsquo;appliquent uniquement aux commandes en ligne et incluent la TVA. TVA, sous r\u00e9serve de modifications plus Exp\u00e9dition. Sous r\u00e9serve d&rsquo;erreurs, de modifications de l&rsquo;\u00e9tendue de la livraison et de la conception, d&rsquo;erreurs d&rsquo;impression et de modifications de prix. Les prix barr\u00e9s sont plut\u00f4t des prix. L&rsquo;illustration peut diff\u00e9rer de l&rsquo;original\/de l&rsquo;\u00e9tendue de la livraison.<br \/>\n*Livraison gratuite pour les commandes sup\u00e9rieures \u00e0 CHF 250.<\/p>\n","protected":false},"excerpt":{"rendered":"<p>Budz Chanvre AK47 1.6gr&nbsp;. Budz AK 47 Indoor Hemp Flowers Tobacco Substitute est fabriqu\u00e9 \u00e0 partir de chanvre 100% suisse. AK 47 est cultiv\u00e9 \u00e0 l\u2019int\u00e9rieur sous culture contr\u00f4l\u00e9e et aucun pesticide, herbicide ou fongicide artificiel n\u2019est utilis\u00e9. Les engrais utilis\u00e9s sont d\u2019origine naturelle. Le produit contient moins de 1% de THC et est donc [&hellip;]<\/p>\n","protected":false},"featured_media":64021,"template":"","meta":[],"product_brand":[1786],"product_cat":[2101,1995],"product_tag":[],"class_list":{"0":"post-64852","1":"product","2":"type-product","3":"status-publish","4":"has-post-thumbnail","6":"product_brand-budz","7":"product_cat-chanvre-cbd","8":"product_cat-divers-headshop","10":"first","11":"onbackorder","12":"purchasable","13":"product-type-simple"},"yoast_head":"<!-- This site is optimized with the Yoast SEO plugin v27.0 - https:\/\/yoast.com\/product\/yoast-seo-wordpress\/ -->\n<title>Budz Chanvre AK47 1,6 gr. - Tabakversand.ch | Alles aus der Welt des Tabaks<\/title>\n<meta name=\"description\" content=\"Budz Chanvre AK47 1,6 gr. | La plus grande s\u00e9lection de produits du tabac de Suisse | Toutes les cartes sont accept\u00e9es!\" \/>\n<meta name=\"robots\" content=\"index, follow, max-snippet:-1, max-image-preview:large, max-video-preview:-1\" \/>\n<link rel=\"canonical\" href=\"https:\/\/www.tabakversand.ch\/fr\/produit\/budz-chanvre-ak47-1-6-gr\/\" \/>\n<meta property=\"og:locale\" content=\"fr_FR\" \/>\n<meta property=\"og:type\" content=\"article\" \/>\n<meta property=\"og:title\" content=\"Budz Chanvre AK47 1,6 gr. - Tabakversand.ch | Alles aus der Welt des Tabaks\" \/>\n<meta property=\"og:description\" content=\"Budz Chanvre AK47 1,6 gr. | La plus grande s\u00e9lection de produits du tabac de Suisse | Toutes les cartes sont accept\u00e9es!\" \/>\n<meta property=\"og:url\" content=\"https:\/\/www.tabakversand.ch\/fr\/produit\/budz-chanvre-ak47-1-6-gr\/\" \/>\n<meta property=\"og:site_name\" content=\"Tabakversand.ch | Alles aus der Welt des Tabaks\" \/>\n<meta property=\"article:modified_time\" content=\"2025-06-14T15:38:17+00:00\" \/>\n<meta property=\"og:image\" content=\"https:\/\/www.tabakversand.ch\/wp-content\/uploads\/2022\/03\/budz-ak47-1.8.jpg\" \/>\n\t<meta property=\"og:image:width\" content=\"400\" \/>\n\t<meta property=\"og:image:height\" content=\"500\" \/>\n\t<meta property=\"og:image:type\" content=\"image\/jpeg\" \/>\n<meta name=\"twitter:card\" content=\"summary_large_image\" \/>\n<meta name=\"twitter:label1\" content=\"Dur\u00e9e de lecture estim\u00e9e\" \/>\n\t<meta name=\"twitter:data1\" content=\"1 minute\" \/>\n<script type=\"application\/ld+json\" class=\"yoast-schema-graph\">{\"@context\":\"https:\/\/schema.org\",\"@graph\":[{\"@type\":\"WebPage\",\"@id\":\"https:\/\/www.tabakversand.ch\/fr\/produit\/budz-chanvre-ak47-1-6-gr\/\",\"url\":\"https:\/\/www.tabakversand.ch\/fr\/produit\/budz-chanvre-ak47-1-6-gr\/\",\"name\":\"Budz Chanvre AK47 1,6 gr. - Tabakversand.ch | Alles aus der Welt des Tabaks\",\"isPartOf\":{\"@id\":\"https:\/\/www.tabakversand.ch\/#website\"},\"primaryImageOfPage\":{\"@id\":\"https:\/\/www.tabakversand.ch\/fr\/produit\/budz-chanvre-ak47-1-6-gr\/#primaryimage\"},\"image\":{\"@id\":\"https:\/\/www.tabakversand.ch\/fr\/produit\/budz-chanvre-ak47-1-6-gr\/#primaryimage\"},\"thumbnailUrl\":\"https:\/\/www.tabakversand.ch\/wp-content\/uploads\/2022\/03\/budz-ak47-1.8.jpg\",\"datePublished\":\"2022-04-02T09:22:28+00:00\",\"dateModified\":\"2025-06-14T15:38:17+00:00\",\"description\":\"Budz Chanvre AK47 1,6 gr. | La plus grande s\u00e9lection de produits du tabac de Suisse | Toutes les cartes sont accept\u00e9es!\",\"breadcrumb\":{\"@id\":\"https:\/\/www.tabakversand.ch\/fr\/produit\/budz-chanvre-ak47-1-6-gr\/#breadcrumb\"},\"inLanguage\":\"fr-FR\",\"potentialAction\":[{\"@type\":\"ReadAction\",\"target\":[\"https:\/\/www.tabakversand.ch\/fr\/produit\/budz-chanvre-ak47-1-6-gr\/\"]}]},{\"@type\":\"ImageObject\",\"inLanguage\":\"fr-FR\",\"@id\":\"https:\/\/www.tabakversand.ch\/fr\/produit\/budz-chanvre-ak47-1-6-gr\/#primaryimage\",\"url\":\"https:\/\/www.tabakversand.ch\/wp-content\/uploads\/2022\/03\/budz-ak47-1.8.jpg\",\"contentUrl\":\"https:\/\/www.tabakversand.ch\/wp-content\/uploads\/2022\/03\/budz-ak47-1.8.jpg\",\"width\":400,\"height\":500,\"caption\":\"Budz Chanvre AK47 3,4 gr.\"},{\"@type\":\"BreadcrumbList\",\"@id\":\"https:\/\/www.tabakversand.ch\/fr\/produit\/budz-chanvre-ak47-1-6-gr\/#breadcrumb\",\"itemListElement\":[{\"@type\":\"ListItem\",\"position\":1,\"name\":\"Startseite\",\"item\":\"https:\/\/www.tabakversand.ch\/\"},{\"@type\":\"ListItem\",\"position\":2,\"name\":\"Boutique\",\"item\":\"https:\/\/www.tabakversand.ch\/fr\/boutique\/\"},{\"@type\":\"ListItem\",\"position\":3,\"name\":\"Budz Chanvre AK47 1,6 gr.\"}]},{\"@type\":\"WebSite\",\"@id\":\"https:\/\/www.tabakversand.ch\/#website\",\"url\":\"https:\/\/www.tabakversand.ch\/\",\"name\":\"Tabakversand.ch | Alles aus der Welt des Tabaks\",\"description\":\"Smoke and carpe diem\",\"potentialAction\":[{\"@type\":\"SearchAction\",\"target\":{\"@type\":\"EntryPoint\",\"urlTemplate\":\"https:\/\/www.tabakversand.ch\/?s={search_term_string}\"},\"query-input\":{\"@type\":\"PropertyValueSpecification\",\"valueRequired\":true,\"valueName\":\"search_term_string\"}}],\"inLanguage\":\"fr-FR\"}]}<\/script>\n<!-- \/ Yoast SEO plugin. -->","yoast_head_json":{"title":"Budz Chanvre AK47 1,6 gr. - Tabakversand.ch | Alles aus der Welt des Tabaks","description":"Budz Chanvre AK47 1,6 gr. | La plus grande s\u00e9lection de produits du tabac de Suisse | Toutes les cartes sont accept\u00e9es!","robots":{"index":"index","follow":"follow","max-snippet":"max-snippet:-1","max-image-preview":"max-image-preview:large","max-video-preview":"max-video-preview:-1"},"canonical":"https:\/\/www.tabakversand.ch\/fr\/produit\/budz-chanvre-ak47-1-6-gr\/","og_locale":"fr_FR","og_type":"article","og_title":"Budz Chanvre AK47 1,6 gr. - Tabakversand.ch | Alles aus der Welt des Tabaks","og_description":"Budz Chanvre AK47 1,6 gr. | La plus grande s\u00e9lection de produits du tabac de Suisse | Toutes les cartes sont accept\u00e9es!","og_url":"https:\/\/www.tabakversand.ch\/fr\/produit\/budz-chanvre-ak47-1-6-gr\/","og_site_name":"Tabakversand.ch | Alles aus der Welt des Tabaks","article_modified_time":"2025-06-14T15:38:17+00:00","og_image":[{"width":400,"height":500,"url":"https:\/\/www.tabakversand.ch\/wp-content\/uploads\/2022\/03\/budz-ak47-1.8.jpg","type":"image\/jpeg"}],"twitter_card":"summary_large_image","twitter_misc":{"Dur\u00e9e de lecture estim\u00e9e":"1 minute"},"schema":{"@context":"https:\/\/schema.org","@graph":[{"@type":"WebPage","@id":"https:\/\/www.tabakversand.ch\/fr\/produit\/budz-chanvre-ak47-1-6-gr\/","url":"https:\/\/www.tabakversand.ch\/fr\/produit\/budz-chanvre-ak47-1-6-gr\/","name":"Budz Chanvre AK47 1,6 gr. - Tabakversand.ch | Alles aus der Welt des Tabaks","isPartOf":{"@id":"https:\/\/www.tabakversand.ch\/#website"},"primaryImageOfPage":{"@id":"https:\/\/www.tabakversand.ch\/fr\/produit\/budz-chanvre-ak47-1-6-gr\/#primaryimage"},"image":{"@id":"https:\/\/www.tabakversand.ch\/fr\/produit\/budz-chanvre-ak47-1-6-gr\/#primaryimage"},"thumbnailUrl":"https:\/\/www.tabakversand.ch\/wp-content\/uploads\/2022\/03\/budz-ak47-1.8.jpg","datePublished":"2022-04-02T09:22:28+00:00","dateModified":"2025-06-14T15:38:17+00:00","description":"Budz Chanvre AK47 1,6 gr. | La plus grande s\u00e9lection de produits du tabac de Suisse | Toutes les cartes sont accept\u00e9es!","breadcrumb":{"@id":"https:\/\/www.tabakversand.ch\/fr\/produit\/budz-chanvre-ak47-1-6-gr\/#breadcrumb"},"inLanguage":"fr-FR","potentialAction":[{"@type":"ReadAction","target":["https:\/\/www.tabakversand.ch\/fr\/produit\/budz-chanvre-ak47-1-6-gr\/"]}]},{"@type":"ImageObject","inLanguage":"fr-FR","@id":"https:\/\/www.tabakversand.ch\/fr\/produit\/budz-chanvre-ak47-1-6-gr\/#primaryimage","url":"https:\/\/www.tabakversand.ch\/wp-content\/uploads\/2022\/03\/budz-ak47-1.8.jpg","contentUrl":"https:\/\/www.tabakversand.ch\/wp-content\/uploads\/2022\/03\/budz-ak47-1.8.jpg","width":400,"height":500,"caption":"Budz Chanvre AK47 3,4 gr."},{"@type":"BreadcrumbList","@id":"https:\/\/www.tabakversand.ch\/fr\/produit\/budz-chanvre-ak47-1-6-gr\/#breadcrumb","itemListElement":[{"@type":"ListItem","position":1,"name":"Startseite","item":"https:\/\/www.tabakversand.ch\/"},{"@type":"ListItem","position":2,"name":"Boutique","item":"https:\/\/www.tabakversand.ch\/fr\/boutique\/"},{"@type":"ListItem","position":3,"name":"Budz Chanvre AK47 1,6 gr."}]},{"@type":"WebSite","@id":"https:\/\/www.tabakversand.ch\/#website","url":"https:\/\/www.tabakversand.ch\/","name":"Tabakversand.ch | Alles aus der Welt des Tabaks","description":"Smoke and carpe diem","potentialAction":[{"@type":"SearchAction","target":{"@type":"EntryPoint","urlTemplate":"https:\/\/www.tabakversand.ch\/?s={search_term_string}"},"query-input":{"@type":"PropertyValueSpecification","valueRequired":true,"valueName":"search_term_string"}}],"inLanguage":"fr-FR"}]}},"_links":{"self":[{"href":"https:\/\/www.tabakversand.ch\/fr\/wp-json\/wp\/v2\/product\/64852","targetHints":{"allow":["GET"]}}],"collection":[{"href":"https:\/\/www.tabakversand.ch\/fr\/wp-json\/wp\/v2\/product"}],"about":[{"href":"https:\/\/www.tabakversand.ch\/fr\/wp-json\/wp\/v2\/types\/product"}],"version-history":[{"count":1,"href":"https:\/\/www.tabakversand.ch\/fr\/wp-json\/wp\/v2\/product\/64852\/revisions"}],"predecessor-version":[{"id":184561,"href":"https:\/\/www.tabakversand.ch\/fr\/wp-json\/wp\/v2\/product\/64852\/revisions\/184561"}],"wp:featuredmedia":[{"embeddable":true,"href":"https:\/\/www.tabakversand.ch\/fr\/wp-json\/wp\/v2\/media\/64021"}],"wp:attachment":[{"href":"https:\/\/www.tabakversand.ch\/fr\/wp-json\/wp\/v2\/media?parent=64852"}],"wp:term":[{"taxonomy":"product_brand","embeddable":true,"href":"https:\/\/www.tabakversand.ch\/fr\/wp-json\/wp\/v2\/product_brand?post=64852"},{"taxonomy":"product_cat","embeddable":true,"href":"https:\/\/www.tabakversand.ch\/fr\/wp-json\/wp\/v2\/product_cat?post=64852"},{"taxonomy":"product_tag","embeddable":true,"href":"https:\/\/www.tabakversand.ch\/fr\/wp-json\/wp\/v2\/product_tag?post=64852"}],"curies":[{"name":"wp","href":"https:\/\/api.w.org\/{rel}","templated":true}]}}