{"id":65014,"date":"2022-04-02T11:22:15","date_gmt":"2022-04-02T09:22:15","guid":{"rendered":"http:\/\/www.tabakversand.ch\/produkt\/social-smoke-fruit-de-la-passion-mojito-shisha-tobacco-100-gr\/"},"modified":"2022-04-02T11:22:15","modified_gmt":"2022-04-02T09:22:15","slug":"social-fumee-passion-fruit-mojito-chicha-tabac-100-gr","status":"publish","type":"product","link":"https:\/\/www.tabakversand.ch\/fr\/produit\/social-fumee-passion-fruit-mojito-chicha-tabac-100-gr\/","title":{"rendered":"Social Smoke Fruit de la passion Mojito Shisha Tobacco 100 gr."},"content":{"rendered":"<p>Social Smoke Fruit de la passion Mojito Shisha Tobacco 100 gr. &#8211; Les citrons et le jus de lime, les fruits de la passion et la menthe poivr\u00e9e fournissent un rafra\u00eechissement.<\/p>\n<table style=\"width: 225px\" border=\"0\" cellspacing=\"3\" cellpadding=\"0\">\n<tbody>\n<tr>\n<td style=\"width: 118px\">Contenu<\/td>\n<td style=\"width: 101px\">100g<\/td>\n<\/tr>\n<tr>\n<td style=\"width: 118px\">Go\u00fbter<\/td>\n<td style=\"width: 101px\">Fruit de la passion<\/td>\n<\/tr>\n<\/tbody>\n<\/table>\n<p>Tous les prix ne sont valables que pour les commandes en ligne et comprennent La TVA, sont sujettes \u00e0 changement plus la TVA. Frais d\u2019exp\u00e9dition. Erreurs, changements dans l\u2019\u00e9tendue de la livraison et de la conception, erreurs d\u2019impression et changements de prix r\u00e9serv\u00e9s. Les prix barr\u00e9s sont stattpreise. L\u2019illustration peut diff\u00e9rer de l\u2019original \/ de la port\u00e9e de la livraison.<br \/>\n*Livraison gratuite \u00e0 partir de CHF 250.- valeur de la commande.<\/p>\n","protected":false},"excerpt":{"rendered":"<p>Social Smoke Fruit de la passion Mojito Shisha Tobacco 100 gr. &#8211; Les citrons et le jus de lime, les fruits de la passion et la menthe poivr\u00e9e fournissent un rafra\u00eechissement. Contenu 100g Go\u00fbter Fruit de la passion Tous les prix ne sont valables que pour les commandes en ligne et comprennent La TVA, sont [&hellip;]<\/p>\n","protected":false},"featured_media":65024,"template":"","meta":[],"product_brand":[1790],"product_cat":[1897,1896,1891,1880,1888,1883],"product_tag":[],"class_list":{"0":"post-65014","1":"product","2":"type-product","3":"status-publish","4":"has-post-thumbnail","6":"product_brand-social-smoke","7":"product_cat-fumee-sociale","8":"product_cat-fumee-sociale-shishatabak","9":"product_cat-narguile","10":"product_cat-shishatabak-fr","11":"product_cat-tabac","12":"product_cat-tabac-de-narguile-tabac-de-narguile","14":"first","15":"onbackorder","16":"purchasable","17":"product-type-simple"},"yoast_head":"<!-- This site is optimized with the Yoast SEO plugin v27.5 - https:\/\/yoast.com\/product\/yoast-seo-wordpress\/ -->\n<title>Social Smoke Fruit de la passion Mojito Shisha Tobacco 100 gr. - Tabakversand.ch | Alles aus der Welt des Tabaks<\/title>\n<meta name=\"robots\" content=\"index, follow, max-snippet:-1, max-image-preview:large, max-video-preview:-1\" \/>\n<link rel=\"canonical\" href=\"https:\/\/www.tabakversand.ch\/fr\/produit\/social-fumee-passion-fruit-mojito-chicha-tabac-100-gr\/\" \/>\n<meta property=\"og:locale\" content=\"fr_FR\" \/>\n<meta property=\"og:type\" content=\"article\" \/>\n<meta property=\"og:title\" content=\"Social Smoke Fruit de la passion Mojito Shisha Tobacco 100 gr. - Tabakversand.ch | Alles aus der Welt des Tabaks\" \/>\n<meta property=\"og:description\" content=\"Social Smoke Fruit de la passion Mojito Shisha Tobacco 100 gr. &#8211; Les citrons et le jus de lime, les fruits de la passion et la menthe poivr\u00e9e fournissent un rafra\u00eechissement. Contenu 100g Go\u00fbter Fruit de la passion Tous les prix ne sont valables que pour les commandes en ligne et comprennent La TVA, sont [&hellip;]\" \/>\n<meta property=\"og:url\" content=\"https:\/\/www.tabakversand.ch\/fr\/produit\/social-fumee-passion-fruit-mojito-chicha-tabac-100-gr\/\" \/>\n<meta property=\"og:site_name\" content=\"Tabakversand.ch | Alles aus der Welt des Tabaks\" \/>\n<meta property=\"og:image\" content=\"https:\/\/www.tabakversand.ch\/wp-content\/uploads\/2022\/03\/social-smoke-passion-fruit-mojito-100-1.jpg\" \/>\n\t<meta property=\"og:image:width\" content=\"500\" \/>\n\t<meta property=\"og:image:height\" content=\"500\" \/>\n\t<meta property=\"og:image:type\" content=\"image\/jpeg\" \/>\n<meta name=\"twitter:card\" content=\"summary_large_image\" \/>\n<meta name=\"twitter:label1\" content=\"Dur\u00e9e de lecture estim\u00e9e\" \/>\n\t<meta name=\"twitter:data1\" content=\"1 minute\" \/>\n<script type=\"application\/ld+json\" class=\"yoast-schema-graph\">{\"@context\":\"https:\\\/\\\/schema.org\",\"@graph\":[{\"@type\":\"WebPage\",\"@id\":\"https:\\\/\\\/www.tabakversand.ch\\\/fr\\\/produit\\\/social-fumee-passion-fruit-mojito-chicha-tabac-100-gr\\\/\",\"url\":\"https:\\\/\\\/www.tabakversand.ch\\\/fr\\\/produit\\\/social-fumee-passion-fruit-mojito-chicha-tabac-100-gr\\\/\",\"name\":\"Social Smoke Fruit de la passion Mojito Shisha Tobacco 100 gr. - Tabakversand.ch | Alles aus der Welt des Tabaks\",\"isPartOf\":{\"@id\":\"https:\\\/\\\/www.tabakversand.ch\\\/#website\"},\"primaryImageOfPage\":{\"@id\":\"https:\\\/\\\/www.tabakversand.ch\\\/fr\\\/produit\\\/social-fumee-passion-fruit-mojito-chicha-tabac-100-gr\\\/#primaryimage\"},\"image\":{\"@id\":\"https:\\\/\\\/www.tabakversand.ch\\\/fr\\\/produit\\\/social-fumee-passion-fruit-mojito-chicha-tabac-100-gr\\\/#primaryimage\"},\"thumbnailUrl\":\"https:\\\/\\\/www.tabakversand.ch\\\/wp-content\\\/uploads\\\/2022\\\/03\\\/social-smoke-passion-fruit-mojito-100-1.jpg\",\"datePublished\":\"2022-04-02T09:22:15+00:00\",\"breadcrumb\":{\"@id\":\"https:\\\/\\\/www.tabakversand.ch\\\/fr\\\/produit\\\/social-fumee-passion-fruit-mojito-chicha-tabac-100-gr\\\/#breadcrumb\"},\"inLanguage\":\"fr-FR\",\"potentialAction\":[{\"@type\":\"ReadAction\",\"target\":[\"https:\\\/\\\/www.tabakversand.ch\\\/fr\\\/produit\\\/social-fumee-passion-fruit-mojito-chicha-tabac-100-gr\\\/\"]}]},{\"@type\":\"ImageObject\",\"inLanguage\":\"fr-FR\",\"@id\":\"https:\\\/\\\/www.tabakversand.ch\\\/fr\\\/produit\\\/social-fumee-passion-fruit-mojito-chicha-tabac-100-gr\\\/#primaryimage\",\"url\":\"https:\\\/\\\/www.tabakversand.ch\\\/wp-content\\\/uploads\\\/2022\\\/03\\\/social-smoke-passion-fruit-mojito-100-1.jpg\",\"contentUrl\":\"https:\\\/\\\/www.tabakversand.ch\\\/wp-content\\\/uploads\\\/2022\\\/03\\\/social-smoke-passion-fruit-mojito-100-1.jpg\",\"width\":500,\"height\":500,\"caption\":\"Social Smoke Fruit de la passion Mojito Shisha Tobacco 100 gr.\"},{\"@type\":\"BreadcrumbList\",\"@id\":\"https:\\\/\\\/www.tabakversand.ch\\\/fr\\\/produit\\\/social-fumee-passion-fruit-mojito-chicha-tabac-100-gr\\\/#breadcrumb\",\"itemListElement\":[{\"@type\":\"ListItem\",\"position\":1,\"name\":\"Startseite\",\"item\":\"https:\\\/\\\/www.tabakversand.ch\\\/\"},{\"@type\":\"ListItem\",\"position\":2,\"name\":\"Boutique\",\"item\":\"https:\\\/\\\/www.tabakversand.ch\\\/fr\\\/boutique\\\/\"},{\"@type\":\"ListItem\",\"position\":3,\"name\":\"Social Smoke Fruit de la passion Mojito Shisha Tobacco 100 gr.\"}]},{\"@type\":\"WebSite\",\"@id\":\"https:\\\/\\\/www.tabakversand.ch\\\/#website\",\"url\":\"https:\\\/\\\/www.tabakversand.ch\\\/\",\"name\":\"Tabakversand.ch | Alles aus der Welt des Tabaks\",\"description\":\"Smoke and carpe diem\",\"potentialAction\":[{\"@type\":\"SearchAction\",\"target\":{\"@type\":\"EntryPoint\",\"urlTemplate\":\"https:\\\/\\\/www.tabakversand.ch\\\/?s={search_term_string}\"},\"query-input\":{\"@type\":\"PropertyValueSpecification\",\"valueRequired\":true,\"valueName\":\"search_term_string\"}}],\"inLanguage\":\"fr-FR\"}]}<\/script>\n<!-- \/ Yoast SEO plugin. -->","yoast_head_json":{"title":"Social Smoke Fruit de la passion Mojito Shisha Tobacco 100 gr. - Tabakversand.ch | Alles aus der Welt des Tabaks","robots":{"index":"index","follow":"follow","max-snippet":"max-snippet:-1","max-image-preview":"max-image-preview:large","max-video-preview":"max-video-preview:-1"},"canonical":"https:\/\/www.tabakversand.ch\/fr\/produit\/social-fumee-passion-fruit-mojito-chicha-tabac-100-gr\/","og_locale":"fr_FR","og_type":"article","og_title":"Social Smoke Fruit de la passion Mojito Shisha Tobacco 100 gr. - Tabakversand.ch | Alles aus der Welt des Tabaks","og_description":"Social Smoke Fruit de la passion Mojito Shisha Tobacco 100 gr. &#8211; Les citrons et le jus de lime, les fruits de la passion et la menthe poivr\u00e9e fournissent un rafra\u00eechissement. Contenu 100g Go\u00fbter Fruit de la passion Tous les prix ne sont valables que pour les commandes en ligne et comprennent La TVA, sont [&hellip;]","og_url":"https:\/\/www.tabakversand.ch\/fr\/produit\/social-fumee-passion-fruit-mojito-chicha-tabac-100-gr\/","og_site_name":"Tabakversand.ch | Alles aus der Welt des Tabaks","og_image":[{"width":500,"height":500,"url":"https:\/\/www.tabakversand.ch\/wp-content\/uploads\/2022\/03\/social-smoke-passion-fruit-mojito-100-1.jpg","type":"image\/jpeg"}],"twitter_card":"summary_large_image","twitter_misc":{"Dur\u00e9e de lecture estim\u00e9e":"1 minute"},"schema":{"@context":"https:\/\/schema.org","@graph":[{"@type":"WebPage","@id":"https:\/\/www.tabakversand.ch\/fr\/produit\/social-fumee-passion-fruit-mojito-chicha-tabac-100-gr\/","url":"https:\/\/www.tabakversand.ch\/fr\/produit\/social-fumee-passion-fruit-mojito-chicha-tabac-100-gr\/","name":"Social Smoke Fruit de la passion Mojito Shisha Tobacco 100 gr. - Tabakversand.ch | Alles aus der Welt des Tabaks","isPartOf":{"@id":"https:\/\/www.tabakversand.ch\/#website"},"primaryImageOfPage":{"@id":"https:\/\/www.tabakversand.ch\/fr\/produit\/social-fumee-passion-fruit-mojito-chicha-tabac-100-gr\/#primaryimage"},"image":{"@id":"https:\/\/www.tabakversand.ch\/fr\/produit\/social-fumee-passion-fruit-mojito-chicha-tabac-100-gr\/#primaryimage"},"thumbnailUrl":"https:\/\/www.tabakversand.ch\/wp-content\/uploads\/2022\/03\/social-smoke-passion-fruit-mojito-100-1.jpg","datePublished":"2022-04-02T09:22:15+00:00","breadcrumb":{"@id":"https:\/\/www.tabakversand.ch\/fr\/produit\/social-fumee-passion-fruit-mojito-chicha-tabac-100-gr\/#breadcrumb"},"inLanguage":"fr-FR","potentialAction":[{"@type":"ReadAction","target":["https:\/\/www.tabakversand.ch\/fr\/produit\/social-fumee-passion-fruit-mojito-chicha-tabac-100-gr\/"]}]},{"@type":"ImageObject","inLanguage":"fr-FR","@id":"https:\/\/www.tabakversand.ch\/fr\/produit\/social-fumee-passion-fruit-mojito-chicha-tabac-100-gr\/#primaryimage","url":"https:\/\/www.tabakversand.ch\/wp-content\/uploads\/2022\/03\/social-smoke-passion-fruit-mojito-100-1.jpg","contentUrl":"https:\/\/www.tabakversand.ch\/wp-content\/uploads\/2022\/03\/social-smoke-passion-fruit-mojito-100-1.jpg","width":500,"height":500,"caption":"Social Smoke Fruit de la passion Mojito Shisha Tobacco 100 gr."},{"@type":"BreadcrumbList","@id":"https:\/\/www.tabakversand.ch\/fr\/produit\/social-fumee-passion-fruit-mojito-chicha-tabac-100-gr\/#breadcrumb","itemListElement":[{"@type":"ListItem","position":1,"name":"Startseite","item":"https:\/\/www.tabakversand.ch\/"},{"@type":"ListItem","position":2,"name":"Boutique","item":"https:\/\/www.tabakversand.ch\/fr\/boutique\/"},{"@type":"ListItem","position":3,"name":"Social Smoke Fruit de la passion Mojito Shisha Tobacco 100 gr."}]},{"@type":"WebSite","@id":"https:\/\/www.tabakversand.ch\/#website","url":"https:\/\/www.tabakversand.ch\/","name":"Tabakversand.ch | Alles aus der Welt des Tabaks","description":"Smoke and carpe diem","potentialAction":[{"@type":"SearchAction","target":{"@type":"EntryPoint","urlTemplate":"https:\/\/www.tabakversand.ch\/?s={search_term_string}"},"query-input":{"@type":"PropertyValueSpecification","valueRequired":true,"valueName":"search_term_string"}}],"inLanguage":"fr-FR"}]}},"_links":{"self":[{"href":"https:\/\/www.tabakversand.ch\/fr\/wp-json\/wp\/v2\/product\/65014","targetHints":{"allow":["GET"]}}],"collection":[{"href":"https:\/\/www.tabakversand.ch\/fr\/wp-json\/wp\/v2\/product"}],"about":[{"href":"https:\/\/www.tabakversand.ch\/fr\/wp-json\/wp\/v2\/types\/product"}],"version-history":[{"count":0,"href":"https:\/\/www.tabakversand.ch\/fr\/wp-json\/wp\/v2\/product\/65014\/revisions"}],"wp:featuredmedia":[{"embeddable":true,"href":"https:\/\/www.tabakversand.ch\/fr\/wp-json\/wp\/v2\/media\/65024"}],"wp:attachment":[{"href":"https:\/\/www.tabakversand.ch\/fr\/wp-json\/wp\/v2\/media?parent=65014"}],"wp:term":[{"taxonomy":"product_brand","embeddable":true,"href":"https:\/\/www.tabakversand.ch\/fr\/wp-json\/wp\/v2\/product_brand?post=65014"},{"taxonomy":"product_cat","embeddable":true,"href":"https:\/\/www.tabakversand.ch\/fr\/wp-json\/wp\/v2\/product_cat?post=65014"},{"taxonomy":"product_tag","embeddable":true,"href":"https:\/\/www.tabakversand.ch\/fr\/wp-json\/wp\/v2\/product_tag?post=65014"}],"curies":[{"name":"wp","href":"https:\/\/api.w.org\/{rel}","templated":true}]}}