{"id":65099,"date":"2022-04-02T11:22:03","date_gmt":"2022-04-02T09:22:03","guid":{"rendered":"http:\/\/www.tabakversand.ch\/produkt\/social-smoke-twisted-hookah-tabac-250-gr\/"},"modified":"2022-04-02T11:22:03","modified_gmt":"2022-04-02T09:22:03","slug":"social-fumee-tordue-chicha-tabac-250-gr","status":"publish","type":"product","link":"https:\/\/www.tabakversand.ch\/fr\/produit\/social-fumee-tordue-chicha-tabac-250-gr\/","title":{"rendered":"Social Smoke Twisted Hookah Tabac 250 gr."},"content":{"rendered":"<h1>Fum\u00e9e sociale tordue&nbsp;<\/h1>\n<h2>Tabac \u00e0 chicha 250 gr.<\/h2>\n<p>  Un tourbillon de fruits sucr\u00e9s avec des notes de vanille.  <\/p>\n<table border=\"0\" cellpadding=\"0\" cellspacing=\"3\" style=\"width:225px\">\n<tbody>\n<tr>\n<td style=\"width:118px\"><\/td>\n<td style=\"width:101px\">Contenu250g<\/td>\n<\/tr>\n<tr>\n<td style=\"width:118px\">M\u00e9lange TasteFruit<\/td>\n<td style=\"width:101px\">     <\/td>\n<\/tr>\n<\/tbody>\n<\/table>\n<p>Tous les prix ne sont valables que pour les commandes en ligne et comprennent La TVA, sont sujettes \u00e0 changement plus la TVA. Frais d\u2019exp\u00e9dition. Erreurs, changements dans l\u2019\u00e9tendue de la livraison et de la conception, erreurs d\u2019impression et changements de prix r\u00e9serv\u00e9s. Les prix barr\u00e9s sont stattpreise. L\u2019illustration peut diff\u00e9rer de l\u2019original \/ de la port\u00e9e de la livraison.<br \/>\n*Livraison gratuite \u00e0 partir de CHF 250.- valeur de la commande.<\/p>\n","protected":false},"excerpt":{"rendered":"<p>Fum\u00e9e sociale tordue&nbsp; Tabac \u00e0 chicha 250 gr. Un tourbillon de fruits sucr\u00e9s avec des notes de vanille. Contenu250g M\u00e9lange TasteFruit Tous les prix ne sont valables que pour les commandes en ligne et comprennent La TVA, sont sujettes \u00e0 changement plus la TVA. Frais d\u2019exp\u00e9dition. Erreurs, changements dans l\u2019\u00e9tendue de la livraison et de [&hellip;]<\/p>\n","protected":false},"featured_media":157616,"template":"","meta":[],"product_brand":[1790],"product_cat":[1897,1896,1891,1880,1888,1883],"product_tag":[],"class_list":{"0":"post-65099","1":"product","2":"type-product","3":"status-publish","4":"has-post-thumbnail","6":"product_brand-social-smoke","7":"product_cat-fumee-sociale","8":"product_cat-fumee-sociale-shishatabak","9":"product_cat-narguile","10":"product_cat-shishatabak-fr","11":"product_cat-tabac","12":"product_cat-tabac-de-narguile-tabac-de-narguile","14":"first","15":"onbackorder","16":"purchasable","17":"product-type-simple"},"yoast_head":"<!-- This site is optimized with the Yoast SEO plugin v27.5 - https:\/\/yoast.com\/product\/yoast-seo-wordpress\/ -->\n<title>Social Smoke Twisted Hookah Tabac 250 gr. - Tabakversand.ch | Alles aus der Welt des Tabaks<\/title>\n<meta name=\"robots\" content=\"index, follow, max-snippet:-1, max-image-preview:large, max-video-preview:-1\" \/>\n<link rel=\"canonical\" href=\"https:\/\/www.tabakversand.ch\/produit\/social-smoke-twisted-shisha-tabak-250-gr\/\" \/>\n<meta property=\"og:locale\" content=\"fr_FR\" \/>\n<meta property=\"og:type\" content=\"article\" \/>\n<meta property=\"og:title\" content=\"Social Smoke Twisted Hookah Tabac 250 gr. - Tabakversand.ch | Alles aus der Welt des Tabaks\" \/>\n<meta property=\"og:description\" content=\"Fum\u00e9e sociale tordue&nbsp; Tabac \u00e0 chicha 250 gr. Un tourbillon de fruits sucr\u00e9s avec des notes de vanille. Contenu250g M\u00e9lange TasteFruit Tous les prix ne sont valables que pour les commandes en ligne et comprennent La TVA, sont sujettes \u00e0 changement plus la TVA. Frais d\u2019exp\u00e9dition. Erreurs, changements dans l\u2019\u00e9tendue de la livraison et de [&hellip;]\" \/>\n<meta property=\"og:url\" content=\"https:\/\/www.tabakversand.ch\/produit\/social-smoke-twisted-shisha-tabak-250-gr\/\" \/>\n<meta property=\"og:site_name\" content=\"Tabakversand.ch | Alles aus der Welt des Tabaks\" \/>\n<meta property=\"og:image\" content=\"https:\/\/www.tabakversand.ch\/wp-content\/uploads\/2022\/04\/social-smoke-twisted-250.jpg\" \/>\n\t<meta property=\"og:image:width\" content=\"500\" \/>\n\t<meta property=\"og:image:height\" content=\"500\" \/>\n\t<meta property=\"og:image:type\" content=\"image\/jpeg\" \/>\n<meta name=\"twitter:card\" content=\"summary_large_image\" \/>\n<meta name=\"twitter:label1\" content=\"Dur\u00e9e de lecture estim\u00e9e\" \/>\n\t<meta name=\"twitter:data1\" content=\"1 minute\" \/>\n<script type=\"application\/ld+json\" class=\"yoast-schema-graph\">{\"@context\":\"https:\\\/\\\/schema.org\",\"@graph\":[{\"@type\":\"WebPage\",\"@id\":\"https:\\\/\\\/www.tabakversand.ch\\\/produit\\\/social-smoke-twisted-shisha-tabak-250-gr\\\/\",\"url\":\"https:\\\/\\\/www.tabakversand.ch\\\/produit\\\/social-smoke-twisted-shisha-tabak-250-gr\\\/\",\"name\":\"Social Smoke Twisted Hookah Tabac 250 gr. - Tabakversand.ch | Alles aus der Welt des Tabaks\",\"isPartOf\":{\"@id\":\"https:\\\/\\\/www.tabakversand.ch\\\/#website\"},\"primaryImageOfPage\":{\"@id\":\"https:\\\/\\\/www.tabakversand.ch\\\/produit\\\/social-smoke-twisted-shisha-tabak-250-gr\\\/#primaryimage\"},\"image\":{\"@id\":\"https:\\\/\\\/www.tabakversand.ch\\\/produit\\\/social-smoke-twisted-shisha-tabak-250-gr\\\/#primaryimage\"},\"thumbnailUrl\":\"https:\\\/\\\/www.tabakversand.ch\\\/wp-content\\\/uploads\\\/2022\\\/04\\\/social-smoke-twisted-250.jpg\",\"datePublished\":\"2022-04-02T09:22:03+00:00\",\"breadcrumb\":{\"@id\":\"https:\\\/\\\/www.tabakversand.ch\\\/produit\\\/social-smoke-twisted-shisha-tabak-250-gr\\\/#breadcrumb\"},\"inLanguage\":\"fr-FR\",\"potentialAction\":[{\"@type\":\"ReadAction\",\"target\":[\"https:\\\/\\\/www.tabakversand.ch\\\/produit\\\/social-smoke-twisted-shisha-tabak-250-gr\\\/\"]}]},{\"@type\":\"ImageObject\",\"inLanguage\":\"fr-FR\",\"@id\":\"https:\\\/\\\/www.tabakversand.ch\\\/produit\\\/social-smoke-twisted-shisha-tabak-250-gr\\\/#primaryimage\",\"url\":\"https:\\\/\\\/www.tabakversand.ch\\\/wp-content\\\/uploads\\\/2022\\\/04\\\/social-smoke-twisted-250.jpg\",\"contentUrl\":\"https:\\\/\\\/www.tabakversand.ch\\\/wp-content\\\/uploads\\\/2022\\\/04\\\/social-smoke-twisted-250.jpg\",\"width\":500,\"height\":500,\"caption\":\"Social Smoke Twisted Shisha Tabak 250 gr.\"},{\"@type\":\"BreadcrumbList\",\"@id\":\"https:\\\/\\\/www.tabakversand.ch\\\/produit\\\/social-smoke-twisted-shisha-tabak-250-gr\\\/#breadcrumb\",\"itemListElement\":[{\"@type\":\"ListItem\",\"position\":1,\"name\":\"Startseite\",\"item\":\"https:\\\/\\\/www.tabakversand.ch\\\/\"},{\"@type\":\"ListItem\",\"position\":2,\"name\":\"Boutique\",\"item\":\"https:\\\/\\\/www.tabakversand.ch\\\/fr\\\/boutique\\\/\"},{\"@type\":\"ListItem\",\"position\":3,\"name\":\"Social Smoke Twisted Hookah Tabac 250 gr.\"}]},{\"@type\":\"WebSite\",\"@id\":\"https:\\\/\\\/www.tabakversand.ch\\\/#website\",\"url\":\"https:\\\/\\\/www.tabakversand.ch\\\/\",\"name\":\"Tabakversand.ch | Alles aus der Welt des Tabaks\",\"description\":\"Smoke and carpe diem\",\"potentialAction\":[{\"@type\":\"SearchAction\",\"target\":{\"@type\":\"EntryPoint\",\"urlTemplate\":\"https:\\\/\\\/www.tabakversand.ch\\\/?s={search_term_string}\"},\"query-input\":{\"@type\":\"PropertyValueSpecification\",\"valueRequired\":true,\"valueName\":\"search_term_string\"}}],\"inLanguage\":\"fr-FR\"}]}<\/script>\n<!-- \/ Yoast SEO plugin. -->","yoast_head_json":{"title":"Social Smoke Twisted Hookah Tabac 250 gr. - Tabakversand.ch | Alles aus der Welt des Tabaks","robots":{"index":"index","follow":"follow","max-snippet":"max-snippet:-1","max-image-preview":"max-image-preview:large","max-video-preview":"max-video-preview:-1"},"canonical":"https:\/\/www.tabakversand.ch\/produit\/social-smoke-twisted-shisha-tabak-250-gr\/","og_locale":"fr_FR","og_type":"article","og_title":"Social Smoke Twisted Hookah Tabac 250 gr. - Tabakversand.ch | Alles aus der Welt des Tabaks","og_description":"Fum\u00e9e sociale tordue&nbsp; Tabac \u00e0 chicha 250 gr. Un tourbillon de fruits sucr\u00e9s avec des notes de vanille. Contenu250g M\u00e9lange TasteFruit Tous les prix ne sont valables que pour les commandes en ligne et comprennent La TVA, sont sujettes \u00e0 changement plus la TVA. Frais d\u2019exp\u00e9dition. Erreurs, changements dans l\u2019\u00e9tendue de la livraison et de [&hellip;]","og_url":"https:\/\/www.tabakversand.ch\/produit\/social-smoke-twisted-shisha-tabak-250-gr\/","og_site_name":"Tabakversand.ch | Alles aus der Welt des Tabaks","og_image":[{"width":500,"height":500,"url":"https:\/\/www.tabakversand.ch\/wp-content\/uploads\/2022\/04\/social-smoke-twisted-250.jpg","type":"image\/jpeg"}],"twitter_card":"summary_large_image","twitter_misc":{"Dur\u00e9e de lecture estim\u00e9e":"1 minute"},"schema":{"@context":"https:\/\/schema.org","@graph":[{"@type":"WebPage","@id":"https:\/\/www.tabakversand.ch\/produit\/social-smoke-twisted-shisha-tabak-250-gr\/","url":"https:\/\/www.tabakversand.ch\/produit\/social-smoke-twisted-shisha-tabak-250-gr\/","name":"Social Smoke Twisted Hookah Tabac 250 gr. - Tabakversand.ch | Alles aus der Welt des Tabaks","isPartOf":{"@id":"https:\/\/www.tabakversand.ch\/#website"},"primaryImageOfPage":{"@id":"https:\/\/www.tabakversand.ch\/produit\/social-smoke-twisted-shisha-tabak-250-gr\/#primaryimage"},"image":{"@id":"https:\/\/www.tabakversand.ch\/produit\/social-smoke-twisted-shisha-tabak-250-gr\/#primaryimage"},"thumbnailUrl":"https:\/\/www.tabakversand.ch\/wp-content\/uploads\/2022\/04\/social-smoke-twisted-250.jpg","datePublished":"2022-04-02T09:22:03+00:00","breadcrumb":{"@id":"https:\/\/www.tabakversand.ch\/produit\/social-smoke-twisted-shisha-tabak-250-gr\/#breadcrumb"},"inLanguage":"fr-FR","potentialAction":[{"@type":"ReadAction","target":["https:\/\/www.tabakversand.ch\/produit\/social-smoke-twisted-shisha-tabak-250-gr\/"]}]},{"@type":"ImageObject","inLanguage":"fr-FR","@id":"https:\/\/www.tabakversand.ch\/produit\/social-smoke-twisted-shisha-tabak-250-gr\/#primaryimage","url":"https:\/\/www.tabakversand.ch\/wp-content\/uploads\/2022\/04\/social-smoke-twisted-250.jpg","contentUrl":"https:\/\/www.tabakversand.ch\/wp-content\/uploads\/2022\/04\/social-smoke-twisted-250.jpg","width":500,"height":500,"caption":"Social Smoke Twisted Shisha Tabak 250 gr."},{"@type":"BreadcrumbList","@id":"https:\/\/www.tabakversand.ch\/produit\/social-smoke-twisted-shisha-tabak-250-gr\/#breadcrumb","itemListElement":[{"@type":"ListItem","position":1,"name":"Startseite","item":"https:\/\/www.tabakversand.ch\/"},{"@type":"ListItem","position":2,"name":"Boutique","item":"https:\/\/www.tabakversand.ch\/fr\/boutique\/"},{"@type":"ListItem","position":3,"name":"Social Smoke Twisted Hookah Tabac 250 gr."}]},{"@type":"WebSite","@id":"https:\/\/www.tabakversand.ch\/#website","url":"https:\/\/www.tabakversand.ch\/","name":"Tabakversand.ch | Alles aus der Welt des Tabaks","description":"Smoke and carpe diem","potentialAction":[{"@type":"SearchAction","target":{"@type":"EntryPoint","urlTemplate":"https:\/\/www.tabakversand.ch\/?s={search_term_string}"},"query-input":{"@type":"PropertyValueSpecification","valueRequired":true,"valueName":"search_term_string"}}],"inLanguage":"fr-FR"}]}},"_links":{"self":[{"href":"https:\/\/www.tabakversand.ch\/fr\/wp-json\/wp\/v2\/product\/65099","targetHints":{"allow":["GET"]}}],"collection":[{"href":"https:\/\/www.tabakversand.ch\/fr\/wp-json\/wp\/v2\/product"}],"about":[{"href":"https:\/\/www.tabakversand.ch\/fr\/wp-json\/wp\/v2\/types\/product"}],"version-history":[{"count":0,"href":"https:\/\/www.tabakversand.ch\/fr\/wp-json\/wp\/v2\/product\/65099\/revisions"}],"wp:featuredmedia":[{"embeddable":true,"href":"https:\/\/www.tabakversand.ch\/fr\/wp-json\/wp\/v2\/media\/157616"}],"wp:attachment":[{"href":"https:\/\/www.tabakversand.ch\/fr\/wp-json\/wp\/v2\/media?parent=65099"}],"wp:term":[{"taxonomy":"product_brand","embeddable":true,"href":"https:\/\/www.tabakversand.ch\/fr\/wp-json\/wp\/v2\/product_brand?post=65099"},{"taxonomy":"product_cat","embeddable":true,"href":"https:\/\/www.tabakversand.ch\/fr\/wp-json\/wp\/v2\/product_cat?post=65099"},{"taxonomy":"product_tag","embeddable":true,"href":"https:\/\/www.tabakversand.ch\/fr\/wp-json\/wp\/v2\/product_tag?post=65099"}],"curies":[{"name":"wp","href":"https:\/\/api.w.org\/{rel}","templated":true}]}}