{"id":65198,"date":"2022-04-02T11:20:58","date_gmt":"2022-04-02T09:20:58","guid":{"rendered":"http:\/\/www.tabakversand.ch\/produkt\/ocb-premium-tubes-filter-sleeves-250-pcs\/"},"modified":"2025-10-29T17:45:06","modified_gmt":"2025-10-29T16:45:06","slug":"ocb-premium-tubes-filterhuelsen-250-stk-2","status":"publish","type":"product","link":"https:\/\/www.tabakversand.ch\/fr\/produit\/ocb-premium-tubes-filterhuelsen-250-stk-2\/","title":{"rendered":"OCB Premium Tubes Filter Sleeves 250 pcs."},"content":{"rendered":"<h1>Manchons filtrants OCB Premium Tubes&nbsp;<\/h1>\n<h2>4 x 250 pi\u00e8ces.<\/h2>\n<p>Tous les prix ne sont valables que pour les commandes en ligne et comprennent La TVA, sont sujettes \u00e0 changement plus la TVA. Frais d\u2019exp\u00e9dition. Erreurs, changements dans l\u2019\u00e9tendue de la livraison et de la conception, erreurs d\u2019impression et changements de prix r\u00e9serv\u00e9s. Les prix barr\u00e9s sont stattpreise. L\u2019illustration peut diff\u00e9rer de l\u2019original \/ de la port\u00e9e de la livraison.<br \/>\n*Livraison gratuite \u00e0 partir de CHF 250.- valeur de la commande.<\/p>\n","protected":false},"excerpt":{"rendered":"<p>Manchons filtrants OCB Premium Tubes&nbsp; 4 x 250 pi\u00e8ces. Tous les prix ne sont valables que pour les commandes en ligne et comprennent La TVA, sont sujettes \u00e0 changement plus la TVA. Frais d\u2019exp\u00e9dition. Erreurs, changements dans l\u2019\u00e9tendue de la livraison et de la conception, erreurs d\u2019impression et changements de prix r\u00e9serv\u00e9s. Les prix barr\u00e9s [&hellip;]<\/p>\n","protected":false},"featured_media":65203,"template":"","meta":[],"product_brand":[1556],"product_cat":[1961,1956],"product_tag":[],"class_list":{"0":"post-65198","1":"product","2":"type-product","3":"status-publish","4":"has-post-thumbnail","6":"product_brand-ocb","7":"product_cat-cigarettes-self-made-fr-2","8":"product_cat-dosettes-de-cigarettes","10":"first","11":"onbackorder","12":"purchasable","13":"product-type-simple"},"yoast_head":"<!-- This site is optimized with the Yoast SEO plugin v27.0 - https:\/\/yoast.com\/product\/yoast-seo-wordpress\/ -->\n<title>OCB Premium Tubes Filter Sleeves 250 pcs. - Tabakversand.ch | Alles aus der Welt des Tabaks<\/title>\n<meta name=\"robots\" content=\"index, follow, max-snippet:-1, max-image-preview:large, max-video-preview:-1\" \/>\n<link rel=\"canonical\" href=\"https:\/\/www.tabakversand.ch\/fr\/produit\/ocb-premium-tubes-filterhuelsen-250-stk-2\/\" \/>\n<meta property=\"og:locale\" content=\"fr_FR\" \/>\n<meta property=\"og:type\" content=\"article\" \/>\n<meta property=\"og:title\" content=\"OCB Premium Tubes Filter Sleeves 250 pcs. - Tabakversand.ch | Alles aus der Welt des Tabaks\" \/>\n<meta property=\"og:description\" content=\"Manchons filtrants OCB Premium Tubes&nbsp; 4 x 250 pi\u00e8ces. Tous les prix ne sont valables que pour les commandes en ligne et comprennent La TVA, sont sujettes \u00e0 changement plus la TVA. Frais d\u2019exp\u00e9dition. Erreurs, changements dans l\u2019\u00e9tendue de la livraison et de la conception, erreurs d\u2019impression et changements de prix r\u00e9serv\u00e9s. Les prix barr\u00e9s [&hellip;]\" \/>\n<meta property=\"og:url\" content=\"https:\/\/www.tabakversand.ch\/fr\/produit\/ocb-premium-tubes-filterhuelsen-250-stk-2\/\" \/>\n<meta property=\"og:site_name\" content=\"Tabakversand.ch | Alles aus der Welt des Tabaks\" \/>\n<meta property=\"article:modified_time\" content=\"2025-10-29T16:45:06+00:00\" \/>\n<meta property=\"og:image\" content=\"https:\/\/www.tabakversand.ch\/wp-content\/uploads\/2022\/03\/ocb-premium-tubes-250.jpg\" \/>\n\t<meta property=\"og:image:width\" content=\"500\" \/>\n\t<meta property=\"og:image:height\" content=\"500\" \/>\n\t<meta property=\"og:image:type\" content=\"image\/jpeg\" \/>\n<meta name=\"twitter:card\" content=\"summary_large_image\" \/>\n<script type=\"application\/ld+json\" class=\"yoast-schema-graph\">{\"@context\":\"https:\/\/schema.org\",\"@graph\":[{\"@type\":\"WebPage\",\"@id\":\"https:\/\/www.tabakversand.ch\/fr\/produit\/ocb-premium-tubes-filterhuelsen-250-stk-2\/\",\"url\":\"https:\/\/www.tabakversand.ch\/fr\/produit\/ocb-premium-tubes-filterhuelsen-250-stk-2\/\",\"name\":\"OCB Premium Tubes Filter Sleeves 250 pcs. - Tabakversand.ch | Alles aus der Welt des Tabaks\",\"isPartOf\":{\"@id\":\"https:\/\/www.tabakversand.ch\/#website\"},\"primaryImageOfPage\":{\"@id\":\"https:\/\/www.tabakversand.ch\/fr\/produit\/ocb-premium-tubes-filterhuelsen-250-stk-2\/#primaryimage\"},\"image\":{\"@id\":\"https:\/\/www.tabakversand.ch\/fr\/produit\/ocb-premium-tubes-filterhuelsen-250-stk-2\/#primaryimage\"},\"thumbnailUrl\":\"https:\/\/www.tabakversand.ch\/wp-content\/uploads\/2022\/03\/ocb-premium-tubes-250.jpg\",\"datePublished\":\"2022-04-02T09:20:58+00:00\",\"dateModified\":\"2025-10-29T16:45:06+00:00\",\"breadcrumb\":{\"@id\":\"https:\/\/www.tabakversand.ch\/fr\/produit\/ocb-premium-tubes-filterhuelsen-250-stk-2\/#breadcrumb\"},\"inLanguage\":\"fr-FR\",\"potentialAction\":[{\"@type\":\"ReadAction\",\"target\":[\"https:\/\/www.tabakversand.ch\/fr\/produit\/ocb-premium-tubes-filterhuelsen-250-stk-2\/\"]}]},{\"@type\":\"ImageObject\",\"inLanguage\":\"fr-FR\",\"@id\":\"https:\/\/www.tabakversand.ch\/fr\/produit\/ocb-premium-tubes-filterhuelsen-250-stk-2\/#primaryimage\",\"url\":\"https:\/\/www.tabakversand.ch\/wp-content\/uploads\/2022\/03\/ocb-premium-tubes-250.jpg\",\"contentUrl\":\"https:\/\/www.tabakversand.ch\/wp-content\/uploads\/2022\/03\/ocb-premium-tubes-250.jpg\",\"width\":500,\"height\":500,\"caption\":\"OCB Premium Tubes Filter Sleeves 250 pcs.\"},{\"@type\":\"BreadcrumbList\",\"@id\":\"https:\/\/www.tabakversand.ch\/fr\/produit\/ocb-premium-tubes-filterhuelsen-250-stk-2\/#breadcrumb\",\"itemListElement\":[{\"@type\":\"ListItem\",\"position\":1,\"name\":\"Startseite\",\"item\":\"https:\/\/www.tabakversand.ch\/\"},{\"@type\":\"ListItem\",\"position\":2,\"name\":\"Boutique\",\"item\":\"https:\/\/www.tabakversand.ch\/fr\/boutique\/\"},{\"@type\":\"ListItem\",\"position\":3,\"name\":\"OCB Premium Tubes Filter Sleeves 250 pcs.\"}]},{\"@type\":\"WebSite\",\"@id\":\"https:\/\/www.tabakversand.ch\/#website\",\"url\":\"https:\/\/www.tabakversand.ch\/\",\"name\":\"Tabakversand.ch | Alles aus der Welt des Tabaks\",\"description\":\"Smoke and carpe diem\",\"potentialAction\":[{\"@type\":\"SearchAction\",\"target\":{\"@type\":\"EntryPoint\",\"urlTemplate\":\"https:\/\/www.tabakversand.ch\/?s={search_term_string}\"},\"query-input\":{\"@type\":\"PropertyValueSpecification\",\"valueRequired\":true,\"valueName\":\"search_term_string\"}}],\"inLanguage\":\"fr-FR\"}]}<\/script>\n<!-- \/ Yoast SEO plugin. -->","yoast_head_json":{"title":"OCB Premium Tubes Filter Sleeves 250 pcs. - Tabakversand.ch | Alles aus der Welt des Tabaks","robots":{"index":"index","follow":"follow","max-snippet":"max-snippet:-1","max-image-preview":"max-image-preview:large","max-video-preview":"max-video-preview:-1"},"canonical":"https:\/\/www.tabakversand.ch\/fr\/produit\/ocb-premium-tubes-filterhuelsen-250-stk-2\/","og_locale":"fr_FR","og_type":"article","og_title":"OCB Premium Tubes Filter Sleeves 250 pcs. - Tabakversand.ch | Alles aus der Welt des Tabaks","og_description":"Manchons filtrants OCB Premium Tubes&nbsp; 4 x 250 pi\u00e8ces. Tous les prix ne sont valables que pour les commandes en ligne et comprennent La TVA, sont sujettes \u00e0 changement plus la TVA. Frais d\u2019exp\u00e9dition. Erreurs, changements dans l\u2019\u00e9tendue de la livraison et de la conception, erreurs d\u2019impression et changements de prix r\u00e9serv\u00e9s. Les prix barr\u00e9s [&hellip;]","og_url":"https:\/\/www.tabakversand.ch\/fr\/produit\/ocb-premium-tubes-filterhuelsen-250-stk-2\/","og_site_name":"Tabakversand.ch | Alles aus der Welt des Tabaks","article_modified_time":"2025-10-29T16:45:06+00:00","og_image":[{"width":500,"height":500,"url":"https:\/\/www.tabakversand.ch\/wp-content\/uploads\/2022\/03\/ocb-premium-tubes-250.jpg","type":"image\/jpeg"}],"twitter_card":"summary_large_image","schema":{"@context":"https:\/\/schema.org","@graph":[{"@type":"WebPage","@id":"https:\/\/www.tabakversand.ch\/fr\/produit\/ocb-premium-tubes-filterhuelsen-250-stk-2\/","url":"https:\/\/www.tabakversand.ch\/fr\/produit\/ocb-premium-tubes-filterhuelsen-250-stk-2\/","name":"OCB Premium Tubes Filter Sleeves 250 pcs. - Tabakversand.ch | Alles aus der Welt des Tabaks","isPartOf":{"@id":"https:\/\/www.tabakversand.ch\/#website"},"primaryImageOfPage":{"@id":"https:\/\/www.tabakversand.ch\/fr\/produit\/ocb-premium-tubes-filterhuelsen-250-stk-2\/#primaryimage"},"image":{"@id":"https:\/\/www.tabakversand.ch\/fr\/produit\/ocb-premium-tubes-filterhuelsen-250-stk-2\/#primaryimage"},"thumbnailUrl":"https:\/\/www.tabakversand.ch\/wp-content\/uploads\/2022\/03\/ocb-premium-tubes-250.jpg","datePublished":"2022-04-02T09:20:58+00:00","dateModified":"2025-10-29T16:45:06+00:00","breadcrumb":{"@id":"https:\/\/www.tabakversand.ch\/fr\/produit\/ocb-premium-tubes-filterhuelsen-250-stk-2\/#breadcrumb"},"inLanguage":"fr-FR","potentialAction":[{"@type":"ReadAction","target":["https:\/\/www.tabakversand.ch\/fr\/produit\/ocb-premium-tubes-filterhuelsen-250-stk-2\/"]}]},{"@type":"ImageObject","inLanguage":"fr-FR","@id":"https:\/\/www.tabakversand.ch\/fr\/produit\/ocb-premium-tubes-filterhuelsen-250-stk-2\/#primaryimage","url":"https:\/\/www.tabakversand.ch\/wp-content\/uploads\/2022\/03\/ocb-premium-tubes-250.jpg","contentUrl":"https:\/\/www.tabakversand.ch\/wp-content\/uploads\/2022\/03\/ocb-premium-tubes-250.jpg","width":500,"height":500,"caption":"OCB Premium Tubes Filter Sleeves 250 pcs."},{"@type":"BreadcrumbList","@id":"https:\/\/www.tabakversand.ch\/fr\/produit\/ocb-premium-tubes-filterhuelsen-250-stk-2\/#breadcrumb","itemListElement":[{"@type":"ListItem","position":1,"name":"Startseite","item":"https:\/\/www.tabakversand.ch\/"},{"@type":"ListItem","position":2,"name":"Boutique","item":"https:\/\/www.tabakversand.ch\/fr\/boutique\/"},{"@type":"ListItem","position":3,"name":"OCB Premium Tubes Filter Sleeves 250 pcs."}]},{"@type":"WebSite","@id":"https:\/\/www.tabakversand.ch\/#website","url":"https:\/\/www.tabakversand.ch\/","name":"Tabakversand.ch | Alles aus der Welt des Tabaks","description":"Smoke and carpe diem","potentialAction":[{"@type":"SearchAction","target":{"@type":"EntryPoint","urlTemplate":"https:\/\/www.tabakversand.ch\/?s={search_term_string}"},"query-input":{"@type":"PropertyValueSpecification","valueRequired":true,"valueName":"search_term_string"}}],"inLanguage":"fr-FR"}]}},"_links":{"self":[{"href":"https:\/\/www.tabakversand.ch\/fr\/wp-json\/wp\/v2\/product\/65198","targetHints":{"allow":["GET"]}}],"collection":[{"href":"https:\/\/www.tabakversand.ch\/fr\/wp-json\/wp\/v2\/product"}],"about":[{"href":"https:\/\/www.tabakversand.ch\/fr\/wp-json\/wp\/v2\/types\/product"}],"version-history":[{"count":0,"href":"https:\/\/www.tabakversand.ch\/fr\/wp-json\/wp\/v2\/product\/65198\/revisions"}],"wp:featuredmedia":[{"embeddable":true,"href":"https:\/\/www.tabakversand.ch\/fr\/wp-json\/wp\/v2\/media\/65203"}],"wp:attachment":[{"href":"https:\/\/www.tabakversand.ch\/fr\/wp-json\/wp\/v2\/media?parent=65198"}],"wp:term":[{"taxonomy":"product_brand","embeddable":true,"href":"https:\/\/www.tabakversand.ch\/fr\/wp-json\/wp\/v2\/product_brand?post=65198"},{"taxonomy":"product_cat","embeddable":true,"href":"https:\/\/www.tabakversand.ch\/fr\/wp-json\/wp\/v2\/product_cat?post=65198"},{"taxonomy":"product_tag","embeddable":true,"href":"https:\/\/www.tabakversand.ch\/fr\/wp-json\/wp\/v2\/product_tag?post=65198"}],"curies":[{"name":"wp","href":"https:\/\/api.w.org\/{rel}","templated":true}]}}