{"id":65211,"date":"2022-04-02T11:20:58","date_gmt":"2022-04-02T09:20:58","guid":{"rendered":"http:\/\/www.tabakversand.ch\/produkt\/tabac-a-priser-eidgenoss-de-mc-chrystal\/"},"modified":"2026-03-02T17:37:52","modified_gmt":"2026-03-02T16:37:52","slug":"mc-chrystals-eidgenoss","status":"publish","type":"product","link":"https:\/\/www.tabakversand.ch\/fr\/produit\/mc-chrystals-eidgenoss\/","title":{"rendered":"Mc Chrystal&rsquo;s Eidgenoss"},"content":{"rendered":"<h1>Mc Chrystal&rsquo;s Eidgenoss<\/h1>\n<p>Le tabac \u00e0 priser Mc Chrystal&rsquo;s Eidgenoss est un tabac fin et frais, avec une l\u00e9g\u00e8re note d&rsquo;abricot m\u00fbr pour une finale agr\u00e9able. Disponible exclusivement en Suisse, il est id\u00e9al pour un plaisir quotidien.<\/p>\n<p>Chez tabakversand.ch, vous recevez le tabac \u00e0 priser Mc Chrystal&rsquo;s Eidgenoss fra\u00eechement conserv\u00e9 dans son emballage d&rsquo;origine. Un stockage soign\u00e9 garantit une pr\u00e9servation optimale de son ar\u00f4me, de son humidit\u00e9 et de sa qualit\u00e9 jusqu&rsquo;\u00e0 l&rsquo;exp\u00e9dition. Gr\u00e2ce \u00e0 une livraison rapide en Suisse, votre tabac \u00e0 priser vous parvient g\u00e9n\u00e9ralement tr\u00e8s rapidement.<\/p>\n<ul>\n<li>1 bo\u00eete: Capacit\u00e9 8.75gr.<\/li>\n<\/ul>\n<p>Pour plus d&rsquo;informations sur le fabricant Mc Chrystal&rsquo;s, veuillez consulter son site web officiel\u00a0: <u><a href=\"https:\/\/mcchrystals.co.uk\/\">cliquez ici<\/a><\/u> . Pour toute question concernant le produit, n&rsquo;h\u00e9sitez pas \u00e0 nous contacter\u00a0: <a href=\"https:\/\/www.tabakversand.ch\/kontakt\/\">cliquez ici<\/a> .<\/p>\n<p>Tous les prix s&rsquo;appliquent uniquement aux commandes en ligne et incluent la TVA. Sous r\u00e9serve de modifications sans pr\u00e9avis, frais de livraison en sus. Sous r\u00e9serve d&rsquo;erreurs, de modifications de contenu de livraison et de conception, de fautes d&rsquo;impression et de modifications de prix. Les prix barr\u00e9s sont des prix de remplacement. Les illustrations peuvent diff\u00e9rer de l&rsquo;original\/du contenu de livraison.<br \/>\n*Livraison gratuite pour les commandes sup\u00e9rieures \u00e0 CHF 250.-.<\/p>\n","protected":false},"excerpt":{"rendered":"<p>Mc Chrystal&rsquo;s Eidgenoss Le tabac \u00e0 priser Mc Chrystal&rsquo;s Eidgenoss est un tabac fin et frais, avec une l\u00e9g\u00e8re note d&rsquo;abricot m\u00fbr pour une finale agr\u00e9able. Disponible exclusivement en Suisse, il est id\u00e9al pour un plaisir quotidien. Chez tabakversand.ch, vous recevez le tabac \u00e0 priser Mc Chrystal&rsquo;s Eidgenoss fra\u00eechement conserv\u00e9 dans son emballage d&rsquo;origine. Un [&hellip;]<\/p>\n","protected":false},"featured_media":65216,"template":"","meta":[],"product_brand":[1526],"product_cat":[1888,1951,1950],"product_tag":[],"class_list":{"0":"post-65211","1":"product","2":"type-product","3":"status-publish","4":"has-post-thumbnail","6":"product_brand-mc-chrystals-schnupftabak","7":"product_cat-tabac","8":"product_cat-tabac-a-priser-et-accessoires","9":"product_cat-tabac-a-priser-schnupftabak","11":"first","12":"instock","13":"purchasable","14":"product-type-simple"},"yoast_head":"<!-- This site is optimized with the Yoast SEO plugin v27.5 - https:\/\/yoast.com\/product\/yoast-seo-wordpress\/ -->\n<title>Mc Chrystal&#039;s Eidgenoss - Tabakversand.ch | Alles aus der Welt des Tabaks<\/title>\n<meta name=\"description\" content=\"Tabac \u00e0 priser Mc Chrystal&#039;s Eidgenoss \u2013 un tabac \u00e0 priser fin et frais au d\u00e9licat ar\u00f4me d&#039;abricot. Exclusivement en Suisse, id\u00e9al pour un plaisir quotidien.\" \/>\n<meta name=\"robots\" content=\"index, follow, max-snippet:-1, max-image-preview:large, max-video-preview:-1\" \/>\n<link rel=\"canonical\" href=\"https:\/\/www.tabakversand.ch\/produit\/mc-chrystals-eidgenoss\/\" \/>\n<meta property=\"og:locale\" content=\"fr_FR\" \/>\n<meta property=\"og:type\" content=\"article\" \/>\n<meta property=\"og:title\" content=\"Mc Chrystal&#039;s Eidgenoss - Tabakversand.ch | Alles aus der Welt des Tabaks\" \/>\n<meta property=\"og:description\" content=\"Tabac \u00e0 priser Mc Chrystal&#039;s Eidgenoss \u2013 un tabac \u00e0 priser fin et frais au d\u00e9licat ar\u00f4me d&#039;abricot. Exclusivement en Suisse, id\u00e9al pour un plaisir quotidien.\" \/>\n<meta property=\"og:url\" content=\"https:\/\/www.tabakversand.ch\/produit\/mc-chrystals-eidgenoss\/\" \/>\n<meta property=\"og:site_name\" content=\"Tabakversand.ch | Alles aus der Welt des Tabaks\" \/>\n<meta property=\"article:modified_time\" content=\"2026-03-02T16:37:52+00:00\" \/>\n<meta property=\"og:image\" content=\"https:\/\/www.tabakversand.ch\/wp-content\/uploads\/2022\/03\/mc-chrystals-eidgenoss-snuff.jpg\" \/>\n\t<meta property=\"og:image:width\" content=\"500\" \/>\n\t<meta property=\"og:image:height\" content=\"500\" \/>\n\t<meta property=\"og:image:type\" content=\"image\/jpeg\" \/>\n<meta name=\"twitter:card\" content=\"summary_large_image\" \/>\n<meta name=\"twitter:label1\" content=\"Dur\u00e9e de lecture estim\u00e9e\" \/>\n\t<meta name=\"twitter:data1\" content=\"2 minutes\" \/>\n<script type=\"application\/ld+json\" class=\"yoast-schema-graph\">{\"@context\":\"https:\\\/\\\/schema.org\",\"@graph\":[{\"@type\":\"WebPage\",\"@id\":\"https:\\\/\\\/www.tabakversand.ch\\\/produit\\\/mc-chrystals-eidgenoss\\\/\",\"url\":\"https:\\\/\\\/www.tabakversand.ch\\\/produit\\\/mc-chrystals-eidgenoss\\\/\",\"name\":\"Mc Chrystal's Eidgenoss - Tabakversand.ch | Alles aus der Welt des Tabaks\",\"isPartOf\":{\"@id\":\"https:\\\/\\\/www.tabakversand.ch\\\/#website\"},\"primaryImageOfPage\":{\"@id\":\"https:\\\/\\\/www.tabakversand.ch\\\/produit\\\/mc-chrystals-eidgenoss\\\/#primaryimage\"},\"image\":{\"@id\":\"https:\\\/\\\/www.tabakversand.ch\\\/produit\\\/mc-chrystals-eidgenoss\\\/#primaryimage\"},\"thumbnailUrl\":\"https:\\\/\\\/www.tabakversand.ch\\\/wp-content\\\/uploads\\\/2022\\\/03\\\/mc-chrystals-eidgenoss-snuff.jpg\",\"datePublished\":\"2022-04-02T09:20:58+00:00\",\"dateModified\":\"2026-03-02T16:37:52+00:00\",\"description\":\"Tabac \u00e0 priser Mc Chrystal's Eidgenoss \u2013 un tabac \u00e0 priser fin et frais au d\u00e9licat ar\u00f4me d'abricot. Exclusivement en Suisse, id\u00e9al pour un plaisir quotidien.\",\"breadcrumb\":{\"@id\":\"https:\\\/\\\/www.tabakversand.ch\\\/produit\\\/mc-chrystals-eidgenoss\\\/#breadcrumb\"},\"inLanguage\":\"fr-FR\",\"potentialAction\":[{\"@type\":\"ReadAction\",\"target\":[\"https:\\\/\\\/www.tabakversand.ch\\\/produit\\\/mc-chrystals-eidgenoss\\\/\"]}]},{\"@type\":\"ImageObject\",\"inLanguage\":\"fr-FR\",\"@id\":\"https:\\\/\\\/www.tabakversand.ch\\\/produit\\\/mc-chrystals-eidgenoss\\\/#primaryimage\",\"url\":\"https:\\\/\\\/www.tabakversand.ch\\\/wp-content\\\/uploads\\\/2022\\\/03\\\/mc-chrystals-eidgenoss-snuff.jpg\",\"contentUrl\":\"https:\\\/\\\/www.tabakversand.ch\\\/wp-content\\\/uploads\\\/2022\\\/03\\\/mc-chrystals-eidgenoss-snuff.jpg\",\"width\":500,\"height\":500,\"caption\":\"Tabac \u00e0 priser Eidgenoss de Mc Chrystal\"},{\"@type\":\"BreadcrumbList\",\"@id\":\"https:\\\/\\\/www.tabakversand.ch\\\/produit\\\/mc-chrystals-eidgenoss\\\/#breadcrumb\",\"itemListElement\":[{\"@type\":\"ListItem\",\"position\":1,\"name\":\"Startseite\",\"item\":\"https:\\\/\\\/www.tabakversand.ch\\\/\"},{\"@type\":\"ListItem\",\"position\":2,\"name\":\"Boutique\",\"item\":\"https:\\\/\\\/www.tabakversand.ch\\\/fr\\\/boutique\\\/\"},{\"@type\":\"ListItem\",\"position\":3,\"name\":\"Mc Chrystal&#8217;s Eidgenoss\"}]},{\"@type\":\"WebSite\",\"@id\":\"https:\\\/\\\/www.tabakversand.ch\\\/#website\",\"url\":\"https:\\\/\\\/www.tabakversand.ch\\\/\",\"name\":\"Tabakversand.ch | Alles aus der Welt des Tabaks\",\"description\":\"Smoke and carpe diem\",\"potentialAction\":[{\"@type\":\"SearchAction\",\"target\":{\"@type\":\"EntryPoint\",\"urlTemplate\":\"https:\\\/\\\/www.tabakversand.ch\\\/?s={search_term_string}\"},\"query-input\":{\"@type\":\"PropertyValueSpecification\",\"valueRequired\":true,\"valueName\":\"search_term_string\"}}],\"inLanguage\":\"fr-FR\"}]}<\/script>\n<!-- \/ Yoast SEO plugin. -->","yoast_head_json":{"title":"Mc Chrystal's Eidgenoss - Tabakversand.ch | Alles aus der Welt des Tabaks","description":"Tabac \u00e0 priser Mc Chrystal's Eidgenoss \u2013 un tabac \u00e0 priser fin et frais au d\u00e9licat ar\u00f4me d'abricot. Exclusivement en Suisse, id\u00e9al pour un plaisir quotidien.","robots":{"index":"index","follow":"follow","max-snippet":"max-snippet:-1","max-image-preview":"max-image-preview:large","max-video-preview":"max-video-preview:-1"},"canonical":"https:\/\/www.tabakversand.ch\/produit\/mc-chrystals-eidgenoss\/","og_locale":"fr_FR","og_type":"article","og_title":"Mc Chrystal's Eidgenoss - Tabakversand.ch | Alles aus der Welt des Tabaks","og_description":"Tabac \u00e0 priser Mc Chrystal's Eidgenoss \u2013 un tabac \u00e0 priser fin et frais au d\u00e9licat ar\u00f4me d'abricot. Exclusivement en Suisse, id\u00e9al pour un plaisir quotidien.","og_url":"https:\/\/www.tabakversand.ch\/produit\/mc-chrystals-eidgenoss\/","og_site_name":"Tabakversand.ch | Alles aus der Welt des Tabaks","article_modified_time":"2026-03-02T16:37:52+00:00","og_image":[{"width":500,"height":500,"url":"https:\/\/www.tabakversand.ch\/wp-content\/uploads\/2022\/03\/mc-chrystals-eidgenoss-snuff.jpg","type":"image\/jpeg"}],"twitter_card":"summary_large_image","twitter_misc":{"Dur\u00e9e de lecture estim\u00e9e":"2 minutes"},"schema":{"@context":"https:\/\/schema.org","@graph":[{"@type":"WebPage","@id":"https:\/\/www.tabakversand.ch\/produit\/mc-chrystals-eidgenoss\/","url":"https:\/\/www.tabakversand.ch\/produit\/mc-chrystals-eidgenoss\/","name":"Mc Chrystal's Eidgenoss - Tabakversand.ch | Alles aus der Welt des Tabaks","isPartOf":{"@id":"https:\/\/www.tabakversand.ch\/#website"},"primaryImageOfPage":{"@id":"https:\/\/www.tabakversand.ch\/produit\/mc-chrystals-eidgenoss\/#primaryimage"},"image":{"@id":"https:\/\/www.tabakversand.ch\/produit\/mc-chrystals-eidgenoss\/#primaryimage"},"thumbnailUrl":"https:\/\/www.tabakversand.ch\/wp-content\/uploads\/2022\/03\/mc-chrystals-eidgenoss-snuff.jpg","datePublished":"2022-04-02T09:20:58+00:00","dateModified":"2026-03-02T16:37:52+00:00","description":"Tabac \u00e0 priser Mc Chrystal's Eidgenoss \u2013 un tabac \u00e0 priser fin et frais au d\u00e9licat ar\u00f4me d'abricot. Exclusivement en Suisse, id\u00e9al pour un plaisir quotidien.","breadcrumb":{"@id":"https:\/\/www.tabakversand.ch\/produit\/mc-chrystals-eidgenoss\/#breadcrumb"},"inLanguage":"fr-FR","potentialAction":[{"@type":"ReadAction","target":["https:\/\/www.tabakversand.ch\/produit\/mc-chrystals-eidgenoss\/"]}]},{"@type":"ImageObject","inLanguage":"fr-FR","@id":"https:\/\/www.tabakversand.ch\/produit\/mc-chrystals-eidgenoss\/#primaryimage","url":"https:\/\/www.tabakversand.ch\/wp-content\/uploads\/2022\/03\/mc-chrystals-eidgenoss-snuff.jpg","contentUrl":"https:\/\/www.tabakversand.ch\/wp-content\/uploads\/2022\/03\/mc-chrystals-eidgenoss-snuff.jpg","width":500,"height":500,"caption":"Tabac \u00e0 priser Eidgenoss de Mc Chrystal"},{"@type":"BreadcrumbList","@id":"https:\/\/www.tabakversand.ch\/produit\/mc-chrystals-eidgenoss\/#breadcrumb","itemListElement":[{"@type":"ListItem","position":1,"name":"Startseite","item":"https:\/\/www.tabakversand.ch\/"},{"@type":"ListItem","position":2,"name":"Boutique","item":"https:\/\/www.tabakversand.ch\/fr\/boutique\/"},{"@type":"ListItem","position":3,"name":"Mc Chrystal&#8217;s Eidgenoss"}]},{"@type":"WebSite","@id":"https:\/\/www.tabakversand.ch\/#website","url":"https:\/\/www.tabakversand.ch\/","name":"Tabakversand.ch | Alles aus der Welt des Tabaks","description":"Smoke and carpe diem","potentialAction":[{"@type":"SearchAction","target":{"@type":"EntryPoint","urlTemplate":"https:\/\/www.tabakversand.ch\/?s={search_term_string}"},"query-input":{"@type":"PropertyValueSpecification","valueRequired":true,"valueName":"search_term_string"}}],"inLanguage":"fr-FR"}]}},"_links":{"self":[{"href":"https:\/\/www.tabakversand.ch\/fr\/wp-json\/wp\/v2\/product\/65211","targetHints":{"allow":["GET"]}}],"collection":[{"href":"https:\/\/www.tabakversand.ch\/fr\/wp-json\/wp\/v2\/product"}],"about":[{"href":"https:\/\/www.tabakversand.ch\/fr\/wp-json\/wp\/v2\/types\/product"}],"version-history":[{"count":4,"href":"https:\/\/www.tabakversand.ch\/fr\/wp-json\/wp\/v2\/product\/65211\/revisions"}],"predecessor-version":[{"id":213304,"href":"https:\/\/www.tabakversand.ch\/fr\/wp-json\/wp\/v2\/product\/65211\/revisions\/213304"}],"wp:featuredmedia":[{"embeddable":true,"href":"https:\/\/www.tabakversand.ch\/fr\/wp-json\/wp\/v2\/media\/65216"}],"wp:attachment":[{"href":"https:\/\/www.tabakversand.ch\/fr\/wp-json\/wp\/v2\/media?parent=65211"}],"wp:term":[{"taxonomy":"product_brand","embeddable":true,"href":"https:\/\/www.tabakversand.ch\/fr\/wp-json\/wp\/v2\/product_brand?post=65211"},{"taxonomy":"product_cat","embeddable":true,"href":"https:\/\/www.tabakversand.ch\/fr\/wp-json\/wp\/v2\/product_cat?post=65211"},{"taxonomy":"product_tag","embeddable":true,"href":"https:\/\/www.tabakversand.ch\/fr\/wp-json\/wp\/v2\/product_tag?post=65211"}],"curies":[{"name":"wp","href":"https:\/\/api.w.org\/{rel}","templated":true}]}}