{"id":65676,"date":"2022-04-02T11:20:04","date_gmt":"2022-04-02T09:20:04","guid":{"rendered":"http:\/\/www.tabakversand.ch\/produkt\/shire-midnight-mixture-50-gr-tabac-a-pipe\/"},"modified":"2026-04-16T15:01:59","modified_gmt":"2026-04-16T13:01:59","slug":"auenland-midnight-mixture-50-gr-pipe-tabac","status":"publish","type":"product","link":"https:\/\/www.tabakversand.ch\/fr\/produit\/auenland-midnight-mixture-50-gr-pipe-tabac\/","title":{"rendered":"Shire Midnight Mixture 50 gr. Tabac \u00e0 pipe"},"content":{"rendered":"<p>Shire Midnight Mixture Pipe Tobacco 50 gr.<\/p>\n<p>Doux, l\u00e9g\u00e8rement fruit\u00e9 sucr\u00e9. M\u00e9lange d\u2019une forte proportion de Black Cavendish cors\u00e9, de tabacs de Virginie dor\u00e9s, rouges et bruns et de Burley noisette raffin\u00e9 avec un ar\u00f4me de cr\u00e8me de p\u00eache douce. Diff\u00e9rentes coupes des feuilles de tabac entra\u00eenent une combustion uniforme.<\/p>\n<p>Tous les prix indiqu\u00e9s sont valables uniquement pour les commandes en ligne, TVA incluse, et peuvent \u00eatre modifi\u00e9s sans pr\u00e9avis. Les frais de port sont en sus.   Sous r\u00e9serve d&rsquo;erreurs, de modifications de l&rsquo;\u00e9tendue de la livraison et de la conception, d&rsquo;erreurs d&rsquo;impression et de modifications de prix. Les prix barr\u00e9s sont plut\u00f4t des prix. L&rsquo;illustration peut diff\u00e9rer de l&rsquo;original\/de l&rsquo;\u00e9tendue de la livraison.<br \/>\n*Livraison gratuite pour les commandes sup\u00e9rieures \u00e0 CHF 250.-.<\/p>\n","protected":false},"excerpt":{"rendered":"<p>Shire Midnight Mixture Pipe Tobacco 50 gr. Doux, l\u00e9g\u00e8rement fruit\u00e9 sucr\u00e9. M\u00e9lange d\u2019une forte proportion de Black Cavendish cors\u00e9, de tabacs de Virginie dor\u00e9s, rouges et bruns et de Burley noisette raffin\u00e9 avec un ar\u00f4me de cr\u00e8me de p\u00eache douce. Diff\u00e9rentes coupes des feuilles de tabac entra\u00eenent une combustion uniforme. Tous les prix indiqu\u00e9s sont [&hellip;]<\/p>\n","protected":false},"featured_media":65684,"template":"","meta":[],"product_brand":[5815],"product_cat":[5814,1949,1888,2040],"product_tag":[],"class_list":{"0":"post-65676","1":"product","2":"type-product","3":"status-publish","4":"has-post-thumbnail","6":"product_brand-auenland-pfeifenbedarf","7":"product_cat-boites","8":"product_cat-pipe-world-fr","9":"product_cat-tabac","10":"product_cat-tabac-a-pipe-fr","12":"first","13":"instock","14":"purchasable","15":"product-type-simple"},"yoast_head":"<!-- This site is optimized with the Yoast SEO plugin v27.5 - https:\/\/yoast.com\/product\/yoast-seo-wordpress\/ -->\n<title>Shire Midnight Mixture 50 gr. Tabac \u00e0 pipe - tabakversand.ch<\/title>\n<meta name=\"description\" content=\"Shire Midnight Mixture 50 gr. Tabac \u00e0 pipe | Un tr\u00e8s grand choix de produits du tabac et d\u2019accessoires dans toute la Suisse | Cartes accept\u00e9es!\" \/>\n<meta name=\"robots\" content=\"index, follow, max-snippet:-1, max-image-preview:large, max-video-preview:-1\" \/>\n<link rel=\"canonical\" href=\"https:\/\/www.tabakversand.ch\/fr\/produit\/auenland-midnight-mixture-50-gr-pipe-tabac\/\" \/>\n<meta property=\"og:locale\" content=\"fr_FR\" \/>\n<meta property=\"og:type\" content=\"article\" \/>\n<meta property=\"og:title\" content=\"Shire Midnight Mixture 50 gr. Tabac \u00e0 pipe - tabakversand.ch\" \/>\n<meta property=\"og:description\" content=\"Shire Midnight Mixture 50 gr. Tabac \u00e0 pipe | Un tr\u00e8s grand choix de produits du tabac et d\u2019accessoires dans toute la Suisse | Cartes accept\u00e9es!\" \/>\n<meta property=\"og:url\" content=\"https:\/\/www.tabakversand.ch\/fr\/produit\/auenland-midnight-mixture-50-gr-pipe-tabac\/\" \/>\n<meta property=\"og:site_name\" content=\"Tabakversand.ch | Alles aus der Welt des Tabaks\" \/>\n<meta property=\"article:modified_time\" content=\"2026-04-16T13:01:59+00:00\" \/>\n<meta property=\"og:image\" content=\"https:\/\/www.tabakversand.ch\/wp-content\/uploads\/2022\/03\/vauen-auenland-pfeifentabak-midnight-mixture.jpg\" \/>\n\t<meta property=\"og:image:width\" content=\"500\" \/>\n\t<meta property=\"og:image:height\" content=\"420\" \/>\n\t<meta property=\"og:image:type\" content=\"image\/jpeg\" \/>\n<meta name=\"twitter:card\" content=\"summary_large_image\" \/>\n<meta name=\"twitter:label1\" content=\"Dur\u00e9e de lecture estim\u00e9e\" \/>\n\t<meta name=\"twitter:data1\" content=\"1 minute\" \/>\n<script type=\"application\/ld+json\" class=\"yoast-schema-graph\">{\"@context\":\"https:\\\/\\\/schema.org\",\"@graph\":[{\"@type\":\"WebPage\",\"@id\":\"https:\\\/\\\/www.tabakversand.ch\\\/fr\\\/produit\\\/auenland-midnight-mixture-50-gr-pipe-tabac\\\/\",\"url\":\"https:\\\/\\\/www.tabakversand.ch\\\/fr\\\/produit\\\/auenland-midnight-mixture-50-gr-pipe-tabac\\\/\",\"name\":\"Shire Midnight Mixture 50 gr. Tabac \u00e0 pipe - tabakversand.ch\",\"isPartOf\":{\"@id\":\"https:\\\/\\\/www.tabakversand.ch\\\/#website\"},\"primaryImageOfPage\":{\"@id\":\"https:\\\/\\\/www.tabakversand.ch\\\/fr\\\/produit\\\/auenland-midnight-mixture-50-gr-pipe-tabac\\\/#primaryimage\"},\"image\":{\"@id\":\"https:\\\/\\\/www.tabakversand.ch\\\/fr\\\/produit\\\/auenland-midnight-mixture-50-gr-pipe-tabac\\\/#primaryimage\"},\"thumbnailUrl\":\"https:\\\/\\\/www.tabakversand.ch\\\/wp-content\\\/uploads\\\/2022\\\/03\\\/vauen-auenland-pfeifentabak-midnight-mixture.jpg\",\"datePublished\":\"2022-04-02T09:20:04+00:00\",\"dateModified\":\"2026-04-16T13:01:59+00:00\",\"description\":\"Shire Midnight Mixture 50 gr. Tabac \u00e0 pipe | Un tr\u00e8s grand choix de produits du tabac et d\u2019accessoires dans toute la Suisse | Cartes accept\u00e9es!\",\"breadcrumb\":{\"@id\":\"https:\\\/\\\/www.tabakversand.ch\\\/fr\\\/produit\\\/auenland-midnight-mixture-50-gr-pipe-tabac\\\/#breadcrumb\"},\"inLanguage\":\"fr-FR\",\"potentialAction\":[{\"@type\":\"ReadAction\",\"target\":[\"https:\\\/\\\/www.tabakversand.ch\\\/fr\\\/produit\\\/auenland-midnight-mixture-50-gr-pipe-tabac\\\/\"]}]},{\"@type\":\"ImageObject\",\"inLanguage\":\"fr-FR\",\"@id\":\"https:\\\/\\\/www.tabakversand.ch\\\/fr\\\/produit\\\/auenland-midnight-mixture-50-gr-pipe-tabac\\\/#primaryimage\",\"url\":\"https:\\\/\\\/www.tabakversand.ch\\\/wp-content\\\/uploads\\\/2022\\\/03\\\/vauen-auenland-pfeifentabak-midnight-mixture.jpg\",\"contentUrl\":\"https:\\\/\\\/www.tabakversand.ch\\\/wp-content\\\/uploads\\\/2022\\\/03\\\/vauen-auenland-pfeifentabak-midnight-mixture.jpg\",\"width\":500,\"height\":420,\"caption\":\"Shire Midnight Mixture 50 gr. Tabac \u00e0 pipe\"},{\"@type\":\"BreadcrumbList\",\"@id\":\"https:\\\/\\\/www.tabakversand.ch\\\/fr\\\/produit\\\/auenland-midnight-mixture-50-gr-pipe-tabac\\\/#breadcrumb\",\"itemListElement\":[{\"@type\":\"ListItem\",\"position\":1,\"name\":\"Startseite\",\"item\":\"https:\\\/\\\/www.tabakversand.ch\\\/\"},{\"@type\":\"ListItem\",\"position\":2,\"name\":\"Boutique\",\"item\":\"https:\\\/\\\/www.tabakversand.ch\\\/fr\\\/boutique\\\/\"},{\"@type\":\"ListItem\",\"position\":3,\"name\":\"Shire Midnight Mixture 50 gr. Tabac \u00e0 pipe\"}]},{\"@type\":\"WebSite\",\"@id\":\"https:\\\/\\\/www.tabakversand.ch\\\/#website\",\"url\":\"https:\\\/\\\/www.tabakversand.ch\\\/\",\"name\":\"Tabakversand.ch | Alles aus der Welt des Tabaks\",\"description\":\"Smoke and carpe diem\",\"potentialAction\":[{\"@type\":\"SearchAction\",\"target\":{\"@type\":\"EntryPoint\",\"urlTemplate\":\"https:\\\/\\\/www.tabakversand.ch\\\/?s={search_term_string}\"},\"query-input\":{\"@type\":\"PropertyValueSpecification\",\"valueRequired\":true,\"valueName\":\"search_term_string\"}}],\"inLanguage\":\"fr-FR\"}]}<\/script>\n<!-- \/ Yoast SEO plugin. -->","yoast_head_json":{"title":"Shire Midnight Mixture 50 gr. Tabac \u00e0 pipe - tabakversand.ch","description":"Shire Midnight Mixture 50 gr. Tabac \u00e0 pipe | Un tr\u00e8s grand choix de produits du tabac et d\u2019accessoires dans toute la Suisse | Cartes accept\u00e9es!","robots":{"index":"index","follow":"follow","max-snippet":"max-snippet:-1","max-image-preview":"max-image-preview:large","max-video-preview":"max-video-preview:-1"},"canonical":"https:\/\/www.tabakversand.ch\/fr\/produit\/auenland-midnight-mixture-50-gr-pipe-tabac\/","og_locale":"fr_FR","og_type":"article","og_title":"Shire Midnight Mixture 50 gr. Tabac \u00e0 pipe - tabakversand.ch","og_description":"Shire Midnight Mixture 50 gr. Tabac \u00e0 pipe | Un tr\u00e8s grand choix de produits du tabac et d\u2019accessoires dans toute la Suisse | Cartes accept\u00e9es!","og_url":"https:\/\/www.tabakversand.ch\/fr\/produit\/auenland-midnight-mixture-50-gr-pipe-tabac\/","og_site_name":"Tabakversand.ch | Alles aus der Welt des Tabaks","article_modified_time":"2026-04-16T13:01:59+00:00","og_image":[{"width":500,"height":420,"url":"https:\/\/www.tabakversand.ch\/wp-content\/uploads\/2022\/03\/vauen-auenland-pfeifentabak-midnight-mixture.jpg","type":"image\/jpeg"}],"twitter_card":"summary_large_image","twitter_misc":{"Dur\u00e9e de lecture estim\u00e9e":"1 minute"},"schema":{"@context":"https:\/\/schema.org","@graph":[{"@type":"WebPage","@id":"https:\/\/www.tabakversand.ch\/fr\/produit\/auenland-midnight-mixture-50-gr-pipe-tabac\/","url":"https:\/\/www.tabakversand.ch\/fr\/produit\/auenland-midnight-mixture-50-gr-pipe-tabac\/","name":"Shire Midnight Mixture 50 gr. Tabac \u00e0 pipe - tabakversand.ch","isPartOf":{"@id":"https:\/\/www.tabakversand.ch\/#website"},"primaryImageOfPage":{"@id":"https:\/\/www.tabakversand.ch\/fr\/produit\/auenland-midnight-mixture-50-gr-pipe-tabac\/#primaryimage"},"image":{"@id":"https:\/\/www.tabakversand.ch\/fr\/produit\/auenland-midnight-mixture-50-gr-pipe-tabac\/#primaryimage"},"thumbnailUrl":"https:\/\/www.tabakversand.ch\/wp-content\/uploads\/2022\/03\/vauen-auenland-pfeifentabak-midnight-mixture.jpg","datePublished":"2022-04-02T09:20:04+00:00","dateModified":"2026-04-16T13:01:59+00:00","description":"Shire Midnight Mixture 50 gr. Tabac \u00e0 pipe | Un tr\u00e8s grand choix de produits du tabac et d\u2019accessoires dans toute la Suisse | Cartes accept\u00e9es!","breadcrumb":{"@id":"https:\/\/www.tabakversand.ch\/fr\/produit\/auenland-midnight-mixture-50-gr-pipe-tabac\/#breadcrumb"},"inLanguage":"fr-FR","potentialAction":[{"@type":"ReadAction","target":["https:\/\/www.tabakversand.ch\/fr\/produit\/auenland-midnight-mixture-50-gr-pipe-tabac\/"]}]},{"@type":"ImageObject","inLanguage":"fr-FR","@id":"https:\/\/www.tabakversand.ch\/fr\/produit\/auenland-midnight-mixture-50-gr-pipe-tabac\/#primaryimage","url":"https:\/\/www.tabakversand.ch\/wp-content\/uploads\/2022\/03\/vauen-auenland-pfeifentabak-midnight-mixture.jpg","contentUrl":"https:\/\/www.tabakversand.ch\/wp-content\/uploads\/2022\/03\/vauen-auenland-pfeifentabak-midnight-mixture.jpg","width":500,"height":420,"caption":"Shire Midnight Mixture 50 gr. Tabac \u00e0 pipe"},{"@type":"BreadcrumbList","@id":"https:\/\/www.tabakversand.ch\/fr\/produit\/auenland-midnight-mixture-50-gr-pipe-tabac\/#breadcrumb","itemListElement":[{"@type":"ListItem","position":1,"name":"Startseite","item":"https:\/\/www.tabakversand.ch\/"},{"@type":"ListItem","position":2,"name":"Boutique","item":"https:\/\/www.tabakversand.ch\/fr\/boutique\/"},{"@type":"ListItem","position":3,"name":"Shire Midnight Mixture 50 gr. Tabac \u00e0 pipe"}]},{"@type":"WebSite","@id":"https:\/\/www.tabakversand.ch\/#website","url":"https:\/\/www.tabakversand.ch\/","name":"Tabakversand.ch | Alles aus der Welt des Tabaks","description":"Smoke and carpe diem","potentialAction":[{"@type":"SearchAction","target":{"@type":"EntryPoint","urlTemplate":"https:\/\/www.tabakversand.ch\/?s={search_term_string}"},"query-input":{"@type":"PropertyValueSpecification","valueRequired":true,"valueName":"search_term_string"}}],"inLanguage":"fr-FR"}]}},"_links":{"self":[{"href":"https:\/\/www.tabakversand.ch\/fr\/wp-json\/wp\/v2\/product\/65676","targetHints":{"allow":["GET"]}}],"collection":[{"href":"https:\/\/www.tabakversand.ch\/fr\/wp-json\/wp\/v2\/product"}],"about":[{"href":"https:\/\/www.tabakversand.ch\/fr\/wp-json\/wp\/v2\/types\/product"}],"version-history":[{"count":3,"href":"https:\/\/www.tabakversand.ch\/fr\/wp-json\/wp\/v2\/product\/65676\/revisions"}],"predecessor-version":[{"id":217676,"href":"https:\/\/www.tabakversand.ch\/fr\/wp-json\/wp\/v2\/product\/65676\/revisions\/217676"}],"wp:featuredmedia":[{"embeddable":true,"href":"https:\/\/www.tabakversand.ch\/fr\/wp-json\/wp\/v2\/media\/65684"}],"wp:attachment":[{"href":"https:\/\/www.tabakversand.ch\/fr\/wp-json\/wp\/v2\/media?parent=65676"}],"wp:term":[{"taxonomy":"product_brand","embeddable":true,"href":"https:\/\/www.tabakversand.ch\/fr\/wp-json\/wp\/v2\/product_brand?post=65676"},{"taxonomy":"product_cat","embeddable":true,"href":"https:\/\/www.tabakversand.ch\/fr\/wp-json\/wp\/v2\/product_cat?post=65676"},{"taxonomy":"product_tag","embeddable":true,"href":"https:\/\/www.tabakversand.ch\/fr\/wp-json\/wp\/v2\/product_tag?post=65676"}],"curies":[{"name":"wp","href":"https:\/\/api.w.org\/{rel}","templated":true}]}}