{"id":66324,"date":"2022-04-02T11:16:45","date_gmt":"2022-04-02T09:16:45","guid":{"rendered":"http:\/\/www.tabakversand.ch\/produkt\/sac-a-tabac-en-cuir-dw-hunter\/"},"modified":"2025-02-19T06:44:31","modified_gmt":"2025-02-19T05:44:31","slug":"blague-a-tabac-guy-janot-cuir-dw-hunter-cuir","status":"publish","type":"product","link":"https:\/\/www.tabakversand.ch\/fr\/produit\/blague-a-tabac-guy-janot-cuir-dw-hunter-cuir\/","title":{"rendered":"Blague \u00e0 tabac Guy Janot Cuir DW Hunter Cuir"},"content":{"rendered":"<p>Blague \u00e0 tabac Guy Janot Cuir DW Hunter Cuir<\/p>\n<p>Cuir v\u00e9ritable<\/p>\n<p>\u00c0 l&rsquo;int\u00e9rieur : caoutchouc pour garder votre tabac humide<br \/>\ncompartiment pour vos papiers DW<br \/>\n16 x 8 cm<\/p>\n<p>Tous les prix s&rsquo;appliquent uniquement aux commandes en ligne et incluent la TVA. TVA, sous r\u00e9serve de modifications plus Exp\u00e9dition. Sous r\u00e9serve d&rsquo;erreurs, de modifications de l&rsquo;\u00e9tendue de la livraison et de la conception, d&rsquo;erreurs d&rsquo;impression et de modifications de prix. Les prix barr\u00e9s sont plut\u00f4t des prix. L&rsquo;illustration peut diff\u00e9rer de l&rsquo;original\/de l&rsquo;\u00e9tendue de la livraison.<br \/>\n*Livraison gratuite pour les commandes sup\u00e9rieures \u00e0 CHF 250.<\/p>\n","protected":false},"excerpt":{"rendered":"<p>Blague \u00e0 tabac Guy Janot Cuir DW Hunter Cuir Cuir v\u00e9ritable \u00c0 l&rsquo;int\u00e9rieur : caoutchouc pour garder votre tabac humide compartiment pour vos papiers DW 16 x 8 cm Tous les prix s&rsquo;appliquent uniquement aux commandes en ligne et incluent la TVA. TVA, sous r\u00e9serve de modifications plus Exp\u00e9dition. Sous r\u00e9serve d&rsquo;erreurs, de modifications de [&hellip;]<\/p>\n","protected":false},"featured_media":66327,"template":"","meta":[],"product_brand":[3285],"product_cat":[2483,3255,1961],"product_tag":[],"class_list":{"0":"post-66324","1":"product","2":"type-product","3":"status-publish","4":"has-post-thumbnail","6":"product_brand-guy-janot","7":"product_cat-accessoires-pour-cigarettes","8":"product_cat-blagues-a-tabac-pour-cigarettes","9":"product_cat-cigarettes-self-made-fr-2","11":"first","12":"instock","13":"purchasable","14":"product-type-simple"},"yoast_head":"<!-- This site is optimized with the Yoast SEO plugin v27.0 - https:\/\/yoast.com\/product\/yoast-seo-wordpress\/ -->\n<title>Blague \u00e0 tabac Guy Janot Cuir DW Hunter Cuir - Tabakversand.ch | Alles aus der Welt des Tabaks<\/title>\n<meta name=\"description\" content=\"Blague \u00e0 tabac Guy Janot cuir DW cuir chasseur | Un tr\u00e8s grand choix de produits du tabac, e-smoke et accessoires fumeurs dans toute la Suisse | Cartes accept\u00e9es !\" \/>\n<meta name=\"robots\" content=\"index, follow, max-snippet:-1, max-image-preview:large, max-video-preview:-1\" \/>\n<link rel=\"canonical\" href=\"https:\/\/www.tabakversand.ch\/fr\/produit\/blague-a-tabac-guy-janot-cuir-dw-hunter-cuir\/\" \/>\n<meta property=\"og:locale\" content=\"fr_FR\" \/>\n<meta property=\"og:type\" content=\"article\" \/>\n<meta property=\"og:title\" content=\"Blague \u00e0 tabac Guy Janot Cuir DW Hunter Cuir - Tabakversand.ch | Alles aus der Welt des Tabaks\" \/>\n<meta property=\"og:description\" content=\"Blague \u00e0 tabac Guy Janot cuir DW cuir chasseur | Un tr\u00e8s grand choix de produits du tabac, e-smoke et accessoires fumeurs dans toute la Suisse | Cartes accept\u00e9es !\" \/>\n<meta property=\"og:url\" content=\"https:\/\/www.tabakversand.ch\/fr\/produit\/blague-a-tabac-guy-janot-cuir-dw-hunter-cuir\/\" \/>\n<meta property=\"og:site_name\" content=\"Tabakversand.ch | Alles aus der Welt des Tabaks\" \/>\n<meta property=\"article:modified_time\" content=\"2025-02-19T05:44:31+00:00\" \/>\n<meta property=\"og:image\" content=\"https:\/\/www.tabakversand.ch\/wp-content\/uploads\/2022\/03\/tabakbeutel-dw-jaegerleder-d-brown.jpg\" \/>\n\t<meta property=\"og:image:width\" content=\"500\" \/>\n\t<meta property=\"og:image:height\" content=\"500\" \/>\n\t<meta property=\"og:image:type\" content=\"image\/jpeg\" \/>\n<meta name=\"twitter:card\" content=\"summary_large_image\" \/>\n<meta name=\"twitter:label1\" content=\"Dur\u00e9e de lecture estim\u00e9e\" \/>\n\t<meta name=\"twitter:data1\" content=\"1 minute\" \/>\n<script type=\"application\/ld+json\" class=\"yoast-schema-graph\">{\"@context\":\"https:\/\/schema.org\",\"@graph\":[{\"@type\":\"WebPage\",\"@id\":\"https:\/\/www.tabakversand.ch\/fr\/produit\/blague-a-tabac-guy-janot-cuir-dw-hunter-cuir\/\",\"url\":\"https:\/\/www.tabakversand.ch\/fr\/produit\/blague-a-tabac-guy-janot-cuir-dw-hunter-cuir\/\",\"name\":\"Blague \u00e0 tabac Guy Janot Cuir DW Hunter Cuir - Tabakversand.ch | Alles aus der Welt des Tabaks\",\"isPartOf\":{\"@id\":\"https:\/\/www.tabakversand.ch\/#website\"},\"primaryImageOfPage\":{\"@id\":\"https:\/\/www.tabakversand.ch\/fr\/produit\/blague-a-tabac-guy-janot-cuir-dw-hunter-cuir\/#primaryimage\"},\"image\":{\"@id\":\"https:\/\/www.tabakversand.ch\/fr\/produit\/blague-a-tabac-guy-janot-cuir-dw-hunter-cuir\/#primaryimage\"},\"thumbnailUrl\":\"https:\/\/www.tabakversand.ch\/wp-content\/uploads\/2022\/03\/tabakbeutel-dw-jaegerleder-d-brown.jpg\",\"datePublished\":\"2022-04-02T09:16:45+00:00\",\"dateModified\":\"2025-02-19T05:44:31+00:00\",\"description\":\"Blague \u00e0 tabac Guy Janot cuir DW cuir chasseur | Un tr\u00e8s grand choix de produits du tabac, e-smoke et accessoires fumeurs dans toute la Suisse | Cartes accept\u00e9es !\",\"breadcrumb\":{\"@id\":\"https:\/\/www.tabakversand.ch\/fr\/produit\/blague-a-tabac-guy-janot-cuir-dw-hunter-cuir\/#breadcrumb\"},\"inLanguage\":\"fr-FR\",\"potentialAction\":[{\"@type\":\"ReadAction\",\"target\":[\"https:\/\/www.tabakversand.ch\/fr\/produit\/blague-a-tabac-guy-janot-cuir-dw-hunter-cuir\/\"]}]},{\"@type\":\"ImageObject\",\"inLanguage\":\"fr-FR\",\"@id\":\"https:\/\/www.tabakversand.ch\/fr\/produit\/blague-a-tabac-guy-janot-cuir-dw-hunter-cuir\/#primaryimage\",\"url\":\"https:\/\/www.tabakversand.ch\/wp-content\/uploads\/2022\/03\/tabakbeutel-dw-jaegerleder-d-brown.jpg\",\"contentUrl\":\"https:\/\/www.tabakversand.ch\/wp-content\/uploads\/2022\/03\/tabakbeutel-dw-jaegerleder-d-brown.jpg\",\"width\":500,\"height\":500,\"caption\":\"Sac \u00e0 tabac en cuir DW Hunter\"},{\"@type\":\"BreadcrumbList\",\"@id\":\"https:\/\/www.tabakversand.ch\/fr\/produit\/blague-a-tabac-guy-janot-cuir-dw-hunter-cuir\/#breadcrumb\",\"itemListElement\":[{\"@type\":\"ListItem\",\"position\":1,\"name\":\"Startseite\",\"item\":\"https:\/\/www.tabakversand.ch\/\"},{\"@type\":\"ListItem\",\"position\":2,\"name\":\"Boutique\",\"item\":\"https:\/\/www.tabakversand.ch\/fr\/boutique\/\"},{\"@type\":\"ListItem\",\"position\":3,\"name\":\"Blague \u00e0 tabac Guy Janot Cuir DW Hunter Cuir\"}]},{\"@type\":\"WebSite\",\"@id\":\"https:\/\/www.tabakversand.ch\/#website\",\"url\":\"https:\/\/www.tabakversand.ch\/\",\"name\":\"Tabakversand.ch | Alles aus der Welt des Tabaks\",\"description\":\"Smoke and carpe diem\",\"potentialAction\":[{\"@type\":\"SearchAction\",\"target\":{\"@type\":\"EntryPoint\",\"urlTemplate\":\"https:\/\/www.tabakversand.ch\/?s={search_term_string}\"},\"query-input\":{\"@type\":\"PropertyValueSpecification\",\"valueRequired\":true,\"valueName\":\"search_term_string\"}}],\"inLanguage\":\"fr-FR\"}]}<\/script>\n<!-- \/ Yoast SEO plugin. -->","yoast_head_json":{"title":"Blague \u00e0 tabac Guy Janot Cuir DW Hunter Cuir - Tabakversand.ch | Alles aus der Welt des Tabaks","description":"Blague \u00e0 tabac Guy Janot cuir DW cuir chasseur | Un tr\u00e8s grand choix de produits du tabac, e-smoke et accessoires fumeurs dans toute la Suisse | Cartes accept\u00e9es !","robots":{"index":"index","follow":"follow","max-snippet":"max-snippet:-1","max-image-preview":"max-image-preview:large","max-video-preview":"max-video-preview:-1"},"canonical":"https:\/\/www.tabakversand.ch\/fr\/produit\/blague-a-tabac-guy-janot-cuir-dw-hunter-cuir\/","og_locale":"fr_FR","og_type":"article","og_title":"Blague \u00e0 tabac Guy Janot Cuir DW Hunter Cuir - Tabakversand.ch | Alles aus der Welt des Tabaks","og_description":"Blague \u00e0 tabac Guy Janot cuir DW cuir chasseur | Un tr\u00e8s grand choix de produits du tabac, e-smoke et accessoires fumeurs dans toute la Suisse | Cartes accept\u00e9es !","og_url":"https:\/\/www.tabakversand.ch\/fr\/produit\/blague-a-tabac-guy-janot-cuir-dw-hunter-cuir\/","og_site_name":"Tabakversand.ch | Alles aus der Welt des Tabaks","article_modified_time":"2025-02-19T05:44:31+00:00","og_image":[{"width":500,"height":500,"url":"https:\/\/www.tabakversand.ch\/wp-content\/uploads\/2022\/03\/tabakbeutel-dw-jaegerleder-d-brown.jpg","type":"image\/jpeg"}],"twitter_card":"summary_large_image","twitter_misc":{"Dur\u00e9e de lecture estim\u00e9e":"1 minute"},"schema":{"@context":"https:\/\/schema.org","@graph":[{"@type":"WebPage","@id":"https:\/\/www.tabakversand.ch\/fr\/produit\/blague-a-tabac-guy-janot-cuir-dw-hunter-cuir\/","url":"https:\/\/www.tabakversand.ch\/fr\/produit\/blague-a-tabac-guy-janot-cuir-dw-hunter-cuir\/","name":"Blague \u00e0 tabac Guy Janot Cuir DW Hunter Cuir - Tabakversand.ch | Alles aus der Welt des Tabaks","isPartOf":{"@id":"https:\/\/www.tabakversand.ch\/#website"},"primaryImageOfPage":{"@id":"https:\/\/www.tabakversand.ch\/fr\/produit\/blague-a-tabac-guy-janot-cuir-dw-hunter-cuir\/#primaryimage"},"image":{"@id":"https:\/\/www.tabakversand.ch\/fr\/produit\/blague-a-tabac-guy-janot-cuir-dw-hunter-cuir\/#primaryimage"},"thumbnailUrl":"https:\/\/www.tabakversand.ch\/wp-content\/uploads\/2022\/03\/tabakbeutel-dw-jaegerleder-d-brown.jpg","datePublished":"2022-04-02T09:16:45+00:00","dateModified":"2025-02-19T05:44:31+00:00","description":"Blague \u00e0 tabac Guy Janot cuir DW cuir chasseur | Un tr\u00e8s grand choix de produits du tabac, e-smoke et accessoires fumeurs dans toute la Suisse | Cartes accept\u00e9es !","breadcrumb":{"@id":"https:\/\/www.tabakversand.ch\/fr\/produit\/blague-a-tabac-guy-janot-cuir-dw-hunter-cuir\/#breadcrumb"},"inLanguage":"fr-FR","potentialAction":[{"@type":"ReadAction","target":["https:\/\/www.tabakversand.ch\/fr\/produit\/blague-a-tabac-guy-janot-cuir-dw-hunter-cuir\/"]}]},{"@type":"ImageObject","inLanguage":"fr-FR","@id":"https:\/\/www.tabakversand.ch\/fr\/produit\/blague-a-tabac-guy-janot-cuir-dw-hunter-cuir\/#primaryimage","url":"https:\/\/www.tabakversand.ch\/wp-content\/uploads\/2022\/03\/tabakbeutel-dw-jaegerleder-d-brown.jpg","contentUrl":"https:\/\/www.tabakversand.ch\/wp-content\/uploads\/2022\/03\/tabakbeutel-dw-jaegerleder-d-brown.jpg","width":500,"height":500,"caption":"Sac \u00e0 tabac en cuir DW Hunter"},{"@type":"BreadcrumbList","@id":"https:\/\/www.tabakversand.ch\/fr\/produit\/blague-a-tabac-guy-janot-cuir-dw-hunter-cuir\/#breadcrumb","itemListElement":[{"@type":"ListItem","position":1,"name":"Startseite","item":"https:\/\/www.tabakversand.ch\/"},{"@type":"ListItem","position":2,"name":"Boutique","item":"https:\/\/www.tabakversand.ch\/fr\/boutique\/"},{"@type":"ListItem","position":3,"name":"Blague \u00e0 tabac Guy Janot Cuir DW Hunter Cuir"}]},{"@type":"WebSite","@id":"https:\/\/www.tabakversand.ch\/#website","url":"https:\/\/www.tabakversand.ch\/","name":"Tabakversand.ch | Alles aus der Welt des Tabaks","description":"Smoke and carpe diem","potentialAction":[{"@type":"SearchAction","target":{"@type":"EntryPoint","urlTemplate":"https:\/\/www.tabakversand.ch\/?s={search_term_string}"},"query-input":{"@type":"PropertyValueSpecification","valueRequired":true,"valueName":"search_term_string"}}],"inLanguage":"fr-FR"}]}},"_links":{"self":[{"href":"https:\/\/www.tabakversand.ch\/fr\/wp-json\/wp\/v2\/product\/66324","targetHints":{"allow":["GET"]}}],"collection":[{"href":"https:\/\/www.tabakversand.ch\/fr\/wp-json\/wp\/v2\/product"}],"about":[{"href":"https:\/\/www.tabakversand.ch\/fr\/wp-json\/wp\/v2\/types\/product"}],"version-history":[{"count":3,"href":"https:\/\/www.tabakversand.ch\/fr\/wp-json\/wp\/v2\/product\/66324\/revisions"}],"predecessor-version":[{"id":171288,"href":"https:\/\/www.tabakversand.ch\/fr\/wp-json\/wp\/v2\/product\/66324\/revisions\/171288"}],"wp:featuredmedia":[{"embeddable":true,"href":"https:\/\/www.tabakversand.ch\/fr\/wp-json\/wp\/v2\/media\/66327"}],"wp:attachment":[{"href":"https:\/\/www.tabakversand.ch\/fr\/wp-json\/wp\/v2\/media?parent=66324"}],"wp:term":[{"taxonomy":"product_brand","embeddable":true,"href":"https:\/\/www.tabakversand.ch\/fr\/wp-json\/wp\/v2\/product_brand?post=66324"},{"taxonomy":"product_cat","embeddable":true,"href":"https:\/\/www.tabakversand.ch\/fr\/wp-json\/wp\/v2\/product_cat?post=66324"},{"taxonomy":"product_tag","embeddable":true,"href":"https:\/\/www.tabakversand.ch\/fr\/wp-json\/wp\/v2\/product_tag?post=66324"}],"curies":[{"name":"wp","href":"https:\/\/api.w.org\/{rel}","templated":true}]}}