{"id":66350,"date":"2022-04-02T11:16:45","date_gmt":"2022-04-02T09:16:45","guid":{"rendered":"http:\/\/www.tabakversand.ch\/produkt\/xikar-briquet-quad-hp4-bleu-feuerzeug\/"},"modified":"2026-04-08T16:21:48","modified_gmt":"2026-04-08T14:21:48","slug":"xikar-briquet-quad-hp4-bleu-briquet","status":"publish","type":"product","link":"https:\/\/www.tabakversand.ch\/fr\/produit\/xikar-briquet-quad-hp4-bleu-briquet\/","title":{"rendered":"Briquet Xikar Quad HP4 bleu"},"content":{"rendered":"<h1>Briquet Xikar Quad HP4 bleu<\/h1>\n<h2>Briquet<\/h2>\n<p>  Le briquet HP4, inspir\u00e9 des supercars hautes performances. Con\u00e7us pour une performance optimale, les allume-cigares HP4 arborent un design imposant et un ch\u00e2ssis repens\u00e9. Une molette de r\u00e9glage du carburant int\u00e9gr\u00e9e, deux grandes fen\u00eatres de niveau de carburant rouges EZ-View\u2122 et quatre gicleurs inclin\u00e9s produisent une flamme de pr\u00e9cision qui concentre la chaleur et permet d&rsquo;allumer efficacement tous les cigares. Le couvercle \u00e0 charni\u00e8re manuelle prot\u00e8ge les quatre gicleurs et s&rsquo;ouvre \u00e0 plus de 90 degr\u00e9s, offrant ainsi un espace suffisant pour allumer des cigares de toutes tailles.  <\/p>\n<p>  &nbsp;<br \/>Tous les prix s&rsquo;appliquent uniquement aux commandes en ligne et incluent la TVA. Sous r\u00e9serve de modifications sans pr\u00e9avis, frais de livraison en sus. Sous r\u00e9serve d&rsquo;erreurs, de modifications de contenu de livraison et de conception, de fautes d&rsquo;impression et de modifications de prix. Les prix barr\u00e9s sont des prix de remplacement. Les illustrations peuvent diff\u00e9rer de l&rsquo;original\/du contenu de livraison.<br \/>\n*Livraison gratuite pour les commandes sup\u00e9rieures \u00e0 CHF 250.-.<\/p>\n","protected":false},"excerpt":{"rendered":"<p>Briquet Xikar Quad HP4 bleu Briquet Le briquet HP4, inspir\u00e9 des supercars hautes performances. Con\u00e7us pour une performance optimale, les allume-cigares HP4 arborent un design imposant et un ch\u00e2ssis repens\u00e9. Une molette de r\u00e9glage du carburant int\u00e9gr\u00e9e, deux grandes fen\u00eatres de niveau de carburant rouges EZ-View\u2122 et quatre gicleurs inclin\u00e9s produisent une flamme de pr\u00e9cision [&hellip;]<\/p>\n","protected":false},"featured_media":66355,"template":"","meta":[],"product_brand":[1703],"product_cat":[2119,2381,1927,3355,3586,2382,1994],"product_tag":[],"class_list":{"0":"post-66350","1":"product","2":"type-product","3":"status-publish","4":"has-post-thumbnail","6":"product_brand-xikar-raucherbedarf","7":"product_cat-accessoires-pour-cigares","8":"product_cat-allume-cigares","9":"product_cat-briquets","10":"product_cat-briquets-de-marque","11":"product_cat-briquets-divers","12":"product_cat-briquets-xikar","13":"product_cat-monde-du-cigare","15":"first","16":"onbackorder","17":"purchasable","18":"product-type-simple"},"yoast_head":"<!-- This site is optimized with the Yoast SEO plugin v27.0 - https:\/\/yoast.com\/product\/yoast-seo-wordpress\/ -->\n<title>Briquet Xikar Quad HP4 bleu - Tabakversand.ch | Alles aus der Welt des Tabaks<\/title>\n<meta name=\"description\" content=\"Briquet Xikar Quad HP4 bleu | Le plus grand choix de produits du tabac de qualit\u00e9 sup\u00e9rieure en Suisse | Toutes les cartes sont accept\u00e9es !\" \/>\n<meta name=\"robots\" content=\"index, follow, max-snippet:-1, max-image-preview:large, max-video-preview:-1\" \/>\n<link rel=\"canonical\" href=\"https:\/\/www.tabakversand.ch\/fr\/produit\/xikar-briquet-quad-hp4-bleu-briquet\/\" \/>\n<meta property=\"og:locale\" content=\"fr_FR\" \/>\n<meta property=\"og:type\" content=\"article\" \/>\n<meta property=\"og:title\" content=\"Briquet Xikar Quad HP4 bleu - Tabakversand.ch | Alles aus der Welt des Tabaks\" \/>\n<meta property=\"og:description\" content=\"Briquet Xikar Quad HP4 bleu | Le plus grand choix de produits du tabac de qualit\u00e9 sup\u00e9rieure en Suisse | Toutes les cartes sont accept\u00e9es !\" \/>\n<meta property=\"og:url\" content=\"https:\/\/www.tabakversand.ch\/fr\/produit\/xikar-briquet-quad-hp4-bleu-briquet\/\" \/>\n<meta property=\"og:site_name\" content=\"Tabakversand.ch | Alles aus der Welt des Tabaks\" \/>\n<meta property=\"article:modified_time\" content=\"2026-04-08T14:21:48+00:00\" \/>\n<meta property=\"og:image\" content=\"https:\/\/www.tabakversand.ch\/wp-content\/uploads\/2022\/03\/xikar-lighter-quad-hp4-blue.jpg\" \/>\n\t<meta property=\"og:image:width\" content=\"350\" \/>\n\t<meta property=\"og:image:height\" content=\"350\" \/>\n\t<meta property=\"og:image:type\" content=\"image\/jpeg\" \/>\n<meta name=\"twitter:card\" content=\"summary_large_image\" \/>\n<meta name=\"twitter:label1\" content=\"Dur\u00e9e de lecture estim\u00e9e\" \/>\n\t<meta name=\"twitter:data1\" content=\"1 minute\" \/>\n<script type=\"application\/ld+json\" class=\"yoast-schema-graph\">{\"@context\":\"https:\/\/schema.org\",\"@graph\":[{\"@type\":\"WebPage\",\"@id\":\"https:\/\/www.tabakversand.ch\/fr\/produit\/xikar-briquet-quad-hp4-bleu-briquet\/\",\"url\":\"https:\/\/www.tabakversand.ch\/fr\/produit\/xikar-briquet-quad-hp4-bleu-briquet\/\",\"name\":\"Briquet Xikar Quad HP4 bleu - Tabakversand.ch | Alles aus der Welt des Tabaks\",\"isPartOf\":{\"@id\":\"https:\/\/www.tabakversand.ch\/#website\"},\"primaryImageOfPage\":{\"@id\":\"https:\/\/www.tabakversand.ch\/fr\/produit\/xikar-briquet-quad-hp4-bleu-briquet\/#primaryimage\"},\"image\":{\"@id\":\"https:\/\/www.tabakversand.ch\/fr\/produit\/xikar-briquet-quad-hp4-bleu-briquet\/#primaryimage\"},\"thumbnailUrl\":\"https:\/\/www.tabakversand.ch\/wp-content\/uploads\/2022\/03\/xikar-lighter-quad-hp4-blue.jpg\",\"datePublished\":\"2022-04-02T09:16:45+00:00\",\"dateModified\":\"2026-04-08T14:21:48+00:00\",\"description\":\"Briquet Xikar Quad HP4 bleu | Le plus grand choix de produits du tabac de qualit\u00e9 sup\u00e9rieure en Suisse | Toutes les cartes sont accept\u00e9es !\",\"breadcrumb\":{\"@id\":\"https:\/\/www.tabakversand.ch\/fr\/produit\/xikar-briquet-quad-hp4-bleu-briquet\/#breadcrumb\"},\"inLanguage\":\"fr-FR\",\"potentialAction\":[{\"@type\":\"ReadAction\",\"target\":[\"https:\/\/www.tabakversand.ch\/fr\/produit\/xikar-briquet-quad-hp4-bleu-briquet\/\"]}]},{\"@type\":\"ImageObject\",\"inLanguage\":\"fr-FR\",\"@id\":\"https:\/\/www.tabakversand.ch\/fr\/produit\/xikar-briquet-quad-hp4-bleu-briquet\/#primaryimage\",\"url\":\"https:\/\/www.tabakversand.ch\/wp-content\/uploads\/2022\/03\/xikar-lighter-quad-hp4-blue.jpg\",\"contentUrl\":\"https:\/\/www.tabakversand.ch\/wp-content\/uploads\/2022\/03\/xikar-lighter-quad-hp4-blue.jpg\",\"width\":350,\"height\":350,\"caption\":\"Briquet Xikar Quad HP4 bleu\"},{\"@type\":\"BreadcrumbList\",\"@id\":\"https:\/\/www.tabakversand.ch\/fr\/produit\/xikar-briquet-quad-hp4-bleu-briquet\/#breadcrumb\",\"itemListElement\":[{\"@type\":\"ListItem\",\"position\":1,\"name\":\"Startseite\",\"item\":\"https:\/\/www.tabakversand.ch\/\"},{\"@type\":\"ListItem\",\"position\":2,\"name\":\"Boutique\",\"item\":\"https:\/\/www.tabakversand.ch\/fr\/boutique\/\"},{\"@type\":\"ListItem\",\"position\":3,\"name\":\"Briquet Xikar Quad HP4 bleu\"}]},{\"@type\":\"WebSite\",\"@id\":\"https:\/\/www.tabakversand.ch\/#website\",\"url\":\"https:\/\/www.tabakversand.ch\/\",\"name\":\"Tabakversand.ch | Alles aus der Welt des Tabaks\",\"description\":\"Smoke and carpe diem\",\"potentialAction\":[{\"@type\":\"SearchAction\",\"target\":{\"@type\":\"EntryPoint\",\"urlTemplate\":\"https:\/\/www.tabakversand.ch\/?s={search_term_string}\"},\"query-input\":{\"@type\":\"PropertyValueSpecification\",\"valueRequired\":true,\"valueName\":\"search_term_string\"}}],\"inLanguage\":\"fr-FR\"}]}<\/script>\n<!-- \/ Yoast SEO plugin. -->","yoast_head_json":{"title":"Briquet Xikar Quad HP4 bleu - Tabakversand.ch | Alles aus der Welt des Tabaks","description":"Briquet Xikar Quad HP4 bleu | Le plus grand choix de produits du tabac de qualit\u00e9 sup\u00e9rieure en Suisse | Toutes les cartes sont accept\u00e9es !","robots":{"index":"index","follow":"follow","max-snippet":"max-snippet:-1","max-image-preview":"max-image-preview:large","max-video-preview":"max-video-preview:-1"},"canonical":"https:\/\/www.tabakversand.ch\/fr\/produit\/xikar-briquet-quad-hp4-bleu-briquet\/","og_locale":"fr_FR","og_type":"article","og_title":"Briquet Xikar Quad HP4 bleu - Tabakversand.ch | Alles aus der Welt des Tabaks","og_description":"Briquet Xikar Quad HP4 bleu | Le plus grand choix de produits du tabac de qualit\u00e9 sup\u00e9rieure en Suisse | Toutes les cartes sont accept\u00e9es !","og_url":"https:\/\/www.tabakversand.ch\/fr\/produit\/xikar-briquet-quad-hp4-bleu-briquet\/","og_site_name":"Tabakversand.ch | Alles aus der Welt des Tabaks","article_modified_time":"2026-04-08T14:21:48+00:00","og_image":[{"width":350,"height":350,"url":"https:\/\/www.tabakversand.ch\/wp-content\/uploads\/2022\/03\/xikar-lighter-quad-hp4-blue.jpg","type":"image\/jpeg"}],"twitter_card":"summary_large_image","twitter_misc":{"Dur\u00e9e de lecture estim\u00e9e":"1 minute"},"schema":{"@context":"https:\/\/schema.org","@graph":[{"@type":"WebPage","@id":"https:\/\/www.tabakversand.ch\/fr\/produit\/xikar-briquet-quad-hp4-bleu-briquet\/","url":"https:\/\/www.tabakversand.ch\/fr\/produit\/xikar-briquet-quad-hp4-bleu-briquet\/","name":"Briquet Xikar Quad HP4 bleu - Tabakversand.ch | Alles aus der Welt des Tabaks","isPartOf":{"@id":"https:\/\/www.tabakversand.ch\/#website"},"primaryImageOfPage":{"@id":"https:\/\/www.tabakversand.ch\/fr\/produit\/xikar-briquet-quad-hp4-bleu-briquet\/#primaryimage"},"image":{"@id":"https:\/\/www.tabakversand.ch\/fr\/produit\/xikar-briquet-quad-hp4-bleu-briquet\/#primaryimage"},"thumbnailUrl":"https:\/\/www.tabakversand.ch\/wp-content\/uploads\/2022\/03\/xikar-lighter-quad-hp4-blue.jpg","datePublished":"2022-04-02T09:16:45+00:00","dateModified":"2026-04-08T14:21:48+00:00","description":"Briquet Xikar Quad HP4 bleu | Le plus grand choix de produits du tabac de qualit\u00e9 sup\u00e9rieure en Suisse | Toutes les cartes sont accept\u00e9es !","breadcrumb":{"@id":"https:\/\/www.tabakversand.ch\/fr\/produit\/xikar-briquet-quad-hp4-bleu-briquet\/#breadcrumb"},"inLanguage":"fr-FR","potentialAction":[{"@type":"ReadAction","target":["https:\/\/www.tabakversand.ch\/fr\/produit\/xikar-briquet-quad-hp4-bleu-briquet\/"]}]},{"@type":"ImageObject","inLanguage":"fr-FR","@id":"https:\/\/www.tabakversand.ch\/fr\/produit\/xikar-briquet-quad-hp4-bleu-briquet\/#primaryimage","url":"https:\/\/www.tabakversand.ch\/wp-content\/uploads\/2022\/03\/xikar-lighter-quad-hp4-blue.jpg","contentUrl":"https:\/\/www.tabakversand.ch\/wp-content\/uploads\/2022\/03\/xikar-lighter-quad-hp4-blue.jpg","width":350,"height":350,"caption":"Briquet Xikar Quad HP4 bleu"},{"@type":"BreadcrumbList","@id":"https:\/\/www.tabakversand.ch\/fr\/produit\/xikar-briquet-quad-hp4-bleu-briquet\/#breadcrumb","itemListElement":[{"@type":"ListItem","position":1,"name":"Startseite","item":"https:\/\/www.tabakversand.ch\/"},{"@type":"ListItem","position":2,"name":"Boutique","item":"https:\/\/www.tabakversand.ch\/fr\/boutique\/"},{"@type":"ListItem","position":3,"name":"Briquet Xikar Quad HP4 bleu"}]},{"@type":"WebSite","@id":"https:\/\/www.tabakversand.ch\/#website","url":"https:\/\/www.tabakversand.ch\/","name":"Tabakversand.ch | Alles aus der Welt des Tabaks","description":"Smoke and carpe diem","potentialAction":[{"@type":"SearchAction","target":{"@type":"EntryPoint","urlTemplate":"https:\/\/www.tabakversand.ch\/?s={search_term_string}"},"query-input":{"@type":"PropertyValueSpecification","valueRequired":true,"valueName":"search_term_string"}}],"inLanguage":"fr-FR"}]}},"_links":{"self":[{"href":"https:\/\/www.tabakversand.ch\/fr\/wp-json\/wp\/v2\/product\/66350","targetHints":{"allow":["GET"]}}],"collection":[{"href":"https:\/\/www.tabakversand.ch\/fr\/wp-json\/wp\/v2\/product"}],"about":[{"href":"https:\/\/www.tabakversand.ch\/fr\/wp-json\/wp\/v2\/types\/product"}],"version-history":[{"count":3,"href":"https:\/\/www.tabakversand.ch\/fr\/wp-json\/wp\/v2\/product\/66350\/revisions"}],"predecessor-version":[{"id":217431,"href":"https:\/\/www.tabakversand.ch\/fr\/wp-json\/wp\/v2\/product\/66350\/revisions\/217431"}],"wp:featuredmedia":[{"embeddable":true,"href":"https:\/\/www.tabakversand.ch\/fr\/wp-json\/wp\/v2\/media\/66355"}],"wp:attachment":[{"href":"https:\/\/www.tabakversand.ch\/fr\/wp-json\/wp\/v2\/media?parent=66350"}],"wp:term":[{"taxonomy":"product_brand","embeddable":true,"href":"https:\/\/www.tabakversand.ch\/fr\/wp-json\/wp\/v2\/product_brand?post=66350"},{"taxonomy":"product_cat","embeddable":true,"href":"https:\/\/www.tabakversand.ch\/fr\/wp-json\/wp\/v2\/product_cat?post=66350"},{"taxonomy":"product_tag","embeddable":true,"href":"https:\/\/www.tabakversand.ch\/fr\/wp-json\/wp\/v2\/product_tag?post=66350"}],"curies":[{"name":"wp","href":"https:\/\/api.w.org\/{rel}","templated":true}]}}