{"id":66371,"date":"2022-04-02T11:16:24","date_gmt":"2022-04-02T09:16:24","guid":{"rendered":"http:\/\/www.tabakversand.ch\/produkt\/avo-syncro-nicaragua-fogata-special-toro-20-er-box\/"},"modified":"2025-01-23T12:12:58","modified_gmt":"2025-01-23T11:12:58","slug":"avo-syncro-nicaragua-fogata-special-toro-20-er-box","status":"publish","type":"product","link":"https:\/\/www.tabakversand.ch\/fr\/produit\/avo-syncro-nicaragua-fogata-special-toro-20-er-box\/","title":{"rendered":"AVO Syncro Nicaragua Fogata Sp\u00e9cial Toro 20 er Box"},"content":{"rendered":"<h1>AVO Syncro Nicaragua Fogata Sp\u00e9cial Toro<\/h1>\n<h2>20 er cigares Kistli<\/h2>\n<p>Le m\u00e9lange de saveurs du lointain \u00c9quateur, du Mexique et de la R\u00e9publique dominicaine, ainsi que la douceur \u00e9pic\u00e9e des vari\u00e9t\u00e9s de tabac nicaraguayennes, font d\u2019AVO Syncro Fogata un cigare intense et en m\u00eame temps doux et \u00e9quilibr\u00e9. D\u00e8s que la flamme touche le cigare, le connaisseur est confront\u00e9 \u00e0 un profil gustatif sauvage et exotique qui met en sc\u00e8ne la composition artistique d\u00e8s le premier instant. Le m\u00e9lange fort et les ar\u00f4mes d\u00e9licieux fournis par les feuilles incrust\u00e9es Visus et Ligero du Nicaragua et de la R\u00e9publique dominicaine s\u00e9duisent le palais. Les saveurs inoubliables et fascinantes du caf\u00e9, du sel, du bois de c\u00e8dre, des agrumes et des ar\u00f4mes sucr\u00e9s compl\u00e8tent le plaisir intense.<\/p>\n<p>Format&nbsp;: Toro sp\u00e9cial<br \/>\n Longueur : 15,2 cm<br \/>\n Diam\u00e8tre : 2,4 cm Feuille de couverture : \u00c9quateur \u00ab Habano 2000 Clara \u00bb<br \/>\n Classeur : Mexique \u00ab Negro San Andreas \u00bb<br \/>\n Ins\u00e9rer : Nicaragua : \u00ab Estel\u00ed Ligero \u00bb, \u00ab Condega Visus \u00bb R\u00e9publique dominicaine : \u00ab Yamas\u00e1 Visus \u00bb, \u00ab Piloto \u00bb, \u00ab San Vicente Ligero \u00bb Tous les prix s&rsquo;appliquent uniquement aux commandes en ligne et incluent la TVA et sont sujets \u00e0 changement plus les frais d&rsquo;exp\u00e9dition. Sous r\u00e9serve d&rsquo;erreurs, de modifications de l&rsquo;\u00e9tendue de la livraison et de la conception, d&rsquo;erreurs d&rsquo;impression et de modifications de prix. Les prix barr\u00e9s sont plut\u00f4t des prix. L&rsquo;illustration peut diff\u00e9rer de l&rsquo;original\/de l&rsquo;\u00e9tendue de la livraison. *Livraison gratuite pour les commandes sup\u00e9rieures \u00e0 CHF 250.<\/p>\n<p>Tous les prix s&rsquo;appliquent uniquement aux commandes en ligne et incluent la TVA et sont sujets \u00e0 changement plus les frais d&rsquo;exp\u00e9dition. Sous r\u00e9serve d&rsquo;erreurs, de modifications de l&rsquo;\u00e9tendue de la livraison et de la conception, d&rsquo;erreurs d&rsquo;impression et de modifications de prix. Les prix barr\u00e9s sont plut\u00f4t des prix. L&rsquo;illustration peut diff\u00e9rer de l&rsquo;original\/de l&rsquo;\u00e9tendue de la livraison. *Livraison gratuite pour les commandes sup\u00e9rieures \u00e0 CHF 250.     <\/p>\n","protected":false},"excerpt":{"rendered":"<p>AVO Syncro Nicaragua Fogata Sp\u00e9cial Toro 20 er cigares Kistli Le m\u00e9lange de saveurs du lointain \u00c9quateur, du Mexique et de la R\u00e9publique dominicaine, ainsi que la douceur \u00e9pic\u00e9e des vari\u00e9t\u00e9s de tabac nicaraguayennes, font d\u2019AVO Syncro Fogata un cigare intense et en m\u00eame temps doux et \u00e9quilibr\u00e9. D\u00e8s que la flamme touche le cigare, [&hellip;]<\/p>\n","protected":false},"featured_media":66375,"template":"","meta":[],"product_brand":[1530],"product_cat":[2356,1993,1994,2131],"product_tag":[],"class_list":{"0":"post-66371","1":"product","2":"type-product","3":"status-publish","4":"has-post-thumbnail","6":"product_brand-avo-uvezian","7":"product_cat-avo-syncro-nicaragua-fogata-fr","8":"product_cat-cigares","9":"product_cat-monde-du-cigare","10":"product_cat-nicaragua-fr","12":"first","13":"onbackorder","14":"purchasable","15":"product-type-simple"},"yoast_head":"<!-- This site is optimized with the Yoast SEO plugin v27.0 - https:\/\/yoast.com\/product\/yoast-seo-wordpress\/ -->\n<title>AVO Syncro Nicaragua Fogata Sp\u00e9cial Toro 20 er Box - Tabakversand.ch | Alles aus der Welt des Tabaks<\/title>\n<meta name=\"description\" content=\"AVO Syncro Nicaragua Fogata Sp\u00e9cial Toro 20 er Box | La plus grande s\u00e9lection de produits du tabac de Suisse | Toutes les cartes sont accept\u00e9es!\" \/>\n<meta name=\"robots\" content=\"index, follow, max-snippet:-1, max-image-preview:large, max-video-preview:-1\" \/>\n<link rel=\"canonical\" href=\"https:\/\/www.tabakversand.ch\/fr\/produit\/avo-syncro-nicaragua-fogata-special-toro-20-er-box\/\" \/>\n<meta property=\"og:locale\" content=\"fr_FR\" \/>\n<meta property=\"og:type\" content=\"article\" \/>\n<meta property=\"og:title\" content=\"AVO Syncro Nicaragua Fogata Sp\u00e9cial Toro 20 er Box - Tabakversand.ch | Alles aus der Welt des Tabaks\" \/>\n<meta property=\"og:description\" content=\"AVO Syncro Nicaragua Fogata Sp\u00e9cial Toro 20 er Box | La plus grande s\u00e9lection de produits du tabac de Suisse | Toutes les cartes sont accept\u00e9es!\" \/>\n<meta property=\"og:url\" content=\"https:\/\/www.tabakversand.ch\/fr\/produit\/avo-syncro-nicaragua-fogata-special-toro-20-er-box\/\" \/>\n<meta property=\"og:site_name\" content=\"Tabakversand.ch | Alles aus der Welt des Tabaks\" \/>\n<meta property=\"article:modified_time\" content=\"2025-01-23T11:12:58+00:00\" \/>\n<meta property=\"og:image\" content=\"https:\/\/www.tabakversand.ch\/wp-content\/uploads\/2022\/03\/avo-syncro-fogata-spec-toro-20-box-open-side.jpg\" \/>\n\t<meta property=\"og:image:width\" content=\"500\" \/>\n\t<meta property=\"og:image:height\" content=\"333\" \/>\n\t<meta property=\"og:image:type\" content=\"image\/jpeg\" \/>\n<meta name=\"twitter:card\" content=\"summary_large_image\" \/>\n<meta name=\"twitter:label1\" content=\"Dur\u00e9e de lecture estim\u00e9e\" \/>\n\t<meta name=\"twitter:data1\" content=\"2 minutes\" \/>\n<script type=\"application\/ld+json\" class=\"yoast-schema-graph\">{\"@context\":\"https:\/\/schema.org\",\"@graph\":[{\"@type\":\"WebPage\",\"@id\":\"https:\/\/www.tabakversand.ch\/fr\/produit\/avo-syncro-nicaragua-fogata-special-toro-20-er-box\/\",\"url\":\"https:\/\/www.tabakversand.ch\/fr\/produit\/avo-syncro-nicaragua-fogata-special-toro-20-er-box\/\",\"name\":\"AVO Syncro Nicaragua Fogata Sp\u00e9cial Toro 20 er Box - Tabakversand.ch | Alles aus der Welt des Tabaks\",\"isPartOf\":{\"@id\":\"https:\/\/www.tabakversand.ch\/#website\"},\"primaryImageOfPage\":{\"@id\":\"https:\/\/www.tabakversand.ch\/fr\/produit\/avo-syncro-nicaragua-fogata-special-toro-20-er-box\/#primaryimage\"},\"image\":{\"@id\":\"https:\/\/www.tabakversand.ch\/fr\/produit\/avo-syncro-nicaragua-fogata-special-toro-20-er-box\/#primaryimage\"},\"thumbnailUrl\":\"https:\/\/www.tabakversand.ch\/wp-content\/uploads\/2022\/03\/avo-syncro-fogata-spec-toro-20-box-open-side.jpg\",\"datePublished\":\"2022-04-02T09:16:24+00:00\",\"dateModified\":\"2025-01-23T11:12:58+00:00\",\"description\":\"AVO Syncro Nicaragua Fogata Sp\u00e9cial Toro 20 er Box | La plus grande s\u00e9lection de produits du tabac de Suisse | Toutes les cartes sont accept\u00e9es!\",\"breadcrumb\":{\"@id\":\"https:\/\/www.tabakversand.ch\/fr\/produit\/avo-syncro-nicaragua-fogata-special-toro-20-er-box\/#breadcrumb\"},\"inLanguage\":\"fr-FR\",\"potentialAction\":[{\"@type\":\"ReadAction\",\"target\":[\"https:\/\/www.tabakversand.ch\/fr\/produit\/avo-syncro-nicaragua-fogata-special-toro-20-er-box\/\"]}]},{\"@type\":\"ImageObject\",\"inLanguage\":\"fr-FR\",\"@id\":\"https:\/\/www.tabakversand.ch\/fr\/produit\/avo-syncro-nicaragua-fogata-special-toro-20-er-box\/#primaryimage\",\"url\":\"https:\/\/www.tabakversand.ch\/wp-content\/uploads\/2022\/03\/avo-syncro-fogata-spec-toro-20-box-open-side.jpg\",\"contentUrl\":\"https:\/\/www.tabakversand.ch\/wp-content\/uploads\/2022\/03\/avo-syncro-fogata-spec-toro-20-box-open-side.jpg\",\"width\":500,\"height\":333,\"caption\":\"AVO Syncro Nicaragua Fogata Sp\u00e9cial Toro 20 er Box\"},{\"@type\":\"BreadcrumbList\",\"@id\":\"https:\/\/www.tabakversand.ch\/fr\/produit\/avo-syncro-nicaragua-fogata-special-toro-20-er-box\/#breadcrumb\",\"itemListElement\":[{\"@type\":\"ListItem\",\"position\":1,\"name\":\"Startseite\",\"item\":\"https:\/\/www.tabakversand.ch\/\"},{\"@type\":\"ListItem\",\"position\":2,\"name\":\"Boutique\",\"item\":\"https:\/\/www.tabakversand.ch\/fr\/boutique\/\"},{\"@type\":\"ListItem\",\"position\":3,\"name\":\"AVO Syncro Nicaragua Fogata Sp\u00e9cial Toro 20 er Box\"}]},{\"@type\":\"WebSite\",\"@id\":\"https:\/\/www.tabakversand.ch\/#website\",\"url\":\"https:\/\/www.tabakversand.ch\/\",\"name\":\"Tabakversand.ch | Alles aus der Welt des Tabaks\",\"description\":\"Smoke and carpe diem\",\"potentialAction\":[{\"@type\":\"SearchAction\",\"target\":{\"@type\":\"EntryPoint\",\"urlTemplate\":\"https:\/\/www.tabakversand.ch\/?s={search_term_string}\"},\"query-input\":{\"@type\":\"PropertyValueSpecification\",\"valueRequired\":true,\"valueName\":\"search_term_string\"}}],\"inLanguage\":\"fr-FR\"}]}<\/script>\n<!-- \/ Yoast SEO plugin. -->","yoast_head_json":{"title":"AVO Syncro Nicaragua Fogata Sp\u00e9cial Toro 20 er Box - Tabakversand.ch | Alles aus der Welt des Tabaks","description":"AVO Syncro Nicaragua Fogata Sp\u00e9cial Toro 20 er Box | La plus grande s\u00e9lection de produits du tabac de Suisse | Toutes les cartes sont accept\u00e9es!","robots":{"index":"index","follow":"follow","max-snippet":"max-snippet:-1","max-image-preview":"max-image-preview:large","max-video-preview":"max-video-preview:-1"},"canonical":"https:\/\/www.tabakversand.ch\/fr\/produit\/avo-syncro-nicaragua-fogata-special-toro-20-er-box\/","og_locale":"fr_FR","og_type":"article","og_title":"AVO Syncro Nicaragua Fogata Sp\u00e9cial Toro 20 er Box - Tabakversand.ch | Alles aus der Welt des Tabaks","og_description":"AVO Syncro Nicaragua Fogata Sp\u00e9cial Toro 20 er Box | La plus grande s\u00e9lection de produits du tabac de Suisse | Toutes les cartes sont accept\u00e9es!","og_url":"https:\/\/www.tabakversand.ch\/fr\/produit\/avo-syncro-nicaragua-fogata-special-toro-20-er-box\/","og_site_name":"Tabakversand.ch | Alles aus der Welt des Tabaks","article_modified_time":"2025-01-23T11:12:58+00:00","og_image":[{"url":"https:\/\/www.tabakversand.ch\/wp-content\/uploads\/2022\/03\/avo-syncro-fogata-spec-toro-20-box-open-side.jpg","width":500,"height":333,"type":"image\/jpeg"}],"twitter_card":"summary_large_image","twitter_misc":{"Dur\u00e9e de lecture estim\u00e9e":"2 minutes"},"schema":{"@context":"https:\/\/schema.org","@graph":[{"@type":"WebPage","@id":"https:\/\/www.tabakversand.ch\/fr\/produit\/avo-syncro-nicaragua-fogata-special-toro-20-er-box\/","url":"https:\/\/www.tabakversand.ch\/fr\/produit\/avo-syncro-nicaragua-fogata-special-toro-20-er-box\/","name":"AVO Syncro Nicaragua Fogata Sp\u00e9cial Toro 20 er Box - Tabakversand.ch | Alles aus der Welt des Tabaks","isPartOf":{"@id":"https:\/\/www.tabakversand.ch\/#website"},"primaryImageOfPage":{"@id":"https:\/\/www.tabakversand.ch\/fr\/produit\/avo-syncro-nicaragua-fogata-special-toro-20-er-box\/#primaryimage"},"image":{"@id":"https:\/\/www.tabakversand.ch\/fr\/produit\/avo-syncro-nicaragua-fogata-special-toro-20-er-box\/#primaryimage"},"thumbnailUrl":"https:\/\/www.tabakversand.ch\/wp-content\/uploads\/2022\/03\/avo-syncro-fogata-spec-toro-20-box-open-side.jpg","datePublished":"2022-04-02T09:16:24+00:00","dateModified":"2025-01-23T11:12:58+00:00","description":"AVO Syncro Nicaragua Fogata Sp\u00e9cial Toro 20 er Box | La plus grande s\u00e9lection de produits du tabac de Suisse | Toutes les cartes sont accept\u00e9es!","breadcrumb":{"@id":"https:\/\/www.tabakversand.ch\/fr\/produit\/avo-syncro-nicaragua-fogata-special-toro-20-er-box\/#breadcrumb"},"inLanguage":"fr-FR","potentialAction":[{"@type":"ReadAction","target":["https:\/\/www.tabakversand.ch\/fr\/produit\/avo-syncro-nicaragua-fogata-special-toro-20-er-box\/"]}]},{"@type":"ImageObject","inLanguage":"fr-FR","@id":"https:\/\/www.tabakversand.ch\/fr\/produit\/avo-syncro-nicaragua-fogata-special-toro-20-er-box\/#primaryimage","url":"https:\/\/www.tabakversand.ch\/wp-content\/uploads\/2022\/03\/avo-syncro-fogata-spec-toro-20-box-open-side.jpg","contentUrl":"https:\/\/www.tabakversand.ch\/wp-content\/uploads\/2022\/03\/avo-syncro-fogata-spec-toro-20-box-open-side.jpg","width":500,"height":333,"caption":"AVO Syncro Nicaragua Fogata Sp\u00e9cial Toro 20 er Box"},{"@type":"BreadcrumbList","@id":"https:\/\/www.tabakversand.ch\/fr\/produit\/avo-syncro-nicaragua-fogata-special-toro-20-er-box\/#breadcrumb","itemListElement":[{"@type":"ListItem","position":1,"name":"Startseite","item":"https:\/\/www.tabakversand.ch\/"},{"@type":"ListItem","position":2,"name":"Boutique","item":"https:\/\/www.tabakversand.ch\/fr\/boutique\/"},{"@type":"ListItem","position":3,"name":"AVO Syncro Nicaragua Fogata Sp\u00e9cial Toro 20 er Box"}]},{"@type":"WebSite","@id":"https:\/\/www.tabakversand.ch\/#website","url":"https:\/\/www.tabakversand.ch\/","name":"Tabakversand.ch | Alles aus der Welt des Tabaks","description":"Smoke and carpe diem","potentialAction":[{"@type":"SearchAction","target":{"@type":"EntryPoint","urlTemplate":"https:\/\/www.tabakversand.ch\/?s={search_term_string}"},"query-input":{"@type":"PropertyValueSpecification","valueRequired":true,"valueName":"search_term_string"}}],"inLanguage":"fr-FR"}]}},"_links":{"self":[{"href":"https:\/\/www.tabakversand.ch\/fr\/wp-json\/wp\/v2\/product\/66371","targetHints":{"allow":["GET"]}}],"collection":[{"href":"https:\/\/www.tabakversand.ch\/fr\/wp-json\/wp\/v2\/product"}],"about":[{"href":"https:\/\/www.tabakversand.ch\/fr\/wp-json\/wp\/v2\/types\/product"}],"version-history":[{"count":1,"href":"https:\/\/www.tabakversand.ch\/fr\/wp-json\/wp\/v2\/product\/66371\/revisions"}],"predecessor-version":[{"id":166678,"href":"https:\/\/www.tabakversand.ch\/fr\/wp-json\/wp\/v2\/product\/66371\/revisions\/166678"}],"wp:featuredmedia":[{"embeddable":true,"href":"https:\/\/www.tabakversand.ch\/fr\/wp-json\/wp\/v2\/media\/66375"}],"wp:attachment":[{"href":"https:\/\/www.tabakversand.ch\/fr\/wp-json\/wp\/v2\/media?parent=66371"}],"wp:term":[{"taxonomy":"product_brand","embeddable":true,"href":"https:\/\/www.tabakversand.ch\/fr\/wp-json\/wp\/v2\/product_brand?post=66371"},{"taxonomy":"product_cat","embeddable":true,"href":"https:\/\/www.tabakversand.ch\/fr\/wp-json\/wp\/v2\/product_cat?post=66371"},{"taxonomy":"product_tag","embeddable":true,"href":"https:\/\/www.tabakversand.ch\/fr\/wp-json\/wp\/v2\/product_tag?post=66371"}],"curies":[{"name":"wp","href":"https:\/\/api.w.org\/{rel}","templated":true}]}}