{"id":66501,"date":"2022-04-02T11:16:24","date_gmt":"2022-04-02T09:16:24","guid":{"rendered":"http:\/\/www.tabakversand.ch\/produkt\/shire-evening-mixture-50-gr-tabac-a-pipe\/"},"modified":"2026-04-16T15:03:53","modified_gmt":"2026-04-16T13:03:53","slug":"auenland-evening-mixture-50-gr-pipe-tabac","status":"publish","type":"product","link":"https:\/\/www.tabakversand.ch\/fr\/produit\/auenland-evening-mixture-50-gr-pipe-tabac\/","title":{"rendered":"Shire Evening Mixture 50 gr. Tabac \u00e0 pipe"},"content":{"rendered":"<p>Shire Evening Mixture Pipe Tobacco 50 gr.<\/p>\n<p>Les tabacs Virginia et Black Cavendish \u00e0 coupe longue forment une liaison id\u00e9ale. Ce m\u00e9lange mouvement\u00e9 est compl\u00e9t\u00e9 par un Burley \u00e0 longue maturation. Harmonieux dans le go\u00fbt et d\u2019un bel \u00e9quilibre, ce m\u00e9lange d\u00e9gage le parfum de l\u2019ananas, d\u00e9licatement soulign\u00e9 par un ar\u00f4me de noix. \u00c9l\u00e9gant et \u00e9quilibr\u00e9 pour le fumeur orient\u00e9 vers l\u2019harmonie.<\/p>\n<p>Tous les prix indiqu\u00e9s sont valables uniquement pour les commandes en ligne, TVA incluse, et peuvent \u00eatre modifi\u00e9s sans pr\u00e9avis. Les frais de port sont en sus.   Sous r\u00e9serve d&rsquo;erreurs, de modifications de l&rsquo;\u00e9tendue de la livraison et de la conception, d&rsquo;erreurs d&rsquo;impression et de modifications de prix. Les prix barr\u00e9s sont plut\u00f4t des prix. L&rsquo;illustration peut diff\u00e9rer de l&rsquo;original\/de l&rsquo;\u00e9tendue de la livraison.<br \/>\n*Livraison gratuite pour les commandes sup\u00e9rieures \u00e0 CHF 250.-.<\/p>\n","protected":false},"excerpt":{"rendered":"<p>Shire Evening Mixture Pipe Tobacco 50 gr. Les tabacs Virginia et Black Cavendish \u00e0 coupe longue forment une liaison id\u00e9ale. Ce m\u00e9lange mouvement\u00e9 est compl\u00e9t\u00e9 par un Burley \u00e0 longue maturation. Harmonieux dans le go\u00fbt et d\u2019un bel \u00e9quilibre, ce m\u00e9lange d\u00e9gage le parfum de l\u2019ananas, d\u00e9licatement soulign\u00e9 par un ar\u00f4me de noix. \u00c9l\u00e9gant et [&hellip;]<\/p>\n","protected":false},"featured_media":66506,"template":"","meta":[],"product_brand":[5815],"product_cat":[5814,1949,1888,2040],"product_tag":[],"class_list":{"0":"post-66501","1":"product","2":"type-product","3":"status-publish","4":"has-post-thumbnail","6":"product_brand-auenland-pfeifenbedarf","7":"product_cat-boites","8":"product_cat-pipe-world-fr","9":"product_cat-tabac","10":"product_cat-tabac-a-pipe-fr","12":"first","13":"instock","14":"purchasable","15":"product-type-simple"},"yoast_head":"<!-- This site is optimized with the Yoast SEO plugin v27.5 - https:\/\/yoast.com\/product\/yoast-seo-wordpress\/ -->\n<title>Shire Evening Mixture 50 gr. Tabac \u00e0 pipe - tabakversand.ch<\/title>\n<meta name=\"description\" content=\"Shire Evening Mixture 50 gr. Tabac \u00e0 pipe | La plus grande s\u00e9lection de produits du tabac de Suisse | Toutes les cartes sont accept\u00e9es!\" \/>\n<meta name=\"robots\" content=\"index, follow, max-snippet:-1, max-image-preview:large, max-video-preview:-1\" \/>\n<link rel=\"canonical\" href=\"https:\/\/www.tabakversand.ch\/fr\/produit\/auenland-evening-mixture-50-gr-pipe-tabac\/\" \/>\n<meta property=\"og:locale\" content=\"fr_FR\" \/>\n<meta property=\"og:type\" content=\"article\" \/>\n<meta property=\"og:title\" content=\"Shire Evening Mixture 50 gr. Tabac \u00e0 pipe - tabakversand.ch\" \/>\n<meta property=\"og:description\" content=\"Shire Evening Mixture 50 gr. Tabac \u00e0 pipe | La plus grande s\u00e9lection de produits du tabac de Suisse | Toutes les cartes sont accept\u00e9es!\" \/>\n<meta property=\"og:url\" content=\"https:\/\/www.tabakversand.ch\/fr\/produit\/auenland-evening-mixture-50-gr-pipe-tabac\/\" \/>\n<meta property=\"og:site_name\" content=\"Tabakversand.ch | Alles aus der Welt des Tabaks\" \/>\n<meta property=\"article:modified_time\" content=\"2026-04-16T13:03:53+00:00\" \/>\n<meta property=\"og:image\" content=\"https:\/\/www.tabakversand.ch\/wp-content\/uploads\/2022\/03\/vauen-auenland-pfeifentabak-evening-mixture.jpg\" \/>\n\t<meta property=\"og:image:width\" content=\"420\" \/>\n\t<meta property=\"og:image:height\" content=\"405\" \/>\n\t<meta property=\"og:image:type\" content=\"image\/jpeg\" \/>\n<meta name=\"twitter:card\" content=\"summary_large_image\" \/>\n<meta name=\"twitter:label1\" content=\"Dur\u00e9e de lecture estim\u00e9e\" \/>\n\t<meta name=\"twitter:data1\" content=\"1 minute\" \/>\n<script type=\"application\/ld+json\" class=\"yoast-schema-graph\">{\"@context\":\"https:\\\/\\\/schema.org\",\"@graph\":[{\"@type\":\"WebPage\",\"@id\":\"https:\\\/\\\/www.tabakversand.ch\\\/fr\\\/produit\\\/auenland-evening-mixture-50-gr-pipe-tabac\\\/\",\"url\":\"https:\\\/\\\/www.tabakversand.ch\\\/fr\\\/produit\\\/auenland-evening-mixture-50-gr-pipe-tabac\\\/\",\"name\":\"Shire Evening Mixture 50 gr. Tabac \u00e0 pipe - tabakversand.ch\",\"isPartOf\":{\"@id\":\"https:\\\/\\\/www.tabakversand.ch\\\/#website\"},\"primaryImageOfPage\":{\"@id\":\"https:\\\/\\\/www.tabakversand.ch\\\/fr\\\/produit\\\/auenland-evening-mixture-50-gr-pipe-tabac\\\/#primaryimage\"},\"image\":{\"@id\":\"https:\\\/\\\/www.tabakversand.ch\\\/fr\\\/produit\\\/auenland-evening-mixture-50-gr-pipe-tabac\\\/#primaryimage\"},\"thumbnailUrl\":\"https:\\\/\\\/www.tabakversand.ch\\\/wp-content\\\/uploads\\\/2022\\\/03\\\/vauen-auenland-pfeifentabak-evening-mixture.jpg\",\"datePublished\":\"2022-04-02T09:16:24+00:00\",\"dateModified\":\"2026-04-16T13:03:53+00:00\",\"description\":\"Shire Evening Mixture 50 gr. Tabac \u00e0 pipe | La plus grande s\u00e9lection de produits du tabac de Suisse | Toutes les cartes sont accept\u00e9es!\",\"breadcrumb\":{\"@id\":\"https:\\\/\\\/www.tabakversand.ch\\\/fr\\\/produit\\\/auenland-evening-mixture-50-gr-pipe-tabac\\\/#breadcrumb\"},\"inLanguage\":\"fr-FR\",\"potentialAction\":[{\"@type\":\"ReadAction\",\"target\":[\"https:\\\/\\\/www.tabakversand.ch\\\/fr\\\/produit\\\/auenland-evening-mixture-50-gr-pipe-tabac\\\/\"]}]},{\"@type\":\"ImageObject\",\"inLanguage\":\"fr-FR\",\"@id\":\"https:\\\/\\\/www.tabakversand.ch\\\/fr\\\/produit\\\/auenland-evening-mixture-50-gr-pipe-tabac\\\/#primaryimage\",\"url\":\"https:\\\/\\\/www.tabakversand.ch\\\/wp-content\\\/uploads\\\/2022\\\/03\\\/vauen-auenland-pfeifentabak-evening-mixture.jpg\",\"contentUrl\":\"https:\\\/\\\/www.tabakversand.ch\\\/wp-content\\\/uploads\\\/2022\\\/03\\\/vauen-auenland-pfeifentabak-evening-mixture.jpg\",\"width\":420,\"height\":405,\"caption\":\"Shire Evening Mixture 50 gr. Tabac \u00e0 pipe\"},{\"@type\":\"BreadcrumbList\",\"@id\":\"https:\\\/\\\/www.tabakversand.ch\\\/fr\\\/produit\\\/auenland-evening-mixture-50-gr-pipe-tabac\\\/#breadcrumb\",\"itemListElement\":[{\"@type\":\"ListItem\",\"position\":1,\"name\":\"Startseite\",\"item\":\"https:\\\/\\\/www.tabakversand.ch\\\/\"},{\"@type\":\"ListItem\",\"position\":2,\"name\":\"Boutique\",\"item\":\"https:\\\/\\\/www.tabakversand.ch\\\/fr\\\/boutique\\\/\"},{\"@type\":\"ListItem\",\"position\":3,\"name\":\"Shire Evening Mixture 50 gr. Tabac \u00e0 pipe\"}]},{\"@type\":\"WebSite\",\"@id\":\"https:\\\/\\\/www.tabakversand.ch\\\/#website\",\"url\":\"https:\\\/\\\/www.tabakversand.ch\\\/\",\"name\":\"Tabakversand.ch | Alles aus der Welt des Tabaks\",\"description\":\"Smoke and carpe diem\",\"potentialAction\":[{\"@type\":\"SearchAction\",\"target\":{\"@type\":\"EntryPoint\",\"urlTemplate\":\"https:\\\/\\\/www.tabakversand.ch\\\/?s={search_term_string}\"},\"query-input\":{\"@type\":\"PropertyValueSpecification\",\"valueRequired\":true,\"valueName\":\"search_term_string\"}}],\"inLanguage\":\"fr-FR\"}]}<\/script>\n<!-- \/ Yoast SEO plugin. -->","yoast_head_json":{"title":"Shire Evening Mixture 50 gr. Tabac \u00e0 pipe - tabakversand.ch","description":"Shire Evening Mixture 50 gr. Tabac \u00e0 pipe | La plus grande s\u00e9lection de produits du tabac de Suisse | Toutes les cartes sont accept\u00e9es!","robots":{"index":"index","follow":"follow","max-snippet":"max-snippet:-1","max-image-preview":"max-image-preview:large","max-video-preview":"max-video-preview:-1"},"canonical":"https:\/\/www.tabakversand.ch\/fr\/produit\/auenland-evening-mixture-50-gr-pipe-tabac\/","og_locale":"fr_FR","og_type":"article","og_title":"Shire Evening Mixture 50 gr. Tabac \u00e0 pipe - tabakversand.ch","og_description":"Shire Evening Mixture 50 gr. Tabac \u00e0 pipe | La plus grande s\u00e9lection de produits du tabac de Suisse | Toutes les cartes sont accept\u00e9es!","og_url":"https:\/\/www.tabakversand.ch\/fr\/produit\/auenland-evening-mixture-50-gr-pipe-tabac\/","og_site_name":"Tabakversand.ch | Alles aus der Welt des Tabaks","article_modified_time":"2026-04-16T13:03:53+00:00","og_image":[{"width":420,"height":405,"url":"https:\/\/www.tabakversand.ch\/wp-content\/uploads\/2022\/03\/vauen-auenland-pfeifentabak-evening-mixture.jpg","type":"image\/jpeg"}],"twitter_card":"summary_large_image","twitter_misc":{"Dur\u00e9e de lecture estim\u00e9e":"1 minute"},"schema":{"@context":"https:\/\/schema.org","@graph":[{"@type":"WebPage","@id":"https:\/\/www.tabakversand.ch\/fr\/produit\/auenland-evening-mixture-50-gr-pipe-tabac\/","url":"https:\/\/www.tabakversand.ch\/fr\/produit\/auenland-evening-mixture-50-gr-pipe-tabac\/","name":"Shire Evening Mixture 50 gr. Tabac \u00e0 pipe - tabakversand.ch","isPartOf":{"@id":"https:\/\/www.tabakversand.ch\/#website"},"primaryImageOfPage":{"@id":"https:\/\/www.tabakversand.ch\/fr\/produit\/auenland-evening-mixture-50-gr-pipe-tabac\/#primaryimage"},"image":{"@id":"https:\/\/www.tabakversand.ch\/fr\/produit\/auenland-evening-mixture-50-gr-pipe-tabac\/#primaryimage"},"thumbnailUrl":"https:\/\/www.tabakversand.ch\/wp-content\/uploads\/2022\/03\/vauen-auenland-pfeifentabak-evening-mixture.jpg","datePublished":"2022-04-02T09:16:24+00:00","dateModified":"2026-04-16T13:03:53+00:00","description":"Shire Evening Mixture 50 gr. Tabac \u00e0 pipe | La plus grande s\u00e9lection de produits du tabac de Suisse | Toutes les cartes sont accept\u00e9es!","breadcrumb":{"@id":"https:\/\/www.tabakversand.ch\/fr\/produit\/auenland-evening-mixture-50-gr-pipe-tabac\/#breadcrumb"},"inLanguage":"fr-FR","potentialAction":[{"@type":"ReadAction","target":["https:\/\/www.tabakversand.ch\/fr\/produit\/auenland-evening-mixture-50-gr-pipe-tabac\/"]}]},{"@type":"ImageObject","inLanguage":"fr-FR","@id":"https:\/\/www.tabakversand.ch\/fr\/produit\/auenland-evening-mixture-50-gr-pipe-tabac\/#primaryimage","url":"https:\/\/www.tabakversand.ch\/wp-content\/uploads\/2022\/03\/vauen-auenland-pfeifentabak-evening-mixture.jpg","contentUrl":"https:\/\/www.tabakversand.ch\/wp-content\/uploads\/2022\/03\/vauen-auenland-pfeifentabak-evening-mixture.jpg","width":420,"height":405,"caption":"Shire Evening Mixture 50 gr. Tabac \u00e0 pipe"},{"@type":"BreadcrumbList","@id":"https:\/\/www.tabakversand.ch\/fr\/produit\/auenland-evening-mixture-50-gr-pipe-tabac\/#breadcrumb","itemListElement":[{"@type":"ListItem","position":1,"name":"Startseite","item":"https:\/\/www.tabakversand.ch\/"},{"@type":"ListItem","position":2,"name":"Boutique","item":"https:\/\/www.tabakversand.ch\/fr\/boutique\/"},{"@type":"ListItem","position":3,"name":"Shire Evening Mixture 50 gr. Tabac \u00e0 pipe"}]},{"@type":"WebSite","@id":"https:\/\/www.tabakversand.ch\/#website","url":"https:\/\/www.tabakversand.ch\/","name":"Tabakversand.ch | Alles aus der Welt des Tabaks","description":"Smoke and carpe diem","potentialAction":[{"@type":"SearchAction","target":{"@type":"EntryPoint","urlTemplate":"https:\/\/www.tabakversand.ch\/?s={search_term_string}"},"query-input":{"@type":"PropertyValueSpecification","valueRequired":true,"valueName":"search_term_string"}}],"inLanguage":"fr-FR"}]}},"_links":{"self":[{"href":"https:\/\/www.tabakversand.ch\/fr\/wp-json\/wp\/v2\/product\/66501","targetHints":{"allow":["GET"]}}],"collection":[{"href":"https:\/\/www.tabakversand.ch\/fr\/wp-json\/wp\/v2\/product"}],"about":[{"href":"https:\/\/www.tabakversand.ch\/fr\/wp-json\/wp\/v2\/types\/product"}],"version-history":[{"count":3,"href":"https:\/\/www.tabakversand.ch\/fr\/wp-json\/wp\/v2\/product\/66501\/revisions"}],"predecessor-version":[{"id":217675,"href":"https:\/\/www.tabakversand.ch\/fr\/wp-json\/wp\/v2\/product\/66501\/revisions\/217675"}],"wp:featuredmedia":[{"embeddable":true,"href":"https:\/\/www.tabakversand.ch\/fr\/wp-json\/wp\/v2\/media\/66506"}],"wp:attachment":[{"href":"https:\/\/www.tabakversand.ch\/fr\/wp-json\/wp\/v2\/media?parent=66501"}],"wp:term":[{"taxonomy":"product_brand","embeddable":true,"href":"https:\/\/www.tabakversand.ch\/fr\/wp-json\/wp\/v2\/product_brand?post=66501"},{"taxonomy":"product_cat","embeddable":true,"href":"https:\/\/www.tabakversand.ch\/fr\/wp-json\/wp\/v2\/product_cat?post=66501"},{"taxonomy":"product_tag","embeddable":true,"href":"https:\/\/www.tabakversand.ch\/fr\/wp-json\/wp\/v2\/product_tag?post=66501"}],"curies":[{"name":"wp","href":"https:\/\/api.w.org\/{rel}","templated":true}]}}