{"id":66515,"date":"2022-04-02T11:16:24","date_gmt":"2022-04-02T09:16:24","guid":{"rendered":"http:\/\/www.tabakversand.ch\/produkt\/comte-le-comte-50-gr-tabac-a-pipe\/"},"modified":"2026-04-21T11:45:15","modified_gmt":"2026-04-21T09:45:15","slug":"auenland-the-shire-50-gr-pipe-tabac","status":"publish","type":"product","link":"https:\/\/www.tabakversand.ch\/fr\/produit\/auenland-the-shire-50-gr-pipe-tabac\/","title":{"rendered":"Le tabac \u00e0 pipe Shire"},"content":{"rendered":"<h2>Auenland The Shire Pipe Tobacco \u2013 Un m\u00e9lange fruit\u00e9 et doux de saveurs avec du caract\u00e8re<\/h2>\n<p>Le tabac \u00e0 pipe Auenland The Shire (50 g) est un m\u00e9lange harmonieux, id\u00e9al pour les amateurs de pipe recherchant une exp\u00e9rience douce et aromatique de haute qualit\u00e9. Inspir\u00e9 de recettes traditionnelles et \u00e9labor\u00e9 avec un souci du d\u00e9tail m\u00e9ticuleux, ce m\u00e9lange associe des tabacs s\u00e9lectionn\u00e9s \u00e0 une note fruit\u00e9e subtilement \u00e9quilibr\u00e9e \u2013 un v\u00e9ritable d\u00e9lice pour les connaisseurs. <\/p>\n<h5>Des tabacs s\u00e9lectionn\u00e9s pour une exp\u00e9rience gustative \u00e9quilibr\u00e9e<\/h5>\n<p>La base est compos\u00e9e de tabacs Virginie de haute qualit\u00e9, aux nuances et coupes vari\u00e9es, offrant une douceur naturelle et un \u00e9quilibre parfait. Ce m\u00e9lange est compl\u00e9t\u00e9 par du Cavendish fonc\u00e9 et mature, qui lui conf\u00e8re une agr\u00e9able profondeur et une belle rondeur. Une touche de Burley vient parfaire l&rsquo;ensemble, ajoutant une subtile note \u00e9pic\u00e9e et assurant une combustion r\u00e9guli\u00e8re.  <\/p>\n<h5>Ar\u00f4me fruit\u00e9 d&rsquo;un bel \u00e9quilibre<\/h5>\n<p>On remarque tout particuli\u00e8rement son profil aromatique raffin\u00e9, avec des notes fruit\u00e9es d&rsquo;orange juteuse et de p\u00eache sucr\u00e9e. Celles-ci conf\u00e8rent au tabac une douceur naturelle et agr\u00e9able, sans \u00eatre envahissantes. L&rsquo;ar\u00f4me reste constamment \u00e9quilibr\u00e9 et met en valeur le caract\u00e8re du m\u00e9lange de tabac, sans jamais le masquer.  <\/p>\n<h5>Douce, agr\u00e9able et parfaite en combustion<\/h5>\n<p>Auenland The Shire s\u00e9duit par son exceptionnelle douceur et convient donc parfaitement aux fumeurs de pipe, qu&rsquo;ils soient d\u00e9butants ou exp\u00e9riment\u00e9s. Ce m\u00e9lange est facile \u00e0 tasser, br\u00fble uniform\u00e9ment et offre une exp\u00e9rience de fumage fra\u00eeche et relaxante sans avoir \u00e0 le rallumer fr\u00e9quemment. <\/p>\n<h5>Vos avantages en un coup d&rsquo;\u0153il<\/h5>\n<ul>\n<li>Tabacs de Virginie, Cavendish et Burley de haute qualit\u00e9<\/li>\n<li>Saveurs fruit\u00e9es finement \u00e9quilibr\u00e9es (orange et p\u00eache)<\/li>\n<li>Particuli\u00e8rement doux et agr\u00e9able \u00e0 fumer.<\/li>\n<li>M\u00eame combustion propre<\/li>\n<li>Id\u00e9al pour les d\u00e9butants comme pour les connaisseurs confirm\u00e9s.<\/li>\n<\/ul>\n<p>&nbsp;<\/p>\n<p>Avec le tabac \u00e0 pipe Auenland The Shire 50g, vous d\u00e9couvrirez un m\u00e9lange parfaitement \u00e9quilibr\u00e9 de qualit\u00e9, d&rsquo;ar\u00f4me et de confort de fumage \u2013 id\u00e9al pour des moments de d\u00e9tente et de plaisir.<\/p>\n<p>Chez tabakversand.ch, vous recevez le tabac \u00e0 pipe Auenland The Shire, conserv\u00e9 dans son emballage d&rsquo;origine et dans des conditions optimales. Un stockage soign\u00e9 garantit la pr\u00e9servation parfaite de son ar\u00f4me, de son humidit\u00e9 et de sa qualit\u00e9 jusqu&rsquo;\u00e0 l&rsquo;exp\u00e9dition. Gr\u00e2ce \u00e0 une livraison rapide en Suisse, votre tabac \u00e0 pipe vous parvient g\u00e9n\u00e9ralement tr\u00e8s rapidement.  <\/p>\n<p>Pour plus d&rsquo;informations sur le tabac \u00e0 pipe, veuillez consulter l&rsquo;article Wikip\u00e9dia correspondant&nbsp;: <a href=\"https:\/\/de.wikipedia.org\/wiki\/Tabakpfeife#Pfeifentabak\">cliquez ici<\/a> . Si vous avez des questions concernant le produit, n&rsquo;h\u00e9sitez pas \u00e0 nous contacter&nbsp;: <a href=\"https:\/\/www.tabakversand.ch\/kontakt\/\">cliquez ici<\/a> . <\/p>\n<p>Tous les prix indiqu\u00e9s sont valables uniquement pour les commandes en ligne, TVA incluse, et peuvent \u00eatre modifi\u00e9s sans pr\u00e9avis. Les frais de port sont en sus.   Sous r\u00e9serve d&rsquo;erreurs, de modifications de l&rsquo;\u00e9tendue de la livraison et de la conception, d&rsquo;erreurs d&rsquo;impression et de modifications de prix. Les prix barr\u00e9s sont plut\u00f4t des prix. L&rsquo;illustration peut diff\u00e9rer de l&rsquo;original\/de l&rsquo;\u00e9tendue de la livraison.<br \/>\n*Livraison gratuite pour les commandes sup\u00e9rieures \u00e0 CHF 250.-.<\/p>\n","protected":false},"excerpt":{"rendered":"<p>Auenland The Shire Pipe Tobacco \u2013 Un m\u00e9lange fruit\u00e9 et doux de saveurs avec du caract\u00e8re Le tabac \u00e0 pipe Auenland The Shire (50 g) est un m\u00e9lange harmonieux, id\u00e9al pour les amateurs de pipe recherchant une exp\u00e9rience douce et aromatique de haute qualit\u00e9. Inspir\u00e9 de recettes traditionnelles et \u00e9labor\u00e9 avec un souci du d\u00e9tail [&hellip;]<\/p>\n","protected":false},"featured_media":66519,"template":"","meta":[],"product_brand":[5815],"product_cat":[5814,1949,1888,2040],"product_tag":[],"class_list":{"0":"post-66515","1":"product","2":"type-product","3":"status-publish","4":"has-post-thumbnail","6":"product_brand-auenland-pfeifenbedarf","7":"product_cat-boites","8":"product_cat-pipe-world-fr","9":"product_cat-tabac","10":"product_cat-tabac-a-pipe-fr","12":"first","13":"instock","14":"purchasable","15":"product-type-simple"},"yoast_head":"<!-- This site is optimized with the Yoast SEO plugin v27.5 - https:\/\/yoast.com\/product\/yoast-seo-wordpress\/ -->\n<title>Achetez du tabac \u00e0 pipe Shire<\/title>\n<meta name=\"description\" content=\"Auenland The Shire Tabac \u00e0 pipe 50 g\u00a0: Un m\u00e9lange doux de Virginie, de Cavendish et de Burley, rehauss\u00e9 de notes d\u2019orange et de p\u00eache. Combustion parfaite et d\u00e9gustation tout en douceur.\" \/>\n<meta name=\"robots\" content=\"index, follow, max-snippet:-1, max-image-preview:large, max-video-preview:-1\" \/>\n<link rel=\"canonical\" href=\"https:\/\/www.tabakversand.ch\/fr\/produit\/auenland-the-shire-50-gr-pipe-tabac\/\" \/>\n<meta property=\"og:locale\" content=\"fr_FR\" \/>\n<meta property=\"og:type\" content=\"article\" \/>\n<meta property=\"og:title\" content=\"Achetez du tabac \u00e0 pipe Shire\" \/>\n<meta property=\"og:description\" content=\"Auenland The Shire Tabac \u00e0 pipe 50 g\u00a0: Un m\u00e9lange doux de Virginie, de Cavendish et de Burley, rehauss\u00e9 de notes d\u2019orange et de p\u00eache. Combustion parfaite et d\u00e9gustation tout en douceur.\" \/>\n<meta property=\"og:url\" content=\"https:\/\/www.tabakversand.ch\/fr\/produit\/auenland-the-shire-50-gr-pipe-tabac\/\" \/>\n<meta property=\"og:site_name\" content=\"Tabakversand.ch | Alles aus der Welt des Tabaks\" \/>\n<meta property=\"article:modified_time\" content=\"2026-04-21T09:45:15+00:00\" \/>\n<meta property=\"og:image\" content=\"https:\/\/www.tabakversand.ch\/wp-content\/uploads\/2022\/03\/vauen-auenland-pfeifentabak-the-shire.jpg\" \/>\n\t<meta property=\"og:image:width\" content=\"420\" \/>\n\t<meta property=\"og:image:height\" content=\"405\" \/>\n\t<meta property=\"og:image:type\" content=\"image\/jpeg\" \/>\n<meta name=\"twitter:card\" content=\"summary_large_image\" \/>\n<meta name=\"twitter:label1\" content=\"Dur\u00e9e de lecture estim\u00e9e\" \/>\n\t<meta name=\"twitter:data1\" content=\"3 minutes\" \/>\n<script type=\"application\/ld+json\" class=\"yoast-schema-graph\">{\"@context\":\"https:\\\/\\\/schema.org\",\"@graph\":[{\"@type\":\"WebPage\",\"@id\":\"https:\\\/\\\/www.tabakversand.ch\\\/fr\\\/produit\\\/auenland-the-shire-50-gr-pipe-tabac\\\/\",\"url\":\"https:\\\/\\\/www.tabakversand.ch\\\/fr\\\/produit\\\/auenland-the-shire-50-gr-pipe-tabac\\\/\",\"name\":\"Achetez du tabac \u00e0 pipe Shire\",\"isPartOf\":{\"@id\":\"https:\\\/\\\/www.tabakversand.ch\\\/#website\"},\"primaryImageOfPage\":{\"@id\":\"https:\\\/\\\/www.tabakversand.ch\\\/fr\\\/produit\\\/auenland-the-shire-50-gr-pipe-tabac\\\/#primaryimage\"},\"image\":{\"@id\":\"https:\\\/\\\/www.tabakversand.ch\\\/fr\\\/produit\\\/auenland-the-shire-50-gr-pipe-tabac\\\/#primaryimage\"},\"thumbnailUrl\":\"https:\\\/\\\/www.tabakversand.ch\\\/wp-content\\\/uploads\\\/2022\\\/03\\\/vauen-auenland-pfeifentabak-the-shire.jpg\",\"datePublished\":\"2022-04-02T09:16:24+00:00\",\"dateModified\":\"2026-04-21T09:45:15+00:00\",\"description\":\"Auenland The Shire Tabac \u00e0 pipe 50 g\u00a0: Un m\u00e9lange doux de Virginie, de Cavendish et de Burley, rehauss\u00e9 de notes d\u2019orange et de p\u00eache. Combustion parfaite et d\u00e9gustation tout en douceur.\",\"breadcrumb\":{\"@id\":\"https:\\\/\\\/www.tabakversand.ch\\\/fr\\\/produit\\\/auenland-the-shire-50-gr-pipe-tabac\\\/#breadcrumb\"},\"inLanguage\":\"fr-FR\",\"potentialAction\":[{\"@type\":\"ReadAction\",\"target\":[\"https:\\\/\\\/www.tabakversand.ch\\\/fr\\\/produit\\\/auenland-the-shire-50-gr-pipe-tabac\\\/\"]}]},{\"@type\":\"ImageObject\",\"inLanguage\":\"fr-FR\",\"@id\":\"https:\\\/\\\/www.tabakversand.ch\\\/fr\\\/produit\\\/auenland-the-shire-50-gr-pipe-tabac\\\/#primaryimage\",\"url\":\"https:\\\/\\\/www.tabakversand.ch\\\/wp-content\\\/uploads\\\/2022\\\/03\\\/vauen-auenland-pfeifentabak-the-shire.jpg\",\"contentUrl\":\"https:\\\/\\\/www.tabakversand.ch\\\/wp-content\\\/uploads\\\/2022\\\/03\\\/vauen-auenland-pfeifentabak-the-shire.jpg\",\"width\":420,\"height\":405,\"caption\":\"Comt\u00e9 Le Comt\u00e9 50 gr. Tabac \u00e0 pipe\"},{\"@type\":\"BreadcrumbList\",\"@id\":\"https:\\\/\\\/www.tabakversand.ch\\\/fr\\\/produit\\\/auenland-the-shire-50-gr-pipe-tabac\\\/#breadcrumb\",\"itemListElement\":[{\"@type\":\"ListItem\",\"position\":1,\"name\":\"Startseite\",\"item\":\"https:\\\/\\\/www.tabakversand.ch\\\/\"},{\"@type\":\"ListItem\",\"position\":2,\"name\":\"Boutique\",\"item\":\"https:\\\/\\\/www.tabakversand.ch\\\/fr\\\/boutique\\\/\"},{\"@type\":\"ListItem\",\"position\":3,\"name\":\"Le tabac \u00e0 pipe Shire\"}]},{\"@type\":\"WebSite\",\"@id\":\"https:\\\/\\\/www.tabakversand.ch\\\/#website\",\"url\":\"https:\\\/\\\/www.tabakversand.ch\\\/\",\"name\":\"Tabakversand.ch | Alles aus der Welt des Tabaks\",\"description\":\"Smoke and carpe diem\",\"potentialAction\":[{\"@type\":\"SearchAction\",\"target\":{\"@type\":\"EntryPoint\",\"urlTemplate\":\"https:\\\/\\\/www.tabakversand.ch\\\/?s={search_term_string}\"},\"query-input\":{\"@type\":\"PropertyValueSpecification\",\"valueRequired\":true,\"valueName\":\"search_term_string\"}}],\"inLanguage\":\"fr-FR\"}]}<\/script>\n<!-- \/ Yoast SEO plugin. -->","yoast_head_json":{"title":"Achetez du tabac \u00e0 pipe Shire","description":"Auenland The Shire Tabac \u00e0 pipe 50 g\u00a0: Un m\u00e9lange doux de Virginie, de Cavendish et de Burley, rehauss\u00e9 de notes d\u2019orange et de p\u00eache. Combustion parfaite et d\u00e9gustation tout en douceur.","robots":{"index":"index","follow":"follow","max-snippet":"max-snippet:-1","max-image-preview":"max-image-preview:large","max-video-preview":"max-video-preview:-1"},"canonical":"https:\/\/www.tabakversand.ch\/fr\/produit\/auenland-the-shire-50-gr-pipe-tabac\/","og_locale":"fr_FR","og_type":"article","og_title":"Achetez du tabac \u00e0 pipe Shire","og_description":"Auenland The Shire Tabac \u00e0 pipe 50 g\u00a0: Un m\u00e9lange doux de Virginie, de Cavendish et de Burley, rehauss\u00e9 de notes d\u2019orange et de p\u00eache. Combustion parfaite et d\u00e9gustation tout en douceur.","og_url":"https:\/\/www.tabakversand.ch\/fr\/produit\/auenland-the-shire-50-gr-pipe-tabac\/","og_site_name":"Tabakversand.ch | Alles aus der Welt des Tabaks","article_modified_time":"2026-04-21T09:45:15+00:00","og_image":[{"width":420,"height":405,"url":"https:\/\/www.tabakversand.ch\/wp-content\/uploads\/2022\/03\/vauen-auenland-pfeifentabak-the-shire.jpg","type":"image\/jpeg"}],"twitter_card":"summary_large_image","twitter_misc":{"Dur\u00e9e de lecture estim\u00e9e":"3 minutes"},"schema":{"@context":"https:\/\/schema.org","@graph":[{"@type":"WebPage","@id":"https:\/\/www.tabakversand.ch\/fr\/produit\/auenland-the-shire-50-gr-pipe-tabac\/","url":"https:\/\/www.tabakversand.ch\/fr\/produit\/auenland-the-shire-50-gr-pipe-tabac\/","name":"Achetez du tabac \u00e0 pipe Shire","isPartOf":{"@id":"https:\/\/www.tabakversand.ch\/#website"},"primaryImageOfPage":{"@id":"https:\/\/www.tabakversand.ch\/fr\/produit\/auenland-the-shire-50-gr-pipe-tabac\/#primaryimage"},"image":{"@id":"https:\/\/www.tabakversand.ch\/fr\/produit\/auenland-the-shire-50-gr-pipe-tabac\/#primaryimage"},"thumbnailUrl":"https:\/\/www.tabakversand.ch\/wp-content\/uploads\/2022\/03\/vauen-auenland-pfeifentabak-the-shire.jpg","datePublished":"2022-04-02T09:16:24+00:00","dateModified":"2026-04-21T09:45:15+00:00","description":"Auenland The Shire Tabac \u00e0 pipe 50 g\u00a0: Un m\u00e9lange doux de Virginie, de Cavendish et de Burley, rehauss\u00e9 de notes d\u2019orange et de p\u00eache. Combustion parfaite et d\u00e9gustation tout en douceur.","breadcrumb":{"@id":"https:\/\/www.tabakversand.ch\/fr\/produit\/auenland-the-shire-50-gr-pipe-tabac\/#breadcrumb"},"inLanguage":"fr-FR","potentialAction":[{"@type":"ReadAction","target":["https:\/\/www.tabakversand.ch\/fr\/produit\/auenland-the-shire-50-gr-pipe-tabac\/"]}]},{"@type":"ImageObject","inLanguage":"fr-FR","@id":"https:\/\/www.tabakversand.ch\/fr\/produit\/auenland-the-shire-50-gr-pipe-tabac\/#primaryimage","url":"https:\/\/www.tabakversand.ch\/wp-content\/uploads\/2022\/03\/vauen-auenland-pfeifentabak-the-shire.jpg","contentUrl":"https:\/\/www.tabakversand.ch\/wp-content\/uploads\/2022\/03\/vauen-auenland-pfeifentabak-the-shire.jpg","width":420,"height":405,"caption":"Comt\u00e9 Le Comt\u00e9 50 gr. Tabac \u00e0 pipe"},{"@type":"BreadcrumbList","@id":"https:\/\/www.tabakversand.ch\/fr\/produit\/auenland-the-shire-50-gr-pipe-tabac\/#breadcrumb","itemListElement":[{"@type":"ListItem","position":1,"name":"Startseite","item":"https:\/\/www.tabakversand.ch\/"},{"@type":"ListItem","position":2,"name":"Boutique","item":"https:\/\/www.tabakversand.ch\/fr\/boutique\/"},{"@type":"ListItem","position":3,"name":"Le tabac \u00e0 pipe Shire"}]},{"@type":"WebSite","@id":"https:\/\/www.tabakversand.ch\/#website","url":"https:\/\/www.tabakversand.ch\/","name":"Tabakversand.ch | Alles aus der Welt des Tabaks","description":"Smoke and carpe diem","potentialAction":[{"@type":"SearchAction","target":{"@type":"EntryPoint","urlTemplate":"https:\/\/www.tabakversand.ch\/?s={search_term_string}"},"query-input":{"@type":"PropertyValueSpecification","valueRequired":true,"valueName":"search_term_string"}}],"inLanguage":"fr-FR"}]}},"_links":{"self":[{"href":"https:\/\/www.tabakversand.ch\/fr\/wp-json\/wp\/v2\/product\/66515","targetHints":{"allow":["GET"]}}],"collection":[{"href":"https:\/\/www.tabakversand.ch\/fr\/wp-json\/wp\/v2\/product"}],"about":[{"href":"https:\/\/www.tabakversand.ch\/fr\/wp-json\/wp\/v2\/types\/product"}],"version-history":[{"count":5,"href":"https:\/\/www.tabakversand.ch\/fr\/wp-json\/wp\/v2\/product\/66515\/revisions"}],"predecessor-version":[{"id":218327,"href":"https:\/\/www.tabakversand.ch\/fr\/wp-json\/wp\/v2\/product\/66515\/revisions\/218327"}],"wp:featuredmedia":[{"embeddable":true,"href":"https:\/\/www.tabakversand.ch\/fr\/wp-json\/wp\/v2\/media\/66519"}],"wp:attachment":[{"href":"https:\/\/www.tabakversand.ch\/fr\/wp-json\/wp\/v2\/media?parent=66515"}],"wp:term":[{"taxonomy":"product_brand","embeddable":true,"href":"https:\/\/www.tabakversand.ch\/fr\/wp-json\/wp\/v2\/product_brand?post=66515"},{"taxonomy":"product_cat","embeddable":true,"href":"https:\/\/www.tabakversand.ch\/fr\/wp-json\/wp\/v2\/product_cat?post=66515"},{"taxonomy":"product_tag","embeddable":true,"href":"https:\/\/www.tabakversand.ch\/fr\/wp-json\/wp\/v2\/product_tag?post=66515"}],"curies":[{"name":"wp","href":"https:\/\/api.w.org\/{rel}","templated":true}]}}