{"id":66832,"date":"2022-04-02T11:14:43","date_gmt":"2022-04-02T09:14:43","guid":{"rendered":"http:\/\/www.tabakversand.ch\/produkt\/papier-a-cigarette-raw-1-1-4-format\/"},"modified":"2026-01-22T09:17:24","modified_gmt":"2026-01-22T08:17:24","slug":"papier-a-cigarettes-raw-classic-1-1-4","status":"publish","type":"product","link":"https:\/\/www.tabakversand.ch\/fr\/produit\/papier-a-cigarettes-raw-classic-1-1-4\/","title":{"rendered":"Papier \u00e0 cigarettes RAW Classic 1 1\/4"},"content":{"rendered":"<p>Papiers \u00e0 cigarettes RAW Classic 1 1\/4 Size &#8211; Les papiers \u00e0 cigarettes de format moyen sont \u00e9galement connus sous le nom de format 1 1\/4 et se situent entre les tailles King Size et Regular (court).<\/p>\n<ul>\n<li>Longueur: 78mm<\/li>\n<li>Largeur: 44mm<\/li>\n<li>Mat\u00e9riel: Chanvre, papier ultra mince<\/li>\n<li>Livraison : 24 x 32<\/li>\n<\/ul>\n<p>Tous les prix s&rsquo;appliquent uniquement aux commandes en ligne et incluent la TVA. Sous r\u00e9serve de modifications sans pr\u00e9avis, frais de livraison en sus. Sous r\u00e9serve d&rsquo;erreurs, de modifications de contenu de livraison et de conception, de fautes d&rsquo;impression et de modifications de prix. Les prix barr\u00e9s sont des prix de remplacement. Les illustrations peuvent diff\u00e9rer de l&rsquo;original\/du contenu de livraison.<br \/>\n*Livraison gratuite pour les commandes sup\u00e9rieures \u00e0 CHF 250.-.<\/p>\n","protected":false},"excerpt":{"rendered":"<p>Papiers \u00e0 cigarettes RAW Classic 1 1\/4 Size &#8211; Les papiers \u00e0 cigarettes de format moyen sont \u00e9galement connus sous le nom de format 1 1\/4 et se situent entre les tailles King Size et Regular (court). Longueur: 78mm Largeur: 44mm Mat\u00e9riel: Chanvre, papier ultra mince Livraison : 24 x 32 Tous les prix s&rsquo;appliquent [&hellip;]<\/p>\n","protected":false},"featured_media":66840,"template":"","meta":[],"product_brand":[1773],"product_cat":[1961,5200,2015],"product_tag":[],"class_list":{"0":"post-66832","1":"product","2":"type-product","3":"status-publish","4":"has-post-thumbnail","6":"product_brand-raw","7":"product_cat-cigarettes-self-made-fr-2","8":"product_cat-papier","9":"product_cat-papier-a-rouler","11":"first","12":"instock","13":"purchasable","14":"product-type-simple"},"yoast_head":"<!-- This site is optimized with the Yoast SEO plugin v27.0 - https:\/\/yoast.com\/product\/yoast-seo-wordpress\/ -->\n<title>Papier \u00e0 cigarettes RAW Classic 1 1\/4 - Tabakversand.ch | Alles aus der Welt des Tabaks<\/title>\n<meta name=\"description\" content=\"Papiers \u00e0 cigarettes RAW Classic format 1 1\/4 | Un tr\u00e8s grand choix de produits du tabac, e-smoke et accessoires fumeurs dans toute la Suisse | Cartes accept\u00e9es !\" \/>\n<meta name=\"robots\" content=\"index, follow, max-snippet:-1, max-image-preview:large, max-video-preview:-1\" \/>\n<link rel=\"canonical\" href=\"https:\/\/www.tabakversand.ch\/fr\/produit\/papier-a-cigarettes-raw-classic-1-1-4\/\" \/>\n<meta property=\"og:locale\" content=\"fr_FR\" \/>\n<meta property=\"og:type\" content=\"article\" \/>\n<meta property=\"og:title\" content=\"Papier \u00e0 cigarettes RAW Classic 1 1\/4 - Tabakversand.ch | Alles aus der Welt des Tabaks\" \/>\n<meta property=\"og:description\" content=\"Papiers \u00e0 cigarettes RAW Classic format 1 1\/4 | Un tr\u00e8s grand choix de produits du tabac, e-smoke et accessoires fumeurs dans toute la Suisse | Cartes accept\u00e9es !\" \/>\n<meta property=\"og:url\" content=\"https:\/\/www.tabakversand.ch\/fr\/produit\/papier-a-cigarettes-raw-classic-1-1-4\/\" \/>\n<meta property=\"og:site_name\" content=\"Tabakversand.ch | Alles aus der Welt des Tabaks\" \/>\n<meta property=\"article:modified_time\" content=\"2026-01-22T08:17:24+00:00\" \/>\n<meta property=\"og:image\" content=\"https:\/\/www.tabakversand.ch\/wp-content\/uploads\/2022\/03\/raw-classic-1-1-4-size.jpg\" \/>\n\t<meta property=\"og:image:width\" content=\"500\" \/>\n\t<meta property=\"og:image:height\" content=\"500\" \/>\n\t<meta property=\"og:image:type\" content=\"image\/jpeg\" \/>\n<meta name=\"twitter:card\" content=\"summary_large_image\" \/>\n<meta name=\"twitter:label1\" content=\"Dur\u00e9e de lecture estim\u00e9e\" \/>\n\t<meta name=\"twitter:data1\" content=\"1 minute\" \/>\n<script type=\"application\/ld+json\" class=\"yoast-schema-graph\">{\"@context\":\"https:\/\/schema.org\",\"@graph\":[{\"@type\":\"WebPage\",\"@id\":\"https:\/\/www.tabakversand.ch\/fr\/produit\/papier-a-cigarettes-raw-classic-1-1-4\/\",\"url\":\"https:\/\/www.tabakversand.ch\/fr\/produit\/papier-a-cigarettes-raw-classic-1-1-4\/\",\"name\":\"Papier \u00e0 cigarettes RAW Classic 1 1\/4 - Tabakversand.ch | Alles aus der Welt des Tabaks\",\"isPartOf\":{\"@id\":\"https:\/\/www.tabakversand.ch\/#website\"},\"primaryImageOfPage\":{\"@id\":\"https:\/\/www.tabakversand.ch\/fr\/produit\/papier-a-cigarettes-raw-classic-1-1-4\/#primaryimage\"},\"image\":{\"@id\":\"https:\/\/www.tabakversand.ch\/fr\/produit\/papier-a-cigarettes-raw-classic-1-1-4\/#primaryimage\"},\"thumbnailUrl\":\"https:\/\/www.tabakversand.ch\/wp-content\/uploads\/2022\/03\/raw-classic-1-1-4-size.jpg\",\"datePublished\":\"2022-04-02T09:14:43+00:00\",\"dateModified\":\"2026-01-22T08:17:24+00:00\",\"description\":\"Papiers \u00e0 cigarettes RAW Classic format 1 1\/4 | Un tr\u00e8s grand choix de produits du tabac, e-smoke et accessoires fumeurs dans toute la Suisse | Cartes accept\u00e9es !\",\"breadcrumb\":{\"@id\":\"https:\/\/www.tabakversand.ch\/fr\/produit\/papier-a-cigarettes-raw-classic-1-1-4\/#breadcrumb\"},\"inLanguage\":\"fr-FR\",\"potentialAction\":[{\"@type\":\"ReadAction\",\"target\":[\"https:\/\/www.tabakversand.ch\/fr\/produit\/papier-a-cigarettes-raw-classic-1-1-4\/\"]}]},{\"@type\":\"ImageObject\",\"inLanguage\":\"fr-FR\",\"@id\":\"https:\/\/www.tabakversand.ch\/fr\/produit\/papier-a-cigarettes-raw-classic-1-1-4\/#primaryimage\",\"url\":\"https:\/\/www.tabakversand.ch\/wp-content\/uploads\/2022\/03\/raw-classic-1-1-4-size.jpg\",\"contentUrl\":\"https:\/\/www.tabakversand.ch\/wp-content\/uploads\/2022\/03\/raw-classic-1-1-4-size.jpg\",\"width\":500,\"height\":500,\"caption\":\"Papier \u00e0 cigarette RAW 1 1\/4 format\"},{\"@type\":\"BreadcrumbList\",\"@id\":\"https:\/\/www.tabakversand.ch\/fr\/produit\/papier-a-cigarettes-raw-classic-1-1-4\/#breadcrumb\",\"itemListElement\":[{\"@type\":\"ListItem\",\"position\":1,\"name\":\"Startseite\",\"item\":\"https:\/\/www.tabakversand.ch\/\"},{\"@type\":\"ListItem\",\"position\":2,\"name\":\"Boutique\",\"item\":\"https:\/\/www.tabakversand.ch\/fr\/boutique\/\"},{\"@type\":\"ListItem\",\"position\":3,\"name\":\"Papier \u00e0 cigarettes RAW Classic 1 1\/4\"}]},{\"@type\":\"WebSite\",\"@id\":\"https:\/\/www.tabakversand.ch\/#website\",\"url\":\"https:\/\/www.tabakversand.ch\/\",\"name\":\"Tabakversand.ch | Alles aus der Welt des Tabaks\",\"description\":\"Smoke and carpe diem\",\"potentialAction\":[{\"@type\":\"SearchAction\",\"target\":{\"@type\":\"EntryPoint\",\"urlTemplate\":\"https:\/\/www.tabakversand.ch\/?s={search_term_string}\"},\"query-input\":{\"@type\":\"PropertyValueSpecification\",\"valueRequired\":true,\"valueName\":\"search_term_string\"}}],\"inLanguage\":\"fr-FR\"}]}<\/script>\n<!-- \/ Yoast SEO plugin. -->","yoast_head_json":{"title":"Papier \u00e0 cigarettes RAW Classic 1 1\/4 - Tabakversand.ch | Alles aus der Welt des Tabaks","description":"Papiers \u00e0 cigarettes RAW Classic format 1 1\/4 | Un tr\u00e8s grand choix de produits du tabac, e-smoke et accessoires fumeurs dans toute la Suisse | Cartes accept\u00e9es !","robots":{"index":"index","follow":"follow","max-snippet":"max-snippet:-1","max-image-preview":"max-image-preview:large","max-video-preview":"max-video-preview:-1"},"canonical":"https:\/\/www.tabakversand.ch\/fr\/produit\/papier-a-cigarettes-raw-classic-1-1-4\/","og_locale":"fr_FR","og_type":"article","og_title":"Papier \u00e0 cigarettes RAW Classic 1 1\/4 - Tabakversand.ch | Alles aus der Welt des Tabaks","og_description":"Papiers \u00e0 cigarettes RAW Classic format 1 1\/4 | Un tr\u00e8s grand choix de produits du tabac, e-smoke et accessoires fumeurs dans toute la Suisse | Cartes accept\u00e9es !","og_url":"https:\/\/www.tabakversand.ch\/fr\/produit\/papier-a-cigarettes-raw-classic-1-1-4\/","og_site_name":"Tabakversand.ch | Alles aus der Welt des Tabaks","article_modified_time":"2026-01-22T08:17:24+00:00","og_image":[{"width":500,"height":500,"url":"https:\/\/www.tabakversand.ch\/wp-content\/uploads\/2022\/03\/raw-classic-1-1-4-size.jpg","type":"image\/jpeg"}],"twitter_card":"summary_large_image","twitter_misc":{"Dur\u00e9e de lecture estim\u00e9e":"1 minute"},"schema":{"@context":"https:\/\/schema.org","@graph":[{"@type":"WebPage","@id":"https:\/\/www.tabakversand.ch\/fr\/produit\/papier-a-cigarettes-raw-classic-1-1-4\/","url":"https:\/\/www.tabakversand.ch\/fr\/produit\/papier-a-cigarettes-raw-classic-1-1-4\/","name":"Papier \u00e0 cigarettes RAW Classic 1 1\/4 - Tabakversand.ch | Alles aus der Welt des Tabaks","isPartOf":{"@id":"https:\/\/www.tabakversand.ch\/#website"},"primaryImageOfPage":{"@id":"https:\/\/www.tabakversand.ch\/fr\/produit\/papier-a-cigarettes-raw-classic-1-1-4\/#primaryimage"},"image":{"@id":"https:\/\/www.tabakversand.ch\/fr\/produit\/papier-a-cigarettes-raw-classic-1-1-4\/#primaryimage"},"thumbnailUrl":"https:\/\/www.tabakversand.ch\/wp-content\/uploads\/2022\/03\/raw-classic-1-1-4-size.jpg","datePublished":"2022-04-02T09:14:43+00:00","dateModified":"2026-01-22T08:17:24+00:00","description":"Papiers \u00e0 cigarettes RAW Classic format 1 1\/4 | Un tr\u00e8s grand choix de produits du tabac, e-smoke et accessoires fumeurs dans toute la Suisse | Cartes accept\u00e9es !","breadcrumb":{"@id":"https:\/\/www.tabakversand.ch\/fr\/produit\/papier-a-cigarettes-raw-classic-1-1-4\/#breadcrumb"},"inLanguage":"fr-FR","potentialAction":[{"@type":"ReadAction","target":["https:\/\/www.tabakversand.ch\/fr\/produit\/papier-a-cigarettes-raw-classic-1-1-4\/"]}]},{"@type":"ImageObject","inLanguage":"fr-FR","@id":"https:\/\/www.tabakversand.ch\/fr\/produit\/papier-a-cigarettes-raw-classic-1-1-4\/#primaryimage","url":"https:\/\/www.tabakversand.ch\/wp-content\/uploads\/2022\/03\/raw-classic-1-1-4-size.jpg","contentUrl":"https:\/\/www.tabakversand.ch\/wp-content\/uploads\/2022\/03\/raw-classic-1-1-4-size.jpg","width":500,"height":500,"caption":"Papier \u00e0 cigarette RAW 1 1\/4 format"},{"@type":"BreadcrumbList","@id":"https:\/\/www.tabakversand.ch\/fr\/produit\/papier-a-cigarettes-raw-classic-1-1-4\/#breadcrumb","itemListElement":[{"@type":"ListItem","position":1,"name":"Startseite","item":"https:\/\/www.tabakversand.ch\/"},{"@type":"ListItem","position":2,"name":"Boutique","item":"https:\/\/www.tabakversand.ch\/fr\/boutique\/"},{"@type":"ListItem","position":3,"name":"Papier \u00e0 cigarettes RAW Classic 1 1\/4"}]},{"@type":"WebSite","@id":"https:\/\/www.tabakversand.ch\/#website","url":"https:\/\/www.tabakversand.ch\/","name":"Tabakversand.ch | Alles aus der Welt des Tabaks","description":"Smoke and carpe diem","potentialAction":[{"@type":"SearchAction","target":{"@type":"EntryPoint","urlTemplate":"https:\/\/www.tabakversand.ch\/?s={search_term_string}"},"query-input":{"@type":"PropertyValueSpecification","valueRequired":true,"valueName":"search_term_string"}}],"inLanguage":"fr-FR"}]}},"_links":{"self":[{"href":"https:\/\/www.tabakversand.ch\/fr\/wp-json\/wp\/v2\/product\/66832","targetHints":{"allow":["GET"]}}],"collection":[{"href":"https:\/\/www.tabakversand.ch\/fr\/wp-json\/wp\/v2\/product"}],"about":[{"href":"https:\/\/www.tabakversand.ch\/fr\/wp-json\/wp\/v2\/types\/product"}],"version-history":[{"count":4,"href":"https:\/\/www.tabakversand.ch\/fr\/wp-json\/wp\/v2\/product\/66832\/revisions"}],"predecessor-version":[{"id":209881,"href":"https:\/\/www.tabakversand.ch\/fr\/wp-json\/wp\/v2\/product\/66832\/revisions\/209881"}],"wp:featuredmedia":[{"embeddable":true,"href":"https:\/\/www.tabakversand.ch\/fr\/wp-json\/wp\/v2\/media\/66840"}],"wp:attachment":[{"href":"https:\/\/www.tabakversand.ch\/fr\/wp-json\/wp\/v2\/media?parent=66832"}],"wp:term":[{"taxonomy":"product_brand","embeddable":true,"href":"https:\/\/www.tabakversand.ch\/fr\/wp-json\/wp\/v2\/product_brand?post=66832"},{"taxonomy":"product_cat","embeddable":true,"href":"https:\/\/www.tabakversand.ch\/fr\/wp-json\/wp\/v2\/product_cat?post=66832"},{"taxonomy":"product_tag","embeddable":true,"href":"https:\/\/www.tabakversand.ch\/fr\/wp-json\/wp\/v2\/product_tag?post=66832"}],"curies":[{"name":"wp","href":"https:\/\/api.w.org\/{rel}","templated":true}]}}