{"id":66963,"date":"2022-04-02T11:14:26","date_gmt":"2022-04-02T09:14:26","guid":{"rendered":"http:\/\/www.tabakversand.ch\/produkt\/blunt-wrap-platine-myrtille-25-x-2\/"},"modified":"2026-03-25T13:30:06","modified_gmt":"2026-03-25T12:30:06","slug":"blunt-wrap-platine-myrtille-25-x-2","status":"publish","type":"product","link":"https:\/\/www.tabakversand.ch\/fr\/produit\/blunt-wrap-platine-myrtille-25-x-2\/","title":{"rendered":"Blunt Wrap Platinum Myrtille"},"content":{"rendered":"<h1>Blunt Wrap Platinum Myrtille<\/h1>\n<p>Un doux ar\u00f4me de myrtille pour une exp\u00e9rience de fumage intense<\/p>\n<p>Les feuilles \u00e0 rouler Blunt Wraps Blueberry vous offrent le go\u00fbt authentique des myrtilles m\u00fbres directement dans votre cigarette. Leur ar\u00f4me sucr\u00e9 et fruit\u00e9 ajoute une note agr\u00e9able et aromatique \u00e0 chaque bouff\u00e9e, pour une exp\u00e9rience gustative intense et riche.<\/p>\n<p>Les feuilles de tabac pr\u00e9-roul\u00e9es sont aromatis\u00e9es et particuli\u00e8rement faciles \u00e0 utiliser. Elles sont id\u00e9ales pour une exp\u00e9rience de fumage plus raffin\u00e9e, que vous soyez d\u00e9butant ou fumeur confirm\u00e9.<\/p>\n<p>Chaque paquet contient deux feuilles \u00e0 rouler individuelles, id\u00e9ales pour confectionner vos propres cigarettes. Leur structure souple et r\u00e9sistante \u00e0 la d\u00e9chirure facilite le remplissage et le roulage, tandis que leur combustion r\u00e9guli\u00e8re garantit une exp\u00e9rience de fumage relaxante et durable.<\/p>\n<p>D\u00e9tails du produit\u00a0:<\/p>\n<ul>\n<li>Saveur : Explosion de myrtilles<\/li>\n<li>Feuilles de tabac pr\u00e9-roul\u00e9es aromatis\u00e9es<\/li>\n<li>Contenu : 2 feuilles \u00e0 rouler pour blunt par paquet<\/li>\n<li>Dimensions par embout : 46 mm x 109 mm<\/li>\n<\/ul>\n<p>&nbsp;<\/p>\n<p>Chez tabakversand.ch, vos cigares Blunt Wrap Double Platinum Blueberry vous sont livr\u00e9s dans leur emballage d&rsquo;origine, soigneusement conserv\u00e9s. Un stockage rigoureux garantit une pr\u00e9servation optimale de leur ar\u00f4me, de leur humidit\u00e9 et de leur qualit\u00e9 jusqu&rsquo;\u00e0 l&rsquo;exp\u00e9dition. Gr\u00e2ce \u00e0 une livraison rapide en Suisse, vos cigares arrivent g\u00e9n\u00e9ralement tr\u00e8s vite.<\/p>\n<p>Pour plus d&rsquo;informations sur les blunts, veuillez consulter l&rsquo;article Wikip\u00e9dia correspondant\u00a0: <a href=\"https:\/\/de.wikipedia.org\/wiki\/Blunt_(Cannabis)\">cliquez ici<\/a> . Si vous avez des questions concernant le produit, n&rsquo;h\u00e9sitez pas \u00e0 nous contacter\u00a0: <a href=\"https:\/\/www.tabakversand.ch\/kontakt\/\">cliquez ici<\/a> .<\/p>\n<p>Tous les prix s&rsquo;appliquent uniquement aux commandes en ligne et incluent la TVA. Sous r\u00e9serve de modifications sans pr\u00e9avis, frais de livraison en sus. Sous r\u00e9serve d&rsquo;erreurs, de modifications de contenu de livraison et de conception, de fautes d&rsquo;impression et de modifications de prix. Les prix barr\u00e9s sont des prix de remplacement. Les illustrations peuvent diff\u00e9rer de l&rsquo;original\/du contenu de livraison.<br \/>\n*Livraison gratuite pour les commandes sup\u00e9rieures \u00e0 CHF 250.-.<\/p>\n","protected":false},"excerpt":{"rendered":"<p>Blunt Wrap Platinum Myrtille Un doux ar\u00f4me de myrtille pour une exp\u00e9rience de fumage intense Les feuilles \u00e0 rouler Blunt Wraps Blueberry vous offrent le go\u00fbt authentique des myrtilles m\u00fbres directement dans votre cigarette. Leur ar\u00f4me sucr\u00e9 et fruit\u00e9 ajoute une note agr\u00e9able et aromatique \u00e0 chaque bouff\u00e9e, pour une exp\u00e9rience gustative intense et riche. [&hellip;]<\/p>\n","protected":false},"featured_media":66971,"template":"","meta":[],"product_brand":[1765],"product_cat":[2451,3217,3219,1888],"product_tag":[],"class_list":{"0":"post-66963","1":"product","2":"type-product","3":"status-publish","4":"has-post-thumbnail","6":"product_brand-blunt-wrap-platinum","7":"product_cat-blunts-fr","8":"product_cat-blunts-fr-2","9":"product_cat-boutique-de-tete","10":"product_cat-tabac","11":"pa_tabak-huelsen-1-x-2-stk","12":"pa_tabak-huelsen-25-x-2-stk","14":"first","15":"onbackorder","16":"purchasable","17":"product-type-variable"},"yoast_head":"<!-- This site is optimized with the Yoast SEO plugin v27.0 - https:\/\/yoast.com\/product\/yoast-seo-wordpress\/ -->\n<title>Feuilles \u00e0 rouler Blunt \u00e0 la myrtille \u2013 Saveur sucr\u00e9e de myrtille<\/title>\n<meta name=\"description\" content=\"Feuilles \u00e0 rouler Blunt Wraps Blueberry au go\u00fbt authentique de myrtille. Feuilles de tabac pr\u00e9-roul\u00e9es, 2 par paquet \u2013 faciles \u00e0 rouler, fruit\u00e9es et aromatiques.\" \/>\n<meta name=\"robots\" content=\"index, follow, max-snippet:-1, max-image-preview:large, max-video-preview:-1\" \/>\n<link rel=\"canonical\" href=\"https:\/\/www.tabakversand.ch\/fr\/produit\/blunt-wrap-platine-myrtille-25-x-2\/\" \/>\n<meta property=\"og:locale\" content=\"fr_FR\" \/>\n<meta property=\"og:type\" content=\"article\" \/>\n<meta property=\"og:title\" content=\"Feuilles \u00e0 rouler Blunt \u00e0 la myrtille \u2013 Saveur sucr\u00e9e de myrtille\" \/>\n<meta property=\"og:description\" content=\"Feuilles \u00e0 rouler Blunt Wraps Blueberry au go\u00fbt authentique de myrtille. Feuilles de tabac pr\u00e9-roul\u00e9es, 2 par paquet \u2013 faciles \u00e0 rouler, fruit\u00e9es et aromatiques.\" \/>\n<meta property=\"og:url\" content=\"https:\/\/www.tabakversand.ch\/fr\/produit\/blunt-wrap-platine-myrtille-25-x-2\/\" \/>\n<meta property=\"og:site_name\" content=\"Tabakversand.ch | Alles aus der Welt des Tabaks\" \/>\n<meta property=\"article:modified_time\" content=\"2026-03-25T12:30:06+00:00\" \/>\n<meta property=\"og:image\" content=\"https:\/\/www.tabakversand.ch\/wp-content\/uploads\/2022\/03\/blunt-wrap-platinum-blueberry-burst.jpg\" \/>\n\t<meta property=\"og:image:width\" content=\"400\" \/>\n\t<meta property=\"og:image:height\" content=\"450\" \/>\n\t<meta property=\"og:image:type\" content=\"image\/jpeg\" \/>\n<meta name=\"twitter:card\" content=\"summary_large_image\" \/>\n<meta name=\"twitter:label1\" content=\"Dur\u00e9e de lecture estim\u00e9e\" \/>\n\t<meta name=\"twitter:data1\" content=\"2 minutes\" \/>\n<script type=\"application\/ld+json\" class=\"yoast-schema-graph\">{\"@context\":\"https:\/\/schema.org\",\"@graph\":[{\"@type\":\"WebPage\",\"@id\":\"https:\/\/www.tabakversand.ch\/fr\/produit\/blunt-wrap-platine-myrtille-25-x-2\/\",\"url\":\"https:\/\/www.tabakversand.ch\/fr\/produit\/blunt-wrap-platine-myrtille-25-x-2\/\",\"name\":\"Feuilles \u00e0 rouler Blunt \u00e0 la myrtille \u2013 Saveur sucr\u00e9e de myrtille\",\"isPartOf\":{\"@id\":\"https:\/\/www.tabakversand.ch\/#website\"},\"primaryImageOfPage\":{\"@id\":\"https:\/\/www.tabakversand.ch\/fr\/produit\/blunt-wrap-platine-myrtille-25-x-2\/#primaryimage\"},\"image\":{\"@id\":\"https:\/\/www.tabakversand.ch\/fr\/produit\/blunt-wrap-platine-myrtille-25-x-2\/#primaryimage\"},\"thumbnailUrl\":\"https:\/\/www.tabakversand.ch\/wp-content\/uploads\/2022\/03\/blunt-wrap-platinum-blueberry-burst.jpg\",\"datePublished\":\"2022-04-02T09:14:26+00:00\",\"dateModified\":\"2026-03-25T12:30:06+00:00\",\"description\":\"Feuilles \u00e0 rouler Blunt Wraps Blueberry au go\u00fbt authentique de myrtille. Feuilles de tabac pr\u00e9-roul\u00e9es, 2 par paquet \u2013 faciles \u00e0 rouler, fruit\u00e9es et aromatiques.\",\"breadcrumb\":{\"@id\":\"https:\/\/www.tabakversand.ch\/fr\/produit\/blunt-wrap-platine-myrtille-25-x-2\/#breadcrumb\"},\"inLanguage\":\"fr-FR\",\"potentialAction\":[{\"@type\":\"ReadAction\",\"target\":[\"https:\/\/www.tabakversand.ch\/fr\/produit\/blunt-wrap-platine-myrtille-25-x-2\/\"]}]},{\"@type\":\"ImageObject\",\"inLanguage\":\"fr-FR\",\"@id\":\"https:\/\/www.tabakversand.ch\/fr\/produit\/blunt-wrap-platine-myrtille-25-x-2\/#primaryimage\",\"url\":\"https:\/\/www.tabakversand.ch\/wp-content\/uploads\/2022\/03\/blunt-wrap-platinum-blueberry-burst.jpg\",\"contentUrl\":\"https:\/\/www.tabakversand.ch\/wp-content\/uploads\/2022\/03\/blunt-wrap-platinum-blueberry-burst.jpg\",\"width\":400,\"height\":450,\"caption\":\"Blunt Wrap Platine Myrtille 25 x 2\"},{\"@type\":\"BreadcrumbList\",\"@id\":\"https:\/\/www.tabakversand.ch\/fr\/produit\/blunt-wrap-platine-myrtille-25-x-2\/#breadcrumb\",\"itemListElement\":[{\"@type\":\"ListItem\",\"position\":1,\"name\":\"Startseite\",\"item\":\"https:\/\/www.tabakversand.ch\/\"},{\"@type\":\"ListItem\",\"position\":2,\"name\":\"Boutique\",\"item\":\"https:\/\/www.tabakversand.ch\/fr\/boutique\/\"},{\"@type\":\"ListItem\",\"position\":3,\"name\":\"Blunt Wrap Platinum Myrtille\"}]},{\"@type\":\"WebSite\",\"@id\":\"https:\/\/www.tabakversand.ch\/#website\",\"url\":\"https:\/\/www.tabakversand.ch\/\",\"name\":\"Tabakversand.ch | Alles aus der Welt des Tabaks\",\"description\":\"Smoke and carpe diem\",\"potentialAction\":[{\"@type\":\"SearchAction\",\"target\":{\"@type\":\"EntryPoint\",\"urlTemplate\":\"https:\/\/www.tabakversand.ch\/?s={search_term_string}\"},\"query-input\":{\"@type\":\"PropertyValueSpecification\",\"valueRequired\":true,\"valueName\":\"search_term_string\"}}],\"inLanguage\":\"fr-FR\"}]}<\/script>\n<!-- \/ Yoast SEO plugin. -->","yoast_head_json":{"title":"Feuilles \u00e0 rouler Blunt \u00e0 la myrtille \u2013 Saveur sucr\u00e9e de myrtille","description":"Feuilles \u00e0 rouler Blunt Wraps Blueberry au go\u00fbt authentique de myrtille. Feuilles de tabac pr\u00e9-roul\u00e9es, 2 par paquet \u2013 faciles \u00e0 rouler, fruit\u00e9es et aromatiques.","robots":{"index":"index","follow":"follow","max-snippet":"max-snippet:-1","max-image-preview":"max-image-preview:large","max-video-preview":"max-video-preview:-1"},"canonical":"https:\/\/www.tabakversand.ch\/fr\/produit\/blunt-wrap-platine-myrtille-25-x-2\/","og_locale":"fr_FR","og_type":"article","og_title":"Feuilles \u00e0 rouler Blunt \u00e0 la myrtille \u2013 Saveur sucr\u00e9e de myrtille","og_description":"Feuilles \u00e0 rouler Blunt Wraps Blueberry au go\u00fbt authentique de myrtille. Feuilles de tabac pr\u00e9-roul\u00e9es, 2 par paquet \u2013 faciles \u00e0 rouler, fruit\u00e9es et aromatiques.","og_url":"https:\/\/www.tabakversand.ch\/fr\/produit\/blunt-wrap-platine-myrtille-25-x-2\/","og_site_name":"Tabakversand.ch | Alles aus der Welt des Tabaks","article_modified_time":"2026-03-25T12:30:06+00:00","og_image":[{"width":400,"height":450,"url":"https:\/\/www.tabakversand.ch\/wp-content\/uploads\/2022\/03\/blunt-wrap-platinum-blueberry-burst.jpg","type":"image\/jpeg"}],"twitter_card":"summary_large_image","twitter_misc":{"Dur\u00e9e de lecture estim\u00e9e":"2 minutes"},"schema":{"@context":"https:\/\/schema.org","@graph":[{"@type":"WebPage","@id":"https:\/\/www.tabakversand.ch\/fr\/produit\/blunt-wrap-platine-myrtille-25-x-2\/","url":"https:\/\/www.tabakversand.ch\/fr\/produit\/blunt-wrap-platine-myrtille-25-x-2\/","name":"Feuilles \u00e0 rouler Blunt \u00e0 la myrtille \u2013 Saveur sucr\u00e9e de myrtille","isPartOf":{"@id":"https:\/\/www.tabakversand.ch\/#website"},"primaryImageOfPage":{"@id":"https:\/\/www.tabakversand.ch\/fr\/produit\/blunt-wrap-platine-myrtille-25-x-2\/#primaryimage"},"image":{"@id":"https:\/\/www.tabakversand.ch\/fr\/produit\/blunt-wrap-platine-myrtille-25-x-2\/#primaryimage"},"thumbnailUrl":"https:\/\/www.tabakversand.ch\/wp-content\/uploads\/2022\/03\/blunt-wrap-platinum-blueberry-burst.jpg","datePublished":"2022-04-02T09:14:26+00:00","dateModified":"2026-03-25T12:30:06+00:00","description":"Feuilles \u00e0 rouler Blunt Wraps Blueberry au go\u00fbt authentique de myrtille. Feuilles de tabac pr\u00e9-roul\u00e9es, 2 par paquet \u2013 faciles \u00e0 rouler, fruit\u00e9es et aromatiques.","breadcrumb":{"@id":"https:\/\/www.tabakversand.ch\/fr\/produit\/blunt-wrap-platine-myrtille-25-x-2\/#breadcrumb"},"inLanguage":"fr-FR","potentialAction":[{"@type":"ReadAction","target":["https:\/\/www.tabakversand.ch\/fr\/produit\/blunt-wrap-platine-myrtille-25-x-2\/"]}]},{"@type":"ImageObject","inLanguage":"fr-FR","@id":"https:\/\/www.tabakversand.ch\/fr\/produit\/blunt-wrap-platine-myrtille-25-x-2\/#primaryimage","url":"https:\/\/www.tabakversand.ch\/wp-content\/uploads\/2022\/03\/blunt-wrap-platinum-blueberry-burst.jpg","contentUrl":"https:\/\/www.tabakversand.ch\/wp-content\/uploads\/2022\/03\/blunt-wrap-platinum-blueberry-burst.jpg","width":400,"height":450,"caption":"Blunt Wrap Platine Myrtille 25 x 2"},{"@type":"BreadcrumbList","@id":"https:\/\/www.tabakversand.ch\/fr\/produit\/blunt-wrap-platine-myrtille-25-x-2\/#breadcrumb","itemListElement":[{"@type":"ListItem","position":1,"name":"Startseite","item":"https:\/\/www.tabakversand.ch\/"},{"@type":"ListItem","position":2,"name":"Boutique","item":"https:\/\/www.tabakversand.ch\/fr\/boutique\/"},{"@type":"ListItem","position":3,"name":"Blunt Wrap Platinum Myrtille"}]},{"@type":"WebSite","@id":"https:\/\/www.tabakversand.ch\/#website","url":"https:\/\/www.tabakversand.ch\/","name":"Tabakversand.ch | Alles aus der Welt des Tabaks","description":"Smoke and carpe diem","potentialAction":[{"@type":"SearchAction","target":{"@type":"EntryPoint","urlTemplate":"https:\/\/www.tabakversand.ch\/?s={search_term_string}"},"query-input":{"@type":"PropertyValueSpecification","valueRequired":true,"valueName":"search_term_string"}}],"inLanguage":"fr-FR"}]}},"_links":{"self":[{"href":"https:\/\/www.tabakversand.ch\/fr\/wp-json\/wp\/v2\/product\/66963","targetHints":{"allow":["GET"]}}],"collection":[{"href":"https:\/\/www.tabakversand.ch\/fr\/wp-json\/wp\/v2\/product"}],"about":[{"href":"https:\/\/www.tabakversand.ch\/fr\/wp-json\/wp\/v2\/types\/product"}],"version-history":[{"count":3,"href":"https:\/\/www.tabakversand.ch\/fr\/wp-json\/wp\/v2\/product\/66963\/revisions"}],"predecessor-version":[{"id":216040,"href":"https:\/\/www.tabakversand.ch\/fr\/wp-json\/wp\/v2\/product\/66963\/revisions\/216040"}],"wp:featuredmedia":[{"embeddable":true,"href":"https:\/\/www.tabakversand.ch\/fr\/wp-json\/wp\/v2\/media\/66971"}],"wp:attachment":[{"href":"https:\/\/www.tabakversand.ch\/fr\/wp-json\/wp\/v2\/media?parent=66963"}],"wp:term":[{"taxonomy":"product_brand","embeddable":true,"href":"https:\/\/www.tabakversand.ch\/fr\/wp-json\/wp\/v2\/product_brand?post=66963"},{"taxonomy":"product_cat","embeddable":true,"href":"https:\/\/www.tabakversand.ch\/fr\/wp-json\/wp\/v2\/product_cat?post=66963"},{"taxonomy":"product_tag","embeddable":true,"href":"https:\/\/www.tabakversand.ch\/fr\/wp-json\/wp\/v2\/product_tag?post=66963"}],"curies":[{"name":"wp","href":"https:\/\/api.w.org\/{rel}","templated":true}]}}