{"id":67103,"date":"2022-04-02T11:14:03","date_gmt":"2022-04-02T09:14:03","guid":{"rendered":"http:\/\/www.tabakversand.ch\/produkt\/flor-de-selva-maduro-n-15-20-he-boite-de-cigares\/"},"modified":"2025-09-18T15:00:17","modified_gmt":"2025-09-18T13:00:17","slug":"flor-de-selva-maduro-no-15-20-er-kiste-cigares","status":"publish","type":"product","link":"https:\/\/www.tabakversand.ch\/fr\/produit\/flor-de-selva-maduro-no-15-20-er-kiste-cigares\/","title":{"rendered":"Flor de Selva Maduro n\u00b0 15 20 he bo\u00eete de cigares"},"content":{"rendered":"<p>Flor de Selva Maduro n\u00b015 bo\u00eete de 20 cigares<\/p>\n<p> D&rsquo;origine mi-fran\u00e7aise, mi-hondurienne, Maya Selva a fond\u00e9 la soci\u00e9t\u00e9 Flor de Selva en 1994 pour promouvoir le tabac hondurien dans toute l&rsquo;Europe. \u00ab&nbsp;Flor de Selva&nbsp;\u00bb, cigares faits \u00e0 la main du Honduras, a \u00e9t\u00e9 lanc\u00e9 simultan\u00e9ment sur les march\u00e9s Fran\u00e7ais et allemand en 1994. Ce cigare relativement nouveau est d\u00e9j\u00e0 un classique aujourd\u2019hui. Ils sont parfaitement roul\u00e9s et impressionnent par leur caract\u00e8re unique : un tabac au go\u00fbt terreux et bois\u00e9 et aux nuances fruit\u00e9es d\u00e9licates qui donnent au cigare Flor de Selva sa saveur incomparable.<\/p>\n<p> Format : Torpille<br \/> Longueur : 14 cm<br \/> Bague : 55<\/p>\n<p> Couverture : Honduras<br \/> Classeur : Honduras<br \/> Encart : Honduras<br \/>  &nbsp;<br \/>Tous les prix s&rsquo;appliquent uniquement aux commandes en ligne et incluent la TVA. Sous r\u00e9serve de modifications sans pr\u00e9avis, frais de livraison en sus. Sous r\u00e9serve d&rsquo;erreurs, de modifications de contenu de livraison et de conception, de fautes d&rsquo;impression et de modifications de prix. Les prix barr\u00e9s sont des prix de remplacement. Les illustrations peuvent diff\u00e9rer de l&rsquo;original\/du contenu de livraison.<br \/>\n*Livraison gratuite pour les commandes sup\u00e9rieures \u00e0 CHF 250.-.<\/p>\n","protected":false},"excerpt":{"rendered":"<p>Flor de Selva Maduro n\u00b015 bo\u00eete de 20 cigares D&rsquo;origine mi-fran\u00e7aise, mi-hondurienne, Maya Selva a fond\u00e9 la soci\u00e9t\u00e9 Flor de Selva en 1994 pour promouvoir le tabac hondurien dans toute l&rsquo;Europe. \u00ab&nbsp;Flor de Selva&nbsp;\u00bb, cigares faits \u00e0 la main du Honduras, a \u00e9t\u00e9 lanc\u00e9 simultan\u00e9ment sur les march\u00e9s Fran\u00e7ais et allemand en 1994. Ce cigare [&hellip;]<\/p>\n","protected":false},"featured_media":67109,"template":"","meta":[],"product_brand":[1763],"product_cat":[1993,2525,2329,1994],"product_tag":[],"class_list":{"0":"post-67103","1":"product","2":"type-product","3":"status-publish","4":"has-post-thumbnail","6":"product_brand-flor-de-selva","7":"product_cat-cigares","8":"product_cat-cigares-flor-de-selva","9":"product_cat-honduras-fr","10":"product_cat-monde-du-cigare","12":"first","13":"onbackorder","14":"purchasable","15":"product-type-simple"},"yoast_head":"<!-- This site is optimized with the Yoast SEO plugin v27.0 - https:\/\/yoast.com\/product\/yoast-seo-wordpress\/ -->\n<title>Flor de Selva Maduro n\u00b0 15 20 he bo\u00eete de cigares - Tabakversand.ch | Alles aus der Welt des Tabaks<\/title>\n<meta name=\"description\" content=\"Flor de Selva Maduro n\u00b0 15 20 bo\u00eete de cigares | La plus grande s\u00e9lection de produits du tabac de Suisse | Toutes les cartes sont accept\u00e9es!\" \/>\n<meta name=\"robots\" content=\"index, follow, max-snippet:-1, max-image-preview:large, max-video-preview:-1\" \/>\n<link rel=\"canonical\" href=\"https:\/\/www.tabakversand.ch\/fr\/produit\/flor-de-selva-maduro-no-15-20-er-kiste-cigares\/\" \/>\n<meta property=\"og:locale\" content=\"fr_FR\" \/>\n<meta property=\"og:type\" content=\"article\" \/>\n<meta property=\"og:title\" content=\"Flor de Selva Maduro n\u00b0 15 20 he bo\u00eete de cigares - Tabakversand.ch | Alles aus der Welt des Tabaks\" \/>\n<meta property=\"og:description\" content=\"Flor de Selva Maduro n\u00b0 15 20 bo\u00eete de cigares | La plus grande s\u00e9lection de produits du tabac de Suisse | Toutes les cartes sont accept\u00e9es!\" \/>\n<meta property=\"og:url\" content=\"https:\/\/www.tabakversand.ch\/fr\/produit\/flor-de-selva-maduro-no-15-20-er-kiste-cigares\/\" \/>\n<meta property=\"og:site_name\" content=\"Tabakversand.ch | Alles aus der Welt des Tabaks\" \/>\n<meta property=\"article:modified_time\" content=\"2025-09-18T13:00:17+00:00\" \/>\n<meta property=\"og:image\" content=\"https:\/\/www.tabakversand.ch\/wp-content\/uploads\/2022\/03\/flor-de-selva-maduro-no-15-20-box-open.jpg\" \/>\n\t<meta property=\"og:image:width\" content=\"500\" \/>\n\t<meta property=\"og:image:height\" content=\"400\" \/>\n\t<meta property=\"og:image:type\" content=\"image\/jpeg\" \/>\n<meta name=\"twitter:card\" content=\"summary_large_image\" \/>\n<meta name=\"twitter:label1\" content=\"Dur\u00e9e de lecture estim\u00e9e\" \/>\n\t<meta name=\"twitter:data1\" content=\"1 minute\" \/>\n<script type=\"application\/ld+json\" class=\"yoast-schema-graph\">{\"@context\":\"https:\/\/schema.org\",\"@graph\":[{\"@type\":\"WebPage\",\"@id\":\"https:\/\/www.tabakversand.ch\/fr\/produit\/flor-de-selva-maduro-no-15-20-er-kiste-cigares\/\",\"url\":\"https:\/\/www.tabakversand.ch\/fr\/produit\/flor-de-selva-maduro-no-15-20-er-kiste-cigares\/\",\"name\":\"Flor de Selva Maduro n\u00b0 15 20 he bo\u00eete de cigares - Tabakversand.ch | Alles aus der Welt des Tabaks\",\"isPartOf\":{\"@id\":\"https:\/\/www.tabakversand.ch\/#website\"},\"primaryImageOfPage\":{\"@id\":\"https:\/\/www.tabakversand.ch\/fr\/produit\/flor-de-selva-maduro-no-15-20-er-kiste-cigares\/#primaryimage\"},\"image\":{\"@id\":\"https:\/\/www.tabakversand.ch\/fr\/produit\/flor-de-selva-maduro-no-15-20-er-kiste-cigares\/#primaryimage\"},\"thumbnailUrl\":\"https:\/\/www.tabakversand.ch\/wp-content\/uploads\/2022\/03\/flor-de-selva-maduro-no-15-20-box-open.jpg\",\"datePublished\":\"2022-04-02T09:14:03+00:00\",\"dateModified\":\"2025-09-18T13:00:17+00:00\",\"description\":\"Flor de Selva Maduro n\u00b0 15 20 bo\u00eete de cigares | La plus grande s\u00e9lection de produits du tabac de Suisse | Toutes les cartes sont accept\u00e9es!\",\"breadcrumb\":{\"@id\":\"https:\/\/www.tabakversand.ch\/fr\/produit\/flor-de-selva-maduro-no-15-20-er-kiste-cigares\/#breadcrumb\"},\"inLanguage\":\"fr-FR\",\"potentialAction\":[{\"@type\":\"ReadAction\",\"target\":[\"https:\/\/www.tabakversand.ch\/fr\/produit\/flor-de-selva-maduro-no-15-20-er-kiste-cigares\/\"]}]},{\"@type\":\"ImageObject\",\"inLanguage\":\"fr-FR\",\"@id\":\"https:\/\/www.tabakversand.ch\/fr\/produit\/flor-de-selva-maduro-no-15-20-er-kiste-cigares\/#primaryimage\",\"url\":\"https:\/\/www.tabakversand.ch\/wp-content\/uploads\/2022\/03\/flor-de-selva-maduro-no-15-20-box-open.jpg\",\"contentUrl\":\"https:\/\/www.tabakversand.ch\/wp-content\/uploads\/2022\/03\/flor-de-selva-maduro-no-15-20-box-open.jpg\",\"width\":500,\"height\":400,\"caption\":\"Flor de Selva Maduro n\u00b0 15 20 he bo\u00eete de cigares\"},{\"@type\":\"BreadcrumbList\",\"@id\":\"https:\/\/www.tabakversand.ch\/fr\/produit\/flor-de-selva-maduro-no-15-20-er-kiste-cigares\/#breadcrumb\",\"itemListElement\":[{\"@type\":\"ListItem\",\"position\":1,\"name\":\"Startseite\",\"item\":\"https:\/\/www.tabakversand.ch\/\"},{\"@type\":\"ListItem\",\"position\":2,\"name\":\"Boutique\",\"item\":\"https:\/\/www.tabakversand.ch\/fr\/boutique\/\"},{\"@type\":\"ListItem\",\"position\":3,\"name\":\"Flor de Selva Maduro n\u00b0 15 20 he bo\u00eete de cigares\"}]},{\"@type\":\"WebSite\",\"@id\":\"https:\/\/www.tabakversand.ch\/#website\",\"url\":\"https:\/\/www.tabakversand.ch\/\",\"name\":\"Tabakversand.ch | Alles aus der Welt des Tabaks\",\"description\":\"Smoke and carpe diem\",\"potentialAction\":[{\"@type\":\"SearchAction\",\"target\":{\"@type\":\"EntryPoint\",\"urlTemplate\":\"https:\/\/www.tabakversand.ch\/?s={search_term_string}\"},\"query-input\":{\"@type\":\"PropertyValueSpecification\",\"valueRequired\":true,\"valueName\":\"search_term_string\"}}],\"inLanguage\":\"fr-FR\"}]}<\/script>\n<!-- \/ Yoast SEO plugin. -->","yoast_head_json":{"title":"Flor de Selva Maduro n\u00b0 15 20 he bo\u00eete de cigares - Tabakversand.ch | Alles aus der Welt des Tabaks","description":"Flor de Selva Maduro n\u00b0 15 20 bo\u00eete de cigares | La plus grande s\u00e9lection de produits du tabac de Suisse | Toutes les cartes sont accept\u00e9es!","robots":{"index":"index","follow":"follow","max-snippet":"max-snippet:-1","max-image-preview":"max-image-preview:large","max-video-preview":"max-video-preview:-1"},"canonical":"https:\/\/www.tabakversand.ch\/fr\/produit\/flor-de-selva-maduro-no-15-20-er-kiste-cigares\/","og_locale":"fr_FR","og_type":"article","og_title":"Flor de Selva Maduro n\u00b0 15 20 he bo\u00eete de cigares - Tabakversand.ch | Alles aus der Welt des Tabaks","og_description":"Flor de Selva Maduro n\u00b0 15 20 bo\u00eete de cigares | La plus grande s\u00e9lection de produits du tabac de Suisse | Toutes les cartes sont accept\u00e9es!","og_url":"https:\/\/www.tabakversand.ch\/fr\/produit\/flor-de-selva-maduro-no-15-20-er-kiste-cigares\/","og_site_name":"Tabakversand.ch | Alles aus der Welt des Tabaks","article_modified_time":"2025-09-18T13:00:17+00:00","og_image":[{"width":500,"height":400,"url":"https:\/\/www.tabakversand.ch\/wp-content\/uploads\/2022\/03\/flor-de-selva-maduro-no-15-20-box-open.jpg","type":"image\/jpeg"}],"twitter_card":"summary_large_image","twitter_misc":{"Dur\u00e9e de lecture estim\u00e9e":"1 minute"},"schema":{"@context":"https:\/\/schema.org","@graph":[{"@type":"WebPage","@id":"https:\/\/www.tabakversand.ch\/fr\/produit\/flor-de-selva-maduro-no-15-20-er-kiste-cigares\/","url":"https:\/\/www.tabakversand.ch\/fr\/produit\/flor-de-selva-maduro-no-15-20-er-kiste-cigares\/","name":"Flor de Selva Maduro n\u00b0 15 20 he bo\u00eete de cigares - Tabakversand.ch | Alles aus der Welt des Tabaks","isPartOf":{"@id":"https:\/\/www.tabakversand.ch\/#website"},"primaryImageOfPage":{"@id":"https:\/\/www.tabakversand.ch\/fr\/produit\/flor-de-selva-maduro-no-15-20-er-kiste-cigares\/#primaryimage"},"image":{"@id":"https:\/\/www.tabakversand.ch\/fr\/produit\/flor-de-selva-maduro-no-15-20-er-kiste-cigares\/#primaryimage"},"thumbnailUrl":"https:\/\/www.tabakversand.ch\/wp-content\/uploads\/2022\/03\/flor-de-selva-maduro-no-15-20-box-open.jpg","datePublished":"2022-04-02T09:14:03+00:00","dateModified":"2025-09-18T13:00:17+00:00","description":"Flor de Selva Maduro n\u00b0 15 20 bo\u00eete de cigares | La plus grande s\u00e9lection de produits du tabac de Suisse | Toutes les cartes sont accept\u00e9es!","breadcrumb":{"@id":"https:\/\/www.tabakversand.ch\/fr\/produit\/flor-de-selva-maduro-no-15-20-er-kiste-cigares\/#breadcrumb"},"inLanguage":"fr-FR","potentialAction":[{"@type":"ReadAction","target":["https:\/\/www.tabakversand.ch\/fr\/produit\/flor-de-selva-maduro-no-15-20-er-kiste-cigares\/"]}]},{"@type":"ImageObject","inLanguage":"fr-FR","@id":"https:\/\/www.tabakversand.ch\/fr\/produit\/flor-de-selva-maduro-no-15-20-er-kiste-cigares\/#primaryimage","url":"https:\/\/www.tabakversand.ch\/wp-content\/uploads\/2022\/03\/flor-de-selva-maduro-no-15-20-box-open.jpg","contentUrl":"https:\/\/www.tabakversand.ch\/wp-content\/uploads\/2022\/03\/flor-de-selva-maduro-no-15-20-box-open.jpg","width":500,"height":400,"caption":"Flor de Selva Maduro n\u00b0 15 20 he bo\u00eete de cigares"},{"@type":"BreadcrumbList","@id":"https:\/\/www.tabakversand.ch\/fr\/produit\/flor-de-selva-maduro-no-15-20-er-kiste-cigares\/#breadcrumb","itemListElement":[{"@type":"ListItem","position":1,"name":"Startseite","item":"https:\/\/www.tabakversand.ch\/"},{"@type":"ListItem","position":2,"name":"Boutique","item":"https:\/\/www.tabakversand.ch\/fr\/boutique\/"},{"@type":"ListItem","position":3,"name":"Flor de Selva Maduro n\u00b0 15 20 he bo\u00eete de cigares"}]},{"@type":"WebSite","@id":"https:\/\/www.tabakversand.ch\/#website","url":"https:\/\/www.tabakversand.ch\/","name":"Tabakversand.ch | Alles aus der Welt des Tabaks","description":"Smoke and carpe diem","potentialAction":[{"@type":"SearchAction","target":{"@type":"EntryPoint","urlTemplate":"https:\/\/www.tabakversand.ch\/?s={search_term_string}"},"query-input":{"@type":"PropertyValueSpecification","valueRequired":true,"valueName":"search_term_string"}}],"inLanguage":"fr-FR"}]}},"_links":{"self":[{"href":"https:\/\/www.tabakversand.ch\/fr\/wp-json\/wp\/v2\/product\/67103","targetHints":{"allow":["GET"]}}],"collection":[{"href":"https:\/\/www.tabakversand.ch\/fr\/wp-json\/wp\/v2\/product"}],"about":[{"href":"https:\/\/www.tabakversand.ch\/fr\/wp-json\/wp\/v2\/types\/product"}],"version-history":[{"count":1,"href":"https:\/\/www.tabakversand.ch\/fr\/wp-json\/wp\/v2\/product\/67103\/revisions"}],"predecessor-version":[{"id":200473,"href":"https:\/\/www.tabakversand.ch\/fr\/wp-json\/wp\/v2\/product\/67103\/revisions\/200473"}],"wp:featuredmedia":[{"embeddable":true,"href":"https:\/\/www.tabakversand.ch\/fr\/wp-json\/wp\/v2\/media\/67109"}],"wp:attachment":[{"href":"https:\/\/www.tabakversand.ch\/fr\/wp-json\/wp\/v2\/media?parent=67103"}],"wp:term":[{"taxonomy":"product_brand","embeddable":true,"href":"https:\/\/www.tabakversand.ch\/fr\/wp-json\/wp\/v2\/product_brand?post=67103"},{"taxonomy":"product_cat","embeddable":true,"href":"https:\/\/www.tabakversand.ch\/fr\/wp-json\/wp\/v2\/product_cat?post=67103"},{"taxonomy":"product_tag","embeddable":true,"href":"https:\/\/www.tabakversand.ch\/fr\/wp-json\/wp\/v2\/product_tag?post=67103"}],"curies":[{"name":"wp","href":"https:\/\/api.w.org\/{rel}","templated":true}]}}