{"id":68010,"date":"2022-04-02T11:10:24","date_gmt":"2022-04-02T09:10:24","guid":{"rendered":"http:\/\/www.tabakversand.ch\/produkt\/xikar-cutter-xi3-gauche-54-phantom-poli-vintage-bronze\/"},"modified":"2026-04-08T16:16:56","modified_gmt":"2026-04-08T14:16:56","slug":"xikar-cutter-xi3-gauche-54-phantom-polished-vintage-bronze","status":"publish","type":"product","link":"https:\/\/www.tabakversand.ch\/fr\/produit\/xikar-cutter-xi3-gauche-54-phantom-polished-vintage-bronze\/","title":{"rendered":"Xikar Cutter Xi3 Gauche 54 Phantom Poli Vintage Bronze"},"content":{"rendered":"<h1>Xikar Cutter Xi3 Gauche 54 Phantom Poli Vintage Bronze<\/h1>\n<p>  Les coupe-lames \u00e0 double lame Xi3 de Xikar offrent un excellent look avec un style classique et raffin\u00e9. En plus de la beaut\u00e9 pure de la finition bronze vintage, il offre un poids important et un \u00e9quilibre exceptionnel du corps et des lames en acier inoxydable. Le Xi3 Vintage Bronze Cutter est poli &nbsp;\u00e0 la main &#8211; une finition unique et \u00e9l\u00e9gante. Les lames noires sont en PVD pour une longue durabilit\u00e9 et repr\u00e9sentent une apparence moderne et masculine. Le Xi3 Vintage Bronze offre un style intemporel qui dure toute une vie. Toutes les fraises Xi3 se caract\u00e9risent par la m\u00eame forme ergonomique unique et une double guillotine, qui donne une performance de coupe aussi puissante en un seul mouvement d\u2019\u00e9crasement.&nbsp; Ses lames tranchantes en acier inoxydable enl\u00e8vent proprement le capuchon d\u2019un cigare de calibre 54 anneaux. C\u2019est l\u2019accessoire ultime pour le fumeur de cigares qui appr\u00e9cie le style de ses accessoires autant que son cigare.<br \/>  &nbsp;<br \/>Tous les prix s&rsquo;appliquent uniquement aux commandes en ligne et incluent la TVA. Sous r\u00e9serve de modifications sans pr\u00e9avis, frais de livraison en sus. Sous r\u00e9serve d&rsquo;erreurs, de modifications de contenu de livraison et de conception, de fautes d&rsquo;impression et de modifications de prix. Les prix barr\u00e9s sont des prix de remplacement. Les illustrations peuvent diff\u00e9rer de l&rsquo;original\/du contenu de livraison.<br \/>\n*Livraison gratuite pour les commandes sup\u00e9rieures \u00e0 CHF 250.-.<\/p>\n","protected":false},"excerpt":{"rendered":"<p>Xikar Cutter Xi3 Gauche 54 Phantom Poli Vintage Bronze Les coupe-lames \u00e0 double lame Xi3 de Xikar offrent un excellent look avec un style classique et raffin\u00e9. En plus de la beaut\u00e9 pure de la finition bronze vintage, il offre un poids important et un \u00e9quilibre exceptionnel du corps et des lames en acier inoxydable. [&hellip;]<\/p>\n","protected":false},"featured_media":68013,"template":"","meta":[],"product_brand":[1703],"product_cat":[2119,2118,3329,1994],"product_tag":[],"class_list":{"0":"post-68010","1":"product","2":"type-product","3":"status-publish","4":"has-post-thumbnail","6":"product_brand-xikar-raucherbedarf","7":"product_cat-accessoires-pour-cigares","8":"product_cat-coupe-cigares","9":"product_cat-coupe-lame-a-double-lame","10":"product_cat-monde-du-cigare","12":"first","13":"onbackorder","14":"purchasable","15":"product-type-simple"},"yoast_head":"<!-- This site is optimized with the Yoast SEO plugin v27.0 - https:\/\/yoast.com\/product\/yoast-seo-wordpress\/ -->\n<title>Xikar Cutter Xi3 Gauche 54 Phantom Poli Vintage Bronze - Tabakversand.ch | Alles aus der Welt des Tabaks<\/title>\n<meta name=\"description\" content=\"Xikar Cutter Xi3 Gauche 54 Phantom Poli Vintage Bronze | La plus grande s\u00e9lection de produits du tabac de Suisse | Toutes les cartes sont accept\u00e9es!\" \/>\n<meta name=\"robots\" content=\"index, follow, max-snippet:-1, max-image-preview:large, max-video-preview:-1\" \/>\n<link rel=\"canonical\" href=\"https:\/\/www.tabakversand.ch\/fr\/produit\/xikar-cutter-xi3-gauche-54-phantom-polished-vintage-bronze\/\" \/>\n<meta property=\"og:locale\" content=\"fr_FR\" \/>\n<meta property=\"og:type\" content=\"article\" \/>\n<meta property=\"og:title\" content=\"Xikar Cutter Xi3 Gauche 54 Phantom Poli Vintage Bronze - Tabakversand.ch | Alles aus der Welt des Tabaks\" \/>\n<meta property=\"og:description\" content=\"Xikar Cutter Xi3 Gauche 54 Phantom Poli Vintage Bronze | La plus grande s\u00e9lection de produits du tabac de Suisse | Toutes les cartes sont accept\u00e9es!\" \/>\n<meta property=\"og:url\" content=\"https:\/\/www.tabakversand.ch\/fr\/produit\/xikar-cutter-xi3-gauche-54-phantom-polished-vintage-bronze\/\" \/>\n<meta property=\"og:site_name\" content=\"Tabakversand.ch | Alles aus der Welt des Tabaks\" \/>\n<meta property=\"article:modified_time\" content=\"2026-04-08T14:16:56+00:00\" \/>\n<meta property=\"og:image\" content=\"https:\/\/www.tabakversand.ch\/wp-content\/uploads\/2022\/03\/xikar-cutter-xi3-polished-vintage-bronze.jpg\" \/>\n\t<meta property=\"og:image:width\" content=\"401\" \/>\n\t<meta property=\"og:image:height\" content=\"352\" \/>\n\t<meta property=\"og:image:type\" content=\"image\/jpeg\" \/>\n<meta name=\"twitter:card\" content=\"summary_large_image\" \/>\n<meta name=\"twitter:label1\" content=\"Dur\u00e9e de lecture estim\u00e9e\" \/>\n\t<meta name=\"twitter:data1\" content=\"1 minute\" \/>\n<script type=\"application\/ld+json\" class=\"yoast-schema-graph\">{\"@context\":\"https:\/\/schema.org\",\"@graph\":[{\"@type\":\"WebPage\",\"@id\":\"https:\/\/www.tabakversand.ch\/fr\/produit\/xikar-cutter-xi3-gauche-54-phantom-polished-vintage-bronze\/\",\"url\":\"https:\/\/www.tabakversand.ch\/fr\/produit\/xikar-cutter-xi3-gauche-54-phantom-polished-vintage-bronze\/\",\"name\":\"Xikar Cutter Xi3 Gauche 54 Phantom Poli Vintage Bronze - Tabakversand.ch | Alles aus der Welt des Tabaks\",\"isPartOf\":{\"@id\":\"https:\/\/www.tabakversand.ch\/#website\"},\"primaryImageOfPage\":{\"@id\":\"https:\/\/www.tabakversand.ch\/fr\/produit\/xikar-cutter-xi3-gauche-54-phantom-polished-vintage-bronze\/#primaryimage\"},\"image\":{\"@id\":\"https:\/\/www.tabakversand.ch\/fr\/produit\/xikar-cutter-xi3-gauche-54-phantom-polished-vintage-bronze\/#primaryimage\"},\"thumbnailUrl\":\"https:\/\/www.tabakversand.ch\/wp-content\/uploads\/2022\/03\/xikar-cutter-xi3-polished-vintage-bronze.jpg\",\"datePublished\":\"2022-04-02T09:10:24+00:00\",\"dateModified\":\"2026-04-08T14:16:56+00:00\",\"description\":\"Xikar Cutter Xi3 Gauche 54 Phantom Poli Vintage Bronze | La plus grande s\u00e9lection de produits du tabac de Suisse | Toutes les cartes sont accept\u00e9es!\",\"breadcrumb\":{\"@id\":\"https:\/\/www.tabakversand.ch\/fr\/produit\/xikar-cutter-xi3-gauche-54-phantom-polished-vintage-bronze\/#breadcrumb\"},\"inLanguage\":\"fr-FR\",\"potentialAction\":[{\"@type\":\"ReadAction\",\"target\":[\"https:\/\/www.tabakversand.ch\/fr\/produit\/xikar-cutter-xi3-gauche-54-phantom-polished-vintage-bronze\/\"]}]},{\"@type\":\"ImageObject\",\"inLanguage\":\"fr-FR\",\"@id\":\"https:\/\/www.tabakversand.ch\/fr\/produit\/xikar-cutter-xi3-gauche-54-phantom-polished-vintage-bronze\/#primaryimage\",\"url\":\"https:\/\/www.tabakversand.ch\/wp-content\/uploads\/2022\/03\/xikar-cutter-xi3-polished-vintage-bronze.jpg\",\"contentUrl\":\"https:\/\/www.tabakversand.ch\/wp-content\/uploads\/2022\/03\/xikar-cutter-xi3-polished-vintage-bronze.jpg\",\"width\":401,\"height\":352,\"caption\":\"Xikar Cutter Xi3 Gauche 54 Phantom Poli Vintage Bronze\"},{\"@type\":\"BreadcrumbList\",\"@id\":\"https:\/\/www.tabakversand.ch\/fr\/produit\/xikar-cutter-xi3-gauche-54-phantom-polished-vintage-bronze\/#breadcrumb\",\"itemListElement\":[{\"@type\":\"ListItem\",\"position\":1,\"name\":\"Startseite\",\"item\":\"https:\/\/www.tabakversand.ch\/\"},{\"@type\":\"ListItem\",\"position\":2,\"name\":\"Boutique\",\"item\":\"https:\/\/www.tabakversand.ch\/fr\/boutique\/\"},{\"@type\":\"ListItem\",\"position\":3,\"name\":\"Xikar Cutter Xi3 Gauche 54 Phantom Poli Vintage Bronze\"}]},{\"@type\":\"WebSite\",\"@id\":\"https:\/\/www.tabakversand.ch\/#website\",\"url\":\"https:\/\/www.tabakversand.ch\/\",\"name\":\"Tabakversand.ch | Alles aus der Welt des Tabaks\",\"description\":\"Smoke and carpe diem\",\"potentialAction\":[{\"@type\":\"SearchAction\",\"target\":{\"@type\":\"EntryPoint\",\"urlTemplate\":\"https:\/\/www.tabakversand.ch\/?s={search_term_string}\"},\"query-input\":{\"@type\":\"PropertyValueSpecification\",\"valueRequired\":true,\"valueName\":\"search_term_string\"}}],\"inLanguage\":\"fr-FR\"}]}<\/script>\n<!-- \/ Yoast SEO plugin. -->","yoast_head_json":{"title":"Xikar Cutter Xi3 Gauche 54 Phantom Poli Vintage Bronze - Tabakversand.ch | Alles aus der Welt des Tabaks","description":"Xikar Cutter Xi3 Gauche 54 Phantom Poli Vintage Bronze | La plus grande s\u00e9lection de produits du tabac de Suisse | Toutes les cartes sont accept\u00e9es!","robots":{"index":"index","follow":"follow","max-snippet":"max-snippet:-1","max-image-preview":"max-image-preview:large","max-video-preview":"max-video-preview:-1"},"canonical":"https:\/\/www.tabakversand.ch\/fr\/produit\/xikar-cutter-xi3-gauche-54-phantom-polished-vintage-bronze\/","og_locale":"fr_FR","og_type":"article","og_title":"Xikar Cutter Xi3 Gauche 54 Phantom Poli Vintage Bronze - Tabakversand.ch | Alles aus der Welt des Tabaks","og_description":"Xikar Cutter Xi3 Gauche 54 Phantom Poli Vintage Bronze | La plus grande s\u00e9lection de produits du tabac de Suisse | Toutes les cartes sont accept\u00e9es!","og_url":"https:\/\/www.tabakversand.ch\/fr\/produit\/xikar-cutter-xi3-gauche-54-phantom-polished-vintage-bronze\/","og_site_name":"Tabakversand.ch | Alles aus der Welt des Tabaks","article_modified_time":"2026-04-08T14:16:56+00:00","og_image":[{"width":401,"height":352,"url":"https:\/\/www.tabakversand.ch\/wp-content\/uploads\/2022\/03\/xikar-cutter-xi3-polished-vintage-bronze.jpg","type":"image\/jpeg"}],"twitter_card":"summary_large_image","twitter_misc":{"Dur\u00e9e de lecture estim\u00e9e":"1 minute"},"schema":{"@context":"https:\/\/schema.org","@graph":[{"@type":"WebPage","@id":"https:\/\/www.tabakversand.ch\/fr\/produit\/xikar-cutter-xi3-gauche-54-phantom-polished-vintage-bronze\/","url":"https:\/\/www.tabakversand.ch\/fr\/produit\/xikar-cutter-xi3-gauche-54-phantom-polished-vintage-bronze\/","name":"Xikar Cutter Xi3 Gauche 54 Phantom Poli Vintage Bronze - Tabakversand.ch | Alles aus der Welt des Tabaks","isPartOf":{"@id":"https:\/\/www.tabakversand.ch\/#website"},"primaryImageOfPage":{"@id":"https:\/\/www.tabakversand.ch\/fr\/produit\/xikar-cutter-xi3-gauche-54-phantom-polished-vintage-bronze\/#primaryimage"},"image":{"@id":"https:\/\/www.tabakversand.ch\/fr\/produit\/xikar-cutter-xi3-gauche-54-phantom-polished-vintage-bronze\/#primaryimage"},"thumbnailUrl":"https:\/\/www.tabakversand.ch\/wp-content\/uploads\/2022\/03\/xikar-cutter-xi3-polished-vintage-bronze.jpg","datePublished":"2022-04-02T09:10:24+00:00","dateModified":"2026-04-08T14:16:56+00:00","description":"Xikar Cutter Xi3 Gauche 54 Phantom Poli Vintage Bronze | La plus grande s\u00e9lection de produits du tabac de Suisse | Toutes les cartes sont accept\u00e9es!","breadcrumb":{"@id":"https:\/\/www.tabakversand.ch\/fr\/produit\/xikar-cutter-xi3-gauche-54-phantom-polished-vintage-bronze\/#breadcrumb"},"inLanguage":"fr-FR","potentialAction":[{"@type":"ReadAction","target":["https:\/\/www.tabakversand.ch\/fr\/produit\/xikar-cutter-xi3-gauche-54-phantom-polished-vintage-bronze\/"]}]},{"@type":"ImageObject","inLanguage":"fr-FR","@id":"https:\/\/www.tabakversand.ch\/fr\/produit\/xikar-cutter-xi3-gauche-54-phantom-polished-vintage-bronze\/#primaryimage","url":"https:\/\/www.tabakversand.ch\/wp-content\/uploads\/2022\/03\/xikar-cutter-xi3-polished-vintage-bronze.jpg","contentUrl":"https:\/\/www.tabakversand.ch\/wp-content\/uploads\/2022\/03\/xikar-cutter-xi3-polished-vintage-bronze.jpg","width":401,"height":352,"caption":"Xikar Cutter Xi3 Gauche 54 Phantom Poli Vintage Bronze"},{"@type":"BreadcrumbList","@id":"https:\/\/www.tabakversand.ch\/fr\/produit\/xikar-cutter-xi3-gauche-54-phantom-polished-vintage-bronze\/#breadcrumb","itemListElement":[{"@type":"ListItem","position":1,"name":"Startseite","item":"https:\/\/www.tabakversand.ch\/"},{"@type":"ListItem","position":2,"name":"Boutique","item":"https:\/\/www.tabakversand.ch\/fr\/boutique\/"},{"@type":"ListItem","position":3,"name":"Xikar Cutter Xi3 Gauche 54 Phantom Poli Vintage Bronze"}]},{"@type":"WebSite","@id":"https:\/\/www.tabakversand.ch\/#website","url":"https:\/\/www.tabakversand.ch\/","name":"Tabakversand.ch | Alles aus der Welt des Tabaks","description":"Smoke and carpe diem","potentialAction":[{"@type":"SearchAction","target":{"@type":"EntryPoint","urlTemplate":"https:\/\/www.tabakversand.ch\/?s={search_term_string}"},"query-input":{"@type":"PropertyValueSpecification","valueRequired":true,"valueName":"search_term_string"}}],"inLanguage":"fr-FR"}]}},"_links":{"self":[{"href":"https:\/\/www.tabakversand.ch\/fr\/wp-json\/wp\/v2\/product\/68010","targetHints":{"allow":["GET"]}}],"collection":[{"href":"https:\/\/www.tabakversand.ch\/fr\/wp-json\/wp\/v2\/product"}],"about":[{"href":"https:\/\/www.tabakversand.ch\/fr\/wp-json\/wp\/v2\/types\/product"}],"version-history":[{"count":2,"href":"https:\/\/www.tabakversand.ch\/fr\/wp-json\/wp\/v2\/product\/68010\/revisions"}],"predecessor-version":[{"id":217359,"href":"https:\/\/www.tabakversand.ch\/fr\/wp-json\/wp\/v2\/product\/68010\/revisions\/217359"}],"wp:featuredmedia":[{"embeddable":true,"href":"https:\/\/www.tabakversand.ch\/fr\/wp-json\/wp\/v2\/media\/68013"}],"wp:attachment":[{"href":"https:\/\/www.tabakversand.ch\/fr\/wp-json\/wp\/v2\/media?parent=68010"}],"wp:term":[{"taxonomy":"product_brand","embeddable":true,"href":"https:\/\/www.tabakversand.ch\/fr\/wp-json\/wp\/v2\/product_brand?post=68010"},{"taxonomy":"product_cat","embeddable":true,"href":"https:\/\/www.tabakversand.ch\/fr\/wp-json\/wp\/v2\/product_cat?post=68010"},{"taxonomy":"product_tag","embeddable":true,"href":"https:\/\/www.tabakversand.ch\/fr\/wp-json\/wp\/v2\/product_tag?post=68010"}],"curies":[{"name":"wp","href":"https:\/\/api.w.org\/{rel}","templated":true}]}}