{"id":68593,"date":"2022-04-02T11:08:43","date_gmt":"2022-04-02T09:08:43","guid":{"rendered":"http:\/\/www.tabakversand.ch\/produkt\/cigares-griffins-classic-gran-robusto-25-er-box\/"},"modified":"2023-01-11T13:24:45","modified_gmt":"2023-01-11T12:24:45","slug":"griffons-classic-gran-robusto-25-er-kiste-cigares","status":"publish","type":"product","link":"https:\/\/www.tabakversand.ch\/fr\/produit\/griffons-classic-gran-robusto-25-er-kiste-cigares\/","title":{"rendered":"Cigares Griffin\u2019s Classic Gran Robusto 25 er box"},"content":{"rendered":"<h1>Griffon Classique Gran Robusto<\/h1>\n<h2>25 caisses de cigares<\/h2>\n<p>Avec la s\u00e9rie \u00ab&nbsp;Classic&nbsp;\u00bb, Griffin\u2019s offre \u00e0 l\u2019aficionado la gamme la plus \u00e9tendue de tailles et de formats. Cette s\u00e9lection permet d\u2019obtenir les forces et les compositions aromatiques les plus diverses que les trois tabacs s\u00e9lectionn\u00e9s de Saint-Domingue peuvent produire. La s\u00e9rie \u00ab&nbsp;Classic&nbsp;\u00bb propose des cigares doux avec des ar\u00f4mes et des caract\u00e8res fins et \u00e9quilibr\u00e9s.<\/p>\n<p>Le nouveau et moderne Gran Robusto est l\u00e9g\u00e8rement plus long et a une taille de bague l\u00e9g\u00e8rement plus grande que le format Robusto typique. Avec son ar\u00f4me intense, le cigare offre une exp\u00e9rience de fumage agr\u00e9able et douce.Format: Corona<\/p>\n<p>Format: Gran Robusto<br \/>\nLongueur 13,6 cm<br \/>\nDiam\u00e8tre: 2,1 cm<\/p>\n<p>Tous les prix ne sont valables que pour les commandes en ligne et comprennent La TVA, sont sujettes \u00e0 changement plus la TVA. Frais d\u2019exp\u00e9dition. Erreurs, changements dans l\u2019\u00e9tendue de la livraison et de la conception, erreurs d\u2019impression et changements de prix r\u00e9serv\u00e9s. Les prix barr\u00e9s sont stattpreise. L\u2019illustration peut diff\u00e9rer de l\u2019original \/ de la port\u00e9e de la livraison.<br \/>\n*Livraison gratuite \u00e0 partir de CHF 250.- valeur de la commande.<\/p>\n","protected":false},"excerpt":{"rendered":"<p>Griffon Classique Gran Robusto 25 caisses de cigares Avec la s\u00e9rie \u00ab&nbsp;Classic&nbsp;\u00bb, Griffin\u2019s offre \u00e0 l\u2019aficionado la gamme la plus \u00e9tendue de tailles et de formats. Cette s\u00e9lection permet d\u2019obtenir les forces et les compositions aromatiques les plus diverses que les trois tabacs s\u00e9lectionn\u00e9s de Saint-Domingue peuvent produire. La s\u00e9rie \u00ab&nbsp;Classic&nbsp;\u00bb propose des cigares doux [&hellip;]<\/p>\n","protected":false},"featured_media":68606,"template":"","meta":[],"product_brand":[1535],"product_cat":[1993,2559,2557,1994,1992],"product_tag":[],"class_list":{"0":"post-68593","1":"product","2":"type-product","3":"status-publish","4":"has-post-thumbnail","6":"product_brand-the-griffins","7":"product_cat-cigares","8":"product_cat-griffins-fr","9":"product_cat-griffons-classique","10":"product_cat-monde-du-cigare","11":"product_cat-republique-dominicaine","13":"first","14":"onbackorder","15":"purchasable","16":"product-type-simple"},"yoast_head":"<!-- This site is optimized with the Yoast SEO plugin v27.5 - https:\/\/yoast.com\/product\/yoast-seo-wordpress\/ -->\n<title>Cigares Griffin\u2019s Classic Gran Robusto 25 er box - Tabakversand.ch | Alles aus der Welt des Tabaks<\/title>\n<meta name=\"description\" content=\"Griffin`s Classic Gran Robusto bo\u00eete de 25 cigares | Le plus grand choix de produits du tabac en Suisse | Toutes les cartes accept\u00e9es !\" \/>\n<meta name=\"robots\" content=\"index, follow, max-snippet:-1, max-image-preview:large, max-video-preview:-1\" \/>\n<link rel=\"canonical\" href=\"https:\/\/www.tabakversand.ch\/fr\/produit\/griffons-classic-gran-robusto-25-er-kiste-cigares\/\" \/>\n<meta property=\"og:locale\" content=\"fr_FR\" \/>\n<meta property=\"og:type\" content=\"article\" \/>\n<meta property=\"og:title\" content=\"Cigares Griffin\u2019s Classic Gran Robusto 25 er box - Tabakversand.ch | Alles aus der Welt des Tabaks\" \/>\n<meta property=\"og:description\" content=\"Griffin`s Classic Gran Robusto bo\u00eete de 25 cigares | Le plus grand choix de produits du tabac en Suisse | Toutes les cartes accept\u00e9es !\" \/>\n<meta property=\"og:url\" content=\"https:\/\/www.tabakversand.ch\/fr\/produit\/griffons-classic-gran-robusto-25-er-kiste-cigares\/\" \/>\n<meta property=\"og:site_name\" content=\"Tabakversand.ch | Alles aus der Welt des Tabaks\" \/>\n<meta property=\"article:modified_time\" content=\"2023-01-11T12:24:45+00:00\" \/>\n<meta property=\"og:image\" content=\"https:\/\/www.tabakversand.ch\/wp-content\/uploads\/2022\/03\/griffins-gran-robusto-25-box.jpg\" \/>\n\t<meta property=\"og:image:width\" content=\"500\" \/>\n\t<meta property=\"og:image:height\" content=\"500\" \/>\n\t<meta property=\"og:image:type\" content=\"image\/jpeg\" \/>\n<meta name=\"twitter:card\" content=\"summary_large_image\" \/>\n<meta name=\"twitter:label1\" content=\"Dur\u00e9e de lecture estim\u00e9e\" \/>\n\t<meta name=\"twitter:data1\" content=\"1 minute\" \/>\n<script type=\"application\/ld+json\" class=\"yoast-schema-graph\">{\"@context\":\"https:\\\/\\\/schema.org\",\"@graph\":[{\"@type\":\"WebPage\",\"@id\":\"https:\\\/\\\/www.tabakversand.ch\\\/fr\\\/produit\\\/griffons-classic-gran-robusto-25-er-kiste-cigares\\\/\",\"url\":\"https:\\\/\\\/www.tabakversand.ch\\\/fr\\\/produit\\\/griffons-classic-gran-robusto-25-er-kiste-cigares\\\/\",\"name\":\"Cigares Griffin\u2019s Classic Gran Robusto 25 er box - Tabakversand.ch | Alles aus der Welt des Tabaks\",\"isPartOf\":{\"@id\":\"https:\\\/\\\/www.tabakversand.ch\\\/#website\"},\"primaryImageOfPage\":{\"@id\":\"https:\\\/\\\/www.tabakversand.ch\\\/fr\\\/produit\\\/griffons-classic-gran-robusto-25-er-kiste-cigares\\\/#primaryimage\"},\"image\":{\"@id\":\"https:\\\/\\\/www.tabakversand.ch\\\/fr\\\/produit\\\/griffons-classic-gran-robusto-25-er-kiste-cigares\\\/#primaryimage\"},\"thumbnailUrl\":\"https:\\\/\\\/www.tabakversand.ch\\\/wp-content\\\/uploads\\\/2022\\\/03\\\/griffins-gran-robusto-25-box.jpg\",\"datePublished\":\"2022-04-02T09:08:43+00:00\",\"dateModified\":\"2023-01-11T12:24:45+00:00\",\"description\":\"Griffin`s Classic Gran Robusto bo\u00eete de 25 cigares | Le plus grand choix de produits du tabac en Suisse | Toutes les cartes accept\u00e9es !\",\"breadcrumb\":{\"@id\":\"https:\\\/\\\/www.tabakversand.ch\\\/fr\\\/produit\\\/griffons-classic-gran-robusto-25-er-kiste-cigares\\\/#breadcrumb\"},\"inLanguage\":\"fr-FR\",\"potentialAction\":[{\"@type\":\"ReadAction\",\"target\":[\"https:\\\/\\\/www.tabakversand.ch\\\/fr\\\/produit\\\/griffons-classic-gran-robusto-25-er-kiste-cigares\\\/\"]}]},{\"@type\":\"ImageObject\",\"inLanguage\":\"fr-FR\",\"@id\":\"https:\\\/\\\/www.tabakversand.ch\\\/fr\\\/produit\\\/griffons-classic-gran-robusto-25-er-kiste-cigares\\\/#primaryimage\",\"url\":\"https:\\\/\\\/www.tabakversand.ch\\\/wp-content\\\/uploads\\\/2022\\\/03\\\/griffins-gran-robusto-25-box.jpg\",\"contentUrl\":\"https:\\\/\\\/www.tabakversand.ch\\\/wp-content\\\/uploads\\\/2022\\\/03\\\/griffins-gran-robusto-25-box.jpg\",\"width\":500,\"height\":500,\"caption\":\"Cigares Griffin\u2019s Classic Gran Robusto 25 er box\"},{\"@type\":\"BreadcrumbList\",\"@id\":\"https:\\\/\\\/www.tabakversand.ch\\\/fr\\\/produit\\\/griffons-classic-gran-robusto-25-er-kiste-cigares\\\/#breadcrumb\",\"itemListElement\":[{\"@type\":\"ListItem\",\"position\":1,\"name\":\"Startseite\",\"item\":\"https:\\\/\\\/www.tabakversand.ch\\\/\"},{\"@type\":\"ListItem\",\"position\":2,\"name\":\"Boutique\",\"item\":\"https:\\\/\\\/www.tabakversand.ch\\\/fr\\\/boutique\\\/\"},{\"@type\":\"ListItem\",\"position\":3,\"name\":\"Cigares Griffin\u2019s Classic Gran Robusto 25 er box\"}]},{\"@type\":\"WebSite\",\"@id\":\"https:\\\/\\\/www.tabakversand.ch\\\/#website\",\"url\":\"https:\\\/\\\/www.tabakversand.ch\\\/\",\"name\":\"Tabakversand.ch | Alles aus der Welt des Tabaks\",\"description\":\"Smoke and carpe diem\",\"potentialAction\":[{\"@type\":\"SearchAction\",\"target\":{\"@type\":\"EntryPoint\",\"urlTemplate\":\"https:\\\/\\\/www.tabakversand.ch\\\/?s={search_term_string}\"},\"query-input\":{\"@type\":\"PropertyValueSpecification\",\"valueRequired\":true,\"valueName\":\"search_term_string\"}}],\"inLanguage\":\"fr-FR\"}]}<\/script>\n<!-- \/ Yoast SEO plugin. -->","yoast_head_json":{"title":"Cigares Griffin\u2019s Classic Gran Robusto 25 er box - Tabakversand.ch | Alles aus der Welt des Tabaks","description":"Griffin`s Classic Gran Robusto bo\u00eete de 25 cigares | Le plus grand choix de produits du tabac en Suisse | Toutes les cartes accept\u00e9es !","robots":{"index":"index","follow":"follow","max-snippet":"max-snippet:-1","max-image-preview":"max-image-preview:large","max-video-preview":"max-video-preview:-1"},"canonical":"https:\/\/www.tabakversand.ch\/fr\/produit\/griffons-classic-gran-robusto-25-er-kiste-cigares\/","og_locale":"fr_FR","og_type":"article","og_title":"Cigares Griffin\u2019s Classic Gran Robusto 25 er box - Tabakversand.ch | Alles aus der Welt des Tabaks","og_description":"Griffin`s Classic Gran Robusto bo\u00eete de 25 cigares | Le plus grand choix de produits du tabac en Suisse | Toutes les cartes accept\u00e9es !","og_url":"https:\/\/www.tabakversand.ch\/fr\/produit\/griffons-classic-gran-robusto-25-er-kiste-cigares\/","og_site_name":"Tabakversand.ch | Alles aus der Welt des Tabaks","article_modified_time":"2023-01-11T12:24:45+00:00","og_image":[{"width":500,"height":500,"url":"https:\/\/www.tabakversand.ch\/wp-content\/uploads\/2022\/03\/griffins-gran-robusto-25-box.jpg","type":"image\/jpeg"}],"twitter_card":"summary_large_image","twitter_misc":{"Dur\u00e9e de lecture estim\u00e9e":"1 minute"},"schema":{"@context":"https:\/\/schema.org","@graph":[{"@type":"WebPage","@id":"https:\/\/www.tabakversand.ch\/fr\/produit\/griffons-classic-gran-robusto-25-er-kiste-cigares\/","url":"https:\/\/www.tabakversand.ch\/fr\/produit\/griffons-classic-gran-robusto-25-er-kiste-cigares\/","name":"Cigares Griffin\u2019s Classic Gran Robusto 25 er box - Tabakversand.ch | Alles aus der Welt des Tabaks","isPartOf":{"@id":"https:\/\/www.tabakversand.ch\/#website"},"primaryImageOfPage":{"@id":"https:\/\/www.tabakversand.ch\/fr\/produit\/griffons-classic-gran-robusto-25-er-kiste-cigares\/#primaryimage"},"image":{"@id":"https:\/\/www.tabakversand.ch\/fr\/produit\/griffons-classic-gran-robusto-25-er-kiste-cigares\/#primaryimage"},"thumbnailUrl":"https:\/\/www.tabakversand.ch\/wp-content\/uploads\/2022\/03\/griffins-gran-robusto-25-box.jpg","datePublished":"2022-04-02T09:08:43+00:00","dateModified":"2023-01-11T12:24:45+00:00","description":"Griffin`s Classic Gran Robusto bo\u00eete de 25 cigares | Le plus grand choix de produits du tabac en Suisse | Toutes les cartes accept\u00e9es !","breadcrumb":{"@id":"https:\/\/www.tabakversand.ch\/fr\/produit\/griffons-classic-gran-robusto-25-er-kiste-cigares\/#breadcrumb"},"inLanguage":"fr-FR","potentialAction":[{"@type":"ReadAction","target":["https:\/\/www.tabakversand.ch\/fr\/produit\/griffons-classic-gran-robusto-25-er-kiste-cigares\/"]}]},{"@type":"ImageObject","inLanguage":"fr-FR","@id":"https:\/\/www.tabakversand.ch\/fr\/produit\/griffons-classic-gran-robusto-25-er-kiste-cigares\/#primaryimage","url":"https:\/\/www.tabakversand.ch\/wp-content\/uploads\/2022\/03\/griffins-gran-robusto-25-box.jpg","contentUrl":"https:\/\/www.tabakversand.ch\/wp-content\/uploads\/2022\/03\/griffins-gran-robusto-25-box.jpg","width":500,"height":500,"caption":"Cigares Griffin\u2019s Classic Gran Robusto 25 er box"},{"@type":"BreadcrumbList","@id":"https:\/\/www.tabakversand.ch\/fr\/produit\/griffons-classic-gran-robusto-25-er-kiste-cigares\/#breadcrumb","itemListElement":[{"@type":"ListItem","position":1,"name":"Startseite","item":"https:\/\/www.tabakversand.ch\/"},{"@type":"ListItem","position":2,"name":"Boutique","item":"https:\/\/www.tabakversand.ch\/fr\/boutique\/"},{"@type":"ListItem","position":3,"name":"Cigares Griffin\u2019s Classic Gran Robusto 25 er box"}]},{"@type":"WebSite","@id":"https:\/\/www.tabakversand.ch\/#website","url":"https:\/\/www.tabakversand.ch\/","name":"Tabakversand.ch | Alles aus der Welt des Tabaks","description":"Smoke and carpe diem","potentialAction":[{"@type":"SearchAction","target":{"@type":"EntryPoint","urlTemplate":"https:\/\/www.tabakversand.ch\/?s={search_term_string}"},"query-input":{"@type":"PropertyValueSpecification","valueRequired":true,"valueName":"search_term_string"}}],"inLanguage":"fr-FR"}]}},"_links":{"self":[{"href":"https:\/\/www.tabakversand.ch\/fr\/wp-json\/wp\/v2\/product\/68593","targetHints":{"allow":["GET"]}}],"collection":[{"href":"https:\/\/www.tabakversand.ch\/fr\/wp-json\/wp\/v2\/product"}],"about":[{"href":"https:\/\/www.tabakversand.ch\/fr\/wp-json\/wp\/v2\/types\/product"}],"version-history":[{"count":0,"href":"https:\/\/www.tabakversand.ch\/fr\/wp-json\/wp\/v2\/product\/68593\/revisions"}],"wp:featuredmedia":[{"embeddable":true,"href":"https:\/\/www.tabakversand.ch\/fr\/wp-json\/wp\/v2\/media\/68606"}],"wp:attachment":[{"href":"https:\/\/www.tabakversand.ch\/fr\/wp-json\/wp\/v2\/media?parent=68593"}],"wp:term":[{"taxonomy":"product_brand","embeddable":true,"href":"https:\/\/www.tabakversand.ch\/fr\/wp-json\/wp\/v2\/product_brand?post=68593"},{"taxonomy":"product_cat","embeddable":true,"href":"https:\/\/www.tabakversand.ch\/fr\/wp-json\/wp\/v2\/product_cat?post=68593"},{"taxonomy":"product_tag","embeddable":true,"href":"https:\/\/www.tabakversand.ch\/fr\/wp-json\/wp\/v2\/product_tag?post=68593"}],"curies":[{"name":"wp","href":"https:\/\/api.w.org\/{rel}","templated":true}]}}