{"id":68832,"date":"2022-04-02T11:04:44","date_gmt":"2022-04-02T09:04:44","guid":{"rendered":"http:\/\/www.tabakversand.ch\/produkt\/avo-xo-preludio-5-cigares\/"},"modified":"2025-04-09T16:04:51","modified_gmt":"2025-04-09T14:04:51","slug":"cigares-avo-xo-preludio-5-case","status":"publish","type":"product","link":"https:\/\/www.tabakversand.ch\/fr\/produit\/cigares-avo-xo-preludio-5-case\/","title":{"rendered":"AVO XO Preludio 5 Cigares"},"content":{"rendered":"<h1>AVO XO Preludio<\/h1>\n<h2>Cigares de 5<\/h2>\n<p>La tradition d\u2019Avo dans tous les formats avec des vari\u00e9t\u00e9s de tabac qui ont \u00e9t\u00e9 autoris\u00e9es \u00e0 m\u00fbrir pendant au moins six ans, habilement roul\u00e9es dans chaque cigare. Un chef-d\u2019\u0153uvre cr\u00e9\u00e9 pour des occasions sp\u00e9ciales. La composition complexe \u00e9tonnamment douce mais cors\u00e9e, moyennement forte avec des notes de bois, des \u00e9pices, des ar\u00f4mes de fruits secs et sucr\u00e9s. L\u2019AVO XO Preludio est un cigare doux et d\u00e9veloppe pourtant un ar\u00f4me agr\u00e9able de force moyenne.<\/p>\n<p>COUVERTURE&nbsp;: GRAINES DE CONNECTICUT, SUN-DRESSED, CULTIV\u00c9ES EN \u00c9QUATEUR<br \/>\n COUVERTURE : OLOR, R\u00c9PUBLIQUE DOMINICAINE<br \/>\n REMPLISSAGE: R\u00c9PUBLIQUE DOMINICAINE (SPECIALEMENT PILOTO CUBANO)<br \/>\n INTENSIT\u00c9&nbsp;: \u25cfgree\u25d0\u25cb\u25cb<\/p>\n<p>Format : Corona Larga<br \/>\n Diam\u00e8tre : 1,6 cm<br \/>\n Longueur : 15,2 cm<\/p>\n<p>Tous les prix s&rsquo;appliquent uniquement aux commandes en ligne et incluent la TVA. TVA, sous r\u00e9serve de modifications plus Exp\u00e9dition. Sous r\u00e9serve d&rsquo;erreurs, de modifications de l&rsquo;\u00e9tendue de la livraison et de la conception, d&rsquo;erreurs d&rsquo;impression et de modifications de prix. Les prix barr\u00e9s sont plut\u00f4t des prix. L&rsquo;illustration peut diff\u00e9rer de l&rsquo;original\/de l&rsquo;\u00e9tendue de la livraison.<br \/>\n*Livraison gratuite pour les commandes sup\u00e9rieures \u00e0 CHF 250.<\/p>\n","protected":false},"excerpt":{"rendered":"<p>AVO XO Preludio Cigares de 5 La tradition d\u2019Avo dans tous les formats avec des vari\u00e9t\u00e9s de tabac qui ont \u00e9t\u00e9 autoris\u00e9es \u00e0 m\u00fbrir pendant au moins six ans, habilement roul\u00e9es dans chaque cigare. Un chef-d\u2019\u0153uvre cr\u00e9\u00e9 pour des occasions sp\u00e9ciales. La composition complexe \u00e9tonnamment douce mais cors\u00e9e, moyennement forte avec des notes de bois, [&hellip;]<\/p>\n","protected":false},"featured_media":68838,"template":"","meta":[],"product_brand":[1530],"product_cat":[2469,2573,1993,1994,1992],"product_tag":[],"class_list":{"0":"post-68832","1":"product","2":"type-product","3":"status-publish","4":"has-post-thumbnail","6":"product_brand-avo-uvezian","7":"product_cat-avo-fr","8":"product_cat-avo-xo-fr","9":"product_cat-cigares","10":"product_cat-monde-du-cigare","11":"product_cat-republique-dominicaine","13":"first","14":"instock","15":"purchasable","16":"product-type-simple"},"yoast_head":"<!-- This site is optimized with the Yoast SEO plugin v27.5 - https:\/\/yoast.com\/product\/yoast-seo-wordpress\/ -->\n<title>AVO XO Preludio 5 Cigares - Tabakversand.ch | Alles aus der Welt des Tabaks<\/title>\n<meta name=\"description\" content=\"AVO XO Preludio 5 Series Cigares | La plus grande s\u00e9lection de produits du tabac de Suisse | Toutes les cartes sont accept\u00e9es!\" \/>\n<meta name=\"robots\" content=\"index, follow, max-snippet:-1, max-image-preview:large, max-video-preview:-1\" \/>\n<link rel=\"canonical\" href=\"https:\/\/www.tabakversand.ch\/fr\/produit\/cigares-avo-xo-preludio-5-case\/\" \/>\n<meta property=\"og:locale\" content=\"fr_FR\" \/>\n<meta property=\"og:type\" content=\"article\" \/>\n<meta property=\"og:title\" content=\"AVO XO Preludio 5 Cigares - Tabakversand.ch | Alles aus der Welt des Tabaks\" \/>\n<meta property=\"og:description\" content=\"AVO XO Preludio 5 Series Cigares | La plus grande s\u00e9lection de produits du tabac de Suisse | Toutes les cartes sont accept\u00e9es!\" \/>\n<meta property=\"og:url\" content=\"https:\/\/www.tabakversand.ch\/fr\/produit\/cigares-avo-xo-preludio-5-case\/\" \/>\n<meta property=\"og:site_name\" content=\"Tabakversand.ch | Alles aus der Welt des Tabaks\" \/>\n<meta property=\"article:modified_time\" content=\"2025-04-09T14:04:51+00:00\" \/>\n<meta property=\"og:image\" content=\"https:\/\/www.tabakversand.ch\/wp-content\/uploads\/2022\/03\/avo-xo-preludio-5-etui.jpg\" \/>\n\t<meta property=\"og:image:width\" content=\"500\" \/>\n\t<meta property=\"og:image:height\" content=\"500\" \/>\n\t<meta property=\"og:image:type\" content=\"image\/jpeg\" \/>\n<meta name=\"twitter:card\" content=\"summary_large_image\" \/>\n<meta name=\"twitter:label1\" content=\"Dur\u00e9e de lecture estim\u00e9e\" \/>\n\t<meta name=\"twitter:data1\" content=\"1 minute\" \/>\n<script type=\"application\/ld+json\" class=\"yoast-schema-graph\">{\"@context\":\"https:\\\/\\\/schema.org\",\"@graph\":[{\"@type\":\"WebPage\",\"@id\":\"https:\\\/\\\/www.tabakversand.ch\\\/fr\\\/produit\\\/cigares-avo-xo-preludio-5-case\\\/\",\"url\":\"https:\\\/\\\/www.tabakversand.ch\\\/fr\\\/produit\\\/cigares-avo-xo-preludio-5-case\\\/\",\"name\":\"AVO XO Preludio 5 Cigares - Tabakversand.ch | Alles aus der Welt des Tabaks\",\"isPartOf\":{\"@id\":\"https:\\\/\\\/www.tabakversand.ch\\\/#website\"},\"primaryImageOfPage\":{\"@id\":\"https:\\\/\\\/www.tabakversand.ch\\\/fr\\\/produit\\\/cigares-avo-xo-preludio-5-case\\\/#primaryimage\"},\"image\":{\"@id\":\"https:\\\/\\\/www.tabakversand.ch\\\/fr\\\/produit\\\/cigares-avo-xo-preludio-5-case\\\/#primaryimage\"},\"thumbnailUrl\":\"https:\\\/\\\/www.tabakversand.ch\\\/wp-content\\\/uploads\\\/2022\\\/03\\\/avo-xo-preludio-5-etui.jpg\",\"datePublished\":\"2022-04-02T09:04:44+00:00\",\"dateModified\":\"2025-04-09T14:04:51+00:00\",\"description\":\"AVO XO Preludio 5 Series Cigares | La plus grande s\u00e9lection de produits du tabac de Suisse | Toutes les cartes sont accept\u00e9es!\",\"breadcrumb\":{\"@id\":\"https:\\\/\\\/www.tabakversand.ch\\\/fr\\\/produit\\\/cigares-avo-xo-preludio-5-case\\\/#breadcrumb\"},\"inLanguage\":\"fr-FR\",\"potentialAction\":[{\"@type\":\"ReadAction\",\"target\":[\"https:\\\/\\\/www.tabakversand.ch\\\/fr\\\/produit\\\/cigares-avo-xo-preludio-5-case\\\/\"]}]},{\"@type\":\"ImageObject\",\"inLanguage\":\"fr-FR\",\"@id\":\"https:\\\/\\\/www.tabakversand.ch\\\/fr\\\/produit\\\/cigares-avo-xo-preludio-5-case\\\/#primaryimage\",\"url\":\"https:\\\/\\\/www.tabakversand.ch\\\/wp-content\\\/uploads\\\/2022\\\/03\\\/avo-xo-preludio-5-etui.jpg\",\"contentUrl\":\"https:\\\/\\\/www.tabakversand.ch\\\/wp-content\\\/uploads\\\/2022\\\/03\\\/avo-xo-preludio-5-etui.jpg\",\"width\":500,\"height\":500,\"caption\":\"AVO XO Preludio 5 Cigares\"},{\"@type\":\"BreadcrumbList\",\"@id\":\"https:\\\/\\\/www.tabakversand.ch\\\/fr\\\/produit\\\/cigares-avo-xo-preludio-5-case\\\/#breadcrumb\",\"itemListElement\":[{\"@type\":\"ListItem\",\"position\":1,\"name\":\"Startseite\",\"item\":\"https:\\\/\\\/www.tabakversand.ch\\\/\"},{\"@type\":\"ListItem\",\"position\":2,\"name\":\"Boutique\",\"item\":\"https:\\\/\\\/www.tabakversand.ch\\\/fr\\\/boutique\\\/\"},{\"@type\":\"ListItem\",\"position\":3,\"name\":\"AVO XO Preludio 5 Cigares\"}]},{\"@type\":\"WebSite\",\"@id\":\"https:\\\/\\\/www.tabakversand.ch\\\/#website\",\"url\":\"https:\\\/\\\/www.tabakversand.ch\\\/\",\"name\":\"Tabakversand.ch | Alles aus der Welt des Tabaks\",\"description\":\"Smoke and carpe diem\",\"potentialAction\":[{\"@type\":\"SearchAction\",\"target\":{\"@type\":\"EntryPoint\",\"urlTemplate\":\"https:\\\/\\\/www.tabakversand.ch\\\/?s={search_term_string}\"},\"query-input\":{\"@type\":\"PropertyValueSpecification\",\"valueRequired\":true,\"valueName\":\"search_term_string\"}}],\"inLanguage\":\"fr-FR\"}]}<\/script>\n<!-- \/ Yoast SEO plugin. -->","yoast_head_json":{"title":"AVO XO Preludio 5 Cigares - Tabakversand.ch | Alles aus der Welt des Tabaks","description":"AVO XO Preludio 5 Series Cigares | La plus grande s\u00e9lection de produits du tabac de Suisse | Toutes les cartes sont accept\u00e9es!","robots":{"index":"index","follow":"follow","max-snippet":"max-snippet:-1","max-image-preview":"max-image-preview:large","max-video-preview":"max-video-preview:-1"},"canonical":"https:\/\/www.tabakversand.ch\/fr\/produit\/cigares-avo-xo-preludio-5-case\/","og_locale":"fr_FR","og_type":"article","og_title":"AVO XO Preludio 5 Cigares - Tabakversand.ch | Alles aus der Welt des Tabaks","og_description":"AVO XO Preludio 5 Series Cigares | La plus grande s\u00e9lection de produits du tabac de Suisse | Toutes les cartes sont accept\u00e9es!","og_url":"https:\/\/www.tabakversand.ch\/fr\/produit\/cigares-avo-xo-preludio-5-case\/","og_site_name":"Tabakversand.ch | Alles aus der Welt des Tabaks","article_modified_time":"2025-04-09T14:04:51+00:00","og_image":[{"width":500,"height":500,"url":"https:\/\/www.tabakversand.ch\/wp-content\/uploads\/2022\/03\/avo-xo-preludio-5-etui.jpg","type":"image\/jpeg"}],"twitter_card":"summary_large_image","twitter_misc":{"Dur\u00e9e de lecture estim\u00e9e":"1 minute"},"schema":{"@context":"https:\/\/schema.org","@graph":[{"@type":"WebPage","@id":"https:\/\/www.tabakversand.ch\/fr\/produit\/cigares-avo-xo-preludio-5-case\/","url":"https:\/\/www.tabakversand.ch\/fr\/produit\/cigares-avo-xo-preludio-5-case\/","name":"AVO XO Preludio 5 Cigares - Tabakversand.ch | Alles aus der Welt des Tabaks","isPartOf":{"@id":"https:\/\/www.tabakversand.ch\/#website"},"primaryImageOfPage":{"@id":"https:\/\/www.tabakversand.ch\/fr\/produit\/cigares-avo-xo-preludio-5-case\/#primaryimage"},"image":{"@id":"https:\/\/www.tabakversand.ch\/fr\/produit\/cigares-avo-xo-preludio-5-case\/#primaryimage"},"thumbnailUrl":"https:\/\/www.tabakversand.ch\/wp-content\/uploads\/2022\/03\/avo-xo-preludio-5-etui.jpg","datePublished":"2022-04-02T09:04:44+00:00","dateModified":"2025-04-09T14:04:51+00:00","description":"AVO XO Preludio 5 Series Cigares | La plus grande s\u00e9lection de produits du tabac de Suisse | Toutes les cartes sont accept\u00e9es!","breadcrumb":{"@id":"https:\/\/www.tabakversand.ch\/fr\/produit\/cigares-avo-xo-preludio-5-case\/#breadcrumb"},"inLanguage":"fr-FR","potentialAction":[{"@type":"ReadAction","target":["https:\/\/www.tabakversand.ch\/fr\/produit\/cigares-avo-xo-preludio-5-case\/"]}]},{"@type":"ImageObject","inLanguage":"fr-FR","@id":"https:\/\/www.tabakversand.ch\/fr\/produit\/cigares-avo-xo-preludio-5-case\/#primaryimage","url":"https:\/\/www.tabakversand.ch\/wp-content\/uploads\/2022\/03\/avo-xo-preludio-5-etui.jpg","contentUrl":"https:\/\/www.tabakversand.ch\/wp-content\/uploads\/2022\/03\/avo-xo-preludio-5-etui.jpg","width":500,"height":500,"caption":"AVO XO Preludio 5 Cigares"},{"@type":"BreadcrumbList","@id":"https:\/\/www.tabakversand.ch\/fr\/produit\/cigares-avo-xo-preludio-5-case\/#breadcrumb","itemListElement":[{"@type":"ListItem","position":1,"name":"Startseite","item":"https:\/\/www.tabakversand.ch\/"},{"@type":"ListItem","position":2,"name":"Boutique","item":"https:\/\/www.tabakversand.ch\/fr\/boutique\/"},{"@type":"ListItem","position":3,"name":"AVO XO Preludio 5 Cigares"}]},{"@type":"WebSite","@id":"https:\/\/www.tabakversand.ch\/#website","url":"https:\/\/www.tabakversand.ch\/","name":"Tabakversand.ch | Alles aus der Welt des Tabaks","description":"Smoke and carpe diem","potentialAction":[{"@type":"SearchAction","target":{"@type":"EntryPoint","urlTemplate":"https:\/\/www.tabakversand.ch\/?s={search_term_string}"},"query-input":{"@type":"PropertyValueSpecification","valueRequired":true,"valueName":"search_term_string"}}],"inLanguage":"fr-FR"}]}},"_links":{"self":[{"href":"https:\/\/www.tabakversand.ch\/fr\/wp-json\/wp\/v2\/product\/68832","targetHints":{"allow":["GET"]}}],"collection":[{"href":"https:\/\/www.tabakversand.ch\/fr\/wp-json\/wp\/v2\/product"}],"about":[{"href":"https:\/\/www.tabakversand.ch\/fr\/wp-json\/wp\/v2\/types\/product"}],"version-history":[{"count":1,"href":"https:\/\/www.tabakversand.ch\/fr\/wp-json\/wp\/v2\/product\/68832\/revisions"}],"predecessor-version":[{"id":180439,"href":"https:\/\/www.tabakversand.ch\/fr\/wp-json\/wp\/v2\/product\/68832\/revisions\/180439"}],"wp:featuredmedia":[{"embeddable":true,"href":"https:\/\/www.tabakversand.ch\/fr\/wp-json\/wp\/v2\/media\/68838"}],"wp:attachment":[{"href":"https:\/\/www.tabakversand.ch\/fr\/wp-json\/wp\/v2\/media?parent=68832"}],"wp:term":[{"taxonomy":"product_brand","embeddable":true,"href":"https:\/\/www.tabakversand.ch\/fr\/wp-json\/wp\/v2\/product_brand?post=68832"},{"taxonomy":"product_cat","embeddable":true,"href":"https:\/\/www.tabakversand.ch\/fr\/wp-json\/wp\/v2\/product_cat?post=68832"},{"taxonomy":"product_tag","embeddable":true,"href":"https:\/\/www.tabakversand.ch\/fr\/wp-json\/wp\/v2\/product_tag?post=68832"}],"curies":[{"name":"wp","href":"https:\/\/api.w.org\/{rel}","templated":true}]}}