{"id":68900,"date":"2022-04-02T11:04:44","date_gmt":"2022-04-02T09:04:44","guid":{"rendered":"http:\/\/www.tabakversand.ch\/produkt\/bleu-maya-25gr-tabac-a-cigarettes\/"},"modified":"2026-02-26T15:36:08","modified_gmt":"2026-02-26T14:36:08","slug":"tabac-maya-blue","status":"publish","type":"product","link":"https:\/\/www.tabakversand.ch\/fr\/produit\/tabac-maya-blue\/","title":{"rendered":"Tabac Maya Blue"},"content":{"rendered":"<p>Tabac Maya Blue<\/p>\n<p>Le tabac Maya Blue est un m\u00e9lange harmonieux et raffin\u00e9 de tabacs au caract\u00e8re agr\u00e9ablement doux. Les tabacs de Virginie s\u00e9lectionn\u00e9s lui conf\u00e8rent une subtile douceur et un ar\u00f4me rond et \u00e9quilibr\u00e9. Il est compos\u00e9 \u00e0 100 % de feuilles de tabac naturelles finement coup\u00e9es, sans aucun ajout de brindilles ou autres mati\u00e8res similaires. Le tabac \u00e0 rouler Maya est certifi\u00e9 ClimatePartner et sa production est neutre en carbone \u2013 id\u00e9al pour les connaisseurs qui privil\u00e9gient un go\u00fbt doux et authentique.<\/p>\n<p>Ce tabac de qualit\u00e9 sup\u00e9rieure, finement coup\u00e9, est facile \u00e0 rouler et \u00e0 tasser, et assure une combustion r\u00e9guli\u00e8re. Gr\u00e2ce \u00e0 son emballage herm\u00e9tique, il conserve toute sa fra\u00eecheur et son ar\u00f4me jusqu&rsquo;\u00e0 la derni\u00e8re utilisation.<\/p>\n<ul>\n<li>Go\u00fbt : Doux, l\u00e9g\u00e8rement sucr\u00e9<\/li>\n<li>Convient pour : Tournage et bouchage<\/li>\n<\/ul>\n<p>Chez tabakversand.ch, vous recevez votre tabac \u00e0 cigarettes Maya Blue fra\u00eechement conserv\u00e9 dans son emballage d&rsquo;origine. Un stockage soign\u00e9 garantit une pr\u00e9servation optimale de son ar\u00f4me, de son humidit\u00e9 et de sa qualit\u00e9 jusqu&rsquo;\u00e0 l&rsquo;exp\u00e9dition. Gr\u00e2ce \u00e0 une livraison rapide en Suisse, votre tabac \u00e0 cigarettes vous parvient g\u00e9n\u00e9ralement sous peu.<\/p>\n<p>Pour plus d&rsquo;informations sur le tabac \u00e0 rouler, veuillez consulter l&rsquo;article Wikip\u00e9dia correspondant\u00a0: <a href=\"https:\/\/de.wikipedia.org\/wiki\/Shag_(Tabak)\">cliquez ici<\/a> . Si vous avez des questions concernant le produit, n&rsquo;h\u00e9sitez pas \u00e0 nous contacter\u00a0: <a href=\"https:\/\/www.tabakversand.ch\/kontakt\/\">cliquez ici<\/a> .<\/p>\n<p>Tous les prix s&rsquo;appliquent uniquement aux commandes en ligne et incluent la TVA. Sous r\u00e9serve de modifications sans pr\u00e9avis, frais de livraison en sus. Sous r\u00e9serve d&rsquo;erreurs, de modifications de contenu de livraison et de conception, de fautes d&rsquo;impression et de modifications de prix. Les prix barr\u00e9s sont des prix de remplacement. Les illustrations peuvent diff\u00e9rer de l&rsquo;original\/du contenu de livraison.<br \/>\n*Livraison gratuite pour les commandes sup\u00e9rieures \u00e0 CHF 250.-.<\/p>\n","protected":false},"excerpt":{"rendered":"<p>Tabac Maya Blue Le tabac Maya Blue est un m\u00e9lange harmonieux et raffin\u00e9 de tabacs au caract\u00e8re agr\u00e9ablement doux. Les tabacs de Virginie s\u00e9lectionn\u00e9s lui conf\u00e8rent une subtile douceur et un ar\u00f4me rond et \u00e9quilibr\u00e9. Il est compos\u00e9 \u00e0 100 % de feuilles de tabac naturelles finement coup\u00e9es, sans aucun ajout de brindilles ou autres [&hellip;]<\/p>\n","protected":false},"featured_media":213719,"template":"","meta":[],"product_brand":[1646],"product_cat":[1961,1888,1963,1964],"product_tag":[],"class_list":{"0":"post-68900","1":"product","2":"type-product","3":"status-publish","4":"has-post-thumbnail","6":"product_brand-landewyck-tobacco","7":"product_cat-cigarettes-self-made-fr-2","8":"product_cat-tabac","9":"product_cat-tabac-a-cigarettes","10":"product_cat-tabac-a-cigarettes-fr","11":"pa_tabak-huelsen-1-x-25-gr","12":"pa_tabak-huelsen-5-x-25-gr","14":"first","15":"instock","16":"purchasable","17":"product-type-variable"},"yoast_head":"<!-- This site is optimized with the Yoast SEO plugin v27.5 - https:\/\/yoast.com\/product\/yoast-seo-wordpress\/ -->\n<title>Tabac Maya Blue - tabakversand.ch<\/title>\n<meta name=\"description\" content=\"Tabac Maya Blue \u2013 un m\u00e9lange de Virginie doux et \u00e9quilibr\u00e9, l\u00e9g\u00e8rement sucr\u00e9. Coupe fine pour un roulage et un tassage faciles. Achetez et savourez en ligne d\u00e8s maintenant.\" \/>\n<meta name=\"robots\" content=\"index, follow, max-snippet:-1, max-image-preview:large, max-video-preview:-1\" \/>\n<link rel=\"canonical\" href=\"https:\/\/www.tabakversand.ch\/fr\/produit\/tabac-maya-blue\/\" \/>\n<meta property=\"og:locale\" content=\"fr_FR\" \/>\n<meta property=\"og:type\" content=\"article\" \/>\n<meta property=\"og:title\" content=\"Tabac Maya Blue - tabakversand.ch\" \/>\n<meta property=\"og:description\" content=\"Tabac Maya Blue \u2013 un m\u00e9lange de Virginie doux et \u00e9quilibr\u00e9, l\u00e9g\u00e8rement sucr\u00e9. Coupe fine pour un roulage et un tassage faciles. Achetez et savourez en ligne d\u00e8s maintenant.\" \/>\n<meta property=\"og:url\" content=\"https:\/\/www.tabakversand.ch\/fr\/produit\/tabac-maya-blue\/\" \/>\n<meta property=\"og:site_name\" content=\"Tabakversand.ch | Alles aus der Welt des Tabaks\" \/>\n<meta property=\"article:modified_time\" content=\"2026-02-26T14:36:08+00:00\" \/>\n<meta property=\"og:image\" content=\"https:\/\/www.tabakversand.ch\/wp-content\/uploads\/2026\/02\/maya-blue.jpg\" \/>\n\t<meta property=\"og:image:width\" content=\"500\" \/>\n\t<meta property=\"og:image:height\" content=\"500\" \/>\n\t<meta property=\"og:image:type\" content=\"image\/jpeg\" \/>\n<meta name=\"twitter:card\" content=\"summary_large_image\" \/>\n<meta name=\"twitter:label1\" content=\"Dur\u00e9e de lecture estim\u00e9e\" \/>\n\t<meta name=\"twitter:data1\" content=\"2 minutes\" \/>\n<script type=\"application\/ld+json\" class=\"yoast-schema-graph\">{\"@context\":\"https:\\\/\\\/schema.org\",\"@graph\":[{\"@type\":\"WebPage\",\"@id\":\"https:\\\/\\\/www.tabakversand.ch\\\/fr\\\/produit\\\/tabac-maya-blue\\\/\",\"url\":\"https:\\\/\\\/www.tabakversand.ch\\\/fr\\\/produit\\\/tabac-maya-blue\\\/\",\"name\":\"Tabac Maya Blue - tabakversand.ch\",\"isPartOf\":{\"@id\":\"https:\\\/\\\/www.tabakversand.ch\\\/#website\"},\"primaryImageOfPage\":{\"@id\":\"https:\\\/\\\/www.tabakversand.ch\\\/fr\\\/produit\\\/tabac-maya-blue\\\/#primaryimage\"},\"image\":{\"@id\":\"https:\\\/\\\/www.tabakversand.ch\\\/fr\\\/produit\\\/tabac-maya-blue\\\/#primaryimage\"},\"thumbnailUrl\":\"https:\\\/\\\/www.tabakversand.ch\\\/wp-content\\\/uploads\\\/2026\\\/02\\\/maya-blue.jpg\",\"datePublished\":\"2022-04-02T09:04:44+00:00\",\"dateModified\":\"2026-02-26T14:36:08+00:00\",\"description\":\"Tabac Maya Blue \u2013 un m\u00e9lange de Virginie doux et \u00e9quilibr\u00e9, l\u00e9g\u00e8rement sucr\u00e9. Coupe fine pour un roulage et un tassage faciles. Achetez et savourez en ligne d\u00e8s maintenant.\",\"breadcrumb\":{\"@id\":\"https:\\\/\\\/www.tabakversand.ch\\\/fr\\\/produit\\\/tabac-maya-blue\\\/#breadcrumb\"},\"inLanguage\":\"fr-FR\",\"potentialAction\":[{\"@type\":\"ReadAction\",\"target\":[\"https:\\\/\\\/www.tabakversand.ch\\\/fr\\\/produit\\\/tabac-maya-blue\\\/\"]}]},{\"@type\":\"ImageObject\",\"inLanguage\":\"fr-FR\",\"@id\":\"https:\\\/\\\/www.tabakversand.ch\\\/fr\\\/produit\\\/tabac-maya-blue\\\/#primaryimage\",\"url\":\"https:\\\/\\\/www.tabakversand.ch\\\/wp-content\\\/uploads\\\/2026\\\/02\\\/maya-blue.jpg\",\"contentUrl\":\"https:\\\/\\\/www.tabakversand.ch\\\/wp-content\\\/uploads\\\/2026\\\/02\\\/maya-blue.jpg\",\"width\":500,\"height\":500,\"caption\":\"Bleu maya 25gr. Tabac \u00e0 cigarettes | tabakversand.ch\"},{\"@type\":\"BreadcrumbList\",\"@id\":\"https:\\\/\\\/www.tabakversand.ch\\\/fr\\\/produit\\\/tabac-maya-blue\\\/#breadcrumb\",\"itemListElement\":[{\"@type\":\"ListItem\",\"position\":1,\"name\":\"Startseite\",\"item\":\"https:\\\/\\\/www.tabakversand.ch\\\/\"},{\"@type\":\"ListItem\",\"position\":2,\"name\":\"Boutique\",\"item\":\"https:\\\/\\\/www.tabakversand.ch\\\/fr\\\/boutique\\\/\"},{\"@type\":\"ListItem\",\"position\":3,\"name\":\"Tabac Maya Blue\"}]},{\"@type\":\"WebSite\",\"@id\":\"https:\\\/\\\/www.tabakversand.ch\\\/#website\",\"url\":\"https:\\\/\\\/www.tabakversand.ch\\\/\",\"name\":\"Tabakversand.ch | Alles aus der Welt des Tabaks\",\"description\":\"Smoke and carpe diem\",\"potentialAction\":[{\"@type\":\"SearchAction\",\"target\":{\"@type\":\"EntryPoint\",\"urlTemplate\":\"https:\\\/\\\/www.tabakversand.ch\\\/?s={search_term_string}\"},\"query-input\":{\"@type\":\"PropertyValueSpecification\",\"valueRequired\":true,\"valueName\":\"search_term_string\"}}],\"inLanguage\":\"fr-FR\"}]}<\/script>\n<!-- \/ Yoast SEO plugin. -->","yoast_head_json":{"title":"Tabac Maya Blue - tabakversand.ch","description":"Tabac Maya Blue \u2013 un m\u00e9lange de Virginie doux et \u00e9quilibr\u00e9, l\u00e9g\u00e8rement sucr\u00e9. Coupe fine pour un roulage et un tassage faciles. Achetez et savourez en ligne d\u00e8s maintenant.","robots":{"index":"index","follow":"follow","max-snippet":"max-snippet:-1","max-image-preview":"max-image-preview:large","max-video-preview":"max-video-preview:-1"},"canonical":"https:\/\/www.tabakversand.ch\/fr\/produit\/tabac-maya-blue\/","og_locale":"fr_FR","og_type":"article","og_title":"Tabac Maya Blue - tabakversand.ch","og_description":"Tabac Maya Blue \u2013 un m\u00e9lange de Virginie doux et \u00e9quilibr\u00e9, l\u00e9g\u00e8rement sucr\u00e9. Coupe fine pour un roulage et un tassage faciles. Achetez et savourez en ligne d\u00e8s maintenant.","og_url":"https:\/\/www.tabakversand.ch\/fr\/produit\/tabac-maya-blue\/","og_site_name":"Tabakversand.ch | Alles aus der Welt des Tabaks","article_modified_time":"2026-02-26T14:36:08+00:00","og_image":[{"width":500,"height":500,"url":"https:\/\/www.tabakversand.ch\/wp-content\/uploads\/2026\/02\/maya-blue.jpg","type":"image\/jpeg"}],"twitter_card":"summary_large_image","twitter_misc":{"Dur\u00e9e de lecture estim\u00e9e":"2 minutes"},"schema":{"@context":"https:\/\/schema.org","@graph":[{"@type":"WebPage","@id":"https:\/\/www.tabakversand.ch\/fr\/produit\/tabac-maya-blue\/","url":"https:\/\/www.tabakversand.ch\/fr\/produit\/tabac-maya-blue\/","name":"Tabac Maya Blue - tabakversand.ch","isPartOf":{"@id":"https:\/\/www.tabakversand.ch\/#website"},"primaryImageOfPage":{"@id":"https:\/\/www.tabakversand.ch\/fr\/produit\/tabac-maya-blue\/#primaryimage"},"image":{"@id":"https:\/\/www.tabakversand.ch\/fr\/produit\/tabac-maya-blue\/#primaryimage"},"thumbnailUrl":"https:\/\/www.tabakversand.ch\/wp-content\/uploads\/2026\/02\/maya-blue.jpg","datePublished":"2022-04-02T09:04:44+00:00","dateModified":"2026-02-26T14:36:08+00:00","description":"Tabac Maya Blue \u2013 un m\u00e9lange de Virginie doux et \u00e9quilibr\u00e9, l\u00e9g\u00e8rement sucr\u00e9. Coupe fine pour un roulage et un tassage faciles. Achetez et savourez en ligne d\u00e8s maintenant.","breadcrumb":{"@id":"https:\/\/www.tabakversand.ch\/fr\/produit\/tabac-maya-blue\/#breadcrumb"},"inLanguage":"fr-FR","potentialAction":[{"@type":"ReadAction","target":["https:\/\/www.tabakversand.ch\/fr\/produit\/tabac-maya-blue\/"]}]},{"@type":"ImageObject","inLanguage":"fr-FR","@id":"https:\/\/www.tabakversand.ch\/fr\/produit\/tabac-maya-blue\/#primaryimage","url":"https:\/\/www.tabakversand.ch\/wp-content\/uploads\/2026\/02\/maya-blue.jpg","contentUrl":"https:\/\/www.tabakversand.ch\/wp-content\/uploads\/2026\/02\/maya-blue.jpg","width":500,"height":500,"caption":"Bleu maya 25gr. Tabac \u00e0 cigarettes | tabakversand.ch"},{"@type":"BreadcrumbList","@id":"https:\/\/www.tabakversand.ch\/fr\/produit\/tabac-maya-blue\/#breadcrumb","itemListElement":[{"@type":"ListItem","position":1,"name":"Startseite","item":"https:\/\/www.tabakversand.ch\/"},{"@type":"ListItem","position":2,"name":"Boutique","item":"https:\/\/www.tabakversand.ch\/fr\/boutique\/"},{"@type":"ListItem","position":3,"name":"Tabac Maya Blue"}]},{"@type":"WebSite","@id":"https:\/\/www.tabakversand.ch\/#website","url":"https:\/\/www.tabakversand.ch\/","name":"Tabakversand.ch | Alles aus der Welt des Tabaks","description":"Smoke and carpe diem","potentialAction":[{"@type":"SearchAction","target":{"@type":"EntryPoint","urlTemplate":"https:\/\/www.tabakversand.ch\/?s={search_term_string}"},"query-input":{"@type":"PropertyValueSpecification","valueRequired":true,"valueName":"search_term_string"}}],"inLanguage":"fr-FR"}]}},"_links":{"self":[{"href":"https:\/\/www.tabakversand.ch\/fr\/wp-json\/wp\/v2\/product\/68900","targetHints":{"allow":["GET"]}}],"collection":[{"href":"https:\/\/www.tabakversand.ch\/fr\/wp-json\/wp\/v2\/product"}],"about":[{"href":"https:\/\/www.tabakversand.ch\/fr\/wp-json\/wp\/v2\/types\/product"}],"version-history":[{"count":7,"href":"https:\/\/www.tabakversand.ch\/fr\/wp-json\/wp\/v2\/product\/68900\/revisions"}],"predecessor-version":[{"id":213736,"href":"https:\/\/www.tabakversand.ch\/fr\/wp-json\/wp\/v2\/product\/68900\/revisions\/213736"}],"wp:featuredmedia":[{"embeddable":true,"href":"https:\/\/www.tabakversand.ch\/fr\/wp-json\/wp\/v2\/media\/213719"}],"wp:attachment":[{"href":"https:\/\/www.tabakversand.ch\/fr\/wp-json\/wp\/v2\/media?parent=68900"}],"wp:term":[{"taxonomy":"product_brand","embeddable":true,"href":"https:\/\/www.tabakversand.ch\/fr\/wp-json\/wp\/v2\/product_brand?post=68900"},{"taxonomy":"product_cat","embeddable":true,"href":"https:\/\/www.tabakversand.ch\/fr\/wp-json\/wp\/v2\/product_cat?post=68900"},{"taxonomy":"product_tag","embeddable":true,"href":"https:\/\/www.tabakversand.ch\/fr\/wp-json\/wp\/v2\/product_tag?post=68900"}],"curies":[{"name":"wp","href":"https:\/\/api.w.org\/{rel}","templated":true}]}}