{"id":68975,"date":"2022-04-02T11:04:44","date_gmt":"2022-04-02T09:04:44","guid":{"rendered":"http:\/\/www.tabakversand.ch\/produkt\/camacho-connecticut-robusto-tubos-20-kistli-cigares\/"},"modified":"2025-04-10T12:12:03","modified_gmt":"2025-04-10T10:12:03","slug":"cigares-camacho-connecticut-robusto-tubos-20-kistli","status":"publish","type":"product","link":"https:\/\/www.tabakversand.ch\/fr\/produit\/cigares-camacho-connecticut-robusto-tubos-20-kistli\/","title":{"rendered":"Camacho Connecticut Robusto Tubos 20 Kistli Cigares"},"content":{"rendered":"<h1>Camacho Connecticut Robusto Tubos<\/h1>\n<h2>Cigares 20er Kistli<\/h2>\n<p>Ce camacho n\u2019entre dans aucune porte. Elle frappe poliment. Et vous accueille avec des ar\u00f4mes doux et \u00e9quilibr\u00e9s. Mais ne confondez pas douceur et faiblesse. Ce cigare est 100% camacho. Avec un coup de pied \u00e9pic\u00e9. L\u2019intransigeance rencontre l\u2019\u00e9quilibre. Nous pensons que vous vous entendrez bien avec elle. Le Camacho Connecticut est le choix parfait pour ceux qui ont envie d\u2019une exp\u00e9rience de tabagisme doux mais ne font pas de compromis sur le go\u00fbt. Il offre des ar\u00f4mes intenses et le coup de pied \u00e9pic\u00e9 que vous attendez d\u2019un camacho. \u00cates-vous \u00e0 la recherche d\u2019ar\u00f4mes forts et de plaisir doux? Alors vous \u00eates au bon endroit avec le Camacho Connecticut.<\/p>\n<p>Format : Robusto<br \/>\n Diam\u00e8tre : 2,0 cm<br \/>\n Longueur : 12,7 cm<br \/>\n Couverture : Connecticut \u00c9quateur<br \/>\n Classeur : Corojo authentique<br \/>\n Ins\u00e9rer&nbsp;: Generoso et Aleman Ligero (HN)<br \/>\n l\u00e9ger \u00e0 mod\u00e9r\u00e9<\/p>\n<p>Tous les prix s&rsquo;appliquent uniquement aux commandes en ligne et incluent la TVA. TVA, sous r\u00e9serve de modifications plus Exp\u00e9dition. Sous r\u00e9serve d&rsquo;erreurs, de modifications de l&rsquo;\u00e9tendue de la livraison et de la conception, d&rsquo;erreurs d&rsquo;impression et de modifications de prix. Les prix barr\u00e9s sont plut\u00f4t des prix. L&rsquo;illustration peut diff\u00e9rer de l&rsquo;original\/de l&rsquo;\u00e9tendue de la livraison.<br \/>\n*Livraison gratuite pour les commandes sup\u00e9rieures \u00e0 CHF 250.<\/p>\n","protected":false},"excerpt":{"rendered":"<p>Camacho Connecticut Robusto Tubos Cigares 20er Kistli Ce camacho n\u2019entre dans aucune porte. Elle frappe poliment. Et vous accueille avec des ar\u00f4mes doux et \u00e9quilibr\u00e9s. Mais ne confondez pas douceur et faiblesse. Ce cigare est 100% camacho. Avec un coup de pied \u00e9pic\u00e9. L\u2019intransigeance rencontre l\u2019\u00e9quilibre. Nous pensons que vous vous entendrez bien avec elle. [&hellip;]<\/p>\n","protected":false},"featured_media":68979,"template":"","meta":[],"product_brand":[1629],"product_cat":[2326,2584,1993,2329,1994],"product_tag":[],"class_list":{"0":"post-68975","1":"product","2":"type-product","3":"status-publish","4":"has-post-thumbnail","6":"product_brand-camacho","7":"product_cat-camacho-fr","8":"product_cat-camacho-connecticut-fr","9":"product_cat-cigares","10":"product_cat-honduras-fr","11":"product_cat-monde-du-cigare","13":"first","14":"instock","15":"purchasable","16":"product-type-simple"},"yoast_head":"<!-- This site is optimized with the Yoast SEO plugin v27.0 - https:\/\/yoast.com\/product\/yoast-seo-wordpress\/ -->\n<title>Camacho Connecticut Robusto Tubos 20 Kistli Cigares - Tabakversand.ch | Alles aus der Welt des Tabaks<\/title>\n<meta name=\"description\" content=\"Camacho Connecticut Robusto Tubos 20 cigares en bo\u00eete | Le plus grand choix de produits du tabac en Suisse | Toutes les cartes accept\u00e9es !\" \/>\n<meta name=\"robots\" content=\"index, follow, max-snippet:-1, max-image-preview:large, max-video-preview:-1\" \/>\n<link rel=\"canonical\" href=\"https:\/\/www.tabakversand.ch\/fr\/produit\/cigares-camacho-connecticut-robusto-tubos-20-kistli\/\" \/>\n<meta property=\"og:locale\" content=\"fr_FR\" \/>\n<meta property=\"og:type\" content=\"article\" \/>\n<meta property=\"og:title\" content=\"Camacho Connecticut Robusto Tubos 20 Kistli Cigares - Tabakversand.ch | Alles aus der Welt des Tabaks\" \/>\n<meta property=\"og:description\" content=\"Camacho Connecticut Robusto Tubos 20 cigares en bo\u00eete | Le plus grand choix de produits du tabac en Suisse | Toutes les cartes accept\u00e9es !\" \/>\n<meta property=\"og:url\" content=\"https:\/\/www.tabakversand.ch\/fr\/produit\/cigares-camacho-connecticut-robusto-tubos-20-kistli\/\" \/>\n<meta property=\"og:site_name\" content=\"Tabakversand.ch | Alles aus der Welt des Tabaks\" \/>\n<meta property=\"article:modified_time\" content=\"2025-04-10T10:12:03+00:00\" \/>\n<meta property=\"og:image\" content=\"https:\/\/www.tabakversand.ch\/wp-content\/uploads\/2022\/03\/camacho-connecticut-robusto-tubos-20-box.jpg\" \/>\n\t<meta property=\"og:image:width\" content=\"500\" \/>\n\t<meta property=\"og:image:height\" content=\"500\" \/>\n\t<meta property=\"og:image:type\" content=\"image\/jpeg\" \/>\n<meta name=\"twitter:card\" content=\"summary_large_image\" \/>\n<meta name=\"twitter:label1\" content=\"Dur\u00e9e de lecture estim\u00e9e\" \/>\n\t<meta name=\"twitter:data1\" content=\"1 minute\" \/>\n<script type=\"application\/ld+json\" class=\"yoast-schema-graph\">{\"@context\":\"https:\/\/schema.org\",\"@graph\":[{\"@type\":\"WebPage\",\"@id\":\"https:\/\/www.tabakversand.ch\/fr\/produit\/cigares-camacho-connecticut-robusto-tubos-20-kistli\/\",\"url\":\"https:\/\/www.tabakversand.ch\/fr\/produit\/cigares-camacho-connecticut-robusto-tubos-20-kistli\/\",\"name\":\"Camacho Connecticut Robusto Tubos 20 Kistli Cigares - Tabakversand.ch | Alles aus der Welt des Tabaks\",\"isPartOf\":{\"@id\":\"https:\/\/www.tabakversand.ch\/#website\"},\"primaryImageOfPage\":{\"@id\":\"https:\/\/www.tabakversand.ch\/fr\/produit\/cigares-camacho-connecticut-robusto-tubos-20-kistli\/#primaryimage\"},\"image\":{\"@id\":\"https:\/\/www.tabakversand.ch\/fr\/produit\/cigares-camacho-connecticut-robusto-tubos-20-kistli\/#primaryimage\"},\"thumbnailUrl\":\"https:\/\/www.tabakversand.ch\/wp-content\/uploads\/2022\/03\/camacho-connecticut-robusto-tubos-20-box.jpg\",\"datePublished\":\"2022-04-02T09:04:44+00:00\",\"dateModified\":\"2025-04-10T10:12:03+00:00\",\"description\":\"Camacho Connecticut Robusto Tubos 20 cigares en bo\u00eete | Le plus grand choix de produits du tabac en Suisse | Toutes les cartes accept\u00e9es !\",\"breadcrumb\":{\"@id\":\"https:\/\/www.tabakversand.ch\/fr\/produit\/cigares-camacho-connecticut-robusto-tubos-20-kistli\/#breadcrumb\"},\"inLanguage\":\"fr-FR\",\"potentialAction\":[{\"@type\":\"ReadAction\",\"target\":[\"https:\/\/www.tabakversand.ch\/fr\/produit\/cigares-camacho-connecticut-robusto-tubos-20-kistli\/\"]}]},{\"@type\":\"ImageObject\",\"inLanguage\":\"fr-FR\",\"@id\":\"https:\/\/www.tabakversand.ch\/fr\/produit\/cigares-camacho-connecticut-robusto-tubos-20-kistli\/#primaryimage\",\"url\":\"https:\/\/www.tabakversand.ch\/wp-content\/uploads\/2022\/03\/camacho-connecticut-robusto-tubos-20-box.jpg\",\"contentUrl\":\"https:\/\/www.tabakversand.ch\/wp-content\/uploads\/2022\/03\/camacho-connecticut-robusto-tubos-20-box.jpg\",\"width\":500,\"height\":500,\"caption\":\"Camacho Connecticut Robusto Tubos 20 Kistli Cigares\"},{\"@type\":\"BreadcrumbList\",\"@id\":\"https:\/\/www.tabakversand.ch\/fr\/produit\/cigares-camacho-connecticut-robusto-tubos-20-kistli\/#breadcrumb\",\"itemListElement\":[{\"@type\":\"ListItem\",\"position\":1,\"name\":\"Startseite\",\"item\":\"https:\/\/www.tabakversand.ch\/\"},{\"@type\":\"ListItem\",\"position\":2,\"name\":\"Boutique\",\"item\":\"https:\/\/www.tabakversand.ch\/fr\/boutique\/\"},{\"@type\":\"ListItem\",\"position\":3,\"name\":\"Camacho Connecticut Robusto Tubos 20 Kistli Cigares\"}]},{\"@type\":\"WebSite\",\"@id\":\"https:\/\/www.tabakversand.ch\/#website\",\"url\":\"https:\/\/www.tabakversand.ch\/\",\"name\":\"Tabakversand.ch | Alles aus der Welt des Tabaks\",\"description\":\"Smoke and carpe diem\",\"potentialAction\":[{\"@type\":\"SearchAction\",\"target\":{\"@type\":\"EntryPoint\",\"urlTemplate\":\"https:\/\/www.tabakversand.ch\/?s={search_term_string}\"},\"query-input\":{\"@type\":\"PropertyValueSpecification\",\"valueRequired\":true,\"valueName\":\"search_term_string\"}}],\"inLanguage\":\"fr-FR\"}]}<\/script>\n<!-- \/ Yoast SEO plugin. -->","yoast_head_json":{"title":"Camacho Connecticut Robusto Tubos 20 Kistli Cigares - Tabakversand.ch | Alles aus der Welt des Tabaks","description":"Camacho Connecticut Robusto Tubos 20 cigares en bo\u00eete | Le plus grand choix de produits du tabac en Suisse | Toutes les cartes accept\u00e9es !","robots":{"index":"index","follow":"follow","max-snippet":"max-snippet:-1","max-image-preview":"max-image-preview:large","max-video-preview":"max-video-preview:-1"},"canonical":"https:\/\/www.tabakversand.ch\/fr\/produit\/cigares-camacho-connecticut-robusto-tubos-20-kistli\/","og_locale":"fr_FR","og_type":"article","og_title":"Camacho Connecticut Robusto Tubos 20 Kistli Cigares - Tabakversand.ch | Alles aus der Welt des Tabaks","og_description":"Camacho Connecticut Robusto Tubos 20 cigares en bo\u00eete | Le plus grand choix de produits du tabac en Suisse | Toutes les cartes accept\u00e9es !","og_url":"https:\/\/www.tabakversand.ch\/fr\/produit\/cigares-camacho-connecticut-robusto-tubos-20-kistli\/","og_site_name":"Tabakversand.ch | Alles aus der Welt des Tabaks","article_modified_time":"2025-04-10T10:12:03+00:00","og_image":[{"width":500,"height":500,"url":"https:\/\/www.tabakversand.ch\/wp-content\/uploads\/2022\/03\/camacho-connecticut-robusto-tubos-20-box.jpg","type":"image\/jpeg"}],"twitter_card":"summary_large_image","twitter_misc":{"Dur\u00e9e de lecture estim\u00e9e":"1 minute"},"schema":{"@context":"https:\/\/schema.org","@graph":[{"@type":"WebPage","@id":"https:\/\/www.tabakversand.ch\/fr\/produit\/cigares-camacho-connecticut-robusto-tubos-20-kistli\/","url":"https:\/\/www.tabakversand.ch\/fr\/produit\/cigares-camacho-connecticut-robusto-tubos-20-kistli\/","name":"Camacho Connecticut Robusto Tubos 20 Kistli Cigares - Tabakversand.ch | Alles aus der Welt des Tabaks","isPartOf":{"@id":"https:\/\/www.tabakversand.ch\/#website"},"primaryImageOfPage":{"@id":"https:\/\/www.tabakversand.ch\/fr\/produit\/cigares-camacho-connecticut-robusto-tubos-20-kistli\/#primaryimage"},"image":{"@id":"https:\/\/www.tabakversand.ch\/fr\/produit\/cigares-camacho-connecticut-robusto-tubos-20-kistli\/#primaryimage"},"thumbnailUrl":"https:\/\/www.tabakversand.ch\/wp-content\/uploads\/2022\/03\/camacho-connecticut-robusto-tubos-20-box.jpg","datePublished":"2022-04-02T09:04:44+00:00","dateModified":"2025-04-10T10:12:03+00:00","description":"Camacho Connecticut Robusto Tubos 20 cigares en bo\u00eete | Le plus grand choix de produits du tabac en Suisse | Toutes les cartes accept\u00e9es !","breadcrumb":{"@id":"https:\/\/www.tabakversand.ch\/fr\/produit\/cigares-camacho-connecticut-robusto-tubos-20-kistli\/#breadcrumb"},"inLanguage":"fr-FR","potentialAction":[{"@type":"ReadAction","target":["https:\/\/www.tabakversand.ch\/fr\/produit\/cigares-camacho-connecticut-robusto-tubos-20-kistli\/"]}]},{"@type":"ImageObject","inLanguage":"fr-FR","@id":"https:\/\/www.tabakversand.ch\/fr\/produit\/cigares-camacho-connecticut-robusto-tubos-20-kistli\/#primaryimage","url":"https:\/\/www.tabakversand.ch\/wp-content\/uploads\/2022\/03\/camacho-connecticut-robusto-tubos-20-box.jpg","contentUrl":"https:\/\/www.tabakversand.ch\/wp-content\/uploads\/2022\/03\/camacho-connecticut-robusto-tubos-20-box.jpg","width":500,"height":500,"caption":"Camacho Connecticut Robusto Tubos 20 Kistli Cigares"},{"@type":"BreadcrumbList","@id":"https:\/\/www.tabakversand.ch\/fr\/produit\/cigares-camacho-connecticut-robusto-tubos-20-kistli\/#breadcrumb","itemListElement":[{"@type":"ListItem","position":1,"name":"Startseite","item":"https:\/\/www.tabakversand.ch\/"},{"@type":"ListItem","position":2,"name":"Boutique","item":"https:\/\/www.tabakversand.ch\/fr\/boutique\/"},{"@type":"ListItem","position":3,"name":"Camacho Connecticut Robusto Tubos 20 Kistli Cigares"}]},{"@type":"WebSite","@id":"https:\/\/www.tabakversand.ch\/#website","url":"https:\/\/www.tabakversand.ch\/","name":"Tabakversand.ch | Alles aus der Welt des Tabaks","description":"Smoke and carpe diem","potentialAction":[{"@type":"SearchAction","target":{"@type":"EntryPoint","urlTemplate":"https:\/\/www.tabakversand.ch\/?s={search_term_string}"},"query-input":{"@type":"PropertyValueSpecification","valueRequired":true,"valueName":"search_term_string"}}],"inLanguage":"fr-FR"}]}},"_links":{"self":[{"href":"https:\/\/www.tabakversand.ch\/fr\/wp-json\/wp\/v2\/product\/68975","targetHints":{"allow":["GET"]}}],"collection":[{"href":"https:\/\/www.tabakversand.ch\/fr\/wp-json\/wp\/v2\/product"}],"about":[{"href":"https:\/\/www.tabakversand.ch\/fr\/wp-json\/wp\/v2\/types\/product"}],"version-history":[{"count":2,"href":"https:\/\/www.tabakversand.ch\/fr\/wp-json\/wp\/v2\/product\/68975\/revisions"}],"predecessor-version":[{"id":180578,"href":"https:\/\/www.tabakversand.ch\/fr\/wp-json\/wp\/v2\/product\/68975\/revisions\/180578"}],"wp:featuredmedia":[{"embeddable":true,"href":"https:\/\/www.tabakversand.ch\/fr\/wp-json\/wp\/v2\/media\/68979"}],"wp:attachment":[{"href":"https:\/\/www.tabakversand.ch\/fr\/wp-json\/wp\/v2\/media?parent=68975"}],"wp:term":[{"taxonomy":"product_brand","embeddable":true,"href":"https:\/\/www.tabakversand.ch\/fr\/wp-json\/wp\/v2\/product_brand?post=68975"},{"taxonomy":"product_cat","embeddable":true,"href":"https:\/\/www.tabakversand.ch\/fr\/wp-json\/wp\/v2\/product_cat?post=68975"},{"taxonomy":"product_tag","embeddable":true,"href":"https:\/\/www.tabakversand.ch\/fr\/wp-json\/wp\/v2\/product_tag?post=68975"}],"curies":[{"name":"wp","href":"https:\/\/api.w.org\/{rel}","templated":true}]}}