{"id":69101,"date":"2022-04-02T11:04:25","date_gmt":"2022-04-02T09:04:25","guid":{"rendered":"http:\/\/www.tabakversand.ch\/produkt\/davidoff-malawi-dark-cavendish-pipe-tabac\/"},"modified":"2026-04-13T14:18:06","modified_gmt":"2026-04-13T12:18:06","slug":"davidoff-malawi-dark-cavendish-pipe-tabac","status":"publish","type":"product","link":"https:\/\/www.tabakversand.ch\/fr\/produit\/davidoff-malawi-dark-cavendish-pipe-tabac\/","title":{"rendered":"Davidoff Malawi Dark Cavendish Pipe Tabac"},"content":{"rendered":"<h1>Davidoff Malawi Dark Cavendish<\/h1>\n<h2>Tabac \u00e0 pipe<\/h2>\n<p>Red Malawi est une combinaison unique de Burley mature et de Virginie s\u00e9ch\u00e9e \u00e0 la chambre du Malawi, m\u00e9lang\u00e9e \u00e0 du Dark Cavendish danois. M\u00e9lang\u00e9 \u00e0 la main avec de la vanille mexicaine originale s\u00e9ch\u00e9e \u00e0 l&rsquo;air, c\u00e9l\u00e8bre pour sa douceur d\u00e9licate.<br \/>\n 1 sachet de 50gr.<br \/>\n Tous les prix s&rsquo;appliquent uniquement aux commandes en ligne et incluent la TVA. TVA, sous r\u00e9serve de modifications plus Exp\u00e9dition. Sous r\u00e9serve d&rsquo;erreurs, de modifications de l&rsquo;\u00e9tendue de la livraison et de la conception, d&rsquo;erreurs d&rsquo;impression et de modifications de prix. Les prix barr\u00e9s sont plut\u00f4t des prix. L&rsquo;illustration peut diff\u00e9rer de l&rsquo;original\/de l&rsquo;\u00e9tendue de la livraison.<br \/>\n*Livraison gratuite pour les commandes sup\u00e9rieures \u00e0 CHF 250.-.<\/p>\n","protected":false},"excerpt":{"rendered":"<p>Davidoff Malawi Dark Cavendish Tabac \u00e0 pipe Red Malawi est une combinaison unique de Burley mature et de Virginie s\u00e9ch\u00e9e \u00e0 la chambre du Malawi, m\u00e9lang\u00e9e \u00e0 du Dark Cavendish danois. M\u00e9lang\u00e9 \u00e0 la main avec de la vanille mexicaine originale s\u00e9ch\u00e9e \u00e0 l&rsquo;air, c\u00e9l\u00e8bre pour sa douceur d\u00e9licate. 1 sachet de 50gr. Tous les [&hellip;]<\/p>\n","protected":false},"featured_media":69105,"template":"","meta":[],"product_brand":[1487],"product_cat":[1949,5820,1888,2040],"product_tag":[],"class_list":{"0":"post-69101","1":"product","2":"type-product","3":"status-publish","4":"has-post-thumbnail","6":"product_brand-davidoff","7":"product_cat-pipe-world-fr","8":"product_cat-sac","9":"product_cat-tabac","10":"product_cat-tabac-a-pipe-fr","12":"first","13":"instock","14":"purchasable","15":"product-type-simple"},"yoast_head":"<!-- This site is optimized with the Yoast SEO plugin v27.5 - https:\/\/yoast.com\/product\/yoast-seo-wordpress\/ -->\n<title>Davidoff Malawi Dark Cavendish Pipe Tabac - Tabakversand.ch | Alles aus der Welt des Tabaks<\/title>\n<meta name=\"description\" content=\"Davidoff Malawi Dark Cavendish tabac pour la pipe | Le plus grand choix de produits du tabac en Suisse | Toutes les cartes accept\u00e9es !\" \/>\n<meta name=\"robots\" content=\"index, follow, max-snippet:-1, max-image-preview:large, max-video-preview:-1\" \/>\n<link rel=\"canonical\" href=\"https:\/\/www.tabakversand.ch\/fr\/produit\/davidoff-malawi-dark-cavendish-pipe-tabac\/\" \/>\n<meta property=\"og:locale\" content=\"fr_FR\" \/>\n<meta property=\"og:type\" content=\"article\" \/>\n<meta property=\"og:title\" content=\"Davidoff Malawi Dark Cavendish Pipe Tabac - Tabakversand.ch | Alles aus der Welt des Tabaks\" \/>\n<meta property=\"og:description\" content=\"Davidoff Malawi Dark Cavendish tabac pour la pipe | Le plus grand choix de produits du tabac en Suisse | Toutes les cartes accept\u00e9es !\" \/>\n<meta property=\"og:url\" content=\"https:\/\/www.tabakversand.ch\/fr\/produit\/davidoff-malawi-dark-cavendish-pipe-tabac\/\" \/>\n<meta property=\"og:site_name\" content=\"Tabakversand.ch | Alles aus der Welt des Tabaks\" \/>\n<meta property=\"article:modified_time\" content=\"2026-04-13T12:18:06+00:00\" \/>\n<meta property=\"og:image\" content=\"https:\/\/www.tabakversand.ch\/wp-content\/uploads\/2022\/03\/davidoff-malawi-dark-cavendish-pfeifentabak.jpg\" \/>\n\t<meta property=\"og:image:width\" content=\"500\" \/>\n\t<meta property=\"og:image:height\" content=\"500\" \/>\n\t<meta property=\"og:image:type\" content=\"image\/jpeg\" \/>\n<meta name=\"twitter:card\" content=\"summary_large_image\" \/>\n<meta name=\"twitter:label1\" content=\"Dur\u00e9e de lecture estim\u00e9e\" \/>\n\t<meta name=\"twitter:data1\" content=\"1 minute\" \/>\n<script type=\"application\/ld+json\" class=\"yoast-schema-graph\">{\"@context\":\"https:\\\/\\\/schema.org\",\"@graph\":[{\"@type\":\"WebPage\",\"@id\":\"https:\\\/\\\/www.tabakversand.ch\\\/fr\\\/produit\\\/davidoff-malawi-dark-cavendish-pipe-tabac\\\/\",\"url\":\"https:\\\/\\\/www.tabakversand.ch\\\/fr\\\/produit\\\/davidoff-malawi-dark-cavendish-pipe-tabac\\\/\",\"name\":\"Davidoff Malawi Dark Cavendish Pipe Tabac - Tabakversand.ch | Alles aus der Welt des Tabaks\",\"isPartOf\":{\"@id\":\"https:\\\/\\\/www.tabakversand.ch\\\/#website\"},\"primaryImageOfPage\":{\"@id\":\"https:\\\/\\\/www.tabakversand.ch\\\/fr\\\/produit\\\/davidoff-malawi-dark-cavendish-pipe-tabac\\\/#primaryimage\"},\"image\":{\"@id\":\"https:\\\/\\\/www.tabakversand.ch\\\/fr\\\/produit\\\/davidoff-malawi-dark-cavendish-pipe-tabac\\\/#primaryimage\"},\"thumbnailUrl\":\"https:\\\/\\\/www.tabakversand.ch\\\/wp-content\\\/uploads\\\/2022\\\/03\\\/davidoff-malawi-dark-cavendish-pfeifentabak.jpg\",\"datePublished\":\"2022-04-02T09:04:25+00:00\",\"dateModified\":\"2026-04-13T12:18:06+00:00\",\"description\":\"Davidoff Malawi Dark Cavendish tabac pour la pipe | Le plus grand choix de produits du tabac en Suisse | Toutes les cartes accept\u00e9es !\",\"breadcrumb\":{\"@id\":\"https:\\\/\\\/www.tabakversand.ch\\\/fr\\\/produit\\\/davidoff-malawi-dark-cavendish-pipe-tabac\\\/#breadcrumb\"},\"inLanguage\":\"fr-FR\",\"potentialAction\":[{\"@type\":\"ReadAction\",\"target\":[\"https:\\\/\\\/www.tabakversand.ch\\\/fr\\\/produit\\\/davidoff-malawi-dark-cavendish-pipe-tabac\\\/\"]}]},{\"@type\":\"ImageObject\",\"inLanguage\":\"fr-FR\",\"@id\":\"https:\\\/\\\/www.tabakversand.ch\\\/fr\\\/produit\\\/davidoff-malawi-dark-cavendish-pipe-tabac\\\/#primaryimage\",\"url\":\"https:\\\/\\\/www.tabakversand.ch\\\/wp-content\\\/uploads\\\/2022\\\/03\\\/davidoff-malawi-dark-cavendish-pfeifentabak.jpg\",\"contentUrl\":\"https:\\\/\\\/www.tabakversand.ch\\\/wp-content\\\/uploads\\\/2022\\\/03\\\/davidoff-malawi-dark-cavendish-pfeifentabak.jpg\",\"width\":500,\"height\":500,\"caption\":\"Davidoff Malawi Dark Cavendish Pipe Tabac\"},{\"@type\":\"BreadcrumbList\",\"@id\":\"https:\\\/\\\/www.tabakversand.ch\\\/fr\\\/produit\\\/davidoff-malawi-dark-cavendish-pipe-tabac\\\/#breadcrumb\",\"itemListElement\":[{\"@type\":\"ListItem\",\"position\":1,\"name\":\"Startseite\",\"item\":\"https:\\\/\\\/www.tabakversand.ch\\\/\"},{\"@type\":\"ListItem\",\"position\":2,\"name\":\"Boutique\",\"item\":\"https:\\\/\\\/www.tabakversand.ch\\\/fr\\\/boutique\\\/\"},{\"@type\":\"ListItem\",\"position\":3,\"name\":\"Davidoff Malawi Dark Cavendish Pipe Tabac\"}]},{\"@type\":\"WebSite\",\"@id\":\"https:\\\/\\\/www.tabakversand.ch\\\/#website\",\"url\":\"https:\\\/\\\/www.tabakversand.ch\\\/\",\"name\":\"Tabakversand.ch | Alles aus der Welt des Tabaks\",\"description\":\"Smoke and carpe diem\",\"potentialAction\":[{\"@type\":\"SearchAction\",\"target\":{\"@type\":\"EntryPoint\",\"urlTemplate\":\"https:\\\/\\\/www.tabakversand.ch\\\/?s={search_term_string}\"},\"query-input\":{\"@type\":\"PropertyValueSpecification\",\"valueRequired\":true,\"valueName\":\"search_term_string\"}}],\"inLanguage\":\"fr-FR\"}]}<\/script>\n<!-- \/ Yoast SEO plugin. -->","yoast_head_json":{"title":"Davidoff Malawi Dark Cavendish Pipe Tabac - Tabakversand.ch | Alles aus der Welt des Tabaks","description":"Davidoff Malawi Dark Cavendish tabac pour la pipe | Le plus grand choix de produits du tabac en Suisse | Toutes les cartes accept\u00e9es !","robots":{"index":"index","follow":"follow","max-snippet":"max-snippet:-1","max-image-preview":"max-image-preview:large","max-video-preview":"max-video-preview:-1"},"canonical":"https:\/\/www.tabakversand.ch\/fr\/produit\/davidoff-malawi-dark-cavendish-pipe-tabac\/","og_locale":"fr_FR","og_type":"article","og_title":"Davidoff Malawi Dark Cavendish Pipe Tabac - Tabakversand.ch | Alles aus der Welt des Tabaks","og_description":"Davidoff Malawi Dark Cavendish tabac pour la pipe | Le plus grand choix de produits du tabac en Suisse | Toutes les cartes accept\u00e9es !","og_url":"https:\/\/www.tabakversand.ch\/fr\/produit\/davidoff-malawi-dark-cavendish-pipe-tabac\/","og_site_name":"Tabakversand.ch | Alles aus der Welt des Tabaks","article_modified_time":"2026-04-13T12:18:06+00:00","og_image":[{"width":500,"height":500,"url":"https:\/\/www.tabakversand.ch\/wp-content\/uploads\/2022\/03\/davidoff-malawi-dark-cavendish-pfeifentabak.jpg","type":"image\/jpeg"}],"twitter_card":"summary_large_image","twitter_misc":{"Dur\u00e9e de lecture estim\u00e9e":"1 minute"},"schema":{"@context":"https:\/\/schema.org","@graph":[{"@type":"WebPage","@id":"https:\/\/www.tabakversand.ch\/fr\/produit\/davidoff-malawi-dark-cavendish-pipe-tabac\/","url":"https:\/\/www.tabakversand.ch\/fr\/produit\/davidoff-malawi-dark-cavendish-pipe-tabac\/","name":"Davidoff Malawi Dark Cavendish Pipe Tabac - Tabakversand.ch | Alles aus der Welt des Tabaks","isPartOf":{"@id":"https:\/\/www.tabakversand.ch\/#website"},"primaryImageOfPage":{"@id":"https:\/\/www.tabakversand.ch\/fr\/produit\/davidoff-malawi-dark-cavendish-pipe-tabac\/#primaryimage"},"image":{"@id":"https:\/\/www.tabakversand.ch\/fr\/produit\/davidoff-malawi-dark-cavendish-pipe-tabac\/#primaryimage"},"thumbnailUrl":"https:\/\/www.tabakversand.ch\/wp-content\/uploads\/2022\/03\/davidoff-malawi-dark-cavendish-pfeifentabak.jpg","datePublished":"2022-04-02T09:04:25+00:00","dateModified":"2026-04-13T12:18:06+00:00","description":"Davidoff Malawi Dark Cavendish tabac pour la pipe | Le plus grand choix de produits du tabac en Suisse | Toutes les cartes accept\u00e9es !","breadcrumb":{"@id":"https:\/\/www.tabakversand.ch\/fr\/produit\/davidoff-malawi-dark-cavendish-pipe-tabac\/#breadcrumb"},"inLanguage":"fr-FR","potentialAction":[{"@type":"ReadAction","target":["https:\/\/www.tabakversand.ch\/fr\/produit\/davidoff-malawi-dark-cavendish-pipe-tabac\/"]}]},{"@type":"ImageObject","inLanguage":"fr-FR","@id":"https:\/\/www.tabakversand.ch\/fr\/produit\/davidoff-malawi-dark-cavendish-pipe-tabac\/#primaryimage","url":"https:\/\/www.tabakversand.ch\/wp-content\/uploads\/2022\/03\/davidoff-malawi-dark-cavendish-pfeifentabak.jpg","contentUrl":"https:\/\/www.tabakversand.ch\/wp-content\/uploads\/2022\/03\/davidoff-malawi-dark-cavendish-pfeifentabak.jpg","width":500,"height":500,"caption":"Davidoff Malawi Dark Cavendish Pipe Tabac"},{"@type":"BreadcrumbList","@id":"https:\/\/www.tabakversand.ch\/fr\/produit\/davidoff-malawi-dark-cavendish-pipe-tabac\/#breadcrumb","itemListElement":[{"@type":"ListItem","position":1,"name":"Startseite","item":"https:\/\/www.tabakversand.ch\/"},{"@type":"ListItem","position":2,"name":"Boutique","item":"https:\/\/www.tabakversand.ch\/fr\/boutique\/"},{"@type":"ListItem","position":3,"name":"Davidoff Malawi Dark Cavendish Pipe Tabac"}]},{"@type":"WebSite","@id":"https:\/\/www.tabakversand.ch\/#website","url":"https:\/\/www.tabakversand.ch\/","name":"Tabakversand.ch | Alles aus der Welt des Tabaks","description":"Smoke and carpe diem","potentialAction":[{"@type":"SearchAction","target":{"@type":"EntryPoint","urlTemplate":"https:\/\/www.tabakversand.ch\/?s={search_term_string}"},"query-input":{"@type":"PropertyValueSpecification","valueRequired":true,"valueName":"search_term_string"}}],"inLanguage":"fr-FR"}]}},"_links":{"self":[{"href":"https:\/\/www.tabakversand.ch\/fr\/wp-json\/wp\/v2\/product\/69101","targetHints":{"allow":["GET"]}}],"collection":[{"href":"https:\/\/www.tabakversand.ch\/fr\/wp-json\/wp\/v2\/product"}],"about":[{"href":"https:\/\/www.tabakversand.ch\/fr\/wp-json\/wp\/v2\/types\/product"}],"version-history":[{"count":2,"href":"https:\/\/www.tabakversand.ch\/fr\/wp-json\/wp\/v2\/product\/69101\/revisions"}],"predecessor-version":[{"id":199588,"href":"https:\/\/www.tabakversand.ch\/fr\/wp-json\/wp\/v2\/product\/69101\/revisions\/199588"}],"wp:featuredmedia":[{"embeddable":true,"href":"https:\/\/www.tabakversand.ch\/fr\/wp-json\/wp\/v2\/media\/69105"}],"wp:attachment":[{"href":"https:\/\/www.tabakversand.ch\/fr\/wp-json\/wp\/v2\/media?parent=69101"}],"wp:term":[{"taxonomy":"product_brand","embeddable":true,"href":"https:\/\/www.tabakversand.ch\/fr\/wp-json\/wp\/v2\/product_brand?post=69101"},{"taxonomy":"product_cat","embeddable":true,"href":"https:\/\/www.tabakversand.ch\/fr\/wp-json\/wp\/v2\/product_cat?post=69101"},{"taxonomy":"product_tag","embeddable":true,"href":"https:\/\/www.tabakversand.ch\/fr\/wp-json\/wp\/v2\/product_tag?post=69101"}],"curies":[{"name":"wp","href":"https:\/\/api.w.org\/{rel}","templated":true}]}}