{"id":69141,"date":"2022-04-02T11:04:25","date_gmt":"2022-04-02T09:04:25","guid":{"rendered":"http:\/\/www.tabakversand.ch\/produkt\/avo-classic-no-2-20-cigares-kistli\/"},"modified":"2022-04-27T16:02:03","modified_gmt":"2022-04-27T14:02:03","slug":"avo-classic-no-2-20er-kistli-cigares","status":"publish","type":"product","link":"https:\/\/www.tabakversand.ch\/fr\/produit\/avo-classic-no-2-20er-kistli-cigares\/","title":{"rendered":"AVO Classic No. 2 20 Cigares Kistli"},"content":{"rendered":"<h1>AVO Classic n\u00b02<\/h1>\n<h2>Cigares 20er Kistli<\/h2>\n<p>Ce cigare est la combinaison harmonieuse de deux l\u00e9gendes du cigare \u2013 Avo Uvezian et Master Blender Hendrik Kelner. Leur collaboration a conduit \u00e0 une exp\u00e9rience inoubliable d\u2019\u00e9quilibre, de plaisir et de go\u00fbt sp\u00e9cial. Ce m\u00e9lange invitant est compos\u00e9 de vari\u00e9t\u00e9s de tabac rares qui ont \u00e9t\u00e9 autoris\u00e9es \u00e0 m\u00fbrir pendant plus de 25 ans. Doux et velout\u00e9 avec une pointe de poivre.<\/p>\n<p>L\u2019AVO No. 2 est un cigare cors\u00e9 et tr\u00e8s aromatique de force moyenne avec une texture particuli\u00e8rement velout\u00e9e.<br \/>\nPAGE DE COUVERTURE: GRAINES DU CONNECTICUT, SOLEIL CULTIV\u00c9 EN<br \/>\nCOUVERTURE \u00c9QUATEUR: R\u00c9PUBLIQUE DOMINICAINE<br \/>\nINSERT: R\u00c9PUBLIQUE DOMINICAINE (SAN VINCENTE, OLOR, PILOTO)<br \/>\nINTENSIT\u00c9: \u25cf\u25d0\u25cb\u25cb\u25cb<\/p>\n<p>Format: Toro<br \/>\nDiam\u00e8tre: 2,0 cm<br \/>\nLongueur: 15,2 cm<\/p>\n<p>Tous les prix ne sont valables que pour les commandes en ligne et comprennent La TVA, sont sujettes \u00e0 changement plus la TVA. Frais d\u2019exp\u00e9dition. Erreurs, changements dans l\u2019\u00e9tendue de la livraison et de la conception, erreurs d\u2019impression et changements de prix r\u00e9serv\u00e9s. Les prix barr\u00e9s sont stattpreise. L\u2019illustration peut diff\u00e9rer de l\u2019original \/ de la port\u00e9e de la livraison.<br \/>\n*Livraison gratuite \u00e0 partir de CHF 250.- valeur de la commande.<\/p>\n","protected":false},"excerpt":{"rendered":"<p>AVO Classic n\u00b02 Cigares 20er Kistli Ce cigare est la combinaison harmonieuse de deux l\u00e9gendes du cigare \u2013 Avo Uvezian et Master Blender Hendrik Kelner. Leur collaboration a conduit \u00e0 une exp\u00e9rience inoubliable d\u2019\u00e9quilibre, de plaisir et de go\u00fbt sp\u00e9cial. Ce m\u00e9lange invitant est compos\u00e9 de vari\u00e9t\u00e9s de tabac rares qui ont \u00e9t\u00e9 autoris\u00e9es \u00e0 [&hellip;]<\/p>\n","protected":false},"featured_media":69145,"template":"","meta":[],"product_brand":[1530],"product_cat":[2469,2468,1993,1994,1992],"product_tag":[],"class_list":{"0":"post-69141","1":"product","2":"type-product","3":"status-publish","4":"has-post-thumbnail","6":"product_brand-avo-uvezian","7":"product_cat-avo-fr","8":"product_cat-avo-classique","9":"product_cat-cigares","10":"product_cat-monde-du-cigare","11":"product_cat-republique-dominicaine","13":"first","14":"onbackorder","15":"purchasable","16":"product-type-simple"},"yoast_head":"<!-- This site is optimized with the Yoast SEO plugin v27.5 - https:\/\/yoast.com\/product\/yoast-seo-wordpress\/ -->\n<title>AVO Classic No. 2 20 Cigares Kistli - Tabakversand.ch | Alles aus der Welt des Tabaks<\/title>\n<meta name=\"description\" content=\"AVO Classic No. 2 20er Kistli Cigares | La plus grande s\u00e9lection de produits du tabac de Suisse | Toutes les cartes sont accept\u00e9es!\" \/>\n<meta name=\"robots\" content=\"index, follow, max-snippet:-1, max-image-preview:large, max-video-preview:-1\" \/>\n<link rel=\"canonical\" href=\"https:\/\/www.tabakversand.ch\/fr\/produit\/avo-classic-no-2-20er-kistli-cigares\/\" \/>\n<meta property=\"og:locale\" content=\"fr_FR\" \/>\n<meta property=\"og:type\" content=\"article\" \/>\n<meta property=\"og:title\" content=\"AVO Classic No. 2 20 Cigares Kistli - Tabakversand.ch | Alles aus der Welt des Tabaks\" \/>\n<meta property=\"og:description\" content=\"AVO Classic No. 2 20er Kistli Cigares | La plus grande s\u00e9lection de produits du tabac de Suisse | Toutes les cartes sont accept\u00e9es!\" \/>\n<meta property=\"og:url\" content=\"https:\/\/www.tabakversand.ch\/fr\/produit\/avo-classic-no-2-20er-kistli-cigares\/\" \/>\n<meta property=\"og:site_name\" content=\"Tabakversand.ch | Alles aus der Welt des Tabaks\" \/>\n<meta property=\"article:modified_time\" content=\"2022-04-27T14:02:03+00:00\" \/>\n<meta property=\"og:image\" content=\"https:\/\/www.tabakversand.ch\/wp-content\/uploads\/2022\/03\/avo-classic-2-20-box.jpg\" \/>\n\t<meta property=\"og:image:width\" content=\"500\" \/>\n\t<meta property=\"og:image:height\" content=\"500\" \/>\n\t<meta property=\"og:image:type\" content=\"image\/jpeg\" \/>\n<meta name=\"twitter:card\" content=\"summary_large_image\" \/>\n<meta name=\"twitter:label1\" content=\"Dur\u00e9e de lecture estim\u00e9e\" \/>\n\t<meta name=\"twitter:data1\" content=\"1 minute\" \/>\n<script type=\"application\/ld+json\" class=\"yoast-schema-graph\">{\"@context\":\"https:\\\/\\\/schema.org\",\"@graph\":[{\"@type\":\"WebPage\",\"@id\":\"https:\\\/\\\/www.tabakversand.ch\\\/fr\\\/produit\\\/avo-classic-no-2-20er-kistli-cigares\\\/\",\"url\":\"https:\\\/\\\/www.tabakversand.ch\\\/fr\\\/produit\\\/avo-classic-no-2-20er-kistli-cigares\\\/\",\"name\":\"AVO Classic No. 2 20 Cigares Kistli - Tabakversand.ch | Alles aus der Welt des Tabaks\",\"isPartOf\":{\"@id\":\"https:\\\/\\\/www.tabakversand.ch\\\/#website\"},\"primaryImageOfPage\":{\"@id\":\"https:\\\/\\\/www.tabakversand.ch\\\/fr\\\/produit\\\/avo-classic-no-2-20er-kistli-cigares\\\/#primaryimage\"},\"image\":{\"@id\":\"https:\\\/\\\/www.tabakversand.ch\\\/fr\\\/produit\\\/avo-classic-no-2-20er-kistli-cigares\\\/#primaryimage\"},\"thumbnailUrl\":\"https:\\\/\\\/www.tabakversand.ch\\\/wp-content\\\/uploads\\\/2022\\\/03\\\/avo-classic-2-20-box.jpg\",\"datePublished\":\"2022-04-02T09:04:25+00:00\",\"dateModified\":\"2022-04-27T14:02:03+00:00\",\"description\":\"AVO Classic No. 2 20er Kistli Cigares | La plus grande s\u00e9lection de produits du tabac de Suisse | Toutes les cartes sont accept\u00e9es!\",\"breadcrumb\":{\"@id\":\"https:\\\/\\\/www.tabakversand.ch\\\/fr\\\/produit\\\/avo-classic-no-2-20er-kistli-cigares\\\/#breadcrumb\"},\"inLanguage\":\"fr-FR\",\"potentialAction\":[{\"@type\":\"ReadAction\",\"target\":[\"https:\\\/\\\/www.tabakversand.ch\\\/fr\\\/produit\\\/avo-classic-no-2-20er-kistli-cigares\\\/\"]}]},{\"@type\":\"ImageObject\",\"inLanguage\":\"fr-FR\",\"@id\":\"https:\\\/\\\/www.tabakversand.ch\\\/fr\\\/produit\\\/avo-classic-no-2-20er-kistli-cigares\\\/#primaryimage\",\"url\":\"https:\\\/\\\/www.tabakversand.ch\\\/wp-content\\\/uploads\\\/2022\\\/03\\\/avo-classic-2-20-box.jpg\",\"contentUrl\":\"https:\\\/\\\/www.tabakversand.ch\\\/wp-content\\\/uploads\\\/2022\\\/03\\\/avo-classic-2-20-box.jpg\",\"width\":500,\"height\":500,\"caption\":\"AVO Classic No. 2 20 Cigares Kistli\"},{\"@type\":\"BreadcrumbList\",\"@id\":\"https:\\\/\\\/www.tabakversand.ch\\\/fr\\\/produit\\\/avo-classic-no-2-20er-kistli-cigares\\\/#breadcrumb\",\"itemListElement\":[{\"@type\":\"ListItem\",\"position\":1,\"name\":\"Startseite\",\"item\":\"https:\\\/\\\/www.tabakversand.ch\\\/\"},{\"@type\":\"ListItem\",\"position\":2,\"name\":\"Boutique\",\"item\":\"https:\\\/\\\/www.tabakversand.ch\\\/fr\\\/boutique\\\/\"},{\"@type\":\"ListItem\",\"position\":3,\"name\":\"AVO Classic No. 2 20 Cigares Kistli\"}]},{\"@type\":\"WebSite\",\"@id\":\"https:\\\/\\\/www.tabakversand.ch\\\/#website\",\"url\":\"https:\\\/\\\/www.tabakversand.ch\\\/\",\"name\":\"Tabakversand.ch | Alles aus der Welt des Tabaks\",\"description\":\"Smoke and carpe diem\",\"potentialAction\":[{\"@type\":\"SearchAction\",\"target\":{\"@type\":\"EntryPoint\",\"urlTemplate\":\"https:\\\/\\\/www.tabakversand.ch\\\/?s={search_term_string}\"},\"query-input\":{\"@type\":\"PropertyValueSpecification\",\"valueRequired\":true,\"valueName\":\"search_term_string\"}}],\"inLanguage\":\"fr-FR\"}]}<\/script>\n<!-- \/ Yoast SEO plugin. -->","yoast_head_json":{"title":"AVO Classic No. 2 20 Cigares Kistli - Tabakversand.ch | Alles aus der Welt des Tabaks","description":"AVO Classic No. 2 20er Kistli Cigares | La plus grande s\u00e9lection de produits du tabac de Suisse | Toutes les cartes sont accept\u00e9es!","robots":{"index":"index","follow":"follow","max-snippet":"max-snippet:-1","max-image-preview":"max-image-preview:large","max-video-preview":"max-video-preview:-1"},"canonical":"https:\/\/www.tabakversand.ch\/fr\/produit\/avo-classic-no-2-20er-kistli-cigares\/","og_locale":"fr_FR","og_type":"article","og_title":"AVO Classic No. 2 20 Cigares Kistli - Tabakversand.ch | Alles aus der Welt des Tabaks","og_description":"AVO Classic No. 2 20er Kistli Cigares | La plus grande s\u00e9lection de produits du tabac de Suisse | Toutes les cartes sont accept\u00e9es!","og_url":"https:\/\/www.tabakversand.ch\/fr\/produit\/avo-classic-no-2-20er-kistli-cigares\/","og_site_name":"Tabakversand.ch | Alles aus der Welt des Tabaks","article_modified_time":"2022-04-27T14:02:03+00:00","og_image":[{"width":500,"height":500,"url":"https:\/\/www.tabakversand.ch\/wp-content\/uploads\/2022\/03\/avo-classic-2-20-box.jpg","type":"image\/jpeg"}],"twitter_card":"summary_large_image","twitter_misc":{"Dur\u00e9e de lecture estim\u00e9e":"1 minute"},"schema":{"@context":"https:\/\/schema.org","@graph":[{"@type":"WebPage","@id":"https:\/\/www.tabakversand.ch\/fr\/produit\/avo-classic-no-2-20er-kistli-cigares\/","url":"https:\/\/www.tabakversand.ch\/fr\/produit\/avo-classic-no-2-20er-kistli-cigares\/","name":"AVO Classic No. 2 20 Cigares Kistli - Tabakversand.ch | Alles aus der Welt des Tabaks","isPartOf":{"@id":"https:\/\/www.tabakversand.ch\/#website"},"primaryImageOfPage":{"@id":"https:\/\/www.tabakversand.ch\/fr\/produit\/avo-classic-no-2-20er-kistli-cigares\/#primaryimage"},"image":{"@id":"https:\/\/www.tabakversand.ch\/fr\/produit\/avo-classic-no-2-20er-kistli-cigares\/#primaryimage"},"thumbnailUrl":"https:\/\/www.tabakversand.ch\/wp-content\/uploads\/2022\/03\/avo-classic-2-20-box.jpg","datePublished":"2022-04-02T09:04:25+00:00","dateModified":"2022-04-27T14:02:03+00:00","description":"AVO Classic No. 2 20er Kistli Cigares | La plus grande s\u00e9lection de produits du tabac de Suisse | Toutes les cartes sont accept\u00e9es!","breadcrumb":{"@id":"https:\/\/www.tabakversand.ch\/fr\/produit\/avo-classic-no-2-20er-kistli-cigares\/#breadcrumb"},"inLanguage":"fr-FR","potentialAction":[{"@type":"ReadAction","target":["https:\/\/www.tabakversand.ch\/fr\/produit\/avo-classic-no-2-20er-kistli-cigares\/"]}]},{"@type":"ImageObject","inLanguage":"fr-FR","@id":"https:\/\/www.tabakversand.ch\/fr\/produit\/avo-classic-no-2-20er-kistli-cigares\/#primaryimage","url":"https:\/\/www.tabakversand.ch\/wp-content\/uploads\/2022\/03\/avo-classic-2-20-box.jpg","contentUrl":"https:\/\/www.tabakversand.ch\/wp-content\/uploads\/2022\/03\/avo-classic-2-20-box.jpg","width":500,"height":500,"caption":"AVO Classic No. 2 20 Cigares Kistli"},{"@type":"BreadcrumbList","@id":"https:\/\/www.tabakversand.ch\/fr\/produit\/avo-classic-no-2-20er-kistli-cigares\/#breadcrumb","itemListElement":[{"@type":"ListItem","position":1,"name":"Startseite","item":"https:\/\/www.tabakversand.ch\/"},{"@type":"ListItem","position":2,"name":"Boutique","item":"https:\/\/www.tabakversand.ch\/fr\/boutique\/"},{"@type":"ListItem","position":3,"name":"AVO Classic No. 2 20 Cigares Kistli"}]},{"@type":"WebSite","@id":"https:\/\/www.tabakversand.ch\/#website","url":"https:\/\/www.tabakversand.ch\/","name":"Tabakversand.ch | Alles aus der Welt des Tabaks","description":"Smoke and carpe diem","potentialAction":[{"@type":"SearchAction","target":{"@type":"EntryPoint","urlTemplate":"https:\/\/www.tabakversand.ch\/?s={search_term_string}"},"query-input":{"@type":"PropertyValueSpecification","valueRequired":true,"valueName":"search_term_string"}}],"inLanguage":"fr-FR"}]}},"_links":{"self":[{"href":"https:\/\/www.tabakversand.ch\/fr\/wp-json\/wp\/v2\/product\/69141","targetHints":{"allow":["GET"]}}],"collection":[{"href":"https:\/\/www.tabakversand.ch\/fr\/wp-json\/wp\/v2\/product"}],"about":[{"href":"https:\/\/www.tabakversand.ch\/fr\/wp-json\/wp\/v2\/types\/product"}],"version-history":[{"count":0,"href":"https:\/\/www.tabakversand.ch\/fr\/wp-json\/wp\/v2\/product\/69141\/revisions"}],"wp:featuredmedia":[{"embeddable":true,"href":"https:\/\/www.tabakversand.ch\/fr\/wp-json\/wp\/v2\/media\/69145"}],"wp:attachment":[{"href":"https:\/\/www.tabakversand.ch\/fr\/wp-json\/wp\/v2\/media?parent=69141"}],"wp:term":[{"taxonomy":"product_brand","embeddable":true,"href":"https:\/\/www.tabakversand.ch\/fr\/wp-json\/wp\/v2\/product_brand?post=69141"},{"taxonomy":"product_cat","embeddable":true,"href":"https:\/\/www.tabakversand.ch\/fr\/wp-json\/wp\/v2\/product_cat?post=69141"},{"taxonomy":"product_tag","embeddable":true,"href":"https:\/\/www.tabakversand.ch\/fr\/wp-json\/wp\/v2\/product_tag?post=69141"}],"curies":[{"name":"wp","href":"https:\/\/api.w.org\/{rel}","templated":true}]}}