{"id":69361,"date":"2022-04-02T11:02:56","date_gmt":"2022-04-02T09:02:56","guid":{"rendered":"http:\/\/www.tabakversand.ch\/produkt\/zippo-playboy-rhd-weave-briquet\/"},"modified":"2022-04-02T11:02:56","modified_gmt":"2022-04-02T09:02:56","slug":"zippo-playboy-rhd-weave-lighter","status":"publish","type":"product","link":"https:\/\/www.tabakversand.ch\/fr\/produit\/zippo-playboy-rhd-weave-lighter\/","title":{"rendered":"Zippo Playboy RHD Weave Briquet"},"content":{"rendered":"<p>Zippo Playboy street chrome briquet<\/p>\n<p>  Briquet Zippo original<br \/>  Taille: Pleine grandeur<br \/>  Emballage: Zippobox d\u2019origine<br \/>  Garantie: \u00c0 vie sur la m\u00e9canique (\u00e0 l\u2019exclusion des consommables et des surfaces)<br \/>  Fabriqu\u00e9 aux \u00c9tats-Unis<br \/>  &nbsp;<br \/>Tous les prix ne sont valables que pour les commandes en ligne et comprennent La TVA, sont sujettes \u00e0 changement plus la TVA. Frais d\u2019exp\u00e9dition. Erreurs, changements dans l\u2019\u00e9tendue de la livraison et de la conception, erreurs d\u2019impression et changements de prix r\u00e9serv\u00e9s. Les prix barr\u00e9s sont stattpreise. L\u2019illustration peut diff\u00e9rer de l\u2019original \/ de la port\u00e9e de la livraison.<br \/>\n*Livraison gratuite \u00e0 partir de CHF 250.- valeur de la commande.<\/p>\n","protected":false},"excerpt":{"rendered":"<p>Zippo Playboy street chrome briquet Briquet Zippo original Taille: Pleine grandeur Emballage: Zippobox d\u2019origine Garantie: \u00c0 vie sur la m\u00e9canique (\u00e0 l\u2019exclusion des consommables et des surfaces) Fabriqu\u00e9 aux \u00c9tats-Unis &nbsp;Tous les prix ne sont valables que pour les commandes en ligne et comprennent La TVA, sont sujettes \u00e0 changement plus la TVA. Frais d\u2019exp\u00e9dition. [&hellip;]<\/p>\n","protected":false},"featured_media":69366,"template":"","meta":[],"product_brand":[1567],"product_cat":[1927,1926,2073],"product_tag":[],"class_list":{"0":"post-69361","1":"product","2":"type-product","3":"status-publish","4":"has-post-thumbnail","6":"product_brand-zippo-feuerzeuge-und-acessoires","7":"product_cat-briquets","8":"product_cat-collections-de-briquets-zippo","9":"product_cat-zippo-playboy-fr","11":"first","12":"instock","13":"purchasable","14":"product-type-simple"},"yoast_head":"<!-- This site is optimized with the Yoast SEO plugin v27.0 - https:\/\/yoast.com\/product\/yoast-seo-wordpress\/ -->\n<title>Zippo Playboy RHD Weave Briquet - Tabakversand.ch | Alles aus der Welt des Tabaks<\/title>\n<meta name=\"robots\" content=\"index, follow, max-snippet:-1, max-image-preview:large, max-video-preview:-1\" \/>\n<link rel=\"canonical\" href=\"https:\/\/www.tabakversand.ch\/produit\/zippo-playboy-rhd-weave-feuerzeug\/\" \/>\n<meta property=\"og:locale\" content=\"fr_FR\" \/>\n<meta property=\"og:type\" content=\"article\" \/>\n<meta property=\"og:title\" content=\"Zippo Playboy RHD Weave Briquet - Tabakversand.ch | Alles aus der Welt des Tabaks\" \/>\n<meta property=\"og:description\" content=\"Zippo Playboy street chrome briquet Briquet Zippo original Taille: Pleine grandeur Emballage: Zippobox d\u2019origine Garantie: \u00c0 vie sur la m\u00e9canique (\u00e0 l\u2019exclusion des consommables et des surfaces) Fabriqu\u00e9 aux \u00c9tats-Unis &nbsp;Tous les prix ne sont valables que pour les commandes en ligne et comprennent La TVA, sont sujettes \u00e0 changement plus la TVA. Frais d\u2019exp\u00e9dition. [&hellip;]\" \/>\n<meta property=\"og:url\" content=\"https:\/\/www.tabakversand.ch\/produit\/zippo-playboy-rhd-weave-feuerzeug\/\" \/>\n<meta property=\"og:site_name\" content=\"Tabakversand.ch | Alles aus der Welt des Tabaks\" \/>\n<meta property=\"og:image\" content=\"https:\/\/www.tabakversand.ch\/wp-content\/uploads\/2022\/03\/zippo-playboy-rhd-weave.jpg\" \/>\n\t<meta property=\"og:image:width\" content=\"500\" \/>\n\t<meta property=\"og:image:height\" content=\"501\" \/>\n\t<meta property=\"og:image:type\" content=\"image\/jpeg\" \/>\n<meta name=\"twitter:card\" content=\"summary_large_image\" \/>\n<meta name=\"twitter:label1\" content=\"Dur\u00e9e de lecture estim\u00e9e\" \/>\n\t<meta name=\"twitter:data1\" content=\"1 minute\" \/>\n<script type=\"application\/ld+json\" class=\"yoast-schema-graph\">{\"@context\":\"https:\/\/schema.org\",\"@graph\":[{\"@type\":\"WebPage\",\"@id\":\"https:\/\/www.tabakversand.ch\/produit\/zippo-playboy-rhd-weave-feuerzeug\/\",\"url\":\"https:\/\/www.tabakversand.ch\/produit\/zippo-playboy-rhd-weave-feuerzeug\/\",\"name\":\"Zippo Playboy RHD Weave Briquet - Tabakversand.ch | Alles aus der Welt des Tabaks\",\"isPartOf\":{\"@id\":\"https:\/\/www.tabakversand.ch\/#website\"},\"primaryImageOfPage\":{\"@id\":\"https:\/\/www.tabakversand.ch\/produit\/zippo-playboy-rhd-weave-feuerzeug\/#primaryimage\"},\"image\":{\"@id\":\"https:\/\/www.tabakversand.ch\/produit\/zippo-playboy-rhd-weave-feuerzeug\/#primaryimage\"},\"thumbnailUrl\":\"https:\/\/www.tabakversand.ch\/wp-content\/uploads\/2022\/03\/zippo-playboy-rhd-weave.jpg\",\"datePublished\":\"2022-04-02T09:02:56+00:00\",\"breadcrumb\":{\"@id\":\"https:\/\/www.tabakversand.ch\/produit\/zippo-playboy-rhd-weave-feuerzeug\/#breadcrumb\"},\"inLanguage\":\"fr-FR\",\"potentialAction\":[{\"@type\":\"ReadAction\",\"target\":[\"https:\/\/www.tabakversand.ch\/produit\/zippo-playboy-rhd-weave-feuerzeug\/\"]}]},{\"@type\":\"ImageObject\",\"inLanguage\":\"fr-FR\",\"@id\":\"https:\/\/www.tabakversand.ch\/produit\/zippo-playboy-rhd-weave-feuerzeug\/#primaryimage\",\"url\":\"https:\/\/www.tabakversand.ch\/wp-content\/uploads\/2022\/03\/zippo-playboy-rhd-weave.jpg\",\"contentUrl\":\"https:\/\/www.tabakversand.ch\/wp-content\/uploads\/2022\/03\/zippo-playboy-rhd-weave.jpg\",\"width\":500,\"height\":501,\"caption\":\"Zippo Playboy RHD Weave Briquet\"},{\"@type\":\"BreadcrumbList\",\"@id\":\"https:\/\/www.tabakversand.ch\/produit\/zippo-playboy-rhd-weave-feuerzeug\/#breadcrumb\",\"itemListElement\":[{\"@type\":\"ListItem\",\"position\":1,\"name\":\"Startseite\",\"item\":\"https:\/\/www.tabakversand.ch\/\"},{\"@type\":\"ListItem\",\"position\":2,\"name\":\"Boutique\",\"item\":\"https:\/\/www.tabakversand.ch\/fr\/boutique\/\"},{\"@type\":\"ListItem\",\"position\":3,\"name\":\"Zippo Playboy RHD Weave Briquet\"}]},{\"@type\":\"WebSite\",\"@id\":\"https:\/\/www.tabakversand.ch\/#website\",\"url\":\"https:\/\/www.tabakversand.ch\/\",\"name\":\"Tabakversand.ch | Alles aus der Welt des Tabaks\",\"description\":\"Smoke and carpe diem\",\"potentialAction\":[{\"@type\":\"SearchAction\",\"target\":{\"@type\":\"EntryPoint\",\"urlTemplate\":\"https:\/\/www.tabakversand.ch\/?s={search_term_string}\"},\"query-input\":{\"@type\":\"PropertyValueSpecification\",\"valueRequired\":true,\"valueName\":\"search_term_string\"}}],\"inLanguage\":\"fr-FR\"}]}<\/script>\n<!-- \/ Yoast SEO plugin. -->","yoast_head_json":{"title":"Zippo Playboy RHD Weave Briquet - Tabakversand.ch | Alles aus der Welt des Tabaks","robots":{"index":"index","follow":"follow","max-snippet":"max-snippet:-1","max-image-preview":"max-image-preview:large","max-video-preview":"max-video-preview:-1"},"canonical":"https:\/\/www.tabakversand.ch\/produit\/zippo-playboy-rhd-weave-feuerzeug\/","og_locale":"fr_FR","og_type":"article","og_title":"Zippo Playboy RHD Weave Briquet - Tabakversand.ch | Alles aus der Welt des Tabaks","og_description":"Zippo Playboy street chrome briquet Briquet Zippo original Taille: Pleine grandeur Emballage: Zippobox d\u2019origine Garantie: \u00c0 vie sur la m\u00e9canique (\u00e0 l\u2019exclusion des consommables et des surfaces) Fabriqu\u00e9 aux \u00c9tats-Unis &nbsp;Tous les prix ne sont valables que pour les commandes en ligne et comprennent La TVA, sont sujettes \u00e0 changement plus la TVA. Frais d\u2019exp\u00e9dition. [&hellip;]","og_url":"https:\/\/www.tabakversand.ch\/produit\/zippo-playboy-rhd-weave-feuerzeug\/","og_site_name":"Tabakversand.ch | Alles aus der Welt des Tabaks","og_image":[{"width":500,"height":501,"url":"https:\/\/www.tabakversand.ch\/wp-content\/uploads\/2022\/03\/zippo-playboy-rhd-weave.jpg","type":"image\/jpeg"}],"twitter_card":"summary_large_image","twitter_misc":{"Dur\u00e9e de lecture estim\u00e9e":"1 minute"},"schema":{"@context":"https:\/\/schema.org","@graph":[{"@type":"WebPage","@id":"https:\/\/www.tabakversand.ch\/produit\/zippo-playboy-rhd-weave-feuerzeug\/","url":"https:\/\/www.tabakversand.ch\/produit\/zippo-playboy-rhd-weave-feuerzeug\/","name":"Zippo Playboy RHD Weave Briquet - Tabakversand.ch | Alles aus der Welt des Tabaks","isPartOf":{"@id":"https:\/\/www.tabakversand.ch\/#website"},"primaryImageOfPage":{"@id":"https:\/\/www.tabakversand.ch\/produit\/zippo-playboy-rhd-weave-feuerzeug\/#primaryimage"},"image":{"@id":"https:\/\/www.tabakversand.ch\/produit\/zippo-playboy-rhd-weave-feuerzeug\/#primaryimage"},"thumbnailUrl":"https:\/\/www.tabakversand.ch\/wp-content\/uploads\/2022\/03\/zippo-playboy-rhd-weave.jpg","datePublished":"2022-04-02T09:02:56+00:00","breadcrumb":{"@id":"https:\/\/www.tabakversand.ch\/produit\/zippo-playboy-rhd-weave-feuerzeug\/#breadcrumb"},"inLanguage":"fr-FR","potentialAction":[{"@type":"ReadAction","target":["https:\/\/www.tabakversand.ch\/produit\/zippo-playboy-rhd-weave-feuerzeug\/"]}]},{"@type":"ImageObject","inLanguage":"fr-FR","@id":"https:\/\/www.tabakversand.ch\/produit\/zippo-playboy-rhd-weave-feuerzeug\/#primaryimage","url":"https:\/\/www.tabakversand.ch\/wp-content\/uploads\/2022\/03\/zippo-playboy-rhd-weave.jpg","contentUrl":"https:\/\/www.tabakversand.ch\/wp-content\/uploads\/2022\/03\/zippo-playboy-rhd-weave.jpg","width":500,"height":501,"caption":"Zippo Playboy RHD Weave Briquet"},{"@type":"BreadcrumbList","@id":"https:\/\/www.tabakversand.ch\/produit\/zippo-playboy-rhd-weave-feuerzeug\/#breadcrumb","itemListElement":[{"@type":"ListItem","position":1,"name":"Startseite","item":"https:\/\/www.tabakversand.ch\/"},{"@type":"ListItem","position":2,"name":"Boutique","item":"https:\/\/www.tabakversand.ch\/fr\/boutique\/"},{"@type":"ListItem","position":3,"name":"Zippo Playboy RHD Weave Briquet"}]},{"@type":"WebSite","@id":"https:\/\/www.tabakversand.ch\/#website","url":"https:\/\/www.tabakversand.ch\/","name":"Tabakversand.ch | Alles aus der Welt des Tabaks","description":"Smoke and carpe diem","potentialAction":[{"@type":"SearchAction","target":{"@type":"EntryPoint","urlTemplate":"https:\/\/www.tabakversand.ch\/?s={search_term_string}"},"query-input":{"@type":"PropertyValueSpecification","valueRequired":true,"valueName":"search_term_string"}}],"inLanguage":"fr-FR"}]}},"_links":{"self":[{"href":"https:\/\/www.tabakversand.ch\/fr\/wp-json\/wp\/v2\/product\/69361","targetHints":{"allow":["GET"]}}],"collection":[{"href":"https:\/\/www.tabakversand.ch\/fr\/wp-json\/wp\/v2\/product"}],"about":[{"href":"https:\/\/www.tabakversand.ch\/fr\/wp-json\/wp\/v2\/types\/product"}],"version-history":[{"count":0,"href":"https:\/\/www.tabakversand.ch\/fr\/wp-json\/wp\/v2\/product\/69361\/revisions"}],"wp:featuredmedia":[{"embeddable":true,"href":"https:\/\/www.tabakversand.ch\/fr\/wp-json\/wp\/v2\/media\/69366"}],"wp:attachment":[{"href":"https:\/\/www.tabakversand.ch\/fr\/wp-json\/wp\/v2\/media?parent=69361"}],"wp:term":[{"taxonomy":"product_brand","embeddable":true,"href":"https:\/\/www.tabakversand.ch\/fr\/wp-json\/wp\/v2\/product_brand?post=69361"},{"taxonomy":"product_cat","embeddable":true,"href":"https:\/\/www.tabakversand.ch\/fr\/wp-json\/wp\/v2\/product_cat?post=69361"},{"taxonomy":"product_tag","embeddable":true,"href":"https:\/\/www.tabakversand.ch\/fr\/wp-json\/wp\/v2\/product_tag?post=69361"}],"curies":[{"name":"wp","href":"https:\/\/api.w.org\/{rel}","templated":true}]}}