{"id":69414,"date":"2022-04-02T11:02:38","date_gmt":"2022-04-02T09:02:38","guid":{"rendered":"http:\/\/www.tabakversand.ch\/produkt\/wellauer-fleur-du-roi-no1-shag-250gr-tabac-a-cigarettes\/"},"modified":"2025-10-29T17:45:06","modified_gmt":"2025-10-29T16:45:06","slug":"wellauer-fleur-du-roi-no1-shag-250gr-cigarette-tabac","status":"publish","type":"product","link":"https:\/\/www.tabakversand.ch\/fr\/produit\/wellauer-fleur-du-roi-no1-shag-250gr-cigarette-tabac\/","title":{"rendered":"Wellauer Fleur du Roi No1 Shag 250gr. Tabac \u00e0 cigarettes"},"content":{"rendered":"<p>Wellauer Fleur du Roi No1 Shag 250gr. Tabac \u00e0 cigarettes<\/p>\n<p>1 canette<br \/>\n Tabac \u00e0 rouler et \u00e0 farcir<\/p>\n<p>Un tabac 100% naturellement brillant sans additifs ni humectants. Un l\u00e9ger mais<br \/>\n toujours un m\u00e9lange aromatique. Tabac orange fonc\u00e9 avec un peu plus de \u00ab&nbsp;caract\u00e8re&nbsp;\u00bb que le Wellauer Blond. Gr\u00e2ce au m\u00e9lange de feuilles de tabac s\u00e9ch\u00e9es au soleil et \u00e0 l\u2019\u00e9quilibre parfait entre les feuilles s\u00e9ch\u00e9es \u00e0 la fum\u00e9e et les feuilles s\u00e9ch\u00e9es \u00e0 l\u2019air. Les feuilles de tabac proviennent du Zimbabwe, d\u2019Italie, du Malawi et de Belgique.<\/p>\n<p>Tous les prix s&rsquo;appliquent uniquement aux commandes en ligne et incluent la TVA. Sous r\u00e9serve de modifications sans pr\u00e9avis, frais de livraison en sus. Sous r\u00e9serve d&rsquo;erreurs, de modifications de contenu de livraison et de conception, de fautes d&rsquo;impression et de modifications de prix. Les prix barr\u00e9s sont des prix de remplacement. Les illustrations peuvent diff\u00e9rer de l&rsquo;original\/du contenu de livraison.<br \/>\n*Livraison gratuite pour les commandes sup\u00e9rieures \u00e0 CHF 250.-.<\/p>\n","protected":false},"excerpt":{"rendered":"<p>Wellauer Fleur du Roi No1 Shag 250gr. Tabac \u00e0 cigarettes 1 canette Tabac \u00e0 rouler et \u00e0 farcir Un tabac 100% naturellement brillant sans additifs ni humectants. Un l\u00e9ger mais toujours un m\u00e9lange aromatique. Tabac orange fonc\u00e9 avec un peu plus de \u00ab&nbsp;caract\u00e8re&nbsp;\u00bb que le Wellauer Blond. Gr\u00e2ce au m\u00e9lange de feuilles de tabac s\u00e9ch\u00e9es [&hellip;]<\/p>\n","protected":false},"featured_media":201629,"template":"","meta":[],"product_brand":[1483],"product_cat":[1961,1888,1963,1964],"product_tag":[],"class_list":{"0":"post-69414","1":"product","2":"type-product","3":"status-publish","4":"has-post-thumbnail","6":"product_brand-wellauer-feinschnitt","7":"product_cat-cigarettes-self-made-fr-2","8":"product_cat-tabac","9":"product_cat-tabac-a-cigarettes","10":"product_cat-tabac-a-cigarettes-fr","12":"first","13":"onbackorder","14":"purchasable","15":"product-type-simple"},"yoast_head":"<!-- This site is optimized with the Yoast SEO plugin v27.5 - https:\/\/yoast.com\/product\/yoast-seo-wordpress\/ -->\n<title>Wellauer Fleur du Roi No1 Shag 250gr. Tabac \u00e0 cigarettes<\/title>\n<meta name=\"description\" content=\"Wellauer Fleur du Roi No1 Shag 250gr. Tabac \u00e0 cigarettes | Un tr\u00e8s grand choix de produits du tabac et d\u2019accessoires dans toute la Suisse | Cartes accept\u00e9es!\" \/>\n<meta name=\"robots\" content=\"index, follow, max-snippet:-1, max-image-preview:large, max-video-preview:-1\" \/>\n<link rel=\"canonical\" href=\"https:\/\/www.tabakversand.ch\/produit\/wellauer-fleur-du-roi-no1-shag-250gr-zigarettentabak\/\" \/>\n<meta property=\"og:locale\" content=\"fr_FR\" \/>\n<meta property=\"og:type\" content=\"article\" \/>\n<meta property=\"og:title\" content=\"Wellauer Fleur du Roi No1 Shag 250gr. Tabac \u00e0 cigarettes\" \/>\n<meta property=\"og:description\" content=\"Wellauer Fleur du Roi No1 Shag 250gr. Tabac \u00e0 cigarettes | Un tr\u00e8s grand choix de produits du tabac et d\u2019accessoires dans toute la Suisse | Cartes accept\u00e9es!\" \/>\n<meta property=\"og:url\" content=\"https:\/\/www.tabakversand.ch\/produit\/wellauer-fleur-du-roi-no1-shag-250gr-zigarettentabak\/\" \/>\n<meta property=\"og:site_name\" content=\"Tabakversand.ch | Alles aus der Welt des Tabaks\" \/>\n<meta property=\"article:modified_time\" content=\"2025-10-29T16:45:06+00:00\" \/>\n<meta property=\"og:image\" content=\"https:\/\/www.tabakversand.ch\/wp-content\/uploads\/2022\/03\/wellauer-fleur-du-roi-1-tobacco-dose-250_tat.jpg\" \/>\n\t<meta property=\"og:image:width\" content=\"500\" \/>\n\t<meta property=\"og:image:height\" content=\"500\" \/>\n\t<meta property=\"og:image:type\" content=\"image\/jpeg\" \/>\n<meta name=\"twitter:card\" content=\"summary_large_image\" \/>\n<meta name=\"twitter:label1\" content=\"Dur\u00e9e de lecture estim\u00e9e\" \/>\n\t<meta name=\"twitter:data1\" content=\"1 minute\" \/>\n<script type=\"application\/ld+json\" class=\"yoast-schema-graph\">{\"@context\":\"https:\\\/\\\/schema.org\",\"@graph\":[{\"@type\":\"WebPage\",\"@id\":\"https:\\\/\\\/www.tabakversand.ch\\\/produit\\\/wellauer-fleur-du-roi-no1-shag-250gr-zigarettentabak\\\/\",\"url\":\"https:\\\/\\\/www.tabakversand.ch\\\/produit\\\/wellauer-fleur-du-roi-no1-shag-250gr-zigarettentabak\\\/\",\"name\":\"Wellauer Fleur du Roi No1 Shag 250gr. Tabac \u00e0 cigarettes\",\"isPartOf\":{\"@id\":\"https:\\\/\\\/www.tabakversand.ch\\\/#website\"},\"primaryImageOfPage\":{\"@id\":\"https:\\\/\\\/www.tabakversand.ch\\\/produit\\\/wellauer-fleur-du-roi-no1-shag-250gr-zigarettentabak\\\/#primaryimage\"},\"image\":{\"@id\":\"https:\\\/\\\/www.tabakversand.ch\\\/produit\\\/wellauer-fleur-du-roi-no1-shag-250gr-zigarettentabak\\\/#primaryimage\"},\"thumbnailUrl\":\"https:\\\/\\\/www.tabakversand.ch\\\/wp-content\\\/uploads\\\/2022\\\/04\\\/wellauer-fleur-du-roi-1-250-.jpg\",\"datePublished\":\"2022-04-02T09:02:38+00:00\",\"dateModified\":\"2025-10-29T16:45:06+00:00\",\"description\":\"Wellauer Fleur du Roi No1 Shag 250gr. Tabac \u00e0 cigarettes | Un tr\u00e8s grand choix de produits du tabac et d\u2019accessoires dans toute la Suisse | Cartes accept\u00e9es!\",\"breadcrumb\":{\"@id\":\"https:\\\/\\\/www.tabakversand.ch\\\/produit\\\/wellauer-fleur-du-roi-no1-shag-250gr-zigarettentabak\\\/#breadcrumb\"},\"inLanguage\":\"fr-FR\",\"potentialAction\":[{\"@type\":\"ReadAction\",\"target\":[\"https:\\\/\\\/www.tabakversand.ch\\\/produit\\\/wellauer-fleur-du-roi-no1-shag-250gr-zigarettentabak\\\/\"]}]},{\"@type\":\"ImageObject\",\"inLanguage\":\"fr-FR\",\"@id\":\"https:\\\/\\\/www.tabakversand.ch\\\/produit\\\/wellauer-fleur-du-roi-no1-shag-250gr-zigarettentabak\\\/#primaryimage\",\"url\":\"https:\\\/\\\/www.tabakversand.ch\\\/wp-content\\\/uploads\\\/2022\\\/04\\\/wellauer-fleur-du-roi-1-250-.jpg\",\"contentUrl\":\"https:\\\/\\\/www.tabakversand.ch\\\/wp-content\\\/uploads\\\/2022\\\/04\\\/wellauer-fleur-du-roi-1-250-.jpg\",\"width\":500,\"height\":500,\"caption\":\"Wellauer Fleur du Roi No1 Shag 250gr. Zigarettentabak\"},{\"@type\":\"BreadcrumbList\",\"@id\":\"https:\\\/\\\/www.tabakversand.ch\\\/produit\\\/wellauer-fleur-du-roi-no1-shag-250gr-zigarettentabak\\\/#breadcrumb\",\"itemListElement\":[{\"@type\":\"ListItem\",\"position\":1,\"name\":\"Startseite\",\"item\":\"https:\\\/\\\/www.tabakversand.ch\\\/\"},{\"@type\":\"ListItem\",\"position\":2,\"name\":\"Boutique\",\"item\":\"https:\\\/\\\/www.tabakversand.ch\\\/fr\\\/boutique\\\/\"},{\"@type\":\"ListItem\",\"position\":3,\"name\":\"Wellauer Fleur du Roi No1 Shag 250gr. Tabac \u00e0 cigarettes\"}]},{\"@type\":\"WebSite\",\"@id\":\"https:\\\/\\\/www.tabakversand.ch\\\/#website\",\"url\":\"https:\\\/\\\/www.tabakversand.ch\\\/\",\"name\":\"Tabakversand.ch | Alles aus der Welt des Tabaks\",\"description\":\"Smoke and carpe diem\",\"potentialAction\":[{\"@type\":\"SearchAction\",\"target\":{\"@type\":\"EntryPoint\",\"urlTemplate\":\"https:\\\/\\\/www.tabakversand.ch\\\/?s={search_term_string}\"},\"query-input\":{\"@type\":\"PropertyValueSpecification\",\"valueRequired\":true,\"valueName\":\"search_term_string\"}}],\"inLanguage\":\"fr-FR\"}]}<\/script>\n<!-- \/ Yoast SEO plugin. -->","yoast_head_json":{"title":"Wellauer Fleur du Roi No1 Shag 250gr. Tabac \u00e0 cigarettes","description":"Wellauer Fleur du Roi No1 Shag 250gr. Tabac \u00e0 cigarettes | Un tr\u00e8s grand choix de produits du tabac et d\u2019accessoires dans toute la Suisse | Cartes accept\u00e9es!","robots":{"index":"index","follow":"follow","max-snippet":"max-snippet:-1","max-image-preview":"max-image-preview:large","max-video-preview":"max-video-preview:-1"},"canonical":"https:\/\/www.tabakversand.ch\/produit\/wellauer-fleur-du-roi-no1-shag-250gr-zigarettentabak\/","og_locale":"fr_FR","og_type":"article","og_title":"Wellauer Fleur du Roi No1 Shag 250gr. Tabac \u00e0 cigarettes","og_description":"Wellauer Fleur du Roi No1 Shag 250gr. Tabac \u00e0 cigarettes | Un tr\u00e8s grand choix de produits du tabac et d\u2019accessoires dans toute la Suisse | Cartes accept\u00e9es!","og_url":"https:\/\/www.tabakversand.ch\/produit\/wellauer-fleur-du-roi-no1-shag-250gr-zigarettentabak\/","og_site_name":"Tabakversand.ch | Alles aus der Welt des Tabaks","article_modified_time":"2025-10-29T16:45:06+00:00","og_image":[{"width":500,"height":500,"url":"https:\/\/www.tabakversand.ch\/wp-content\/uploads\/2022\/03\/wellauer-fleur-du-roi-1-tobacco-dose-250_tat.jpg","type":"image\/jpeg"}],"twitter_card":"summary_large_image","twitter_misc":{"Dur\u00e9e de lecture estim\u00e9e":"1 minute"},"schema":{"@context":"https:\/\/schema.org","@graph":[{"@type":"WebPage","@id":"https:\/\/www.tabakversand.ch\/produit\/wellauer-fleur-du-roi-no1-shag-250gr-zigarettentabak\/","url":"https:\/\/www.tabakversand.ch\/produit\/wellauer-fleur-du-roi-no1-shag-250gr-zigarettentabak\/","name":"Wellauer Fleur du Roi No1 Shag 250gr. Tabac \u00e0 cigarettes","isPartOf":{"@id":"https:\/\/www.tabakversand.ch\/#website"},"primaryImageOfPage":{"@id":"https:\/\/www.tabakversand.ch\/produit\/wellauer-fleur-du-roi-no1-shag-250gr-zigarettentabak\/#primaryimage"},"image":{"@id":"https:\/\/www.tabakversand.ch\/produit\/wellauer-fleur-du-roi-no1-shag-250gr-zigarettentabak\/#primaryimage"},"thumbnailUrl":"https:\/\/www.tabakversand.ch\/wp-content\/uploads\/2022\/04\/wellauer-fleur-du-roi-1-250-.jpg","datePublished":"2022-04-02T09:02:38+00:00","dateModified":"2025-10-29T16:45:06+00:00","description":"Wellauer Fleur du Roi No1 Shag 250gr. Tabac \u00e0 cigarettes | Un tr\u00e8s grand choix de produits du tabac et d\u2019accessoires dans toute la Suisse | Cartes accept\u00e9es!","breadcrumb":{"@id":"https:\/\/www.tabakversand.ch\/produit\/wellauer-fleur-du-roi-no1-shag-250gr-zigarettentabak\/#breadcrumb"},"inLanguage":"fr-FR","potentialAction":[{"@type":"ReadAction","target":["https:\/\/www.tabakversand.ch\/produit\/wellauer-fleur-du-roi-no1-shag-250gr-zigarettentabak\/"]}]},{"@type":"ImageObject","inLanguage":"fr-FR","@id":"https:\/\/www.tabakversand.ch\/produit\/wellauer-fleur-du-roi-no1-shag-250gr-zigarettentabak\/#primaryimage","url":"https:\/\/www.tabakversand.ch\/wp-content\/uploads\/2022\/04\/wellauer-fleur-du-roi-1-250-.jpg","contentUrl":"https:\/\/www.tabakversand.ch\/wp-content\/uploads\/2022\/04\/wellauer-fleur-du-roi-1-250-.jpg","width":500,"height":500,"caption":"Wellauer Fleur du Roi No1 Shag 250gr. Zigarettentabak"},{"@type":"BreadcrumbList","@id":"https:\/\/www.tabakversand.ch\/produit\/wellauer-fleur-du-roi-no1-shag-250gr-zigarettentabak\/#breadcrumb","itemListElement":[{"@type":"ListItem","position":1,"name":"Startseite","item":"https:\/\/www.tabakversand.ch\/"},{"@type":"ListItem","position":2,"name":"Boutique","item":"https:\/\/www.tabakversand.ch\/fr\/boutique\/"},{"@type":"ListItem","position":3,"name":"Wellauer Fleur du Roi No1 Shag 250gr. Tabac \u00e0 cigarettes"}]},{"@type":"WebSite","@id":"https:\/\/www.tabakversand.ch\/#website","url":"https:\/\/www.tabakversand.ch\/","name":"Tabakversand.ch | Alles aus der Welt des Tabaks","description":"Smoke and carpe diem","potentialAction":[{"@type":"SearchAction","target":{"@type":"EntryPoint","urlTemplate":"https:\/\/www.tabakversand.ch\/?s={search_term_string}"},"query-input":{"@type":"PropertyValueSpecification","valueRequired":true,"valueName":"search_term_string"}}],"inLanguage":"fr-FR"}]}},"_links":{"self":[{"href":"https:\/\/www.tabakversand.ch\/fr\/wp-json\/wp\/v2\/product\/69414","targetHints":{"allow":["GET"]}}],"collection":[{"href":"https:\/\/www.tabakversand.ch\/fr\/wp-json\/wp\/v2\/product"}],"about":[{"href":"https:\/\/www.tabakversand.ch\/fr\/wp-json\/wp\/v2\/types\/product"}],"version-history":[{"count":3,"href":"https:\/\/www.tabakversand.ch\/fr\/wp-json\/wp\/v2\/product\/69414\/revisions"}],"predecessor-version":[{"id":195947,"href":"https:\/\/www.tabakversand.ch\/fr\/wp-json\/wp\/v2\/product\/69414\/revisions\/195947"}],"wp:featuredmedia":[{"embeddable":true,"href":"https:\/\/www.tabakversand.ch\/fr\/wp-json\/wp\/v2\/media\/201629"}],"wp:attachment":[{"href":"https:\/\/www.tabakversand.ch\/fr\/wp-json\/wp\/v2\/media?parent=69414"}],"wp:term":[{"taxonomy":"product_brand","embeddable":true,"href":"https:\/\/www.tabakversand.ch\/fr\/wp-json\/wp\/v2\/product_brand?post=69414"},{"taxonomy":"product_cat","embeddable":true,"href":"https:\/\/www.tabakversand.ch\/fr\/wp-json\/wp\/v2\/product_cat?post=69414"},{"taxonomy":"product_tag","embeddable":true,"href":"https:\/\/www.tabakversand.ch\/fr\/wp-json\/wp\/v2\/product_tag?post=69414"}],"curies":[{"name":"wp","href":"https:\/\/api.w.org\/{rel}","templated":true}]}}